{"id":3814,"date":"2024-09-20T05:53:37","date_gmt":"2024-09-20T05:53:37","guid":{"rendered":"https:\/\/legitgrams.com\/?post_type=product&#038;p=3814"},"modified":"2025-01-14T10:26:58","modified_gmt":"2025-01-14T10:26:58","slug":"rendeles-pink-kush-aaaaaaa","status":"publish","type":"product","link":"https:\/\/legitgrams.com\/hu\/termek\/rendeles-pink-kush-aaaaaaa\/","title":{"rendered":"Rendel\u00e9s Pink Kush (AAAAA)"},"content":{"rendered":"<h2>Pink Kush online v\u00e1s\u00e1rl\u00e1sa (Aaa)s<\/h2>\n<p><a href=\"https:\/\/legitgrams.com\/hu\/termek\/rendeles-pink-kush-aaaaaaa\/\">Pink Kush<\/a> egy hibrid t\u00f6rzs, amely er\u0151s vagy b\u00e9n\u00edt\u00f3 hat\u00e1s\u00fa; a csendes-\u00f3ce\u00e1ni \u00e9szaknyugaton \u00e9s Kanad\u00e1ban ismert. Fontos megjegyezni, hogy ez a t\u00f6rzs 24% ThC-t tartalmaz, mert m\u00e9g a magas toleranci\u00e1val rendelkez\u0151 felhaszn\u00e1l\u00f3k is arr\u00f3l sz\u00e1molnak be, hogy meglehet\u0151sen er\u0151snek \u00e9s m\u00e1morosnak \u00e9rzik magukat. B\u00e1r pontos eredete bizonytalan, ez a nyugati parti legenda feltehet\u0151en ugyanabb\u00f3l a kannabiszt\u00f6rzsb\u0151l sz\u00e1rmazik, mint az eredeti OG Kush, amely relax\u00e1l\u00f3 \u00e9s gy\u00f3gy\u00edt\u00f3 tulajdons\u00e1gair\u00f3l ismert. A Pink Kush n\u00e9ven ismert magas n\u00f6v\u00e9ny k\u00fcl\u00f6nleges, mivel olyan feldobotts\u00e1got, inspir\u00e1ci\u00f3t \u00e9s kacag\u00e1st mutat, amely minden stresszt \u00e9s szorong\u00e1st eloszlat, m\u00e9g akkor is, ha egy hibridr\u0151l van sz\u00f3, amelyben az Indica domin\u00e1l.<\/p>\n<p>K\u00e9sz\u00fclj fel a robusztus, s\u00falyos magass\u00e1gokra. A Pink Kush hegye azonnal lelass\u00edtja az agyat, majd nyugodt\u00e1 \u00e9s pihentet\u0151v\u00e9 v\u00e1lik, seg\u00edt a f\u00e1jdalom, migr\u00e9n, \u00e1lmatlans\u00e1g \u00e9s h\u00e1nyinger eset\u00e9n. A g\u00e1z rajong\u00f3i \u00e9rt\u00e9kelni fogj\u00e1k a Pink Kush-t, mert er\u0151s d\u00edzel \u00e9s g\u00e1zolaj felhangjai \u00e9des \u00e9s feny\u0151 jegyekkel p\u00e1rosulnak mind illatban, mind \u00edzben. <a href=\"https:\/\/legitgrams.com\/hu\/\">LegitGrams<\/a><\/p>\n<p>Pink Kush online v\u00e1s\u00e1rl\u00e1sa: Kush v\u00e1s\u00e1rl\u00e1s, Kush v\u00e1s\u00e1rl\u00e1s, Kush v\u00e1s\u00e1rl\u00e1s online, Hol lehet megv\u00e1s\u00e1rolni a Pink Kush, Pink Kush elad\u00f3, Kush elad\u00f3, Kush v\u00e1s\u00e1rl\u00e1s online, Hol lehet megv\u00e1s\u00e1rolni a Pink Kush, Pink Kush elad\u00f3 az USA-ban, Kanad\u00e1ban, az Egyes\u00fclt Kir\u00e1lys\u00e1gban, v\u00e1s\u00e1rl\u00e1s, online, besz\u00e1ll\u00edt\u00f3k, biztons\u00e1gos sz\u00e1ll\u00edt\u00e1s, <a href=\"https:\/\/en.wikipedia.org\/wiki\/Kush_(cannabis)\">Pink Kush<\/a> m\u00e9g mindig el\u00e9rhet\u0151. Megszerezheti online. A Pink Kush leg\u00e1lis Kanad\u00e1ban? V\u00e1s\u00e1rolhatok Pink Kush-t az Egyes\u00fclt \u00c1llamokban?<\/p>","protected":false},"excerpt":{"rendered":"<p>Purchase Pink Kush Online (AAAAA) Pink Kush is a hybrid strain that can provide strong or incapacitating effects; it is known in the Pacific Northwest and Canada. It is important to remember that this strain contains 24% ThC because even users with high tolerances report feeling quite potent and intoxicated. While its exact origins are &hellip;<\/p>\n<p class=\"read-more\"> <a class=\"\" href=\"https:\/\/legitgrams.com\/hu\/termek\/rendeles-pink-kush-aaaaaaa\/\"> <span class=\"screen-reader-text\">Rendel\u00e9s Pink Kush (AAAAA)<\/span> Olvass tov\u00e1bb \"<\/a><\/p>","protected":false},"featured_media":5423,"comment_status":"open","ping_status":"closed","template":"","meta":{"_uag_custom_page_level_css":"","site-sidebar-layout":"default","site-content-layout":"default","ast-global-header-display":"","ast-main-header-display":"","ast-hfb-above-header-display":"","ast-hfb-below-header-display":"","ast-hfb-mobile-header-display":"","site-post-title":"","ast-breadcrumbs-content":"","ast-featured-img":"","footer-sml-layout":"","theme-transparent-header-meta":"default","adv-header-id-meta":"","stick-header-meta":"default","header-above-stick-meta":"","header-main-stick-meta":"","header-below-stick-meta":"","_joinchat":[]},"product_brand":[],"product_cat":[607],"product_tag":[5085,5075,617,5067,5082,5079,5074,5072,5066,5069,5077,5068,5070,5078,5080,5087,5088,5086,5083,5084,5081,625,5073,5076,5071],"class_list":{"0":"post-3814","1":"product","2":"type-product","3":"status-publish","4":"has-post-thumbnail","6":"product_cat-marijuana-cannabis","7":"product_tag-best-cheap-price-order-pink-kush-aaaaa","8":"product_tag-best-place-to-buy-order-pink-kush-aaaaa","9":"product_tag-bulk-online","10":"product_tag-buy-order-pink-kush-aaaaa","11":"product_tag-cheap-order-pink-kush-aaaaa","12":"product_tag-high-quality-order-pink-kush-aaaaa","13":"product_tag-how-to-buy-order-pink-kush-aaaaa","14":"product_tag-order-order-pink-kush-aaaaa","15":"product_tag-order-pink-kush-aaaaa","16":"product_tag-order-pink-kush-aaaaa-for-sale","17":"product_tag-order-pink-kush-aaaaa-legally","18":"product_tag-order-pink-kush-aaaaa-online","19":"product_tag-order-pink-kush-aaaaa-order-pink-kush-aaaaa-supplier","20":"product_tag-order-pink-kush-aaaaa-price","21":"product_tag-order-pink-kush-aaaaa-store","22":"product_tag-order-pink-kush-aaaaa-use","23":"product_tag-order-pink-kush-aaaaa-wiki","24":"product_tag-order-pink-kush-aaaaa-worldwide","25":"product_tag-order-pink-kush-aaaaas","26":"product_tag-purcharse-order-pink-kush-aaaaa","27":"product_tag-shop-order-pink-kush-aaaaa","28":"product_tag-top-quality","29":"product_tag-where-to-buy-order-pink-kush-aaaaa","30":"product_tag-where-to-order-order-pink-kush-aaaaa","31":"product_tag-wholesale-order-pink-kush-aaaaa","32":"desktop-align-left","33":"tablet-align-left","34":"mobile-align-left","35":"ast-product-gallery-layout-horizontal","36":"ast-product-gallery-with-no-image","37":"ast-product-single-variable","38":"ast-product-tabs-layout-horizontal","39":"ast-qv-on-image","41":"first","42":"instock","43":"shipping-taxable","44":"purchasable","45":"product-type-variable"},"yoast_head":"<!-- This site is optimized with the Yoast SEO plugin v25.9 - https:\/\/yoast.com\/wordpress\/plugins\/seo\/ -->\n<title>Pink Kush (AAAAA) for Sale - Buy Pink Kush (AAAAA) Online<\/title>\n<meta name=\"description\" content=\"Explore our online store for Pink Kush (AAAAA for sale, offering high-quality Pink Kush (AAAAA. Buy Pink Kush (AAAAA online securely and embark on your research journey with confidence.\" \/>\n<meta name=\"robots\" content=\"index, follow, max-snippet:-1, max-image-preview:large, max-video-preview:-1\" \/>\n<link rel=\"canonical\" href=\"https:\/\/legitgrams.com\/hu\/termek\/rendeles-pink-kush-aaaaaaa\/\" \/>\n<meta property=\"og:locale\" content=\"hu_HU\" \/>\n<meta property=\"og:type\" content=\"article\" \/>\n<meta property=\"og:title\" content=\"Pink Kush (AAAAA) for Sale - Buy Pink Kush (AAAAA) Online\" \/>\n<meta property=\"og:description\" content=\"Explore our online store for Pink Kush (AAAAA for sale, offering high-quality Pink Kush (AAAAA. Buy Pink Kush (AAAAA online securely and embark on your research journey with confidence.\" \/>\n<meta property=\"og:url\" content=\"https:\/\/legitgrams.com\/hu\/termek\/rendeles-pink-kush-aaaaaaa\/\" \/>\n<meta property=\"og:site_name\" content=\"Legit Grams\" \/>\n<meta property=\"article:modified_time\" content=\"2025-01-14T10:26:58+00:00\" \/>\n<meta property=\"og:image\" content=\"https:\/\/legitgrams.com\/wp-content\/uploads\/2024\/09\/Order-Pink-Kush-1.jpg\" \/>\n\t<meta property=\"og:image:width\" content=\"600\" \/>\n\t<meta property=\"og:image:height\" content=\"600\" \/>\n\t<meta property=\"og:image:type\" content=\"image\/jpeg\" \/>\n<meta name=\"twitter:card\" content=\"summary_large_image\" \/>\n<meta name=\"twitter:label1\" content=\"Becs\u00fclt olvas\u00e1si id\u0151\" \/>\n\t<meta name=\"twitter:data1\" content=\"2 perc\" \/>\n<script type=\"application\/ld+json\" class=\"yoast-schema-graph\">{\"@context\":\"https:\/\/schema.org\",\"@graph\":[{\"@type\":\"WebPage\",\"@id\":\"https:\/\/legitgrams.com\/product\/order-pink-kush-aaaaa\/\",\"url\":\"https:\/\/legitgrams.com\/product\/order-pink-kush-aaaaa\/\",\"name\":\"Pink Kush (AAAAA) for Sale - Buy Pink Kush (AAAAA) Online\",\"isPartOf\":{\"@id\":\"https:\/\/legitgrams.com\/#website\"},\"primaryImageOfPage\":{\"@id\":\"https:\/\/legitgrams.com\/product\/order-pink-kush-aaaaa\/#primaryimage\"},\"image\":{\"@id\":\"https:\/\/legitgrams.com\/product\/order-pink-kush-aaaaa\/#primaryimage\"},\"thumbnailUrl\":\"https:\/\/legitgrams.com\/wp-content\/uploads\/2024\/09\/Order-Pink-Kush-1.jpg\",\"datePublished\":\"2024-09-20T05:53:37+00:00\",\"dateModified\":\"2025-01-14T10:26:58+00:00\",\"description\":\"Explore our online store for Pink Kush (AAAAA for sale, offering high-quality Pink Kush (AAAAA. Buy Pink Kush (AAAAA online securely and embark on your research journey with confidence.\",\"breadcrumb\":{\"@id\":\"https:\/\/legitgrams.com\/product\/order-pink-kush-aaaaa\/#breadcrumb\"},\"inLanguage\":\"hu\",\"potentialAction\":[{\"@type\":\"ReadAction\",\"target\":[\"https:\/\/legitgrams.com\/product\/order-pink-kush-aaaaa\/\"]}]},{\"@type\":\"ImageObject\",\"inLanguage\":\"hu\",\"@id\":\"https:\/\/legitgrams.com\/product\/order-pink-kush-aaaaa\/#primaryimage\",\"url\":\"https:\/\/legitgrams.com\/wp-content\/uploads\/2024\/09\/Order-Pink-Kush-1.jpg\",\"contentUrl\":\"https:\/\/legitgrams.com\/wp-content\/uploads\/2024\/09\/Order-Pink-Kush-1.jpg\",\"width\":600,\"height\":600,\"caption\":\"Order Pink Kush (AAAAA) for Sale\"},{\"@type\":\"BreadcrumbList\",\"@id\":\"https:\/\/legitgrams.com\/product\/order-pink-kush-aaaaa\/#breadcrumb\",\"itemListElement\":[{\"@type\":\"ListItem\",\"position\":1,\"name\":\"Home\",\"item\":\"https:\/\/legitgrams.com\/\"},{\"@type\":\"ListItem\",\"position\":2,\"name\":\"Shop\",\"item\":\"https:\/\/legitgrams.com\/shop\/\"},{\"@type\":\"ListItem\",\"position\":3,\"name\":\"Order Pink Kush (AAAAA)\"}]},{\"@type\":\"WebSite\",\"@id\":\"https:\/\/legitgrams.com\/#website\",\"url\":\"https:\/\/legitgrams.com\/\",\"name\":\"Legit Grams\",\"description\":\"My WordPress Blog\",\"publisher\":{\"@id\":\"https:\/\/legitgrams.com\/#organization\"},\"potentialAction\":[{\"@type\":\"SearchAction\",\"target\":{\"@type\":\"EntryPoint\",\"urlTemplate\":\"https:\/\/legitgrams.com\/?s={search_term_string}\"},\"query-input\":{\"@type\":\"PropertyValueSpecification\",\"valueRequired\":true,\"valueName\":\"search_term_string\"}}],\"inLanguage\":\"hu\"},{\"@type\":\"Organization\",\"@id\":\"https:\/\/legitgrams.com\/#organization\",\"name\":\"Legit Grams\",\"url\":\"https:\/\/legitgrams.com\/\",\"logo\":{\"@type\":\"ImageObject\",\"inLanguage\":\"hu\",\"@id\":\"https:\/\/legitgrams.com\/#\/schema\/logo\/image\/\",\"url\":\"https:\/\/legitgrams.com\/wp-content\/uploads\/2024\/09\/main-logo.png\",\"contentUrl\":\"https:\/\/legitgrams.com\/wp-content\/uploads\/2024\/09\/main-logo.png\",\"width\":270,\"height\":75,\"caption\":\"Legit Grams\"},\"image\":{\"@id\":\"https:\/\/legitgrams.com\/#\/schema\/logo\/image\/\"}}]}<\/script>\n<!-- \/ Yoast SEO plugin. -->","yoast_head_json":{"title":"Pink Kush (AAAAA) elad\u00f3 \u2013 Pink Kush (AAAAA) v\u00e1s\u00e1rl\u00e1s online","description":"Fedezze fel online \u00e1ruh\u00e1zunkban a Pink Kush (AAAAA) elad\u00f3, kiv\u00e1l\u00f3 min\u0151s\u00e9g\u0171 Pink Kush (AAAAA. V\u00e1s\u00e1roljon Pink Kush (AAAAA) online biztons\u00e1gosan, \u00e9s induljon el a kutat\u00e1si \u00fatra magabiztosan.","robots":{"index":"index","follow":"follow","max-snippet":"max-snippet:-1","max-image-preview":"max-image-preview:large","max-video-preview":"max-video-preview:-1"},"canonical":"https:\/\/legitgrams.com\/hu\/termek\/rendeles-pink-kush-aaaaaaa\/","og_locale":"hu_HU","og_type":"article","og_title":"Pink Kush (AAAAA) for Sale - Buy Pink Kush (AAAAA) Online","og_description":"Explore our online store for Pink Kush (AAAAA for sale, offering high-quality Pink Kush (AAAAA. Buy Pink Kush (AAAAA online securely and embark on your research journey with confidence.","og_url":"https:\/\/legitgrams.com\/hu\/termek\/rendeles-pink-kush-aaaaaaa\/","og_site_name":"Legit Grams","article_modified_time":"2025-01-14T10:26:58+00:00","og_image":[{"width":600,"height":600,"url":"https:\/\/legitgrams.com\/wp-content\/uploads\/2024\/09\/Order-Pink-Kush-1.jpg","type":"image\/jpeg"}],"twitter_card":"summary_large_image","twitter_misc":{"Becs\u00fclt olvas\u00e1si id\u0151":"2 perc"},"schema":{"@context":"https:\/\/schema.org","@graph":[{"@type":"WebPage","@id":"https:\/\/legitgrams.com\/product\/order-pink-kush-aaaaa\/","url":"https:\/\/legitgrams.com\/product\/order-pink-kush-aaaaa\/","name":"Pink Kush (AAAAA) elad\u00f3 \u2013 Pink Kush (AAAAA) v\u00e1s\u00e1rl\u00e1s online","isPartOf":{"@id":"https:\/\/legitgrams.com\/#website"},"primaryImageOfPage":{"@id":"https:\/\/legitgrams.com\/product\/order-pink-kush-aaaaa\/#primaryimage"},"image":{"@id":"https:\/\/legitgrams.com\/product\/order-pink-kush-aaaaa\/#primaryimage"},"thumbnailUrl":"https:\/\/legitgrams.com\/wp-content\/uploads\/2024\/09\/Order-Pink-Kush-1.jpg","datePublished":"2024-09-20T05:53:37+00:00","dateModified":"2025-01-14T10:26:58+00:00","description":"Fedezze fel online \u00e1ruh\u00e1zunkban a Pink Kush (AAAAA) elad\u00f3, kiv\u00e1l\u00f3 min\u0151s\u00e9g\u0171 Pink Kush (AAAAA. V\u00e1s\u00e1roljon Pink Kush (AAAAA) online biztons\u00e1gosan, \u00e9s induljon el a kutat\u00e1si \u00fatra magabiztosan.","breadcrumb":{"@id":"https:\/\/legitgrams.com\/product\/order-pink-kush-aaaaa\/#breadcrumb"},"inLanguage":"hu","potentialAction":[{"@type":"ReadAction","target":["https:\/\/legitgrams.com\/product\/order-pink-kush-aaaaa\/"]}]},{"@type":"ImageObject","inLanguage":"hu","@id":"https:\/\/legitgrams.com\/product\/order-pink-kush-aaaaa\/#primaryimage","url":"https:\/\/legitgrams.com\/wp-content\/uploads\/2024\/09\/Order-Pink-Kush-1.jpg","contentUrl":"https:\/\/legitgrams.com\/wp-content\/uploads\/2024\/09\/Order-Pink-Kush-1.jpg","width":600,"height":600,"caption":"Order Pink Kush (AAAAA) for Sale"},{"@type":"BreadcrumbList","@id":"https:\/\/legitgrams.com\/product\/order-pink-kush-aaaaa\/#breadcrumb","itemListElement":[{"@type":"ListItem","position":1,"name":"Home","item":"https:\/\/legitgrams.com\/"},{"@type":"ListItem","position":2,"name":"Shop","item":"https:\/\/legitgrams.com\/shop\/"},{"@type":"ListItem","position":3,"name":"Order Pink Kush (AAAAA)"}]},{"@type":"WebSite","@id":"https:\/\/legitgrams.com\/#website","url":"https:\/\/legitgrams.com\/","name":"Legit Grams","description":"Az \u00e9n WordPress blogom","publisher":{"@id":"https:\/\/legitgrams.com\/#organization"},"potentialAction":[{"@type":"SearchAction","target":{"@type":"EntryPoint","urlTemplate":"https:\/\/legitgrams.com\/?s={search_term_string}"},"query-input":{"@type":"PropertyValueSpecification","valueRequired":true,"valueName":"search_term_string"}}],"inLanguage":"hu"},{"@type":"Organization","@id":"https:\/\/legitgrams.com\/#organization","name":"Legit Grams","url":"https:\/\/legitgrams.com\/","logo":{"@type":"ImageObject","inLanguage":"hu","@id":"https:\/\/legitgrams.com\/#\/schema\/logo\/image\/","url":"https:\/\/legitgrams.com\/wp-content\/uploads\/2024\/09\/main-logo.png","contentUrl":"https:\/\/legitgrams.com\/wp-content\/uploads\/2024\/09\/main-logo.png","width":270,"height":75,"caption":"Legit Grams"},"image":{"@id":"https:\/\/legitgrams.com\/#\/schema\/logo\/image\/"}}]}},"uagb_featured_image_src":{"full":["https:\/\/legitgrams.com\/wp-content\/uploads\/2024\/09\/Order-Pink-Kush-1.jpg",600,600,false],"thumbnail":["https:\/\/legitgrams.com\/wp-content\/uploads\/2024\/09\/Order-Pink-Kush-1-150x150.jpg",150,150,true],"medium":["https:\/\/legitgrams.com\/wp-content\/uploads\/2024\/09\/Order-Pink-Kush-1-300x300.jpg",300,300,true],"medium_large":["https:\/\/legitgrams.com\/wp-content\/uploads\/2024\/09\/Order-Pink-Kush-1.jpg",600,600,false],"large":["https:\/\/legitgrams.com\/wp-content\/uploads\/2024\/09\/Order-Pink-Kush-1.jpg",600,600,false],"1536x1536":["https:\/\/legitgrams.com\/wp-content\/uploads\/2024\/09\/Order-Pink-Kush-1.jpg",600,600,false],"2048x2048":["https:\/\/legitgrams.com\/wp-content\/uploads\/2024\/09\/Order-Pink-Kush-1.jpg",600,600,false],"trp-custom-language-flag":["https:\/\/legitgrams.com\/wp-content\/uploads\/2024\/09\/Order-Pink-Kush-1-12x12.jpg",12,12,true],"woocommerce_thumbnail":["https:\/\/legitgrams.com\/wp-content\/uploads\/2024\/09\/Order-Pink-Kush-1-300x300.jpg",300,300,true],"woocommerce_single":["https:\/\/legitgrams.com\/wp-content\/uploads\/2024\/09\/Order-Pink-Kush-1.jpg",600,600,false],"woocommerce_gallery_thumbnail":["https:\/\/legitgrams.com\/wp-content\/uploads\/2024\/09\/Order-Pink-Kush-1-100x100.jpg",100,100,true]},"uagb_author_info":{"display_name":"cokeblog18","author_link":"https:\/\/legitgrams.com\/hu\/author\/"},"uagb_comment_info":0,"uagb_excerpt":"Purchase Pink Kush Online (AAAAA) Pink Kush is a hybrid strain that can provide strong or incapacitating effects; it is known in the Pacific Northwest and Canada. It is important to remember that this strain contains 24% ThC because even users with high tolerances report feeling quite potent and intoxicated. While its exact origins are&hellip;","_links":{"self":[{"href":"https:\/\/legitgrams.com\/hu\/wp-json\/wp\/v2\/product\/3814","targetHints":{"allow":["GET"]}}],"collection":[{"href":"https:\/\/legitgrams.com\/hu\/wp-json\/wp\/v2\/product"}],"about":[{"href":"https:\/\/legitgrams.com\/hu\/wp-json\/wp\/v2\/types\/product"}],"replies":[{"embeddable":true,"href":"https:\/\/legitgrams.com\/hu\/wp-json\/wp\/v2\/comments?post=3814"}],"wp:featuredmedia":[{"embeddable":true,"href":"https:\/\/legitgrams.com\/hu\/wp-json\/wp\/v2\/media\/5423"}],"wp:attachment":[{"href":"https:\/\/legitgrams.com\/hu\/wp-json\/wp\/v2\/media?parent=3814"}],"wp:term":[{"taxonomy":"product_brand","embeddable":true,"href":"https:\/\/legitgrams.com\/hu\/wp-json\/wp\/v2\/product_brand?post=3814"},{"taxonomy":"product_cat","embeddable":true,"href":"https:\/\/legitgrams.com\/hu\/wp-json\/wp\/v2\/product_cat?post=3814"},{"taxonomy":"product_tag","embeddable":true,"href":"https:\/\/legitgrams.com\/hu\/wp-json\/wp\/v2\/product_tag?post=3814"}],"curies":[{"name":"wp","href":"https:\/\/api.w.org\/{rel}","templated":true}]}}