{"id":3819,"date":"2024-09-20T06:04:44","date_gmt":"2024-09-20T06:04:44","guid":{"rendered":"https:\/\/legitgrams.com\/?post_type=product&#038;p=3819"},"modified":"2025-03-07T04:40:48","modified_gmt":"2025-03-07T04:40:48","slug":"gorilla-biscuit-marijuana-strain","status":"publish","type":"product","link":"https:\/\/legitgrams.com\/hu\/termek\/gorilla-biscuit-marijuana-strain\/","title":{"rendered":"V\u00e1s\u00e1roljon Gorilla Biscuit Marihu\u00e1na t\u00f6rzset online"},"content":{"rendered":"<h2>V\u00e1s\u00e1roljon Gorilla Biscuit Marihu\u00e1na t\u00f6rzset online<\/h2>\n<p><a href=\"https:\/\/www.bing.com\/search?q=Buy%20Gorilla%20Biscuit%20Marijuana%20Strain%20Online&amp;qs=n&amp;form=QBRE&amp;sp=-1&amp;lq=0&amp;pq=buy%20gorilla%20biscuit%20marijuana%20strain%20online&amp;sc=0-43&amp;sk=&amp;cvid=62714AE386A64CE2A4975889B677C2C8&amp;ghsh=0&amp;ghacc=0&amp;ghpl=\">Cannabis Gorilla keksz<\/a> A Cannabis Gorilla Biscuit indica. 60% Indica \/ 40% Hibrid domin\u00e1ns THC t\u00f6rzs sativaban: 15% -20%<\/p>\n<h3>Hat\u00e1sok:<\/h3>\n<p>izgalom, euf\u00f3ria, \u00e9hs\u00e9g, ellazul\u00e1s \u00e9s \u00e1lmoss\u00e1g<\/p>\n<p>Lehets\u00e9ges enyh\u00fcl\u00e9s az anorexi\u00e1t\u00f3l, g\u00f6rcs\u00f6kt\u0151l, depresszi\u00f3t\u00f3l, \u00e1lmatlans\u00e1gt\u00f3l \u00e9s stresszt\u0151l \u00cdz<br \/>\nk\u00e1v\u00e9, citrom \u00e9s feny\u0151 arom\u00e1ja<br \/>\nf\u00f6ldes, cs\u00edp\u0151s, f\u0171szeres k\u00e1v\u00e9<\/p>\n<p>Fenotyp terpentyny <a href=\"https:\/\/legitgrams.com\/hu\/termek\/gorilla-biscuit-marijuana-strain\/\">Gorilla keksz<\/a>\u00a0 A Sensi Star-t \u00e9s a Stardawg IX-et keresztezt\u00e9k, hogy el\u0151\u00e1ll\u00edts\u00e1k az indika-domin\u00e1ns t\u00f6rzset a Seeds of Compassion-b\u00f3l. A metaqualon nev\u0171 gy\u00f3gyszer, amelyet \u00e1ltal\u00e1ban quaaludesk\u00e9nt emlegetnek, pihentet\u0151 \u00e9s saj\u00e1tos hat\u00e1ssal van a szervezetre, ez\u00e9rt kapta a nev\u00e9t ez a furcsa \u00e9s meglehet\u0151sen retro kever\u00e9k. Tartalma ugyanolyan nyugtat\u00f3an hat, a f\u00fcggel\u00e9kek sz\u00e9lesek \u00e9s laz\u00e1k maradnak. A Gorilla Biscuit er\u0151s terp\u00e9n profillal rendelkezik, gazdag k\u00e1v\u00e9bab \u00e9s feny\u0151 szol illattal. <a href=\"https:\/\/www.bing.com\/search?q=Buy%20Gorilla%20Biscuit%20Marijuana%20Strain%20Online&amp;qs=n&amp;form=QBRE&amp;sp=-1&amp;lq=0&amp;pq=buy%20gorilla%20biscuit%20marijuana%20strain%20online&amp;sc=0-43&amp;sk=&amp;cvid=62714AE386A64CE2A4975889B677C2C8&amp;ghsh=0&amp;ghacc=0&amp;ghpl=\">Gorilla keksz<\/a> er\u0151s terp\u00e9n profillal rendelkezik, gazdag k\u00e1v\u00e9bab \u00e9s feny\u0151 szol illattal.<\/p>\n<p>A hat\u00e1sok a <a href=\"https:\/\/www.google.com\/search?q=Buy+Gorilla+Biscuit+Marijuana+Strain+Online&amp;num=10&amp;sca_esv=1a2a07081c7891bb&amp;rlz=1C1RXQR_enIN1098IN1098&amp;sxsrf=AHTn8zomW-uuMH0jJoOn4XBTLnRZ9mOEmA%3A1741320715540&amp;ei=C3LKZ5fRIK-tseMP0JKg4Ao&amp;ved=0ahUKEwjXgsKVjfeLAxWvVmwGHVAJCKwQ4dUDCBA&amp;uact=5&amp;oq=Buy+Gorilla+Biscuit+Marijuana+Strain+Online&amp;gs_lp=Egxnd3Mtd2l6LXNlcnAiK0J1eSBHb3JpbGxhIEJpc2N1aXQgTWFyaWp1YW5hIFN0cmFpbiBPbmxpbmUyBRAhGKABMgUQIRigATIFECEYoAFI4AhQrwVYrwVwAngAkAEAmAHJAaAByQGqAQMyLTG4AQPIAQD4AQL4AQGYAgGgAtoBmAMAiAYBkgcDMi0xoAfCAw&amp;sclient=gws-wiz-serp\">Gorilla keksz t\u00f6rzs<\/a>, egy igazi stoner t\u00f6rzs, hosszabb ideig tart, am\u00edg elkezd\u0151dik, de kialakul az euf\u00f3ria tart\u00f3s \u00e9rz\u00e9se. Tested \u00e9s elm\u00e9d sz\u00e1guldozni fog, mik\u00f6zben a holmija teljesen megragad, \u00e9s azt tapasztalhatod, hogy elk\u00e9pzel\u00e9seid nem olyan egy\u00e9rtelm\u0171ek, mint n\u00e9h\u00e1ny \u00f3r\u00e1val kor\u00e1bban. Tal\u00e1lkoz\u00e1sod legeml\u00e9kezetesebb r\u00e9sze az lesz <a href=\"https:\/\/www.google.com\/search?q=Buy+Gorilla+Biscuit+Marijuana+Strain+Online&amp;num=10&amp;sca_esv=1a2a07081c7891bb&amp;rlz=1C1RXQR_enIN1098IN1098&amp;sxsrf=AHTn8zomW-uuMH0jJoOn4XBTLnRZ9mOEmA%3A1741320715540&amp;ei=C3LKZ5fRIK-tseMP0JKg4Ao&amp;ved=0ahUKEwjXgsKVjfeLAxWvVmwGHVAJCKwQ4dUDCBA&amp;uact=5&amp;oq=Buy+Gorilla+Biscuit+Marijuana+Strain+Online&amp;gs_lp=Egxnd3Mtd2l6LXNlcnAiK0J1eSBHb3JpbGxhIEJpc2N1aXQgTWFyaWp1YW5hIFN0cmFpbiBPbmxpbmUyBRAhGKABMgUQIRigATIFECEYoAFI4AhQrwVYrwVwAngAkAEAmAHJAaAByQGqAQMyLTG4AQPIAQD4AQL4AQGYAgGgAtoBmAMAiAYBkgcDMi0xoAfCAw&amp;sclient=gws-wiz-serp\">szil\u00e1rd<\/a> A Gorilla Biscuits t\u00f6rzs, egy igazi stoner t\u00f6rzs hat\u00e1sa hosszabb ideig tart, de kialakul az euf\u00f3ria tart\u00f3s \u00e9rz\u00e9se. A tested \u00e9s az elm\u00e9d sz\u00e1guldozni fog, mik\u00f6zben a holmija teljes m\u00e9rt\u00e9kben birtokba veszi, \u00e9s el\u0151fordulhat, hogy elk\u00e9pzel\u00e9sei nem olyan egy\u00e9rtelm\u0171ek, mint n\u00e9h\u00e1ny \u00f3r\u00e1val kor\u00e1bban. A tal\u00e1lkoz\u00e1s legeml\u00e9kezetesebb aspektusa a szerelmi \u00fcl\u00e9sz\u00e1r szil\u00e1rd benyom\u00e1sa lesz, amely kih\u00edv\u00e1st jelent a tart\u00f3s \u00e9hs\u00e9g\u00e9rzet kiel\u00e9g\u00edt\u00e9s\u00e9ben. Javasoljuk, hogy el\u0151re nyomjon egy bet\u00e9tet, sepr\u0151g\u00e9pet \u00e9s sok \u00e9telt a k\u00f6zelben. A gy\u00f3gyszer ennek az egyedi \u00e9s kiss\u00e9 vintage kever\u00e9knek a neve. A metaqualon nev\u0171 gy\u00f3gyszer, amelyet n\u00e9ha quaaludesnek is neveznek, saj\u00e1tos nyugtat\u00f3 hat\u00e1ssal van a szervezetre. Inform\u00e1ci\u00f3i ugyanolyan megnyugtat\u00f3an haladnak tov\u00e1bb, \u00edgy a f\u00fcggel\u00e9kek rugalmasak \u00e9s tartalmasak. A Gorilla Biscuit er\u0151s terp\u00e9n profillal rendelkezik, gazdag k\u00e1v\u00e9bab \u00e9s feny\u0151 szol illattal. <a href=\"https:\/\/duckduckgo.com\/?q=Buy+Gorilla+Biscuit+Marijuana+Strain+Online&amp;t=h_&amp;ia=web\">profil<\/a> er\u0151s terp\u00e9n profillal rendelkezik, gazdag k\u00e1v\u00e9bab \u00e9s feny\u0151 szol illattal. <a href=\"https:\/\/legitgrams.com\/hu\/\">LegitGrams\u00a0<\/a><\/p>\n<p>V\u00e1s\u00e1roljon <a href=\"https:\/\/en.wikipedia.org\/wiki\/Gorilla_Biscuits\">Gorilla keksz<\/a> Cannabis Strain Online: Buy Gorilla Biscuit Cannabis Strain, Buy Biscuit Cannabis, Buy Gorilla Biscuit Cannabis Strain A. Hol lehet megv\u00e1s\u00e1rolni a Gorilla Biscuit Cannabis t\u00f6rzset: USA, Kanada, Egyes\u00fclt Kir\u00e1lys\u00e1g, online, sz\u00e1ll\u00edt\u00f3k, biztons\u00e1gos sz\u00e1ll\u00edt\u00e1s, Gorilla Biscuit Cannabis t\u00f6rzs elad\u00f3, Marihu\u00e1na Elad\u00f3 t\u00f6rzs, online v\u00e1s\u00e1rl\u00e1s \u00e9s online hely a Gorilla Biscuit Cannabis Strain sz\u00e1m\u00e1ra A Gorilla Biscuit Marihuana Strain tov\u00e1bbra is el\u00e9rhet\u0151, \u00e9s az emberek tov\u00e1bbra is k\u00e9rd\u00e9seket tehetnek fel az Egyes\u00fclt \u00c1llamokban val\u00f3 leg\u00e1liss\u00e1g\u00e1val, rendel\u00e9si m\u00f3dj\u00e1val \u00e9s online megv\u00e1s\u00e1rl\u00e1s\u00e1val kapcsolatban. <a href=\"https:\/\/duckduckgo.com\/?q=Buy+Gorilla+Biscuit+Marijuana+Strain+Online&amp;t=h_&amp;ia=web\">Gorilla Biscuit Cannabis Strain Gorilla<\/a> A Biscuit Marihuana Strain tov\u00e1bbra is el\u00e9rhet\u0151, \u00e9s az emberek tov\u00e1bbra is k\u00e9rd\u00e9seket tehetnek fel az Egyes\u00fclt \u00c1llamokban val\u00f3 legalit\u00e1s\u00e1r\u00f3l, a rendel\u00e9s m\u00f3dj\u00e1r\u00f3l \u00e9s arr\u00f3l, hogy megv\u00e1s\u00e1rolhat\u00f3-e az interneten.<\/p>","protected":false},"excerpt":{"rendered":"<p>Buy Gorilla Biscuit Marijuana Strain Online Cannabis Gorilla Biscuit is an Indica. 60% Indica \/ 40% Hybrid dominating strain THC in sativa: 15%\u201320% Effects: Arousal, euphoria, hunger, relaxation, and drowsiness Potentially Alleviate Anorexia, Cramps, Depression, Sleeplessness, and Stress Tastes Aromas of coffee, lemon, and pine earthy, pungent, spicy coffee The Turpentine phenotype of Gorilla Biscuit\u00a0 &hellip;<\/p>\n<p class=\"read-more\"> <a class=\"\" href=\"https:\/\/legitgrams.com\/hu\/termek\/gorilla-biscuit-marijuana-strain\/\"> <span class=\"screen-reader-text\">V\u00e1s\u00e1roljon Gorilla Biscuit Marihu\u00e1na t\u00f6rzset online<\/span> Olvass tov\u00e1bb \"<\/a><\/p>","protected":false},"featured_media":5425,"comment_status":"open","ping_status":"closed","template":"","meta":{"_uag_custom_page_level_css":"","site-sidebar-layout":"default","site-content-layout":"default","ast-global-header-display":"","ast-main-header-display":"","ast-hfb-above-header-display":"","ast-hfb-below-header-display":"","ast-hfb-mobile-header-display":"","site-post-title":"","ast-breadcrumbs-content":"","ast-featured-img":"","footer-sml-layout":"","theme-transparent-header-meta":"default","adv-header-id-meta":"","stick-header-meta":"default","header-above-stick-meta":"","header-main-stick-meta":"","header-below-stick-meta":"","_joinchat":[]},"product_brand":[],"product_cat":[607],"product_tag":[5016,5006,617,4998,5013,4997,5000,5001,5008,4999,5009,5011,5018,5019,5017,5014,5010,5005,5003,5015,5012,625,5004,5007,5002],"class_list":{"0":"post-3819","1":"product","2":"type-product","3":"status-publish","4":"has-post-thumbnail","6":"product_cat-marijuana-cannabis","7":"product_tag-best-cheap-price-gorilla-biscuit-marijuana-strain","8":"product_tag-best-place-to-buy-gorilla-biscuit-marijuana-strain","9":"product_tag-bulk-online","10":"product_tag-buy-gorilla-biscuit-marijuana-strain","11":"product_tag-cheap-gorilla-biscuit-marijuana-strain","12":"product_tag-gorilla-biscuit-marijuana-strain","13":"product_tag-gorilla-biscuit-marijuana-strain-for-sale","14":"product_tag-gorilla-biscuit-marijuana-strain-gorilla-biscuit-marijuana-strain-supplier","15":"product_tag-gorilla-biscuit-marijuana-strain-legally","16":"product_tag-gorilla-biscuit-marijuana-strain-online","17":"product_tag-gorilla-biscuit-marijuana-strain-price","18":"product_tag-gorilla-biscuit-marijuana-strain-store","19":"product_tag-gorilla-biscuit-marijuana-strain-use","20":"product_tag-gorilla-biscuit-marijuana-strain-wiki","21":"product_tag-gorilla-biscuit-marijuana-strain-worldwide","22":"product_tag-gorilla-biscuit-marijuana-strains","23":"product_tag-high-quality-gorilla-biscuit-marijuana-strain","24":"product_tag-how-to-buy-gorilla-biscuit-marijuana-strain","25":"product_tag-order-gorilla-biscuit-marijuana-strain","26":"product_tag-purcharse-gorilla-biscuit-marijuana-strain","27":"product_tag-shop-gorilla-biscuit-marijuana-strain","28":"product_tag-top-quality","29":"product_tag-where-to-buy-gorilla-biscuit-marijuana-strain","30":"product_tag-where-to-order-gorilla-biscuit-marijuana-strain","31":"product_tag-wholesale-gorilla-biscuit-marijuana-strain","32":"desktop-align-left","33":"tablet-align-left","34":"mobile-align-left","35":"ast-product-gallery-layout-horizontal","36":"ast-product-gallery-with-no-image","37":"ast-product-single-variable","38":"ast-product-tabs-layout-horizontal","39":"ast-qv-on-image","41":"first","42":"instock","43":"shipping-taxable","44":"purchasable","45":"product-type-variable"},"yoast_head":"<!-- This site is optimized with the Yoast SEO plugin v25.9 - https:\/\/yoast.com\/wordpress\/plugins\/seo\/ -->\n<title>Gorilla Biscuit for Sale - Buy Gorilla Biscuit Online at Low Price<\/title>\n<meta name=\"description\" content=\"Your order for Gorilla Biscuit for sale is our responsibility. We will take your order to buy Gorilla Biscuit into consideration and reach you in a short period. Place bulk orders now!\" \/>\n<meta name=\"robots\" content=\"index, follow, max-snippet:-1, max-image-preview:large, max-video-preview:-1\" \/>\n<link rel=\"canonical\" href=\"https:\/\/legitgrams.com\/hu\/termek\/gorilla-biscuit-marijuana-strain\/\" \/>\n<meta property=\"og:locale\" content=\"hu_HU\" \/>\n<meta property=\"og:type\" content=\"article\" \/>\n<meta property=\"og:title\" content=\"Gorilla Biscuit for Sale - Buy Gorilla Biscuit Online at Low Price\" \/>\n<meta property=\"og:description\" content=\"Your order for Gorilla Biscuit for sale is our responsibility. We will take your order to buy Gorilla Biscuit into consideration and reach you in a short period. Place bulk orders now!\" \/>\n<meta property=\"og:url\" content=\"https:\/\/legitgrams.com\/hu\/termek\/gorilla-biscuit-marijuana-strain\/\" \/>\n<meta property=\"og:site_name\" content=\"Legit Grams\" \/>\n<meta property=\"article:modified_time\" content=\"2025-03-07T04:40:48+00:00\" \/>\n<meta property=\"og:image\" content=\"https:\/\/legitgrams.com\/wp-content\/uploads\/2024\/09\/Buy-Gorilla-Biscuit-Marijuana-Strain-Online.jpg\" \/>\n\t<meta property=\"og:image:width\" content=\"600\" \/>\n\t<meta property=\"og:image:height\" content=\"600\" \/>\n\t<meta property=\"og:image:type\" content=\"image\/jpeg\" \/>\n<meta name=\"twitter:card\" content=\"summary_large_image\" \/>\n<meta name=\"twitter:label1\" content=\"Becs\u00fclt olvas\u00e1si id\u0151\" \/>\n\t<meta name=\"twitter:data1\" content=\"2 perc\" \/>\n<script type=\"application\/ld+json\" class=\"yoast-schema-graph\">{\"@context\":\"https:\/\/schema.org\",\"@graph\":[{\"@type\":\"WebPage\",\"@id\":\"https:\/\/legitgrams.com\/product\/gorilla-biscuit-marijuana-strain\/\",\"url\":\"https:\/\/legitgrams.com\/product\/gorilla-biscuit-marijuana-strain\/\",\"name\":\"Gorilla Biscuit for Sale - Buy Gorilla Biscuit Online at Low Price\",\"isPartOf\":{\"@id\":\"https:\/\/legitgrams.com\/#website\"},\"primaryImageOfPage\":{\"@id\":\"https:\/\/legitgrams.com\/product\/gorilla-biscuit-marijuana-strain\/#primaryimage\"},\"image\":{\"@id\":\"https:\/\/legitgrams.com\/product\/gorilla-biscuit-marijuana-strain\/#primaryimage\"},\"thumbnailUrl\":\"https:\/\/legitgrams.com\/wp-content\/uploads\/2024\/09\/Buy-Gorilla-Biscuit-Marijuana-Strain-Online.jpg\",\"datePublished\":\"2024-09-20T06:04:44+00:00\",\"dateModified\":\"2025-03-07T04:40:48+00:00\",\"description\":\"Your order for Gorilla Biscuit for sale is our responsibility. We will take your order to buy Gorilla Biscuit into consideration and reach you in a short period. Place bulk orders now!\",\"breadcrumb\":{\"@id\":\"https:\/\/legitgrams.com\/product\/gorilla-biscuit-marijuana-strain\/#breadcrumb\"},\"inLanguage\":\"hu\",\"potentialAction\":[{\"@type\":\"ReadAction\",\"target\":[\"https:\/\/legitgrams.com\/product\/gorilla-biscuit-marijuana-strain\/\"]}]},{\"@type\":\"ImageObject\",\"inLanguage\":\"hu\",\"@id\":\"https:\/\/legitgrams.com\/product\/gorilla-biscuit-marijuana-strain\/#primaryimage\",\"url\":\"https:\/\/legitgrams.com\/wp-content\/uploads\/2024\/09\/Buy-Gorilla-Biscuit-Marijuana-Strain-Online.jpg\",\"contentUrl\":\"https:\/\/legitgrams.com\/wp-content\/uploads\/2024\/09\/Buy-Gorilla-Biscuit-Marijuana-Strain-Online.jpg\",\"width\":600,\"height\":600,\"caption\":\"Gorilla Biscuit for Sale\"},{\"@type\":\"BreadcrumbList\",\"@id\":\"https:\/\/legitgrams.com\/product\/gorilla-biscuit-marijuana-strain\/#breadcrumb\",\"itemListElement\":[{\"@type\":\"ListItem\",\"position\":1,\"name\":\"Home\",\"item\":\"https:\/\/legitgrams.com\/\"},{\"@type\":\"ListItem\",\"position\":2,\"name\":\"Shop\",\"item\":\"https:\/\/legitgrams.com\/shop\/\"},{\"@type\":\"ListItem\",\"position\":3,\"name\":\"Buy Gorilla Biscuit Marijuana Strain Online\"}]},{\"@type\":\"WebSite\",\"@id\":\"https:\/\/legitgrams.com\/#website\",\"url\":\"https:\/\/legitgrams.com\/\",\"name\":\"Legit Grams\",\"description\":\"My WordPress Blog\",\"publisher\":{\"@id\":\"https:\/\/legitgrams.com\/#organization\"},\"potentialAction\":[{\"@type\":\"SearchAction\",\"target\":{\"@type\":\"EntryPoint\",\"urlTemplate\":\"https:\/\/legitgrams.com\/?s={search_term_string}\"},\"query-input\":{\"@type\":\"PropertyValueSpecification\",\"valueRequired\":true,\"valueName\":\"search_term_string\"}}],\"inLanguage\":\"hu\"},{\"@type\":\"Organization\",\"@id\":\"https:\/\/legitgrams.com\/#organization\",\"name\":\"Legit Grams\",\"url\":\"https:\/\/legitgrams.com\/\",\"logo\":{\"@type\":\"ImageObject\",\"inLanguage\":\"hu\",\"@id\":\"https:\/\/legitgrams.com\/#\/schema\/logo\/image\/\",\"url\":\"https:\/\/legitgrams.com\/wp-content\/uploads\/2024\/09\/main-logo.png\",\"contentUrl\":\"https:\/\/legitgrams.com\/wp-content\/uploads\/2024\/09\/main-logo.png\",\"width\":270,\"height\":75,\"caption\":\"Legit Grams\"},\"image\":{\"@id\":\"https:\/\/legitgrams.com\/#\/schema\/logo\/image\/\"}}]}<\/script>\n<!-- \/ Yoast SEO plugin. -->","yoast_head_json":{"title":"Gorilla keksz elad\u00f3 \u2013 V\u00e1s\u00e1roljon Gorilla kekszet online alacsony \u00e1ron","description":"Your order for Gorilla Biscuit for sale is our responsibility. We will take your order to buy Gorilla Biscuit into consideration and reach you in a short period. Place bulk orders now!","robots":{"index":"index","follow":"follow","max-snippet":"max-snippet:-1","max-image-preview":"max-image-preview:large","max-video-preview":"max-video-preview:-1"},"canonical":"https:\/\/legitgrams.com\/hu\/termek\/gorilla-biscuit-marijuana-strain\/","og_locale":"hu_HU","og_type":"article","og_title":"Gorilla Biscuit for Sale - Buy Gorilla Biscuit Online at Low Price","og_description":"Your order for Gorilla Biscuit for sale is our responsibility. We will take your order to buy Gorilla Biscuit into consideration and reach you in a short period. Place bulk orders now!","og_url":"https:\/\/legitgrams.com\/hu\/termek\/gorilla-biscuit-marijuana-strain\/","og_site_name":"Legit Grams","article_modified_time":"2025-03-07T04:40:48+00:00","og_image":[{"width":600,"height":600,"url":"https:\/\/legitgrams.com\/wp-content\/uploads\/2024\/09\/Buy-Gorilla-Biscuit-Marijuana-Strain-Online.jpg","type":"image\/jpeg"}],"twitter_card":"summary_large_image","twitter_misc":{"Becs\u00fclt olvas\u00e1si id\u0151":"2 perc"},"schema":{"@context":"https:\/\/schema.org","@graph":[{"@type":"WebPage","@id":"https:\/\/legitgrams.com\/product\/gorilla-biscuit-marijuana-strain\/","url":"https:\/\/legitgrams.com\/product\/gorilla-biscuit-marijuana-strain\/","name":"Gorilla keksz elad\u00f3 \u2013 V\u00e1s\u00e1roljon Gorilla kekszet online alacsony \u00e1ron","isPartOf":{"@id":"https:\/\/legitgrams.com\/#website"},"primaryImageOfPage":{"@id":"https:\/\/legitgrams.com\/product\/gorilla-biscuit-marijuana-strain\/#primaryimage"},"image":{"@id":"https:\/\/legitgrams.com\/product\/gorilla-biscuit-marijuana-strain\/#primaryimage"},"thumbnailUrl":"https:\/\/legitgrams.com\/wp-content\/uploads\/2024\/09\/Buy-Gorilla-Biscuit-Marijuana-Strain-Online.jpg","datePublished":"2024-09-20T06:04:44+00:00","dateModified":"2025-03-07T04:40:48+00:00","description":"Your order for Gorilla Biscuit for sale is our responsibility. We will take your order to buy Gorilla Biscuit into consideration and reach you in a short period. Place bulk orders now!","breadcrumb":{"@id":"https:\/\/legitgrams.com\/product\/gorilla-biscuit-marijuana-strain\/#breadcrumb"},"inLanguage":"hu","potentialAction":[{"@type":"ReadAction","target":["https:\/\/legitgrams.com\/product\/gorilla-biscuit-marijuana-strain\/"]}]},{"@type":"ImageObject","inLanguage":"hu","@id":"https:\/\/legitgrams.com\/product\/gorilla-biscuit-marijuana-strain\/#primaryimage","url":"https:\/\/legitgrams.com\/wp-content\/uploads\/2024\/09\/Buy-Gorilla-Biscuit-Marijuana-Strain-Online.jpg","contentUrl":"https:\/\/legitgrams.com\/wp-content\/uploads\/2024\/09\/Buy-Gorilla-Biscuit-Marijuana-Strain-Online.jpg","width":600,"height":600,"caption":"Gorilla Biscuit for Sale"},{"@type":"BreadcrumbList","@id":"https:\/\/legitgrams.com\/product\/gorilla-biscuit-marijuana-strain\/#breadcrumb","itemListElement":[{"@type":"ListItem","position":1,"name":"Home","item":"https:\/\/legitgrams.com\/"},{"@type":"ListItem","position":2,"name":"Shop","item":"https:\/\/legitgrams.com\/shop\/"},{"@type":"ListItem","position":3,"name":"Buy Gorilla Biscuit Marijuana Strain Online"}]},{"@type":"WebSite","@id":"https:\/\/legitgrams.com\/#website","url":"https:\/\/legitgrams.com\/","name":"Legit Grams","description":"Az \u00e9n WordPress blogom","publisher":{"@id":"https:\/\/legitgrams.com\/#organization"},"potentialAction":[{"@type":"SearchAction","target":{"@type":"EntryPoint","urlTemplate":"https:\/\/legitgrams.com\/?s={search_term_string}"},"query-input":{"@type":"PropertyValueSpecification","valueRequired":true,"valueName":"search_term_string"}}],"inLanguage":"hu"},{"@type":"Organization","@id":"https:\/\/legitgrams.com\/#organization","name":"Legit Grams","url":"https:\/\/legitgrams.com\/","logo":{"@type":"ImageObject","inLanguage":"hu","@id":"https:\/\/legitgrams.com\/#\/schema\/logo\/image\/","url":"https:\/\/legitgrams.com\/wp-content\/uploads\/2024\/09\/main-logo.png","contentUrl":"https:\/\/legitgrams.com\/wp-content\/uploads\/2024\/09\/main-logo.png","width":270,"height":75,"caption":"Legit Grams"},"image":{"@id":"https:\/\/legitgrams.com\/#\/schema\/logo\/image\/"}}]}},"uagb_featured_image_src":{"full":["https:\/\/legitgrams.com\/wp-content\/uploads\/2024\/09\/Buy-Gorilla-Biscuit-Marijuana-Strain-Online.jpg",600,600,false],"thumbnail":["https:\/\/legitgrams.com\/wp-content\/uploads\/2024\/09\/Buy-Gorilla-Biscuit-Marijuana-Strain-Online-150x150.jpg",150,150,true],"medium":["https:\/\/legitgrams.com\/wp-content\/uploads\/2024\/09\/Buy-Gorilla-Biscuit-Marijuana-Strain-Online-300x300.jpg",300,300,true],"medium_large":["https:\/\/legitgrams.com\/wp-content\/uploads\/2024\/09\/Buy-Gorilla-Biscuit-Marijuana-Strain-Online.jpg",600,600,false],"large":["https:\/\/legitgrams.com\/wp-content\/uploads\/2024\/09\/Buy-Gorilla-Biscuit-Marijuana-Strain-Online.jpg",600,600,false],"1536x1536":["https:\/\/legitgrams.com\/wp-content\/uploads\/2024\/09\/Buy-Gorilla-Biscuit-Marijuana-Strain-Online.jpg",600,600,false],"2048x2048":["https:\/\/legitgrams.com\/wp-content\/uploads\/2024\/09\/Buy-Gorilla-Biscuit-Marijuana-Strain-Online.jpg",600,600,false],"trp-custom-language-flag":["https:\/\/legitgrams.com\/wp-content\/uploads\/2024\/09\/Buy-Gorilla-Biscuit-Marijuana-Strain-Online-12x12.jpg",12,12,true],"woocommerce_thumbnail":["https:\/\/legitgrams.com\/wp-content\/uploads\/2024\/09\/Buy-Gorilla-Biscuit-Marijuana-Strain-Online-300x300.jpg",300,300,true],"woocommerce_single":["https:\/\/legitgrams.com\/wp-content\/uploads\/2024\/09\/Buy-Gorilla-Biscuit-Marijuana-Strain-Online.jpg",600,600,false],"woocommerce_gallery_thumbnail":["https:\/\/legitgrams.com\/wp-content\/uploads\/2024\/09\/Buy-Gorilla-Biscuit-Marijuana-Strain-Online-100x100.jpg",100,100,true]},"uagb_author_info":{"display_name":"cokeblog18","author_link":"https:\/\/legitgrams.com\/hu\/author\/"},"uagb_comment_info":0,"uagb_excerpt":"Buy Gorilla Biscuit Marijuana Strain Online Cannabis Gorilla Biscuit is an Indica. 60% Indica \/ 40% Hybrid dominating strain THC in sativa: 15%\u201320% Effects: Arousal, euphoria, hunger, relaxation, and drowsiness Potentially Alleviate Anorexia, Cramps, Depression, Sleeplessness, and Stress Tastes Aromas of coffee, lemon, and pine earthy, pungent, spicy coffee The Turpentine phenotype of Gorilla Biscuit\u00a0&hellip;","_links":{"self":[{"href":"https:\/\/legitgrams.com\/hu\/wp-json\/wp\/v2\/product\/3819","targetHints":{"allow":["GET"]}}],"collection":[{"href":"https:\/\/legitgrams.com\/hu\/wp-json\/wp\/v2\/product"}],"about":[{"href":"https:\/\/legitgrams.com\/hu\/wp-json\/wp\/v2\/types\/product"}],"replies":[{"embeddable":true,"href":"https:\/\/legitgrams.com\/hu\/wp-json\/wp\/v2\/comments?post=3819"}],"wp:featuredmedia":[{"embeddable":true,"href":"https:\/\/legitgrams.com\/hu\/wp-json\/wp\/v2\/media\/5425"}],"wp:attachment":[{"href":"https:\/\/legitgrams.com\/hu\/wp-json\/wp\/v2\/media?parent=3819"}],"wp:term":[{"taxonomy":"product_brand","embeddable":true,"href":"https:\/\/legitgrams.com\/hu\/wp-json\/wp\/v2\/product_brand?post=3819"},{"taxonomy":"product_cat","embeddable":true,"href":"https:\/\/legitgrams.com\/hu\/wp-json\/wp\/v2\/product_cat?post=3819"},{"taxonomy":"product_tag","embeddable":true,"href":"https:\/\/legitgrams.com\/hu\/wp-json\/wp\/v2\/product_tag?post=3819"}],"curies":[{"name":"wp","href":"https:\/\/api.w.org\/{rel}","templated":true}]}}