{"id":3822,"date":"2024-09-20T06:17:02","date_gmt":"2024-09-20T06:17:02","guid":{"rendered":"https:\/\/legitgrams.com\/?post_type=product&#038;p=3822"},"modified":"2025-01-14T10:08:06","modified_gmt":"2025-01-14T10:08:06","slug":"sarkanyok-anyja-marihuana","status":"publish","type":"product","link":"https:\/\/legitgrams.com\/hu\/termek\/sarkanyok-anyja-marihuana\/","title":{"rendered":"S\u00e1rk\u00e1nyok anyja Marihu\u00e1na"},"content":{"rendered":"<h2>V\u00e1s\u00e1roljon Mother of Dragons kendert online kedvezm\u00e9nyesen<\/h2>\n<p>Az eredete <a href=\"https:\/\/legitgrams.com\/hu\/termek\/sarkanyok-anyja-marihuana\/\">S\u00e1rk\u00e1nyok anyja<\/a>, egy rendk\u00edv\u00fcl szokatlan \u00e9s kiegyens\u00falyozott hibrid (50% indica \/ 50% sativa), a teny\u00e9szt\u0151k t\u00falzott titkol\u00f3z\u00e1sa \u00e9s \u00e1ltal\u00e1nos inform\u00e1ci\u00f3hi\u00e1nya miatt ismeretlenek. A Tegridy Farms Cannabis \u00f6r\u00f6mmel mutatja be ezt a kannabiszterm\u00e9ket. Ennek a nehezen megtal\u00e1lhat\u00f3 cick\u00e1nak, amelyet a n\u00e9pszer\u0171 Tr\u00f3nok harca karakter\u00e9r\u0151l, Daenerys Targaryenr\u0151l neveztek el, er\u0151s, nyelv\u00e9get\u0151 \u00edze van. Az er\u0151s, cs\u00edp\u0151s, l\u00e1gy skunk \u00e1rnyalat\u00fa aroma az \u00e9g aj\u00e1nd\u00e9ka, a di\u00f3 megpir\u00edt\u00e1sa pedig szuper\u00edz\u0171 gy\u00f3gyn\u00f6v\u00e9nyes hat\u00e1st kelt. A S\u00e1rk\u00e1nyok Anyja n\u00e9h\u00e1ny \u00fct\u00e9ssel \u00f3r\u00e1kon \u00e1t \u00e9ber \u00e9s akt\u00edv elm\u00e9t biztos\u00edt.s <a href=\"https:\/\/legitgrams.com\/hu\/\">LegitGrams<\/a><\/p>\n<p>Az els\u0151 l\u00e9p\u00e9s egy olyan agyi hat\u00e1s, amely a ment\u00e1lis \u00e1llapotodat a teljes boldogs\u00e1g \u00e1llapot\u00e1ba emeli. A tested egy enyhe relax\u00e1ci\u00f3s \u00e1llapotba ker\u00fcl, ami egyeseket arra k\u00e9sztethet, hogy k\u00f6nnyed\u00e9n a kanap\u00e9ra rogyjanak, mik\u00f6zben elm\u00e9j\u00fck \u00e9s lelk\u00fck a felh\u0151k\u00f6n \u00e1t sz\u00e1rnyal. Ha hajlamos vagy erre a betegs\u00e9gre, maradj t\u00e1vol t\u0151le, mivel egyesekn\u00e9l probl\u00e9m\u00e1kat okozhat. Ezek az el\u0151ny\u00f6k a Mother of Dragons magas \u00e1tlagos THC-koncentr\u00e1ci\u00f3j\u00e1val (23-28%) egy\u00fctt nagyszer\u0171 v\u00e1laszt\u00e1ss\u00e1 teszik azok sz\u00e1m\u00e1ra, akik depresszi\u00f3val, kr\u00f3nikus f\u00e1jdalommal, szorong\u00e1ssal vagy hangulatingadoz\u00e1ssal k\u00fczdenek. Erdei z\u00f6ld sz\u0151l\u0151hajt\u00e1sok bolyhos borosty\u00e1nsz\u00edn\u0171 sz\u0151r\u00f6kkel \u00e9s csillog\u00f3 borosty\u00e1nsz\u00edn\u0171 krist\u00e1ly trichom\u00e1kkal d\u00edsz\u00edtik ezeket a r\u00fcgyeket.<\/p>\n<p>V\u00e1s\u00e1rl\u00e1s <a href=\"https:\/\/en.wikipedia.org\/wiki\/Mama_Dragons\">S\u00e1rk\u00e1nyok anyja<\/a> Cannabis Olcs\u00f3n Online - V\u00e1s\u00e1rl\u00e1s Dragons Cannabis, V\u00e1s\u00e1rl\u00e1s Mother of Dragons Cannabis Olcs\u00f3, V\u00e1s\u00e1rl\u00e1s Dragons Cannabis Olcs\u00f3 online Hol lehet megv\u00e1s\u00e1rolni Mother of Dragons Marijuana Online, Hol lehet megv\u00e1s\u00e1rolni Mother of Dragons Marijuana Online, Mother of Dragons Olcs\u00f3 elad\u00f3 az USA-ban, Kanad\u00e1ban \u00e9s az Egyes\u00fclt Kir\u00e1lys\u00e1gban, V\u00e1s\u00e1rl\u00e1s, Online, Sz\u00e1ll\u00edt\u00f3k, Biztons\u00e1gos sz\u00e1ll\u00edt\u00e1s, Mother of Dragons Marijuana Olcs\u00f3 elad\u00f3, Dragons Marijuana Olcs\u00f3 elad\u00f3, v\u00e1s\u00e1rolni Mother of Dragons Marijuana online, Mother of Dragons Marijuana Olcs\u00f3 m\u00e9g mindig el\u00e9rhet\u0151. Meg lehet szerezni Mother of Dragons Marijuana Olcs\u00f3 online az Egyes\u00fclt \u00c1llamokban? Van Mother of Dragons Marijuana Marijuana Olcs\u00f3 az Egyes\u00fclt \u00c1llamokban? Az Mother of Dragons olcs\u00f3 kannabisz leg\u00e1lis Kanad\u00e1ban?<\/p>","protected":false},"excerpt":{"rendered":"<p>Purchase Mother of Dragons Cannabis Online at a Discount The origins of Mother of Dragons, an extremely unusual and balanced hybrid (50% indica \/ 50% sativa), are unknown due to breeders&#8217; excessive secrecy and general lack of information. Tegridy Farms Cannabis is glad to introduce this cannabis product. This hard-to-find zit, which is named for &hellip;<\/p>\n<p class=\"read-more\"> <a class=\"\" href=\"https:\/\/legitgrams.com\/hu\/termek\/sarkanyok-anyja-marihuana\/\"> <span class=\"screen-reader-text\">S\u00e1rk\u00e1nyok anyja Marihu\u00e1na<\/span> Olvass tov\u00e1bb \"<\/a><\/p>","protected":false},"featured_media":5414,"comment_status":"open","ping_status":"closed","template":"","meta":{"_uag_custom_page_level_css":"","site-sidebar-layout":"default","site-content-layout":"default","ast-global-header-display":"","ast-main-header-display":"","ast-hfb-above-header-display":"","ast-hfb-below-header-display":"","ast-hfb-mobile-header-display":"","site-post-title":"","ast-breadcrumbs-content":"","ast-featured-img":"","footer-sml-layout":"","theme-transparent-header-meta":"default","adv-header-id-meta":"","stick-header-meta":"default","header-above-stick-meta":"","header-main-stick-meta":"","header-below-stick-meta":"","_joinchat":[]},"product_brand":[],"product_cat":[607],"product_tag":[4970,4960,617,4952,4967,4964,4959,4951,4954,4962,4955,4953,4963,4965,4972,4973,4971,4968,4957,4969,4966,625,4958,4961,4956],"class_list":{"0":"post-3822","1":"product","2":"type-product","3":"status-publish","4":"has-post-thumbnail","6":"product_cat-marijuana-cannabis","7":"product_tag-best-cheap-price-mother-of-dragons-marijuana","8":"product_tag-best-place-to-buy-mother-of-dragons-marijuana","9":"product_tag-bulk-online","10":"product_tag-buy-mother-of-dragons-marijuana","11":"product_tag-cheap-mother-of-dragons-marijuana","12":"product_tag-high-quality-mother-of-dragons-marijuana","13":"product_tag-how-to-buy-mother-of-dragons-marijuana","14":"product_tag-mother-of-dragons-marijuana","15":"product_tag-mother-of-dragons-marijuana-for-sale","16":"product_tag-mother-of-dragons-marijuana-legally","17":"product_tag-mother-of-dragons-marijuana-mother-of-dragons-marijuana-supplier","18":"product_tag-mother-of-dragons-marijuana-online","19":"product_tag-mother-of-dragons-marijuana-price","20":"product_tag-mother-of-dragons-marijuana-store","21":"product_tag-mother-of-dragons-marijuana-use","22":"product_tag-mother-of-dragons-marijuana-wiki","23":"product_tag-mother-of-dragons-marijuana-worldwide","24":"product_tag-mother-of-dragons-marijuanas","25":"product_tag-order-mother-of-dragons-marijuana","26":"product_tag-purcharse-mother-of-dragons-marijuana","27":"product_tag-shop-mother-of-dragons-marijuana","28":"product_tag-top-quality","29":"product_tag-where-to-buy-mother-of-dragons-marijuana","30":"product_tag-where-to-order-mother-of-dragons-marijuana","31":"product_tag-wholesale-mother-of-dragons-marijuana","32":"desktop-align-left","33":"tablet-align-left","34":"mobile-align-left","35":"ast-product-gallery-layout-horizontal","36":"ast-product-gallery-with-no-image","37":"ast-product-single-variable","38":"ast-product-tabs-layout-horizontal","39":"ast-qv-on-image","41":"first","42":"instock","43":"shipping-taxable","44":"purchasable","45":"product-type-variable"},"yoast_head":"<!-- This site is optimized with the Yoast SEO plugin v25.9 - https:\/\/yoast.com\/wordpress\/plugins\/seo\/ -->\n<title>Mother of Dragons Marijuana for Sale @ Best Price | LegitGrams<\/title>\n<meta name=\"description\" content=\"If you want to buy Mother of Dragons Marijuana online and looking for a reliable online store, then buy here. We offer only high-quality Mother of Dragons Marijuana for sale at an affordable price. Order Mother of Dragons Marijuana Now!\" \/>\n<meta name=\"robots\" content=\"index, follow, max-snippet:-1, max-image-preview:large, max-video-preview:-1\" \/>\n<link rel=\"canonical\" href=\"https:\/\/legitgrams.com\/hu\/termek\/sarkanyok-anyja-marihuana\/\" \/>\n<meta property=\"og:locale\" content=\"hu_HU\" \/>\n<meta property=\"og:type\" content=\"article\" \/>\n<meta property=\"og:title\" content=\"Mother of Dragons Marijuana for Sale @ Best Price | LegitGrams\" \/>\n<meta property=\"og:description\" content=\"If you want to buy Mother of Dragons Marijuana online and looking for a reliable online store, then buy here. We offer only high-quality Mother of Dragons Marijuana for sale at an affordable price. Order Mother of Dragons Marijuana Now!\" \/>\n<meta property=\"og:url\" content=\"https:\/\/legitgrams.com\/hu\/termek\/sarkanyok-anyja-marihuana\/\" \/>\n<meta property=\"og:site_name\" content=\"Legit Grams\" \/>\n<meta property=\"article:modified_time\" content=\"2025-01-14T10:08:06+00:00\" \/>\n<meta property=\"og:image\" content=\"https:\/\/legitgrams.com\/wp-content\/uploads\/2024\/09\/Buy-Mother-of-Dragons-Marijuana-Cheap-Online.jpg\" \/>\n\t<meta property=\"og:image:width\" content=\"600\" \/>\n\t<meta property=\"og:image:height\" content=\"600\" \/>\n\t<meta property=\"og:image:type\" content=\"image\/jpeg\" \/>\n<meta name=\"twitter:card\" content=\"summary_large_image\" \/>\n<meta name=\"twitter:label1\" content=\"Becs\u00fclt olvas\u00e1si id\u0151\" \/>\n\t<meta name=\"twitter:data1\" content=\"2 perc\" \/>\n<script type=\"application\/ld+json\" class=\"yoast-schema-graph\">{\"@context\":\"https:\/\/schema.org\",\"@graph\":[{\"@type\":\"WebPage\",\"@id\":\"https:\/\/legitgrams.com\/product\/mother-of-dragons-marijuana\/\",\"url\":\"https:\/\/legitgrams.com\/product\/mother-of-dragons-marijuana\/\",\"name\":\"Mother of Dragons Marijuana for Sale @ Best Price | LegitGrams\",\"isPartOf\":{\"@id\":\"https:\/\/legitgrams.com\/#website\"},\"primaryImageOfPage\":{\"@id\":\"https:\/\/legitgrams.com\/product\/mother-of-dragons-marijuana\/#primaryimage\"},\"image\":{\"@id\":\"https:\/\/legitgrams.com\/product\/mother-of-dragons-marijuana\/#primaryimage\"},\"thumbnailUrl\":\"https:\/\/legitgrams.com\/wp-content\/uploads\/2024\/09\/Buy-Mother-of-Dragons-Marijuana-Cheap-Online.jpg\",\"datePublished\":\"2024-09-20T06:17:02+00:00\",\"dateModified\":\"2025-01-14T10:08:06+00:00\",\"description\":\"If you want to buy Mother of Dragons Marijuana online and looking for a reliable online store, then buy here. We offer only high-quality Mother of Dragons Marijuana for sale at an affordable price. Order Mother of Dragons Marijuana Now!\",\"breadcrumb\":{\"@id\":\"https:\/\/legitgrams.com\/product\/mother-of-dragons-marijuana\/#breadcrumb\"},\"inLanguage\":\"hu\",\"potentialAction\":[{\"@type\":\"ReadAction\",\"target\":[\"https:\/\/legitgrams.com\/product\/mother-of-dragons-marijuana\/\"]}]},{\"@type\":\"ImageObject\",\"inLanguage\":\"hu\",\"@id\":\"https:\/\/legitgrams.com\/product\/mother-of-dragons-marijuana\/#primaryimage\",\"url\":\"https:\/\/legitgrams.com\/wp-content\/uploads\/2024\/09\/Buy-Mother-of-Dragons-Marijuana-Cheap-Online.jpg\",\"contentUrl\":\"https:\/\/legitgrams.com\/wp-content\/uploads\/2024\/09\/Buy-Mother-of-Dragons-Marijuana-Cheap-Online.jpg\",\"width\":600,\"height\":600,\"caption\":\"Mother of Dragons Marijuana for Sale\"},{\"@type\":\"BreadcrumbList\",\"@id\":\"https:\/\/legitgrams.com\/product\/mother-of-dragons-marijuana\/#breadcrumb\",\"itemListElement\":[{\"@type\":\"ListItem\",\"position\":1,\"name\":\"Home\",\"item\":\"https:\/\/legitgrams.com\/\"},{\"@type\":\"ListItem\",\"position\":2,\"name\":\"Shop\",\"item\":\"https:\/\/legitgrams.com\/shop\/\"},{\"@type\":\"ListItem\",\"position\":3,\"name\":\"Mother of Dragons Marijuana\"}]},{\"@type\":\"WebSite\",\"@id\":\"https:\/\/legitgrams.com\/#website\",\"url\":\"https:\/\/legitgrams.com\/\",\"name\":\"Legit Grams\",\"description\":\"My WordPress Blog\",\"publisher\":{\"@id\":\"https:\/\/legitgrams.com\/#organization\"},\"potentialAction\":[{\"@type\":\"SearchAction\",\"target\":{\"@type\":\"EntryPoint\",\"urlTemplate\":\"https:\/\/legitgrams.com\/?s={search_term_string}\"},\"query-input\":{\"@type\":\"PropertyValueSpecification\",\"valueRequired\":true,\"valueName\":\"search_term_string\"}}],\"inLanguage\":\"hu\"},{\"@type\":\"Organization\",\"@id\":\"https:\/\/legitgrams.com\/#organization\",\"name\":\"Legit Grams\",\"url\":\"https:\/\/legitgrams.com\/\",\"logo\":{\"@type\":\"ImageObject\",\"inLanguage\":\"hu\",\"@id\":\"https:\/\/legitgrams.com\/#\/schema\/logo\/image\/\",\"url\":\"https:\/\/legitgrams.com\/wp-content\/uploads\/2024\/09\/main-logo.png\",\"contentUrl\":\"https:\/\/legitgrams.com\/wp-content\/uploads\/2024\/09\/main-logo.png\",\"width\":270,\"height\":75,\"caption\":\"Legit Grams\"},\"image\":{\"@id\":\"https:\/\/legitgrams.com\/#\/schema\/logo\/image\/\"}}]}<\/script>\n<!-- \/ Yoast SEO plugin. -->","yoast_head_json":{"title":"Mother of Dragons Marihu\u00e1na elad\u00f3 a legjobb \u00e1ron | LegitGrams","description":"Ha szeretne v\u00e1s\u00e1rolni Mother of Dragons Marijuana online \u00e9s keres egy megb\u00edzhat\u00f3 online \u00e1ruh\u00e1z, akkor v\u00e1s\u00e1roljon itt. Mi csak kiv\u00e1l\u00f3 min\u0151s\u00e9g\u0171 Mother of Dragons Marijuana elad\u00f3 megfizethet\u0151 \u00e1ron k\u00edn\u00e1lunk. Rendelje meg Mother of Dragons Marijuana most!","robots":{"index":"index","follow":"follow","max-snippet":"max-snippet:-1","max-image-preview":"max-image-preview:large","max-video-preview":"max-video-preview:-1"},"canonical":"https:\/\/legitgrams.com\/hu\/termek\/sarkanyok-anyja-marihuana\/","og_locale":"hu_HU","og_type":"article","og_title":"Mother of Dragons Marijuana for Sale @ Best Price | LegitGrams","og_description":"If you want to buy Mother of Dragons Marijuana online and looking for a reliable online store, then buy here. We offer only high-quality Mother of Dragons Marijuana for sale at an affordable price. Order Mother of Dragons Marijuana Now!","og_url":"https:\/\/legitgrams.com\/hu\/termek\/sarkanyok-anyja-marihuana\/","og_site_name":"Legit Grams","article_modified_time":"2025-01-14T10:08:06+00:00","og_image":[{"width":600,"height":600,"url":"https:\/\/legitgrams.com\/wp-content\/uploads\/2024\/09\/Buy-Mother-of-Dragons-Marijuana-Cheap-Online.jpg","type":"image\/jpeg"}],"twitter_card":"summary_large_image","twitter_misc":{"Becs\u00fclt olvas\u00e1si id\u0151":"2 perc"},"schema":{"@context":"https:\/\/schema.org","@graph":[{"@type":"WebPage","@id":"https:\/\/legitgrams.com\/product\/mother-of-dragons-marijuana\/","url":"https:\/\/legitgrams.com\/product\/mother-of-dragons-marijuana\/","name":"Mother of Dragons Marihu\u00e1na elad\u00f3 a legjobb \u00e1ron | LegitGrams","isPartOf":{"@id":"https:\/\/legitgrams.com\/#website"},"primaryImageOfPage":{"@id":"https:\/\/legitgrams.com\/product\/mother-of-dragons-marijuana\/#primaryimage"},"image":{"@id":"https:\/\/legitgrams.com\/product\/mother-of-dragons-marijuana\/#primaryimage"},"thumbnailUrl":"https:\/\/legitgrams.com\/wp-content\/uploads\/2024\/09\/Buy-Mother-of-Dragons-Marijuana-Cheap-Online.jpg","datePublished":"2024-09-20T06:17:02+00:00","dateModified":"2025-01-14T10:08:06+00:00","description":"Ha szeretne v\u00e1s\u00e1rolni Mother of Dragons Marijuana online \u00e9s keres egy megb\u00edzhat\u00f3 online \u00e1ruh\u00e1z, akkor v\u00e1s\u00e1roljon itt. Mi csak kiv\u00e1l\u00f3 min\u0151s\u00e9g\u0171 Mother of Dragons Marijuana elad\u00f3 megfizethet\u0151 \u00e1ron k\u00edn\u00e1lunk. Rendelje meg Mother of Dragons Marijuana most!","breadcrumb":{"@id":"https:\/\/legitgrams.com\/product\/mother-of-dragons-marijuana\/#breadcrumb"},"inLanguage":"hu","potentialAction":[{"@type":"ReadAction","target":["https:\/\/legitgrams.com\/product\/mother-of-dragons-marijuana\/"]}]},{"@type":"ImageObject","inLanguage":"hu","@id":"https:\/\/legitgrams.com\/product\/mother-of-dragons-marijuana\/#primaryimage","url":"https:\/\/legitgrams.com\/wp-content\/uploads\/2024\/09\/Buy-Mother-of-Dragons-Marijuana-Cheap-Online.jpg","contentUrl":"https:\/\/legitgrams.com\/wp-content\/uploads\/2024\/09\/Buy-Mother-of-Dragons-Marijuana-Cheap-Online.jpg","width":600,"height":600,"caption":"Mother of Dragons Marijuana for Sale"},{"@type":"BreadcrumbList","@id":"https:\/\/legitgrams.com\/product\/mother-of-dragons-marijuana\/#breadcrumb","itemListElement":[{"@type":"ListItem","position":1,"name":"Home","item":"https:\/\/legitgrams.com\/"},{"@type":"ListItem","position":2,"name":"Shop","item":"https:\/\/legitgrams.com\/shop\/"},{"@type":"ListItem","position":3,"name":"Mother of Dragons Marijuana"}]},{"@type":"WebSite","@id":"https:\/\/legitgrams.com\/#website","url":"https:\/\/legitgrams.com\/","name":"Legit Grams","description":"Az \u00e9n WordPress blogom","publisher":{"@id":"https:\/\/legitgrams.com\/#organization"},"potentialAction":[{"@type":"SearchAction","target":{"@type":"EntryPoint","urlTemplate":"https:\/\/legitgrams.com\/?s={search_term_string}"},"query-input":{"@type":"PropertyValueSpecification","valueRequired":true,"valueName":"search_term_string"}}],"inLanguage":"hu"},{"@type":"Organization","@id":"https:\/\/legitgrams.com\/#organization","name":"Legit Grams","url":"https:\/\/legitgrams.com\/","logo":{"@type":"ImageObject","inLanguage":"hu","@id":"https:\/\/legitgrams.com\/#\/schema\/logo\/image\/","url":"https:\/\/legitgrams.com\/wp-content\/uploads\/2024\/09\/main-logo.png","contentUrl":"https:\/\/legitgrams.com\/wp-content\/uploads\/2024\/09\/main-logo.png","width":270,"height":75,"caption":"Legit Grams"},"image":{"@id":"https:\/\/legitgrams.com\/#\/schema\/logo\/image\/"}}]}},"uagb_featured_image_src":{"full":["https:\/\/legitgrams.com\/wp-content\/uploads\/2024\/09\/Buy-Mother-of-Dragons-Marijuana-Cheap-Online.jpg",600,600,false],"thumbnail":["https:\/\/legitgrams.com\/wp-content\/uploads\/2024\/09\/Buy-Mother-of-Dragons-Marijuana-Cheap-Online-150x150.jpg",150,150,true],"medium":["https:\/\/legitgrams.com\/wp-content\/uploads\/2024\/09\/Buy-Mother-of-Dragons-Marijuana-Cheap-Online-300x300.jpg",300,300,true],"medium_large":["https:\/\/legitgrams.com\/wp-content\/uploads\/2024\/09\/Buy-Mother-of-Dragons-Marijuana-Cheap-Online.jpg",600,600,false],"large":["https:\/\/legitgrams.com\/wp-content\/uploads\/2024\/09\/Buy-Mother-of-Dragons-Marijuana-Cheap-Online.jpg",600,600,false],"1536x1536":["https:\/\/legitgrams.com\/wp-content\/uploads\/2024\/09\/Buy-Mother-of-Dragons-Marijuana-Cheap-Online.jpg",600,600,false],"2048x2048":["https:\/\/legitgrams.com\/wp-content\/uploads\/2024\/09\/Buy-Mother-of-Dragons-Marijuana-Cheap-Online.jpg",600,600,false],"trp-custom-language-flag":["https:\/\/legitgrams.com\/wp-content\/uploads\/2024\/09\/Buy-Mother-of-Dragons-Marijuana-Cheap-Online-12x12.jpg",12,12,true],"woocommerce_thumbnail":["https:\/\/legitgrams.com\/wp-content\/uploads\/2024\/09\/Buy-Mother-of-Dragons-Marijuana-Cheap-Online-300x300.jpg",300,300,true],"woocommerce_single":["https:\/\/legitgrams.com\/wp-content\/uploads\/2024\/09\/Buy-Mother-of-Dragons-Marijuana-Cheap-Online.jpg",600,600,false],"woocommerce_gallery_thumbnail":["https:\/\/legitgrams.com\/wp-content\/uploads\/2024\/09\/Buy-Mother-of-Dragons-Marijuana-Cheap-Online-100x100.jpg",100,100,true]},"uagb_author_info":{"display_name":"cokeblog18","author_link":"https:\/\/legitgrams.com\/hu\/author\/"},"uagb_comment_info":0,"uagb_excerpt":"Purchase Mother of Dragons Cannabis Online at a Discount The origins of Mother of Dragons, an extremely unusual and balanced hybrid (50% indica \/ 50% sativa), are unknown due to breeders&#8217; excessive secrecy and general lack of information. Tegridy Farms Cannabis is glad to introduce this cannabis product. This hard-to-find zit, which is named for&hellip;","_links":{"self":[{"href":"https:\/\/legitgrams.com\/hu\/wp-json\/wp\/v2\/product\/3822","targetHints":{"allow":["GET"]}}],"collection":[{"href":"https:\/\/legitgrams.com\/hu\/wp-json\/wp\/v2\/product"}],"about":[{"href":"https:\/\/legitgrams.com\/hu\/wp-json\/wp\/v2\/types\/product"}],"replies":[{"embeddable":true,"href":"https:\/\/legitgrams.com\/hu\/wp-json\/wp\/v2\/comments?post=3822"}],"wp:featuredmedia":[{"embeddable":true,"href":"https:\/\/legitgrams.com\/hu\/wp-json\/wp\/v2\/media\/5414"}],"wp:attachment":[{"href":"https:\/\/legitgrams.com\/hu\/wp-json\/wp\/v2\/media?parent=3822"}],"wp:term":[{"taxonomy":"product_brand","embeddable":true,"href":"https:\/\/legitgrams.com\/hu\/wp-json\/wp\/v2\/product_brand?post=3822"},{"taxonomy":"product_cat","embeddable":true,"href":"https:\/\/legitgrams.com\/hu\/wp-json\/wp\/v2\/product_cat?post=3822"},{"taxonomy":"product_tag","embeddable":true,"href":"https:\/\/legitgrams.com\/hu\/wp-json\/wp\/v2\/product_tag?post=3822"}],"curies":[{"name":"wp","href":"https:\/\/api.w.org\/{rel}","templated":true}]}}