{"id":3823,"date":"2024-09-20T06:19:26","date_gmt":"2024-09-20T06:19:26","guid":{"rendered":"https:\/\/legitgrams.com\/?post_type=product&#038;p=3823"},"modified":"2025-01-13T08:10:48","modified_gmt":"2025-01-13T08:10:48","slug":"agent-orange-marijuana-strain","status":"publish","type":"product","link":"https:\/\/legitgrams.com\/hu\/termek\/agent-orange-marijuana-strain\/","title":{"rendered":"Agent Orange marihu\u00e1na t\u00f6rzs"},"content":{"rendered":"<h2>Elad\u00f3: Agent Orange Cannabis Strain<\/h2>\n<p>\u00c1zsia vizualiz\u00e1l\u00e1s\u00e1nak egyik m\u00f3dja, ha behunyja a szem\u00e9t, \u00e9s vizualiz\u00e1lja a t\u00e1voli partvonalakat, a sajn\u00e1latos m\u00f3don hi\u00e1nyz\u00f3 mened\u00e9keket, \u00e9s olyan finom \u00e9teleket, hogy m\u00e1st nem is akar majd enni. Alternat\u00edv megold\u00e1sk\u00e9nt pr\u00f3b\u00e1lja ki ezt a hihetetlen\u00fcl ritka \u00e9s \u00e9l\u00e9nk\u00edt\u0151 t\u00f6rzset; lehet, hogy ez a fant\u00e1zia, amire v\u00e1rt\u00e1l. Rejt\u00e9lyes szaporod\u00e1suk \u00e9s rendk\u00edv\u00fcl titkos genetikai fel\u00e9p\u00edt\u00e9s\u00fck miatt az \u00e1zsiai narancsokr\u00f3l sok\u00e1ig azt hitt\u00e9k, hogy kihaltak. Azonban ma m\u00e1r ismert, hogy ez a vesz\u00e9lyeztetett fajta n\u00e9h\u00e1ny elk\u00f6telezett t\u00e1mogat\u00f3ja miatt m\u00e9g mindig l\u00e9tezik.<\/p>\n<p>Meg\u00e1llap\u00edtott\u00e1k, hogy ez egy megb\u00edzhat\u00f3 Sativa, amelynek \u00e1lland\u00f3 THC-szintje 17% \u00e9s 24% k\u00f6z\u00f6tt van, m\u00e9g az apas\u00e1g meger\u0151s\u00edt\u00e9se n\u00e9lk\u00fcl is. Annak ellen\u00e9re, hogy a t\u00f6rzs neve \"<a href=\"https:\/\/en.wikipedia.org\/wiki\/Agent_Orange\">Asian Orange<\/a>\u201d, amely a viszonylagos hom\u00e1ly\u00e1t \u00edrja le, tal\u00e1n k\u00f6ze van a ter\u00fclet \u00e1zsiai \u00f6r\u00f6ks\u00e9g\u00e9hez, valamint a nagy, hull\u00e1mos, s\u00f6t\u00e9tv\u00f6r\u00f6s sz\u0151rsz\u00e1lakkal bor\u00edtott vir\u00e1gokhoz. A citromh\u00e9j \u00e9s az \u00e9dess\u00e9ggel kevert savak illata \u00e1thatja ezeket a finom r\u00f6g\u00f6ket. \u00c1ltal\u00e1nos form\u00e1ja a hom\u00e1rhorgot k\u00edv\u00e1nja ut\u00e1nozni, ami vizu\u00e1lis vonzer\u0151t k\u00f6lcs\u00f6n\u00f6z neki, \u00e9s a nedves vir\u00e1g f\u00f6l\u00e9 emeli. <a href=\"https:\/\/legitgrams.com\/hu\/\">LegitGrams<\/a><\/p>\n<p>Az \u00e9rz\u00e9st pszichedelikusnak, felemel\u0151nek \u00e9s agyinak jellemzik. Egyedis\u00e9ge \u00e9s szem\u00e9lyis\u00e9ge gyorsan n\u00f6vekedni fog, amit\u0151l borzong\u00e1s fut v\u00e9gig a gerinc\u00e9n a fej\u00e9t\u0151l a v\u00e9gtagokig. A f\u00e9ny \u00e1tterjed a k\u00f6zpontodba, ahogy tested elkezd teljesen ellazulni. Norm\u00e1lis ilyenkor lelkesnek lenni. Abban az esetben, ha meggy\u0151z\u0151d\u00f6tt r\u00f3la, ez a fajta spanyol l\u00e9gy kiv\u00e1l\u00f3. A t\u00f6rzs er\u0151s hull\u00e1mai \u00e9s intenz\u00edv pszichoaktivit\u00e1sa miatt nem aj\u00e1nlott azoknak, akik hajlamosak a ment\u00e1lis rep\u00fcl\u00e9sre vagy a bizalmatlans\u00e1gra.<\/p>\n<p>Az Agent Orange Cannabis t\u00f6rzs online v\u00e1s\u00e1rl\u00e1sa: <a href=\"https:\/\/legitgrams.com\/hu\/termek\/agent-orange-marijuana-strain\/\">V\u00e1s\u00e1roljon narancsos kendert<\/a>, Buy Agent Orange Cannabis Strain, Buy Orange Cannabis Strain Agent Orange Marihuana Strain Elad\u00f3, Agent Orange Marihuana Strain elad\u00f3, Agent Orange Marihuana Strain online v\u00e1s\u00e1rl\u00e1sa, Agent Orange Marihuana Strain online v\u00e1s\u00e1rl\u00e1sa, besz\u00e1ll\u00edt\u00f3k, biztons\u00e1gos sz\u00e1ll\u00edt\u00e1s, Amerika, Kanada \u00e9s a Az Egyes\u00fclt Kir\u00e1lys\u00e1g Agent Orange Marihuana Strain tov\u00e1bbra is el\u00e9rhet\u0151. Ezenk\u00edv\u00fcl megtudhatja, hogy enged\u00e9lyezett-e Kanad\u00e1ban, hogyan szerezheti be az interneten, \u00e9s hogy leg\u00e1lis-e az Egyes\u00fclt \u00c1llamokban.<\/p>","protected":false},"excerpt":{"rendered":"<p>For Sale: Agent Orange Cannabis Strain One way to visualize Asia is to close your eyes and visualize far coastlines, sadly missing havens, and food so good you won&#8217;t want to eat anything else. As an alternative, try this incredibly uncommon and invigorating strain; it might be the fantasy you&#8217;ve been waiting for. Because of &hellip;<\/p>\n<p class=\"read-more\"> <a class=\"\" href=\"https:\/\/legitgrams.com\/hu\/termek\/agent-orange-marijuana-strain\/\"> <span class=\"screen-reader-text\">Agent Orange marihu\u00e1na t\u00f6rzs<\/span> Olvass tov\u00e1bb \"<\/a><\/p>","protected":false},"featured_media":5403,"comment_status":"open","ping_status":"closed","template":"","meta":{"_uag_custom_page_level_css":"","site-sidebar-layout":"default","site-content-layout":"default","ast-global-header-display":"","ast-main-header-display":"","ast-hfb-above-header-display":"","ast-hfb-below-header-display":"","ast-hfb-mobile-header-display":"","site-post-title":"","ast-breadcrumbs-content":"","ast-featured-img":"","footer-sml-layout":"","theme-transparent-header-meta":"default","adv-header-id-meta":"","stick-header-meta":"default","header-above-stick-meta":"","header-main-stick-meta":"","header-below-stick-meta":"","_joinchat":[]},"product_brand":[],"product_cat":[607],"product_tag":[4928,4932,4931,4939,4930,4940,4942,4949,4950,4948,4945,4947,4937,617,4929,4944,4941,4936,4934,4946,4943,625,4935,4938,4933],"class_list":{"0":"post-3823","1":"product","2":"type-product","3":"status-publish","4":"has-post-thumbnail","6":"product_cat-marijuana-cannabis","7":"product_tag-agent-orange-marijuana-strain","8":"product_tag-agent-orange-marijuana-strain-agent-orange-marijuana-strain-supplier","9":"product_tag-agent-orange-marijuana-strain-for-sale","10":"product_tag-agent-orange-marijuana-strain-legally","11":"product_tag-agent-orange-marijuana-strain-online","12":"product_tag-agent-orange-marijuana-strain-price","13":"product_tag-agent-orange-marijuana-strain-store","14":"product_tag-agent-orange-marijuana-strain-use","15":"product_tag-agent-orange-marijuana-strain-wiki","16":"product_tag-agent-orange-marijuana-strain-worldwide","17":"product_tag-agent-orange-marijuana-strains","18":"product_tag-best-cheap-price-agent-orange-marijuana-strain","19":"product_tag-best-place-to-buy-agent-orange-marijuana-strain","20":"product_tag-bulk-online","21":"product_tag-buy-agent-orange-marijuana-strain","22":"product_tag-cheap-agent-orange-marijuana-strain","23":"product_tag-high-quality-agent-orange-marijuana-strain","24":"product_tag-how-to-buy-agent-orange-marijuana-strain","25":"product_tag-order-agent-orange-marijuana-strain","26":"product_tag-purcharse-agent-orange-marijuana-strain","27":"product_tag-shop-agent-orange-marijuana-strain","28":"product_tag-top-quality","29":"product_tag-where-to-buy-agent-orange-marijuana-strain","30":"product_tag-where-to-order-agent-orange-marijuana-strain","31":"product_tag-wholesale-agent-orange-marijuana-strain","32":"desktop-align-left","33":"tablet-align-left","34":"mobile-align-left","35":"ast-product-gallery-layout-horizontal","36":"ast-product-gallery-with-no-image","37":"ast-product-single-variable","38":"ast-product-tabs-layout-horizontal","39":"ast-qv-on-image","41":"first","42":"instock","43":"shipping-taxable","44":"purchasable","45":"product-type-variable"},"yoast_head":"<!-- This site is optimized with the Yoast SEO plugin v25.9 - https:\/\/yoast.com\/wordpress\/plugins\/seo\/ -->\n<title>Agent Orange Marijuana for Sale - Order Agent Orange Online<\/title>\n<meta name=\"description\" content=\"If you have not tried agent orange marijuana strain from our store, then you are missing a lot. We will help you buy orange marijuana strain online at cheap rate. Get orange marijuana strain for sale today!\" \/>\n<meta name=\"robots\" content=\"index, follow, max-snippet:-1, max-image-preview:large, max-video-preview:-1\" \/>\n<link rel=\"canonical\" href=\"https:\/\/legitgrams.com\/hu\/termek\/agent-orange-marijuana-strain\/\" \/>\n<meta property=\"og:locale\" content=\"hu_HU\" \/>\n<meta property=\"og:type\" content=\"article\" \/>\n<meta property=\"og:title\" content=\"Agent Orange Marijuana for Sale - Order Agent Orange Online\" \/>\n<meta property=\"og:description\" content=\"If you have not tried agent orange marijuana strain from our store, then you are missing a lot. We will help you buy orange marijuana strain online at cheap rate. Get orange marijuana strain for sale today!\" \/>\n<meta property=\"og:url\" content=\"https:\/\/legitgrams.com\/hu\/termek\/agent-orange-marijuana-strain\/\" \/>\n<meta property=\"og:site_name\" content=\"Legit Grams\" \/>\n<meta property=\"article:modified_time\" content=\"2025-01-13T08:10:48+00:00\" \/>\n<meta property=\"og:image\" content=\"https:\/\/legitgrams.com\/wp-content\/uploads\/2024\/09\/Buy-Agent-Orange-Marijuana-Strain-Online-1.jpg\" \/>\n\t<meta property=\"og:image:width\" content=\"600\" \/>\n\t<meta property=\"og:image:height\" content=\"600\" \/>\n\t<meta property=\"og:image:type\" content=\"image\/jpeg\" \/>\n<meta name=\"twitter:card\" content=\"summary_large_image\" \/>\n<meta name=\"twitter:label1\" content=\"Becs\u00fclt olvas\u00e1si id\u0151\" \/>\n\t<meta name=\"twitter:data1\" content=\"2 perc\" \/>\n<script type=\"application\/ld+json\" class=\"yoast-schema-graph\">{\"@context\":\"https:\/\/schema.org\",\"@graph\":[{\"@type\":\"WebPage\",\"@id\":\"https:\/\/legitgrams.com\/product\/agent-orange-marijuana-strain\/\",\"url\":\"https:\/\/legitgrams.com\/product\/agent-orange-marijuana-strain\/\",\"name\":\"Agent Orange Marijuana for Sale - Order Agent Orange Online\",\"isPartOf\":{\"@id\":\"https:\/\/legitgrams.com\/#website\"},\"primaryImageOfPage\":{\"@id\":\"https:\/\/legitgrams.com\/product\/agent-orange-marijuana-strain\/#primaryimage\"},\"image\":{\"@id\":\"https:\/\/legitgrams.com\/product\/agent-orange-marijuana-strain\/#primaryimage\"},\"thumbnailUrl\":\"https:\/\/legitgrams.com\/wp-content\/uploads\/2024\/09\/Buy-Agent-Orange-Marijuana-Strain-Online-1.jpg\",\"datePublished\":\"2024-09-20T06:19:26+00:00\",\"dateModified\":\"2025-01-13T08:10:48+00:00\",\"description\":\"If you have not tried agent orange marijuana strain from our store, then you are missing a lot. We will help you buy orange marijuana strain online at cheap rate. Get orange marijuana strain for sale today!\",\"breadcrumb\":{\"@id\":\"https:\/\/legitgrams.com\/product\/agent-orange-marijuana-strain\/#breadcrumb\"},\"inLanguage\":\"hu\",\"potentialAction\":[{\"@type\":\"ReadAction\",\"target\":[\"https:\/\/legitgrams.com\/product\/agent-orange-marijuana-strain\/\"]}]},{\"@type\":\"ImageObject\",\"inLanguage\":\"hu\",\"@id\":\"https:\/\/legitgrams.com\/product\/agent-orange-marijuana-strain\/#primaryimage\",\"url\":\"https:\/\/legitgrams.com\/wp-content\/uploads\/2024\/09\/Buy-Agent-Orange-Marijuana-Strain-Online-1.jpg\",\"contentUrl\":\"https:\/\/legitgrams.com\/wp-content\/uploads\/2024\/09\/Buy-Agent-Orange-Marijuana-Strain-Online-1.jpg\",\"width\":600,\"height\":600,\"caption\":\"Agent Orange Marijuana Strain for Sale\"},{\"@type\":\"BreadcrumbList\",\"@id\":\"https:\/\/legitgrams.com\/product\/agent-orange-marijuana-strain\/#breadcrumb\",\"itemListElement\":[{\"@type\":\"ListItem\",\"position\":1,\"name\":\"Home\",\"item\":\"https:\/\/legitgrams.com\/\"},{\"@type\":\"ListItem\",\"position\":2,\"name\":\"Shop\",\"item\":\"https:\/\/legitgrams.com\/shop\/\"},{\"@type\":\"ListItem\",\"position\":3,\"name\":\"Agent Orange Marijuana Strain\"}]},{\"@type\":\"WebSite\",\"@id\":\"https:\/\/legitgrams.com\/#website\",\"url\":\"https:\/\/legitgrams.com\/\",\"name\":\"Legit Grams\",\"description\":\"My WordPress Blog\",\"publisher\":{\"@id\":\"https:\/\/legitgrams.com\/#organization\"},\"potentialAction\":[{\"@type\":\"SearchAction\",\"target\":{\"@type\":\"EntryPoint\",\"urlTemplate\":\"https:\/\/legitgrams.com\/?s={search_term_string}\"},\"query-input\":{\"@type\":\"PropertyValueSpecification\",\"valueRequired\":true,\"valueName\":\"search_term_string\"}}],\"inLanguage\":\"hu\"},{\"@type\":\"Organization\",\"@id\":\"https:\/\/legitgrams.com\/#organization\",\"name\":\"Legit Grams\",\"url\":\"https:\/\/legitgrams.com\/\",\"logo\":{\"@type\":\"ImageObject\",\"inLanguage\":\"hu\",\"@id\":\"https:\/\/legitgrams.com\/#\/schema\/logo\/image\/\",\"url\":\"https:\/\/legitgrams.com\/wp-content\/uploads\/2024\/09\/main-logo.png\",\"contentUrl\":\"https:\/\/legitgrams.com\/wp-content\/uploads\/2024\/09\/main-logo.png\",\"width\":270,\"height\":75,\"caption\":\"Legit Grams\"},\"image\":{\"@id\":\"https:\/\/legitgrams.com\/#\/schema\/logo\/image\/\"}}]}<\/script>\n<!-- \/ Yoast SEO plugin. -->","yoast_head_json":{"title":"Agent Orange Marijuana for Sale - Order Agent Orange Online","description":"If you have not tried agent orange marijuana strain from our store, then you are missing a lot. We will help you buy orange marijuana strain online at cheap rate. Get orange marijuana strain for sale today!","robots":{"index":"index","follow":"follow","max-snippet":"max-snippet:-1","max-image-preview":"max-image-preview:large","max-video-preview":"max-video-preview:-1"},"canonical":"https:\/\/legitgrams.com\/hu\/termek\/agent-orange-marijuana-strain\/","og_locale":"hu_HU","og_type":"article","og_title":"Agent Orange Marijuana for Sale - Order Agent Orange Online","og_description":"If you have not tried agent orange marijuana strain from our store, then you are missing a lot. We will help you buy orange marijuana strain online at cheap rate. Get orange marijuana strain for sale today!","og_url":"https:\/\/legitgrams.com\/hu\/termek\/agent-orange-marijuana-strain\/","og_site_name":"Legit Grams","article_modified_time":"2025-01-13T08:10:48+00:00","og_image":[{"width":600,"height":600,"url":"https:\/\/legitgrams.com\/wp-content\/uploads\/2024\/09\/Buy-Agent-Orange-Marijuana-Strain-Online-1.jpg","type":"image\/jpeg"}],"twitter_card":"summary_large_image","twitter_misc":{"Becs\u00fclt olvas\u00e1si id\u0151":"2 perc"},"schema":{"@context":"https:\/\/schema.org","@graph":[{"@type":"WebPage","@id":"https:\/\/legitgrams.com\/product\/agent-orange-marijuana-strain\/","url":"https:\/\/legitgrams.com\/product\/agent-orange-marijuana-strain\/","name":"Agent Orange Marijuana for Sale - Order Agent Orange Online","isPartOf":{"@id":"https:\/\/legitgrams.com\/#website"},"primaryImageOfPage":{"@id":"https:\/\/legitgrams.com\/product\/agent-orange-marijuana-strain\/#primaryimage"},"image":{"@id":"https:\/\/legitgrams.com\/product\/agent-orange-marijuana-strain\/#primaryimage"},"thumbnailUrl":"https:\/\/legitgrams.com\/wp-content\/uploads\/2024\/09\/Buy-Agent-Orange-Marijuana-Strain-Online-1.jpg","datePublished":"2024-09-20T06:19:26+00:00","dateModified":"2025-01-13T08:10:48+00:00","description":"If you have not tried agent orange marijuana strain from our store, then you are missing a lot. We will help you buy orange marijuana strain online at cheap rate. Get orange marijuana strain for sale today!","breadcrumb":{"@id":"https:\/\/legitgrams.com\/product\/agent-orange-marijuana-strain\/#breadcrumb"},"inLanguage":"hu","potentialAction":[{"@type":"ReadAction","target":["https:\/\/legitgrams.com\/product\/agent-orange-marijuana-strain\/"]}]},{"@type":"ImageObject","inLanguage":"hu","@id":"https:\/\/legitgrams.com\/product\/agent-orange-marijuana-strain\/#primaryimage","url":"https:\/\/legitgrams.com\/wp-content\/uploads\/2024\/09\/Buy-Agent-Orange-Marijuana-Strain-Online-1.jpg","contentUrl":"https:\/\/legitgrams.com\/wp-content\/uploads\/2024\/09\/Buy-Agent-Orange-Marijuana-Strain-Online-1.jpg","width":600,"height":600,"caption":"Agent Orange Marijuana Strain for Sale"},{"@type":"BreadcrumbList","@id":"https:\/\/legitgrams.com\/product\/agent-orange-marijuana-strain\/#breadcrumb","itemListElement":[{"@type":"ListItem","position":1,"name":"Home","item":"https:\/\/legitgrams.com\/"},{"@type":"ListItem","position":2,"name":"Shop","item":"https:\/\/legitgrams.com\/shop\/"},{"@type":"ListItem","position":3,"name":"Agent Orange Marijuana Strain"}]},{"@type":"WebSite","@id":"https:\/\/legitgrams.com\/#website","url":"https:\/\/legitgrams.com\/","name":"Legit Grams","description":"Az \u00e9n WordPress blogom","publisher":{"@id":"https:\/\/legitgrams.com\/#organization"},"potentialAction":[{"@type":"SearchAction","target":{"@type":"EntryPoint","urlTemplate":"https:\/\/legitgrams.com\/?s={search_term_string}"},"query-input":{"@type":"PropertyValueSpecification","valueRequired":true,"valueName":"search_term_string"}}],"inLanguage":"hu"},{"@type":"Organization","@id":"https:\/\/legitgrams.com\/#organization","name":"Legit Grams","url":"https:\/\/legitgrams.com\/","logo":{"@type":"ImageObject","inLanguage":"hu","@id":"https:\/\/legitgrams.com\/#\/schema\/logo\/image\/","url":"https:\/\/legitgrams.com\/wp-content\/uploads\/2024\/09\/main-logo.png","contentUrl":"https:\/\/legitgrams.com\/wp-content\/uploads\/2024\/09\/main-logo.png","width":270,"height":75,"caption":"Legit Grams"},"image":{"@id":"https:\/\/legitgrams.com\/#\/schema\/logo\/image\/"}}]}},"uagb_featured_image_src":{"full":["https:\/\/legitgrams.com\/wp-content\/uploads\/2024\/09\/Buy-Agent-Orange-Marijuana-Strain-Online-1.jpg",600,600,false],"thumbnail":["https:\/\/legitgrams.com\/wp-content\/uploads\/2024\/09\/Buy-Agent-Orange-Marijuana-Strain-Online-1-150x150.jpg",150,150,true],"medium":["https:\/\/legitgrams.com\/wp-content\/uploads\/2024\/09\/Buy-Agent-Orange-Marijuana-Strain-Online-1-300x300.jpg",300,300,true],"medium_large":["https:\/\/legitgrams.com\/wp-content\/uploads\/2024\/09\/Buy-Agent-Orange-Marijuana-Strain-Online-1.jpg",600,600,false],"large":["https:\/\/legitgrams.com\/wp-content\/uploads\/2024\/09\/Buy-Agent-Orange-Marijuana-Strain-Online-1.jpg",600,600,false],"1536x1536":["https:\/\/legitgrams.com\/wp-content\/uploads\/2024\/09\/Buy-Agent-Orange-Marijuana-Strain-Online-1.jpg",600,600,false],"2048x2048":["https:\/\/legitgrams.com\/wp-content\/uploads\/2024\/09\/Buy-Agent-Orange-Marijuana-Strain-Online-1.jpg",600,600,false],"trp-custom-language-flag":["https:\/\/legitgrams.com\/wp-content\/uploads\/2024\/09\/Buy-Agent-Orange-Marijuana-Strain-Online-1-12x12.jpg",12,12,true],"woocommerce_thumbnail":["https:\/\/legitgrams.com\/wp-content\/uploads\/2024\/09\/Buy-Agent-Orange-Marijuana-Strain-Online-1-300x300.jpg",300,300,true],"woocommerce_single":["https:\/\/legitgrams.com\/wp-content\/uploads\/2024\/09\/Buy-Agent-Orange-Marijuana-Strain-Online-1.jpg",600,600,false],"woocommerce_gallery_thumbnail":["https:\/\/legitgrams.com\/wp-content\/uploads\/2024\/09\/Buy-Agent-Orange-Marijuana-Strain-Online-1-100x100.jpg",100,100,true]},"uagb_author_info":{"display_name":"cokeblog18","author_link":"https:\/\/legitgrams.com\/hu\/author\/"},"uagb_comment_info":0,"uagb_excerpt":"For Sale: Agent Orange Cannabis Strain One way to visualize Asia is to close your eyes and visualize far coastlines, sadly missing havens, and food so good you won&#8217;t want to eat anything else. As an alternative, try this incredibly uncommon and invigorating strain; it might be the fantasy you&#8217;ve been waiting for. Because of&hellip;","_links":{"self":[{"href":"https:\/\/legitgrams.com\/hu\/wp-json\/wp\/v2\/product\/3823","targetHints":{"allow":["GET"]}}],"collection":[{"href":"https:\/\/legitgrams.com\/hu\/wp-json\/wp\/v2\/product"}],"about":[{"href":"https:\/\/legitgrams.com\/hu\/wp-json\/wp\/v2\/types\/product"}],"replies":[{"embeddable":true,"href":"https:\/\/legitgrams.com\/hu\/wp-json\/wp\/v2\/comments?post=3823"}],"wp:featuredmedia":[{"embeddable":true,"href":"https:\/\/legitgrams.com\/hu\/wp-json\/wp\/v2\/media\/5403"}],"wp:attachment":[{"href":"https:\/\/legitgrams.com\/hu\/wp-json\/wp\/v2\/media?parent=3823"}],"wp:term":[{"taxonomy":"product_brand","embeddable":true,"href":"https:\/\/legitgrams.com\/hu\/wp-json\/wp\/v2\/product_brand?post=3823"},{"taxonomy":"product_cat","embeddable":true,"href":"https:\/\/legitgrams.com\/hu\/wp-json\/wp\/v2\/product_cat?post=3823"},{"taxonomy":"product_tag","embeddable":true,"href":"https:\/\/legitgrams.com\/hu\/wp-json\/wp\/v2\/product_tag?post=3823"}],"curies":[{"name":"wp","href":"https:\/\/api.w.org\/{rel}","templated":true}]}}