{"id":3834,"date":"2024-09-20T06:32:23","date_gmt":"2024-09-20T06:32:23","guid":{"rendered":"https:\/\/legitgrams.com\/?post_type=product&#038;p=3834"},"modified":"2025-03-07T04:57:10","modified_gmt":"2025-03-07T04:57:10","slug":"1p-lsd-100mcg-blotters-olcso","status":"publish","type":"product","link":"https:\/\/legitgrams.com\/hu\/termek\/1p-lsd-100mcg-blotters-olcso\/","title":{"rendered":"V\u00e1s\u00e1roljon 1P-LSD 100mcg blottereket olcs\u00f3n online"},"content":{"rendered":"<h2>Olcs\u00f3 100mcg 1P-LSD blotterek elad\u00f3k<\/h2>\n<p>Az Indica domin\u00e1ns t\u00f6rzs <a href=\"https:\/\/legitgrams.com\/hu\/termek\/1p-lsd-100mcg-blotters-olcso\/\">L.S.D.<\/a>. recebeu o nome de uma forte subst\u00e2ncia alucinog\u00e9nia por causa da sua incr\u00edvel intelectualidade e <a href=\"https:\/\/www.bing.com\/search?q=Buy%201P-LSD%20100mcg%20Blotters%20cheap%20Online&amp;qs=n&amp;form=QBRE&amp;sp=-1&amp;lq=0&amp;pq=buy%201p-lsd%20100mcg%20blotters%20cheap%20online&amp;sc=0-39&amp;sk=&amp;cvid=CB9D41D5B6F844BEAAD6316CF564FD0F&amp;ghsh=0&amp;ghacc=0&amp;ghpl=\">psychedelic<\/a> high. Before the strain, there is a high-energy, joyful feeling that can induce psychological fog, leaving some people entirely confused and &#8220;intellectually stuck.&#8221; Several clients report that using <a href=\"https:\/\/www.bing.com\/search?q=Buy%201P-LSD%20100mcg%20Blotters%20cheap%20Online&amp;qs=n&amp;form=QBRE&amp;sp=-1&amp;lq=0&amp;pq=buy%201p-lsd%20100mcg%20blotters%20cheap%20online&amp;sc=0-39&amp;sk=&amp;cvid=CB9D41D5B6F844BEAAD6316CF564FD0F&amp;ghsh=0&amp;ghacc=0&amp;ghpl=\">LSD<\/a> kreat\u00edvabbnak vagy t\u00e1rsas\u00e1gosabbnak \u00e9rzik magukat az intenz\u00edv agyi stimul\u00e1ci\u00f3 ellen\u00e9re.<\/p>\n<h3>V\u00e1s\u00e1rl\u00e1s 1P-LSD Olcs\u00f3 100mcg Blotters Online<\/h3>\n<p>Egy indica eset\u00e9ben a ment\u00e1lis stimul\u00e1ci\u00f3 ilyen fok\u00fa m\u00e9rt\u00e9ke val\u00f3ban szokatlan. <a href=\"https:\/\/www.google.com\/search?q=Buy+1P-LSD+100mcg+Blotters+cheap+Online&amp;num=10&amp;sca_esv=1a2a07081c7891bb&amp;rlz=1C1RXQR_enIN1098IN1098&amp;sxsrf=AHTn8zr4KiQqQMeBWxMyIh4N-_SnSv1Bvg%3A1741323239722&amp;ei=53vKZ8jnK-3jseMP8MuJuQ8&amp;ved=0ahUKEwiI95HJlveLAxXtcWwGHfBlIvcQ4dUDCBA&amp;uact=5&amp;oq=Buy+1P-LSD+100mcg+Blotters+cheap+Online&amp;gs_lp=Egxnd3Mtd2l6LXNlcnAiJ0J1eSAxUC1MU0QgMTAwbWNnIEJsb3R0ZXJzIGNoZWFwIE9ubGluZUjTBlCMA1iMA3ACeACQAQCYAfsBoAH7AaoBAzItMbgBA8gBAPgBAvgBAZgCAKACAJgDAIgGAZIHAKAH8gE&amp;sclient=gws-wiz-serp\">L.S.D.<\/a>Ez a fajta ment\u00e1lis stimul\u00e1ci\u00f3 igaz\u00e1n szokatlan egy Indica sz\u00e1m\u00e1ra. Ahogy az v\u00e1rhat\u00f3 volt, L.S.D. a szok\u00e1sos indika alap\u00fa fizikai hat\u00e1sokkal is rendelkezik. Az \u00fcgyfelek gyakran tapasztalj\u00e1k a forradalmian \u00faj test deszenzibiliz\u00e1l\u00f3 hat\u00e1st egy-k\u00e9t \u00f3r\u00e1val a bev\u00e9tel ut\u00e1n, miut\u00e1n az agyi hat\u00e1sok t\u00f6bbs\u00e9ge megsz\u0171nt. A pamut k\u00e1ros k\u00f6vetkezm\u00e9nyei k\u00f6z\u00e9 tartozik a fejf\u00e1j\u00e1s, \u00e1lmoss\u00e1g, sz\u00e1raz szem, az ajkak \u00e9s az enyhe gyanakv\u00e1s.<\/p>\n<p>A legt\u00f6bb ember sz\u00e1m\u00e1ra ez a t\u00f6rzs seg\u00edthet a kr\u00f3nikus l\u00fcktet\u0151 f\u00e1jdalom enyh\u00edt\u00e9s\u00e9ben a nap b\u00e1rmely szak\u00e1ban. <a href=\"https:\/\/www.google.com\/search?q=Buy+1P-LSD+100mcg+Blotters+cheap+Online&amp;num=10&amp;sca_esv=1a2a07081c7891bb&amp;rlz=1C1RXQR_enIN1098IN1098&amp;sxsrf=AHTn8zr4KiQqQMeBWxMyIh4N-_SnSv1Bvg%3A1741323239722&amp;ei=53vKZ8jnK-3jseMP8MuJuQ8&amp;ved=0ahUKEwiI95HJlveLAxXtcWwGHfBlIvcQ4dUDCBA&amp;uact=5&amp;oq=Buy+1P-LSD+100mcg+Blotters+cheap+Online&amp;gs_lp=Egxnd3Mtd2l6LXNlcnAiJ0J1eSAxUC1MU0QgMTAwbWNnIEJsb3R0ZXJzIGNoZWFwIE9ubGluZUjTBlCMA1iMA3ACeACQAQCYAfsBoAH7AaoBAzItMbgBA8gBAPgBAvgBAZgCAKACAJgDAIgGAZIHAKAH8gE&amp;sclient=gws-wiz-serp\">LSD<\/a> Para a maioria das pessoas, essa cepa pode ajudar a aliviar dores cr\u00f4nicas latejantes a qualquer hora do dia. O LSD \u00e9 frequentemente recomendado para tratar melancolia, ansiedade ou tens\u00e3o. A cepa \u00e9 usada por algumas pessoas para tratar dores de cabe\u00e7a, enquanto outras a usam para tratar problemas de sono.<\/p>\n<p><a href=\"https:\/\/en.wikipedia.org\/wiki\/1P-LSD\">L.S.D.<\/a> a Mazar \u00e9s a Skunk #1, egy \u0151si Barney's Farm skunk fajta hibridje. Mivel belt\u00e9rben \u00e9s szabadban is termeszthet\u0151, \u00e9s sz\u00e1mos betegs\u00e9ggel szemben ellen\u00e1ll\u00f3, ez a t\u00f6rzs nagyon k\u00f6nnyen termeszthet\u0151, b\u00e1r gyakorlatlan kert\u00e9szeknek nem aj\u00e1nlott. A hossz\u00fa, 65\u201378 napos vir\u00e1gz\u00e1si peri\u00f3dus\u00fa vir\u00e1gokat az L.S.D. legal\u00e1bb 650 gramm n\u00e9gyzetm\u00e9terenk\u00e9nt. A t\u00f6rzs \u00e1ltal\u00e1ban okt\u00f3berben \u00e1ll le a sarkvid\u00e9ken, \u00e1prilisban a tr\u00f3pusi r\u00e9gi\u00f3ban, ritk\u00e1n haladja meg a 60 centim\u00e9tert. Ennek a t\u00f6rzsnek a THC-koncentr\u00e1ci\u00f3ja ak\u00e1r 24%. <a href=\"https:\/\/duckduckgo.com\/?q=Buy+1P-LSD+100mcg+Blotters+cheap+Online&amp;t=h_&amp;ia=web\">L.S.D.<\/a> legal\u00e1bb 650 gramm n\u00e9gyzetm\u00e9terenk\u00e9nt. A t\u00f6rzs \u00e1ltal\u00e1ban okt\u00f3berben \u00e1ll le a sarkvid\u00e9ken, \u00e1prilisban a tr\u00f3pusi r\u00e9gi\u00f3ban, ritk\u00e1n haladja meg a 60 centim\u00e9tert. Ennek a t\u00f6rzsnek a THC-koncentr\u00e1ci\u00f3ja ak\u00e1r 24%.<\/p>\n<p>V\u00e1s\u00e1roljon olcs\u00f3n 100 mcg-os 1P-LSD-t az interneten \u2013 v\u00e1s\u00e1roljon 1P-LSD-t, v\u00e1s\u00e1roljon olcs\u00f3n 100mcg-os blottert, <a href=\"https:\/\/duckduckgo.com\/?q=Buy+1P-LSD+100mcg+Blotters+cheap+Online&amp;t=h_&amp;ia=web\">V\u00e1s\u00e1roljon 1P-LSD blottereket online<\/a>V\u00e1s\u00e1roljon olcs\u00f3n 100 mcg-os 1P-LSD-lenyomatot online \u2013 V\u00e1s\u00e1roljon 1P-LSD-t, v\u00e1s\u00e1roljon olcs\u00f3n 100 mcg-os blottert, v\u00e1s\u00e1roljon 1P-LSD-lenyomatot online, hol v\u00e1s\u00e1rolhat olcs\u00f3n 100 mcg-os blottereket, v\u00e1s\u00e1roljon olcs\u00f3n 100 mcg-os blottert, v\u00e1s\u00e1roljon olcs\u00f3n 100 mcg-os blottert, 0 Cheap the Blotters0 EGYES\u00dcLT \u00c1LLAMOK, Kanada, Egyes\u00fclt Kir\u00e1lys\u00e1g, Online v\u00e1s\u00e1rl\u00e1s, besz\u00e1ll\u00edt\u00f3k, biztons\u00e1gos sz\u00e1ll\u00edt\u00e1s, der\u00edtse ki, hogy az 1P-LSD olcs\u00f3, 100 mcg-os blotterek leg\u00e1lisak-e az Egyes\u00fclt \u00c1llamokban, hogyan szerezhet\u0151k be, leg\u00e1lisak-e Kanad\u00e1ban, \u00e9s hogy tov\u00e1bbra is megv\u00e1s\u00e1rolhat\u00f3k-e az interneten.<\/p>","protected":false},"excerpt":{"rendered":"<p>Cheap 100mcg 1P-LSD Blotters for Sale The Indica dominating strain L.S.D. was named after a strong hallucinogenic substance because of its incredibly intellectual and psychedelic high. Before the strain, there is a high-energy, joyful feeling that can induce psychological fog, leaving some people entirely confused and &#8220;intellectually stuck.&#8221; Several clients report that using LSD makes &hellip;<\/p>\n<p class=\"read-more\"> <a class=\"\" href=\"https:\/\/legitgrams.com\/hu\/termek\/1p-lsd-100mcg-blotters-olcso\/\"> <span class=\"screen-reader-text\">V\u00e1s\u00e1roljon 1P-LSD 100mcg blottereket olcs\u00f3n online<\/span> Olvass tov\u00e1bb \"<\/a><\/p>","protected":false},"featured_media":5177,"comment_status":"open","ping_status":"closed","template":"","meta":{"_uag_custom_page_level_css":"","site-sidebar-layout":"default","site-content-layout":"default","ast-global-header-display":"","ast-main-header-display":"","ast-hfb-above-header-display":"","ast-hfb-below-header-display":"","ast-hfb-mobile-header-display":"","site-post-title":"","ast-breadcrumbs-content":"","ast-featured-img":"","footer-sml-layout":"","theme-transparent-header-meta":"default","adv-header-id-meta":"","stick-header-meta":"default","header-above-stick-meta":"","header-main-stick-meta":"","header-below-stick-meta":"","_joinchat":[]},"product_brand":[],"product_cat":[595],"product_tag":[4882,4886,4885,4893,4884,4894,4896,4903,4904,4902,4899,4901,4891,617,4883,4898,4895,4890,4888,4900,4897,625,4889,4892,4887],"class_list":{"0":"post-3834","1":"product","2":"type-product","3":"status-publish","4":"has-post-thumbnail","6":"product_cat-psychedelic-drugs","7":"product_tag-1p-lsd-100mcg-blotters-cheap","8":"product_tag-1p-lsd-100mcg-blotters-cheap-1p-lsd-100mcg-blotters-cheap-supplier","9":"product_tag-1p-lsd-100mcg-blotters-cheap-for-sale","10":"product_tag-1p-lsd-100mcg-blotters-cheap-legally","11":"product_tag-1p-lsd-100mcg-blotters-cheap-online","12":"product_tag-1p-lsd-100mcg-blotters-cheap-price","13":"product_tag-1p-lsd-100mcg-blotters-cheap-store","14":"product_tag-1p-lsd-100mcg-blotters-cheap-use","15":"product_tag-1p-lsd-100mcg-blotters-cheap-wiki","16":"product_tag-1p-lsd-100mcg-blotters-cheap-worldwide","17":"product_tag-1p-lsd-100mcg-blotters-cheaps","18":"product_tag-best-cheap-price-1p-lsd-100mcg-blotters-cheap","19":"product_tag-best-place-to-buy-1p-lsd-100mcg-blotters-cheap","20":"product_tag-bulk-online","21":"product_tag-buy-1p-lsd-100mcg-blotters-cheap","22":"product_tag-cheap-1p-lsd-100mcg-blotters-cheap","23":"product_tag-high-quality-1p-lsd-100mcg-blotters-cheap","24":"product_tag-how-to-buy-1p-lsd-100mcg-blotters-cheap","25":"product_tag-order-1p-lsd-100mcg-blotters-cheap","26":"product_tag-purcharse-1p-lsd-100mcg-blotters-cheap","27":"product_tag-shop-1p-lsd-100mcg-blotters-cheap","28":"product_tag-top-quality","29":"product_tag-where-to-buy-1p-lsd-100mcg-blotters-cheap","30":"product_tag-where-to-order-1p-lsd-100mcg-blotters-cheap","31":"product_tag-wholesale-1p-lsd-100mcg-blotters-cheap","32":"desktop-align-left","33":"tablet-align-left","34":"mobile-align-left","35":"ast-product-gallery-layout-horizontal","36":"ast-product-gallery-with-no-image","37":"ast-product-single-variable","38":"ast-product-tabs-layout-horizontal","39":"ast-qv-on-image","41":"first","42":"instock","43":"shipping-taxable","44":"purchasable","45":"product-type-variable"},"yoast_head":"<!-- This site is optimized with the Yoast SEO plugin v25.9 - https:\/\/yoast.com\/wordpress\/plugins\/seo\/ -->\n<title>1P-LSD 100mcg Blotters for Sale - Buy 1P-LSD 100mcg Online<\/title>\n<meta name=\"description\" content=\"Looking for a reliable source to buy 1P-LSD 100mcg Blotters online? Your search ends here. Order 1P-LSD 100mcg Blotters for sale today and receive up to 50% off on selected items. Grab the deals Now!\" \/>\n<meta name=\"robots\" content=\"index, follow, max-snippet:-1, max-image-preview:large, max-video-preview:-1\" \/>\n<link rel=\"canonical\" href=\"https:\/\/legitgrams.com\/hu\/termek\/1p-lsd-100mcg-blotters-olcso\/\" \/>\n<meta property=\"og:locale\" content=\"hu_HU\" \/>\n<meta property=\"og:type\" content=\"article\" \/>\n<meta property=\"og:title\" content=\"1P-LSD 100mcg Blotters for Sale - Buy 1P-LSD 100mcg Online\" \/>\n<meta property=\"og:description\" content=\"Looking for a reliable source to buy 1P-LSD 100mcg Blotters online? Your search ends here. Order 1P-LSD 100mcg Blotters for sale today and receive up to 50% off on selected items. Grab the deals Now!\" \/>\n<meta property=\"og:url\" content=\"https:\/\/legitgrams.com\/hu\/termek\/1p-lsd-100mcg-blotters-olcso\/\" \/>\n<meta property=\"og:site_name\" content=\"Legit Grams\" \/>\n<meta property=\"article:modified_time\" content=\"2025-03-07T04:57:10+00:00\" \/>\n<meta property=\"og:image\" content=\"https:\/\/legitgrams.com\/wp-content\/uploads\/2024\/09\/Buy-1P-LSD-100mcg-Blotters-cheap-online.jpg\" \/>\n\t<meta property=\"og:image:width\" content=\"600\" \/>\n\t<meta property=\"og:image:height\" content=\"600\" \/>\n\t<meta property=\"og:image:type\" content=\"image\/jpeg\" \/>\n<meta name=\"twitter:card\" content=\"summary_large_image\" \/>\n<meta name=\"twitter:label1\" content=\"Becs\u00fclt olvas\u00e1si id\u0151\" \/>\n\t<meta name=\"twitter:data1\" content=\"2 perc\" \/>\n<script type=\"application\/ld+json\" class=\"yoast-schema-graph\">{\"@context\":\"https:\/\/schema.org\",\"@graph\":[{\"@type\":\"WebPage\",\"@id\":\"https:\/\/legitgrams.com\/product\/1p-lsd-100mcg-blotters-cheap\/\",\"url\":\"https:\/\/legitgrams.com\/product\/1p-lsd-100mcg-blotters-cheap\/\",\"name\":\"1P-LSD 100mcg Blotters for Sale - Buy 1P-LSD 100mcg Online\",\"isPartOf\":{\"@id\":\"https:\/\/legitgrams.com\/#website\"},\"primaryImageOfPage\":{\"@id\":\"https:\/\/legitgrams.com\/product\/1p-lsd-100mcg-blotters-cheap\/#primaryimage\"},\"image\":{\"@id\":\"https:\/\/legitgrams.com\/product\/1p-lsd-100mcg-blotters-cheap\/#primaryimage\"},\"thumbnailUrl\":\"https:\/\/legitgrams.com\/wp-content\/uploads\/2024\/09\/Buy-1P-LSD-100mcg-Blotters-cheap-online.jpg\",\"datePublished\":\"2024-09-20T06:32:23+00:00\",\"dateModified\":\"2025-03-07T04:57:10+00:00\",\"description\":\"Looking for a reliable source to buy 1P-LSD 100mcg Blotters online? Your search ends here. Order 1P-LSD 100mcg Blotters for sale today and receive up to 50% off on selected items. Grab the deals Now!\",\"breadcrumb\":{\"@id\":\"https:\/\/legitgrams.com\/product\/1p-lsd-100mcg-blotters-cheap\/#breadcrumb\"},\"inLanguage\":\"hu\",\"potentialAction\":[{\"@type\":\"ReadAction\",\"target\":[\"https:\/\/legitgrams.com\/product\/1p-lsd-100mcg-blotters-cheap\/\"]}]},{\"@type\":\"ImageObject\",\"inLanguage\":\"hu\",\"@id\":\"https:\/\/legitgrams.com\/product\/1p-lsd-100mcg-blotters-cheap\/#primaryimage\",\"url\":\"https:\/\/legitgrams.com\/wp-content\/uploads\/2024\/09\/Buy-1P-LSD-100mcg-Blotters-cheap-online.jpg\",\"contentUrl\":\"https:\/\/legitgrams.com\/wp-content\/uploads\/2024\/09\/Buy-1P-LSD-100mcg-Blotters-cheap-online.jpg\",\"width\":600,\"height\":600,\"caption\":\"1P-LSD 100mcg Blotters cheap for Sale\"},{\"@type\":\"BreadcrumbList\",\"@id\":\"https:\/\/legitgrams.com\/product\/1p-lsd-100mcg-blotters-cheap\/#breadcrumb\",\"itemListElement\":[{\"@type\":\"ListItem\",\"position\":1,\"name\":\"Home\",\"item\":\"https:\/\/legitgrams.com\/\"},{\"@type\":\"ListItem\",\"position\":2,\"name\":\"Shop\",\"item\":\"https:\/\/legitgrams.com\/shop\/\"},{\"@type\":\"ListItem\",\"position\":3,\"name\":\"Buy 1P-LSD 100mcg Blotters cheap Online\"}]},{\"@type\":\"WebSite\",\"@id\":\"https:\/\/legitgrams.com\/#website\",\"url\":\"https:\/\/legitgrams.com\/\",\"name\":\"Legit Grams\",\"description\":\"My WordPress Blog\",\"publisher\":{\"@id\":\"https:\/\/legitgrams.com\/#organization\"},\"potentialAction\":[{\"@type\":\"SearchAction\",\"target\":{\"@type\":\"EntryPoint\",\"urlTemplate\":\"https:\/\/legitgrams.com\/?s={search_term_string}\"},\"query-input\":{\"@type\":\"PropertyValueSpecification\",\"valueRequired\":true,\"valueName\":\"search_term_string\"}}],\"inLanguage\":\"hu\"},{\"@type\":\"Organization\",\"@id\":\"https:\/\/legitgrams.com\/#organization\",\"name\":\"Legit Grams\",\"url\":\"https:\/\/legitgrams.com\/\",\"logo\":{\"@type\":\"ImageObject\",\"inLanguage\":\"hu\",\"@id\":\"https:\/\/legitgrams.com\/#\/schema\/logo\/image\/\",\"url\":\"https:\/\/legitgrams.com\/wp-content\/uploads\/2024\/09\/main-logo.png\",\"contentUrl\":\"https:\/\/legitgrams.com\/wp-content\/uploads\/2024\/09\/main-logo.png\",\"width\":270,\"height\":75,\"caption\":\"Legit Grams\"},\"image\":{\"@id\":\"https:\/\/legitgrams.com\/#\/schema\/logo\/image\/\"}}]}<\/script>\n<!-- \/ Yoast SEO plugin. -->","yoast_head_json":{"title":"1P-LSD 100mcg Blotters elad\u00f3 - V\u00e1s\u00e1roljon 1P-LSD 100mcg online","description":"Megb\u00edzhat\u00f3 forr\u00e1st keres az 1P-LSD 100mcg Blotters online v\u00e1s\u00e1rl\u00e1s\u00e1hoz? A keres\u00e9sed itt \u00e9r v\u00e9get. Rendeljen 1P-LSD 100mcg Blotters elad\u00f3 ma, \u00e9s kap ak\u00e1r 50% le a kiv\u00e1lasztott t\u00e9telek. Ragadja meg az aj\u00e1nlatokat most!","robots":{"index":"index","follow":"follow","max-snippet":"max-snippet:-1","max-image-preview":"max-image-preview:large","max-video-preview":"max-video-preview:-1"},"canonical":"https:\/\/legitgrams.com\/hu\/termek\/1p-lsd-100mcg-blotters-olcso\/","og_locale":"hu_HU","og_type":"article","og_title":"1P-LSD 100mcg Blotters for Sale - Buy 1P-LSD 100mcg Online","og_description":"Looking for a reliable source to buy 1P-LSD 100mcg Blotters online? Your search ends here. Order 1P-LSD 100mcg Blotters for sale today and receive up to 50% off on selected items. Grab the deals Now!","og_url":"https:\/\/legitgrams.com\/hu\/termek\/1p-lsd-100mcg-blotters-olcso\/","og_site_name":"Legit Grams","article_modified_time":"2025-03-07T04:57:10+00:00","og_image":[{"width":600,"height":600,"url":"https:\/\/legitgrams.com\/wp-content\/uploads\/2024\/09\/Buy-1P-LSD-100mcg-Blotters-cheap-online.jpg","type":"image\/jpeg"}],"twitter_card":"summary_large_image","twitter_misc":{"Becs\u00fclt olvas\u00e1si id\u0151":"2 perc"},"schema":{"@context":"https:\/\/schema.org","@graph":[{"@type":"WebPage","@id":"https:\/\/legitgrams.com\/product\/1p-lsd-100mcg-blotters-cheap\/","url":"https:\/\/legitgrams.com\/product\/1p-lsd-100mcg-blotters-cheap\/","name":"1P-LSD 100mcg Blotters elad\u00f3 - V\u00e1s\u00e1roljon 1P-LSD 100mcg online","isPartOf":{"@id":"https:\/\/legitgrams.com\/#website"},"primaryImageOfPage":{"@id":"https:\/\/legitgrams.com\/product\/1p-lsd-100mcg-blotters-cheap\/#primaryimage"},"image":{"@id":"https:\/\/legitgrams.com\/product\/1p-lsd-100mcg-blotters-cheap\/#primaryimage"},"thumbnailUrl":"https:\/\/legitgrams.com\/wp-content\/uploads\/2024\/09\/Buy-1P-LSD-100mcg-Blotters-cheap-online.jpg","datePublished":"2024-09-20T06:32:23+00:00","dateModified":"2025-03-07T04:57:10+00:00","description":"Megb\u00edzhat\u00f3 forr\u00e1st keres az 1P-LSD 100mcg Blotters online v\u00e1s\u00e1rl\u00e1s\u00e1hoz? A keres\u00e9sed itt \u00e9r v\u00e9get. Rendeljen 1P-LSD 100mcg Blotters elad\u00f3 ma, \u00e9s kap ak\u00e1r 50% le a kiv\u00e1lasztott t\u00e9telek. Ragadja meg az aj\u00e1nlatokat most!","breadcrumb":{"@id":"https:\/\/legitgrams.com\/product\/1p-lsd-100mcg-blotters-cheap\/#breadcrumb"},"inLanguage":"hu","potentialAction":[{"@type":"ReadAction","target":["https:\/\/legitgrams.com\/product\/1p-lsd-100mcg-blotters-cheap\/"]}]},{"@type":"ImageObject","inLanguage":"hu","@id":"https:\/\/legitgrams.com\/product\/1p-lsd-100mcg-blotters-cheap\/#primaryimage","url":"https:\/\/legitgrams.com\/wp-content\/uploads\/2024\/09\/Buy-1P-LSD-100mcg-Blotters-cheap-online.jpg","contentUrl":"https:\/\/legitgrams.com\/wp-content\/uploads\/2024\/09\/Buy-1P-LSD-100mcg-Blotters-cheap-online.jpg","width":600,"height":600,"caption":"1P-LSD 100mcg Blotters cheap for Sale"},{"@type":"BreadcrumbList","@id":"https:\/\/legitgrams.com\/product\/1p-lsd-100mcg-blotters-cheap\/#breadcrumb","itemListElement":[{"@type":"ListItem","position":1,"name":"Home","item":"https:\/\/legitgrams.com\/"},{"@type":"ListItem","position":2,"name":"Shop","item":"https:\/\/legitgrams.com\/shop\/"},{"@type":"ListItem","position":3,"name":"Buy 1P-LSD 100mcg Blotters cheap Online"}]},{"@type":"WebSite","@id":"https:\/\/legitgrams.com\/#website","url":"https:\/\/legitgrams.com\/","name":"Legit Grams","description":"Az \u00e9n WordPress blogom","publisher":{"@id":"https:\/\/legitgrams.com\/#organization"},"potentialAction":[{"@type":"SearchAction","target":{"@type":"EntryPoint","urlTemplate":"https:\/\/legitgrams.com\/?s={search_term_string}"},"query-input":{"@type":"PropertyValueSpecification","valueRequired":true,"valueName":"search_term_string"}}],"inLanguage":"hu"},{"@type":"Organization","@id":"https:\/\/legitgrams.com\/#organization","name":"Legit Grams","url":"https:\/\/legitgrams.com\/","logo":{"@type":"ImageObject","inLanguage":"hu","@id":"https:\/\/legitgrams.com\/#\/schema\/logo\/image\/","url":"https:\/\/legitgrams.com\/wp-content\/uploads\/2024\/09\/main-logo.png","contentUrl":"https:\/\/legitgrams.com\/wp-content\/uploads\/2024\/09\/main-logo.png","width":270,"height":75,"caption":"Legit Grams"},"image":{"@id":"https:\/\/legitgrams.com\/#\/schema\/logo\/image\/"}}]}},"uagb_featured_image_src":{"full":["https:\/\/legitgrams.com\/wp-content\/uploads\/2024\/09\/Buy-1P-LSD-100mcg-Blotters-cheap-online.jpg",600,600,false],"thumbnail":["https:\/\/legitgrams.com\/wp-content\/uploads\/2024\/09\/Buy-1P-LSD-100mcg-Blotters-cheap-online-150x150.jpg",150,150,true],"medium":["https:\/\/legitgrams.com\/wp-content\/uploads\/2024\/09\/Buy-1P-LSD-100mcg-Blotters-cheap-online-300x300.jpg",300,300,true],"medium_large":["https:\/\/legitgrams.com\/wp-content\/uploads\/2024\/09\/Buy-1P-LSD-100mcg-Blotters-cheap-online.jpg",600,600,false],"large":["https:\/\/legitgrams.com\/wp-content\/uploads\/2024\/09\/Buy-1P-LSD-100mcg-Blotters-cheap-online.jpg",600,600,false],"1536x1536":["https:\/\/legitgrams.com\/wp-content\/uploads\/2024\/09\/Buy-1P-LSD-100mcg-Blotters-cheap-online.jpg",600,600,false],"2048x2048":["https:\/\/legitgrams.com\/wp-content\/uploads\/2024\/09\/Buy-1P-LSD-100mcg-Blotters-cheap-online.jpg",600,600,false],"trp-custom-language-flag":["https:\/\/legitgrams.com\/wp-content\/uploads\/2024\/09\/Buy-1P-LSD-100mcg-Blotters-cheap-online-12x12.jpg",12,12,true],"woocommerce_thumbnail":["https:\/\/legitgrams.com\/wp-content\/uploads\/2024\/09\/Buy-1P-LSD-100mcg-Blotters-cheap-online-300x300.jpg",300,300,true],"woocommerce_single":["https:\/\/legitgrams.com\/wp-content\/uploads\/2024\/09\/Buy-1P-LSD-100mcg-Blotters-cheap-online.jpg",600,600,false],"woocommerce_gallery_thumbnail":["https:\/\/legitgrams.com\/wp-content\/uploads\/2024\/09\/Buy-1P-LSD-100mcg-Blotters-cheap-online-100x100.jpg",100,100,true]},"uagb_author_info":{"display_name":"cokeblog18","author_link":"https:\/\/legitgrams.com\/hu\/author\/"},"uagb_comment_info":0,"uagb_excerpt":"Cheap 100mcg 1P-LSD Blotters for Sale The Indica dominating strain L.S.D. was named after a strong hallucinogenic substance because of its incredibly intellectual and psychedelic high. Before the strain, there is a high-energy, joyful feeling that can induce psychological fog, leaving some people entirely confused and &#8220;intellectually stuck.&#8221; Several clients report that using LSD makes&hellip;","_links":{"self":[{"href":"https:\/\/legitgrams.com\/hu\/wp-json\/wp\/v2\/product\/3834","targetHints":{"allow":["GET"]}}],"collection":[{"href":"https:\/\/legitgrams.com\/hu\/wp-json\/wp\/v2\/product"}],"about":[{"href":"https:\/\/legitgrams.com\/hu\/wp-json\/wp\/v2\/types\/product"}],"replies":[{"embeddable":true,"href":"https:\/\/legitgrams.com\/hu\/wp-json\/wp\/v2\/comments?post=3834"}],"wp:featuredmedia":[{"embeddable":true,"href":"https:\/\/legitgrams.com\/hu\/wp-json\/wp\/v2\/media\/5177"}],"wp:attachment":[{"href":"https:\/\/legitgrams.com\/hu\/wp-json\/wp\/v2\/media?parent=3834"}],"wp:term":[{"taxonomy":"product_brand","embeddable":true,"href":"https:\/\/legitgrams.com\/hu\/wp-json\/wp\/v2\/product_brand?post=3834"},{"taxonomy":"product_cat","embeddable":true,"href":"https:\/\/legitgrams.com\/hu\/wp-json\/wp\/v2\/product_cat?post=3834"},{"taxonomy":"product_tag","embeddable":true,"href":"https:\/\/legitgrams.com\/hu\/wp-json\/wp\/v2\/product_tag?post=3834"}],"curies":[{"name":"wp","href":"https:\/\/api.w.org\/{rel}","templated":true}]}}