{"id":3841,"date":"2024-09-20T06:49:33","date_gmt":"2024-09-20T06:49:33","guid":{"rendered":"https:\/\/legitgrams.com\/?post_type=product&#038;p=3841"},"modified":"2025-01-14T10:15:15","modified_gmt":"2025-01-14T10:15:15","slug":"naze-2mg-klonazepam-tablettak","status":"publish","type":"product","link":"https:\/\/legitgrams.com\/hu\/termek\/naze-2mg-klonazepam-tablettak\/","title":{"rendered":"Naze 2mg Clonazepam tablett\u00e1k"},"content":{"rendered":"<h2>V\u00e1s\u00e1roljon online Naze 2mg Clonazepam tablett\u00e1t.<\/h2>\n<p><a href=\"https:\/\/legitgrams.com\/hu\/termek\/naze-2mg-klonazepam-tablettak\/\">Naze tabletta 2 mg<\/a> egy v\u00e9nyk\u00f6teles gy\u00f3gyszer, amelyet epilepszia (g\u00f6rcsrohamok) \u00e9s szorong\u00e1sos rendelleness\u00e9gek kezel\u00e9s\u00e9re haszn\u00e1lnak. seg\u00edt megnyugtatni az agyat \u00e9s cs\u00f6kkenti a t\u00falzott \u00e9s abnorm\u00e1lis idegsejt-aktivit\u00e1st.<\/p>\n<p>\u4e24\u6beb\u514b\u7684 naze \u836f\u7247\u53ef\u4ee5\u968f\u9910\u6216\u4e0d\u968f\u9910\u670d\u7528\u3002\u6bcf\u5929\u5728\u540c\u4e00\u65f6\u95f4\u670d\u836f\uff0c\u4ee5\u5e2e\u52a9\u7ef4\u6301\u4f53\u5185\u836f\u7269\u7684\u7a33\u5b9a\u6c34\u5e73\u3002\u4e25\u683c\u6309\u7167\u533b\u751f\u7684\u6307\u793a\u670d\u7528\u6b64\u836f\uff0c\u5305\u62ec\u5242\u91cf\u548c\u6301\u7eed\u65f6\u95f4\uff0c\u56e0\u4e3a\u5b83\u5f88\u5bb9\u6613\u8ba9\u4eba\u4e0a\u763e\u3002\u5982\u679c\u60a8\u5fd8\u8bb0\u670d\u7528\u4e00\u5242\uff0c\u8bf7\u5728\u8bb0\u8d77\u65f6\u7acb\u5373\u670d\u7528\uff0c\u5e76\u5728\u6574\u4e2a\u7597\u7a0b\u5185\u505c\u6b62\u670d\u836f\uff0c\u5373\u4f7f\u60a8\u611f\u89c9\u597d\u4e9b\u4e86\u3002\u4e0d\u5148\u54a8\u8be2\u533b\u751f\u5c31\u7a81\u7136\u505c\u6b62\u670d\u7528\u6b64\u836f\u5e76\u4e0d\u662f\u4e00\u4e2a\u597d\u4e3b\u610f\uff0c\u56e0\u4e3a\u5b83\u53ef\u80fd\u5bfc\u81f4\u6d41\u611f\u6837\u75c7\u72b6\u3001\u808c\u8089\u75bc\u75db\u3001\u6076\u5fc3\u3001\u7126\u8651\u548c\u62bd\u6410\u9891\u7387\u589e\u52a0\u3002 <a href=\"https:\/\/legitgrams.com\/hu\/\">LegitGrams<\/a><\/p>\n<p>Naze 2 mg v\u00e1s\u00e1rl\u00e1s online: v\u00e1s\u00e1roljon <a href=\"https:\/\/en.wikipedia.org\/wiki\/Nitrazepam\">Naze<\/a> 2 mg, v\u00e1s\u00e1roljon Clonazepam tablett\u00e1t, v\u00e1s\u00e1roljon Clonazepam tablett\u00e1t online, Hol kaphatok online 2 mg-os klonazepamot? Hol v\u00e1s\u00e1rolhatok online 2 mg-os klonazepamot? Hol v\u00e1s\u00e1rolhatok online 2 mg-os klonazepamot? Hol v\u00e1s\u00e1rolhatok online 2 mg-os klonazepamot? Hol v\u00e1s\u00e1rolhatok online 2 mg-os klonazepamot? USA, Kanada, Egyes\u00fclt Kir\u00e1lys\u00e1g, online v\u00e1s\u00e1rl\u00e1s, elad\u00f3k, biztons\u00e1gos sz\u00e1ll\u00edt\u00e1s, M\u00e9g mindig kaphat\u00f3k Naze 2 mg Clonazepam tablett\u00e1k. Ezenk\u00edv\u00fcl meghat\u00e1rozhatja, hogy a Naze 2 mg Clonazepam tablett\u00e1k leg\u00e1lisak-e, ha a Naze 2 mg Clonazepam tablett\u00e1k enged\u00e9lyezettek Kanad\u00e1ban, \u00e9s hogyan lehet ezeket beszerezni az Egyes\u00fclt \u00c1llamokban.<\/p>\n<h2><\/h2>\n<p>&nbsp;<\/p>","protected":false},"excerpt":{"rendered":"<p>Purchase online Naze 2mg Clonazepam tablets. Naze tablet 2 mg is a prescription medication used to treat epilepsy (seizures) and anxiety disorders. helps to calm the brain and lessen excessive and abnormal nerve cell activity. Two milligram naze tablets can be taken with or without food. Take the medication at the same time each day &hellip;<\/p>\n<p class=\"read-more\"> <a class=\"\" href=\"https:\/\/legitgrams.com\/hu\/termek\/naze-2mg-klonazepam-tablettak\/\"> <span class=\"screen-reader-text\">Naze 2mg Clonazepam tablett\u00e1k<\/span> Olvass tov\u00e1bb \"<\/a><\/p>","protected":false},"featured_media":5216,"comment_status":"open","ping_status":"closed","template":"","meta":{"_uag_custom_page_level_css":"","site-sidebar-layout":"default","site-content-layout":"default","ast-global-header-display":"","ast-main-header-display":"","ast-hfb-above-header-display":"","ast-hfb-below-header-display":"","ast-hfb-mobile-header-display":"","site-post-title":"","ast-breadcrumbs-content":"","ast-featured-img":"","footer-sml-layout":"","theme-transparent-header-meta":"default","adv-header-id-meta":"","stick-header-meta":"default","header-above-stick-meta":"","header-main-stick-meta":"","header-below-stick-meta":"","_joinchat":[]},"product_brand":[],"product_cat":[608,597,609,610],"product_tag":[4786,4776,617,4768,4783,4780,4775,4767,4770,4778,4771,4769,4779,4781,4788,4789,4787,4784,4773,4785,4782,625,4774,4777,4772],"class_list":{"0":"post-3841","1":"product","2":"type-product","3":"status-publish","4":"has-post-thumbnail","6":"product_cat-pain-pills","7":"product_cat-pain-sleeping-sex-pills","8":"product_cat-sex-pills","9":"product_cat-sleeping-pills","10":"product_tag-best-cheap-price-naze-2mg-clonazepam-pills","11":"product_tag-best-place-to-buy-naze-2mg-clonazepam-pills","12":"product_tag-bulk-online","13":"product_tag-buy-naze-2mg-clonazepam-pills","14":"product_tag-cheap-naze-2mg-clonazepam-pills","15":"product_tag-high-quality-naze-2mg-clonazepam-pills","16":"product_tag-how-to-buy-naze-2mg-clonazepam-pills","17":"product_tag-naze-2mg-clonazepam-pills","18":"product_tag-naze-2mg-clonazepam-pills-for-sale","19":"product_tag-naze-2mg-clonazepam-pills-legally","20":"product_tag-naze-2mg-clonazepam-pills-naze-2mg-clonazepam-pills-supplier","21":"product_tag-naze-2mg-clonazepam-pills-online","22":"product_tag-naze-2mg-clonazepam-pills-price","23":"product_tag-naze-2mg-clonazepam-pills-store","24":"product_tag-naze-2mg-clonazepam-pills-use","25":"product_tag-naze-2mg-clonazepam-pills-wiki","26":"product_tag-naze-2mg-clonazepam-pills-worldwide","27":"product_tag-naze-2mg-clonazepam-pillss","28":"product_tag-order-naze-2mg-clonazepam-pills","29":"product_tag-purcharse-naze-2mg-clonazepam-pills","30":"product_tag-shop-naze-2mg-clonazepam-pills","31":"product_tag-top-quality","32":"product_tag-where-to-buy-naze-2mg-clonazepam-pills","33":"product_tag-where-to-order-naze-2mg-clonazepam-pills","34":"product_tag-wholesale-naze-2mg-clonazepam-pills","35":"desktop-align-left","36":"tablet-align-left","37":"mobile-align-left","38":"ast-product-gallery-layout-horizontal","39":"ast-product-gallery-with-no-image","40":"ast-product-single-variable","41":"ast-product-tabs-layout-horizontal","42":"ast-qv-on-image","44":"first","45":"instock","46":"shipping-taxable","47":"purchasable","48":"product-type-variable"},"yoast_head":"<!-- This site is optimized with the Yoast SEO plugin v25.9 - https:\/\/yoast.com\/wordpress\/plugins\/seo\/ -->\n<title>Naze 2mg Clonazepam Pills for Sale @ Best Price | LegitGrams<\/title>\n<meta name=\"description\" content=\"Find premium Naze 2mg Clonazepam pills for sale at our online store, providing a secure platform to buy Naze 2mg Clonazepam pills online with ease, catering to your research needs.\" \/>\n<meta name=\"robots\" content=\"index, follow, max-snippet:-1, max-image-preview:large, max-video-preview:-1\" \/>\n<link rel=\"canonical\" href=\"https:\/\/legitgrams.com\/hu\/termek\/naze-2mg-klonazepam-tablettak\/\" \/>\n<meta property=\"og:locale\" content=\"hu_HU\" \/>\n<meta property=\"og:type\" content=\"article\" \/>\n<meta property=\"og:title\" content=\"Naze 2mg Clonazepam Pills for Sale @ Best Price | LegitGrams\" \/>\n<meta property=\"og:description\" content=\"Find premium Naze 2mg Clonazepam pills for sale at our online store, providing a secure platform to buy Naze 2mg Clonazepam pills online with ease, catering to your research needs.\" \/>\n<meta property=\"og:url\" content=\"https:\/\/legitgrams.com\/hu\/termek\/naze-2mg-klonazepam-tablettak\/\" \/>\n<meta property=\"og:site_name\" content=\"Legit Grams\" \/>\n<meta property=\"article:modified_time\" content=\"2025-01-14T10:15:15+00:00\" \/>\n<meta property=\"og:image\" content=\"https:\/\/legitgrams.com\/wp-content\/uploads\/2024\/09\/buy-naze-2mg-clonazepam-pills-online.jpg\" \/>\n\t<meta property=\"og:image:width\" content=\"600\" \/>\n\t<meta property=\"og:image:height\" content=\"600\" \/>\n\t<meta property=\"og:image:type\" content=\"image\/jpeg\" \/>\n<meta name=\"twitter:card\" content=\"summary_large_image\" \/>\n<meta name=\"twitter:label1\" content=\"Becs\u00fclt olvas\u00e1si id\u0151\" \/>\n\t<meta name=\"twitter:data1\" content=\"3 perc\" \/>\n<script type=\"application\/ld+json\" class=\"yoast-schema-graph\">{\"@context\":\"https:\/\/schema.org\",\"@graph\":[{\"@type\":\"WebPage\",\"@id\":\"https:\/\/legitgrams.com\/product\/naze-2mg-clonazepam-pills\/\",\"url\":\"https:\/\/legitgrams.com\/product\/naze-2mg-clonazepam-pills\/\",\"name\":\"Naze 2mg Clonazepam Pills for Sale @ Best Price | LegitGrams\",\"isPartOf\":{\"@id\":\"https:\/\/legitgrams.com\/#website\"},\"primaryImageOfPage\":{\"@id\":\"https:\/\/legitgrams.com\/product\/naze-2mg-clonazepam-pills\/#primaryimage\"},\"image\":{\"@id\":\"https:\/\/legitgrams.com\/product\/naze-2mg-clonazepam-pills\/#primaryimage\"},\"thumbnailUrl\":\"https:\/\/legitgrams.com\/wp-content\/uploads\/2024\/09\/buy-naze-2mg-clonazepam-pills-online.jpg\",\"datePublished\":\"2024-09-20T06:49:33+00:00\",\"dateModified\":\"2025-01-14T10:15:15+00:00\",\"description\":\"Find premium Naze 2mg Clonazepam pills for sale at our online store, providing a secure platform to buy Naze 2mg Clonazepam pills online with ease, catering to your research needs.\",\"breadcrumb\":{\"@id\":\"https:\/\/legitgrams.com\/product\/naze-2mg-clonazepam-pills\/#breadcrumb\"},\"inLanguage\":\"hu\",\"potentialAction\":[{\"@type\":\"ReadAction\",\"target\":[\"https:\/\/legitgrams.com\/product\/naze-2mg-clonazepam-pills\/\"]}]},{\"@type\":\"ImageObject\",\"inLanguage\":\"hu\",\"@id\":\"https:\/\/legitgrams.com\/product\/naze-2mg-clonazepam-pills\/#primaryimage\",\"url\":\"https:\/\/legitgrams.com\/wp-content\/uploads\/2024\/09\/buy-naze-2mg-clonazepam-pills-online.jpg\",\"contentUrl\":\"https:\/\/legitgrams.com\/wp-content\/uploads\/2024\/09\/buy-naze-2mg-clonazepam-pills-online.jpg\",\"width\":600,\"height\":600,\"caption\":\"Naze 2mg Clonazepam Pills for Sale\"},{\"@type\":\"BreadcrumbList\",\"@id\":\"https:\/\/legitgrams.com\/product\/naze-2mg-clonazepam-pills\/#breadcrumb\",\"itemListElement\":[{\"@type\":\"ListItem\",\"position\":1,\"name\":\"Home\",\"item\":\"https:\/\/legitgrams.com\/\"},{\"@type\":\"ListItem\",\"position\":2,\"name\":\"Shop\",\"item\":\"https:\/\/legitgrams.com\/shop\/\"},{\"@type\":\"ListItem\",\"position\":3,\"name\":\"Naze 2mg Clonazepam pills\"}]},{\"@type\":\"WebSite\",\"@id\":\"https:\/\/legitgrams.com\/#website\",\"url\":\"https:\/\/legitgrams.com\/\",\"name\":\"Legit Grams\",\"description\":\"My WordPress Blog\",\"publisher\":{\"@id\":\"https:\/\/legitgrams.com\/#organization\"},\"potentialAction\":[{\"@type\":\"SearchAction\",\"target\":{\"@type\":\"EntryPoint\",\"urlTemplate\":\"https:\/\/legitgrams.com\/?s={search_term_string}\"},\"query-input\":{\"@type\":\"PropertyValueSpecification\",\"valueRequired\":true,\"valueName\":\"search_term_string\"}}],\"inLanguage\":\"hu\"},{\"@type\":\"Organization\",\"@id\":\"https:\/\/legitgrams.com\/#organization\",\"name\":\"Legit Grams\",\"url\":\"https:\/\/legitgrams.com\/\",\"logo\":{\"@type\":\"ImageObject\",\"inLanguage\":\"hu\",\"@id\":\"https:\/\/legitgrams.com\/#\/schema\/logo\/image\/\",\"url\":\"https:\/\/legitgrams.com\/wp-content\/uploads\/2024\/09\/main-logo.png\",\"contentUrl\":\"https:\/\/legitgrams.com\/wp-content\/uploads\/2024\/09\/main-logo.png\",\"width\":270,\"height\":75,\"caption\":\"Legit Grams\"},\"image\":{\"@id\":\"https:\/\/legitgrams.com\/#\/schema\/logo\/image\/\"}}]}<\/script>\n<!-- \/ Yoast SEO plugin. -->","yoast_head_json":{"title":"Naze 2mg Clonazepam Pills Elad\u00f3 @ Legjobb \u00e1r | LegitGrams","description":"Keresse meg a pr\u00e9mium Naze 2mg Clonazepam tablett\u00e1k elad\u00f3 online \u00e1ruh\u00e1zunkban, amely biztons\u00e1gos platformot biztos\u00edt a Naze 2mg Clonazepam tablett\u00e1k online v\u00e1s\u00e1rl\u00e1s\u00e1hoz, k\u00f6nnyed\u00e9n, a kutat\u00e1si ig\u00e9nyeinek kiel\u00e9g\u00edt\u00e9s\u00e9re.","robots":{"index":"index","follow":"follow","max-snippet":"max-snippet:-1","max-image-preview":"max-image-preview:large","max-video-preview":"max-video-preview:-1"},"canonical":"https:\/\/legitgrams.com\/hu\/termek\/naze-2mg-klonazepam-tablettak\/","og_locale":"hu_HU","og_type":"article","og_title":"Naze 2mg Clonazepam Pills for Sale @ Best Price | LegitGrams","og_description":"Find premium Naze 2mg Clonazepam pills for sale at our online store, providing a secure platform to buy Naze 2mg Clonazepam pills online with ease, catering to your research needs.","og_url":"https:\/\/legitgrams.com\/hu\/termek\/naze-2mg-klonazepam-tablettak\/","og_site_name":"Legit Grams","article_modified_time":"2025-01-14T10:15:15+00:00","og_image":[{"width":600,"height":600,"url":"https:\/\/legitgrams.com\/wp-content\/uploads\/2024\/09\/buy-naze-2mg-clonazepam-pills-online.jpg","type":"image\/jpeg"}],"twitter_card":"summary_large_image","twitter_misc":{"Becs\u00fclt olvas\u00e1si id\u0151":"3 perc"},"schema":{"@context":"https:\/\/schema.org","@graph":[{"@type":"WebPage","@id":"https:\/\/legitgrams.com\/product\/naze-2mg-clonazepam-pills\/","url":"https:\/\/legitgrams.com\/product\/naze-2mg-clonazepam-pills\/","name":"Naze 2mg Clonazepam Pills Elad\u00f3 @ Legjobb \u00e1r | LegitGrams","isPartOf":{"@id":"https:\/\/legitgrams.com\/#website"},"primaryImageOfPage":{"@id":"https:\/\/legitgrams.com\/product\/naze-2mg-clonazepam-pills\/#primaryimage"},"image":{"@id":"https:\/\/legitgrams.com\/product\/naze-2mg-clonazepam-pills\/#primaryimage"},"thumbnailUrl":"https:\/\/legitgrams.com\/wp-content\/uploads\/2024\/09\/buy-naze-2mg-clonazepam-pills-online.jpg","datePublished":"2024-09-20T06:49:33+00:00","dateModified":"2025-01-14T10:15:15+00:00","description":"Keresse meg a pr\u00e9mium Naze 2mg Clonazepam tablett\u00e1k elad\u00f3 online \u00e1ruh\u00e1zunkban, amely biztons\u00e1gos platformot biztos\u00edt a Naze 2mg Clonazepam tablett\u00e1k online v\u00e1s\u00e1rl\u00e1s\u00e1hoz, k\u00f6nnyed\u00e9n, a kutat\u00e1si ig\u00e9nyeinek kiel\u00e9g\u00edt\u00e9s\u00e9re.","breadcrumb":{"@id":"https:\/\/legitgrams.com\/product\/naze-2mg-clonazepam-pills\/#breadcrumb"},"inLanguage":"hu","potentialAction":[{"@type":"ReadAction","target":["https:\/\/legitgrams.com\/product\/naze-2mg-clonazepam-pills\/"]}]},{"@type":"ImageObject","inLanguage":"hu","@id":"https:\/\/legitgrams.com\/product\/naze-2mg-clonazepam-pills\/#primaryimage","url":"https:\/\/legitgrams.com\/wp-content\/uploads\/2024\/09\/buy-naze-2mg-clonazepam-pills-online.jpg","contentUrl":"https:\/\/legitgrams.com\/wp-content\/uploads\/2024\/09\/buy-naze-2mg-clonazepam-pills-online.jpg","width":600,"height":600,"caption":"Naze 2mg Clonazepam Pills for Sale"},{"@type":"BreadcrumbList","@id":"https:\/\/legitgrams.com\/product\/naze-2mg-clonazepam-pills\/#breadcrumb","itemListElement":[{"@type":"ListItem","position":1,"name":"Home","item":"https:\/\/legitgrams.com\/"},{"@type":"ListItem","position":2,"name":"Shop","item":"https:\/\/legitgrams.com\/shop\/"},{"@type":"ListItem","position":3,"name":"Naze 2mg Clonazepam pills"}]},{"@type":"WebSite","@id":"https:\/\/legitgrams.com\/#website","url":"https:\/\/legitgrams.com\/","name":"Legit Grams","description":"Az \u00e9n WordPress blogom","publisher":{"@id":"https:\/\/legitgrams.com\/#organization"},"potentialAction":[{"@type":"SearchAction","target":{"@type":"EntryPoint","urlTemplate":"https:\/\/legitgrams.com\/?s={search_term_string}"},"query-input":{"@type":"PropertyValueSpecification","valueRequired":true,"valueName":"search_term_string"}}],"inLanguage":"hu"},{"@type":"Organization","@id":"https:\/\/legitgrams.com\/#organization","name":"Legit Grams","url":"https:\/\/legitgrams.com\/","logo":{"@type":"ImageObject","inLanguage":"hu","@id":"https:\/\/legitgrams.com\/#\/schema\/logo\/image\/","url":"https:\/\/legitgrams.com\/wp-content\/uploads\/2024\/09\/main-logo.png","contentUrl":"https:\/\/legitgrams.com\/wp-content\/uploads\/2024\/09\/main-logo.png","width":270,"height":75,"caption":"Legit Grams"},"image":{"@id":"https:\/\/legitgrams.com\/#\/schema\/logo\/image\/"}}]}},"uagb_featured_image_src":{"full":["https:\/\/legitgrams.com\/wp-content\/uploads\/2024\/09\/buy-naze-2mg-clonazepam-pills-online.jpg",600,600,false],"thumbnail":["https:\/\/legitgrams.com\/wp-content\/uploads\/2024\/09\/buy-naze-2mg-clonazepam-pills-online-150x150.jpg",150,150,true],"medium":["https:\/\/legitgrams.com\/wp-content\/uploads\/2024\/09\/buy-naze-2mg-clonazepam-pills-online-300x300.jpg",300,300,true],"medium_large":["https:\/\/legitgrams.com\/wp-content\/uploads\/2024\/09\/buy-naze-2mg-clonazepam-pills-online.jpg",600,600,false],"large":["https:\/\/legitgrams.com\/wp-content\/uploads\/2024\/09\/buy-naze-2mg-clonazepam-pills-online.jpg",600,600,false],"1536x1536":["https:\/\/legitgrams.com\/wp-content\/uploads\/2024\/09\/buy-naze-2mg-clonazepam-pills-online.jpg",600,600,false],"2048x2048":["https:\/\/legitgrams.com\/wp-content\/uploads\/2024\/09\/buy-naze-2mg-clonazepam-pills-online.jpg",600,600,false],"trp-custom-language-flag":["https:\/\/legitgrams.com\/wp-content\/uploads\/2024\/09\/buy-naze-2mg-clonazepam-pills-online-12x12.jpg",12,12,true],"woocommerce_thumbnail":["https:\/\/legitgrams.com\/wp-content\/uploads\/2024\/09\/buy-naze-2mg-clonazepam-pills-online-300x300.jpg",300,300,true],"woocommerce_single":["https:\/\/legitgrams.com\/wp-content\/uploads\/2024\/09\/buy-naze-2mg-clonazepam-pills-online.jpg",600,600,false],"woocommerce_gallery_thumbnail":["https:\/\/legitgrams.com\/wp-content\/uploads\/2024\/09\/buy-naze-2mg-clonazepam-pills-online-100x100.jpg",100,100,true]},"uagb_author_info":{"display_name":"cokeblog18","author_link":"https:\/\/legitgrams.com\/hu\/author\/"},"uagb_comment_info":0,"uagb_excerpt":"Purchase online Naze 2mg Clonazepam tablets. Naze tablet 2 mg is a prescription medication used to treat epilepsy (seizures) and anxiety disorders. helps to calm the brain and lessen excessive and abnormal nerve cell activity. Two milligram naze tablets can be taken with or without food. Take the medication at the same time each day&hellip;","_links":{"self":[{"href":"https:\/\/legitgrams.com\/hu\/wp-json\/wp\/v2\/product\/3841","targetHints":{"allow":["GET"]}}],"collection":[{"href":"https:\/\/legitgrams.com\/hu\/wp-json\/wp\/v2\/product"}],"about":[{"href":"https:\/\/legitgrams.com\/hu\/wp-json\/wp\/v2\/types\/product"}],"replies":[{"embeddable":true,"href":"https:\/\/legitgrams.com\/hu\/wp-json\/wp\/v2\/comments?post=3841"}],"wp:featuredmedia":[{"embeddable":true,"href":"https:\/\/legitgrams.com\/hu\/wp-json\/wp\/v2\/media\/5216"}],"wp:attachment":[{"href":"https:\/\/legitgrams.com\/hu\/wp-json\/wp\/v2\/media?parent=3841"}],"wp:term":[{"taxonomy":"product_brand","embeddable":true,"href":"https:\/\/legitgrams.com\/hu\/wp-json\/wp\/v2\/product_brand?post=3841"},{"taxonomy":"product_cat","embeddable":true,"href":"https:\/\/legitgrams.com\/hu\/wp-json\/wp\/v2\/product_cat?post=3841"},{"taxonomy":"product_tag","embeddable":true,"href":"https:\/\/legitgrams.com\/hu\/wp-json\/wp\/v2\/product_tag?post=3841"}],"curies":[{"name":"wp","href":"https:\/\/api.w.org\/{rel}","templated":true}]}}