{"id":3861,"date":"2024-09-20T08:31:48","date_gmt":"2024-09-20T08:31:48","guid":{"rendered":"https:\/\/legitgrams.com\/?post_type=product&#038;p=3861"},"modified":"2025-01-13T11:11:59","modified_gmt":"2025-01-13T11:11:59","slug":"dextripam-10mg-tablettak","status":"publish","type":"product","link":"https:\/\/legitgrams.com\/hu\/termek\/dextripam-10mg-tablettak\/","title":{"rendered":"Dextripam 10mg tablett\u00e1k"},"content":{"rendered":"<h2>Dextripam 10mg tablett\u00e1k \u00e9rt\u00e9kes\u00edt\u00e9se<br \/>\nV\u00e1s\u00e1roljon 10 mg-os Dextrip (Diazepam) tablett\u00e1t online.<\/h2>\n<p>A g\u00f6rcs\u00f6ket, izomg\u00f6rcs\u00f6ket, szorong\u00e1st \u00e9s egy\u00e9b \u00e1llapotokat t\u00edz mg-mal kezelik <a href=\"https:\/\/legitgrams.com\/hu\/termek\/dextripam-10mg-tablettak\/\">dextripam<\/a> (Diazepam). A gy\u00f3gyszer egy benzodiazepin.<\/p>\n<h3>A Dextripam (Diazepam) 10 mg tabletta v\u00e9ny n\u00e9lk\u00fcl kaphat\u00f3 online (RX n\u00e9lk\u00fcl). LegitGrams<\/h3>\n<p>V\u00e1s\u00e1roljon 10 mg-ot <a href=\"https:\/\/en.wikipedia.org\/wiki\/Diazepam\">Dextripam<\/a> tablett\u00e1k online (Diazepam) \u2013 Dextripam v\u00e1s\u00e1rl\u00e1s, Dextripam tabletta v\u00e1s\u00e1rl\u00e1s, Dextripam tabletta v\u00e1s\u00e1rl\u00e1sa, Dextripam tabletta v\u00e1s\u00e1rl\u00e1sa, Dextripam tabletta v\u00e1s\u00e1rl\u00e1sa, Dextripam tabletta v\u00e1s\u00e1rl\u00e1sa, Dextripam tabletta v\u00e1s\u00e1rl\u00e1sa, Dextripam tabletta v\u00e1s\u00e1rl\u00e1sa, Dextripam tabletta v\u00e1s\u00e1rl\u00e1sa, Dextripam tabletta v\u00e1s\u00e1rl\u00e1sa, Dextripam tabletta v\u00e1s\u00e1rl\u00e1sa Dextripam tablett\u00e1k, v\u00e1s\u00e1roljon Dextripamot tablett\u00e1k, Dextripam tablett\u00e1k v\u00e1s\u00e1rl\u00e1sa, v\u00e1s\u00e1rl\u00e1s, online, sz\u00e1ll\u00edt\u00f3k, biztons\u00e1gos sz\u00e1ll\u00edt\u00e1s, A dextripam 10 mg-os tablett\u00e1k tov\u00e1bbra is kaphat\u00f3k. Az Egyes\u00fclt \u00c1llamokban leg\u00e1lis 10 mg-os dextripamot v\u00e1s\u00e1rolni? Hogyan adhatok le online megrendel\u00e9st Dextripam 10 mg tablett\u00e1kra? Enged\u00e9lyezettek Kanad\u00e1ban a 10 mg-os dextripam tablett\u00e1k? <a href=\"https:\/\/legitgrams.com\/hu\/\">LegitGrams<\/a><\/p>","protected":false},"excerpt":{"rendered":"<p>Sale of Dextripam 10mg pills Buy a 10 mg Dextrip (Diazepam) pill online. Convulsions, muscle spasms, anxiety, and other conditions are treated with ten mg of dextripam (Diazepam). The drug is a benzodiazepine. Dextripam (Diazepam) 10 mg tablets are available online without a prescription (no RX). LegitGrams Buy 10 mg of Dextripam pills online (Diazepam) &hellip;<\/p>\n<p class=\"read-more\"> <a class=\"\" href=\"https:\/\/legitgrams.com\/hu\/termek\/dextripam-10mg-tablettak\/\"> <span class=\"screen-reader-text\">Dextripam 10mg tablett\u00e1k<\/span> Olvass tov\u00e1bb \"<\/a><\/p>","protected":false},"featured_media":5228,"comment_status":"open","ping_status":"closed","template":"","meta":{"_uag_custom_page_level_css":"","site-sidebar-layout":"default","site-content-layout":"default","ast-global-header-display":"","ast-main-header-display":"","ast-hfb-above-header-display":"","ast-hfb-below-header-display":"","ast-hfb-mobile-header-display":"","site-post-title":"","ast-breadcrumbs-content":"","ast-featured-img":"","footer-sml-layout":"","theme-transparent-header-meta":"default","adv-header-id-meta":"","stick-header-meta":"default","header-above-stick-meta":"","header-main-stick-meta":"","header-below-stick-meta":"","_joinchat":[]},"product_brand":[],"product_cat":[608,597,609,610],"product_tag":[],"class_list":{"0":"post-3861","1":"product","2":"type-product","3":"status-publish","4":"has-post-thumbnail","6":"product_cat-pain-pills","7":"product_cat-pain-sleeping-sex-pills","8":"product_cat-sex-pills","9":"product_cat-sleeping-pills","10":"desktop-align-left","11":"tablet-align-left","12":"mobile-align-left","13":"ast-product-gallery-layout-horizontal","14":"ast-product-gallery-with-no-image","15":"ast-product-single-variable","16":"ast-product-tabs-layout-horizontal","17":"ast-qv-on-image","19":"first","20":"instock","21":"shipping-taxable","22":"purchasable","23":"product-type-variable"},"yoast_head":"<!-- This site is optimized with the Yoast SEO plugin v25.9 - https:\/\/yoast.com\/wordpress\/plugins\/seo\/ -->\n<title>Dextripam 10mg pills for sale - Order Dextripam pills online<\/title>\n<meta name=\"description\" content=\"You can get Dextripam 10mg pills Crystals for sale at our online store and get it at your doorstep without any hassle. We help you buy Dextripam 10mg pills Crystals online. Just place your order now!\" \/>\n<meta name=\"robots\" content=\"index, follow, max-snippet:-1, max-image-preview:large, max-video-preview:-1\" \/>\n<link rel=\"canonical\" href=\"https:\/\/legitgrams.com\/hu\/termek\/dextripam-10mg-tablettak\/\" \/>\n<meta property=\"og:locale\" content=\"hu_HU\" \/>\n<meta property=\"og:type\" content=\"article\" \/>\n<meta property=\"og:title\" content=\"Dextripam 10mg pills for sale - Order Dextripam pills online\" \/>\n<meta property=\"og:description\" content=\"You can get Dextripam 10mg pills Crystals for sale at our online store and get it at your doorstep without any hassle. We help you buy Dextripam 10mg pills Crystals online. Just place your order now!\" \/>\n<meta property=\"og:url\" content=\"https:\/\/legitgrams.com\/hu\/termek\/dextripam-10mg-tablettak\/\" \/>\n<meta property=\"og:site_name\" content=\"Legit Grams\" \/>\n<meta property=\"article:modified_time\" content=\"2025-01-13T11:11:59+00:00\" \/>\n<meta property=\"og:image\" content=\"https:\/\/legitgrams.com\/wp-content\/uploads\/2024\/09\/buy-dextripam-10mg-pills-online.jpg\" \/>\n\t<meta property=\"og:image:width\" content=\"600\" \/>\n\t<meta property=\"og:image:height\" content=\"600\" \/>\n\t<meta property=\"og:image:type\" content=\"image\/jpeg\" \/>\n<meta name=\"twitter:card\" content=\"summary_large_image\" \/>\n<meta name=\"twitter:label1\" content=\"Becs\u00fclt olvas\u00e1si id\u0151\" \/>\n\t<meta name=\"twitter:data1\" content=\"1 perc\" \/>\n<script type=\"application\/ld+json\" class=\"yoast-schema-graph\">{\"@context\":\"https:\/\/schema.org\",\"@graph\":[{\"@type\":\"WebPage\",\"@id\":\"https:\/\/legitgrams.com\/product\/dextripam-10mg-pills\/\",\"url\":\"https:\/\/legitgrams.com\/product\/dextripam-10mg-pills\/\",\"name\":\"Dextripam 10mg pills for sale - Order Dextripam pills online\",\"isPartOf\":{\"@id\":\"https:\/\/legitgrams.com\/#website\"},\"primaryImageOfPage\":{\"@id\":\"https:\/\/legitgrams.com\/product\/dextripam-10mg-pills\/#primaryimage\"},\"image\":{\"@id\":\"https:\/\/legitgrams.com\/product\/dextripam-10mg-pills\/#primaryimage\"},\"thumbnailUrl\":\"https:\/\/legitgrams.com\/wp-content\/uploads\/2024\/09\/buy-dextripam-10mg-pills-online.jpg\",\"datePublished\":\"2024-09-20T08:31:48+00:00\",\"dateModified\":\"2025-01-13T11:11:59+00:00\",\"description\":\"You can get Dextripam 10mg pills Crystals for sale at our online store and get it at your doorstep without any hassle. We help you buy Dextripam 10mg pills Crystals online. Just place your order now!\",\"breadcrumb\":{\"@id\":\"https:\/\/legitgrams.com\/product\/dextripam-10mg-pills\/#breadcrumb\"},\"inLanguage\":\"hu\",\"potentialAction\":[{\"@type\":\"ReadAction\",\"target\":[\"https:\/\/legitgrams.com\/product\/dextripam-10mg-pills\/\"]}]},{\"@type\":\"ImageObject\",\"inLanguage\":\"hu\",\"@id\":\"https:\/\/legitgrams.com\/product\/dextripam-10mg-pills\/#primaryimage\",\"url\":\"https:\/\/legitgrams.com\/wp-content\/uploads\/2024\/09\/buy-dextripam-10mg-pills-online.jpg\",\"contentUrl\":\"https:\/\/legitgrams.com\/wp-content\/uploads\/2024\/09\/buy-dextripam-10mg-pills-online.jpg\",\"width\":600,\"height\":600,\"caption\":\"Dextripam 10mg pills for sale\"},{\"@type\":\"BreadcrumbList\",\"@id\":\"https:\/\/legitgrams.com\/product\/dextripam-10mg-pills\/#breadcrumb\",\"itemListElement\":[{\"@type\":\"ListItem\",\"position\":1,\"name\":\"Home\",\"item\":\"https:\/\/legitgrams.com\/\"},{\"@type\":\"ListItem\",\"position\":2,\"name\":\"Shop\",\"item\":\"https:\/\/legitgrams.com\/shop\/\"},{\"@type\":\"ListItem\",\"position\":3,\"name\":\"Dextripam 10mg pills\"}]},{\"@type\":\"WebSite\",\"@id\":\"https:\/\/legitgrams.com\/#website\",\"url\":\"https:\/\/legitgrams.com\/\",\"name\":\"Legit Grams\",\"description\":\"My WordPress Blog\",\"publisher\":{\"@id\":\"https:\/\/legitgrams.com\/#organization\"},\"potentialAction\":[{\"@type\":\"SearchAction\",\"target\":{\"@type\":\"EntryPoint\",\"urlTemplate\":\"https:\/\/legitgrams.com\/?s={search_term_string}\"},\"query-input\":{\"@type\":\"PropertyValueSpecification\",\"valueRequired\":true,\"valueName\":\"search_term_string\"}}],\"inLanguage\":\"hu\"},{\"@type\":\"Organization\",\"@id\":\"https:\/\/legitgrams.com\/#organization\",\"name\":\"Legit Grams\",\"url\":\"https:\/\/legitgrams.com\/\",\"logo\":{\"@type\":\"ImageObject\",\"inLanguage\":\"hu\",\"@id\":\"https:\/\/legitgrams.com\/#\/schema\/logo\/image\/\",\"url\":\"https:\/\/legitgrams.com\/wp-content\/uploads\/2024\/09\/main-logo.png\",\"contentUrl\":\"https:\/\/legitgrams.com\/wp-content\/uploads\/2024\/09\/main-logo.png\",\"width\":270,\"height\":75,\"caption\":\"Legit Grams\"},\"image\":{\"@id\":\"https:\/\/legitgrams.com\/#\/schema\/logo\/image\/\"}}]}<\/script>\n<!-- \/ Yoast SEO plugin. -->","yoast_head_json":{"title":"Dextripam 10mg tablett\u00e1k elad\u00f3 - Rendel\u00e9s Dextripam tablett\u00e1k online","description":"Kaphat Dextripam 10mg tablett\u00e1t Crystals elad\u00f3 az online \u00e1ruh\u00e1zunkban, \u00e9s minden gond n\u00e9lk\u00fcl megkaphatja a h\u00e1za t\u00e1j\u00e1n. Seg\u00edt\u00fcnk megv\u00e1s\u00e1rolni Dextripam 10mg tabletta Crystals online. Csak adja le rendel\u00e9s\u00e9t most!","robots":{"index":"index","follow":"follow","max-snippet":"max-snippet:-1","max-image-preview":"max-image-preview:large","max-video-preview":"max-video-preview:-1"},"canonical":"https:\/\/legitgrams.com\/hu\/termek\/dextripam-10mg-tablettak\/","og_locale":"hu_HU","og_type":"article","og_title":"Dextripam 10mg pills for sale - Order Dextripam pills online","og_description":"You can get Dextripam 10mg pills Crystals for sale at our online store and get it at your doorstep without any hassle. We help you buy Dextripam 10mg pills Crystals online. Just place your order now!","og_url":"https:\/\/legitgrams.com\/hu\/termek\/dextripam-10mg-tablettak\/","og_site_name":"Legit Grams","article_modified_time":"2025-01-13T11:11:59+00:00","og_image":[{"width":600,"height":600,"url":"https:\/\/legitgrams.com\/wp-content\/uploads\/2024\/09\/buy-dextripam-10mg-pills-online.jpg","type":"image\/jpeg"}],"twitter_card":"summary_large_image","twitter_misc":{"Becs\u00fclt olvas\u00e1si id\u0151":"1 perc"},"schema":{"@context":"https:\/\/schema.org","@graph":[{"@type":"WebPage","@id":"https:\/\/legitgrams.com\/product\/dextripam-10mg-pills\/","url":"https:\/\/legitgrams.com\/product\/dextripam-10mg-pills\/","name":"Dextripam 10mg tablett\u00e1k elad\u00f3 - Rendel\u00e9s Dextripam tablett\u00e1k online","isPartOf":{"@id":"https:\/\/legitgrams.com\/#website"},"primaryImageOfPage":{"@id":"https:\/\/legitgrams.com\/product\/dextripam-10mg-pills\/#primaryimage"},"image":{"@id":"https:\/\/legitgrams.com\/product\/dextripam-10mg-pills\/#primaryimage"},"thumbnailUrl":"https:\/\/legitgrams.com\/wp-content\/uploads\/2024\/09\/buy-dextripam-10mg-pills-online.jpg","datePublished":"2024-09-20T08:31:48+00:00","dateModified":"2025-01-13T11:11:59+00:00","description":"Kaphat Dextripam 10mg tablett\u00e1t Crystals elad\u00f3 az online \u00e1ruh\u00e1zunkban, \u00e9s minden gond n\u00e9lk\u00fcl megkaphatja a h\u00e1za t\u00e1j\u00e1n. Seg\u00edt\u00fcnk megv\u00e1s\u00e1rolni Dextripam 10mg tabletta Crystals online. Csak adja le rendel\u00e9s\u00e9t most!","breadcrumb":{"@id":"https:\/\/legitgrams.com\/product\/dextripam-10mg-pills\/#breadcrumb"},"inLanguage":"hu","potentialAction":[{"@type":"ReadAction","target":["https:\/\/legitgrams.com\/product\/dextripam-10mg-pills\/"]}]},{"@type":"ImageObject","inLanguage":"hu","@id":"https:\/\/legitgrams.com\/product\/dextripam-10mg-pills\/#primaryimage","url":"https:\/\/legitgrams.com\/wp-content\/uploads\/2024\/09\/buy-dextripam-10mg-pills-online.jpg","contentUrl":"https:\/\/legitgrams.com\/wp-content\/uploads\/2024\/09\/buy-dextripam-10mg-pills-online.jpg","width":600,"height":600,"caption":"Dextripam 10mg pills for sale"},{"@type":"BreadcrumbList","@id":"https:\/\/legitgrams.com\/product\/dextripam-10mg-pills\/#breadcrumb","itemListElement":[{"@type":"ListItem","position":1,"name":"Home","item":"https:\/\/legitgrams.com\/"},{"@type":"ListItem","position":2,"name":"Shop","item":"https:\/\/legitgrams.com\/shop\/"},{"@type":"ListItem","position":3,"name":"Dextripam 10mg pills"}]},{"@type":"WebSite","@id":"https:\/\/legitgrams.com\/#website","url":"https:\/\/legitgrams.com\/","name":"Legit Grams","description":"Az \u00e9n WordPress blogom","publisher":{"@id":"https:\/\/legitgrams.com\/#organization"},"potentialAction":[{"@type":"SearchAction","target":{"@type":"EntryPoint","urlTemplate":"https:\/\/legitgrams.com\/?s={search_term_string}"},"query-input":{"@type":"PropertyValueSpecification","valueRequired":true,"valueName":"search_term_string"}}],"inLanguage":"hu"},{"@type":"Organization","@id":"https:\/\/legitgrams.com\/#organization","name":"Legit Grams","url":"https:\/\/legitgrams.com\/","logo":{"@type":"ImageObject","inLanguage":"hu","@id":"https:\/\/legitgrams.com\/#\/schema\/logo\/image\/","url":"https:\/\/legitgrams.com\/wp-content\/uploads\/2024\/09\/main-logo.png","contentUrl":"https:\/\/legitgrams.com\/wp-content\/uploads\/2024\/09\/main-logo.png","width":270,"height":75,"caption":"Legit Grams"},"image":{"@id":"https:\/\/legitgrams.com\/#\/schema\/logo\/image\/"}}]}},"uagb_featured_image_src":{"full":["https:\/\/legitgrams.com\/wp-content\/uploads\/2024\/09\/buy-dextripam-10mg-pills-online.jpg",600,600,false],"thumbnail":["https:\/\/legitgrams.com\/wp-content\/uploads\/2024\/09\/buy-dextripam-10mg-pills-online-150x150.jpg",150,150,true],"medium":["https:\/\/legitgrams.com\/wp-content\/uploads\/2024\/09\/buy-dextripam-10mg-pills-online-300x300.jpg",300,300,true],"medium_large":["https:\/\/legitgrams.com\/wp-content\/uploads\/2024\/09\/buy-dextripam-10mg-pills-online.jpg",600,600,false],"large":["https:\/\/legitgrams.com\/wp-content\/uploads\/2024\/09\/buy-dextripam-10mg-pills-online.jpg",600,600,false],"1536x1536":["https:\/\/legitgrams.com\/wp-content\/uploads\/2024\/09\/buy-dextripam-10mg-pills-online.jpg",600,600,false],"2048x2048":["https:\/\/legitgrams.com\/wp-content\/uploads\/2024\/09\/buy-dextripam-10mg-pills-online.jpg",600,600,false],"trp-custom-language-flag":["https:\/\/legitgrams.com\/wp-content\/uploads\/2024\/09\/buy-dextripam-10mg-pills-online-12x12.jpg",12,12,true],"woocommerce_thumbnail":["https:\/\/legitgrams.com\/wp-content\/uploads\/2024\/09\/buy-dextripam-10mg-pills-online-300x300.jpg",300,300,true],"woocommerce_single":["https:\/\/legitgrams.com\/wp-content\/uploads\/2024\/09\/buy-dextripam-10mg-pills-online.jpg",600,600,false],"woocommerce_gallery_thumbnail":["https:\/\/legitgrams.com\/wp-content\/uploads\/2024\/09\/buy-dextripam-10mg-pills-online-100x100.jpg",100,100,true]},"uagb_author_info":{"display_name":"cokeblog18","author_link":"https:\/\/legitgrams.com\/hu\/author\/"},"uagb_comment_info":0,"uagb_excerpt":"Sale of Dextripam 10mg pills Buy a 10 mg Dextrip (Diazepam) pill online. Convulsions, muscle spasms, anxiety, and other conditions are treated with ten mg of dextripam (Diazepam). The drug is a benzodiazepine. Dextripam (Diazepam) 10 mg tablets are available online without a prescription (no RX). LegitGrams Buy 10 mg of Dextripam pills online (Diazepam)&hellip;","_links":{"self":[{"href":"https:\/\/legitgrams.com\/hu\/wp-json\/wp\/v2\/product\/3861","targetHints":{"allow":["GET"]}}],"collection":[{"href":"https:\/\/legitgrams.com\/hu\/wp-json\/wp\/v2\/product"}],"about":[{"href":"https:\/\/legitgrams.com\/hu\/wp-json\/wp\/v2\/types\/product"}],"replies":[{"embeddable":true,"href":"https:\/\/legitgrams.com\/hu\/wp-json\/wp\/v2\/comments?post=3861"}],"wp:featuredmedia":[{"embeddable":true,"href":"https:\/\/legitgrams.com\/hu\/wp-json\/wp\/v2\/media\/5228"}],"wp:attachment":[{"href":"https:\/\/legitgrams.com\/hu\/wp-json\/wp\/v2\/media?parent=3861"}],"wp:term":[{"taxonomy":"product_brand","embeddable":true,"href":"https:\/\/legitgrams.com\/hu\/wp-json\/wp\/v2\/product_brand?post=3861"},{"taxonomy":"product_cat","embeddable":true,"href":"https:\/\/legitgrams.com\/hu\/wp-json\/wp\/v2\/product_cat?post=3861"},{"taxonomy":"product_tag","embeddable":true,"href":"https:\/\/legitgrams.com\/hu\/wp-json\/wp\/v2\/product_tag?post=3861"}],"curies":[{"name":"wp","href":"https:\/\/api.w.org\/{rel}","templated":true}]}}