{"id":3878,"date":"2024-09-20T09:46:41","date_gmt":"2024-09-20T09:46:41","guid":{"rendered":"https:\/\/legitgrams.com\/?post_type=product&#038;p=3878"},"modified":"2025-01-14T08:44:29","modified_gmt":"2025-01-14T08:44:29","slug":"magnus-mr-morfium-30mg","status":"publish","type":"product","link":"https:\/\/legitgrams.com\/hu\/termek\/magnus-mr-morfium-30mg\/","title":{"rendered":"Magnus MR morfium 30mg"},"content":{"rendered":"<h2>V\u00e1s\u00e1roljon 30 mg Magnus MR Morphine-t online.<\/h2>\n<p><a href=\"https:\/\/legitgrams.com\/hu\/termek\/magnus-mr-morfium-30mg\/\">Magnus<\/a> egy opioid alap\u00fa f\u00e1jdalomcsillap\u00edt\u00f3. Az opioidokat id\u0151nk\u00e9nt k\u00e1b\u00edt\u00f3szernek is nevezik. A Magnust enyhe \u00e9s s\u00falyos f\u00e1jdalom kezel\u00e9s\u00e9re is alkalmazz\u00e1k. Ha gyors hat\u00e1s\u00fa f\u00e1jdalomcsillap\u00edt\u00f3ra van sz\u00fcks\u00e9g, azt adj\u00e1k. A kr\u00f3nikus f\u00e1jdalmat a Magnus retard\u00e1lt t\u00edpus\u00e1val kezelik. F\u00e1jdalmak eset\u00e9n nem aj\u00e1nlott Magnust ebben a form\u00e1ban haszn\u00e1lni. <a href=\"https:\/\/legitgrams.com\/hu\/\">LegitGrams<\/a><\/p>\n<p>V\u00e1s\u00e1rolja meg Magnust <a href=\"https:\/\/en.wikipedia.org\/wiki\/Morphine\">MR morfium<\/a> 30 mg online: Magnus MR v\u00e1s\u00e1rl\u00e1s, Magnus MR morfium 30 mg v\u00e1s\u00e1rl\u00e1sa, Magnus v\u00e1s\u00e1rl\u00e1s online Hol v\u00e1s\u00e1rolhatok Magnus MR morfium 30 mg-ot online? Hol v\u00e1s\u00e1rolhatok online Magnus MR morfium 30 mg-ot? Hol v\u00e1s\u00e1rolhatok online Magnus MR morfium 30 mg-ot? Milyen helyen v\u00e1s\u00e1rolhatok 30 mg Online Magnus MR Morphine-t? USA, Kanada, Egyes\u00fclt Kir\u00e1lys\u00e1g, besz\u00e1ll\u00edt\u00f3k, online v\u00e1s\u00e1rl\u00e1s, biztons\u00e1gos sz\u00e1ll\u00edt\u00e1s, van m\u00e9g Magnus MR Morphine 30mg k\u00e9szlet. Az Egyes\u00fclt \u00c1llamokban leg\u00e1lis a Magnus MR Morphine 30 mg online v\u00e1s\u00e1rl\u00e1sa? Hogyan szerezhetek be 30 mg Magnus MR Morphine-t? Kanad\u00e1ban a Magnus MR Morphine 30 mg leg\u00e1lis?<\/p>\n<h2><\/h2>\n<p>&nbsp;<\/p>","protected":false},"excerpt":{"rendered":"<p>Purchase 30 mg of Magnus MR Morphine online. Magnus is an opioid-based analgesic. Opioids are occasionally referred to as drugs. Magnus is used to treat both mild and severe pain. If a quick-acting pain reliever is required, it is given. Chronic pain is treated with a retarded type of Magnus. It is not advised to &hellip;<\/p>\n<p class=\"read-more\"> <a class=\"\" href=\"https:\/\/legitgrams.com\/hu\/termek\/magnus-mr-morfium-30mg\/\"> <span class=\"screen-reader-text\">Magnus MR morfium 30mg<\/span> Olvass tov\u00e1bb \"<\/a><\/p>","protected":false},"featured_media":5235,"comment_status":"open","ping_status":"closed","template":"","meta":{"_uag_custom_page_level_css":"","site-sidebar-layout":"default","site-content-layout":"default","ast-global-header-display":"","ast-main-header-display":"","ast-hfb-above-header-display":"","ast-hfb-below-header-display":"","ast-hfb-mobile-header-display":"","site-post-title":"","ast-breadcrumbs-content":"","ast-featured-img":"","footer-sml-layout":"","theme-transparent-header-meta":"default","adv-header-id-meta":"","stick-header-meta":"default","header-above-stick-meta":"","header-main-stick-meta":"","header-below-stick-meta":"","_joinchat":[]},"product_brand":[],"product_cat":[608,597],"product_tag":[4326,4316,617,4308,4323,4320,4315,4307,4310,4318,4311,4309,4319,4321,4328,4329,4327,4324,4313,4325,4322,625,4314,4317,4312],"class_list":{"0":"post-3878","1":"product","2":"type-product","3":"status-publish","4":"has-post-thumbnail","6":"product_cat-pain-pills","7":"product_cat-pain-sleeping-sex-pills","8":"product_tag-best-cheap-price-magnus-mr-morphine-30mg","9":"product_tag-best-place-to-buy-magnus-mr-morphine-30mg","10":"product_tag-bulk-online","11":"product_tag-buy-magnus-mr-morphine-30mg","12":"product_tag-cheap-magnus-mr-morphine-30mg","13":"product_tag-high-quality-magnus-mr-morphine-30mg","14":"product_tag-how-to-buy-magnus-mr-morphine-30mg","15":"product_tag-magnus-mr-morphine-30mg","16":"product_tag-magnus-mr-morphine-30mg-for-sale","17":"product_tag-magnus-mr-morphine-30mg-legally","18":"product_tag-magnus-mr-morphine-30mg-magnus-mr-morphine-30mg-supplier","19":"product_tag-magnus-mr-morphine-30mg-online","20":"product_tag-magnus-mr-morphine-30mg-price","21":"product_tag-magnus-mr-morphine-30mg-store","22":"product_tag-magnus-mr-morphine-30mg-use","23":"product_tag-magnus-mr-morphine-30mg-wiki","24":"product_tag-magnus-mr-morphine-30mg-worldwide","25":"product_tag-magnus-mr-morphine-30mgs","26":"product_tag-order-magnus-mr-morphine-30mg","27":"product_tag-purcharse-magnus-mr-morphine-30mg","28":"product_tag-shop-magnus-mr-morphine-30mg","29":"product_tag-top-quality","30":"product_tag-where-to-buy-magnus-mr-morphine-30mg","31":"product_tag-where-to-order-magnus-mr-morphine-30mg","32":"product_tag-wholesale-magnus-mr-morphine-30mg","33":"desktop-align-left","34":"tablet-align-left","35":"mobile-align-left","36":"ast-product-gallery-layout-horizontal","37":"ast-product-gallery-with-no-image","38":"ast-product-single-variable","39":"ast-product-tabs-layout-horizontal","40":"ast-qv-on-image","42":"first","43":"instock","44":"shipping-taxable","45":"purchasable","46":"product-type-variable"},"yoast_head":"<!-- This site is optimized with the Yoast SEO plugin v25.9 - https:\/\/yoast.com\/wordpress\/plugins\/seo\/ -->\n<title>Magnus MR Morphine 30mg for Sale | LegitGrams<\/title>\n<meta name=\"description\" content=\"You can get Magnus MR Morphine 30mg for sale at our store and get it at your doorstep without any hassle. We will help you to buy Magnus MR Morphine 30mg online. Order now!\" \/>\n<meta name=\"robots\" content=\"index, follow, max-snippet:-1, max-image-preview:large, max-video-preview:-1\" \/>\n<link rel=\"canonical\" href=\"https:\/\/legitgrams.com\/hu\/termek\/magnus-mr-morfium-30mg\/\" \/>\n<meta property=\"og:locale\" content=\"hu_HU\" \/>\n<meta property=\"og:type\" content=\"article\" \/>\n<meta property=\"og:title\" content=\"Magnus MR Morphine 30mg for Sale | LegitGrams\" \/>\n<meta property=\"og:description\" content=\"You can get Magnus MR Morphine 30mg for sale at our store and get it at your doorstep without any hassle. We will help you to buy Magnus MR Morphine 30mg online. Order now!\" \/>\n<meta property=\"og:url\" content=\"https:\/\/legitgrams.com\/hu\/termek\/magnus-mr-morfium-30mg\/\" \/>\n<meta property=\"og:site_name\" content=\"Legit Grams\" \/>\n<meta property=\"article:modified_time\" content=\"2025-01-14T08:44:29+00:00\" \/>\n<meta property=\"og:image\" content=\"https:\/\/legitgrams.com\/wp-content\/uploads\/2024\/09\/buy-magnus-mr-morphine-30mg-online.jpg\" \/>\n\t<meta property=\"og:image:width\" content=\"600\" \/>\n\t<meta property=\"og:image:height\" content=\"600\" \/>\n\t<meta property=\"og:image:type\" content=\"image\/jpeg\" \/>\n<meta name=\"twitter:card\" content=\"summary_large_image\" \/>\n<meta name=\"twitter:label1\" content=\"Becs\u00fclt olvas\u00e1si id\u0151\" \/>\n\t<meta name=\"twitter:data1\" content=\"2 perc\" \/>\n<script type=\"application\/ld+json\" class=\"yoast-schema-graph\">{\"@context\":\"https:\/\/schema.org\",\"@graph\":[{\"@type\":\"WebPage\",\"@id\":\"https:\/\/legitgrams.com\/product\/magnus-mr-morphine-30mg\/\",\"url\":\"https:\/\/legitgrams.com\/product\/magnus-mr-morphine-30mg\/\",\"name\":\"Magnus MR Morphine 30mg for Sale | LegitGrams\",\"isPartOf\":{\"@id\":\"https:\/\/legitgrams.com\/#website\"},\"primaryImageOfPage\":{\"@id\":\"https:\/\/legitgrams.com\/product\/magnus-mr-morphine-30mg\/#primaryimage\"},\"image\":{\"@id\":\"https:\/\/legitgrams.com\/product\/magnus-mr-morphine-30mg\/#primaryimage\"},\"thumbnailUrl\":\"https:\/\/legitgrams.com\/wp-content\/uploads\/2024\/09\/buy-magnus-mr-morphine-30mg-online.jpg\",\"datePublished\":\"2024-09-20T09:46:41+00:00\",\"dateModified\":\"2025-01-14T08:44:29+00:00\",\"description\":\"You can get Magnus MR Morphine 30mg for sale at our store and get it at your doorstep without any hassle. We will help you to buy Magnus MR Morphine 30mg online. Order now!\",\"breadcrumb\":{\"@id\":\"https:\/\/legitgrams.com\/product\/magnus-mr-morphine-30mg\/#breadcrumb\"},\"inLanguage\":\"hu\",\"potentialAction\":[{\"@type\":\"ReadAction\",\"target\":[\"https:\/\/legitgrams.com\/product\/magnus-mr-morphine-30mg\/\"]}]},{\"@type\":\"ImageObject\",\"inLanguage\":\"hu\",\"@id\":\"https:\/\/legitgrams.com\/product\/magnus-mr-morphine-30mg\/#primaryimage\",\"url\":\"https:\/\/legitgrams.com\/wp-content\/uploads\/2024\/09\/buy-magnus-mr-morphine-30mg-online.jpg\",\"contentUrl\":\"https:\/\/legitgrams.com\/wp-content\/uploads\/2024\/09\/buy-magnus-mr-morphine-30mg-online.jpg\",\"width\":600,\"height\":600,\"caption\":\"Magnus MR Morphine 30mg for Sale\"},{\"@type\":\"BreadcrumbList\",\"@id\":\"https:\/\/legitgrams.com\/product\/magnus-mr-morphine-30mg\/#breadcrumb\",\"itemListElement\":[{\"@type\":\"ListItem\",\"position\":1,\"name\":\"Home\",\"item\":\"https:\/\/legitgrams.com\/\"},{\"@type\":\"ListItem\",\"position\":2,\"name\":\"Shop\",\"item\":\"https:\/\/legitgrams.com\/shop\/\"},{\"@type\":\"ListItem\",\"position\":3,\"name\":\"Magnus MR Morphine 30mg\"}]},{\"@type\":\"WebSite\",\"@id\":\"https:\/\/legitgrams.com\/#website\",\"url\":\"https:\/\/legitgrams.com\/\",\"name\":\"Legit Grams\",\"description\":\"My WordPress Blog\",\"publisher\":{\"@id\":\"https:\/\/legitgrams.com\/#organization\"},\"potentialAction\":[{\"@type\":\"SearchAction\",\"target\":{\"@type\":\"EntryPoint\",\"urlTemplate\":\"https:\/\/legitgrams.com\/?s={search_term_string}\"},\"query-input\":{\"@type\":\"PropertyValueSpecification\",\"valueRequired\":true,\"valueName\":\"search_term_string\"}}],\"inLanguage\":\"hu\"},{\"@type\":\"Organization\",\"@id\":\"https:\/\/legitgrams.com\/#organization\",\"name\":\"Legit Grams\",\"url\":\"https:\/\/legitgrams.com\/\",\"logo\":{\"@type\":\"ImageObject\",\"inLanguage\":\"hu\",\"@id\":\"https:\/\/legitgrams.com\/#\/schema\/logo\/image\/\",\"url\":\"https:\/\/legitgrams.com\/wp-content\/uploads\/2024\/09\/main-logo.png\",\"contentUrl\":\"https:\/\/legitgrams.com\/wp-content\/uploads\/2024\/09\/main-logo.png\",\"width\":270,\"height\":75,\"caption\":\"Legit Grams\"},\"image\":{\"@id\":\"https:\/\/legitgrams.com\/#\/schema\/logo\/image\/\"}}]}<\/script>\n<!-- \/ Yoast SEO plugin. -->","yoast_head_json":{"title":"Magnus MR Morphine 30mg elad\u00f3 | LegitGrams","description":"A Magnus MR Morphine 30mg elad\u00f3 a mi \u00fczlet\u00fcnkben, \u00e9s minden gond n\u00e9lk\u00fcl megkaphatja a h\u00e1za t\u00e1j\u00e1n. Seg\u00edt\u00fcnk \u00d6nnek megv\u00e1s\u00e1rolni Magnus MR Morphine 30mg online. Rendelje meg most!","robots":{"index":"index","follow":"follow","max-snippet":"max-snippet:-1","max-image-preview":"max-image-preview:large","max-video-preview":"max-video-preview:-1"},"canonical":"https:\/\/legitgrams.com\/hu\/termek\/magnus-mr-morfium-30mg\/","og_locale":"hu_HU","og_type":"article","og_title":"Magnus MR Morphine 30mg for Sale | LegitGrams","og_description":"You can get Magnus MR Morphine 30mg for sale at our store and get it at your doorstep without any hassle. We will help you to buy Magnus MR Morphine 30mg online. Order now!","og_url":"https:\/\/legitgrams.com\/hu\/termek\/magnus-mr-morfium-30mg\/","og_site_name":"Legit Grams","article_modified_time":"2025-01-14T08:44:29+00:00","og_image":[{"width":600,"height":600,"url":"https:\/\/legitgrams.com\/wp-content\/uploads\/2024\/09\/buy-magnus-mr-morphine-30mg-online.jpg","type":"image\/jpeg"}],"twitter_card":"summary_large_image","twitter_misc":{"Becs\u00fclt olvas\u00e1si id\u0151":"2 perc"},"schema":{"@context":"https:\/\/schema.org","@graph":[{"@type":"WebPage","@id":"https:\/\/legitgrams.com\/product\/magnus-mr-morphine-30mg\/","url":"https:\/\/legitgrams.com\/product\/magnus-mr-morphine-30mg\/","name":"Magnus MR Morphine 30mg elad\u00f3 | LegitGrams","isPartOf":{"@id":"https:\/\/legitgrams.com\/#website"},"primaryImageOfPage":{"@id":"https:\/\/legitgrams.com\/product\/magnus-mr-morphine-30mg\/#primaryimage"},"image":{"@id":"https:\/\/legitgrams.com\/product\/magnus-mr-morphine-30mg\/#primaryimage"},"thumbnailUrl":"https:\/\/legitgrams.com\/wp-content\/uploads\/2024\/09\/buy-magnus-mr-morphine-30mg-online.jpg","datePublished":"2024-09-20T09:46:41+00:00","dateModified":"2025-01-14T08:44:29+00:00","description":"A Magnus MR Morphine 30mg elad\u00f3 a mi \u00fczlet\u00fcnkben, \u00e9s minden gond n\u00e9lk\u00fcl megkaphatja a h\u00e1za t\u00e1j\u00e1n. Seg\u00edt\u00fcnk \u00d6nnek megv\u00e1s\u00e1rolni Magnus MR Morphine 30mg online. Rendelje meg most!","breadcrumb":{"@id":"https:\/\/legitgrams.com\/product\/magnus-mr-morphine-30mg\/#breadcrumb"},"inLanguage":"hu","potentialAction":[{"@type":"ReadAction","target":["https:\/\/legitgrams.com\/product\/magnus-mr-morphine-30mg\/"]}]},{"@type":"ImageObject","inLanguage":"hu","@id":"https:\/\/legitgrams.com\/product\/magnus-mr-morphine-30mg\/#primaryimage","url":"https:\/\/legitgrams.com\/wp-content\/uploads\/2024\/09\/buy-magnus-mr-morphine-30mg-online.jpg","contentUrl":"https:\/\/legitgrams.com\/wp-content\/uploads\/2024\/09\/buy-magnus-mr-morphine-30mg-online.jpg","width":600,"height":600,"caption":"Magnus MR Morphine 30mg for Sale"},{"@type":"BreadcrumbList","@id":"https:\/\/legitgrams.com\/product\/magnus-mr-morphine-30mg\/#breadcrumb","itemListElement":[{"@type":"ListItem","position":1,"name":"Home","item":"https:\/\/legitgrams.com\/"},{"@type":"ListItem","position":2,"name":"Shop","item":"https:\/\/legitgrams.com\/shop\/"},{"@type":"ListItem","position":3,"name":"Magnus MR Morphine 30mg"}]},{"@type":"WebSite","@id":"https:\/\/legitgrams.com\/#website","url":"https:\/\/legitgrams.com\/","name":"Legit Grams","description":"Az \u00e9n WordPress blogom","publisher":{"@id":"https:\/\/legitgrams.com\/#organization"},"potentialAction":[{"@type":"SearchAction","target":{"@type":"EntryPoint","urlTemplate":"https:\/\/legitgrams.com\/?s={search_term_string}"},"query-input":{"@type":"PropertyValueSpecification","valueRequired":true,"valueName":"search_term_string"}}],"inLanguage":"hu"},{"@type":"Organization","@id":"https:\/\/legitgrams.com\/#organization","name":"Legit Grams","url":"https:\/\/legitgrams.com\/","logo":{"@type":"ImageObject","inLanguage":"hu","@id":"https:\/\/legitgrams.com\/#\/schema\/logo\/image\/","url":"https:\/\/legitgrams.com\/wp-content\/uploads\/2024\/09\/main-logo.png","contentUrl":"https:\/\/legitgrams.com\/wp-content\/uploads\/2024\/09\/main-logo.png","width":270,"height":75,"caption":"Legit Grams"},"image":{"@id":"https:\/\/legitgrams.com\/#\/schema\/logo\/image\/"}}]}},"uagb_featured_image_src":{"full":["https:\/\/legitgrams.com\/wp-content\/uploads\/2024\/09\/buy-magnus-mr-morphine-30mg-online.jpg",600,600,false],"thumbnail":["https:\/\/legitgrams.com\/wp-content\/uploads\/2024\/09\/buy-magnus-mr-morphine-30mg-online-150x150.jpg",150,150,true],"medium":["https:\/\/legitgrams.com\/wp-content\/uploads\/2024\/09\/buy-magnus-mr-morphine-30mg-online-300x300.jpg",300,300,true],"medium_large":["https:\/\/legitgrams.com\/wp-content\/uploads\/2024\/09\/buy-magnus-mr-morphine-30mg-online.jpg",600,600,false],"large":["https:\/\/legitgrams.com\/wp-content\/uploads\/2024\/09\/buy-magnus-mr-morphine-30mg-online.jpg",600,600,false],"1536x1536":["https:\/\/legitgrams.com\/wp-content\/uploads\/2024\/09\/buy-magnus-mr-morphine-30mg-online.jpg",600,600,false],"2048x2048":["https:\/\/legitgrams.com\/wp-content\/uploads\/2024\/09\/buy-magnus-mr-morphine-30mg-online.jpg",600,600,false],"trp-custom-language-flag":["https:\/\/legitgrams.com\/wp-content\/uploads\/2024\/09\/buy-magnus-mr-morphine-30mg-online-12x12.jpg",12,12,true],"woocommerce_thumbnail":["https:\/\/legitgrams.com\/wp-content\/uploads\/2024\/09\/buy-magnus-mr-morphine-30mg-online-300x300.jpg",300,300,true],"woocommerce_single":["https:\/\/legitgrams.com\/wp-content\/uploads\/2024\/09\/buy-magnus-mr-morphine-30mg-online.jpg",600,600,false],"woocommerce_gallery_thumbnail":["https:\/\/legitgrams.com\/wp-content\/uploads\/2024\/09\/buy-magnus-mr-morphine-30mg-online-100x100.jpg",100,100,true]},"uagb_author_info":{"display_name":"cokeblog18","author_link":"https:\/\/legitgrams.com\/hu\/author\/"},"uagb_comment_info":0,"uagb_excerpt":"Purchase 30 mg of Magnus MR Morphine online. Magnus is an opioid-based analgesic. Opioids are occasionally referred to as drugs. Magnus is used to treat both mild and severe pain. If a quick-acting pain reliever is required, it is given. Chronic pain is treated with a retarded type of Magnus. It is not advised to&hellip;","_links":{"self":[{"href":"https:\/\/legitgrams.com\/hu\/wp-json\/wp\/v2\/product\/3878","targetHints":{"allow":["GET"]}}],"collection":[{"href":"https:\/\/legitgrams.com\/hu\/wp-json\/wp\/v2\/product"}],"about":[{"href":"https:\/\/legitgrams.com\/hu\/wp-json\/wp\/v2\/types\/product"}],"replies":[{"embeddable":true,"href":"https:\/\/legitgrams.com\/hu\/wp-json\/wp\/v2\/comments?post=3878"}],"wp:featuredmedia":[{"embeddable":true,"href":"https:\/\/legitgrams.com\/hu\/wp-json\/wp\/v2\/media\/5235"}],"wp:attachment":[{"href":"https:\/\/legitgrams.com\/hu\/wp-json\/wp\/v2\/media?parent=3878"}],"wp:term":[{"taxonomy":"product_brand","embeddable":true,"href":"https:\/\/legitgrams.com\/hu\/wp-json\/wp\/v2\/product_brand?post=3878"},{"taxonomy":"product_cat","embeddable":true,"href":"https:\/\/legitgrams.com\/hu\/wp-json\/wp\/v2\/product_cat?post=3878"},{"taxonomy":"product_tag","embeddable":true,"href":"https:\/\/legitgrams.com\/hu\/wp-json\/wp\/v2\/product_tag?post=3878"}],"curies":[{"name":"wp","href":"https:\/\/api.w.org\/{rel}","templated":true}]}}