{"id":3880,"date":"2024-09-20T09:55:08","date_gmt":"2024-09-20T09:55:08","guid":{"rendered":"https:\/\/legitgrams.com\/?post_type=product&#038;p=3880"},"modified":"2025-01-11T10:29:06","modified_gmt":"2025-01-11T10:29:06","slug":"3-mmc-kristalyos-kozetek","status":"publish","type":"product","link":"https:\/\/legitgrams.com\/hu\/termek\/3-mmc-kristalyos-kozetek\/","title":{"rendered":"3-MMC krist\u00e1lyos k\u0151zetek"},"content":{"rendered":"<h2>V\u00e1s\u00e1roljon Crystalline Rocks-t a 3-MMC Online seg\u00edts\u00e9g\u00e9vel<\/h2>\n<p>Szerezd meg a  c\u00edmet. <a href=\"https:\/\/legitgrams.com\/hu\/termek\/3-mmc-kristalyos-kozetek\/\">3-MMC krist\u00e1lyk\u00f6vek<\/a> online. Afrodizi\u00e1kum, stimul\u00e1ns \u00e9s empatog\u00e9n\/de facto (azaz emp\u00e1tia \u00e9s fokozott kommunik\u00e1ci\u00f3s s\u00fcrg\u0151ss\u00e9g) az els\u0151dleges hat\u00e1sai.<\/p>\n<p>3-MMC tiszta k\u0151zet v\u00e1s\u00e1rl\u00e1sa online: Hol v\u00e1s\u00e1rolhat 3-MMC krist\u00e1lyos k\u0151zeteket, hol v\u00e1s\u00e1rolhat krist\u00e1lyos k\u0151zeteket, hol v\u00e1s\u00e1rolhat 3-MMC tiszta k\u0151zeteket 3. Hol v\u00e1s\u00e1rolhatok MMC krist\u00e1lyos k\u0151zeteket? <a href=\"https:\/\/en.wikipedia.org\/wiki\/3-Methylmethcathinone\">3-MMC<\/a> Crystalline elad\u00f3, 3-MMC Rocks \u00e9s 3-MMC Crystalline elad\u00f3 3. Az MMC Crystalline Rocks megv\u00e1s\u00e1rolhat\u00f3 az Egyes\u00fclt \u00c1llamokban, Kanad\u00e1ban \u00e9s az Egyes\u00fclt Kir\u00e1lys\u00e1gban, valamint online \u00e9s biztons\u00e1gos sz\u00e1ll\u00edt\u00e1st biztos\u00edt\u00f3 keresked\u0151kt\u0151l. A 3-MMC Crystalline Rocks tov\u00e1bbra is megval\u00f3s\u00edthat\u00f3: Hol v\u00e1s\u00e1rolhat 3-MMC Crystalline Rocks-t online, hogyan lehet megrendelni, \u00e9s leg\u00e1lis-e megv\u00e1s\u00e1rolni \u0151ket az Egyes\u00fclt \u00c1llamokban? 3. Leg\u00e1lis az MMC Crystalline Rocks haszn\u00e1lata Kanad\u00e1ban? <a href=\"https:\/\/legitgrams.com\/hu\/\">LegitGrams<\/a><\/p>","protected":false},"excerpt":{"rendered":"<p>Purchase Crystalline Rocks with 3-MMC Online Get 3-MMC crystal stones online. Aphrodisiac, stimulant, and empathogenic\/de facto (i.e., empathy and heightened urgency of communication) are its primary effects. Purchase 3-MMC Clear Rocks Online: Where to Buy 3-MMC Crystalline, Where to Buy Crystalline Rocks, Where to Buy 3-MMC Clear Rocks 3. Where can I purchase MMC Crystalline &hellip;<\/p>\n<p class=\"read-more\"> <a class=\"\" href=\"https:\/\/legitgrams.com\/hu\/termek\/3-mmc-kristalyos-kozetek\/\"> <span class=\"screen-reader-text\">3-MMC krist\u00e1lyos k\u0151zetek<\/span> Olvass tov\u00e1bb \"<\/a><\/p>","protected":false},"featured_media":5256,"comment_status":"open","ping_status":"closed","template":"","meta":{"_uag_custom_page_level_css":"","site-sidebar-layout":"default","site-content-layout":"default","ast-global-header-display":"","ast-main-header-display":"","ast-hfb-above-header-display":"","ast-hfb-below-header-display":"","ast-hfb-mobile-header-display":"","site-post-title":"","ast-breadcrumbs-content":"","ast-featured-img":"","footer-sml-layout":"","theme-transparent-header-meta":"default","adv-header-id-meta":"","stick-header-meta":"default","header-above-stick-meta":"","header-main-stick-meta":"","header-below-stick-meta":"","_joinchat":[]},"product_brand":[],"product_cat":[598],"product_tag":[4238,4242,4241,4249,4240,4250,4252,4259,4260,4258,4255,4257,4247,617,4239,4254,4251,4246,4244,4256,4253,625,4245,4248,4243],"class_list":{"0":"post-3880","1":"product","2":"type-product","3":"status-publish","4":"has-post-thumbnail","6":"product_cat-stimulants","7":"product_tag-3-mmc-crystalline-rocks","8":"product_tag-3-mmc-crystalline-rocks-3-mmc-crystalline-rocks-supplier","9":"product_tag-3-mmc-crystalline-rocks-for-sale","10":"product_tag-3-mmc-crystalline-rocks-legally","11":"product_tag-3-mmc-crystalline-rocks-online","12":"product_tag-3-mmc-crystalline-rocks-price","13":"product_tag-3-mmc-crystalline-rocks-store","14":"product_tag-3-mmc-crystalline-rocks-use","15":"product_tag-3-mmc-crystalline-rocks-wiki","16":"product_tag-3-mmc-crystalline-rocks-worldwide","17":"product_tag-3-mmc-crystalline-rockss","18":"product_tag-best-cheap-price-3-mmc-crystalline-rocks","19":"product_tag-best-place-to-buy-3-mmc-crystalline-rocks","20":"product_tag-bulk-online","21":"product_tag-buy-3-mmc-crystalline-rocks","22":"product_tag-cheap-3-mmc-crystalline-rocks","23":"product_tag-high-quality-3-mmc-crystalline-rocks","24":"product_tag-how-to-buy-3-mmc-crystalline-rocks","25":"product_tag-order-3-mmc-crystalline-rocks","26":"product_tag-purcharse-3-mmc-crystalline-rocks","27":"product_tag-shop-3-mmc-crystalline-rocks","28":"product_tag-top-quality","29":"product_tag-where-to-buy-3-mmc-crystalline-rocks","30":"product_tag-where-to-order-3-mmc-crystalline-rocks","31":"product_tag-wholesale-3-mmc-crystalline-rocks","32":"desktop-align-left","33":"tablet-align-left","34":"mobile-align-left","35":"ast-product-gallery-layout-horizontal","36":"ast-product-gallery-with-no-image","37":"ast-product-single-variable","38":"ast-product-tabs-layout-horizontal","39":"ast-qv-on-image","41":"first","42":"instock","43":"shipping-taxable","44":"purchasable","45":"product-type-variable"},"yoast_head":"<!-- This site is optimized with the Yoast SEO plugin v25.9 - https:\/\/yoast.com\/wordpress\/plugins\/seo\/ -->\n<title>3-MMC Crystalline Rocks for Sale - Buy 3-MMC Online<\/title>\n<meta name=\"description\" content=\"Our LegitGram online store has high-quality 3-MMC crystalline rocks for sale. If you are willing to buy 3-MMC online, then let us know. We will complete your requirements soon!\" \/>\n<meta name=\"robots\" content=\"index, follow, max-snippet:-1, max-image-preview:large, max-video-preview:-1\" \/>\n<link rel=\"canonical\" href=\"https:\/\/legitgrams.com\/hu\/termek\/3-mmc-kristalyos-kozetek\/\" \/>\n<meta property=\"og:locale\" content=\"hu_HU\" \/>\n<meta property=\"og:type\" content=\"article\" \/>\n<meta property=\"og:title\" content=\"3-MMC Crystalline Rocks for Sale - Buy 3-MMC Online\" \/>\n<meta property=\"og:description\" content=\"Our LegitGram online store has high-quality 3-MMC crystalline rocks for sale. If you are willing to buy 3-MMC online, then let us know. We will complete your requirements soon!\" \/>\n<meta property=\"og:url\" content=\"https:\/\/legitgrams.com\/hu\/termek\/3-mmc-kristalyos-kozetek\/\" \/>\n<meta property=\"og:site_name\" content=\"Legit Grams\" \/>\n<meta property=\"article:modified_time\" content=\"2025-01-11T10:29:06+00:00\" \/>\n<meta property=\"og:image\" content=\"https:\/\/legitgrams.com\/wp-content\/uploads\/2024\/09\/buy-3-mmc-crystalline-rocks-online.jpg\" \/>\n\t<meta property=\"og:image:width\" content=\"600\" \/>\n\t<meta property=\"og:image:height\" content=\"600\" \/>\n\t<meta property=\"og:image:type\" content=\"image\/jpeg\" \/>\n<meta name=\"twitter:card\" content=\"summary_large_image\" \/>\n<meta name=\"twitter:label1\" content=\"Becs\u00fclt olvas\u00e1si id\u0151\" \/>\n\t<meta name=\"twitter:data1\" content=\"1 perc\" \/>\n<script type=\"application\/ld+json\" class=\"yoast-schema-graph\">{\"@context\":\"https:\/\/schema.org\",\"@graph\":[{\"@type\":\"WebPage\",\"@id\":\"https:\/\/legitgrams.com\/product\/3-mmc-crystalline-rocks\/\",\"url\":\"https:\/\/legitgrams.com\/product\/3-mmc-crystalline-rocks\/\",\"name\":\"3-MMC Crystalline Rocks for Sale - Buy 3-MMC Online\",\"isPartOf\":{\"@id\":\"https:\/\/legitgrams.com\/#website\"},\"primaryImageOfPage\":{\"@id\":\"https:\/\/legitgrams.com\/product\/3-mmc-crystalline-rocks\/#primaryimage\"},\"image\":{\"@id\":\"https:\/\/legitgrams.com\/product\/3-mmc-crystalline-rocks\/#primaryimage\"},\"thumbnailUrl\":\"https:\/\/legitgrams.com\/wp-content\/uploads\/2024\/09\/buy-3-mmc-crystalline-rocks-online.jpg\",\"datePublished\":\"2024-09-20T09:55:08+00:00\",\"dateModified\":\"2025-01-11T10:29:06+00:00\",\"description\":\"Our LegitGram online store has high-quality 3-MMC crystalline rocks for sale. If you are willing to buy 3-MMC online, then let us know. We will complete your requirements soon!\",\"breadcrumb\":{\"@id\":\"https:\/\/legitgrams.com\/product\/3-mmc-crystalline-rocks\/#breadcrumb\"},\"inLanguage\":\"hu\",\"potentialAction\":[{\"@type\":\"ReadAction\",\"target\":[\"https:\/\/legitgrams.com\/product\/3-mmc-crystalline-rocks\/\"]}]},{\"@type\":\"ImageObject\",\"inLanguage\":\"hu\",\"@id\":\"https:\/\/legitgrams.com\/product\/3-mmc-crystalline-rocks\/#primaryimage\",\"url\":\"https:\/\/legitgrams.com\/wp-content\/uploads\/2024\/09\/buy-3-mmc-crystalline-rocks-online.jpg\",\"contentUrl\":\"https:\/\/legitgrams.com\/wp-content\/uploads\/2024\/09\/buy-3-mmc-crystalline-rocks-online.jpg\",\"width\":600,\"height\":600,\"caption\":\"3-mmc-crystalline-rocks for Sale\"},{\"@type\":\"BreadcrumbList\",\"@id\":\"https:\/\/legitgrams.com\/product\/3-mmc-crystalline-rocks\/#breadcrumb\",\"itemListElement\":[{\"@type\":\"ListItem\",\"position\":1,\"name\":\"Home\",\"item\":\"https:\/\/legitgrams.com\/\"},{\"@type\":\"ListItem\",\"position\":2,\"name\":\"Shop\",\"item\":\"https:\/\/legitgrams.com\/shop\/\"},{\"@type\":\"ListItem\",\"position\":3,\"name\":\"3-MMC Crystalline Rocks\"}]},{\"@type\":\"WebSite\",\"@id\":\"https:\/\/legitgrams.com\/#website\",\"url\":\"https:\/\/legitgrams.com\/\",\"name\":\"Legit Grams\",\"description\":\"My WordPress Blog\",\"publisher\":{\"@id\":\"https:\/\/legitgrams.com\/#organization\"},\"potentialAction\":[{\"@type\":\"SearchAction\",\"target\":{\"@type\":\"EntryPoint\",\"urlTemplate\":\"https:\/\/legitgrams.com\/?s={search_term_string}\"},\"query-input\":{\"@type\":\"PropertyValueSpecification\",\"valueRequired\":true,\"valueName\":\"search_term_string\"}}],\"inLanguage\":\"hu\"},{\"@type\":\"Organization\",\"@id\":\"https:\/\/legitgrams.com\/#organization\",\"name\":\"Legit Grams\",\"url\":\"https:\/\/legitgrams.com\/\",\"logo\":{\"@type\":\"ImageObject\",\"inLanguage\":\"hu\",\"@id\":\"https:\/\/legitgrams.com\/#\/schema\/logo\/image\/\",\"url\":\"https:\/\/legitgrams.com\/wp-content\/uploads\/2024\/09\/main-logo.png\",\"contentUrl\":\"https:\/\/legitgrams.com\/wp-content\/uploads\/2024\/09\/main-logo.png\",\"width\":270,\"height\":75,\"caption\":\"Legit Grams\"},\"image\":{\"@id\":\"https:\/\/legitgrams.com\/#\/schema\/logo\/image\/\"}}]}<\/script>\n<!-- \/ Yoast SEO plugin. -->","yoast_head_json":{"title":"3-MMC krist\u00e1lyos k\u0151zetek elad\u00f3 - 3-MMC online v\u00e1s\u00e1rl\u00e1s","description":"LegitGram online \u00e1ruh\u00e1zunkban kiv\u00e1l\u00f3 min\u0151s\u00e9g\u0171 3-MMC krist\u00e1lyos k\u0151zeteket k\u00edn\u00e1lunk elad\u00e1sra. Ha hajland\u00f3 3-MMC-t v\u00e1s\u00e1rolni online, akkor tudassa vel\u00fcnk. Hamarosan teljes\u00edtj\u00fck az \u00d6n ig\u00e9nyeit!","robots":{"index":"index","follow":"follow","max-snippet":"max-snippet:-1","max-image-preview":"max-image-preview:large","max-video-preview":"max-video-preview:-1"},"canonical":"https:\/\/legitgrams.com\/hu\/termek\/3-mmc-kristalyos-kozetek\/","og_locale":"hu_HU","og_type":"article","og_title":"3-MMC Crystalline Rocks for Sale - Buy 3-MMC Online","og_description":"Our LegitGram online store has high-quality 3-MMC crystalline rocks for sale. If you are willing to buy 3-MMC online, then let us know. We will complete your requirements soon!","og_url":"https:\/\/legitgrams.com\/hu\/termek\/3-mmc-kristalyos-kozetek\/","og_site_name":"Legit Grams","article_modified_time":"2025-01-11T10:29:06+00:00","og_image":[{"width":600,"height":600,"url":"https:\/\/legitgrams.com\/wp-content\/uploads\/2024\/09\/buy-3-mmc-crystalline-rocks-online.jpg","type":"image\/jpeg"}],"twitter_card":"summary_large_image","twitter_misc":{"Becs\u00fclt olvas\u00e1si id\u0151":"1 perc"},"schema":{"@context":"https:\/\/schema.org","@graph":[{"@type":"WebPage","@id":"https:\/\/legitgrams.com\/product\/3-mmc-crystalline-rocks\/","url":"https:\/\/legitgrams.com\/product\/3-mmc-crystalline-rocks\/","name":"3-MMC krist\u00e1lyos k\u0151zetek elad\u00f3 - 3-MMC online v\u00e1s\u00e1rl\u00e1s","isPartOf":{"@id":"https:\/\/legitgrams.com\/#website"},"primaryImageOfPage":{"@id":"https:\/\/legitgrams.com\/product\/3-mmc-crystalline-rocks\/#primaryimage"},"image":{"@id":"https:\/\/legitgrams.com\/product\/3-mmc-crystalline-rocks\/#primaryimage"},"thumbnailUrl":"https:\/\/legitgrams.com\/wp-content\/uploads\/2024\/09\/buy-3-mmc-crystalline-rocks-online.jpg","datePublished":"2024-09-20T09:55:08+00:00","dateModified":"2025-01-11T10:29:06+00:00","description":"LegitGram online \u00e1ruh\u00e1zunkban kiv\u00e1l\u00f3 min\u0151s\u00e9g\u0171 3-MMC krist\u00e1lyos k\u0151zeteket k\u00edn\u00e1lunk elad\u00e1sra. Ha hajland\u00f3 3-MMC-t v\u00e1s\u00e1rolni online, akkor tudassa vel\u00fcnk. Hamarosan teljes\u00edtj\u00fck az \u00d6n ig\u00e9nyeit!","breadcrumb":{"@id":"https:\/\/legitgrams.com\/product\/3-mmc-crystalline-rocks\/#breadcrumb"},"inLanguage":"hu","potentialAction":[{"@type":"ReadAction","target":["https:\/\/legitgrams.com\/product\/3-mmc-crystalline-rocks\/"]}]},{"@type":"ImageObject","inLanguage":"hu","@id":"https:\/\/legitgrams.com\/product\/3-mmc-crystalline-rocks\/#primaryimage","url":"https:\/\/legitgrams.com\/wp-content\/uploads\/2024\/09\/buy-3-mmc-crystalline-rocks-online.jpg","contentUrl":"https:\/\/legitgrams.com\/wp-content\/uploads\/2024\/09\/buy-3-mmc-crystalline-rocks-online.jpg","width":600,"height":600,"caption":"3-mmc-crystalline-rocks for Sale"},{"@type":"BreadcrumbList","@id":"https:\/\/legitgrams.com\/product\/3-mmc-crystalline-rocks\/#breadcrumb","itemListElement":[{"@type":"ListItem","position":1,"name":"Home","item":"https:\/\/legitgrams.com\/"},{"@type":"ListItem","position":2,"name":"Shop","item":"https:\/\/legitgrams.com\/shop\/"},{"@type":"ListItem","position":3,"name":"3-MMC Crystalline Rocks"}]},{"@type":"WebSite","@id":"https:\/\/legitgrams.com\/#website","url":"https:\/\/legitgrams.com\/","name":"Legit Grams","description":"Az \u00e9n WordPress blogom","publisher":{"@id":"https:\/\/legitgrams.com\/#organization"},"potentialAction":[{"@type":"SearchAction","target":{"@type":"EntryPoint","urlTemplate":"https:\/\/legitgrams.com\/?s={search_term_string}"},"query-input":{"@type":"PropertyValueSpecification","valueRequired":true,"valueName":"search_term_string"}}],"inLanguage":"hu"},{"@type":"Organization","@id":"https:\/\/legitgrams.com\/#organization","name":"Legit Grams","url":"https:\/\/legitgrams.com\/","logo":{"@type":"ImageObject","inLanguage":"hu","@id":"https:\/\/legitgrams.com\/#\/schema\/logo\/image\/","url":"https:\/\/legitgrams.com\/wp-content\/uploads\/2024\/09\/main-logo.png","contentUrl":"https:\/\/legitgrams.com\/wp-content\/uploads\/2024\/09\/main-logo.png","width":270,"height":75,"caption":"Legit Grams"},"image":{"@id":"https:\/\/legitgrams.com\/#\/schema\/logo\/image\/"}}]}},"uagb_featured_image_src":{"full":["https:\/\/legitgrams.com\/wp-content\/uploads\/2024\/09\/buy-3-mmc-crystalline-rocks-online.jpg",600,600,false],"thumbnail":["https:\/\/legitgrams.com\/wp-content\/uploads\/2024\/09\/buy-3-mmc-crystalline-rocks-online-150x150.jpg",150,150,true],"medium":["https:\/\/legitgrams.com\/wp-content\/uploads\/2024\/09\/buy-3-mmc-crystalline-rocks-online-300x300.jpg",300,300,true],"medium_large":["https:\/\/legitgrams.com\/wp-content\/uploads\/2024\/09\/buy-3-mmc-crystalline-rocks-online.jpg",600,600,false],"large":["https:\/\/legitgrams.com\/wp-content\/uploads\/2024\/09\/buy-3-mmc-crystalline-rocks-online.jpg",600,600,false],"1536x1536":["https:\/\/legitgrams.com\/wp-content\/uploads\/2024\/09\/buy-3-mmc-crystalline-rocks-online.jpg",600,600,false],"2048x2048":["https:\/\/legitgrams.com\/wp-content\/uploads\/2024\/09\/buy-3-mmc-crystalline-rocks-online.jpg",600,600,false],"trp-custom-language-flag":["https:\/\/legitgrams.com\/wp-content\/uploads\/2024\/09\/buy-3-mmc-crystalline-rocks-online-12x12.jpg",12,12,true],"woocommerce_thumbnail":["https:\/\/legitgrams.com\/wp-content\/uploads\/2024\/09\/buy-3-mmc-crystalline-rocks-online-300x300.jpg",300,300,true],"woocommerce_single":["https:\/\/legitgrams.com\/wp-content\/uploads\/2024\/09\/buy-3-mmc-crystalline-rocks-online.jpg",600,600,false],"woocommerce_gallery_thumbnail":["https:\/\/legitgrams.com\/wp-content\/uploads\/2024\/09\/buy-3-mmc-crystalline-rocks-online-100x100.jpg",100,100,true]},"uagb_author_info":{"display_name":"cokeblog18","author_link":"https:\/\/legitgrams.com\/hu\/author\/"},"uagb_comment_info":0,"uagb_excerpt":"Purchase Crystalline Rocks with 3-MMC Online Get 3-MMC crystal stones online. Aphrodisiac, stimulant, and empathogenic\/de facto (i.e., empathy and heightened urgency of communication) are its primary effects. Purchase 3-MMC Clear Rocks Online: Where to Buy 3-MMC Crystalline, Where to Buy Crystalline Rocks, Where to Buy 3-MMC Clear Rocks 3. Where can I purchase MMC Crystalline&hellip;","_links":{"self":[{"href":"https:\/\/legitgrams.com\/hu\/wp-json\/wp\/v2\/product\/3880","targetHints":{"allow":["GET"]}}],"collection":[{"href":"https:\/\/legitgrams.com\/hu\/wp-json\/wp\/v2\/product"}],"about":[{"href":"https:\/\/legitgrams.com\/hu\/wp-json\/wp\/v2\/types\/product"}],"replies":[{"embeddable":true,"href":"https:\/\/legitgrams.com\/hu\/wp-json\/wp\/v2\/comments?post=3880"}],"wp:featuredmedia":[{"embeddable":true,"href":"https:\/\/legitgrams.com\/hu\/wp-json\/wp\/v2\/media\/5256"}],"wp:attachment":[{"href":"https:\/\/legitgrams.com\/hu\/wp-json\/wp\/v2\/media?parent=3880"}],"wp:term":[{"taxonomy":"product_brand","embeddable":true,"href":"https:\/\/legitgrams.com\/hu\/wp-json\/wp\/v2\/product_brand?post=3880"},{"taxonomy":"product_cat","embeddable":true,"href":"https:\/\/legitgrams.com\/hu\/wp-json\/wp\/v2\/product_cat?post=3880"},{"taxonomy":"product_tag","embeddable":true,"href":"https:\/\/legitgrams.com\/hu\/wp-json\/wp\/v2\/product_tag?post=3880"}],"curies":[{"name":"wp","href":"https:\/\/api.w.org\/{rel}","templated":true}]}}