{"id":3881,"date":"2024-09-20T09:53:16","date_gmt":"2024-09-20T09:53:16","guid":{"rendered":"https:\/\/legitgrams.com\/?post_type=product&#038;p=3881"},"modified":"2025-04-04T13:50:29","modified_gmt":"2025-04-04T13:50:29","slug":"4-cl-pvp-kristalyok","status":"publish","type":"product","link":"https:\/\/legitgrams.com\/hu\/termek\/4-cl-pvp-kristalyok\/","title":{"rendered":"V\u00e1s\u00e1roljon 4-CL-PVP krist\u00e1lyokat online"},"content":{"rendered":"<h2>4-Elad\u00f3 CL-PVP krist\u00e1lyok<\/h2>\n<p>Ez a vegyi anyag m\u00e1s n\u00e9ven <a href=\"https:\/\/www.bing.com\/search?q=Vsroljon204-CL-PVPCrystalsonline&amp;qs=n&amp;form=QBRE&amp;sp=-1&amp;lq=0&amp;pq=vsroljon4-cmccrystalpowdertonline&amp;sc=9-41&amp;sk=&amp;cvid=1B565A5EAD384438AB5262E82386CDE8&amp;ghsh=0&amp;ghacc=0&amp;ghpl=\">4-kl\u00f3r-\u03b1-PVP, 4-Cl-PVP<\/a>, 4-C-PVP \u00e9s 4-kl\u00f3r-alfa-pirrolidinovalerofenon. V\u00e1s\u00e1roljon 4-CL-PVP krist\u00e1lyt, ami j\u00f3 forr\u00e1s az olcs\u00f3 4-CL-PVP online beszerz\u00e9s\u00e9hez.<\/p>\n<p><a href=\"https:\/\/legitgrams.com\/hu\/termek\/4-cl-pvp-kristalyok\/\">4-CLPVP<\/a>, egy \u00fajonnan l\u00e9trehozott diz\u00e1jner sz\u00f3rakoztat\u00f3 gy\u00f3gyszer, szerkezetileg rokon a pirrolidinofenon oszt\u00e1ly alfa-pirrolidinopentiofenonj\u00e1val (\u03b1-PVP). Ennek a vegy\u00fcletnek a farmakol\u00f3gi\u00e1ja \u00e9s toxicit\u00e1sa ismeretlen.<\/p>\n<p><a href=\"https:\/\/www.google.com\/search?q=Buy+4-CL-PVP+Crystals+Online&amp;num=10&amp;sca_esv=1a2a07081c7891bb&amp;rlz=1C1RXQR_enIN1098IN1098&amp;sxsrf=AHTn8zopdgnkZ4Sl5m1TuX5ALyew8poTAQ%3A1741331209546&amp;ei=CZvKZ82MIf35seMPrNeF4Qk&amp;ved=0ahUKEwiNtbmhtPeLAxX9fGwGHaxrIZwQ4dUDCBA&amp;uact=5&amp;oq=Buy+4-CL-PVP+Crystals+Online&amp;gs_lp=Egxnd3Mtd2l6LXNlcnAiHEJ1eSA0LUNMLVBWUCBDcnlzdGFscyBPbmxpbmUyBRAhGKABMgUQIRigAUiUB1CuA1iuA3ACeACQAQCYAdYBoAHWAaoBAzItMbgBA8gBAPgBAvgBAZgCAaAC6wGYAwCIBgGSBwMyLTGgB6MC&amp;sclient=gws-wiz-serp\">V\u00e1s\u00e1roljon olcs\u00f3 4-CL-PVP krist\u00e1lyokat online<\/a>: Buy crystals, buy Cheap 4-CL-PVP Crystals, buy Cheap 4-CL-PVP Crystals online, where to buy cheap 4-CL-PVP crystals, where to buy cheap <a href=\"https:\/\/en.wikipedia.org\/wiki\/4-Chloro--pyrrolidinovalerophenone\">4-CL-PVP krist\u00e1lyok<\/a> for sale, buy crystals online, buy cheap 4-CL-PVP crystals for sale in the USA, Canada, UK, <a href=\"https:\/\/duckduckgo.com\/?q=Buy+4-CL-PVP+Crystals+Online&amp;t=h_&amp;ia=web\">v\u00e1s\u00e1roljon online<\/a>, suppliers, safe delivery, and cheap 4-CL-PVP crystals are still available. If they are legal in the United States, you can learn out states, if they are legal in Canada, and how to place an online order. <a href=\"https:\/\/en.wikipedia.org\/\">LegitGrams<\/a><\/p>","protected":false},"excerpt":{"rendered":"<p>4-Selling CL-PVP Crystals This chemical is also known as 4-chloro-\u03b1-PVP, 4-Cl-PVP, 4-C-PVP, and 4-chloro-alpha-pyrrolidinovalerophenone. Buy 4-CL-PVP crystal, which is a good source for low-cost 4-CL-PVP online. 4-CLPVP, a newly created designer entertainment medication, is structurally related to the pyrrolidinophenone class&#8217;s alpha-pyrrolidinopenthiophenone (\u03b1-PVP). The pharmacology and toxicity of this compound remain unknown. Buy Cheap 4-CL-PVP Crystals &hellip;<\/p>\n<p class=\"read-more\"> <a class=\"\" href=\"https:\/\/legitgrams.com\/hu\/termek\/4-cl-pvp-kristalyok\/\"> <span class=\"screen-reader-text\">V\u00e1s\u00e1roljon 4-CL-PVP krist\u00e1lyokat online<\/span> Olvass tov\u00e1bb \"<\/a><\/p>","protected":false},"featured_media":5269,"comment_status":"open","ping_status":"closed","template":"","meta":{"_uag_custom_page_level_css":"","site-sidebar-layout":"default","site-content-layout":"default","ast-global-header-display":"","ast-main-header-display":"","ast-hfb-above-header-display":"","ast-hfb-below-header-display":"","ast-hfb-mobile-header-display":"","site-post-title":"","ast-breadcrumbs-content":"","ast-featured-img":"","footer-sml-layout":"","theme-transparent-header-meta":"default","adv-header-id-meta":"","stick-header-meta":"default","header-above-stick-meta":"","header-main-stick-meta":"","header-below-stick-meta":"","_joinchat":[]},"product_brand":[],"product_cat":[598],"product_tag":[4261,4265,4264,4272,4263,4273,4275,4282,4283,4281,4278,4280,4270,617,4262,4277,4274,4269,4267,4279,4276,625,4268,4271,4266],"class_list":{"0":"post-3881","1":"product","2":"type-product","3":"status-publish","4":"has-post-thumbnail","6":"product_cat-stimulants","7":"product_tag-4-cl-pvp-crystals","8":"product_tag-4-cl-pvp-crystals-4-cl-pvp-crystals-supplier","9":"product_tag-4-cl-pvp-crystals-for-sale","10":"product_tag-4-cl-pvp-crystals-legally","11":"product_tag-4-cl-pvp-crystals-online","12":"product_tag-4-cl-pvp-crystals-price","13":"product_tag-4-cl-pvp-crystals-store","14":"product_tag-4-cl-pvp-crystals-use","15":"product_tag-4-cl-pvp-crystals-wiki","16":"product_tag-4-cl-pvp-crystals-worldwide","17":"product_tag-4-cl-pvp-crystalss","18":"product_tag-best-cheap-price-4-cl-pvp-crystals","19":"product_tag-best-place-to-buy-4-cl-pvp-crystals","20":"product_tag-bulk-online","21":"product_tag-buy-4-cl-pvp-crystals","22":"product_tag-cheap-4-cl-pvp-crystals","23":"product_tag-high-quality-4-cl-pvp-crystals","24":"product_tag-how-to-buy-4-cl-pvp-crystals","25":"product_tag-order-4-cl-pvp-crystals","26":"product_tag-purcharse-4-cl-pvp-crystals","27":"product_tag-shop-4-cl-pvp-crystals","28":"product_tag-top-quality","29":"product_tag-where-to-buy-4-cl-pvp-crystals","30":"product_tag-where-to-order-4-cl-pvp-crystals","31":"product_tag-wholesale-4-cl-pvp-crystals","32":"desktop-align-left","33":"tablet-align-left","34":"mobile-align-left","35":"ast-product-gallery-layout-horizontal","36":"ast-product-gallery-with-no-image","37":"ast-product-single-variable","38":"ast-product-tabs-layout-horizontal","39":"ast-qv-on-image","41":"first","42":"instock","43":"shipping-taxable","44":"purchasable","45":"product-type-variable"},"yoast_head":"<!-- This site is optimized with the Yoast SEO plugin v25.9 - https:\/\/yoast.com\/wordpress\/plugins\/seo\/ -->\n<title>4-CL-PVP Crystals for Sale - Buy 4-CL-PVP Online | LG<\/title>\n<meta name=\"description\" content=\"At our LegitGrams store, you can get 4-CL-PVP for sale at cheap rates. We deal with a-grade quality products only. Buy 4-CL-PVP online. Order right away!\" \/>\n<meta name=\"robots\" content=\"index, follow, max-snippet:-1, max-image-preview:large, max-video-preview:-1\" \/>\n<link rel=\"canonical\" href=\"https:\/\/legitgrams.com\/hu\/termek\/4-cl-pvp-kristalyok\/\" \/>\n<meta property=\"og:locale\" content=\"hu_HU\" \/>\n<meta property=\"og:type\" content=\"article\" \/>\n<meta property=\"og:title\" content=\"4-CL-PVP Crystals for Sale - Buy 4-CL-PVP Online | LG\" \/>\n<meta property=\"og:description\" content=\"At our LegitGrams store, you can get 4-CL-PVP for sale at cheap rates. We deal with a-grade quality products only. Buy 4-CL-PVP online. Order right away!\" \/>\n<meta property=\"og:url\" content=\"https:\/\/legitgrams.com\/hu\/termek\/4-cl-pvp-kristalyok\/\" \/>\n<meta property=\"og:site_name\" content=\"Legit Grams\" \/>\n<meta property=\"article:modified_time\" content=\"2025-04-04T13:50:29+00:00\" \/>\n<meta property=\"og:image\" content=\"https:\/\/legitgrams.com\/wp-content\/uploads\/2024\/09\/buy-cheap-4-cl-pvp-crystals-online.jpg\" \/>\n\t<meta property=\"og:image:width\" content=\"600\" \/>\n\t<meta property=\"og:image:height\" content=\"600\" \/>\n\t<meta property=\"og:image:type\" content=\"image\/jpeg\" \/>\n<meta name=\"twitter:card\" content=\"summary_large_image\" \/>\n<meta name=\"twitter:label1\" content=\"Becs\u00fclt olvas\u00e1si id\u0151\" \/>\n\t<meta name=\"twitter:data1\" content=\"1 perc\" \/>\n<script type=\"application\/ld+json\" class=\"yoast-schema-graph\">{\"@context\":\"https:\/\/schema.org\",\"@graph\":[{\"@type\":\"WebPage\",\"@id\":\"https:\/\/legitgrams.com\/product\/4-cl-pvp-crystals\/\",\"url\":\"https:\/\/legitgrams.com\/product\/4-cl-pvp-crystals\/\",\"name\":\"4-CL-PVP Crystals for Sale - Buy 4-CL-PVP Online | LG\",\"isPartOf\":{\"@id\":\"https:\/\/legitgrams.com\/#website\"},\"primaryImageOfPage\":{\"@id\":\"https:\/\/legitgrams.com\/product\/4-cl-pvp-crystals\/#primaryimage\"},\"image\":{\"@id\":\"https:\/\/legitgrams.com\/product\/4-cl-pvp-crystals\/#primaryimage\"},\"thumbnailUrl\":\"https:\/\/legitgrams.com\/wp-content\/uploads\/2024\/09\/buy-cheap-4-cl-pvp-crystals-online.jpg\",\"datePublished\":\"2024-09-20T09:53:16+00:00\",\"dateModified\":\"2025-04-04T13:50:29+00:00\",\"description\":\"At our LegitGrams store, you can get 4-CL-PVP for sale at cheap rates. We deal with a-grade quality products only. Buy 4-CL-PVP online. Order right away!\",\"breadcrumb\":{\"@id\":\"https:\/\/legitgrams.com\/product\/4-cl-pvp-crystals\/#breadcrumb\"},\"inLanguage\":\"hu\",\"potentialAction\":[{\"@type\":\"ReadAction\",\"target\":[\"https:\/\/legitgrams.com\/product\/4-cl-pvp-crystals\/\"]}]},{\"@type\":\"ImageObject\",\"inLanguage\":\"hu\",\"@id\":\"https:\/\/legitgrams.com\/product\/4-cl-pvp-crystals\/#primaryimage\",\"url\":\"https:\/\/legitgrams.com\/wp-content\/uploads\/2024\/09\/buy-cheap-4-cl-pvp-crystals-online.jpg\",\"contentUrl\":\"https:\/\/legitgrams.com\/wp-content\/uploads\/2024\/09\/buy-cheap-4-cl-pvp-crystals-online.jpg\",\"width\":600,\"height\":600,\"caption\":\"4-CL-PVP Crystals for Sale\"},{\"@type\":\"BreadcrumbList\",\"@id\":\"https:\/\/legitgrams.com\/product\/4-cl-pvp-crystals\/#breadcrumb\",\"itemListElement\":[{\"@type\":\"ListItem\",\"position\":1,\"name\":\"Home\",\"item\":\"https:\/\/legitgrams.com\/\"},{\"@type\":\"ListItem\",\"position\":2,\"name\":\"Shop\",\"item\":\"https:\/\/legitgrams.com\/shop\/\"},{\"@type\":\"ListItem\",\"position\":3,\"name\":\"Buy 4-CL-PVP Crystals Online\"}]},{\"@type\":\"WebSite\",\"@id\":\"https:\/\/legitgrams.com\/#website\",\"url\":\"https:\/\/legitgrams.com\/\",\"name\":\"Legit Grams\",\"description\":\"My WordPress Blog\",\"publisher\":{\"@id\":\"https:\/\/legitgrams.com\/#organization\"},\"potentialAction\":[{\"@type\":\"SearchAction\",\"target\":{\"@type\":\"EntryPoint\",\"urlTemplate\":\"https:\/\/legitgrams.com\/?s={search_term_string}\"},\"query-input\":{\"@type\":\"PropertyValueSpecification\",\"valueRequired\":true,\"valueName\":\"search_term_string\"}}],\"inLanguage\":\"hu\"},{\"@type\":\"Organization\",\"@id\":\"https:\/\/legitgrams.com\/#organization\",\"name\":\"Legit Grams\",\"url\":\"https:\/\/legitgrams.com\/\",\"logo\":{\"@type\":\"ImageObject\",\"inLanguage\":\"hu\",\"@id\":\"https:\/\/legitgrams.com\/#\/schema\/logo\/image\/\",\"url\":\"https:\/\/legitgrams.com\/wp-content\/uploads\/2024\/09\/main-logo.png\",\"contentUrl\":\"https:\/\/legitgrams.com\/wp-content\/uploads\/2024\/09\/main-logo.png\",\"width\":270,\"height\":75,\"caption\":\"Legit Grams\"},\"image\":{\"@id\":\"https:\/\/legitgrams.com\/#\/schema\/logo\/image\/\"}}]}<\/script>\n<!-- \/ Yoast SEO plugin. -->","yoast_head_json":{"title":"4-CL-PVP krist\u00e1lyok elad\u00f3 - 4-CL-PVP online v\u00e1s\u00e1rl\u00e1s | LG","description":"LegitGrams \u00e1ruh\u00e1zunkban olcs\u00f3n kaphat 4-CL-PVP-t. Csak a-grade min\u0151s\u00e9gi term\u00e9kekkel foglalkozunk. V\u00e1s\u00e1roljon 4-CL-PVP online. Rendelje meg azonnal!","robots":{"index":"index","follow":"follow","max-snippet":"max-snippet:-1","max-image-preview":"max-image-preview:large","max-video-preview":"max-video-preview:-1"},"canonical":"https:\/\/legitgrams.com\/hu\/termek\/4-cl-pvp-kristalyok\/","og_locale":"hu_HU","og_type":"article","og_title":"4-CL-PVP Crystals for Sale - Buy 4-CL-PVP Online | LG","og_description":"At our LegitGrams store, you can get 4-CL-PVP for sale at cheap rates. We deal with a-grade quality products only. Buy 4-CL-PVP online. Order right away!","og_url":"https:\/\/legitgrams.com\/hu\/termek\/4-cl-pvp-kristalyok\/","og_site_name":"Legit Grams","article_modified_time":"2025-04-04T13:50:29+00:00","og_image":[{"width":600,"height":600,"url":"https:\/\/legitgrams.com\/wp-content\/uploads\/2024\/09\/buy-cheap-4-cl-pvp-crystals-online.jpg","type":"image\/jpeg"}],"twitter_card":"summary_large_image","twitter_misc":{"Becs\u00fclt olvas\u00e1si id\u0151":"1 perc"},"schema":{"@context":"https:\/\/schema.org","@graph":[{"@type":"WebPage","@id":"https:\/\/legitgrams.com\/product\/4-cl-pvp-crystals\/","url":"https:\/\/legitgrams.com\/product\/4-cl-pvp-crystals\/","name":"4-CL-PVP krist\u00e1lyok elad\u00f3 - 4-CL-PVP online v\u00e1s\u00e1rl\u00e1s | LG","isPartOf":{"@id":"https:\/\/legitgrams.com\/#website"},"primaryImageOfPage":{"@id":"https:\/\/legitgrams.com\/product\/4-cl-pvp-crystals\/#primaryimage"},"image":{"@id":"https:\/\/legitgrams.com\/product\/4-cl-pvp-crystals\/#primaryimage"},"thumbnailUrl":"https:\/\/legitgrams.com\/wp-content\/uploads\/2024\/09\/buy-cheap-4-cl-pvp-crystals-online.jpg","datePublished":"2024-09-20T09:53:16+00:00","dateModified":"2025-04-04T13:50:29+00:00","description":"LegitGrams \u00e1ruh\u00e1zunkban olcs\u00f3n kaphat 4-CL-PVP-t. Csak a-grade min\u0151s\u00e9gi term\u00e9kekkel foglalkozunk. V\u00e1s\u00e1roljon 4-CL-PVP online. Rendelje meg azonnal!","breadcrumb":{"@id":"https:\/\/legitgrams.com\/product\/4-cl-pvp-crystals\/#breadcrumb"},"inLanguage":"hu","potentialAction":[{"@type":"ReadAction","target":["https:\/\/legitgrams.com\/product\/4-cl-pvp-crystals\/"]}]},{"@type":"ImageObject","inLanguage":"hu","@id":"https:\/\/legitgrams.com\/product\/4-cl-pvp-crystals\/#primaryimage","url":"https:\/\/legitgrams.com\/wp-content\/uploads\/2024\/09\/buy-cheap-4-cl-pvp-crystals-online.jpg","contentUrl":"https:\/\/legitgrams.com\/wp-content\/uploads\/2024\/09\/buy-cheap-4-cl-pvp-crystals-online.jpg","width":600,"height":600,"caption":"4-CL-PVP Crystals for Sale"},{"@type":"BreadcrumbList","@id":"https:\/\/legitgrams.com\/product\/4-cl-pvp-crystals\/#breadcrumb","itemListElement":[{"@type":"ListItem","position":1,"name":"Home","item":"https:\/\/legitgrams.com\/"},{"@type":"ListItem","position":2,"name":"Shop","item":"https:\/\/legitgrams.com\/shop\/"},{"@type":"ListItem","position":3,"name":"Buy 4-CL-PVP Crystals Online"}]},{"@type":"WebSite","@id":"https:\/\/legitgrams.com\/#website","url":"https:\/\/legitgrams.com\/","name":"Legit Grams","description":"Az \u00e9n WordPress blogom","publisher":{"@id":"https:\/\/legitgrams.com\/#organization"},"potentialAction":[{"@type":"SearchAction","target":{"@type":"EntryPoint","urlTemplate":"https:\/\/legitgrams.com\/?s={search_term_string}"},"query-input":{"@type":"PropertyValueSpecification","valueRequired":true,"valueName":"search_term_string"}}],"inLanguage":"hu"},{"@type":"Organization","@id":"https:\/\/legitgrams.com\/#organization","name":"Legit Grams","url":"https:\/\/legitgrams.com\/","logo":{"@type":"ImageObject","inLanguage":"hu","@id":"https:\/\/legitgrams.com\/#\/schema\/logo\/image\/","url":"https:\/\/legitgrams.com\/wp-content\/uploads\/2024\/09\/main-logo.png","contentUrl":"https:\/\/legitgrams.com\/wp-content\/uploads\/2024\/09\/main-logo.png","width":270,"height":75,"caption":"Legit Grams"},"image":{"@id":"https:\/\/legitgrams.com\/#\/schema\/logo\/image\/"}}]}},"uagb_featured_image_src":{"full":["https:\/\/legitgrams.com\/wp-content\/uploads\/2024\/09\/buy-cheap-4-cl-pvp-crystals-online.jpg",600,600,false],"thumbnail":["https:\/\/legitgrams.com\/wp-content\/uploads\/2024\/09\/buy-cheap-4-cl-pvp-crystals-online-150x150.jpg",150,150,true],"medium":["https:\/\/legitgrams.com\/wp-content\/uploads\/2024\/09\/buy-cheap-4-cl-pvp-crystals-online-300x300.jpg",300,300,true],"medium_large":["https:\/\/legitgrams.com\/wp-content\/uploads\/2024\/09\/buy-cheap-4-cl-pvp-crystals-online.jpg",600,600,false],"large":["https:\/\/legitgrams.com\/wp-content\/uploads\/2024\/09\/buy-cheap-4-cl-pvp-crystals-online.jpg",600,600,false],"1536x1536":["https:\/\/legitgrams.com\/wp-content\/uploads\/2024\/09\/buy-cheap-4-cl-pvp-crystals-online.jpg",600,600,false],"2048x2048":["https:\/\/legitgrams.com\/wp-content\/uploads\/2024\/09\/buy-cheap-4-cl-pvp-crystals-online.jpg",600,600,false],"trp-custom-language-flag":["https:\/\/legitgrams.com\/wp-content\/uploads\/2024\/09\/buy-cheap-4-cl-pvp-crystals-online-12x12.jpg",12,12,true],"woocommerce_thumbnail":["https:\/\/legitgrams.com\/wp-content\/uploads\/2024\/09\/buy-cheap-4-cl-pvp-crystals-online-300x300.jpg",300,300,true],"woocommerce_single":["https:\/\/legitgrams.com\/wp-content\/uploads\/2024\/09\/buy-cheap-4-cl-pvp-crystals-online.jpg",600,600,false],"woocommerce_gallery_thumbnail":["https:\/\/legitgrams.com\/wp-content\/uploads\/2024\/09\/buy-cheap-4-cl-pvp-crystals-online-100x100.jpg",100,100,true]},"uagb_author_info":{"display_name":"cokeblog18","author_link":"https:\/\/legitgrams.com\/hu\/author\/"},"uagb_comment_info":0,"uagb_excerpt":"4-Selling CL-PVP Crystals This chemical is also known as 4-chloro-\u03b1-PVP, 4-Cl-PVP, 4-C-PVP, and 4-chloro-alpha-pyrrolidinovalerophenone. Buy 4-CL-PVP crystal, which is a good source for low-cost 4-CL-PVP online. 4-CLPVP, a newly created designer entertainment medication, is structurally related to the pyrrolidinophenone class&#8217;s alpha-pyrrolidinopenthiophenone (\u03b1-PVP). The pharmacology and toxicity of this compound remain unknown. Buy Cheap 4-CL-PVP Crystals&hellip;","_links":{"self":[{"href":"https:\/\/legitgrams.com\/hu\/wp-json\/wp\/v2\/product\/3881","targetHints":{"allow":["GET"]}}],"collection":[{"href":"https:\/\/legitgrams.com\/hu\/wp-json\/wp\/v2\/product"}],"about":[{"href":"https:\/\/legitgrams.com\/hu\/wp-json\/wp\/v2\/types\/product"}],"replies":[{"embeddable":true,"href":"https:\/\/legitgrams.com\/hu\/wp-json\/wp\/v2\/comments?post=3881"}],"wp:featuredmedia":[{"embeddable":true,"href":"https:\/\/legitgrams.com\/hu\/wp-json\/wp\/v2\/media\/5269"}],"wp:attachment":[{"href":"https:\/\/legitgrams.com\/hu\/wp-json\/wp\/v2\/media?parent=3881"}],"wp:term":[{"taxonomy":"product_brand","embeddable":true,"href":"https:\/\/legitgrams.com\/hu\/wp-json\/wp\/v2\/product_brand?post=3881"},{"taxonomy":"product_cat","embeddable":true,"href":"https:\/\/legitgrams.com\/hu\/wp-json\/wp\/v2\/product_cat?post=3881"},{"taxonomy":"product_tag","embeddable":true,"href":"https:\/\/legitgrams.com\/hu\/wp-json\/wp\/v2\/product_tag?post=3881"}],"curies":[{"name":"wp","href":"https:\/\/api.w.org\/{rel}","templated":true}]}}