{"id":3890,"date":"2024-09-20T10:09:25","date_gmt":"2024-09-20T10:09:25","guid":{"rendered":"https:\/\/legitgrams.com\/?post_type=product&#038;p=3890"},"modified":"2025-04-04T13:43:33","modified_gmt":"2025-04-04T13:43:33","slug":"penisz-irigyseg-gomba","status":"publish","type":"product","link":"https:\/\/legitgrams.com\/hu\/termek\/penisz-irigyseg-gomba\/","title":{"rendered":"V\u00e1s\u00e1rl\u00e1s Penis Irigys\u00e9g Gomba Online"},"content":{"rendered":"<h2>Penis Envy Gomba online v\u00e1s\u00e1rl\u00e1sa: Elad\u00f3 Penis Envy Cubensis<\/h2>\n<p>\"Mi a <a href=\"https:\/\/legitgrams.com\/hu\/termek\/penisz-irigyseg-gomba\/\">Penis Irigys\u00e9g Cubensis<\/a>\u201eMi ez a furcsa n\u00e9v?\u201d j\u00e1rhat a fejedben. A helyzet t\u00e9nyleg egyszer\u0171. Nem lehet megker\u00fclni azt a t\u00e9nyt, hogy ez a hallucinog\u00e9n gomba egy p\u00e9niszre hasonl\u00edt. Meglep\u0151dhetsz, ha megtudod, hogy ennek a gomb\u00e1nak van az egyik leger\u0151sebb pszichedelikus potenci\u00e1lja az \u00f6sszes ismert faj k\u00f6z\u00fcl. A pletyk\u00e1k szerint Terence McKenna, a Psychonauts tagja volt a m\u00e9rn\u00f6ke a... <a href=\"https:\/\/www.bing.com\/search?q=VsroljonpniszIrigysggombtonline&amp;qs=n&amp;form=QBRE&amp;sp=-1&amp;lq=0&amp;pq=vsroljonpniszirigysggombtonline&amp;sc=12-40&amp;sk=&amp;cvid=F41D42E505E94367BA56A00009B751E6&amp;ghsh=0&amp;ghacc=0&amp;ghpl=\">Penis Irigys\u00e9g Cubensis<\/a>.<\/p>\n<p>H\u00fasos sapk\u00e1ja, vastag, hagym\u00e1s sz\u00e1ra, sz\u00e1ra a kupak felnyit\u00e1sa ut\u00e1n is folyamatosan n\u0151. M\u00e1s Cubensis t\u00f6rzsekkel ellent\u00e9tben ez a gomba nagyon nagy s\u0171r\u0171s\u00e9g\u0171. Ezt a fajta gomb\u00e1t termeszteni nem k\u00f6nny\u0171. Mikroszk\u00f3p alatt a sp\u00f3r\u00e1k azonosnak t\u0171nnek, de a keletkez\u00e9si folyamat teljesen elt\u00e9r a t\u00f6bbi t\u00f6rzs\u00e9t\u0151l. L\u00e9nyeg\u00e9ben a sp\u00f3ranyomatok nem lehets\u00e9gesek, \u00e9s a sp\u00f3rafecskend\u0151 az egyetlen m\u00f3dja annak, hogy megszerezz\u00e9k <a href=\"https:\/\/www.google.com\/search?q=Vsroljon+pnisz+Irigysg+gombt+online&amp;sca_esv=eddefdb7b92e7545&amp;sxsrf=AHTn8zrO1sDIMHfpvYCOL90Yn3VrfEQz2Q1743774442928&amp;ei=6uLvZ5GyOPXe2roPnvryqQQ&amp;ved=0ahUKEwiRz_SBwr6MAxV1r1YBHR69PEUQ4dUDCBA&amp;uact=5&amp;oq=Vsroljon+pnisz+Irigysg+gombt+online&amp;gs_lp=Egxnd3Mtd2l6LXNlcnAiLVbDoXPDoXJvbGpvbiBww6luaXN6IElyaWd5c8OpZyBnb21iw6F0IG9ubGluZTIFECEYoAEyBRAhGKABSJkHUOwCWOwCcAF4AJABAJgBkQKgAZECqgEDMi0xuAEDyAEA-AEC-AEBmAIBoAKWApgDAIgGAZIHAzItMaAH2QKyBwMyLTG4B5YC&amp;sclient=gws-wiz-serp\">Penis Irigys\u00e9g Cubensis<\/a> spores. <a href=\"https:\/\/legitgrams.com\/hu\/\">LegitGrams<\/a><\/p>\n<h3>Milyen hat\u00e1sokat biztos\u00edt ez a gomba?<\/h3>\n<p>Er\u0151s pszilocibin alap\u00fa gomba a Penis Envy Cubensis Kanada. Nyilv\u00e1nval\u00f3, hogy a hat\u00f3anyagot pszilocibinnek h\u00edvj\u00e1k, \u00e9s sz\u00e1mos \u00e9lettani hat\u00e1ssal rendelkezik. L\u00e9nyeg\u00e9ben valami misztikus \u00e9lm\u00e9nyt fog tapasztalni, \u00e9s ez szem\u00e9lyenk\u00e9nt v\u00e1ltozik. Az, hogy milyen \u00e9lm\u00e9nyben lesz r\u00e9sze, att\u00f3l f\u00fcgg, hogy mekkora adagot vesz be.<\/p>\n<p>P\u00e9ld\u00e1ul, <a href=\"https:\/\/en.wikipedia.org\/wiki\/Penis_envy\">P\u00e9nisz irigys\u00e9g<\/a> A Cubensis er\u0151s hat\u00e1sokkal rendelkezik, amelyek grammonk\u00e9nt k\u00e9t-h\u00e1rom gramm gyeng\u00e9bb gomb\u00e1hoz hasonl\u00edthat\u00f3k. Emiatt azt tan\u00e1csoljuk, hogy kisebb adaggal kezdj\u00fcnk, k\u00fcl\u00f6n\u00f6sen, ha \u00fajonnan kezdj\u00fck haszn\u00e1lni. Egy kezd\u0151 felhaszn\u00e1l\u00f3 sz\u00e1m\u00e1ra a pszilocibin gomba m\u00e9ly \u00e9s nyugtalan\u00edt\u00f3 hat\u00e1sai meglehet\u0151sen felkavar\u00f3ak lehetnek.<\/p>\n<h3>A gomba nagyobb adagjainak bev\u00e9tele a k\u00f6vetkez\u0151 lehets\u00e9ges k\u00f6vetkezm\u00e9nyeket eredm\u00e9nyezheti:<\/h3>\n<p>Id\u0151t\u00e1gul\u00e1s \u00e9szlel\u00e9se<br \/>\nT\u00e9veszm\u00e9k<br \/>\nA szineszt\u00e9zia a hangok \u00e9rz\u00e9kel\u00e9s\u00e9nek \u00e9s a sz\u00ednek hall\u00e1s\u00e1nak k\u00e9pess\u00e9ge.<\/p>\n<p>Frakt\u00e1l sz\u00f6rf\u00f6z\u00e9ss<br \/>\nFelvillan\u00e1sok \u00e9s esem\u00e9nyek, amelyek annyira \u00e9l\u00e9nkek, hogy \u00e1tveszik a gondolataidat, mik\u00f6zben \u00e9gitesteket n\u00e9zel<br \/>\nAz \u201eeg\u00e9szs\u00e9ges\u201d sz\u00f3 a legjobban \u00f6sszefoglalja a Penis Envy Cubensis t\u00far\u00e1t. Nem val\u00f3sz\u00edn\u0171, hogy f\u00e1radtnak vagy \u00e1lmosnak \u00e9rzi mag\u00e1t. M\u00e1sr\u00e9szt, a k\u00fcl\u00f6nf\u00e9le vizu\u00e1lis \u00e9s hall\u00e1si ingerek, amelyeket az utaz\u00e1s sor\u00e1n tapasztalni fog, energikusnak, euf\u00f3rikusnak \u00e9s k\u00edv\u00e1ncsinak kell lennie.<\/p>\n<h3>Vannak eg\u00e9szs\u00e9g\u00fcgyi el\u0151nyei?<\/h3>\n<p>A pszilocibin fogyaszt\u00e1s\u00e1t gyakran \u00f6sszef\u00fcgg\u00e9sbe hozt\u00e1k a depresszi\u00f3-, szorong\u00e1s- \u00e9s stresszellenes hat\u00e1sokkal. A vil\u00e1g minden t\u00e1j\u00e1n haszn\u00e1lj\u00e1k az emberek, hogy kezelj\u00e9k magukat a k\u00fcl\u00f6nb\u00f6z\u0151 probl\u00e9m\u00e1ik miatt. A legjobb azonban, ha a saj\u00e1t komfortz\u00f3n\u00e1j\u00e1n bel\u00fcl fogyasztja. T\u00falz\u00e1sba vitel eset\u00e9n sok olyan dolog, ami seg\u00edthet a szorong\u00e1s kezel\u00e9s\u00e9ben, szint\u00e9n szorong\u00e1st okozhat, k\u00fcl\u00f6n\u00f6sen, ha m\u00e9g soha nem fogyasztott\u00e1l gomb\u00e1t. Hal\u00e1lra r\u00e9m\u00fclhetsz az id\u0151t\u00e1gul\u00e1st\u00f3l, az \u00e9n-hal\u00e1l jelens\u00e9gt\u0151l \u00e9s a tudatm\u00f3dos\u00edt\u00f3 k\u00f6vetkezm\u00e9nyekt\u0151l.<\/p>\n<p>N\u00e9h\u00e1ny tanulm\u00e1ny szerint a pszilocibin neuroprotekt\u00edv \u00e9s neurogenezissel kapcsolatos hat\u00e1sokkal is rendelkezhet. M\u00e1s sz\u00f3val, a pszilocibin gomb\u00e1k, mint amilyenr\u0151l ebben az \u00e1ttekint\u00e9sben is sz\u00f3 esik... <a href=\"https:\/\/duckduckgo.com\/?q=Vsroljon+pnisz+Irigysg+gombt+online&amp;t=h_&amp;ia=web\">Penis Irigys\u00e9g Cubensis<\/a> serkenti az idegsejtek regener\u00e1l\u00f3d\u00e1s\u00e1t \u00e9s megakad\u00e1lyozza az agyfunkci\u00f3k hanyatl\u00e1s\u00e1t. \u00c9letedben legal\u00e1bb egyszer \u00e9rdemes megenned ezeket a gomb\u00e1kat sz\u00e1mos okb\u00f3l kifoly\u00f3lag. M\u00e9g jobb, ha szereted \u0151ket, \u00e9s seg\u00edtenek.<\/p>\n<p>Ha a Penis Envy Cubensis online kapja meg, im\u00e1dni fogja. Ak\u00e1r nagyobb adagot szeretne bevenni, \u00e9s kezelni a megoldatlan probl\u00e9m\u00e1kat, amelyekkel k\u00fczd, ak\u00e1r kisebb adagokat szeretne mikroadagolni a szorong\u00e1s \u00e9s a f\u00f3kusz\u00e1l\u00e1s \u00e9rdek\u00e9ben. Ahelyett, hogy trivi\u00e1lis r\u00e9szleteken r\u00e1g\u00f3dna \u00e9s nyugtalan\u00edt\u00f3 k\u00e9rd\u00e9sekkel t\u00f6lten\u00e9 meg a fej\u00e9t, hagyja, hogy az \u00f6tletei \u00e1ramoljanak, \u00e9s engedje, hogy a kreativit\u00e1sa fel\u00fclm\u00falja az el\u0151\u00edt\u00e9leteit. Sokan \u00fagy v\u00e9lik, hogy a pszilocibin gomba a legjobb megk\u00f6zel\u00edt\u00e9s a stressz \u00e9s a k\u00e9ts\u00e9gbees\u00e9s enyh\u00edt\u00e9s\u00e9re.<\/p>\n<h3>Rendk\u00edv\u00fcl er\u0151s gomba<\/h3>\n<p>A Penis Envy Cubensis-t j\u00f3 okkal tartj\u00e1k a vil\u00e1g egyik leghat\u00e1sosabb gomb\u00e1j\u00e1nak. A megn\u00f6vekedett potencia egyed\u00fcl\u00e1ll\u00f3 pszichoakt\u00edv hat\u00e1sokat eredm\u00e9nyez. Ez a gomba sokkal lassabban n\u0151, mint m\u00e1s gomb\u00e1k, aminek egyszer\u0171 fiziol\u00f3giai magyar\u00e1zata van. Ez teszi lehet\u0151v\u00e9, hogy a pszilocibin termel\u00e9se a sp\u00f3ratermel\u0151d\u00e9st\u0151l a kifejlett \u00e1llapotig n\u00f6vekedjen.<\/p>\n<p>A Penis Envy Cubensis hallucinog\u00e9n potenci\u00e1lja nagyobb, mint a legt\u00f6bb m\u00e1s gomb\u00e1\u00e9. Ez\u00e9rt \u00f3vatosan kell elj\u00e1rni a k\u00f6r\u00fclm\u00e9nyek \u00e9s az id\u0151pontok megv\u00e1laszt\u00e1sakor, amikor ezt a gomb\u00e1t haszn\u00e1lja. Nagyobb d\u00f3zisok k\u00e9ts\u00e9gtelen\u00fcl tudatv\u00e1ltoz\u00e1shoz, valamint hallucin\u00e1ci\u00f3khoz \u00e9s az id\u0151 megv\u00e1ltoz\u00e1s\u00e1nak \u00e9rz\u00e9s\u00e9hez vezetnek. Ezen k\u00edv\u00fcl a frakt\u00e1lis vizu\u00e1lis ingerek pillanatnyilag akad\u00e1lyozni fogj\u00e1k a tudatoss\u00e1got \u00e9s a d\u00f6nt\u00e9shozatali k\u00e9pess\u00e9get.<\/p>\n<h3>A p\u00e9nisz irigys\u00e9g sp\u00f3r\u00e1i elad\u00f3k<\/h3>\n<p>Online p\u00e9nisz irigys\u00e9g Cubensis<br \/>\nPenis Envy Cubensis: Online v\u00e1s\u00e1rl\u00e1s<\/p>\n<p>Penis Envy Cubensis: Online v\u00e1s\u00e1rl\u00e1s<\/p>\n<p>V\u00e1s\u00e1rl\u00e1s Penis Irigys\u00e9g<\/p>\n<p>Elad\u00f3: alb\u00edn\u00f3 p\u00e9nisz irigys\u00e9g<\/p>\n<p>&nbsp;<\/p>","protected":false},"excerpt":{"rendered":"<p>Purchase Penis Envy Mushrooms Online: Penis Envy Cubensis for Sale &#8220;What is the Penis Envy Cubensis? What&#8217;s with the weird name?&#8221; may be on your mind. The situation really is straightforward. There&#8217;s no getting around the fact that this hallucinogenic fungus resembles a penis. You may be surprised to learn that this mushroom has some &hellip;<\/p>\n<p class=\"read-more\"> <a class=\"\" href=\"https:\/\/legitgrams.com\/hu\/termek\/penisz-irigyseg-gomba\/\"> <span class=\"screen-reader-text\">V\u00e1s\u00e1rl\u00e1s Penis Irigys\u00e9g Gomba Online<\/span> Olvass tov\u00e1bb \"<\/a><\/p>","protected":false},"featured_media":5241,"comment_status":"open","ping_status":"closed","template":"","meta":{"_uag_custom_page_level_css":"","site-sidebar-layout":"default","site-content-layout":"default","ast-global-header-display":"","ast-main-header-display":"","ast-hfb-above-header-display":"","ast-hfb-below-header-display":"","ast-hfb-mobile-header-display":"","site-post-title":"","ast-breadcrumbs-content":"","ast-featured-img":"","footer-sml-layout":"","theme-transparent-header-meta":"default","adv-header-id-meta":"","stick-header-meta":"default","header-above-stick-meta":"","header-main-stick-meta":"","header-below-stick-meta":"","_joinchat":[]},"product_brand":[],"product_cat":[599],"product_tag":[4234,4224,617,4216,4231,4228,4223,4221,4215,4218,4226,4217,4219,4227,4229,4236,4237,4235,4232,4233,4230,625,4222,4225,4220],"class_list":{"0":"post-3890","1":"product","2":"type-product","3":"status-publish","4":"has-post-thumbnail","6":"product_cat-psilocybin-or-magic-mushrooms","7":"product_tag-best-cheap-price-penis-envy-mushrooms","8":"product_tag-best-place-to-buy-penis-envy-mushrooms","9":"product_tag-bulk-online","10":"product_tag-buy-penis-envy-mushrooms","11":"product_tag-cheap-penis-envy-mushrooms","12":"product_tag-high-quality-penis-envy-mushrooms","13":"product_tag-how-to-buy-penis-envy-mushrooms","14":"product_tag-order-penis-envy-mushrooms","15":"product_tag-penis-envy-mushrooms","16":"product_tag-penis-envy-mushrooms-for-sale","17":"product_tag-penis-envy-mushrooms-legally","18":"product_tag-penis-envy-mushrooms-online","19":"product_tag-penis-envy-mushrooms-penis-envy-mushrooms-supplier","20":"product_tag-penis-envy-mushrooms-price","21":"product_tag-penis-envy-mushrooms-store","22":"product_tag-penis-envy-mushrooms-use","23":"product_tag-penis-envy-mushrooms-wiki","24":"product_tag-penis-envy-mushrooms-worldwide","25":"product_tag-penis-envy-mushroomss","26":"product_tag-purcharse-penis-envy-mushrooms","27":"product_tag-shop-penis-envy-mushrooms","28":"product_tag-top-quality","29":"product_tag-where-to-buy-penis-envy-mushrooms","30":"product_tag-where-to-order-penis-envy-mushrooms","31":"product_tag-wholesale-penis-envy-mushrooms","32":"desktop-align-left","33":"tablet-align-left","34":"mobile-align-left","35":"ast-product-gallery-layout-horizontal","36":"ast-product-gallery-with-no-image","37":"ast-product-single-variable","38":"ast-product-tabs-layout-horizontal","39":"ast-qv-on-image","41":"first","42":"instock","43":"featured","44":"shipping-taxable","45":"purchasable","46":"product-type-variable"},"yoast_head":"<!-- This site is optimized with the Yoast SEO plugin v25.9 - https:\/\/yoast.com\/wordpress\/plugins\/seo\/ -->\n<title>Penis Envy Mushrooms for Sale - Buy Penis Envy Mushrooms<\/title>\n<meta name=\"description\" content=\"Explore our online store for Penis Envy Mushrooms for sale, offering high-quality Penis Envy Mushrooms . Buy Penis Envy Mushrooms online securely and embark on your research journey with confidence. Place your order now!\" \/>\n<meta name=\"robots\" content=\"index, follow, max-snippet:-1, max-image-preview:large, max-video-preview:-1\" \/>\n<link rel=\"canonical\" href=\"https:\/\/legitgrams.com\/hu\/termek\/penisz-irigyseg-gomba\/\" \/>\n<meta property=\"og:locale\" content=\"hu_HU\" \/>\n<meta property=\"og:type\" content=\"article\" \/>\n<meta property=\"og:title\" content=\"Penis Envy Mushrooms for Sale - Buy Penis Envy Mushrooms\" \/>\n<meta property=\"og:description\" content=\"Explore our online store for Penis Envy Mushrooms for sale, offering high-quality Penis Envy Mushrooms . Buy Penis Envy Mushrooms online securely and embark on your research journey with confidence. Place your order now!\" \/>\n<meta property=\"og:url\" content=\"https:\/\/legitgrams.com\/hu\/termek\/penisz-irigyseg-gomba\/\" \/>\n<meta property=\"og:site_name\" content=\"Legit Grams\" \/>\n<meta property=\"article:modified_time\" content=\"2025-04-04T13:43:33+00:00\" \/>\n<meta property=\"og:image\" content=\"https:\/\/legitgrams.com\/wp-content\/uploads\/2024\/09\/penis-envy-for-salepsilocybin-or-magic-mushrooms.jpg\" \/>\n\t<meta property=\"og:image:width\" content=\"430\" \/>\n\t<meta property=\"og:image:height\" content=\"430\" \/>\n\t<meta property=\"og:image:type\" content=\"image\/jpeg\" \/>\n<meta name=\"twitter:card\" content=\"summary_large_image\" \/>\n<meta name=\"twitter:label1\" content=\"Becs\u00fclt olvas\u00e1si id\u0151\" \/>\n\t<meta name=\"twitter:data1\" content=\"4 perc\" \/>\n<script type=\"application\/ld+json\" class=\"yoast-schema-graph\">{\"@context\":\"https:\/\/schema.org\",\"@graph\":[{\"@type\":\"WebPage\",\"@id\":\"https:\/\/legitgrams.com\/product\/penis-envy-mushrooms\/\",\"url\":\"https:\/\/legitgrams.com\/product\/penis-envy-mushrooms\/\",\"name\":\"Penis Envy Mushrooms for Sale - Buy Penis Envy Mushrooms\",\"isPartOf\":{\"@id\":\"https:\/\/legitgrams.com\/#website\"},\"primaryImageOfPage\":{\"@id\":\"https:\/\/legitgrams.com\/product\/penis-envy-mushrooms\/#primaryimage\"},\"image\":{\"@id\":\"https:\/\/legitgrams.com\/product\/penis-envy-mushrooms\/#primaryimage\"},\"thumbnailUrl\":\"https:\/\/legitgrams.com\/wp-content\/uploads\/2024\/09\/penis-envy-for-salepsilocybin-or-magic-mushrooms.jpg\",\"datePublished\":\"2024-09-20T10:09:25+00:00\",\"dateModified\":\"2025-04-04T13:43:33+00:00\",\"description\":\"Explore our online store for Penis Envy Mushrooms for sale, offering high-quality Penis Envy Mushrooms . Buy Penis Envy Mushrooms online securely and embark on your research journey with confidence. Place your order now!\",\"breadcrumb\":{\"@id\":\"https:\/\/legitgrams.com\/product\/penis-envy-mushrooms\/#breadcrumb\"},\"inLanguage\":\"hu\",\"potentialAction\":[{\"@type\":\"ReadAction\",\"target\":[\"https:\/\/legitgrams.com\/product\/penis-envy-mushrooms\/\"]}]},{\"@type\":\"ImageObject\",\"inLanguage\":\"hu\",\"@id\":\"https:\/\/legitgrams.com\/product\/penis-envy-mushrooms\/#primaryimage\",\"url\":\"https:\/\/legitgrams.com\/wp-content\/uploads\/2024\/09\/penis-envy-for-salepsilocybin-or-magic-mushrooms.jpg\",\"contentUrl\":\"https:\/\/legitgrams.com\/wp-content\/uploads\/2024\/09\/penis-envy-for-salepsilocybin-or-magic-mushrooms.jpg\",\"width\":430,\"height\":430,\"caption\":\"Penis Envy Mushrooms for Sale\"},{\"@type\":\"BreadcrumbList\",\"@id\":\"https:\/\/legitgrams.com\/product\/penis-envy-mushrooms\/#breadcrumb\",\"itemListElement\":[{\"@type\":\"ListItem\",\"position\":1,\"name\":\"Home\",\"item\":\"https:\/\/legitgrams.com\/\"},{\"@type\":\"ListItem\",\"position\":2,\"name\":\"Shop\",\"item\":\"https:\/\/legitgrams.com\/shop\/\"},{\"@type\":\"ListItem\",\"position\":3,\"name\":\"Buy Penis Envy Mushrooms Online\"}]},{\"@type\":\"WebSite\",\"@id\":\"https:\/\/legitgrams.com\/#website\",\"url\":\"https:\/\/legitgrams.com\/\",\"name\":\"Legit Grams\",\"description\":\"My WordPress Blog\",\"publisher\":{\"@id\":\"https:\/\/legitgrams.com\/#organization\"},\"potentialAction\":[{\"@type\":\"SearchAction\",\"target\":{\"@type\":\"EntryPoint\",\"urlTemplate\":\"https:\/\/legitgrams.com\/?s={search_term_string}\"},\"query-input\":{\"@type\":\"PropertyValueSpecification\",\"valueRequired\":true,\"valueName\":\"search_term_string\"}}],\"inLanguage\":\"hu\"},{\"@type\":\"Organization\",\"@id\":\"https:\/\/legitgrams.com\/#organization\",\"name\":\"Legit Grams\",\"url\":\"https:\/\/legitgrams.com\/\",\"logo\":{\"@type\":\"ImageObject\",\"inLanguage\":\"hu\",\"@id\":\"https:\/\/legitgrams.com\/#\/schema\/logo\/image\/\",\"url\":\"https:\/\/legitgrams.com\/wp-content\/uploads\/2024\/09\/main-logo.png\",\"contentUrl\":\"https:\/\/legitgrams.com\/wp-content\/uploads\/2024\/09\/main-logo.png\",\"width\":270,\"height\":75,\"caption\":\"Legit Grams\"},\"image\":{\"@id\":\"https:\/\/legitgrams.com\/#\/schema\/logo\/image\/\"}}]}<\/script>\n<!-- \/ Yoast SEO plugin. -->","yoast_head_json":{"title":"Penis Envy Gomba elad\u00f3 - V\u00e1s\u00e1roljon Penis Envy Gomba","description":"Fedezze fel online \u00e1ruh\u00e1zunkban Penis irigys\u00e9g gomba elad\u00f3, k\u00edn\u00e1l kiv\u00e1l\u00f3 min\u0151s\u00e9g\u0171 Penis irigys\u00e9g gomba . V\u00e1s\u00e1roljon Penis Envy Gomb\u00e1k online biztons\u00e1gosan, \u00e9s induljon el a kutat\u00e1si utaz\u00e1s bizalommal. Adja le rendel\u00e9s\u00e9t most!","robots":{"index":"index","follow":"follow","max-snippet":"max-snippet:-1","max-image-preview":"max-image-preview:large","max-video-preview":"max-video-preview:-1"},"canonical":"https:\/\/legitgrams.com\/hu\/termek\/penisz-irigyseg-gomba\/","og_locale":"hu_HU","og_type":"article","og_title":"Penis Envy Mushrooms for Sale - Buy Penis Envy Mushrooms","og_description":"Explore our online store for Penis Envy Mushrooms for sale, offering high-quality Penis Envy Mushrooms . Buy Penis Envy Mushrooms online securely and embark on your research journey with confidence. Place your order now!","og_url":"https:\/\/legitgrams.com\/hu\/termek\/penisz-irigyseg-gomba\/","og_site_name":"Legit Grams","article_modified_time":"2025-04-04T13:43:33+00:00","og_image":[{"width":430,"height":430,"url":"https:\/\/legitgrams.com\/wp-content\/uploads\/2024\/09\/penis-envy-for-salepsilocybin-or-magic-mushrooms.jpg","type":"image\/jpeg"}],"twitter_card":"summary_large_image","twitter_misc":{"Becs\u00fclt olvas\u00e1si id\u0151":"4 perc"},"schema":{"@context":"https:\/\/schema.org","@graph":[{"@type":"WebPage","@id":"https:\/\/legitgrams.com\/product\/penis-envy-mushrooms\/","url":"https:\/\/legitgrams.com\/product\/penis-envy-mushrooms\/","name":"Penis Envy Gomba elad\u00f3 - V\u00e1s\u00e1roljon Penis Envy Gomba","isPartOf":{"@id":"https:\/\/legitgrams.com\/#website"},"primaryImageOfPage":{"@id":"https:\/\/legitgrams.com\/product\/penis-envy-mushrooms\/#primaryimage"},"image":{"@id":"https:\/\/legitgrams.com\/product\/penis-envy-mushrooms\/#primaryimage"},"thumbnailUrl":"https:\/\/legitgrams.com\/wp-content\/uploads\/2024\/09\/penis-envy-for-salepsilocybin-or-magic-mushrooms.jpg","datePublished":"2024-09-20T10:09:25+00:00","dateModified":"2025-04-04T13:43:33+00:00","description":"Fedezze fel online \u00e1ruh\u00e1zunkban Penis irigys\u00e9g gomba elad\u00f3, k\u00edn\u00e1l kiv\u00e1l\u00f3 min\u0151s\u00e9g\u0171 Penis irigys\u00e9g gomba . V\u00e1s\u00e1roljon Penis Envy Gomb\u00e1k online biztons\u00e1gosan, \u00e9s induljon el a kutat\u00e1si utaz\u00e1s bizalommal. Adja le rendel\u00e9s\u00e9t most!","breadcrumb":{"@id":"https:\/\/legitgrams.com\/product\/penis-envy-mushrooms\/#breadcrumb"},"inLanguage":"hu","potentialAction":[{"@type":"ReadAction","target":["https:\/\/legitgrams.com\/product\/penis-envy-mushrooms\/"]}]},{"@type":"ImageObject","inLanguage":"hu","@id":"https:\/\/legitgrams.com\/product\/penis-envy-mushrooms\/#primaryimage","url":"https:\/\/legitgrams.com\/wp-content\/uploads\/2024\/09\/penis-envy-for-salepsilocybin-or-magic-mushrooms.jpg","contentUrl":"https:\/\/legitgrams.com\/wp-content\/uploads\/2024\/09\/penis-envy-for-salepsilocybin-or-magic-mushrooms.jpg","width":430,"height":430,"caption":"Penis Envy Mushrooms for Sale"},{"@type":"BreadcrumbList","@id":"https:\/\/legitgrams.com\/product\/penis-envy-mushrooms\/#breadcrumb","itemListElement":[{"@type":"ListItem","position":1,"name":"Home","item":"https:\/\/legitgrams.com\/"},{"@type":"ListItem","position":2,"name":"Shop","item":"https:\/\/legitgrams.com\/shop\/"},{"@type":"ListItem","position":3,"name":"Buy Penis Envy Mushrooms Online"}]},{"@type":"WebSite","@id":"https:\/\/legitgrams.com\/#website","url":"https:\/\/legitgrams.com\/","name":"Legit Grams","description":"Az \u00e9n WordPress blogom","publisher":{"@id":"https:\/\/legitgrams.com\/#organization"},"potentialAction":[{"@type":"SearchAction","target":{"@type":"EntryPoint","urlTemplate":"https:\/\/legitgrams.com\/?s={search_term_string}"},"query-input":{"@type":"PropertyValueSpecification","valueRequired":true,"valueName":"search_term_string"}}],"inLanguage":"hu"},{"@type":"Organization","@id":"https:\/\/legitgrams.com\/#organization","name":"Legit Grams","url":"https:\/\/legitgrams.com\/","logo":{"@type":"ImageObject","inLanguage":"hu","@id":"https:\/\/legitgrams.com\/#\/schema\/logo\/image\/","url":"https:\/\/legitgrams.com\/wp-content\/uploads\/2024\/09\/main-logo.png","contentUrl":"https:\/\/legitgrams.com\/wp-content\/uploads\/2024\/09\/main-logo.png","width":270,"height":75,"caption":"Legit Grams"},"image":{"@id":"https:\/\/legitgrams.com\/#\/schema\/logo\/image\/"}}]}},"uagb_featured_image_src":{"full":["https:\/\/legitgrams.com\/wp-content\/uploads\/2024\/09\/penis-envy-for-salepsilocybin-or-magic-mushrooms.jpg",430,430,false],"thumbnail":["https:\/\/legitgrams.com\/wp-content\/uploads\/2024\/09\/penis-envy-for-salepsilocybin-or-magic-mushrooms-150x150.jpg",150,150,true],"medium":["https:\/\/legitgrams.com\/wp-content\/uploads\/2024\/09\/penis-envy-for-salepsilocybin-or-magic-mushrooms-300x300.jpg",300,300,true],"medium_large":["https:\/\/legitgrams.com\/wp-content\/uploads\/2024\/09\/penis-envy-for-salepsilocybin-or-magic-mushrooms.jpg",430,430,false],"large":["https:\/\/legitgrams.com\/wp-content\/uploads\/2024\/09\/penis-envy-for-salepsilocybin-or-magic-mushrooms.jpg",430,430,false],"1536x1536":["https:\/\/legitgrams.com\/wp-content\/uploads\/2024\/09\/penis-envy-for-salepsilocybin-or-magic-mushrooms.jpg",430,430,false],"2048x2048":["https:\/\/legitgrams.com\/wp-content\/uploads\/2024\/09\/penis-envy-for-salepsilocybin-or-magic-mushrooms.jpg",430,430,false],"trp-custom-language-flag":["https:\/\/legitgrams.com\/wp-content\/uploads\/2024\/09\/penis-envy-for-salepsilocybin-or-magic-mushrooms-12x12.jpg",12,12,true],"woocommerce_thumbnail":["https:\/\/legitgrams.com\/wp-content\/uploads\/2024\/09\/penis-envy-for-salepsilocybin-or-magic-mushrooms-300x300.jpg",300,300,true],"woocommerce_single":["https:\/\/legitgrams.com\/wp-content\/uploads\/2024\/09\/penis-envy-for-salepsilocybin-or-magic-mushrooms.jpg",430,430,false],"woocommerce_gallery_thumbnail":["https:\/\/legitgrams.com\/wp-content\/uploads\/2024\/09\/penis-envy-for-salepsilocybin-or-magic-mushrooms-100x100.jpg",100,100,true]},"uagb_author_info":{"display_name":"cokeblog18","author_link":"https:\/\/legitgrams.com\/hu\/author\/"},"uagb_comment_info":0,"uagb_excerpt":"Purchase Penis Envy Mushrooms Online: Penis Envy Cubensis for Sale &#8220;What is the Penis Envy Cubensis? What&#8217;s with the weird name?&#8221; may be on your mind. The situation really is straightforward. There&#8217;s no getting around the fact that this hallucinogenic fungus resembles a penis. You may be surprised to learn that this mushroom has some&hellip;","_links":{"self":[{"href":"https:\/\/legitgrams.com\/hu\/wp-json\/wp\/v2\/product\/3890","targetHints":{"allow":["GET"]}}],"collection":[{"href":"https:\/\/legitgrams.com\/hu\/wp-json\/wp\/v2\/product"}],"about":[{"href":"https:\/\/legitgrams.com\/hu\/wp-json\/wp\/v2\/types\/product"}],"replies":[{"embeddable":true,"href":"https:\/\/legitgrams.com\/hu\/wp-json\/wp\/v2\/comments?post=3890"}],"wp:featuredmedia":[{"embeddable":true,"href":"https:\/\/legitgrams.com\/hu\/wp-json\/wp\/v2\/media\/5241"}],"wp:attachment":[{"href":"https:\/\/legitgrams.com\/hu\/wp-json\/wp\/v2\/media?parent=3890"}],"wp:term":[{"taxonomy":"product_brand","embeddable":true,"href":"https:\/\/legitgrams.com\/hu\/wp-json\/wp\/v2\/product_brand?post=3890"},{"taxonomy":"product_cat","embeddable":true,"href":"https:\/\/legitgrams.com\/hu\/wp-json\/wp\/v2\/product_cat?post=3890"},{"taxonomy":"product_tag","embeddable":true,"href":"https:\/\/legitgrams.com\/hu\/wp-json\/wp\/v2\/product_tag?post=3890"}],"curies":[{"name":"wp","href":"https:\/\/api.w.org\/{rel}","templated":true}]}}