{"id":3891,"date":"2024-09-20T10:11:29","date_gmt":"2024-09-20T10:11:29","guid":{"rendered":"https:\/\/legitgrams.com\/?post_type=product&#038;p=3891"},"modified":"2025-01-13T08:09:58","modified_gmt":"2025-01-13T08:09:58","slug":"adderall-30mg-tablettak","status":"publish","type":"product","link":"https:\/\/legitgrams.com\/hu\/termek\/adderall-30mg-tablettak\/","title":{"rendered":"Adderall 30mg tablett\u00e1k"},"content":{"rendered":"<h2>Adderall 30 mg-os tablett\u00e1k \u00e9rt\u00e9kes\u00edt\u00e9se<\/h2>\n<p><a href=\"https:\/\/legitgrams.com\/hu\/termek\/adderall-30mg-tablettak\/\">V\u00e1s\u00e1roljon Adderall 30 mg tablett\u00e1t online<\/a>. Csak a legjobb min\u0151s\u00e9g\u0171 tablett\u00e1k kaphat\u00f3k \u00fczlet\u00fcnkben. Tekintse meg online \u00e9rt\u00e9kel\u00e9seinket, ha k\u00e9ts\u00e9gei vannak term\u00e9keink min\u0151s\u00e9g\u00e9vel kapcsolatban. <a href=\"https:\/\/legitgrams.com\/hu\/\">LegitGrams<\/a><\/p>\n<p>Adderall v\u00e1s\u00e1rl\u00e1s online: Adderall v\u00e1s\u00e1rl\u00e1sa, Adderall v\u00e1s\u00e1rl\u00e1sa online, Adderall v\u00e1s\u00e1rl\u00e1sa online, Adderall v\u00e1s\u00e1rl\u00e1sa Online, Adderall v\u00e1s\u00e1rl\u00e1sa Online, Hol V\u00e1s\u00e1rl\u00e1s <a href=\"https:\/\/en.wikipedia.org\/wiki\/Adderall\">Adderall<\/a> online, Adderall v\u00e1s\u00e1rl\u00e1s online, Adderall 30 mg-os tablett\u00e1k elad\u00e1sa az Egyes\u00fclt \u00c1llamokban, Kanad\u00e1ban \u00e9s az Egyes\u00fclt Kir\u00e1lys\u00e1gban, online v\u00e1s\u00e1rl\u00e1s, sz\u00e1ll\u00edt\u00f3k, biztons\u00e1gos sz\u00e1ll\u00edt\u00e1s, az Adderall 30 mg-os tablett\u00e1k tov\u00e1bbra is el\u00e9rhet\u0151k. Ezenk\u00edv\u00fcl megtudhatja, hogyan szerezheti be az Adderall 30 mg-os tablett\u00e1kat, hogy ez a gy\u00f3gyszer enged\u00e9lyezett-e az Egyes\u00fclt \u00c1llamokban, \u00e9s hogy leg\u00e1lis-e Kanad\u00e1ban.<\/p>","protected":false},"excerpt":{"rendered":"<p>Sale of Adderall 30mg pills Buy Adderall 30 mg tablets online. Only the highest quality pills are available in our store. Check out our online reviews if you have any doubts regarding the quality of our products. LegitGrams Buy Adderall online: buy Adderall, buy Adderall online, where to buy Adderall online, where to buy Adderall &hellip;<\/p>\n<p class=\"read-more\"> <a class=\"\" href=\"https:\/\/legitgrams.com\/hu\/termek\/adderall-30mg-tablettak\/\"> <span class=\"screen-reader-text\">Adderall 30mg tablett\u00e1k<\/span> Olvass tov\u00e1bb \"<\/a><\/p>","protected":false},"featured_media":5206,"comment_status":"open","ping_status":"closed","template":"","meta":{"_uag_custom_page_level_css":"","site-sidebar-layout":"default","site-content-layout":"default","ast-global-header-display":"","ast-main-header-display":"","ast-hfb-above-header-display":"","ast-hfb-below-header-display":"","ast-hfb-mobile-header-display":"","site-post-title":"","ast-breadcrumbs-content":"","ast-featured-img":"","footer-sml-layout":"","theme-transparent-header-meta":"default","adv-header-id-meta":"","stick-header-meta":"default","header-above-stick-meta":"","header-main-stick-meta":"","header-below-stick-meta":"","_joinchat":[]},"product_brand":[],"product_cat":[608,597],"product_tag":[4192,4196,4195,4203,4194,4204,4206,4213,4214,4212,4209,4211,4201,617,4193,4208,4205,4200,4198,4210,4207,625,4199,4202,4197],"class_list":{"0":"post-3891","1":"product","2":"type-product","3":"status-publish","4":"has-post-thumbnail","6":"product_cat-pain-pills","7":"product_cat-pain-sleeping-sex-pills","8":"product_tag-adderall-30mg-pills","9":"product_tag-adderall-30mg-pills-adderall-30mg-pills-supplier","10":"product_tag-adderall-30mg-pills-for-sale","11":"product_tag-adderall-30mg-pills-legally","12":"product_tag-adderall-30mg-pills-online","13":"product_tag-adderall-30mg-pills-price","14":"product_tag-adderall-30mg-pills-store","15":"product_tag-adderall-30mg-pills-use","16":"product_tag-adderall-30mg-pills-wiki","17":"product_tag-adderall-30mg-pills-worldwide","18":"product_tag-adderall-30mg-pillss","19":"product_tag-best-cheap-price-adderall-30mg-pills","20":"product_tag-best-place-to-buy-adderall-30mg-pills","21":"product_tag-bulk-online","22":"product_tag-buy-adderall-30mg-pills","23":"product_tag-cheap-adderall-30mg-pills","24":"product_tag-high-quality-adderall-30mg-pills","25":"product_tag-how-to-buy-adderall-30mg-pills","26":"product_tag-order-adderall-30mg-pills","27":"product_tag-purcharse-adderall-30mg-pills","28":"product_tag-shop-adderall-30mg-pills","29":"product_tag-top-quality","30":"product_tag-where-to-buy-adderall-30mg-pills","31":"product_tag-where-to-order-adderall-30mg-pills","32":"product_tag-wholesale-adderall-30mg-pills","33":"desktop-align-left","34":"tablet-align-left","35":"mobile-align-left","36":"ast-product-gallery-layout-horizontal","37":"ast-product-gallery-with-no-image","38":"ast-product-single-variable","39":"ast-product-tabs-layout-horizontal","40":"ast-qv-on-image","42":"first","43":"instock","44":"shipping-taxable","45":"purchasable","46":"product-type-variable"},"yoast_head":"<!-- This site is optimized with the Yoast SEO plugin v25.9 - https:\/\/yoast.com\/wordpress\/plugins\/seo\/ -->\n<title>Adderall 30mg Pills for Sale - Buy Adderall 30mg Pills Online<\/title>\n<meta name=\"description\" content=\"If you want to buy adderall 30mg pills online and looking for a reliable online store, then buy here. We offer only high-quality adderall pills for sale at an affordable price. Order Adderall 30mg Pills Now!\" \/>\n<meta name=\"robots\" content=\"index, follow, max-snippet:-1, max-image-preview:large, max-video-preview:-1\" \/>\n<link rel=\"canonical\" href=\"https:\/\/legitgrams.com\/hu\/termek\/adderall-30mg-tablettak\/\" \/>\n<meta property=\"og:locale\" content=\"hu_HU\" \/>\n<meta property=\"og:type\" content=\"article\" \/>\n<meta property=\"og:title\" content=\"Adderall 30mg Pills for Sale - Buy Adderall 30mg Pills Online\" \/>\n<meta property=\"og:description\" content=\"If you want to buy adderall 30mg pills online and looking for a reliable online store, then buy here. We offer only high-quality adderall pills for sale at an affordable price. Order Adderall 30mg Pills Now!\" \/>\n<meta property=\"og:url\" content=\"https:\/\/legitgrams.com\/hu\/termek\/adderall-30mg-tablettak\/\" \/>\n<meta property=\"og:site_name\" content=\"Legit Grams\" \/>\n<meta property=\"article:modified_time\" content=\"2025-01-13T08:09:58+00:00\" \/>\n<meta property=\"og:image\" content=\"https:\/\/legitgrams.com\/wp-content\/uploads\/2024\/09\/buy-adderall-30mg-pills-online.jpg\" \/>\n\t<meta property=\"og:image:width\" content=\"600\" \/>\n\t<meta property=\"og:image:height\" content=\"600\" \/>\n\t<meta property=\"og:image:type\" content=\"image\/jpeg\" \/>\n<meta name=\"twitter:card\" content=\"summary_large_image\" \/>\n<meta name=\"twitter:label1\" content=\"Becs\u00fclt olvas\u00e1si id\u0151\" \/>\n\t<meta name=\"twitter:data1\" content=\"1 perc\" \/>\n<script type=\"application\/ld+json\" class=\"yoast-schema-graph\">{\"@context\":\"https:\/\/schema.org\",\"@graph\":[{\"@type\":\"WebPage\",\"@id\":\"https:\/\/legitgrams.com\/product\/adderall-30mg-pills\/\",\"url\":\"https:\/\/legitgrams.com\/product\/adderall-30mg-pills\/\",\"name\":\"Adderall 30mg Pills for Sale - Buy Adderall 30mg Pills Online\",\"isPartOf\":{\"@id\":\"https:\/\/legitgrams.com\/#website\"},\"primaryImageOfPage\":{\"@id\":\"https:\/\/legitgrams.com\/product\/adderall-30mg-pills\/#primaryimage\"},\"image\":{\"@id\":\"https:\/\/legitgrams.com\/product\/adderall-30mg-pills\/#primaryimage\"},\"thumbnailUrl\":\"https:\/\/legitgrams.com\/wp-content\/uploads\/2024\/09\/buy-adderall-30mg-pills-online.jpg\",\"datePublished\":\"2024-09-20T10:11:29+00:00\",\"dateModified\":\"2025-01-13T08:09:58+00:00\",\"description\":\"If you want to buy adderall 30mg pills online and looking for a reliable online store, then buy here. We offer only high-quality adderall pills for sale at an affordable price. Order Adderall 30mg Pills Now!\",\"breadcrumb\":{\"@id\":\"https:\/\/legitgrams.com\/product\/adderall-30mg-pills\/#breadcrumb\"},\"inLanguage\":\"hu\",\"potentialAction\":[{\"@type\":\"ReadAction\",\"target\":[\"https:\/\/legitgrams.com\/product\/adderall-30mg-pills\/\"]}]},{\"@type\":\"ImageObject\",\"inLanguage\":\"hu\",\"@id\":\"https:\/\/legitgrams.com\/product\/adderall-30mg-pills\/#primaryimage\",\"url\":\"https:\/\/legitgrams.com\/wp-content\/uploads\/2024\/09\/buy-adderall-30mg-pills-online.jpg\",\"contentUrl\":\"https:\/\/legitgrams.com\/wp-content\/uploads\/2024\/09\/buy-adderall-30mg-pills-online.jpg\",\"width\":600,\"height\":600,\"caption\":\"Adderall 30mg pills for Sale\"},{\"@type\":\"BreadcrumbList\",\"@id\":\"https:\/\/legitgrams.com\/product\/adderall-30mg-pills\/#breadcrumb\",\"itemListElement\":[{\"@type\":\"ListItem\",\"position\":1,\"name\":\"Home\",\"item\":\"https:\/\/legitgrams.com\/\"},{\"@type\":\"ListItem\",\"position\":2,\"name\":\"Shop\",\"item\":\"https:\/\/legitgrams.com\/shop\/\"},{\"@type\":\"ListItem\",\"position\":3,\"name\":\"Adderall 30mg pills\"}]},{\"@type\":\"WebSite\",\"@id\":\"https:\/\/legitgrams.com\/#website\",\"url\":\"https:\/\/legitgrams.com\/\",\"name\":\"Legit Grams\",\"description\":\"My WordPress Blog\",\"publisher\":{\"@id\":\"https:\/\/legitgrams.com\/#organization\"},\"potentialAction\":[{\"@type\":\"SearchAction\",\"target\":{\"@type\":\"EntryPoint\",\"urlTemplate\":\"https:\/\/legitgrams.com\/?s={search_term_string}\"},\"query-input\":{\"@type\":\"PropertyValueSpecification\",\"valueRequired\":true,\"valueName\":\"search_term_string\"}}],\"inLanguage\":\"hu\"},{\"@type\":\"Organization\",\"@id\":\"https:\/\/legitgrams.com\/#organization\",\"name\":\"Legit Grams\",\"url\":\"https:\/\/legitgrams.com\/\",\"logo\":{\"@type\":\"ImageObject\",\"inLanguage\":\"hu\",\"@id\":\"https:\/\/legitgrams.com\/#\/schema\/logo\/image\/\",\"url\":\"https:\/\/legitgrams.com\/wp-content\/uploads\/2024\/09\/main-logo.png\",\"contentUrl\":\"https:\/\/legitgrams.com\/wp-content\/uploads\/2024\/09\/main-logo.png\",\"width\":270,\"height\":75,\"caption\":\"Legit Grams\"},\"image\":{\"@id\":\"https:\/\/legitgrams.com\/#\/schema\/logo\/image\/\"}}]}<\/script>\n<!-- \/ Yoast SEO plugin. -->","yoast_head_json":{"title":"Adderall 30mg tablett\u00e1k elad\u00f3 - Adderall 30mg tablett\u00e1k online v\u00e1s\u00e1rl\u00e1sa","description":"Ha szeretne v\u00e1s\u00e1rolni adderall 30mg tablett\u00e1k online \u00e9s keres egy megb\u00edzhat\u00f3 online \u00e1ruh\u00e1z, akkor v\u00e1s\u00e1rolni itt. Csak kiv\u00e1l\u00f3 min\u0151s\u00e9g\u0171 adderall tablett\u00e1kat k\u00edn\u00e1lunk megfizethet\u0151 \u00e1ron. Rendeljen Adderall 30mg tablett\u00e1t most!","robots":{"index":"index","follow":"follow","max-snippet":"max-snippet:-1","max-image-preview":"max-image-preview:large","max-video-preview":"max-video-preview:-1"},"canonical":"https:\/\/legitgrams.com\/hu\/termek\/adderall-30mg-tablettak\/","og_locale":"hu_HU","og_type":"article","og_title":"Adderall 30mg Pills for Sale - Buy Adderall 30mg Pills Online","og_description":"If you want to buy adderall 30mg pills online and looking for a reliable online store, then buy here. We offer only high-quality adderall pills for sale at an affordable price. Order Adderall 30mg Pills Now!","og_url":"https:\/\/legitgrams.com\/hu\/termek\/adderall-30mg-tablettak\/","og_site_name":"Legit Grams","article_modified_time":"2025-01-13T08:09:58+00:00","og_image":[{"width":600,"height":600,"url":"https:\/\/legitgrams.com\/wp-content\/uploads\/2024\/09\/buy-adderall-30mg-pills-online.jpg","type":"image\/jpeg"}],"twitter_card":"summary_large_image","twitter_misc":{"Becs\u00fclt olvas\u00e1si id\u0151":"1 perc"},"schema":{"@context":"https:\/\/schema.org","@graph":[{"@type":"WebPage","@id":"https:\/\/legitgrams.com\/product\/adderall-30mg-pills\/","url":"https:\/\/legitgrams.com\/product\/adderall-30mg-pills\/","name":"Adderall 30mg tablett\u00e1k elad\u00f3 - Adderall 30mg tablett\u00e1k online v\u00e1s\u00e1rl\u00e1sa","isPartOf":{"@id":"https:\/\/legitgrams.com\/#website"},"primaryImageOfPage":{"@id":"https:\/\/legitgrams.com\/product\/adderall-30mg-pills\/#primaryimage"},"image":{"@id":"https:\/\/legitgrams.com\/product\/adderall-30mg-pills\/#primaryimage"},"thumbnailUrl":"https:\/\/legitgrams.com\/wp-content\/uploads\/2024\/09\/buy-adderall-30mg-pills-online.jpg","datePublished":"2024-09-20T10:11:29+00:00","dateModified":"2025-01-13T08:09:58+00:00","description":"Ha szeretne v\u00e1s\u00e1rolni adderall 30mg tablett\u00e1k online \u00e9s keres egy megb\u00edzhat\u00f3 online \u00e1ruh\u00e1z, akkor v\u00e1s\u00e1rolni itt. Csak kiv\u00e1l\u00f3 min\u0151s\u00e9g\u0171 adderall tablett\u00e1kat k\u00edn\u00e1lunk megfizethet\u0151 \u00e1ron. Rendeljen Adderall 30mg tablett\u00e1t most!","breadcrumb":{"@id":"https:\/\/legitgrams.com\/product\/adderall-30mg-pills\/#breadcrumb"},"inLanguage":"hu","potentialAction":[{"@type":"ReadAction","target":["https:\/\/legitgrams.com\/product\/adderall-30mg-pills\/"]}]},{"@type":"ImageObject","inLanguage":"hu","@id":"https:\/\/legitgrams.com\/product\/adderall-30mg-pills\/#primaryimage","url":"https:\/\/legitgrams.com\/wp-content\/uploads\/2024\/09\/buy-adderall-30mg-pills-online.jpg","contentUrl":"https:\/\/legitgrams.com\/wp-content\/uploads\/2024\/09\/buy-adderall-30mg-pills-online.jpg","width":600,"height":600,"caption":"Adderall 30mg pills for Sale"},{"@type":"BreadcrumbList","@id":"https:\/\/legitgrams.com\/product\/adderall-30mg-pills\/#breadcrumb","itemListElement":[{"@type":"ListItem","position":1,"name":"Home","item":"https:\/\/legitgrams.com\/"},{"@type":"ListItem","position":2,"name":"Shop","item":"https:\/\/legitgrams.com\/shop\/"},{"@type":"ListItem","position":3,"name":"Adderall 30mg pills"}]},{"@type":"WebSite","@id":"https:\/\/legitgrams.com\/#website","url":"https:\/\/legitgrams.com\/","name":"Legit Grams","description":"Az \u00e9n WordPress blogom","publisher":{"@id":"https:\/\/legitgrams.com\/#organization"},"potentialAction":[{"@type":"SearchAction","target":{"@type":"EntryPoint","urlTemplate":"https:\/\/legitgrams.com\/?s={search_term_string}"},"query-input":{"@type":"PropertyValueSpecification","valueRequired":true,"valueName":"search_term_string"}}],"inLanguage":"hu"},{"@type":"Organization","@id":"https:\/\/legitgrams.com\/#organization","name":"Legit Grams","url":"https:\/\/legitgrams.com\/","logo":{"@type":"ImageObject","inLanguage":"hu","@id":"https:\/\/legitgrams.com\/#\/schema\/logo\/image\/","url":"https:\/\/legitgrams.com\/wp-content\/uploads\/2024\/09\/main-logo.png","contentUrl":"https:\/\/legitgrams.com\/wp-content\/uploads\/2024\/09\/main-logo.png","width":270,"height":75,"caption":"Legit Grams"},"image":{"@id":"https:\/\/legitgrams.com\/#\/schema\/logo\/image\/"}}]}},"uagb_featured_image_src":{"full":["https:\/\/legitgrams.com\/wp-content\/uploads\/2024\/09\/buy-adderall-30mg-pills-online.jpg",600,600,false],"thumbnail":["https:\/\/legitgrams.com\/wp-content\/uploads\/2024\/09\/buy-adderall-30mg-pills-online-150x150.jpg",150,150,true],"medium":["https:\/\/legitgrams.com\/wp-content\/uploads\/2024\/09\/buy-adderall-30mg-pills-online-300x300.jpg",300,300,true],"medium_large":["https:\/\/legitgrams.com\/wp-content\/uploads\/2024\/09\/buy-adderall-30mg-pills-online.jpg",600,600,false],"large":["https:\/\/legitgrams.com\/wp-content\/uploads\/2024\/09\/buy-adderall-30mg-pills-online.jpg",600,600,false],"1536x1536":["https:\/\/legitgrams.com\/wp-content\/uploads\/2024\/09\/buy-adderall-30mg-pills-online.jpg",600,600,false],"2048x2048":["https:\/\/legitgrams.com\/wp-content\/uploads\/2024\/09\/buy-adderall-30mg-pills-online.jpg",600,600,false],"trp-custom-language-flag":["https:\/\/legitgrams.com\/wp-content\/uploads\/2024\/09\/buy-adderall-30mg-pills-online-12x12.jpg",12,12,true],"woocommerce_thumbnail":["https:\/\/legitgrams.com\/wp-content\/uploads\/2024\/09\/buy-adderall-30mg-pills-online-300x300.jpg",300,300,true],"woocommerce_single":["https:\/\/legitgrams.com\/wp-content\/uploads\/2024\/09\/buy-adderall-30mg-pills-online.jpg",600,600,false],"woocommerce_gallery_thumbnail":["https:\/\/legitgrams.com\/wp-content\/uploads\/2024\/09\/buy-adderall-30mg-pills-online-100x100.jpg",100,100,true]},"uagb_author_info":{"display_name":"cokeblog18","author_link":"https:\/\/legitgrams.com\/hu\/author\/"},"uagb_comment_info":0,"uagb_excerpt":"Sale of Adderall 30mg pills Buy Adderall 30 mg tablets online. Only the highest quality pills are available in our store. Check out our online reviews if you have any doubts regarding the quality of our products. LegitGrams Buy Adderall online: buy Adderall, buy Adderall online, where to buy Adderall online, where to buy Adderall&hellip;","_links":{"self":[{"href":"https:\/\/legitgrams.com\/hu\/wp-json\/wp\/v2\/product\/3891","targetHints":{"allow":["GET"]}}],"collection":[{"href":"https:\/\/legitgrams.com\/hu\/wp-json\/wp\/v2\/product"}],"about":[{"href":"https:\/\/legitgrams.com\/hu\/wp-json\/wp\/v2\/types\/product"}],"replies":[{"embeddable":true,"href":"https:\/\/legitgrams.com\/hu\/wp-json\/wp\/v2\/comments?post=3891"}],"wp:featuredmedia":[{"embeddable":true,"href":"https:\/\/legitgrams.com\/hu\/wp-json\/wp\/v2\/media\/5206"}],"wp:attachment":[{"href":"https:\/\/legitgrams.com\/hu\/wp-json\/wp\/v2\/media?parent=3891"}],"wp:term":[{"taxonomy":"product_brand","embeddable":true,"href":"https:\/\/legitgrams.com\/hu\/wp-json\/wp\/v2\/product_brand?post=3891"},{"taxonomy":"product_cat","embeddable":true,"href":"https:\/\/legitgrams.com\/hu\/wp-json\/wp\/v2\/product_cat?post=3891"},{"taxonomy":"product_tag","embeddable":true,"href":"https:\/\/legitgrams.com\/hu\/wp-json\/wp\/v2\/product_tag?post=3891"}],"curies":[{"name":"wp","href":"https:\/\/api.w.org\/{rel}","templated":true}]}}