{"id":3893,"date":"2024-09-20T10:14:41","date_gmt":"2024-09-20T10:14:41","guid":{"rendered":"https:\/\/legitgrams.com\/?post_type=product&#038;p=3893"},"modified":"2025-01-13T09:16:07","modified_gmt":"2025-01-13T09:16:07","slug":"ambien-10mg-tablettak","status":"publish","type":"product","link":"https:\/\/legitgrams.com\/hu\/termek\/ambien-10mg-tablettak\/","title":{"rendered":"Ambien 10mg tablett\u00e1k"},"content":{"rendered":"<h2>Ambien 10 mg-os tablett\u00e1k \u00e9rt\u00e9kes\u00edt\u00e9se<\/h2>\n<p><a href=\"https:\/\/legitgrams.com\/hu\/termek\/ambien-10mg-tablettak\/\">V\u00e1s\u00e1roljon Ambien 10 mg tablett\u00e1t online<\/a>. Az Ambien az alv\u00e1szavarok egyik kezel\u00e9se. Az azonnali mentes\u00edt\u00e9s tabletta seg\u00edt elaludni, amikor el\u0151sz\u00f6r \u00fcl le a kanap\u00e9n. <a href=\"https:\/\/legitgrams.com\/hu\/\">LegitGrams<\/a><\/p>\n<h3>A term\u00e9k \u00e1ra tablett\u00e1nk\u00e9nt \u00e9rtend\u0151.<br \/>\nA minim\u00e1lis rendel\u00e9si mennyis\u00e9g 50 tabletta.<\/h3>\n<p>V\u00e1s\u00e1roljon online Ambien 10 mg tablett\u00e1t: Ambien v\u00e1s\u00e1rl\u00e1s, Ambien tablett\u00e1k v\u00e1s\u00e1rl\u00e1sa, Ambien tablett\u00e1k online v\u00e1s\u00e1rl\u00e1sa, 10 mg Ambien tablett\u00e1k v\u00e1s\u00e1rl\u00e1sa, Ambien 10 mg-os pirul\u00e1k v\u00e1s\u00e1rl\u00e1sa, akci\u00f3s Ambien tablett\u00e1k v\u00e1s\u00e1rl\u00e1sa <a href=\"https:\/\/en.wikipedia.org\/?title=Ambien&amp;redirect=no\">Ambien<\/a> 10 mg tablett\u00e1k online, hol lehet megv\u00e1s\u00e1rolni Ambien 10 mg tablett\u00e1k az USA-ban, Kanad\u00e1ban \u00e9s az Egyes\u00fclt Kir\u00e1lys\u00e1gban, hol lehet megv\u00e1s\u00e1rolni, online, a besz\u00e1ll\u00edt\u00f3k, \u00e9s biztons\u00e1gos sz\u00e1ll\u00edt\u00e1s Ambien 10 mg tablett\u00e1k m\u00e9g mindig rendelkez\u00e9sre \u00e1llnak. A v\u00e1s\u00e1rl\u00e1s leg\u00e1lis? 10 mg Ambien tablett\u00e1k online az Egyes\u00fclt \u00c1llamokban? Hogyan szerezhetek be 10 mg Ambien tablett\u00e1t? Leg\u00e1lis 10 mg Ambien tablett\u00e1k v\u00e1s\u00e1rl\u00e1sa Kanad\u00e1ban?<\/p>","protected":false},"excerpt":{"rendered":"<p>Sale of Ambien 10mg pills Buy Ambien 10 mg tablets online. Ambien is one treatment for a sleeping disorder. The prompt discharge tablet is used to help you fall asleep when you first sit on the couch. LegitGrams The product is priced per pill. The minimum order quantity is 50 pills. Make an online purchase &hellip;<\/p>\n<p class=\"read-more\"> <a class=\"\" href=\"https:\/\/legitgrams.com\/hu\/termek\/ambien-10mg-tablettak\/\"> <span class=\"screen-reader-text\">Ambien 10mg tablett\u00e1k<\/span> Olvass tov\u00e1bb \"<\/a><\/p>","protected":false},"featured_media":5208,"comment_status":"open","ping_status":"closed","template":"","meta":{"_uag_custom_page_level_css":"","site-sidebar-layout":"default","site-content-layout":"default","ast-global-header-display":"","ast-main-header-display":"","ast-hfb-above-header-display":"","ast-hfb-below-header-display":"","ast-hfb-mobile-header-display":"","site-post-title":"","ast-breadcrumbs-content":"","ast-featured-img":"","footer-sml-layout":"","theme-transparent-header-meta":"default","adv-header-id-meta":"","stick-header-meta":"default","header-above-stick-meta":"","header-main-stick-meta":"","header-below-stick-meta":"","_joinchat":[]},"product_brand":[],"product_cat":[597,610],"product_tag":[4146,4150,4149,4157,4148,4158,4160,4167,4168,4166,4163,4165,4155,617,4147,4162,4159,4154,4152,4164,4161,625,4153,4156,4151],"class_list":{"0":"post-3893","1":"product","2":"type-product","3":"status-publish","4":"has-post-thumbnail","6":"product_cat-pain-sleeping-sex-pills","7":"product_cat-sleeping-pills","8":"product_tag-ambien-10mg-pills","9":"product_tag-ambien-10mg-pills-ambien-10mg-pills-supplier","10":"product_tag-ambien-10mg-pills-for-sale","11":"product_tag-ambien-10mg-pills-legally","12":"product_tag-ambien-10mg-pills-online","13":"product_tag-ambien-10mg-pills-price","14":"product_tag-ambien-10mg-pills-store","15":"product_tag-ambien-10mg-pills-use","16":"product_tag-ambien-10mg-pills-wiki","17":"product_tag-ambien-10mg-pills-worldwide","18":"product_tag-ambien-10mg-pillss","19":"product_tag-best-cheap-price-ambien-10mg-pills","20":"product_tag-best-place-to-buy-ambien-10mg-pills","21":"product_tag-bulk-online","22":"product_tag-buy-ambien-10mg-pills","23":"product_tag-cheap-ambien-10mg-pills","24":"product_tag-high-quality-ambien-10mg-pills","25":"product_tag-how-to-buy-ambien-10mg-pills","26":"product_tag-order-ambien-10mg-pills","27":"product_tag-purcharse-ambien-10mg-pills","28":"product_tag-shop-ambien-10mg-pills","29":"product_tag-top-quality","30":"product_tag-where-to-buy-ambien-10mg-pills","31":"product_tag-where-to-order-ambien-10mg-pills","32":"product_tag-wholesale-ambien-10mg-pills","33":"desktop-align-left","34":"tablet-align-left","35":"mobile-align-left","36":"ast-product-gallery-layout-horizontal","37":"ast-product-gallery-with-no-image","38":"ast-product-single-variable","39":"ast-product-tabs-layout-horizontal","40":"ast-qv-on-image","42":"first","43":"instock","44":"shipping-taxable","45":"purchasable","46":"product-type-variable"},"yoast_head":"<!-- This site is optimized with the Yoast SEO plugin v25.9 - https:\/\/yoast.com\/wordpress\/plugins\/seo\/ -->\n<title>Ambien 10mg pills for sale - Buy Ambien pills online @ LegitGrams<\/title>\n<meta name=\"description\" content=\"If you want to buy Ambien 10mg pills online and looking for a reliable online store, then buy here. We offer only high-quality Ambien 10mg pills for sale at an affordable price. Order Ambien 10mg pills Now!\" \/>\n<meta name=\"robots\" content=\"index, follow, max-snippet:-1, max-image-preview:large, max-video-preview:-1\" \/>\n<link rel=\"canonical\" href=\"https:\/\/legitgrams.com\/hu\/termek\/ambien-10mg-tablettak\/\" \/>\n<meta property=\"og:locale\" content=\"hu_HU\" \/>\n<meta property=\"og:type\" content=\"article\" \/>\n<meta property=\"og:title\" content=\"Ambien 10mg pills for sale - Buy Ambien pills online @ LegitGrams\" \/>\n<meta property=\"og:description\" content=\"If you want to buy Ambien 10mg pills online and looking for a reliable online store, then buy here. We offer only high-quality Ambien 10mg pills for sale at an affordable price. Order Ambien 10mg pills Now!\" \/>\n<meta property=\"og:url\" content=\"https:\/\/legitgrams.com\/hu\/termek\/ambien-10mg-tablettak\/\" \/>\n<meta property=\"og:site_name\" content=\"Legit Grams\" \/>\n<meta property=\"article:modified_time\" content=\"2025-01-13T09:16:07+00:00\" \/>\n<meta property=\"og:image\" content=\"https:\/\/legitgrams.com\/wp-content\/uploads\/2024\/09\/buy-ambien-10mg-pills-online.jpg\" \/>\n\t<meta property=\"og:image:width\" content=\"600\" \/>\n\t<meta property=\"og:image:height\" content=\"600\" \/>\n\t<meta property=\"og:image:type\" content=\"image\/jpeg\" \/>\n<meta name=\"twitter:card\" content=\"summary_large_image\" \/>\n<meta name=\"twitter:label1\" content=\"Becs\u00fclt olvas\u00e1si id\u0151\" \/>\n\t<meta name=\"twitter:data1\" content=\"1 perc\" \/>\n<script type=\"application\/ld+json\" class=\"yoast-schema-graph\">{\"@context\":\"https:\/\/schema.org\",\"@graph\":[{\"@type\":\"WebPage\",\"@id\":\"https:\/\/legitgrams.com\/product\/ambien-10mg-pills\/\",\"url\":\"https:\/\/legitgrams.com\/product\/ambien-10mg-pills\/\",\"name\":\"Ambien 10mg pills for sale - Buy Ambien pills online @ LegitGrams\",\"isPartOf\":{\"@id\":\"https:\/\/legitgrams.com\/#website\"},\"primaryImageOfPage\":{\"@id\":\"https:\/\/legitgrams.com\/product\/ambien-10mg-pills\/#primaryimage\"},\"image\":{\"@id\":\"https:\/\/legitgrams.com\/product\/ambien-10mg-pills\/#primaryimage\"},\"thumbnailUrl\":\"https:\/\/legitgrams.com\/wp-content\/uploads\/2024\/09\/buy-ambien-10mg-pills-online.jpg\",\"datePublished\":\"2024-09-20T10:14:41+00:00\",\"dateModified\":\"2025-01-13T09:16:07+00:00\",\"description\":\"If you want to buy Ambien 10mg pills online and looking for a reliable online store, then buy here. We offer only high-quality Ambien 10mg pills for sale at an affordable price. Order Ambien 10mg pills Now!\",\"breadcrumb\":{\"@id\":\"https:\/\/legitgrams.com\/product\/ambien-10mg-pills\/#breadcrumb\"},\"inLanguage\":\"hu\",\"potentialAction\":[{\"@type\":\"ReadAction\",\"target\":[\"https:\/\/legitgrams.com\/product\/ambien-10mg-pills\/\"]}]},{\"@type\":\"ImageObject\",\"inLanguage\":\"hu\",\"@id\":\"https:\/\/legitgrams.com\/product\/ambien-10mg-pills\/#primaryimage\",\"url\":\"https:\/\/legitgrams.com\/wp-content\/uploads\/2024\/09\/buy-ambien-10mg-pills-online.jpg\",\"contentUrl\":\"https:\/\/legitgrams.com\/wp-content\/uploads\/2024\/09\/buy-ambien-10mg-pills-online.jpg\",\"width\":600,\"height\":600,\"caption\":\"Ambien 10mg pills for Sale\"},{\"@type\":\"BreadcrumbList\",\"@id\":\"https:\/\/legitgrams.com\/product\/ambien-10mg-pills\/#breadcrumb\",\"itemListElement\":[{\"@type\":\"ListItem\",\"position\":1,\"name\":\"Home\",\"item\":\"https:\/\/legitgrams.com\/\"},{\"@type\":\"ListItem\",\"position\":2,\"name\":\"Shop\",\"item\":\"https:\/\/legitgrams.com\/shop\/\"},{\"@type\":\"ListItem\",\"position\":3,\"name\":\"Ambien 10mg pills\"}]},{\"@type\":\"WebSite\",\"@id\":\"https:\/\/legitgrams.com\/#website\",\"url\":\"https:\/\/legitgrams.com\/\",\"name\":\"Legit Grams\",\"description\":\"My WordPress Blog\",\"publisher\":{\"@id\":\"https:\/\/legitgrams.com\/#organization\"},\"potentialAction\":[{\"@type\":\"SearchAction\",\"target\":{\"@type\":\"EntryPoint\",\"urlTemplate\":\"https:\/\/legitgrams.com\/?s={search_term_string}\"},\"query-input\":{\"@type\":\"PropertyValueSpecification\",\"valueRequired\":true,\"valueName\":\"search_term_string\"}}],\"inLanguage\":\"hu\"},{\"@type\":\"Organization\",\"@id\":\"https:\/\/legitgrams.com\/#organization\",\"name\":\"Legit Grams\",\"url\":\"https:\/\/legitgrams.com\/\",\"logo\":{\"@type\":\"ImageObject\",\"inLanguage\":\"hu\",\"@id\":\"https:\/\/legitgrams.com\/#\/schema\/logo\/image\/\",\"url\":\"https:\/\/legitgrams.com\/wp-content\/uploads\/2024\/09\/main-logo.png\",\"contentUrl\":\"https:\/\/legitgrams.com\/wp-content\/uploads\/2024\/09\/main-logo.png\",\"width\":270,\"height\":75,\"caption\":\"Legit Grams\"},\"image\":{\"@id\":\"https:\/\/legitgrams.com\/#\/schema\/logo\/image\/\"}}]}<\/script>\n<!-- \/ Yoast SEO plugin. -->","yoast_head_json":{"title":"Ambien 10mg tablett\u00e1k elad\u00f3 - V\u00e1s\u00e1rl\u00e1s Ambien tablett\u00e1k online @ LegitGrams","description":"Ha szeretne v\u00e1s\u00e1rolni Ambien 10mg tablett\u00e1k online \u00e9s keres egy megb\u00edzhat\u00f3 online \u00e1ruh\u00e1z, akkor v\u00e1s\u00e1rolni itt. Csak kiv\u00e1l\u00f3 min\u0151s\u00e9g\u0171 Ambien 10mg tablett\u00e1kat k\u00edn\u00e1lunk megfizethet\u0151 \u00e1ron. Rendeljen Ambien 10mg tablett\u00e1t most!","robots":{"index":"index","follow":"follow","max-snippet":"max-snippet:-1","max-image-preview":"max-image-preview:large","max-video-preview":"max-video-preview:-1"},"canonical":"https:\/\/legitgrams.com\/hu\/termek\/ambien-10mg-tablettak\/","og_locale":"hu_HU","og_type":"article","og_title":"Ambien 10mg pills for sale - Buy Ambien pills online @ LegitGrams","og_description":"If you want to buy Ambien 10mg pills online and looking for a reliable online store, then buy here. We offer only high-quality Ambien 10mg pills for sale at an affordable price. Order Ambien 10mg pills Now!","og_url":"https:\/\/legitgrams.com\/hu\/termek\/ambien-10mg-tablettak\/","og_site_name":"Legit Grams","article_modified_time":"2025-01-13T09:16:07+00:00","og_image":[{"width":600,"height":600,"url":"https:\/\/legitgrams.com\/wp-content\/uploads\/2024\/09\/buy-ambien-10mg-pills-online.jpg","type":"image\/jpeg"}],"twitter_card":"summary_large_image","twitter_misc":{"Becs\u00fclt olvas\u00e1si id\u0151":"1 perc"},"schema":{"@context":"https:\/\/schema.org","@graph":[{"@type":"WebPage","@id":"https:\/\/legitgrams.com\/product\/ambien-10mg-pills\/","url":"https:\/\/legitgrams.com\/product\/ambien-10mg-pills\/","name":"Ambien 10mg tablett\u00e1k elad\u00f3 - V\u00e1s\u00e1rl\u00e1s Ambien tablett\u00e1k online @ LegitGrams","isPartOf":{"@id":"https:\/\/legitgrams.com\/#website"},"primaryImageOfPage":{"@id":"https:\/\/legitgrams.com\/product\/ambien-10mg-pills\/#primaryimage"},"image":{"@id":"https:\/\/legitgrams.com\/product\/ambien-10mg-pills\/#primaryimage"},"thumbnailUrl":"https:\/\/legitgrams.com\/wp-content\/uploads\/2024\/09\/buy-ambien-10mg-pills-online.jpg","datePublished":"2024-09-20T10:14:41+00:00","dateModified":"2025-01-13T09:16:07+00:00","description":"Ha szeretne v\u00e1s\u00e1rolni Ambien 10mg tablett\u00e1k online \u00e9s keres egy megb\u00edzhat\u00f3 online \u00e1ruh\u00e1z, akkor v\u00e1s\u00e1rolni itt. Csak kiv\u00e1l\u00f3 min\u0151s\u00e9g\u0171 Ambien 10mg tablett\u00e1kat k\u00edn\u00e1lunk megfizethet\u0151 \u00e1ron. Rendeljen Ambien 10mg tablett\u00e1t most!","breadcrumb":{"@id":"https:\/\/legitgrams.com\/product\/ambien-10mg-pills\/#breadcrumb"},"inLanguage":"hu","potentialAction":[{"@type":"ReadAction","target":["https:\/\/legitgrams.com\/product\/ambien-10mg-pills\/"]}]},{"@type":"ImageObject","inLanguage":"hu","@id":"https:\/\/legitgrams.com\/product\/ambien-10mg-pills\/#primaryimage","url":"https:\/\/legitgrams.com\/wp-content\/uploads\/2024\/09\/buy-ambien-10mg-pills-online.jpg","contentUrl":"https:\/\/legitgrams.com\/wp-content\/uploads\/2024\/09\/buy-ambien-10mg-pills-online.jpg","width":600,"height":600,"caption":"Ambien 10mg pills for Sale"},{"@type":"BreadcrumbList","@id":"https:\/\/legitgrams.com\/product\/ambien-10mg-pills\/#breadcrumb","itemListElement":[{"@type":"ListItem","position":1,"name":"Home","item":"https:\/\/legitgrams.com\/"},{"@type":"ListItem","position":2,"name":"Shop","item":"https:\/\/legitgrams.com\/shop\/"},{"@type":"ListItem","position":3,"name":"Ambien 10mg pills"}]},{"@type":"WebSite","@id":"https:\/\/legitgrams.com\/#website","url":"https:\/\/legitgrams.com\/","name":"Legit Grams","description":"Az \u00e9n WordPress blogom","publisher":{"@id":"https:\/\/legitgrams.com\/#organization"},"potentialAction":[{"@type":"SearchAction","target":{"@type":"EntryPoint","urlTemplate":"https:\/\/legitgrams.com\/?s={search_term_string}"},"query-input":{"@type":"PropertyValueSpecification","valueRequired":true,"valueName":"search_term_string"}}],"inLanguage":"hu"},{"@type":"Organization","@id":"https:\/\/legitgrams.com\/#organization","name":"Legit Grams","url":"https:\/\/legitgrams.com\/","logo":{"@type":"ImageObject","inLanguage":"hu","@id":"https:\/\/legitgrams.com\/#\/schema\/logo\/image\/","url":"https:\/\/legitgrams.com\/wp-content\/uploads\/2024\/09\/main-logo.png","contentUrl":"https:\/\/legitgrams.com\/wp-content\/uploads\/2024\/09\/main-logo.png","width":270,"height":75,"caption":"Legit Grams"},"image":{"@id":"https:\/\/legitgrams.com\/#\/schema\/logo\/image\/"}}]}},"uagb_featured_image_src":{"full":["https:\/\/legitgrams.com\/wp-content\/uploads\/2024\/09\/buy-ambien-10mg-pills-online.jpg",600,600,false],"thumbnail":["https:\/\/legitgrams.com\/wp-content\/uploads\/2024\/09\/buy-ambien-10mg-pills-online-150x150.jpg",150,150,true],"medium":["https:\/\/legitgrams.com\/wp-content\/uploads\/2024\/09\/buy-ambien-10mg-pills-online-300x300.jpg",300,300,true],"medium_large":["https:\/\/legitgrams.com\/wp-content\/uploads\/2024\/09\/buy-ambien-10mg-pills-online.jpg",600,600,false],"large":["https:\/\/legitgrams.com\/wp-content\/uploads\/2024\/09\/buy-ambien-10mg-pills-online.jpg",600,600,false],"1536x1536":["https:\/\/legitgrams.com\/wp-content\/uploads\/2024\/09\/buy-ambien-10mg-pills-online.jpg",600,600,false],"2048x2048":["https:\/\/legitgrams.com\/wp-content\/uploads\/2024\/09\/buy-ambien-10mg-pills-online.jpg",600,600,false],"trp-custom-language-flag":["https:\/\/legitgrams.com\/wp-content\/uploads\/2024\/09\/buy-ambien-10mg-pills-online-12x12.jpg",12,12,true],"woocommerce_thumbnail":["https:\/\/legitgrams.com\/wp-content\/uploads\/2024\/09\/buy-ambien-10mg-pills-online-300x300.jpg",300,300,true],"woocommerce_single":["https:\/\/legitgrams.com\/wp-content\/uploads\/2024\/09\/buy-ambien-10mg-pills-online.jpg",600,600,false],"woocommerce_gallery_thumbnail":["https:\/\/legitgrams.com\/wp-content\/uploads\/2024\/09\/buy-ambien-10mg-pills-online-100x100.jpg",100,100,true]},"uagb_author_info":{"display_name":"cokeblog18","author_link":"https:\/\/legitgrams.com\/hu\/author\/"},"uagb_comment_info":0,"uagb_excerpt":"Sale of Ambien 10mg pills Buy Ambien 10 mg tablets online. Ambien is one treatment for a sleeping disorder. The prompt discharge tablet is used to help you fall asleep when you first sit on the couch. LegitGrams The product is priced per pill. The minimum order quantity is 50 pills. Make an online purchase&hellip;","_links":{"self":[{"href":"https:\/\/legitgrams.com\/hu\/wp-json\/wp\/v2\/product\/3893","targetHints":{"allow":["GET"]}}],"collection":[{"href":"https:\/\/legitgrams.com\/hu\/wp-json\/wp\/v2\/product"}],"about":[{"href":"https:\/\/legitgrams.com\/hu\/wp-json\/wp\/v2\/types\/product"}],"replies":[{"embeddable":true,"href":"https:\/\/legitgrams.com\/hu\/wp-json\/wp\/v2\/comments?post=3893"}],"wp:featuredmedia":[{"embeddable":true,"href":"https:\/\/legitgrams.com\/hu\/wp-json\/wp\/v2\/media\/5208"}],"wp:attachment":[{"href":"https:\/\/legitgrams.com\/hu\/wp-json\/wp\/v2\/media?parent=3893"}],"wp:term":[{"taxonomy":"product_brand","embeddable":true,"href":"https:\/\/legitgrams.com\/hu\/wp-json\/wp\/v2\/product_brand?post=3893"},{"taxonomy":"product_cat","embeddable":true,"href":"https:\/\/legitgrams.com\/hu\/wp-json\/wp\/v2\/product_cat?post=3893"},{"taxonomy":"product_tag","embeddable":true,"href":"https:\/\/legitgrams.com\/hu\/wp-json\/wp\/v2\/product_tag?post=3893"}],"curies":[{"name":"wp","href":"https:\/\/api.w.org\/{rel}","templated":true}]}}