{"id":3895,"date":"2024-09-20T10:23:31","date_gmt":"2024-09-20T10:23:31","guid":{"rendered":"https:\/\/legitgrams.com\/?post_type=product&#038;p=3895"},"modified":"2025-01-11T09:01:34","modified_gmt":"2025-01-11T09:01:34","slug":"2-fea","status":"publish","type":"product","link":"https:\/\/legitgrams.com\/hu\/termek\/2-fea\/","title":{"rendered":"2-FEA"},"content":{"rendered":"<h2>2. FEA elad\u00f3<br \/>\n2. FEA: Mi ez?<\/h2>\n<p>A 2-FEA a 2-fluor-etamfetamin r\u00f6vid\u00edt\u00e9se. Ez a kutat\u00e1si vegyszer stimul\u00e1ns \u00e9s az amfetamin oszt\u00e1ly tagja. <a href=\"https:\/\/legitgrams.com\/hu\/termek\/2-fea\/\">2-FEA<\/a> nagyon hasonl\u00f3 a 3-FEA-hoz. 2. Viszonylag szer\u00e9ny d\u00f3zisokban a FEA nagyon hat\u00e1sos, \u00e9s figyelemre m\u00e9lt\u00f3 eredm\u00e9nyeket \u00e9rhet el.<\/p>\n<p>Minden sz\u00fcks\u00e9ges biztons\u00e1gi int\u00e9zked\u00e9st be kell tartani a k\u00eds\u00e9rletek sor\u00e1n bek\u00f6vetkez\u0151 balesetek elker\u00fcl\u00e9se \u00e9rdek\u00e9ben. 2. Fokozott elemz\u00e9s, id\u0151torzul\u00e1s, kognit\u00edv gyorsul\u00e1s, sodr\u00f3d\u00e1s, \u00e1talakul\u00e1sok, hallucin\u00e1ci\u00f3k, izgalom, euf\u00f3ria, tapint\u00e1si javul\u00e1s \u00e9s a zenei elismer\u00e9s cs\u00f6kken\u00e9se mind \u00f6sszef\u00fcgg\u00e9sbe hozhat\u00f3 a FEA-val.<\/p>\n<h3>Hogyan szerezhetem be a 2-FEA-t?<\/h3>\n<p>Hogyan szerezhetem be a 2-FEA-t? <a href=\"https:\/\/en.wikipedia.org\/wiki\/2-Fluoroamphetamine\">2-FEA<\/a> k\u00f6zvetlen\u00fcl err\u0151l a Chemical Planet oldalr\u00f3l. Kiv\u00e1l\u00f3 min\u0151s\u00e9g\u0171 2-FEA-t k\u00edn\u00e1lunk, \u00e1ltal\u00e1ban por form\u00e1j\u00e1ban. K\u00e9rj\u00fck, tudassa vel\u00fcnk, ha m\u00e1s \u0171rlapot szeretne. Vegye fel vel\u00fcnk a kapcsolatot. Ahhoz, hogy 2-FEA-t v\u00e1s\u00e1roljon t\u0151l\u00fcnk, legal\u00e1bb tizennyolc \u00e9vesnek kell lennie. Teljes m\u00e9rt\u00e9kben be kell tartania nemzete szab\u00e1lyait is.<br \/>\n\u00d6sszet\u00e9teleinket sem emberek, sem \u00e1llatok nem haszn\u00e1lhatj\u00e1k. Kiz\u00e1r\u00f3lag k\u00eds\u00e9rleti kutat\u00e1sok c\u00e9lja ezek felhaszn\u00e1l\u00e1sa.<\/p>\n<h4>2. A FEA jogszer\u0171s\u00e9ge<\/h4>\n<p>2. A FEA A oszt\u00e1ly\u00fa vegyi anyagk\u00e9nt van besorolva az Egyes\u00fclt Kir\u00e1lys\u00e1gban. Az I. list\u00e1n szerepl\u0151 gy\u00f3gyszerek al\u00e1 tartozik, mivel Kanad\u00e1ban az amfetamin anal\u00f3gj\u00e1nak tekintik. 2. \u00daj-Z\u00e9landon a FEA a 3. list\u00e1n szerepl\u0151 tiltott anyagok k\u00f6z\u00e9 tartozik.<\/p>\n<p>A 2-FEA (C11H16N, Mr 162g\/mol) leggyakoribb form\u00e1ja finom por. (Mr. C11H16N*HCl, 198 g\/mol).<\/p>\n<p>Mindig sz\u00e1raz, hideg helyen t\u00e1rolja a lehet\u0151 leghosszabb ideig. Ez a term\u00e9k kiz\u00e1r\u00f3lag kutat\u00e1si \u00e9s kriminalisztikai felhaszn\u00e1l\u00e1sra k\u00e9sz\u00fclt. Ez\u00e9rt nem emberi fogyaszt\u00e1sra vagy semmilyen \u00e1llaton vagy \u00e9l\u0151 szervezeten v\u00e9gzett in vitro vizsg\u00e1latra nem alkalmas.<\/p>","protected":false},"excerpt":{"rendered":"<p>2. FEA for Sale 2. FEA: What is it? 2-FEA is the abbreviation for 2-fluoroethamphetamine. This research chemical is a stimulant and a member of the amphetamine class. 2-FEA is quite similar to 3-FEA. 2. At comparatively modest dosages, FEA is very potent and can have notable results. All required safety measures must be followed &hellip;<\/p>\n<p class=\"read-more\"> <a class=\"\" href=\"https:\/\/legitgrams.com\/hu\/termek\/2-fea\/\"> <span class=\"screen-reader-text\">2-FEA<\/span> Olvass tov\u00e1bb \"<\/a><\/p>","protected":false},"featured_media":5434,"comment_status":"open","ping_status":"closed","template":"","meta":{"_uag_custom_page_level_css":"","site-sidebar-layout":"default","site-content-layout":"default","ast-global-header-display":"","ast-main-header-display":"","ast-hfb-above-header-display":"","ast-hfb-below-header-display":"","ast-hfb-mobile-header-display":"","site-post-title":"","ast-breadcrumbs-content":"","ast-featured-img":"","footer-sml-layout":"","theme-transparent-header-meta":"default","adv-header-id-meta":"","stick-header-meta":"default","header-above-stick-meta":"","header-main-stick-meta":"","header-below-stick-meta":"","_joinchat":[]},"product_brand":[],"product_cat":[598],"product_tag":[4100,4104,4103,4111,4102,4112,4114,4121,4122,4120,4117,4119,4109,617,4101,4116,4113,4108,4106,4118,4115,625,4107,4110,4105],"class_list":{"0":"post-3895","1":"product","2":"type-product","3":"status-publish","4":"has-post-thumbnail","6":"product_cat-stimulants","7":"product_tag-2-fea","8":"product_tag-2-fea-2-fea-supplier","9":"product_tag-2-fea-for-sale","10":"product_tag-2-fea-legally","11":"product_tag-2-fea-online","12":"product_tag-2-fea-price","13":"product_tag-2-fea-store","14":"product_tag-2-fea-use","15":"product_tag-2-fea-wiki","16":"product_tag-2-fea-worldwide","17":"product_tag-2-feas","18":"product_tag-best-cheap-price-2-fea","19":"product_tag-best-place-to-buy-2-fea","20":"product_tag-bulk-online","21":"product_tag-buy-2-fea","22":"product_tag-cheap-2-fea","23":"product_tag-high-quality-2-fea","24":"product_tag-how-to-buy-2-fea","25":"product_tag-order-2-fea","26":"product_tag-purcharse-2-fea","27":"product_tag-shop-2-fea","28":"product_tag-top-quality","29":"product_tag-where-to-buy-2-fea","30":"product_tag-where-to-order-2-fea","31":"product_tag-wholesale-2-fea","32":"desktop-align-left","33":"tablet-align-left","34":"mobile-align-left","35":"ast-product-gallery-layout-horizontal","36":"ast-product-gallery-with-no-image","37":"ast-product-single-variable","38":"ast-product-tabs-layout-horizontal","39":"ast-qv-on-image","41":"first","42":"instock","43":"shipping-taxable","44":"purchasable","45":"product-type-variable"},"yoast_head":"<!-- This site is optimized with the Yoast SEO plugin v25.9 - https:\/\/yoast.com\/wordpress\/plugins\/seo\/ -->\n<title>Get 2-FEA for sale - Order 2-FEA Online | LegitGrams<\/title>\n<meta name=\"description\" content=\"Discover top-notch 2-FEA for sale at our online store - buy 2-FEA conveniently and securely to fuel your research. Save More on 2-FEA with our latest promotions. Shop today and don&#039;t miss out.\" \/>\n<meta name=\"robots\" content=\"index, follow, max-snippet:-1, max-image-preview:large, max-video-preview:-1\" \/>\n<link rel=\"canonical\" href=\"https:\/\/legitgrams.com\/hu\/termek\/2-fea\/\" \/>\n<meta property=\"og:locale\" content=\"hu_HU\" \/>\n<meta property=\"og:type\" content=\"article\" \/>\n<meta property=\"og:title\" content=\"Get 2-FEA for sale - Order 2-FEA Online | LegitGrams\" \/>\n<meta property=\"og:description\" content=\"Discover top-notch 2-FEA for sale at our online store - buy 2-FEA conveniently and securely to fuel your research. Save More on 2-FEA with our latest promotions. Shop today and don&#039;t miss out.\" \/>\n<meta property=\"og:url\" content=\"https:\/\/legitgrams.com\/hu\/termek\/2-fea\/\" \/>\n<meta property=\"og:site_name\" content=\"Legit Grams\" \/>\n<meta property=\"article:modified_time\" content=\"2025-01-11T09:01:34+00:00\" \/>\n<meta property=\"og:image\" content=\"https:\/\/legitgrams.com\/wp-content\/uploads\/2024\/09\/2-fea.jpg\" \/>\n\t<meta property=\"og:image:width\" content=\"800\" \/>\n\t<meta property=\"og:image:height\" content=\"800\" \/>\n\t<meta property=\"og:image:type\" content=\"image\/jpeg\" \/>\n<meta name=\"twitter:card\" content=\"summary_large_image\" \/>\n<meta name=\"twitter:label1\" content=\"Becs\u00fclt olvas\u00e1si id\u0151\" \/>\n\t<meta name=\"twitter:data1\" content=\"2 perc\" \/>\n<script type=\"application\/ld+json\" class=\"yoast-schema-graph\">{\"@context\":\"https:\/\/schema.org\",\"@graph\":[{\"@type\":\"WebPage\",\"@id\":\"https:\/\/legitgrams.com\/product\/2-fea\/\",\"url\":\"https:\/\/legitgrams.com\/product\/2-fea\/\",\"name\":\"Get 2-FEA for sale - Order 2-FEA Online | LegitGrams\",\"isPartOf\":{\"@id\":\"https:\/\/legitgrams.com\/#website\"},\"primaryImageOfPage\":{\"@id\":\"https:\/\/legitgrams.com\/product\/2-fea\/#primaryimage\"},\"image\":{\"@id\":\"https:\/\/legitgrams.com\/product\/2-fea\/#primaryimage\"},\"thumbnailUrl\":\"https:\/\/legitgrams.com\/wp-content\/uploads\/2024\/09\/2-fea.jpg\",\"datePublished\":\"2024-09-20T10:23:31+00:00\",\"dateModified\":\"2025-01-11T09:01:34+00:00\",\"description\":\"Discover top-notch 2-FEA for sale at our online store - buy 2-FEA conveniently and securely to fuel your research. Save More on 2-FEA with our latest promotions. Shop today and don't miss out.\",\"breadcrumb\":{\"@id\":\"https:\/\/legitgrams.com\/product\/2-fea\/#breadcrumb\"},\"inLanguage\":\"hu\",\"potentialAction\":[{\"@type\":\"ReadAction\",\"target\":[\"https:\/\/legitgrams.com\/product\/2-fea\/\"]}]},{\"@type\":\"ImageObject\",\"inLanguage\":\"hu\",\"@id\":\"https:\/\/legitgrams.com\/product\/2-fea\/#primaryimage\",\"url\":\"https:\/\/legitgrams.com\/wp-content\/uploads\/2024\/09\/2-fea.jpg\",\"contentUrl\":\"https:\/\/legitgrams.com\/wp-content\/uploads\/2024\/09\/2-fea.jpg\",\"width\":800,\"height\":800,\"caption\":\"2-FEA\u00a0for Sale\"},{\"@type\":\"BreadcrumbList\",\"@id\":\"https:\/\/legitgrams.com\/product\/2-fea\/#breadcrumb\",\"itemListElement\":[{\"@type\":\"ListItem\",\"position\":1,\"name\":\"Home\",\"item\":\"https:\/\/legitgrams.com\/\"},{\"@type\":\"ListItem\",\"position\":2,\"name\":\"Shop\",\"item\":\"https:\/\/legitgrams.com\/shop\/\"},{\"@type\":\"ListItem\",\"position\":3,\"name\":\"2-FEA\"}]},{\"@type\":\"WebSite\",\"@id\":\"https:\/\/legitgrams.com\/#website\",\"url\":\"https:\/\/legitgrams.com\/\",\"name\":\"Legit Grams\",\"description\":\"My WordPress Blog\",\"publisher\":{\"@id\":\"https:\/\/legitgrams.com\/#organization\"},\"potentialAction\":[{\"@type\":\"SearchAction\",\"target\":{\"@type\":\"EntryPoint\",\"urlTemplate\":\"https:\/\/legitgrams.com\/?s={search_term_string}\"},\"query-input\":{\"@type\":\"PropertyValueSpecification\",\"valueRequired\":true,\"valueName\":\"search_term_string\"}}],\"inLanguage\":\"hu\"},{\"@type\":\"Organization\",\"@id\":\"https:\/\/legitgrams.com\/#organization\",\"name\":\"Legit Grams\",\"url\":\"https:\/\/legitgrams.com\/\",\"logo\":{\"@type\":\"ImageObject\",\"inLanguage\":\"hu\",\"@id\":\"https:\/\/legitgrams.com\/#\/schema\/logo\/image\/\",\"url\":\"https:\/\/legitgrams.com\/wp-content\/uploads\/2024\/09\/main-logo.png\",\"contentUrl\":\"https:\/\/legitgrams.com\/wp-content\/uploads\/2024\/09\/main-logo.png\",\"width\":270,\"height\":75,\"caption\":\"Legit Grams\"},\"image\":{\"@id\":\"https:\/\/legitgrams.com\/#\/schema\/logo\/image\/\"}}]}<\/script>\n<!-- \/ Yoast SEO plugin. -->","yoast_head_json":{"title":"Kap 2-FEA elad\u00f3 - Rendel\u00e9s 2-FEA Online | LegitGrams","description":"Fedezze fel a kiv\u00e1l\u00f3 min\u0151s\u00e9g\u0171 2-FEA-t az online \u00e1ruh\u00e1zunkban - v\u00e1s\u00e1roljon 2-FEA-t k\u00e9nyelmesen \u00e9s biztons\u00e1gosan, hogy kutat\u00e1saihoz energi\u00e1t nyerjen. Takar\u00edtson meg t\u00f6bbet a 2-FEA-n leg\u00fajabb akci\u00f3inkkal. V\u00e1s\u00e1roljon m\u00e9g ma, \u00e9s ne maradjon le r\u00f3la.","robots":{"index":"index","follow":"follow","max-snippet":"max-snippet:-1","max-image-preview":"max-image-preview:large","max-video-preview":"max-video-preview:-1"},"canonical":"https:\/\/legitgrams.com\/hu\/termek\/2-fea\/","og_locale":"hu_HU","og_type":"article","og_title":"Get 2-FEA for sale - Order 2-FEA Online | LegitGrams","og_description":"Discover top-notch 2-FEA for sale at our online store - buy 2-FEA conveniently and securely to fuel your research. Save More on 2-FEA with our latest promotions. Shop today and don't miss out.","og_url":"https:\/\/legitgrams.com\/hu\/termek\/2-fea\/","og_site_name":"Legit Grams","article_modified_time":"2025-01-11T09:01:34+00:00","og_image":[{"width":800,"height":800,"url":"https:\/\/legitgrams.com\/wp-content\/uploads\/2024\/09\/2-fea.jpg","type":"image\/jpeg"}],"twitter_card":"summary_large_image","twitter_misc":{"Becs\u00fclt olvas\u00e1si id\u0151":"2 perc"},"schema":{"@context":"https:\/\/schema.org","@graph":[{"@type":"WebPage","@id":"https:\/\/legitgrams.com\/product\/2-fea\/","url":"https:\/\/legitgrams.com\/product\/2-fea\/","name":"Kap 2-FEA elad\u00f3 - Rendel\u00e9s 2-FEA Online | LegitGrams","isPartOf":{"@id":"https:\/\/legitgrams.com\/#website"},"primaryImageOfPage":{"@id":"https:\/\/legitgrams.com\/product\/2-fea\/#primaryimage"},"image":{"@id":"https:\/\/legitgrams.com\/product\/2-fea\/#primaryimage"},"thumbnailUrl":"https:\/\/legitgrams.com\/wp-content\/uploads\/2024\/09\/2-fea.jpg","datePublished":"2024-09-20T10:23:31+00:00","dateModified":"2025-01-11T09:01:34+00:00","description":"Fedezze fel a kiv\u00e1l\u00f3 min\u0151s\u00e9g\u0171 2-FEA-t az online \u00e1ruh\u00e1zunkban - v\u00e1s\u00e1roljon 2-FEA-t k\u00e9nyelmesen \u00e9s biztons\u00e1gosan, hogy kutat\u00e1saihoz energi\u00e1t nyerjen. Takar\u00edtson meg t\u00f6bbet a 2-FEA-n leg\u00fajabb akci\u00f3inkkal. V\u00e1s\u00e1roljon m\u00e9g ma, \u00e9s ne maradjon le r\u00f3la.","breadcrumb":{"@id":"https:\/\/legitgrams.com\/product\/2-fea\/#breadcrumb"},"inLanguage":"hu","potentialAction":[{"@type":"ReadAction","target":["https:\/\/legitgrams.com\/product\/2-fea\/"]}]},{"@type":"ImageObject","inLanguage":"hu","@id":"https:\/\/legitgrams.com\/product\/2-fea\/#primaryimage","url":"https:\/\/legitgrams.com\/wp-content\/uploads\/2024\/09\/2-fea.jpg","contentUrl":"https:\/\/legitgrams.com\/wp-content\/uploads\/2024\/09\/2-fea.jpg","width":800,"height":800,"caption":"2-FEA\u00a0for Sale"},{"@type":"BreadcrumbList","@id":"https:\/\/legitgrams.com\/product\/2-fea\/#breadcrumb","itemListElement":[{"@type":"ListItem","position":1,"name":"Home","item":"https:\/\/legitgrams.com\/"},{"@type":"ListItem","position":2,"name":"Shop","item":"https:\/\/legitgrams.com\/shop\/"},{"@type":"ListItem","position":3,"name":"2-FEA"}]},{"@type":"WebSite","@id":"https:\/\/legitgrams.com\/#website","url":"https:\/\/legitgrams.com\/","name":"Legit Grams","description":"Az \u00e9n WordPress blogom","publisher":{"@id":"https:\/\/legitgrams.com\/#organization"},"potentialAction":[{"@type":"SearchAction","target":{"@type":"EntryPoint","urlTemplate":"https:\/\/legitgrams.com\/?s={search_term_string}"},"query-input":{"@type":"PropertyValueSpecification","valueRequired":true,"valueName":"search_term_string"}}],"inLanguage":"hu"},{"@type":"Organization","@id":"https:\/\/legitgrams.com\/#organization","name":"Legit Grams","url":"https:\/\/legitgrams.com\/","logo":{"@type":"ImageObject","inLanguage":"hu","@id":"https:\/\/legitgrams.com\/#\/schema\/logo\/image\/","url":"https:\/\/legitgrams.com\/wp-content\/uploads\/2024\/09\/main-logo.png","contentUrl":"https:\/\/legitgrams.com\/wp-content\/uploads\/2024\/09\/main-logo.png","width":270,"height":75,"caption":"Legit Grams"},"image":{"@id":"https:\/\/legitgrams.com\/#\/schema\/logo\/image\/"}}]}},"uagb_featured_image_src":{"full":["https:\/\/legitgrams.com\/wp-content\/uploads\/2024\/09\/2-fea.jpg",800,800,false],"thumbnail":["https:\/\/legitgrams.com\/wp-content\/uploads\/2024\/09\/2-fea-150x150.jpg",150,150,true],"medium":["https:\/\/legitgrams.com\/wp-content\/uploads\/2024\/09\/2-fea-300x300.jpg",300,300,true],"medium_large":["https:\/\/legitgrams.com\/wp-content\/uploads\/2024\/09\/2-fea-768x768.jpg",768,768,true],"large":["https:\/\/legitgrams.com\/wp-content\/uploads\/2024\/09\/2-fea.jpg",800,800,false],"1536x1536":["https:\/\/legitgrams.com\/wp-content\/uploads\/2024\/09\/2-fea.jpg",800,800,false],"2048x2048":["https:\/\/legitgrams.com\/wp-content\/uploads\/2024\/09\/2-fea.jpg",800,800,false],"trp-custom-language-flag":["https:\/\/legitgrams.com\/wp-content\/uploads\/2024\/09\/2-fea-12x12.jpg",12,12,true],"woocommerce_thumbnail":["https:\/\/legitgrams.com\/wp-content\/uploads\/2024\/09\/2-fea-300x300.jpg",300,300,true],"woocommerce_single":["https:\/\/legitgrams.com\/wp-content\/uploads\/2024\/09\/2-fea-600x600.jpg",600,600,true],"woocommerce_gallery_thumbnail":["https:\/\/legitgrams.com\/wp-content\/uploads\/2024\/09\/2-fea-100x100.jpg",100,100,true]},"uagb_author_info":{"display_name":"cokeblog18","author_link":"https:\/\/legitgrams.com\/hu\/author\/"},"uagb_comment_info":0,"uagb_excerpt":"2. FEA for Sale 2. FEA: What is it? 2-FEA is the abbreviation for 2-fluoroethamphetamine. This research chemical is a stimulant and a member of the amphetamine class. 2-FEA is quite similar to 3-FEA. 2. At comparatively modest dosages, FEA is very potent and can have notable results. All required safety measures must be followed&hellip;","_links":{"self":[{"href":"https:\/\/legitgrams.com\/hu\/wp-json\/wp\/v2\/product\/3895","targetHints":{"allow":["GET"]}}],"collection":[{"href":"https:\/\/legitgrams.com\/hu\/wp-json\/wp\/v2\/product"}],"about":[{"href":"https:\/\/legitgrams.com\/hu\/wp-json\/wp\/v2\/types\/product"}],"replies":[{"embeddable":true,"href":"https:\/\/legitgrams.com\/hu\/wp-json\/wp\/v2\/comments?post=3895"}],"wp:featuredmedia":[{"embeddable":true,"href":"https:\/\/legitgrams.com\/hu\/wp-json\/wp\/v2\/media\/5434"}],"wp:attachment":[{"href":"https:\/\/legitgrams.com\/hu\/wp-json\/wp\/v2\/media?parent=3895"}],"wp:term":[{"taxonomy":"product_brand","embeddable":true,"href":"https:\/\/legitgrams.com\/hu\/wp-json\/wp\/v2\/product_brand?post=3895"},{"taxonomy":"product_cat","embeddable":true,"href":"https:\/\/legitgrams.com\/hu\/wp-json\/wp\/v2\/product_cat?post=3895"},{"taxonomy":"product_tag","embeddable":true,"href":"https:\/\/legitgrams.com\/hu\/wp-json\/wp\/v2\/product_tag?post=3895"}],"curies":[{"name":"wp","href":"https:\/\/api.w.org\/{rel}","templated":true}]}}