{"id":3903,"date":"2024-09-20T10:44:22","date_gmt":"2024-09-20T10:44:22","guid":{"rendered":"https:\/\/legitgrams.com\/?post_type=product&#038;p=3903"},"modified":"2025-04-04T13:24:17","modified_gmt":"2025-04-04T13:24:17","slug":"psilocybe-cubensis","status":"publish","type":"product","link":"https:\/\/legitgrams.com\/hu\/termek\/psilocybe-cubensis\/","title":{"rendered":"Psilocybe Cubensis online v\u00e1s\u00e1rl\u00e1sa"},"content":{"rendered":"<h2>\u00a0Psilocybe Cubensis elad\u00f3<\/h2>\n<h3>Az \u00f6sszes pszichedelikus gomba vezet\u0151 szolg\u00e1ltat\u00f3ja elad\u00f3 az Egyes\u00fclt \u00c1llamokban<\/h3>\n<p><a href=\"https:\/\/legitgrams.com\/hu\/termek\/psilocybe-cubensis\/\">Psilocybin \u00e9s psilocin<\/a> a psilocybe cubensis, egy hallucinog\u00e9n gombafajta f\u0151 hat\u00f3anyagai. Kor\u00e1bban ismert n\u00e9ven <a href=\"https:\/\/www.bing.com\/search?q=VsroljonPsilocybeCubensisonline&amp;qs=n&amp;form=QBRE&amp;sp=-1&amp;lq=0&amp;pq=kupcharashashonline&amp;sc=2-22&amp;sk=&amp;cvid=A9EC4C8CF0A54F438B00C6C91B6A0AAC&amp;ghsh=0&amp;ghacc=0&amp;ghpl=\">Stropharia cubensis<\/a>, a Hymenogastraceae gombaf\u00e9l\u00e9k csal\u00e1dj\u00e1ba tartozik, \u00e9s n\u00e9ha shroomoknak, var\u00e1zsgomb\u00e1knak, kock\u00e1knak vagy aranysapk\u00e1s gomb\u00e1knak is nevezik.<\/p>\n<p>The hallucinogenic compounds psilocybin, psilocin, baeocystin, and norbaeocystin are found in <a href=\"https:\/\/www.google.com\/search?q=Buy+Psilocybe+Cubensis+Online&amp;num=10&amp;sca_esv=1a2a07081c7891bb&amp;rlz=1C1RXQR_enIN1098IN1098&amp;sxsrf=AHTn8zq576AYYGVMqPS9SOzXDVxldGWK2g%3A1741323155726&amp;ei=k3vKZ5vmK4rgseMP0rbV-Q8&amp;ved=0ahUKEwjb-4qhlveLAxUKcGwGHVJbNf8Q4dUDCBA&amp;uact=5&amp;oq=Buy+Psilocybe+Cubensis+Online&amp;gs_lp=Egxnd3Mtd2l6LXNlcnAiHUJ1eSBQc2lsb2N5YmUgQ3ViZW5zaXMgT25saW5lSNkIUPEDWPEDcAN4AJABAJgBqQGgAakBqgEDMC4xuAEDyAEA-AEC-AEBmAIAoAIAmAMAiAYBkgcAoAdR&amp;sclient=gws-wiz-serp\">pszilocibin gomb\u00e1k<\/a>.<\/p>\n<p>B\u00e1r a gomba bizonyos mennyis\u00e9gei sz\u00e1mos orsz\u00e1gban tiltottak, m\u00e9gis gy\u0171jtik \u00e9s termesztik \u0151ket entheog\u00e9n \u00e9s rekre\u00e1ci\u00f3s drogpotenci\u00e1ljuk miatt. A Psilocybe nemzets\u00e9gben nagy sz\u00e1mban fordulnak el\u0151 pszilocibin gomb\u00e1k, b\u00e1r a gy\u00f3gyszerek sz\u00e1mos m\u00e1s nemzets\u00e9ghez tartoz\u00f3 fajban is megtal\u00e1lhat\u00f3k. <a href=\"https:\/\/legitgrams.com\/hu\/\">LegitGrams<\/a><\/p>\n<p><a href=\"https:\/\/duckduckgo.com\/?q=Buy+Psilocybe+Cubensis+Online&amp;t=h_&amp;ia=web\">Psilocybe cubensis gomba<\/a> sokf\u00e9lek\u00e9ppen termeszthet\u0151 szem\u00e9lyesen, az egyszer\u0171 \u00e9s kis\u00fczemi PF Tek-t\u0151l kezdve a k\u00fcl\u00f6nf\u00e9le \u201es\u00fctem\u00e9nyes\u201d m\u00f3dszereken \u00e1t, amelyek kis mennyis\u00e9g\u0171 gomb\u00e1t eredm\u00e9nyeznek, eg\u00e9szen a kifinomult megk\u00f6zel\u00edt\u00e9sekig, amelyek a szak\u00e9rt\u0151 gombatermeszt\u0151k gyakorlat\u00e1t alkalmazz\u00e1k.<\/p>\n<p>B\u00e1r ezek a kifinomult technik\u00e1k t\u00f6bb id\u0151t, p\u00e9nzt \u00e9s szak\u00e9rtelmet ig\u00e9nyelnek, a lelkiismeretes termeszt\u0151k sz\u00e1m\u00e1ra sokkal nagyobb \u00e9s megb\u00edzhat\u00f3bb term\u00e9st hoznak.<\/p>\n<h3>A Psilocybe cubensis akkor v\u00e1lt k\u00fcl\u00f6n\u00f6sen ismertt\u00e9, amikor Terence McKenna \u00e9s testv\u00e9re, Dennis kiadta a Psilocybint:<\/h3>\n<p>Amikor az 1970-es \u00e9vekben visszat\u00e9rtek az Amazonas es\u0151erdej\u00e9b\u0151l, meg\u00edrt\u00e1k a The Magic Mushroom Grower's Guide c\u00edm\u0171 k\u00f6nyvet, amelyben azt \u00edg\u00e9rt\u00e9k a k\u00f6z\u00f6ns\u00e9g\u00fcknek. <a href=\"https:\/\/en.wikipedia.org\/wiki\/Psilocybe_cubensis\">Psilocybe cubensis<\/a> az egyik legk\u00f6nnyebben el\u0151\u00e1ll\u00edthat\u00f3 pszilocibintartalm\u00fa gomba volt, \u00e9s \u00faj m\u00f3dszereket k\u00edn\u00e1lt a pszilocibin gomb\u00e1k el\u0151\u00e1ll\u00edt\u00e1s\u00e1ra a m\u00e1r megl\u00e9v\u0151 technik\u00e1k alapj\u00e1n.<\/p>\n<h3>Psilocybe Cubensis sp\u00f3r\u00e1k lenyomatai<\/h3>\n<p>Gombasp\u00f3r\u00e1kb\u00f3l k\u00e9sz\u00fclt nyomatok nagy v\u00e1laszt\u00e9k\u00e1t k\u00edn\u00e1ljuk. Ahogy a k\u00e9szletet felt\u00f6ltj\u00fck, a most el\u00e9rhet\u0151 t\u00f6rzsek ingadoznak, ez\u00e9rt l\u00e1togasson el \u00fajra a friss t\u00f6rzsek\u00e9rt. A sp\u00f3ranyomatokat sp\u00f3r\u00e1s fecskend\u0151k k\u00e9sz\u00edt\u00e9s\u00e9hez vagy mikroszk\u00f3pos vizsg\u00e1latokhoz haszn\u00e1lj\u00e1k. Minden egyes gombasp\u00f3ra, amelyet a Spores 101 sz\u00e1ll\u00edt, a sz\u00e1ll\u00edt\u00e1skor 100% steril, \u00e9s \u00e9letk\u00e9pess\u00e9gi garanci\u00e1val rendelkezik.<\/p>\n<p>Kiv\u00e1l\u00f3 min\u0151s\u00e9g\u0171 gombat\u00f6rzseket k\u00edn\u00e1lunk alum\u00edniumf\u00f3li\u00e1ban az \u00d6n k\u00e9nyelme \u00e9rdek\u00e9ben.<\/p>\n<p>Psilocybe Cubensis Online v\u00e1s\u00e1rl\u00e1s<\/p>\n<p>Psilocybe Cubensis Online rendel\u00e9s<\/p>\n<p>Elad\u00f3: Psilocybe Cubensis<\/p>\n<p>Online pszichedelikus szerek v\u00e1s\u00e1rl\u00e1sa<\/p>\n<p>Pszichedelikus anyagok \u00e9rt\u00e9kes\u00edt\u00e9se<\/p>","protected":false},"excerpt":{"rendered":"<p>\u00a0Psilocybe Cubensis for Sale Leading providers of all psychedelic mushrooms for sale in the United States Psilocybin and psilocin are the main active ingredients in psilocybe cubensis, a type of hallucinogenic mushroom. Previously known as Stropharia cubensis, it is a member of the Hymenogastraceae family of fungi and is sometimes referred to as shrooms, magic &hellip;<\/p>\n<p class=\"read-more\"> <a class=\"\" href=\"https:\/\/legitgrams.com\/hu\/termek\/psilocybe-cubensis\/\"> <span class=\"screen-reader-text\">Psilocybe Cubensis online v\u00e1s\u00e1rl\u00e1sa<\/span> Olvass tov\u00e1bb \"<\/a><\/p>","protected":false},"featured_media":5244,"comment_status":"open","ping_status":"closed","template":"","meta":{"_uag_custom_page_level_css":"","site-sidebar-layout":"default","site-content-layout":"default","ast-global-header-display":"","ast-main-header-display":"","ast-hfb-above-header-display":"","ast-hfb-below-header-display":"","ast-hfb-mobile-header-display":"","site-post-title":"","ast-breadcrumbs-content":"","ast-featured-img":"","footer-sml-layout":"","theme-transparent-header-meta":"default","adv-header-id-meta":"","stick-header-meta":"default","header-above-stick-meta":"","header-main-stick-meta":"","header-below-stick-meta":"","_joinchat":[]},"product_brand":[],"product_cat":[599],"product_tag":[4050,4040,617,4032,4047,4044,4039,4037,4031,4034,4042,4033,4043,4035,4045,4052,4053,4051,4048,4049,4046,625,4038,4041,4036],"class_list":{"0":"post-3903","1":"product","2":"type-product","3":"status-publish","4":"has-post-thumbnail","6":"product_cat-psilocybin-or-magic-mushrooms","7":"product_tag-best-cheap-price-psilocybe-cubensis","8":"product_tag-best-place-to-buy-psilocybe-cubensis","9":"product_tag-bulk-online","10":"product_tag-buy-psilocybe-cubensis","11":"product_tag-cheap-psilocybe-cubensis","12":"product_tag-high-quality-psilocybe-cubensis","13":"product_tag-how-to-buy-psilocybe-cubensis","14":"product_tag-order-psilocybe-cubensis","15":"product_tag-psilocybe-cubensis","16":"product_tag-psilocybe-cubensis-for-sale","17":"product_tag-psilocybe-cubensis-legally","18":"product_tag-psilocybe-cubensis-online","19":"product_tag-psilocybe-cubensis-price","20":"product_tag-psilocybe-cubensis-psilocybe-cubensis-supplier","21":"product_tag-psilocybe-cubensis-store","22":"product_tag-psilocybe-cubensis-use","23":"product_tag-psilocybe-cubensis-wiki","24":"product_tag-psilocybe-cubensis-worldwide","25":"product_tag-psilocybe-cubensiss","26":"product_tag-purcharse-psilocybe-cubensis","27":"product_tag-shop-psilocybe-cubensis","28":"product_tag-top-quality","29":"product_tag-where-to-buy-psilocybe-cubensis","30":"product_tag-where-to-order-psilocybe-cubensis","31":"product_tag-wholesale-psilocybe-cubensis","32":"desktop-align-left","33":"tablet-align-left","34":"mobile-align-left","35":"ast-product-gallery-layout-horizontal","36":"ast-product-gallery-with-no-image","37":"ast-product-single-variable","38":"ast-product-tabs-layout-horizontal","39":"ast-qv-on-image","41":"first","42":"instock","43":"shipping-taxable","44":"purchasable","45":"product-type-variable"},"yoast_head":"<!-- This site is optimized with the Yoast SEO plugin v25.9 - https:\/\/yoast.com\/wordpress\/plugins\/seo\/ -->\n<title>Psilocybe Cubensis for Sale - Order Psilocybe Cubensis Online<\/title>\n<meta name=\"description\" content=\"Find premium Psilocybe Cubensis for sale at our online store, providing a secure platform to buy Psilocybe Cubensis online with ease, catering to your research needs. Hit your order now!\" \/>\n<meta name=\"robots\" content=\"index, follow, max-snippet:-1, max-image-preview:large, max-video-preview:-1\" \/>\n<link rel=\"canonical\" href=\"https:\/\/legitgrams.com\/hu\/termek\/psilocybe-cubensis\/\" \/>\n<meta property=\"og:locale\" content=\"hu_HU\" \/>\n<meta property=\"og:type\" content=\"article\" \/>\n<meta property=\"og:title\" content=\"Psilocybe Cubensis for Sale - Order Psilocybe Cubensis Online\" \/>\n<meta property=\"og:description\" content=\"Find premium Psilocybe Cubensis for sale at our online store, providing a secure platform to buy Psilocybe Cubensis online with ease, catering to your research needs. Hit your order now!\" \/>\n<meta property=\"og:url\" content=\"https:\/\/legitgrams.com\/hu\/termek\/psilocybe-cubensis\/\" \/>\n<meta property=\"og:site_name\" content=\"Legit Grams\" \/>\n<meta property=\"article:modified_time\" content=\"2025-04-04T13:24:17+00:00\" \/>\n<meta property=\"og:image\" content=\"https:\/\/legitgrams.com\/wp-content\/uploads\/2024\/09\/psilocybe-cubensispsilocybin-or-magic-mushrooms.jpg\" \/>\n\t<meta property=\"og:image:width\" content=\"430\" \/>\n\t<meta property=\"og:image:height\" content=\"430\" \/>\n\t<meta property=\"og:image:type\" content=\"image\/jpeg\" \/>\n<meta name=\"twitter:card\" content=\"summary_large_image\" \/>\n<meta name=\"twitter:label1\" content=\"Becs\u00fclt olvas\u00e1si id\u0151\" \/>\n\t<meta name=\"twitter:data1\" content=\"2 perc\" \/>\n<script type=\"application\/ld+json\" class=\"yoast-schema-graph\">{\"@context\":\"https:\/\/schema.org\",\"@graph\":[{\"@type\":\"WebPage\",\"@id\":\"https:\/\/legitgrams.com\/product\/psilocybe-cubensis\/\",\"url\":\"https:\/\/legitgrams.com\/product\/psilocybe-cubensis\/\",\"name\":\"Psilocybe Cubensis for Sale - Order Psilocybe Cubensis Online\",\"isPartOf\":{\"@id\":\"https:\/\/legitgrams.com\/#website\"},\"primaryImageOfPage\":{\"@id\":\"https:\/\/legitgrams.com\/product\/psilocybe-cubensis\/#primaryimage\"},\"image\":{\"@id\":\"https:\/\/legitgrams.com\/product\/psilocybe-cubensis\/#primaryimage\"},\"thumbnailUrl\":\"https:\/\/legitgrams.com\/wp-content\/uploads\/2024\/09\/psilocybe-cubensispsilocybin-or-magic-mushrooms.jpg\",\"datePublished\":\"2024-09-20T10:44:22+00:00\",\"dateModified\":\"2025-04-04T13:24:17+00:00\",\"description\":\"Find premium Psilocybe Cubensis for sale at our online store, providing a secure platform to buy Psilocybe Cubensis online with ease, catering to your research needs. Hit your order now!\",\"breadcrumb\":{\"@id\":\"https:\/\/legitgrams.com\/product\/psilocybe-cubensis\/#breadcrumb\"},\"inLanguage\":\"hu\",\"potentialAction\":[{\"@type\":\"ReadAction\",\"target\":[\"https:\/\/legitgrams.com\/product\/psilocybe-cubensis\/\"]}]},{\"@type\":\"ImageObject\",\"inLanguage\":\"hu\",\"@id\":\"https:\/\/legitgrams.com\/product\/psilocybe-cubensis\/#primaryimage\",\"url\":\"https:\/\/legitgrams.com\/wp-content\/uploads\/2024\/09\/psilocybe-cubensispsilocybin-or-magic-mushrooms.jpg\",\"contentUrl\":\"https:\/\/legitgrams.com\/wp-content\/uploads\/2024\/09\/psilocybe-cubensispsilocybin-or-magic-mushrooms.jpg\",\"width\":430,\"height\":430,\"caption\":\"Psilocybe Cubensis for Sale\"},{\"@type\":\"BreadcrumbList\",\"@id\":\"https:\/\/legitgrams.com\/product\/psilocybe-cubensis\/#breadcrumb\",\"itemListElement\":[{\"@type\":\"ListItem\",\"position\":1,\"name\":\"Home\",\"item\":\"https:\/\/legitgrams.com\/\"},{\"@type\":\"ListItem\",\"position\":2,\"name\":\"Shop\",\"item\":\"https:\/\/legitgrams.com\/shop\/\"},{\"@type\":\"ListItem\",\"position\":3,\"name\":\"Buy Psilocybe Cubensis Online\"}]},{\"@type\":\"WebSite\",\"@id\":\"https:\/\/legitgrams.com\/#website\",\"url\":\"https:\/\/legitgrams.com\/\",\"name\":\"Legit Grams\",\"description\":\"My WordPress Blog\",\"publisher\":{\"@id\":\"https:\/\/legitgrams.com\/#organization\"},\"potentialAction\":[{\"@type\":\"SearchAction\",\"target\":{\"@type\":\"EntryPoint\",\"urlTemplate\":\"https:\/\/legitgrams.com\/?s={search_term_string}\"},\"query-input\":{\"@type\":\"PropertyValueSpecification\",\"valueRequired\":true,\"valueName\":\"search_term_string\"}}],\"inLanguage\":\"hu\"},{\"@type\":\"Organization\",\"@id\":\"https:\/\/legitgrams.com\/#organization\",\"name\":\"Legit Grams\",\"url\":\"https:\/\/legitgrams.com\/\",\"logo\":{\"@type\":\"ImageObject\",\"inLanguage\":\"hu\",\"@id\":\"https:\/\/legitgrams.com\/#\/schema\/logo\/image\/\",\"url\":\"https:\/\/legitgrams.com\/wp-content\/uploads\/2024\/09\/main-logo.png\",\"contentUrl\":\"https:\/\/legitgrams.com\/wp-content\/uploads\/2024\/09\/main-logo.png\",\"width\":270,\"height\":75,\"caption\":\"Legit Grams\"},\"image\":{\"@id\":\"https:\/\/legitgrams.com\/#\/schema\/logo\/image\/\"}}]}<\/script>\n<!-- \/ Yoast SEO plugin. -->","yoast_head_json":{"title":"Psilocybe Cubensis elad\u00f3 - Psilocybe Cubensis rendel\u00e9se online","description":"Tal\u00e1lja meg a pr\u00e9mium Psilocybe Cubensis elad\u00f3 online \u00e1ruh\u00e1zunkban, amely biztons\u00e1gos platformot biztos\u00edt a Psilocybe Cubensis online v\u00e1s\u00e1rl\u00e1s\u00e1hoz, k\u00f6nnyed\u00e9n, az \u00d6n kutat\u00e1si ig\u00e9nyeinek kiel\u00e9g\u00edt\u00e9s\u00e9re. \u00dcsse le a rendel\u00e9st most!","robots":{"index":"index","follow":"follow","max-snippet":"max-snippet:-1","max-image-preview":"max-image-preview:large","max-video-preview":"max-video-preview:-1"},"canonical":"https:\/\/legitgrams.com\/hu\/termek\/psilocybe-cubensis\/","og_locale":"hu_HU","og_type":"article","og_title":"Psilocybe Cubensis for Sale - Order Psilocybe Cubensis Online","og_description":"Find premium Psilocybe Cubensis for sale at our online store, providing a secure platform to buy Psilocybe Cubensis online with ease, catering to your research needs. Hit your order now!","og_url":"https:\/\/legitgrams.com\/hu\/termek\/psilocybe-cubensis\/","og_site_name":"Legit Grams","article_modified_time":"2025-04-04T13:24:17+00:00","og_image":[{"width":430,"height":430,"url":"https:\/\/legitgrams.com\/wp-content\/uploads\/2024\/09\/psilocybe-cubensispsilocybin-or-magic-mushrooms.jpg","type":"image\/jpeg"}],"twitter_card":"summary_large_image","twitter_misc":{"Becs\u00fclt olvas\u00e1si id\u0151":"2 perc"},"schema":{"@context":"https:\/\/schema.org","@graph":[{"@type":"WebPage","@id":"https:\/\/legitgrams.com\/product\/psilocybe-cubensis\/","url":"https:\/\/legitgrams.com\/product\/psilocybe-cubensis\/","name":"Psilocybe Cubensis elad\u00f3 - Psilocybe Cubensis rendel\u00e9se online","isPartOf":{"@id":"https:\/\/legitgrams.com\/#website"},"primaryImageOfPage":{"@id":"https:\/\/legitgrams.com\/product\/psilocybe-cubensis\/#primaryimage"},"image":{"@id":"https:\/\/legitgrams.com\/product\/psilocybe-cubensis\/#primaryimage"},"thumbnailUrl":"https:\/\/legitgrams.com\/wp-content\/uploads\/2024\/09\/psilocybe-cubensispsilocybin-or-magic-mushrooms.jpg","datePublished":"2024-09-20T10:44:22+00:00","dateModified":"2025-04-04T13:24:17+00:00","description":"Tal\u00e1lja meg a pr\u00e9mium Psilocybe Cubensis elad\u00f3 online \u00e1ruh\u00e1zunkban, amely biztons\u00e1gos platformot biztos\u00edt a Psilocybe Cubensis online v\u00e1s\u00e1rl\u00e1s\u00e1hoz, k\u00f6nnyed\u00e9n, az \u00d6n kutat\u00e1si ig\u00e9nyeinek kiel\u00e9g\u00edt\u00e9s\u00e9re. \u00dcsse le a rendel\u00e9st most!","breadcrumb":{"@id":"https:\/\/legitgrams.com\/product\/psilocybe-cubensis\/#breadcrumb"},"inLanguage":"hu","potentialAction":[{"@type":"ReadAction","target":["https:\/\/legitgrams.com\/product\/psilocybe-cubensis\/"]}]},{"@type":"ImageObject","inLanguage":"hu","@id":"https:\/\/legitgrams.com\/product\/psilocybe-cubensis\/#primaryimage","url":"https:\/\/legitgrams.com\/wp-content\/uploads\/2024\/09\/psilocybe-cubensispsilocybin-or-magic-mushrooms.jpg","contentUrl":"https:\/\/legitgrams.com\/wp-content\/uploads\/2024\/09\/psilocybe-cubensispsilocybin-or-magic-mushrooms.jpg","width":430,"height":430,"caption":"Psilocybe Cubensis for Sale"},{"@type":"BreadcrumbList","@id":"https:\/\/legitgrams.com\/product\/psilocybe-cubensis\/#breadcrumb","itemListElement":[{"@type":"ListItem","position":1,"name":"Home","item":"https:\/\/legitgrams.com\/"},{"@type":"ListItem","position":2,"name":"Shop","item":"https:\/\/legitgrams.com\/shop\/"},{"@type":"ListItem","position":3,"name":"Buy Psilocybe Cubensis Online"}]},{"@type":"WebSite","@id":"https:\/\/legitgrams.com\/#website","url":"https:\/\/legitgrams.com\/","name":"Legit Grams","description":"Az \u00e9n WordPress blogom","publisher":{"@id":"https:\/\/legitgrams.com\/#organization"},"potentialAction":[{"@type":"SearchAction","target":{"@type":"EntryPoint","urlTemplate":"https:\/\/legitgrams.com\/?s={search_term_string}"},"query-input":{"@type":"PropertyValueSpecification","valueRequired":true,"valueName":"search_term_string"}}],"inLanguage":"hu"},{"@type":"Organization","@id":"https:\/\/legitgrams.com\/#organization","name":"Legit Grams","url":"https:\/\/legitgrams.com\/","logo":{"@type":"ImageObject","inLanguage":"hu","@id":"https:\/\/legitgrams.com\/#\/schema\/logo\/image\/","url":"https:\/\/legitgrams.com\/wp-content\/uploads\/2024\/09\/main-logo.png","contentUrl":"https:\/\/legitgrams.com\/wp-content\/uploads\/2024\/09\/main-logo.png","width":270,"height":75,"caption":"Legit Grams"},"image":{"@id":"https:\/\/legitgrams.com\/#\/schema\/logo\/image\/"}}]}},"uagb_featured_image_src":{"full":["https:\/\/legitgrams.com\/wp-content\/uploads\/2024\/09\/psilocybe-cubensispsilocybin-or-magic-mushrooms.jpg",430,430,false],"thumbnail":["https:\/\/legitgrams.com\/wp-content\/uploads\/2024\/09\/psilocybe-cubensispsilocybin-or-magic-mushrooms-150x150.jpg",150,150,true],"medium":["https:\/\/legitgrams.com\/wp-content\/uploads\/2024\/09\/psilocybe-cubensispsilocybin-or-magic-mushrooms-300x300.jpg",300,300,true],"medium_large":["https:\/\/legitgrams.com\/wp-content\/uploads\/2024\/09\/psilocybe-cubensispsilocybin-or-magic-mushrooms.jpg",430,430,false],"large":["https:\/\/legitgrams.com\/wp-content\/uploads\/2024\/09\/psilocybe-cubensispsilocybin-or-magic-mushrooms.jpg",430,430,false],"1536x1536":["https:\/\/legitgrams.com\/wp-content\/uploads\/2024\/09\/psilocybe-cubensispsilocybin-or-magic-mushrooms.jpg",430,430,false],"2048x2048":["https:\/\/legitgrams.com\/wp-content\/uploads\/2024\/09\/psilocybe-cubensispsilocybin-or-magic-mushrooms.jpg",430,430,false],"trp-custom-language-flag":["https:\/\/legitgrams.com\/wp-content\/uploads\/2024\/09\/psilocybe-cubensispsilocybin-or-magic-mushrooms-12x12.jpg",12,12,true],"woocommerce_thumbnail":["https:\/\/legitgrams.com\/wp-content\/uploads\/2024\/09\/psilocybe-cubensispsilocybin-or-magic-mushrooms-300x300.jpg",300,300,true],"woocommerce_single":["https:\/\/legitgrams.com\/wp-content\/uploads\/2024\/09\/psilocybe-cubensispsilocybin-or-magic-mushrooms.jpg",430,430,false],"woocommerce_gallery_thumbnail":["https:\/\/legitgrams.com\/wp-content\/uploads\/2024\/09\/psilocybe-cubensispsilocybin-or-magic-mushrooms-100x100.jpg",100,100,true]},"uagb_author_info":{"display_name":"cokeblog18","author_link":"https:\/\/legitgrams.com\/hu\/author\/"},"uagb_comment_info":8,"uagb_excerpt":"\u00a0Psilocybe Cubensis for Sale Leading providers of all psychedelic mushrooms for sale in the United States Psilocybin and psilocin are the main active ingredients in psilocybe cubensis, a type of hallucinogenic mushroom. Previously known as Stropharia cubensis, it is a member of the Hymenogastraceae family of fungi and is sometimes referred to as shrooms, magic&hellip;","_links":{"self":[{"href":"https:\/\/legitgrams.com\/hu\/wp-json\/wp\/v2\/product\/3903","targetHints":{"allow":["GET"]}}],"collection":[{"href":"https:\/\/legitgrams.com\/hu\/wp-json\/wp\/v2\/product"}],"about":[{"href":"https:\/\/legitgrams.com\/hu\/wp-json\/wp\/v2\/types\/product"}],"replies":[{"embeddable":true,"href":"https:\/\/legitgrams.com\/hu\/wp-json\/wp\/v2\/comments?post=3903"}],"wp:featuredmedia":[{"embeddable":true,"href":"https:\/\/legitgrams.com\/hu\/wp-json\/wp\/v2\/media\/5244"}],"wp:attachment":[{"href":"https:\/\/legitgrams.com\/hu\/wp-json\/wp\/v2\/media?parent=3903"}],"wp:term":[{"taxonomy":"product_brand","embeddable":true,"href":"https:\/\/legitgrams.com\/hu\/wp-json\/wp\/v2\/product_brand?post=3903"},{"taxonomy":"product_cat","embeddable":true,"href":"https:\/\/legitgrams.com\/hu\/wp-json\/wp\/v2\/product_cat?post=3903"},{"taxonomy":"product_tag","embeddable":true,"href":"https:\/\/legitgrams.com\/hu\/wp-json\/wp\/v2\/product_tag?post=3903"}],"curies":[{"name":"wp","href":"https:\/\/api.w.org\/{rel}","templated":true}]}}