{"id":3914,"date":"2024-09-20T10:58:24","date_gmt":"2024-09-20T10:58:24","guid":{"rendered":"https:\/\/legitgrams.com\/?post_type=product&#038;p=3914"},"modified":"2025-04-04T13:10:20","modified_gmt":"2025-04-04T13:10:20","slug":"elefantcsont-hullam-furdoso","status":"publish","type":"product","link":"https:\/\/legitgrams.com\/hu\/termek\/elefantcsont-hullam-furdoso\/","title":{"rendered":"Ivory Wave f\u00fcrd\u0151s\u00f3 online v\u00e1s\u00e1rl\u00e1sa"},"content":{"rendered":"<h2>Ivory Wave f\u00fcrd\u0151s\u00f3: V\u00e1s\u00e1roljon online<\/h2>\n<p>A \" kifejez\u00e9s<a href=\"https:\/\/legitgrams.com\/hu\/termek\/elefantcsont-hullam-furdoso\/\">f\u00fcrd\u0151s\u00f3<\/a>\u201d, vagy gy\u00e1rtott katinon, olyan gy\u00f3gyszerek csoportj\u00e1ra utal, amelyek legal\u00e1bb egy laborat\u00f3riumban el\u0151\u00e1ll\u00edtott szintetikus katinonszer\u0171 molekul\u00e1t tartalmaznak. A Kelet-Afrik\u00e1ban \u00e9s D\u00e9l-Ar\u00e1bi\u00e1ban term\u0151 khat n\u00f6v\u00e9ny \u00e1ltal\u00e1ban ftalon nev\u0171 energiz\u00e1l\u00f3szert tartalmaz.<\/p>\n<p>Cathinone shares synthetic similarities with other amphetamines, including methamphetamine, and <a href=\"https:\/\/www.bing.com\/search?q=Buy%20Ivory%20Wave%20Bath%20Salt%20Online&amp;qs=n&amp;form=QBRE&amp;sp=-1&amp;ghc=1&amp;lq=0&amp;pq=buy%20ivory%20wave%20bath%20salt%20online&amp;sc=12-31&amp;sk=&amp;cvid=0C975C71ABDF4EDB9B93F2A54F6A717D&amp;ghsh=0&amp;ghacc=0&amp;ghpl=\">MDMA (Ecstasy vagy Molly)<\/a>Sok m\u00e1s szintetikus katinon mellett a \u201ef\u00fcrd\u0151s\u00f3k\u201d mefedront (m\u00e1s n\u00e9ven Drone, Meph vagy Meow), metilont \u00e9s 3,4-metil\u00e9ndioxipirovaleront (MDPV) tartalmaznak. Ez a mesters\u00e9ges katinon sokkal er\u0151sebb \u00e9s negat\u00edvabb k\u00f6vetkezm\u00e9nyekkel j\u00e1rhat, mint a n\u00f6v\u00e9nyi \u00f6sszetev\u0151. <a href=\"https:\/\/legitgrams.com\/hu\/\">LegitGrams<\/a><\/p>\n<p>A \u201ef\u00fcrd\u0151s\u00f3k\u201d jellemz\u0151en feh\u00e9r vagy f\u00f6ldes por\u00edtott dr\u00e1gak\u00f6vek, amelyeket kis f\u00f3li\u00e1ban vagy m\u0171anyag tart\u00e1lyokban sz\u00e1ll\u00edtanak, amelyeken \u201eEmberi fogyaszt\u00e1sra nem alkalmas\u201d. M\u00e1s elnevez\u00e9s\u00fck a \u201en\u00f6v\u00e9nyi t\u00e1pl\u00e1l\u00e9k\u201d, a \u201etiszt\u00e1bb telefonk\u00e9perny\u0151\u201d \u00e9s a \u201etiszt\u00e1bb dr\u00e1gak\u0151\u201d. Megv\u00e1s\u00e1rolhat\u00f3k az interneten \u00e9s a gy\u00f3gyszert\u00e1rakban. Ezeknek a neveknek vagy \u00e1br\u00e1zol\u00e1soknak semmi k\u00f6z\u00fck a t\u00e9nyleges objektumhoz. A k\u00e1b\u00edt\u00f3szer-gy\u00e1rt\u00f3k arra haszn\u00e1lj\u00e1k, hogy elker\u00fclj\u00e9k, hogy a K\u00e1b\u00edt\u00f3szer-ellen\u0151rz\u00e9si Hat\u00f3s\u00e1g vagy a helyi b\u0171n\u00fcld\u00f6z\u0151 szervek felfedezz\u00e9k \u0151ket.<\/p>\n<p><a href=\"https:\/\/www.google.com\/search?q=Buy+Ivory+Wave+Bath+Salt+Online&amp;num=10&amp;sca_esv=1a2a07081c7891bb&amp;rlz=1C1RXQR_enIN1098IN1098&amp;sxsrf=AHTn8zouBqCTsZoGYMdym_fK7u00l4aaKw%3A1741162357846&amp;ei=dQfIZ_uzM_KNseMPnMz04Ac&amp;ved=0ahUKEwi7wteev_KLAxXyRmwGHRwmHXwQ4dUDCBA&amp;uact=5&amp;oq=Buy+Ivory+Wave+Bath+Salt+Online&amp;gs_lp=Egxnd3Mtd2l6LXNlcnAiH0J1eSBJdm9yeSBXYXZlIEJhdGggU2FsdCBPbmxpbmVIlwZQ1wJY1wJwAngAkAEAmAGpAqABqQKqAQMyLTG4AQPIAQD4AQL4AQGYAgCgAgCYAwCIBgGSBwCgB9wB&amp;sclient=gws-wiz-serp\">Epsom s\u00f3k<\/a>, the original bath salts that are added to water to help relieve pressure and relax muscles, should not be confused with the lab-produced cathinone drugs sold as &#8220;bath salts.&#8221; Epsom salts are made up of the minerals magnesium and sulfate.<\/p>\n<p>Esetenk\u00e9nt a \u201ef\u00fcrd\u0151s\u00f3kat\u201d m\u00e1s anyagok, p\u00e9ld\u00e1ul MDMA (ecstasy vagy Molly) vagy kokain gyeng\u00e9d helyettes\u00edt\u0151jek\u00e9nt rekl\u00e1mozz\u00e1k. Egyes helyeken a Molly n\u00e9ven \u00e1rus\u00edtott tart\u00e1lyokban az MDMA helyett a metilnt, a \u201ef\u00fcrd\u0151s\u00f3k\u201d n\u00e9pszer\u0171 \u00f6sszetev\u0151j\u00e9t helyettes\u00edtett\u00e9k. Laborat\u00f3riumi vizsg\u00e1lat n\u00e9lk\u00fcl teljesen lehetetlen meg\u00e1llap\u00edtani a \u201ef\u00fcrd\u0151s\u00f3k\u201d mint\u00e1j\u00e1nak pontos \u00f6sszet\u00e9tel\u00e9t.<\/p>\n<h3>A \u201ef\u00fcrd\u0151s\u00f3k\u201d haszn\u00e1lata<\/h3>\n<p>&#8220;<a href=\"https:\/\/duckduckgo.com\/?q=Buy+Ivory+Wave+Bath+Salt+Online&amp;t=h_&amp;ia=web\">Bath salts<\/a>&#8221; are usually administered by needle injection, inhalation, swallowing, or grunting through the nose. Infusing or grunting is the most harmful.<\/p>\n<h3>A \u201ef\u00fcrd\u0151s\u00f3k\u201d betilt\u00e1sa<\/h3>\n<p>Tudja meg, hogyan v\u00e1s\u00e1rolhat Lvory Wave-et <a href=\"https:\/\/en.wikipedia.org\/wiki\/Bath_salts\">F\u00fcrd\u0151 s\u00f3<\/a> online, Lvory Wave f\u00fcrd\u0151s\u00f3 v\u00e1s\u00e1rl\u00e1sa, f\u00fcrd\u0151s\u00f3 v\u00e1s\u00e1rl\u00e1sa online , online v\u00e1s\u00e1rl\u00e1s, elad\u00f3k, biztons\u00e1gos sz\u00e1ll\u00edt\u00e1s, Lvory Wave f\u00fcrd\u0151s\u00f3 tov\u00e1bbra is el\u00e9rhet\u0151. Azt is megk\u00e9rdezheti, hogy el\u00e9rhet\u0151-e Kanad\u00e1ban, hogyan lehet hozz\u00e1jutni, \u00e9s hogy leg\u00e1lis-e az Egyes\u00fclt \u00c1llamokban.<\/p>\n<h2><\/h2>\n<h2><\/h2>\n<p>&nbsp;<\/p>","protected":false},"excerpt":{"rendered":"<p>Ivory Wave Bath Salt: Purchase Online The term &#8220;bath salts,&#8221; or manufactured cathinone, refers to a class of medications that include at least one synthetic cathinone-like molecule produced in a lab. The khat plant, which grows in East Africa and southern Arabia, usually contains an energizer called phthalone. Cathinone shares synthetic similarities with other amphetamines, &hellip;<\/p>\n<p class=\"read-more\"> <a class=\"\" href=\"https:\/\/legitgrams.com\/hu\/termek\/elefantcsont-hullam-furdoso\/\"> <span class=\"screen-reader-text\">Ivory Wave f\u00fcrd\u0151s\u00f3 online v\u00e1s\u00e1rl\u00e1sa<\/span> Olvass tov\u00e1bb \"<\/a><\/p>","protected":false},"featured_media":5281,"comment_status":"open","ping_status":"closed","template":"","meta":{"_uag_custom_page_level_css":"","site-sidebar-layout":"default","site-content-layout":"default","ast-global-header-display":"","ast-main-header-display":"","ast-hfb-above-header-display":"","ast-hfb-below-header-display":"","ast-hfb-mobile-header-display":"","site-post-title":"","ast-breadcrumbs-content":"","ast-featured-img":"","footer-sml-layout":"","theme-transparent-header-meta":"default","adv-header-id-meta":"","stick-header-meta":"default","header-above-stick-meta":"","header-main-stick-meta":"","header-below-stick-meta":"","_joinchat":[]},"product_brand":[],"product_cat":[600],"product_tag":[3958,3948,617,3940,3955,3952,3947,3939,3942,3943,3950,3941,3951,3953,3960,3961,3959,3956,3945,3957,3954,625,3946,3949,3944],"class_list":{"0":"post-3914","1":"product","2":"type-product","3":"status-publish","4":"has-post-thumbnail","6":"product_cat-research-chemicals-and-bath-salt","7":"product_tag-best-cheap-price-ivory-wave-bath-salt","8":"product_tag-best-place-to-buy-ivory-wave-bath-salt","9":"product_tag-bulk-online","10":"product_tag-buy-ivory-wave-bath-salt","11":"product_tag-cheap-ivory-wave-bath-salt","12":"product_tag-high-quality-ivory-wave-bath-salt","13":"product_tag-how-to-buy-ivory-wave-bath-salt","14":"product_tag-ivory-wave-bath-salt","15":"product_tag-ivory-wave-bath-salt-for-sale","16":"product_tag-ivory-wave-bath-salt-ivory-wave-bath-salt-supplier","17":"product_tag-ivory-wave-bath-salt-legally","18":"product_tag-ivory-wave-bath-salt-online","19":"product_tag-ivory-wave-bath-salt-price","20":"product_tag-ivory-wave-bath-salt-store","21":"product_tag-ivory-wave-bath-salt-use","22":"product_tag-ivory-wave-bath-salt-wiki","23":"product_tag-ivory-wave-bath-salt-worldwide","24":"product_tag-ivory-wave-bath-salts","25":"product_tag-order-ivory-wave-bath-salt","26":"product_tag-purcharse-ivory-wave-bath-salt","27":"product_tag-shop-ivory-wave-bath-salt","28":"product_tag-top-quality","29":"product_tag-where-to-buy-ivory-wave-bath-salt","30":"product_tag-where-to-order-ivory-wave-bath-salt","31":"product_tag-wholesale-ivory-wave-bath-salt","32":"desktop-align-left","33":"tablet-align-left","34":"mobile-align-left","35":"ast-product-gallery-layout-horizontal","36":"ast-product-gallery-with-no-image","37":"ast-product-single-variable","38":"ast-product-tabs-layout-horizontal","39":"ast-qv-on-image","41":"first","42":"instock","43":"shipping-taxable","44":"purchasable","45":"product-type-variable"},"yoast_head":"<!-- This site is optimized with the Yoast SEO plugin v25.9 - https:\/\/yoast.com\/wordpress\/plugins\/seo\/ -->\n<title>Ivory Wave Bath Salt for Sale - Buy Ivory Wave Bath Salt Online<\/title>\n<meta name=\"description\" content=\"Explore our online store for Ivory Wave Bath Salt for sale, offering high-quality Ivory Wave Bath Salt. Buy Ivory Wave Bath Salt online securely and embark on your research journey with confidence.\" \/>\n<meta name=\"robots\" content=\"index, follow, max-snippet:-1, max-image-preview:large, max-video-preview:-1\" \/>\n<link rel=\"canonical\" href=\"https:\/\/legitgrams.com\/hu\/termek\/elefantcsont-hullam-furdoso\/\" \/>\n<meta property=\"og:locale\" content=\"hu_HU\" \/>\n<meta property=\"og:type\" content=\"article\" \/>\n<meta property=\"og:title\" content=\"Ivory Wave Bath Salt for Sale - Buy Ivory Wave Bath Salt Online\" \/>\n<meta property=\"og:description\" content=\"Explore our online store for Ivory Wave Bath Salt for sale, offering high-quality Ivory Wave Bath Salt. Buy Ivory Wave Bath Salt online securely and embark on your research journey with confidence.\" \/>\n<meta property=\"og:url\" content=\"https:\/\/legitgrams.com\/hu\/termek\/elefantcsont-hullam-furdoso\/\" \/>\n<meta property=\"og:site_name\" content=\"Legit Grams\" \/>\n<meta property=\"article:modified_time\" content=\"2025-04-04T13:10:20+00:00\" \/>\n<meta property=\"og:image\" content=\"https:\/\/legitgrams.com\/wp-content\/uploads\/2024\/09\/Buy-Lvory-Wave-Bath-Salt-Online.jpg\" \/>\n\t<meta property=\"og:image:width\" content=\"600\" \/>\n\t<meta property=\"og:image:height\" content=\"600\" \/>\n\t<meta property=\"og:image:type\" content=\"image\/jpeg\" \/>\n<meta name=\"twitter:card\" content=\"summary_large_image\" \/>\n<meta name=\"twitter:label1\" content=\"Becs\u00fclt olvas\u00e1si id\u0151\" \/>\n\t<meta name=\"twitter:data1\" content=\"2 perc\" \/>\n<script type=\"application\/ld+json\" class=\"yoast-schema-graph\">{\"@context\":\"https:\/\/schema.org\",\"@graph\":[{\"@type\":\"WebPage\",\"@id\":\"https:\/\/legitgrams.com\/product\/ivory-wave-bath-salt\/\",\"url\":\"https:\/\/legitgrams.com\/product\/ivory-wave-bath-salt\/\",\"name\":\"Ivory Wave Bath Salt for Sale - Buy Ivory Wave Bath Salt Online\",\"isPartOf\":{\"@id\":\"https:\/\/legitgrams.com\/#website\"},\"primaryImageOfPage\":{\"@id\":\"https:\/\/legitgrams.com\/product\/ivory-wave-bath-salt\/#primaryimage\"},\"image\":{\"@id\":\"https:\/\/legitgrams.com\/product\/ivory-wave-bath-salt\/#primaryimage\"},\"thumbnailUrl\":\"https:\/\/legitgrams.com\/wp-content\/uploads\/2024\/09\/Buy-Lvory-Wave-Bath-Salt-Online.jpg\",\"datePublished\":\"2024-09-20T10:58:24+00:00\",\"dateModified\":\"2025-04-04T13:10:20+00:00\",\"description\":\"Explore our online store for Ivory Wave Bath Salt for sale, offering high-quality Ivory Wave Bath Salt. Buy Ivory Wave Bath Salt online securely and embark on your research journey with confidence.\",\"breadcrumb\":{\"@id\":\"https:\/\/legitgrams.com\/product\/ivory-wave-bath-salt\/#breadcrumb\"},\"inLanguage\":\"hu\",\"potentialAction\":[{\"@type\":\"ReadAction\",\"target\":[\"https:\/\/legitgrams.com\/product\/ivory-wave-bath-salt\/\"]}]},{\"@type\":\"ImageObject\",\"inLanguage\":\"hu\",\"@id\":\"https:\/\/legitgrams.com\/product\/ivory-wave-bath-salt\/#primaryimage\",\"url\":\"https:\/\/legitgrams.com\/wp-content\/uploads\/2024\/09\/Buy-Lvory-Wave-Bath-Salt-Online.jpg\",\"contentUrl\":\"https:\/\/legitgrams.com\/wp-content\/uploads\/2024\/09\/Buy-Lvory-Wave-Bath-Salt-Online.jpg\",\"width\":600,\"height\":600,\"caption\":\"Ivory Wave Bath Salt for Sale\"},{\"@type\":\"BreadcrumbList\",\"@id\":\"https:\/\/legitgrams.com\/product\/ivory-wave-bath-salt\/#breadcrumb\",\"itemListElement\":[{\"@type\":\"ListItem\",\"position\":1,\"name\":\"Home\",\"item\":\"https:\/\/legitgrams.com\/\"},{\"@type\":\"ListItem\",\"position\":2,\"name\":\"Shop\",\"item\":\"https:\/\/legitgrams.com\/shop\/\"},{\"@type\":\"ListItem\",\"position\":3,\"name\":\"Buy Ivory Wave Bath Salt Online\"}]},{\"@type\":\"WebSite\",\"@id\":\"https:\/\/legitgrams.com\/#website\",\"url\":\"https:\/\/legitgrams.com\/\",\"name\":\"Legit Grams\",\"description\":\"My WordPress Blog\",\"publisher\":{\"@id\":\"https:\/\/legitgrams.com\/#organization\"},\"potentialAction\":[{\"@type\":\"SearchAction\",\"target\":{\"@type\":\"EntryPoint\",\"urlTemplate\":\"https:\/\/legitgrams.com\/?s={search_term_string}\"},\"query-input\":{\"@type\":\"PropertyValueSpecification\",\"valueRequired\":true,\"valueName\":\"search_term_string\"}}],\"inLanguage\":\"hu\"},{\"@type\":\"Organization\",\"@id\":\"https:\/\/legitgrams.com\/#organization\",\"name\":\"Legit Grams\",\"url\":\"https:\/\/legitgrams.com\/\",\"logo\":{\"@type\":\"ImageObject\",\"inLanguage\":\"hu\",\"@id\":\"https:\/\/legitgrams.com\/#\/schema\/logo\/image\/\",\"url\":\"https:\/\/legitgrams.com\/wp-content\/uploads\/2024\/09\/main-logo.png\",\"contentUrl\":\"https:\/\/legitgrams.com\/wp-content\/uploads\/2024\/09\/main-logo.png\",\"width\":270,\"height\":75,\"caption\":\"Legit Grams\"},\"image\":{\"@id\":\"https:\/\/legitgrams.com\/#\/schema\/logo\/image\/\"}}]}<\/script>\n<!-- \/ Yoast SEO plugin. -->","yoast_head_json":{"title":"Ivory Wave f\u00fcrd\u0151s\u00f3 elad\u00f3 - Ivory Wave f\u00fcrd\u0151s\u00f3 online v\u00e1s\u00e1rl\u00e1sa","description":"Fedezze fel online \u00e1ruh\u00e1zunkban elad\u00f3 Elef\u00e1ntcsont hull\u00e1m f\u00fcrd\u0151s\u00f3, amely kiv\u00e1l\u00f3 min\u0151s\u00e9g\u0171 Elef\u00e1ntcsont hull\u00e1m f\u00fcrd\u0151s\u00f3t k\u00edn\u00e1l. V\u00e1s\u00e1roljon Ivory Wave f\u00fcrd\u0151s\u00f3t online biztons\u00e1gosan, \u00e9s induljon el a kutat\u00e1si \u00fatra magabiztosan.","robots":{"index":"index","follow":"follow","max-snippet":"max-snippet:-1","max-image-preview":"max-image-preview:large","max-video-preview":"max-video-preview:-1"},"canonical":"https:\/\/legitgrams.com\/hu\/termek\/elefantcsont-hullam-furdoso\/","og_locale":"hu_HU","og_type":"article","og_title":"Ivory Wave Bath Salt for Sale - Buy Ivory Wave Bath Salt Online","og_description":"Explore our online store for Ivory Wave Bath Salt for sale, offering high-quality Ivory Wave Bath Salt. Buy Ivory Wave Bath Salt online securely and embark on your research journey with confidence.","og_url":"https:\/\/legitgrams.com\/hu\/termek\/elefantcsont-hullam-furdoso\/","og_site_name":"Legit Grams","article_modified_time":"2025-04-04T13:10:20+00:00","og_image":[{"width":600,"height":600,"url":"https:\/\/legitgrams.com\/wp-content\/uploads\/2024\/09\/Buy-Lvory-Wave-Bath-Salt-Online.jpg","type":"image\/jpeg"}],"twitter_card":"summary_large_image","twitter_misc":{"Becs\u00fclt olvas\u00e1si id\u0151":"2 perc"},"schema":{"@context":"https:\/\/schema.org","@graph":[{"@type":"WebPage","@id":"https:\/\/legitgrams.com\/product\/ivory-wave-bath-salt\/","url":"https:\/\/legitgrams.com\/product\/ivory-wave-bath-salt\/","name":"Ivory Wave f\u00fcrd\u0151s\u00f3 elad\u00f3 - Ivory Wave f\u00fcrd\u0151s\u00f3 online v\u00e1s\u00e1rl\u00e1sa","isPartOf":{"@id":"https:\/\/legitgrams.com\/#website"},"primaryImageOfPage":{"@id":"https:\/\/legitgrams.com\/product\/ivory-wave-bath-salt\/#primaryimage"},"image":{"@id":"https:\/\/legitgrams.com\/product\/ivory-wave-bath-salt\/#primaryimage"},"thumbnailUrl":"https:\/\/legitgrams.com\/wp-content\/uploads\/2024\/09\/Buy-Lvory-Wave-Bath-Salt-Online.jpg","datePublished":"2024-09-20T10:58:24+00:00","dateModified":"2025-04-04T13:10:20+00:00","description":"Fedezze fel online \u00e1ruh\u00e1zunkban elad\u00f3 Elef\u00e1ntcsont hull\u00e1m f\u00fcrd\u0151s\u00f3, amely kiv\u00e1l\u00f3 min\u0151s\u00e9g\u0171 Elef\u00e1ntcsont hull\u00e1m f\u00fcrd\u0151s\u00f3t k\u00edn\u00e1l. V\u00e1s\u00e1roljon Ivory Wave f\u00fcrd\u0151s\u00f3t online biztons\u00e1gosan, \u00e9s induljon el a kutat\u00e1si \u00fatra magabiztosan.","breadcrumb":{"@id":"https:\/\/legitgrams.com\/product\/ivory-wave-bath-salt\/#breadcrumb"},"inLanguage":"hu","potentialAction":[{"@type":"ReadAction","target":["https:\/\/legitgrams.com\/product\/ivory-wave-bath-salt\/"]}]},{"@type":"ImageObject","inLanguage":"hu","@id":"https:\/\/legitgrams.com\/product\/ivory-wave-bath-salt\/#primaryimage","url":"https:\/\/legitgrams.com\/wp-content\/uploads\/2024\/09\/Buy-Lvory-Wave-Bath-Salt-Online.jpg","contentUrl":"https:\/\/legitgrams.com\/wp-content\/uploads\/2024\/09\/Buy-Lvory-Wave-Bath-Salt-Online.jpg","width":600,"height":600,"caption":"Ivory Wave Bath Salt for Sale"},{"@type":"BreadcrumbList","@id":"https:\/\/legitgrams.com\/product\/ivory-wave-bath-salt\/#breadcrumb","itemListElement":[{"@type":"ListItem","position":1,"name":"Home","item":"https:\/\/legitgrams.com\/"},{"@type":"ListItem","position":2,"name":"Shop","item":"https:\/\/legitgrams.com\/shop\/"},{"@type":"ListItem","position":3,"name":"Buy Ivory Wave Bath Salt Online"}]},{"@type":"WebSite","@id":"https:\/\/legitgrams.com\/#website","url":"https:\/\/legitgrams.com\/","name":"Legit Grams","description":"Az \u00e9n WordPress blogom","publisher":{"@id":"https:\/\/legitgrams.com\/#organization"},"potentialAction":[{"@type":"SearchAction","target":{"@type":"EntryPoint","urlTemplate":"https:\/\/legitgrams.com\/?s={search_term_string}"},"query-input":{"@type":"PropertyValueSpecification","valueRequired":true,"valueName":"search_term_string"}}],"inLanguage":"hu"},{"@type":"Organization","@id":"https:\/\/legitgrams.com\/#organization","name":"Legit Grams","url":"https:\/\/legitgrams.com\/","logo":{"@type":"ImageObject","inLanguage":"hu","@id":"https:\/\/legitgrams.com\/#\/schema\/logo\/image\/","url":"https:\/\/legitgrams.com\/wp-content\/uploads\/2024\/09\/main-logo.png","contentUrl":"https:\/\/legitgrams.com\/wp-content\/uploads\/2024\/09\/main-logo.png","width":270,"height":75,"caption":"Legit Grams"},"image":{"@id":"https:\/\/legitgrams.com\/#\/schema\/logo\/image\/"}}]}},"uagb_featured_image_src":{"full":["https:\/\/legitgrams.com\/wp-content\/uploads\/2024\/09\/Buy-Lvory-Wave-Bath-Salt-Online.jpg",600,600,false],"thumbnail":["https:\/\/legitgrams.com\/wp-content\/uploads\/2024\/09\/Buy-Lvory-Wave-Bath-Salt-Online-150x150.jpg",150,150,true],"medium":["https:\/\/legitgrams.com\/wp-content\/uploads\/2024\/09\/Buy-Lvory-Wave-Bath-Salt-Online-300x300.jpg",300,300,true],"medium_large":["https:\/\/legitgrams.com\/wp-content\/uploads\/2024\/09\/Buy-Lvory-Wave-Bath-Salt-Online.jpg",600,600,false],"large":["https:\/\/legitgrams.com\/wp-content\/uploads\/2024\/09\/Buy-Lvory-Wave-Bath-Salt-Online.jpg",600,600,false],"1536x1536":["https:\/\/legitgrams.com\/wp-content\/uploads\/2024\/09\/Buy-Lvory-Wave-Bath-Salt-Online.jpg",600,600,false],"2048x2048":["https:\/\/legitgrams.com\/wp-content\/uploads\/2024\/09\/Buy-Lvory-Wave-Bath-Salt-Online.jpg",600,600,false],"trp-custom-language-flag":["https:\/\/legitgrams.com\/wp-content\/uploads\/2024\/09\/Buy-Lvory-Wave-Bath-Salt-Online-12x12.jpg",12,12,true],"woocommerce_thumbnail":["https:\/\/legitgrams.com\/wp-content\/uploads\/2024\/09\/Buy-Lvory-Wave-Bath-Salt-Online-300x300.jpg",300,300,true],"woocommerce_single":["https:\/\/legitgrams.com\/wp-content\/uploads\/2024\/09\/Buy-Lvory-Wave-Bath-Salt-Online.jpg",600,600,false],"woocommerce_gallery_thumbnail":["https:\/\/legitgrams.com\/wp-content\/uploads\/2024\/09\/Buy-Lvory-Wave-Bath-Salt-Online-100x100.jpg",100,100,true]},"uagb_author_info":{"display_name":"cokeblog18","author_link":"https:\/\/legitgrams.com\/hu\/author\/"},"uagb_comment_info":4,"uagb_excerpt":"Ivory Wave Bath Salt: Purchase Online The term &#8220;bath salts,&#8221; or manufactured cathinone, refers to a class of medications that include at least one synthetic cathinone-like molecule produced in a lab. The khat plant, which grows in East Africa and southern Arabia, usually contains an energizer called phthalone. Cathinone shares synthetic similarities with other amphetamines,&hellip;","_links":{"self":[{"href":"https:\/\/legitgrams.com\/hu\/wp-json\/wp\/v2\/product\/3914","targetHints":{"allow":["GET"]}}],"collection":[{"href":"https:\/\/legitgrams.com\/hu\/wp-json\/wp\/v2\/product"}],"about":[{"href":"https:\/\/legitgrams.com\/hu\/wp-json\/wp\/v2\/types\/product"}],"replies":[{"embeddable":true,"href":"https:\/\/legitgrams.com\/hu\/wp-json\/wp\/v2\/comments?post=3914"}],"wp:featuredmedia":[{"embeddable":true,"href":"https:\/\/legitgrams.com\/hu\/wp-json\/wp\/v2\/media\/5281"}],"wp:attachment":[{"href":"https:\/\/legitgrams.com\/hu\/wp-json\/wp\/v2\/media?parent=3914"}],"wp:term":[{"taxonomy":"product_brand","embeddable":true,"href":"https:\/\/legitgrams.com\/hu\/wp-json\/wp\/v2\/product_brand?post=3914"},{"taxonomy":"product_cat","embeddable":true,"href":"https:\/\/legitgrams.com\/hu\/wp-json\/wp\/v2\/product_cat?post=3914"},{"taxonomy":"product_tag","embeddable":true,"href":"https:\/\/legitgrams.com\/hu\/wp-json\/wp\/v2\/product_tag?post=3914"}],"curies":[{"name":"wp","href":"https:\/\/api.w.org\/{rel}","templated":true}]}}