{"id":3927,"date":"2024-09-20T11:31:44","date_gmt":"2024-09-20T11:31:44","guid":{"rendered":"https:\/\/legitgrams.com\/?post_type=product&#038;p=3927"},"modified":"2025-01-14T05:04:05","modified_gmt":"2025-01-14T05:04:05","slug":"flubromazepam-4mg-tabletta","status":"publish","type":"product","link":"https:\/\/legitgrams.com\/hu\/termek\/flubromazepam-4mg-tabletta\/","title":{"rendered":"Flubromazepam 4mg tabletta"},"content":{"rendered":"<h2>V\u00e1s\u00e1roljon 4 mg Flubromazepam pelletet online.<br \/>\nHogyan kell beadni a flubromazepamot?<\/h2>\n<p>1960-as megalakul\u00e1sa \u00f3ta <a href=\"https:\/\/legitgrams.com\/hu\/termek\/flubromazepam-4mg-tabletta\/\">flubromazepam<\/a>benzodiazepin-sz\u00e1rmaz\u00e9kot haszn\u00e1lnak. Soha nem adt\u00e1k el gy\u00f3gyszerk\u00e9nt, \u00e9s eg\u00e9szen 2012-ig figyelmen k\u00edv\u00fcl hagyt\u00e1k, amikor is vizsgaszerk\u00e9nt kezdt\u00e9k \u00e1rulni. A flubromazepam k\u00e9plet\u00e9t csak egyszer v\u00e1ltoztatt\u00e1k meg, b\u00e1r az majdnem teljesen megegyezik a fenazep\u00e1m\u00e9val, egy m\u00e1sik eredeti benzodiazepinnel, amelyet sz\u00e1mos orsz\u00e1gban n\u00e9pszer\u0171s\u00edtettek gy\u00f3gyszergy\u00e1rak.<\/p>\n<p>Mint a Xanax vagy a Valium, <a href=\"https:\/\/en.wikipedia.org\/wiki\/Flubromazepam\">flubromazepam<\/a> Jelenleg kutatj\u00e1k annak tulajdons\u00e1gait \u00e9s k\u00e1b\u00edt\u00f3szerk\u00e9nt vagy f\u00e1jdalomcsillap\u00edt\u00f3k\u00e9nt val\u00f3 potenci\u00e1lj\u00e1t.<\/p>\n<p>B\u00e1r a benzodiazepineket gyakran adj\u00e1k nyugtat\u00f3knak, amelyeket az orvosok javasolhatnak, ezeket els\u0151sorban a vizsg\u00e1l\u00f3h\u00e1l\u00f3zatban haszn\u00e1lj\u00e1k kutat\u00e1si \u00e9s tesztel\u00e9si c\u00e9lokra. A flubromazepam, egy benzodiazepin-sz\u00e1rmaz\u00e9k nagy \u00e9rdekl\u0151d\u00e9st v\u00e1ltott ki a tudom\u00e1nyos k\u00f6z\u00f6ss\u00e9gben, mi\u00f3ta 2012-ben el\u0151sz\u00f6r bemutatt\u00e1k \u00faj gy\u00f3gyszerk\u00e9nt. Ez csak egy fenazep\u00e1m, amelynek kl\u00f3rmolekul\u00e1j\u00e1t fluorr\u00e9szecsk\u00e9kre cser\u00e9lt\u00e9k. Kezdetben 1960-ban egyes\u00edtett\u00e9k, \u00e9s hivatalosan 7-br\u00f3m-5-(2-fluor-fenil)-1,3-dihidro-1,4-benzodiazepin-2-on n\u00e9ven ismert. A Flubromazepam neve a benzodiazepin magszerkezet\u00e9ben tal\u00e1lhat\u00f3 fluor \u00e9s br\u00f3m helyettes\u00edt\u00e9s\u00e9b\u0151l sz\u00e1rmazik. A flubromazepam benzodiazepin-sz\u00e1rmaz\u00e9k 2012-es els\u0151 innov\u00e1tori bemutat\u00e1sa \u00f3ta nagy \u00e9rdekl\u0151d\u00e9st v\u00e1ltott ki a tudom\u00e1nyos k\u00f6z\u00f6ss\u00e9gben.<\/p>\n<p>Ez csak a fenazep\u00e1m, a kl\u00f3rmolekul\u00e1val fluorr\u00e9szecsk\u00e9re cser\u00e9lve. <a href=\"https:\/\/legitgrams.com\/hu\/\">LegitGrams<\/a><\/p>\n<p>A flubromazepamot k\u00e1b\u00edt\u00f3szerk\u00e9nt vagy f\u00e1jdalomcsillap\u00edt\u00f3k\u00e9nt kutatj\u00e1k, ami hasonl\u00f3 a LegitGrams seg\u00edts\u00e9g\u00e9vel online kokainv\u00e1s\u00e1rl\u00e1shoz: Sz\u00e1m\u00edtson a kiv\u00e1l\u00f3 min\u0151s\u00e9gre \u00e9s szolg\u00e1ltat\u00e1sra<\/p>\n<p>A LegitGrams p\u00e1ratlan min\u0151s\u00e9gben \u00e9s kiv\u00e1l\u00f3s\u00e1gban b\u00edzhat az online kokain v\u00e1s\u00e1rl\u00e1sakor. A Fishscale Cocaine els\u0151 sz\u00e1m\u00fa elad\u00f3jak\u00e9nt kit\u0171n\u00fcnk a hat\u00e9konys\u00e1g, a tisztas\u00e1g \u00e9s az \u00fcgyfelek boldogs\u00e1ga ir\u00e1nti elk\u00f6telezetts\u00e9g\u00fcnkkel. Tapasztalja meg a k\u00fcl\u00f6nbs\u00e9get a LegitGrams seg\u00edts\u00e9g\u00e9vel m\u00e9g ma<\/p>\n<p>Valium vagy Xanax. A Xanaxhoz vagy a Valiumhoz hasonl\u00f3an a flubromazepamot is jelenleg kutatj\u00e1k tulajdons\u00e1gai \u00e9s k\u00e1b\u00edt\u00f3- vagy f\u00e1jdalomcsillap\u00edt\u00f3 potenci\u00e1lja miatt.<\/p>\n<p>V\u00e1s\u00e1roljon 4 mg-os flubromazepamot online. Az interneten is sz\u00e9t kell v\u00e1lnunk.<\/p>","protected":false},"excerpt":{"rendered":"<p>Purchase 4 mg Flubromazepam Pellets online. How is flubromazepam administered? Since its creation in 1960, flubromazepam, a benzodiazepine derivative, has been in use. It was never sold as a medicine, and it was ignored until 2012, when it started to be sold as an exam drug. The formula for flubromazepam has only been altered once, &hellip;<\/p>\n<p class=\"read-more\"> <a class=\"\" href=\"https:\/\/legitgrams.com\/hu\/termek\/flubromazepam-4mg-tabletta\/\"> <span class=\"screen-reader-text\">Flubromazepam 4mg tabletta<\/span> Olvass tov\u00e1bb \"<\/a><\/p>","protected":false},"featured_media":5278,"comment_status":"open","ping_status":"closed","template":"","meta":{"_uag_custom_page_level_css":"","site-sidebar-layout":"default","site-content-layout":"default","ast-global-header-display":"","ast-main-header-display":"","ast-hfb-above-header-display":"","ast-hfb-below-header-display":"","ast-hfb-mobile-header-display":"","site-post-title":"","ast-breadcrumbs-content":"","ast-featured-img":"","footer-sml-layout":"","theme-transparent-header-meta":"default","adv-header-id-meta":"","stick-header-meta":"default","header-above-stick-meta":"","header-main-stick-meta":"","header-below-stick-meta":"","_joinchat":[]},"product_brand":[],"product_cat":[600],"product_tag":[3797,3787,617,3779,3794,3778,3782,3781,3789,3780,3790,3792,3799,3800,3798,3795,3791,3786,3784,3796,3793,625,3785,3788,3783],"class_list":{"0":"post-3927","1":"product","2":"type-product","3":"status-publish","4":"has-post-thumbnail","6":"product_cat-research-chemicals-and-bath-salt","7":"product_tag-best-cheap-price-flubromazepam-4mg-pellets","8":"product_tag-best-place-to-buy-flubromazepam-4mg-pellets","9":"product_tag-bulk-online","10":"product_tag-buy-flubromazepam-4mg-pellets","11":"product_tag-cheap-flubromazepam-4mg-pellets","12":"product_tag-flubromazepam-4mg-pellets","13":"product_tag-flubromazepam-4mg-pellets-flubromazepam-4mg-pellets-supplier","14":"product_tag-flubromazepam-4mg-pellets-for-sale","15":"product_tag-flubromazepam-4mg-pellets-legally","16":"product_tag-flubromazepam-4mg-pellets-online","17":"product_tag-flubromazepam-4mg-pellets-price","18":"product_tag-flubromazepam-4mg-pellets-store","19":"product_tag-flubromazepam-4mg-pellets-use","20":"product_tag-flubromazepam-4mg-pellets-wiki","21":"product_tag-flubromazepam-4mg-pellets-worldwide","22":"product_tag-flubromazepam-4mg-pelletss","23":"product_tag-high-quality-flubromazepam-4mg-pellets","24":"product_tag-how-to-buy-flubromazepam-4mg-pellets","25":"product_tag-order-flubromazepam-4mg-pellets","26":"product_tag-purcharse-flubromazepam-4mg-pellets","27":"product_tag-shop-flubromazepam-4mg-pellets","28":"product_tag-top-quality","29":"product_tag-where-to-buy-flubromazepam-4mg-pellets","30":"product_tag-where-to-order-flubromazepam-4mg-pellets","31":"product_tag-wholesale-flubromazepam-4mg-pellets","32":"desktop-align-left","33":"tablet-align-left","34":"mobile-align-left","35":"ast-product-gallery-layout-horizontal","36":"ast-product-gallery-with-no-image","37":"ast-product-single-variable","38":"ast-product-tabs-layout-horizontal","39":"ast-qv-on-image","41":"first","42":"instock","43":"shipping-taxable","44":"purchasable","45":"product-type-variable"},"yoast_head":"<!-- This site is optimized with the Yoast SEO plugin v25.9 - https:\/\/yoast.com\/wordpress\/plugins\/seo\/ -->\n<title>Flubromazepam 4mg Pellets for Sale - Buy Flubromazepam Online<\/title>\n<meta name=\"description\" content=\"Legitgrams is the best place to buy Flubromazepam 4mg Pellets online. We are available with Flubromazepam 4mg Pellets for sale at the best prices. Get the best price with amazing deals book your order now!\" \/>\n<meta name=\"robots\" content=\"index, follow, max-snippet:-1, max-image-preview:large, max-video-preview:-1\" \/>\n<link rel=\"canonical\" href=\"https:\/\/legitgrams.com\/hu\/termek\/flubromazepam-4mg-tabletta\/\" \/>\n<meta property=\"og:locale\" content=\"hu_HU\" \/>\n<meta property=\"og:type\" content=\"article\" \/>\n<meta property=\"og:title\" content=\"Flubromazepam 4mg Pellets for Sale - Buy Flubromazepam Online\" \/>\n<meta property=\"og:description\" content=\"Legitgrams is the best place to buy Flubromazepam 4mg Pellets online. We are available with Flubromazepam 4mg Pellets for sale at the best prices. Get the best price with amazing deals book your order now!\" \/>\n<meta property=\"og:url\" content=\"https:\/\/legitgrams.com\/hu\/termek\/flubromazepam-4mg-tabletta\/\" \/>\n<meta property=\"og:site_name\" content=\"Legit Grams\" \/>\n<meta property=\"article:modified_time\" content=\"2025-01-14T05:04:05+00:00\" \/>\n<meta property=\"og:image\" content=\"https:\/\/legitgrams.com\/wp-content\/uploads\/2024\/09\/Buy-Flubromazepam-4mg-Pellets-online.jpg\" \/>\n\t<meta property=\"og:image:width\" content=\"600\" \/>\n\t<meta property=\"og:image:height\" content=\"600\" \/>\n\t<meta property=\"og:image:type\" content=\"image\/jpeg\" \/>\n<meta name=\"twitter:card\" content=\"summary_large_image\" \/>\n<meta name=\"twitter:label1\" content=\"Becs\u00fclt olvas\u00e1si id\u0151\" \/>\n\t<meta name=\"twitter:data1\" content=\"2 perc\" \/>\n<script type=\"application\/ld+json\" class=\"yoast-schema-graph\">{\"@context\":\"https:\/\/schema.org\",\"@graph\":[{\"@type\":\"WebPage\",\"@id\":\"https:\/\/legitgrams.com\/product\/flubromazepam-4mg-pellets\/\",\"url\":\"https:\/\/legitgrams.com\/product\/flubromazepam-4mg-pellets\/\",\"name\":\"Flubromazepam 4mg Pellets for Sale - Buy Flubromazepam Online\",\"isPartOf\":{\"@id\":\"https:\/\/legitgrams.com\/#website\"},\"primaryImageOfPage\":{\"@id\":\"https:\/\/legitgrams.com\/product\/flubromazepam-4mg-pellets\/#primaryimage\"},\"image\":{\"@id\":\"https:\/\/legitgrams.com\/product\/flubromazepam-4mg-pellets\/#primaryimage\"},\"thumbnailUrl\":\"https:\/\/legitgrams.com\/wp-content\/uploads\/2024\/09\/Buy-Flubromazepam-4mg-Pellets-online.jpg\",\"datePublished\":\"2024-09-20T11:31:44+00:00\",\"dateModified\":\"2025-01-14T05:04:05+00:00\",\"description\":\"Legitgrams is the best place to buy Flubromazepam 4mg Pellets online. We are available with Flubromazepam 4mg Pellets for sale at the best prices. Get the best price with amazing deals book your order now!\",\"breadcrumb\":{\"@id\":\"https:\/\/legitgrams.com\/product\/flubromazepam-4mg-pellets\/#breadcrumb\"},\"inLanguage\":\"hu\",\"potentialAction\":[{\"@type\":\"ReadAction\",\"target\":[\"https:\/\/legitgrams.com\/product\/flubromazepam-4mg-pellets\/\"]}]},{\"@type\":\"ImageObject\",\"inLanguage\":\"hu\",\"@id\":\"https:\/\/legitgrams.com\/product\/flubromazepam-4mg-pellets\/#primaryimage\",\"url\":\"https:\/\/legitgrams.com\/wp-content\/uploads\/2024\/09\/Buy-Flubromazepam-4mg-Pellets-online.jpg\",\"contentUrl\":\"https:\/\/legitgrams.com\/wp-content\/uploads\/2024\/09\/Buy-Flubromazepam-4mg-Pellets-online.jpg\",\"width\":600,\"height\":600,\"caption\":\"Flubromazepam 4mg Pellets for Sale\"},{\"@type\":\"BreadcrumbList\",\"@id\":\"https:\/\/legitgrams.com\/product\/flubromazepam-4mg-pellets\/#breadcrumb\",\"itemListElement\":[{\"@type\":\"ListItem\",\"position\":1,\"name\":\"Home\",\"item\":\"https:\/\/legitgrams.com\/\"},{\"@type\":\"ListItem\",\"position\":2,\"name\":\"Shop\",\"item\":\"https:\/\/legitgrams.com\/shop\/\"},{\"@type\":\"ListItem\",\"position\":3,\"name\":\"Flubromazepam 4mg Pellets\"}]},{\"@type\":\"WebSite\",\"@id\":\"https:\/\/legitgrams.com\/#website\",\"url\":\"https:\/\/legitgrams.com\/\",\"name\":\"Legit Grams\",\"description\":\"My WordPress Blog\",\"publisher\":{\"@id\":\"https:\/\/legitgrams.com\/#organization\"},\"potentialAction\":[{\"@type\":\"SearchAction\",\"target\":{\"@type\":\"EntryPoint\",\"urlTemplate\":\"https:\/\/legitgrams.com\/?s={search_term_string}\"},\"query-input\":{\"@type\":\"PropertyValueSpecification\",\"valueRequired\":true,\"valueName\":\"search_term_string\"}}],\"inLanguage\":\"hu\"},{\"@type\":\"Organization\",\"@id\":\"https:\/\/legitgrams.com\/#organization\",\"name\":\"Legit Grams\",\"url\":\"https:\/\/legitgrams.com\/\",\"logo\":{\"@type\":\"ImageObject\",\"inLanguage\":\"hu\",\"@id\":\"https:\/\/legitgrams.com\/#\/schema\/logo\/image\/\",\"url\":\"https:\/\/legitgrams.com\/wp-content\/uploads\/2024\/09\/main-logo.png\",\"contentUrl\":\"https:\/\/legitgrams.com\/wp-content\/uploads\/2024\/09\/main-logo.png\",\"width\":270,\"height\":75,\"caption\":\"Legit Grams\"},\"image\":{\"@id\":\"https:\/\/legitgrams.com\/#\/schema\/logo\/image\/\"}}]}<\/script>\n<!-- \/ Yoast SEO plugin. -->","yoast_head_json":{"title":"Flubromazepam 4mg tabletta elad\u00f3 - Flubromazepam online v\u00e1s\u00e1rl\u00e1s","description":"Legitgrams a legjobb hely, hogy v\u00e1s\u00e1rolni Flubromazepam 4mg Pellets online. El\u00e9rhet\u0151ek vagyunk Flubromazepam 4mg Pellets elad\u00f3 a legjobb \u00e1ron. Kapja meg a legjobb \u00e1rat elk\u00e9peszt\u0151 aj\u00e1nlatokkal foglalja le rendel\u00e9s\u00e9t most!","robots":{"index":"index","follow":"follow","max-snippet":"max-snippet:-1","max-image-preview":"max-image-preview:large","max-video-preview":"max-video-preview:-1"},"canonical":"https:\/\/legitgrams.com\/hu\/termek\/flubromazepam-4mg-tabletta\/","og_locale":"hu_HU","og_type":"article","og_title":"Flubromazepam 4mg Pellets for Sale - Buy Flubromazepam Online","og_description":"Legitgrams is the best place to buy Flubromazepam 4mg Pellets online. We are available with Flubromazepam 4mg Pellets for sale at the best prices. Get the best price with amazing deals book your order now!","og_url":"https:\/\/legitgrams.com\/hu\/termek\/flubromazepam-4mg-tabletta\/","og_site_name":"Legit Grams","article_modified_time":"2025-01-14T05:04:05+00:00","og_image":[{"width":600,"height":600,"url":"https:\/\/legitgrams.com\/wp-content\/uploads\/2024\/09\/Buy-Flubromazepam-4mg-Pellets-online.jpg","type":"image\/jpeg"}],"twitter_card":"summary_large_image","twitter_misc":{"Becs\u00fclt olvas\u00e1si id\u0151":"2 perc"},"schema":{"@context":"https:\/\/schema.org","@graph":[{"@type":"WebPage","@id":"https:\/\/legitgrams.com\/product\/flubromazepam-4mg-pellets\/","url":"https:\/\/legitgrams.com\/product\/flubromazepam-4mg-pellets\/","name":"Flubromazepam 4mg tabletta elad\u00f3 - Flubromazepam online v\u00e1s\u00e1rl\u00e1s","isPartOf":{"@id":"https:\/\/legitgrams.com\/#website"},"primaryImageOfPage":{"@id":"https:\/\/legitgrams.com\/product\/flubromazepam-4mg-pellets\/#primaryimage"},"image":{"@id":"https:\/\/legitgrams.com\/product\/flubromazepam-4mg-pellets\/#primaryimage"},"thumbnailUrl":"https:\/\/legitgrams.com\/wp-content\/uploads\/2024\/09\/Buy-Flubromazepam-4mg-Pellets-online.jpg","datePublished":"2024-09-20T11:31:44+00:00","dateModified":"2025-01-14T05:04:05+00:00","description":"Legitgrams a legjobb hely, hogy v\u00e1s\u00e1rolni Flubromazepam 4mg Pellets online. El\u00e9rhet\u0151ek vagyunk Flubromazepam 4mg Pellets elad\u00f3 a legjobb \u00e1ron. Kapja meg a legjobb \u00e1rat elk\u00e9peszt\u0151 aj\u00e1nlatokkal foglalja le rendel\u00e9s\u00e9t most!","breadcrumb":{"@id":"https:\/\/legitgrams.com\/product\/flubromazepam-4mg-pellets\/#breadcrumb"},"inLanguage":"hu","potentialAction":[{"@type":"ReadAction","target":["https:\/\/legitgrams.com\/product\/flubromazepam-4mg-pellets\/"]}]},{"@type":"ImageObject","inLanguage":"hu","@id":"https:\/\/legitgrams.com\/product\/flubromazepam-4mg-pellets\/#primaryimage","url":"https:\/\/legitgrams.com\/wp-content\/uploads\/2024\/09\/Buy-Flubromazepam-4mg-Pellets-online.jpg","contentUrl":"https:\/\/legitgrams.com\/wp-content\/uploads\/2024\/09\/Buy-Flubromazepam-4mg-Pellets-online.jpg","width":600,"height":600,"caption":"Flubromazepam 4mg Pellets for Sale"},{"@type":"BreadcrumbList","@id":"https:\/\/legitgrams.com\/product\/flubromazepam-4mg-pellets\/#breadcrumb","itemListElement":[{"@type":"ListItem","position":1,"name":"Home","item":"https:\/\/legitgrams.com\/"},{"@type":"ListItem","position":2,"name":"Shop","item":"https:\/\/legitgrams.com\/shop\/"},{"@type":"ListItem","position":3,"name":"Flubromazepam 4mg Pellets"}]},{"@type":"WebSite","@id":"https:\/\/legitgrams.com\/#website","url":"https:\/\/legitgrams.com\/","name":"Legit Grams","description":"Az \u00e9n WordPress blogom","publisher":{"@id":"https:\/\/legitgrams.com\/#organization"},"potentialAction":[{"@type":"SearchAction","target":{"@type":"EntryPoint","urlTemplate":"https:\/\/legitgrams.com\/?s={search_term_string}"},"query-input":{"@type":"PropertyValueSpecification","valueRequired":true,"valueName":"search_term_string"}}],"inLanguage":"hu"},{"@type":"Organization","@id":"https:\/\/legitgrams.com\/#organization","name":"Legit Grams","url":"https:\/\/legitgrams.com\/","logo":{"@type":"ImageObject","inLanguage":"hu","@id":"https:\/\/legitgrams.com\/#\/schema\/logo\/image\/","url":"https:\/\/legitgrams.com\/wp-content\/uploads\/2024\/09\/main-logo.png","contentUrl":"https:\/\/legitgrams.com\/wp-content\/uploads\/2024\/09\/main-logo.png","width":270,"height":75,"caption":"Legit Grams"},"image":{"@id":"https:\/\/legitgrams.com\/#\/schema\/logo\/image\/"}}]}},"uagb_featured_image_src":{"full":["https:\/\/legitgrams.com\/wp-content\/uploads\/2024\/09\/Buy-Flubromazepam-4mg-Pellets-online.jpg",600,600,false],"thumbnail":["https:\/\/legitgrams.com\/wp-content\/uploads\/2024\/09\/Buy-Flubromazepam-4mg-Pellets-online-150x150.jpg",150,150,true],"medium":["https:\/\/legitgrams.com\/wp-content\/uploads\/2024\/09\/Buy-Flubromazepam-4mg-Pellets-online-300x300.jpg",300,300,true],"medium_large":["https:\/\/legitgrams.com\/wp-content\/uploads\/2024\/09\/Buy-Flubromazepam-4mg-Pellets-online.jpg",600,600,false],"large":["https:\/\/legitgrams.com\/wp-content\/uploads\/2024\/09\/Buy-Flubromazepam-4mg-Pellets-online.jpg",600,600,false],"1536x1536":["https:\/\/legitgrams.com\/wp-content\/uploads\/2024\/09\/Buy-Flubromazepam-4mg-Pellets-online.jpg",600,600,false],"2048x2048":["https:\/\/legitgrams.com\/wp-content\/uploads\/2024\/09\/Buy-Flubromazepam-4mg-Pellets-online.jpg",600,600,false],"trp-custom-language-flag":["https:\/\/legitgrams.com\/wp-content\/uploads\/2024\/09\/Buy-Flubromazepam-4mg-Pellets-online-12x12.jpg",12,12,true],"woocommerce_thumbnail":["https:\/\/legitgrams.com\/wp-content\/uploads\/2024\/09\/Buy-Flubromazepam-4mg-Pellets-online-300x300.jpg",300,300,true],"woocommerce_single":["https:\/\/legitgrams.com\/wp-content\/uploads\/2024\/09\/Buy-Flubromazepam-4mg-Pellets-online.jpg",600,600,false],"woocommerce_gallery_thumbnail":["https:\/\/legitgrams.com\/wp-content\/uploads\/2024\/09\/Buy-Flubromazepam-4mg-Pellets-online-100x100.jpg",100,100,true]},"uagb_author_info":{"display_name":"cokeblog18","author_link":"https:\/\/legitgrams.com\/hu\/author\/"},"uagb_comment_info":0,"uagb_excerpt":"Purchase 4 mg Flubromazepam Pellets online. How is flubromazepam administered? Since its creation in 1960, flubromazepam, a benzodiazepine derivative, has been in use. It was never sold as a medicine, and it was ignored until 2012, when it started to be sold as an exam drug. The formula for flubromazepam has only been altered once,&hellip;","_links":{"self":[{"href":"https:\/\/legitgrams.com\/hu\/wp-json\/wp\/v2\/product\/3927","targetHints":{"allow":["GET"]}}],"collection":[{"href":"https:\/\/legitgrams.com\/hu\/wp-json\/wp\/v2\/product"}],"about":[{"href":"https:\/\/legitgrams.com\/hu\/wp-json\/wp\/v2\/types\/product"}],"replies":[{"embeddable":true,"href":"https:\/\/legitgrams.com\/hu\/wp-json\/wp\/v2\/comments?post=3927"}],"wp:featuredmedia":[{"embeddable":true,"href":"https:\/\/legitgrams.com\/hu\/wp-json\/wp\/v2\/media\/5278"}],"wp:attachment":[{"href":"https:\/\/legitgrams.com\/hu\/wp-json\/wp\/v2\/media?parent=3927"}],"wp:term":[{"taxonomy":"product_brand","embeddable":true,"href":"https:\/\/legitgrams.com\/hu\/wp-json\/wp\/v2\/product_brand?post=3927"},{"taxonomy":"product_cat","embeddable":true,"href":"https:\/\/legitgrams.com\/hu\/wp-json\/wp\/v2\/product_cat?post=3927"},{"taxonomy":"product_tag","embeddable":true,"href":"https:\/\/legitgrams.com\/hu\/wp-json\/wp\/v2\/product_tag?post=3927"}],"curies":[{"name":"wp","href":"https:\/\/api.w.org\/{rel}","templated":true}]}}