{"id":3937,"date":"2024-09-20T11:51:01","date_gmt":"2024-09-20T11:51:01","guid":{"rendered":"https:\/\/legitgrams.com\/?post_type=product&#038;p=3937"},"modified":"2025-04-04T12:19:14","modified_gmt":"2025-04-04T12:19:14","slug":"sextacy-furdoso","status":"publish","type":"product","link":"https:\/\/legitgrams.com\/hu\/termek\/sextacy-furdoso\/","title":{"rendered":"Sextacy f\u00fcrd\u0151s\u00f3 online v\u00e1s\u00e1rl\u00e1sa"},"content":{"rendered":"<h2>Szerezzen be min\u0151s\u00e9gi Sextacy f\u00fcrd\u0151s\u00f3t online<\/h2>\n<p>Koncentr\u00e1lt f\u00fcrd\u0151s\u00f3k a Sextacy-t\u0151l. De ellazulhatsz \u00e9s elveszhetsz benne. <a href=\"https:\/\/www.bing.com\/search?q=Buy%20Sextacy%20Bath%20Salt%20Online&amp;qs=n&amp;form=QBRE&amp;sp=-1&amp;lq=0&amp;pq=buy%20sextacy%20bath%20salt%20online&amp;sc=0-28&amp;sk=&amp;cvid=8B2B06FD4D804BBC89914436BB7E7DCE&amp;ghsh=0&amp;ghacc=0&amp;ghpl=\">sextacy<\/a>A v\u00edz term\u00e9szetes l\u00e1gy\u00edt\u00e1s\u00e1hoz \u00f6ntse a tartalm\u00e1t egy pezsg\u0151f\u00fcrd\u0151be. Ez seg\u00edt majd abban, hogy nagyon ellazuljon \u00e9s nyugodt legyen. <a href=\"https:\/\/legitgrams.com\/hu\/\">LegitGrams<\/a><\/p>\n<p>K\u00e9rj\u00fck, hogy tesztelje a szervezet\u00e9nek t\u0171r\u0151k\u00e9pess\u00e9g\u00e9t egy nagyon kis mennyis\u00e9g\u0171 <a href=\"https:\/\/legitgrams.com\/hu\/termek\/sextacy-furdoso\/\">Sextacy f\u00fcrd\u0151s\u00f3<\/a> a f\u00fcrd\u0151k\u00e1dban, ha el\u0151sz\u00f6r haszn\u00e1lod \u0151ket. A k\u00edv\u00e1nt teljes ellazul\u00e1si szint el\u00e9r\u00e9s\u00e9hez extra <a href=\"https:\/\/www.google.com\/search?q=Buy+Sextacy+Bath+Salt+Online&amp;num=10&amp;sca_esv=1a2a07081c7891bb&amp;rlz=1C1RXQR_enIN1098IN1098&amp;sxsrf=AHTn8zpZAi1p_AVrgHRflU-4O8sZD6Jykw%3A1741410732205&amp;ei=rNHLZ46fDIafnesP-rumSQ&amp;ved=0ahUKEwiOpefA3PmLAxWGT2cHHfqdKQkQ4dUDCBI&amp;uact=5&amp;oq=Buy+Sextacy+Bath+Salt+Online&amp;gs_lp=Egxnd3Mtd2l6LXNlcnAiHEJ1eSBTZXh0YWN5IEJhdGggU2FsdCBPbmxpbmVIhghQ9QVY9QVwA3gAkAEAmAH7AaAB-wGqAQMyLTG4AQPIAQD4AQL4AQGYAgCgAgCYAwCIBgGSBwCgB1A&amp;sclient=gws-wiz-serp\">Sextacy<\/a> Ultimate in your bathroom once you&#8217;re acclimated to its potent effects.<\/p>\n<p>V\u00e1s\u00e1rl\u00e1s<a href=\"https:\/\/en.wikipedia.org\/wiki\/Sex_and_drugs\"> Sextacy<\/a> F\u00fcrd\u0151s\u00f3 v\u00e1s\u00e1rl\u00e1sa online \u2013 Sextacy f\u00fcrd\u0151s\u00f3 v\u00e1s\u00e1rl\u00e1sa, Sextacy f\u00fcrd\u0151s\u00f3 v\u00e1s\u00e1rl\u00e1sa USA-ban, Sextacy f\u00fcrd\u0151s\u00f3 v\u00e1s\u00e1rl\u00e1sa online USA-ban, Sextacy f\u00fcrd\u0151s\u00f3 v\u00e1s\u00e1rl\u00e1sa online, Sextacy f\u00fcrd\u0151s\u00f3 v\u00e1s\u00e1rl\u00e1sa, Sextacy f\u00fcrd\u0151s\u00f3 v\u00e1s\u00e1rl\u00e1sa a k\u00f6zelemben, Sextacy f\u00fcrd\u0151s\u00f3 v\u00e1s\u00e1rl\u00e1sa a k\u00f6zelemben, Sextacy f\u00fcrd\u0151s\u00f3 v\u00e1s\u00e1rl\u00e1sa online, Sextacy f\u00fcrd\u0151s\u00f3 v\u00e1s\u00e1rl\u00e1sa online, Baxta Salt v\u00e1s\u00e1rl\u00e1sa Near Me F\u00fcrd\u0151s\u00f3 elad\u00f3 az USA-ban, Kanad\u00e1ban, Egyes\u00fclt Kir\u00e1lys\u00e1gban, V\u00e1s\u00e1rl\u00e1s, online, sz\u00e1ll\u00edt\u00f3k, biztons\u00e1gos sz\u00e1ll\u00edt\u00e1s, a Sextacy f\u00fcrd\u0151s\u00f3 tov\u00e1bbra is el\u00e9rhet\u0151. Megteheti <a href=\"https:\/\/duckduckgo.com\/?q=Buy+Sextacy+Bath+Salt+Online&amp;t=h_&amp;ia=web\">v\u00e1s\u00e1roljon Sextacy f\u00fcrd\u0151s\u00f3t online<\/a>, find out if it&#8217;s legal in Canada, and purchase Sextacy Bath Salt in the United States.<\/p>","protected":false},"excerpt":{"rendered":"<p>Get High-Quality Sextacy Bath Salt Online Concentrated Bath Salts from Sextacy. But unwind and lose yourself in sextacy. To naturally soften the water, pour the contents into a hot tub. This will help you feel very relaxed and at ease. LegitGrams We kindly ask that you test your body&#8217;s tolerance by using a very little &hellip;<\/p>\n<p class=\"read-more\"> <a class=\"\" href=\"https:\/\/legitgrams.com\/hu\/termek\/sextacy-furdoso\/\"> <span class=\"screen-reader-text\">Sextacy f\u00fcrd\u0151s\u00f3 online v\u00e1s\u00e1rl\u00e1sa<\/span> Olvass tov\u00e1bb \"<\/a><\/p>","protected":false},"featured_media":5315,"comment_status":"open","ping_status":"closed","template":"","meta":{"_uag_custom_page_level_css":"","site-sidebar-layout":"default","site-content-layout":"default","ast-global-header-display":"","ast-main-header-display":"","ast-hfb-above-header-display":"","ast-hfb-below-header-display":"","ast-hfb-mobile-header-display":"","site-post-title":"","ast-breadcrumbs-content":"","ast-featured-img":"","footer-sml-layout":"","theme-transparent-header-meta":"default","adv-header-id-meta":"","stick-header-meta":"default","header-above-stick-meta":"","header-main-stick-meta":"","header-below-stick-meta":"","_joinchat":[]},"product_brand":[],"product_cat":[600],"product_tag":[3682,3672,617,3664,3679,3676,3671,3669,3681,3663,3666,3674,3665,3675,3667,3677,3684,3685,3683,3680,3678,625,3670,3673,3668],"class_list":{"0":"post-3937","1":"product","2":"type-product","3":"status-publish","4":"has-post-thumbnail","6":"product_cat-research-chemicals-and-bath-salt","7":"product_tag-best-cheap-price-sextacy-bath-salt","8":"product_tag-best-place-to-buy-sextacy-bath-salt","9":"product_tag-bulk-online","10":"product_tag-buy-sextacy-bath-salt","11":"product_tag-cheap-sextacy-bath-salt","12":"product_tag-high-quality-sextacy-bath-salt","13":"product_tag-how-to-buy-sextacy-bath-salt","14":"product_tag-order-sextacy-bath-salt","15":"product_tag-purcharse-sextacy-bath-salt","16":"product_tag-sextacy-bath-salt","17":"product_tag-sextacy-bath-salt-for-sale","18":"product_tag-sextacy-bath-salt-legally","19":"product_tag-sextacy-bath-salt-online","20":"product_tag-sextacy-bath-salt-price","21":"product_tag-sextacy-bath-salt-sextacy-bath-salt-supplier","22":"product_tag-sextacy-bath-salt-store","23":"product_tag-sextacy-bath-salt-use","24":"product_tag-sextacy-bath-salt-wiki","25":"product_tag-sextacy-bath-salt-worldwide","26":"product_tag-sextacy-bath-salts","27":"product_tag-shop-sextacy-bath-salt","28":"product_tag-top-quality","29":"product_tag-where-to-buy-sextacy-bath-salt","30":"product_tag-where-to-order-sextacy-bath-salt","31":"product_tag-wholesale-sextacy-bath-salt","32":"desktop-align-left","33":"tablet-align-left","34":"mobile-align-left","35":"ast-product-gallery-layout-horizontal","36":"ast-product-gallery-with-no-image","37":"ast-product-single-variable","38":"ast-product-tabs-layout-horizontal","39":"ast-qv-on-image","41":"first","42":"instock","43":"shipping-taxable","44":"purchasable","45":"product-type-variable"},"yoast_head":"<!-- This site is optimized with the Yoast SEO plugin v25.9 - https:\/\/yoast.com\/wordpress\/plugins\/seo\/ -->\n<title>Sextacy Bath Salt for Sale - Buy Sextacy Bath Salt Online<\/title>\n<meta name=\"description\" content=\"Looking to Buy sextacy bath salt online? Discover a seamless platform at our online store where you can buy sextacy research chemical ensuring top-grade quality for your research needs.\" \/>\n<meta name=\"robots\" content=\"index, follow, max-snippet:-1, max-image-preview:large, max-video-preview:-1\" \/>\n<link rel=\"canonical\" href=\"https:\/\/legitgrams.com\/hu\/termek\/sextacy-furdoso\/\" \/>\n<meta property=\"og:locale\" content=\"hu_HU\" \/>\n<meta property=\"og:type\" content=\"article\" \/>\n<meta property=\"og:title\" content=\"Sextacy Bath Salt for Sale - Buy Sextacy Bath Salt Online\" \/>\n<meta property=\"og:description\" content=\"Looking to Buy sextacy bath salt online? Discover a seamless platform at our online store where you can buy sextacy research chemical ensuring top-grade quality for your research needs.\" \/>\n<meta property=\"og:url\" content=\"https:\/\/legitgrams.com\/hu\/termek\/sextacy-furdoso\/\" \/>\n<meta property=\"og:site_name\" content=\"Legit Grams\" \/>\n<meta property=\"article:modified_time\" content=\"2025-04-04T12:19:14+00:00\" \/>\n<meta property=\"og:image\" content=\"https:\/\/legitgrams.com\/wp-content\/uploads\/2024\/09\/buy-sextacy-bath-salt-online.jpg\" \/>\n\t<meta property=\"og:image:width\" content=\"600\" \/>\n\t<meta property=\"og:image:height\" content=\"600\" \/>\n\t<meta property=\"og:image:type\" content=\"image\/jpeg\" \/>\n<meta name=\"twitter:card\" content=\"summary_large_image\" \/>\n<meta name=\"twitter:label1\" content=\"Becs\u00fclt olvas\u00e1si id\u0151\" \/>\n\t<meta name=\"twitter:data1\" content=\"2 perc\" \/>\n<script type=\"application\/ld+json\" class=\"yoast-schema-graph\">{\"@context\":\"https:\/\/schema.org\",\"@graph\":[{\"@type\":\"WebPage\",\"@id\":\"https:\/\/legitgrams.com\/product\/sextacy-bath-salt\/\",\"url\":\"https:\/\/legitgrams.com\/product\/sextacy-bath-salt\/\",\"name\":\"Sextacy Bath Salt for Sale - Buy Sextacy Bath Salt Online\",\"isPartOf\":{\"@id\":\"https:\/\/legitgrams.com\/#website\"},\"primaryImageOfPage\":{\"@id\":\"https:\/\/legitgrams.com\/product\/sextacy-bath-salt\/#primaryimage\"},\"image\":{\"@id\":\"https:\/\/legitgrams.com\/product\/sextacy-bath-salt\/#primaryimage\"},\"thumbnailUrl\":\"https:\/\/legitgrams.com\/wp-content\/uploads\/2024\/09\/buy-sextacy-bath-salt-online.jpg\",\"datePublished\":\"2024-09-20T11:51:01+00:00\",\"dateModified\":\"2025-04-04T12:19:14+00:00\",\"description\":\"Looking to Buy sextacy bath salt online? Discover a seamless platform at our online store where you can buy sextacy research chemical ensuring top-grade quality for your research needs.\",\"breadcrumb\":{\"@id\":\"https:\/\/legitgrams.com\/product\/sextacy-bath-salt\/#breadcrumb\"},\"inLanguage\":\"hu\",\"potentialAction\":[{\"@type\":\"ReadAction\",\"target\":[\"https:\/\/legitgrams.com\/product\/sextacy-bath-salt\/\"]}]},{\"@type\":\"ImageObject\",\"inLanguage\":\"hu\",\"@id\":\"https:\/\/legitgrams.com\/product\/sextacy-bath-salt\/#primaryimage\",\"url\":\"https:\/\/legitgrams.com\/wp-content\/uploads\/2024\/09\/buy-sextacy-bath-salt-online.jpg\",\"contentUrl\":\"https:\/\/legitgrams.com\/wp-content\/uploads\/2024\/09\/buy-sextacy-bath-salt-online.jpg\",\"width\":600,\"height\":600,\"caption\":\"Sextacy Bath Salt for Sale\"},{\"@type\":\"BreadcrumbList\",\"@id\":\"https:\/\/legitgrams.com\/product\/sextacy-bath-salt\/#breadcrumb\",\"itemListElement\":[{\"@type\":\"ListItem\",\"position\":1,\"name\":\"Home\",\"item\":\"https:\/\/legitgrams.com\/\"},{\"@type\":\"ListItem\",\"position\":2,\"name\":\"Shop\",\"item\":\"https:\/\/legitgrams.com\/shop\/\"},{\"@type\":\"ListItem\",\"position\":3,\"name\":\"Buy Sextacy Bath Salt Online\"}]},{\"@type\":\"WebSite\",\"@id\":\"https:\/\/legitgrams.com\/#website\",\"url\":\"https:\/\/legitgrams.com\/\",\"name\":\"Legit Grams\",\"description\":\"My WordPress Blog\",\"publisher\":{\"@id\":\"https:\/\/legitgrams.com\/#organization\"},\"potentialAction\":[{\"@type\":\"SearchAction\",\"target\":{\"@type\":\"EntryPoint\",\"urlTemplate\":\"https:\/\/legitgrams.com\/?s={search_term_string}\"},\"query-input\":{\"@type\":\"PropertyValueSpecification\",\"valueRequired\":true,\"valueName\":\"search_term_string\"}}],\"inLanguage\":\"hu\"},{\"@type\":\"Organization\",\"@id\":\"https:\/\/legitgrams.com\/#organization\",\"name\":\"Legit Grams\",\"url\":\"https:\/\/legitgrams.com\/\",\"logo\":{\"@type\":\"ImageObject\",\"inLanguage\":\"hu\",\"@id\":\"https:\/\/legitgrams.com\/#\/schema\/logo\/image\/\",\"url\":\"https:\/\/legitgrams.com\/wp-content\/uploads\/2024\/09\/main-logo.png\",\"contentUrl\":\"https:\/\/legitgrams.com\/wp-content\/uploads\/2024\/09\/main-logo.png\",\"width\":270,\"height\":75,\"caption\":\"Legit Grams\"},\"image\":{\"@id\":\"https:\/\/legitgrams.com\/#\/schema\/logo\/image\/\"}}]}<\/script>\n<!-- \/ Yoast SEO plugin. -->","yoast_head_json":{"title":"Elad\u00f3 Sextacy f\u00fcrd\u0151s\u00f3 \u2013 V\u00e1s\u00e1roljon Sextacy f\u00fcrd\u0151s\u00f3t online","description":"Szeretne szextacy f\u00fcrd\u0151s\u00f3t v\u00e1s\u00e1rolni online? Fedezze fel a z\u00f6kken\u0151mentes platformot online \u00e1ruh\u00e1zunkban, ahol szextacy kutat\u00e1si vegyi anyagot v\u00e1s\u00e1rolhat, amely biztos\u00edtja a kiv\u00e1l\u00f3 min\u0151s\u00e9get a kutat\u00e1si ig\u00e9nyeihez.","robots":{"index":"index","follow":"follow","max-snippet":"max-snippet:-1","max-image-preview":"max-image-preview:large","max-video-preview":"max-video-preview:-1"},"canonical":"https:\/\/legitgrams.com\/hu\/termek\/sextacy-furdoso\/","og_locale":"hu_HU","og_type":"article","og_title":"Sextacy Bath Salt for Sale - Buy Sextacy Bath Salt Online","og_description":"Looking to Buy sextacy bath salt online? Discover a seamless platform at our online store where you can buy sextacy research chemical ensuring top-grade quality for your research needs.","og_url":"https:\/\/legitgrams.com\/hu\/termek\/sextacy-furdoso\/","og_site_name":"Legit Grams","article_modified_time":"2025-04-04T12:19:14+00:00","og_image":[{"width":600,"height":600,"url":"https:\/\/legitgrams.com\/wp-content\/uploads\/2024\/09\/buy-sextacy-bath-salt-online.jpg","type":"image\/jpeg"}],"twitter_card":"summary_large_image","twitter_misc":{"Becs\u00fclt olvas\u00e1si id\u0151":"2 perc"},"schema":{"@context":"https:\/\/schema.org","@graph":[{"@type":"WebPage","@id":"https:\/\/legitgrams.com\/product\/sextacy-bath-salt\/","url":"https:\/\/legitgrams.com\/product\/sextacy-bath-salt\/","name":"Elad\u00f3 Sextacy f\u00fcrd\u0151s\u00f3 \u2013 V\u00e1s\u00e1roljon Sextacy f\u00fcrd\u0151s\u00f3t online","isPartOf":{"@id":"https:\/\/legitgrams.com\/#website"},"primaryImageOfPage":{"@id":"https:\/\/legitgrams.com\/product\/sextacy-bath-salt\/#primaryimage"},"image":{"@id":"https:\/\/legitgrams.com\/product\/sextacy-bath-salt\/#primaryimage"},"thumbnailUrl":"https:\/\/legitgrams.com\/wp-content\/uploads\/2024\/09\/buy-sextacy-bath-salt-online.jpg","datePublished":"2024-09-20T11:51:01+00:00","dateModified":"2025-04-04T12:19:14+00:00","description":"Szeretne szextacy f\u00fcrd\u0151s\u00f3t v\u00e1s\u00e1rolni online? Fedezze fel a z\u00f6kken\u0151mentes platformot online \u00e1ruh\u00e1zunkban, ahol szextacy kutat\u00e1si vegyi anyagot v\u00e1s\u00e1rolhat, amely biztos\u00edtja a kiv\u00e1l\u00f3 min\u0151s\u00e9get a kutat\u00e1si ig\u00e9nyeihez.","breadcrumb":{"@id":"https:\/\/legitgrams.com\/product\/sextacy-bath-salt\/#breadcrumb"},"inLanguage":"hu","potentialAction":[{"@type":"ReadAction","target":["https:\/\/legitgrams.com\/product\/sextacy-bath-salt\/"]}]},{"@type":"ImageObject","inLanguage":"hu","@id":"https:\/\/legitgrams.com\/product\/sextacy-bath-salt\/#primaryimage","url":"https:\/\/legitgrams.com\/wp-content\/uploads\/2024\/09\/buy-sextacy-bath-salt-online.jpg","contentUrl":"https:\/\/legitgrams.com\/wp-content\/uploads\/2024\/09\/buy-sextacy-bath-salt-online.jpg","width":600,"height":600,"caption":"Sextacy Bath Salt for Sale"},{"@type":"BreadcrumbList","@id":"https:\/\/legitgrams.com\/product\/sextacy-bath-salt\/#breadcrumb","itemListElement":[{"@type":"ListItem","position":1,"name":"Home","item":"https:\/\/legitgrams.com\/"},{"@type":"ListItem","position":2,"name":"Shop","item":"https:\/\/legitgrams.com\/shop\/"},{"@type":"ListItem","position":3,"name":"Buy Sextacy Bath Salt Online"}]},{"@type":"WebSite","@id":"https:\/\/legitgrams.com\/#website","url":"https:\/\/legitgrams.com\/","name":"Legit Grams","description":"Az \u00e9n WordPress blogom","publisher":{"@id":"https:\/\/legitgrams.com\/#organization"},"potentialAction":[{"@type":"SearchAction","target":{"@type":"EntryPoint","urlTemplate":"https:\/\/legitgrams.com\/?s={search_term_string}"},"query-input":{"@type":"PropertyValueSpecification","valueRequired":true,"valueName":"search_term_string"}}],"inLanguage":"hu"},{"@type":"Organization","@id":"https:\/\/legitgrams.com\/#organization","name":"Legit Grams","url":"https:\/\/legitgrams.com\/","logo":{"@type":"ImageObject","inLanguage":"hu","@id":"https:\/\/legitgrams.com\/#\/schema\/logo\/image\/","url":"https:\/\/legitgrams.com\/wp-content\/uploads\/2024\/09\/main-logo.png","contentUrl":"https:\/\/legitgrams.com\/wp-content\/uploads\/2024\/09\/main-logo.png","width":270,"height":75,"caption":"Legit Grams"},"image":{"@id":"https:\/\/legitgrams.com\/#\/schema\/logo\/image\/"}}]}},"uagb_featured_image_src":{"full":["https:\/\/legitgrams.com\/wp-content\/uploads\/2024\/09\/buy-sextacy-bath-salt-online.jpg",600,600,false],"thumbnail":["https:\/\/legitgrams.com\/wp-content\/uploads\/2024\/09\/buy-sextacy-bath-salt-online-150x150.jpg",150,150,true],"medium":["https:\/\/legitgrams.com\/wp-content\/uploads\/2024\/09\/buy-sextacy-bath-salt-online-300x300.jpg",300,300,true],"medium_large":["https:\/\/legitgrams.com\/wp-content\/uploads\/2024\/09\/buy-sextacy-bath-salt-online.jpg",600,600,false],"large":["https:\/\/legitgrams.com\/wp-content\/uploads\/2024\/09\/buy-sextacy-bath-salt-online.jpg",600,600,false],"1536x1536":["https:\/\/legitgrams.com\/wp-content\/uploads\/2024\/09\/buy-sextacy-bath-salt-online.jpg",600,600,false],"2048x2048":["https:\/\/legitgrams.com\/wp-content\/uploads\/2024\/09\/buy-sextacy-bath-salt-online.jpg",600,600,false],"trp-custom-language-flag":["https:\/\/legitgrams.com\/wp-content\/uploads\/2024\/09\/buy-sextacy-bath-salt-online-12x12.jpg",12,12,true],"woocommerce_thumbnail":["https:\/\/legitgrams.com\/wp-content\/uploads\/2024\/09\/buy-sextacy-bath-salt-online-300x300.jpg",300,300,true],"woocommerce_single":["https:\/\/legitgrams.com\/wp-content\/uploads\/2024\/09\/buy-sextacy-bath-salt-online.jpg",600,600,false],"woocommerce_gallery_thumbnail":["https:\/\/legitgrams.com\/wp-content\/uploads\/2024\/09\/buy-sextacy-bath-salt-online-100x100.jpg",100,100,true]},"uagb_author_info":{"display_name":"cokeblog18","author_link":"https:\/\/legitgrams.com\/hu\/author\/"},"uagb_comment_info":0,"uagb_excerpt":"Get High-Quality Sextacy Bath Salt Online Concentrated Bath Salts from Sextacy. But unwind and lose yourself in sextacy. To naturally soften the water, pour the contents into a hot tub. This will help you feel very relaxed and at ease. LegitGrams We kindly ask that you test your body&#8217;s tolerance by using a very little&hellip;","_links":{"self":[{"href":"https:\/\/legitgrams.com\/hu\/wp-json\/wp\/v2\/product\/3937","targetHints":{"allow":["GET"]}}],"collection":[{"href":"https:\/\/legitgrams.com\/hu\/wp-json\/wp\/v2\/product"}],"about":[{"href":"https:\/\/legitgrams.com\/hu\/wp-json\/wp\/v2\/types\/product"}],"replies":[{"embeddable":true,"href":"https:\/\/legitgrams.com\/hu\/wp-json\/wp\/v2\/comments?post=3937"}],"wp:featuredmedia":[{"embeddable":true,"href":"https:\/\/legitgrams.com\/hu\/wp-json\/wp\/v2\/media\/5315"}],"wp:attachment":[{"href":"https:\/\/legitgrams.com\/hu\/wp-json\/wp\/v2\/media?parent=3937"}],"wp:term":[{"taxonomy":"product_brand","embeddable":true,"href":"https:\/\/legitgrams.com\/hu\/wp-json\/wp\/v2\/product_brand?post=3937"},{"taxonomy":"product_cat","embeddable":true,"href":"https:\/\/legitgrams.com\/hu\/wp-json\/wp\/v2\/product_cat?post=3937"},{"taxonomy":"product_tag","embeddable":true,"href":"https:\/\/legitgrams.com\/hu\/wp-json\/wp\/v2\/product_tag?post=3937"}],"curies":[{"name":"wp","href":"https:\/\/api.w.org\/{rel}","templated":true}]}}