{"id":3938,"date":"2024-09-20T11:52:53","date_gmt":"2024-09-20T11:52:53","guid":{"rendered":"https:\/\/legitgrams.com\/?post_type=product&#038;p=3938"},"modified":"2026-03-22T12:58:36","modified_gmt":"2026-03-22T12:58:36","slug":"jwh-210-vegyi-por","status":"publish","type":"product","link":"https:\/\/legitgrams.com\/hu\/termek\/jwh-210-vegyi-por\/","title":{"rendered":"V\u00e1s\u00e1rl\u00e1s JWH-210 k\u00e9miai por Online"},"content":{"rendered":"<h2>V\u00e1s\u00e1roljon JWH-210 vegyi port online<\/h2>\n<p>V\u00e1s\u00e1rl\u00e1s <a href=\"https:\/\/legitgrams.com\/hu\/termek\/jwh-210-vegyi-por\/\">JWH-210<\/a> K\u00e9miai por online. <a href=\"https:\/\/duckduckgo.com\/?q=Buy+JWH-210+Chemical+Powder+Online&amp;t=h_&amp;ia=web\">JWH-210 (1-pentilindol-3-il) 4-etil-naftalin-1-ilJWH-210<\/a> methanone n\u00e9ven is ismert. er\u0151s kannabiszk\u00e9nt m\u0171k\u00f6dik.<\/p>\n<p><a href=\"https:\/\/www.bing.com\/search?q=VsroljonJWH-210Chemicalportonline&amp;qs=n&amp;form=QBRE&amp;sp=-1&amp;lq=0&amp;pq=vsroljonmetizolamportonline&amp;sc=0-32&amp;sk=&amp;cvid=F02502CB280F432D903C5F107A05F299&amp;ghsh=0&amp;ghacc=0&amp;ghpl=\">A JWH-210 online v\u00e1s\u00e1rl\u00e1sa<\/a> na Amazon.com. JWH-210 \u00e9 um analg\u00e9sico pertencente \u00e0 fam\u00edlia naftoilindol que funciona como um potente agonista canabinoide nos receptores CB1 e CB2, com um valor de Ki de 0,46 nM para CB1 e 0,69 nM para CB2. Com um Ki (afinidade de liga\u00e7\u00e3o) menor no CB1 do que seus hom\u00f3logos 4-metil e 4-n-propil, JWH-122 (CB1 Ki 0,69 nM), \u00e9 um dos derivados naftil 4-substitu\u00eddos mais eficazes da s\u00e9rie naftoilindol. e JWH-081 (CB1 Ki 1,2 nM) ou JWH-182 (CB1 Ki 0,65 nM), que s\u00e3o mol\u00e9culas 4-metoxi [2]. nomeado em homenagem a John W. Huffman. <a href=\"https:\/\/legitgrams.com\/hu\/\">LegitGrams<\/a><\/p>\n<p><a href=\"https:\/\/www.google.com\/search?q=Buy+JWH-210+Chemical+Powder+Online&amp;num=10&amp;sca_esv=1a2a07081c7891bb&amp;rlz=1C1RXQR_enIN1098IN1098&amp;sxsrf=AHTn8zqywtibGM0WfwlHeWVG4ugK_PVb2w%3A1741162135136&amp;ei=lwbIZ-D8B5yc4-EPlvHi6QM&amp;ved=0ahUKEwigpL60vvKLAxUczjgGHZa4OD0Q4dUDCBA&amp;uact=5&amp;oq=Buy+JWH-210+Chemical+Powder+Online&amp;gs_lp=Egxnd3Mtd2l6LXNlcnAiIkJ1eSBKV0gtMjEwIENoZW1pY2FsIFBvd2RlciBPbmxpbmUyBRAhGKABSK4GUIEDWIEDcAJ4AJABAJgB5AGgAeQBqgEDMi0xuAEDyAEA-AEC-AEBmAIBoALxAZgDAIgGAZIHAzItMaAH1wE&amp;sclient=gws-wiz-serp\">v\u00e1s\u00e1rolni JWH-210 k\u00e9miai por online<\/a> - v\u00e1s\u00e1rolni por, v\u00e1s\u00e1rolni por, v\u00e1s\u00e1rolni por online, hol lehet v\u00e1s\u00e1rolni JWH-210 k\u00e9miai por, v\u00e1s\u00e1rolni por, v\u00e1s\u00e1rolni por, v\u00e1s\u00e1rolni JWH-210 k\u00e9miai por, v\u00e1s\u00e1rolni JWH-210 k\u00e9miai por, megvenni <a href=\"https:\/\/en.wikipedia.org\/wiki\/JWH-210\">JWH-210<\/a> vegyi port v\u00e1s\u00e1roljon, JWH-210 vegyi port v\u00e1s\u00e1roljon, JWH-210 vegyi port v\u00e1s\u00e1roljon, JWH-210 vegyi port v\u00e1s\u00e1roljon, JWH-210 vegyi port v\u00e1s\u00e1roljon, JWH-210 vegyi port v\u00e1s\u00e1roljon, JWH-210 vegyi port v\u00e1s\u00e1roljon, JWH-210 vegyi port v\u00e1s\u00e1roljon por, v\u00e1s\u00e1roljon JWH-210 vegyi port, v\u00e1s\u00e1roljon online, sz\u00e1ll\u00edt\u00f3k, biztons\u00e1gos sz\u00e1ll\u00edt\u00e1s, a JWH-210 vegyi por tov\u00e1bbra is el\u00e9rhet\u0151; ellen\u0151rizheti annak jogszer\u0171s\u00e9g\u00e9t az Egyes\u00fclt \u00c1llamokban, megv\u00e1s\u00e1rolhatja online az Egyes\u00fclt \u00c1llamokban, megtanulhatja, hogyan adhat le rendel\u00e9st, \u00e9s ellen\u0151rizheti Kanad\u00e1ban.<\/p>\n<h2><\/h2>\n<h2><\/h2>\n<p>&nbsp;<\/p>","protected":false},"excerpt":{"rendered":"<p>Purchase Chemical Powder JWH-210 Online Purchase JWH-210 Chemical Powder Online. JWH-210 (1-pentylindol-3-yl) 4-ethylnaphthalen-1-ylJWH-210 is also known as methanone. functions as a potent cannabis. Purchase the JWH-210 online at Amazon.com. JWH-210 is a painkiller belonging to the naphthoylindole family that functions as a potent cannabinoid agonist at CB1 and CB2 receptors, with a Ki value of &hellip;<\/p>\n<p class=\"read-more\"> <a class=\"\" href=\"https:\/\/legitgrams.com\/hu\/termek\/jwh-210-vegyi-por\/\"> <span class=\"screen-reader-text\">V\u00e1s\u00e1rl\u00e1s JWH-210 k\u00e9miai por Online<\/span> Olvass tov\u00e1bb \"<\/a><\/p>","protected":false},"featured_media":5282,"comment_status":"open","ping_status":"closed","template":"","meta":{"_uag_custom_page_level_css":"","site-sidebar-layout":"default","site-content-layout":"default","ast-global-header-display":"","ast-main-header-display":"","ast-hfb-above-header-display":"","ast-hfb-below-header-display":"","ast-hfb-mobile-header-display":"","site-post-title":"","ast-breadcrumbs-content":"","ast-featured-img":"","footer-sml-layout":"","theme-transparent-header-meta":"default","adv-header-id-meta":"","stick-header-meta":"default","header-above-stick-meta":"","header-main-stick-meta":"","header-below-stick-meta":"","_joinchat":[]},"product_brand":[],"product_cat":[600],"product_tag":[3659,3649,617,3641,3656,3653,3648,3640,3643,3644,3651,3642,3652,3654,3661,3662,3660,3657,3646,3658,3655,625,3647,3650,3645],"class_list":{"0":"post-3938","1":"product","2":"type-product","3":"status-publish","4":"has-post-thumbnail","6":"product_cat-research-chemicals-and-bath-salt","7":"product_tag-best-cheap-price-jwh-210-chemical-powder","8":"product_tag-best-place-to-buy-jwh-210-chemical-powder","9":"product_tag-bulk-online","10":"product_tag-buy-jwh-210-chemical-powder","11":"product_tag-cheap-jwh-210-chemical-powder","12":"product_tag-high-quality-jwh-210-chemical-powder","13":"product_tag-how-to-buy-jwh-210-chemical-powder","14":"product_tag-jwh-210-chemical-powder","15":"product_tag-jwh-210-chemical-powder-for-sale","16":"product_tag-jwh-210-chemical-powder-jwh-210-chemical-powder-supplier","17":"product_tag-jwh-210-chemical-powder-legally","18":"product_tag-jwh-210-chemical-powder-online","19":"product_tag-jwh-210-chemical-powder-price","20":"product_tag-jwh-210-chemical-powder-store","21":"product_tag-jwh-210-chemical-powder-use","22":"product_tag-jwh-210-chemical-powder-wiki","23":"product_tag-jwh-210-chemical-powder-worldwide","24":"product_tag-jwh-210-chemical-powders","25":"product_tag-order-jwh-210-chemical-powder","26":"product_tag-purcharse-jwh-210-chemical-powder","27":"product_tag-shop-jwh-210-chemical-powder","28":"product_tag-top-quality","29":"product_tag-where-to-buy-jwh-210-chemical-powder","30":"product_tag-where-to-order-jwh-210-chemical-powder","31":"product_tag-wholesale-jwh-210-chemical-powder","32":"desktop-align-left","33":"tablet-align-left","34":"mobile-align-left","35":"ast-product-gallery-layout-horizontal","36":"ast-product-gallery-with-no-image","37":"ast-product-single-variable","38":"ast-product-tabs-layout-horizontal","39":"ast-qv-on-image","41":"first","42":"instock","43":"shipping-taxable","44":"purchasable","45":"product-type-variable"},"yoast_head":"<!-- This site is optimized with the Yoast SEO plugin v25.9 - https:\/\/yoast.com\/wordpress\/plugins\/seo\/ -->\n<title>JWH-210 Chemical Powder for Sale - Buy JWH-210 Online<\/title>\n<meta name=\"description\" content=\"You can get JWH-210 Chemical Powder for sale at our store and get it at your doorstep without any hassle. We will help you to buy JWH-210 Chemical Powder online. Shop Now for the best deals on JWH-210. Free shipping on orders over $50.\" \/>\n<meta name=\"robots\" content=\"index, follow, max-snippet:-1, max-image-preview:large, max-video-preview:-1\" \/>\n<link rel=\"canonical\" href=\"https:\/\/legitgrams.com\/hu\/termek\/jwh-210-vegyi-por\/\" \/>\n<meta property=\"og:locale\" content=\"hu_HU\" \/>\n<meta property=\"og:type\" content=\"article\" \/>\n<meta property=\"og:title\" content=\"JWH-210 Chemical Powder for Sale - Buy JWH-210 Online\" \/>\n<meta property=\"og:description\" content=\"You can get JWH-210 Chemical Powder for sale at our store and get it at your doorstep without any hassle. We will help you to buy JWH-210 Chemical Powder online. Shop Now for the best deals on JWH-210. Free shipping on orders over $50.\" \/>\n<meta property=\"og:url\" content=\"https:\/\/legitgrams.com\/hu\/termek\/jwh-210-vegyi-por\/\" \/>\n<meta property=\"og:site_name\" content=\"Legit Grams\" \/>\n<meta property=\"article:modified_time\" content=\"2026-03-22T12:58:36+00:00\" \/>\n<meta property=\"og:image\" content=\"https:\/\/legitgrams.com\/wp-content\/uploads\/2024\/09\/Buy-JWH-210-Chemical-Powder-Online.jpg\" \/>\n\t<meta property=\"og:image:width\" content=\"600\" \/>\n\t<meta property=\"og:image:height\" content=\"600\" \/>\n\t<meta property=\"og:image:type\" content=\"image\/jpeg\" \/>\n<meta name=\"twitter:card\" content=\"summary_large_image\" \/>\n<meta name=\"twitter:label1\" content=\"Becs\u00fclt olvas\u00e1si id\u0151\" \/>\n\t<meta name=\"twitter:data1\" content=\"2 perc\" \/>\n<script type=\"application\/ld+json\" class=\"yoast-schema-graph\">{\"@context\":\"https:\/\/schema.org\",\"@graph\":[{\"@type\":\"WebPage\",\"@id\":\"https:\/\/legitgrams.com\/product\/jwh-210-chemical-powder\/\",\"url\":\"https:\/\/legitgrams.com\/product\/jwh-210-chemical-powder\/\",\"name\":\"JWH-210 Chemical Powder for Sale - Buy JWH-210 Online\",\"isPartOf\":{\"@id\":\"https:\/\/legitgrams.com\/#website\"},\"primaryImageOfPage\":{\"@id\":\"https:\/\/legitgrams.com\/product\/jwh-210-chemical-powder\/#primaryimage\"},\"image\":{\"@id\":\"https:\/\/legitgrams.com\/product\/jwh-210-chemical-powder\/#primaryimage\"},\"thumbnailUrl\":\"https:\/\/legitgrams.com\/wp-content\/uploads\/2024\/09\/Buy-JWH-210-Chemical-Powder-Online.jpg\",\"datePublished\":\"2024-09-20T11:52:53+00:00\",\"dateModified\":\"2026-03-22T12:58:36+00:00\",\"description\":\"You can get JWH-210 Chemical Powder for sale at our store and get it at your doorstep without any hassle. We will help you to buy JWH-210 Chemical Powder online. Shop Now for the best deals on JWH-210. Free shipping on orders over $50.\",\"breadcrumb\":{\"@id\":\"https:\/\/legitgrams.com\/product\/jwh-210-chemical-powder\/#breadcrumb\"},\"inLanguage\":\"hu\",\"potentialAction\":[{\"@type\":\"ReadAction\",\"target\":[\"https:\/\/legitgrams.com\/product\/jwh-210-chemical-powder\/\"]}]},{\"@type\":\"ImageObject\",\"inLanguage\":\"hu\",\"@id\":\"https:\/\/legitgrams.com\/product\/jwh-210-chemical-powder\/#primaryimage\",\"url\":\"https:\/\/legitgrams.com\/wp-content\/uploads\/2024\/09\/Buy-JWH-210-Chemical-Powder-Online.jpg\",\"contentUrl\":\"https:\/\/legitgrams.com\/wp-content\/uploads\/2024\/09\/Buy-JWH-210-Chemical-Powder-Online.jpg\",\"width\":600,\"height\":600,\"caption\":\"JWH-210 Chemical Powder for Sale\"},{\"@type\":\"BreadcrumbList\",\"@id\":\"https:\/\/legitgrams.com\/product\/jwh-210-chemical-powder\/#breadcrumb\",\"itemListElement\":[{\"@type\":\"ListItem\",\"position\":1,\"name\":\"Home\",\"item\":\"https:\/\/legitgrams.com\/\"},{\"@type\":\"ListItem\",\"position\":2,\"name\":\"Shop\",\"item\":\"https:\/\/legitgrams.com\/shop\/\"},{\"@type\":\"ListItem\",\"position\":3,\"name\":\"Buy JWH-210 Chemical Powder Online\"}]},{\"@type\":\"WebSite\",\"@id\":\"https:\/\/legitgrams.com\/#website\",\"url\":\"https:\/\/legitgrams.com\/\",\"name\":\"Legit Grams\",\"description\":\"My WordPress Blog\",\"publisher\":{\"@id\":\"https:\/\/legitgrams.com\/#organization\"},\"potentialAction\":[{\"@type\":\"SearchAction\",\"target\":{\"@type\":\"EntryPoint\",\"urlTemplate\":\"https:\/\/legitgrams.com\/?s={search_term_string}\"},\"query-input\":{\"@type\":\"PropertyValueSpecification\",\"valueRequired\":true,\"valueName\":\"search_term_string\"}}],\"inLanguage\":\"hu\"},{\"@type\":\"Organization\",\"@id\":\"https:\/\/legitgrams.com\/#organization\",\"name\":\"Legit Grams\",\"url\":\"https:\/\/legitgrams.com\/\",\"logo\":{\"@type\":\"ImageObject\",\"inLanguage\":\"hu\",\"@id\":\"https:\/\/legitgrams.com\/#\/schema\/logo\/image\/\",\"url\":\"https:\/\/legitgrams.com\/wp-content\/uploads\/2024\/09\/main-logo.png\",\"contentUrl\":\"https:\/\/legitgrams.com\/wp-content\/uploads\/2024\/09\/main-logo.png\",\"width\":270,\"height\":75,\"caption\":\"Legit Grams\"},\"image\":{\"@id\":\"https:\/\/legitgrams.com\/#\/schema\/logo\/image\/\"}}]}<\/script>\n<!-- \/ Yoast SEO plugin. -->","yoast_head_json":{"title":"JWH-210 vegyi por elad\u00f3 - JWH-210 v\u00e1s\u00e1rl\u00e1s online","description":"A JWH-210 vegyi por elad\u00f3 a boltunkban, \u00e9s minden gond n\u00e9lk\u00fcl megkaphatja a h\u00e1za t\u00e1j\u00e1n. Seg\u00edt\u00fcnk \u00d6nnek megv\u00e1s\u00e1rolni a JWH-210 k\u00e9miai por online. V\u00e1s\u00e1roljon most a JWH-210 legjobb aj\u00e1nlatai\u00e9rt. Ingyenes sz\u00e1ll\u00edt\u00e1s $50 feletti rendel\u00e9sek eset\u00e9n.","robots":{"index":"index","follow":"follow","max-snippet":"max-snippet:-1","max-image-preview":"max-image-preview:large","max-video-preview":"max-video-preview:-1"},"canonical":"https:\/\/legitgrams.com\/hu\/termek\/jwh-210-vegyi-por\/","og_locale":"hu_HU","og_type":"article","og_title":"JWH-210 Chemical Powder for Sale - Buy JWH-210 Online","og_description":"You can get JWH-210 Chemical Powder for sale at our store and get it at your doorstep without any hassle. We will help you to buy JWH-210 Chemical Powder online. Shop Now for the best deals on JWH-210. Free shipping on orders over $50.","og_url":"https:\/\/legitgrams.com\/hu\/termek\/jwh-210-vegyi-por\/","og_site_name":"Legit Grams","article_modified_time":"2026-03-22T12:58:36+00:00","og_image":[{"width":600,"height":600,"url":"https:\/\/legitgrams.com\/wp-content\/uploads\/2024\/09\/Buy-JWH-210-Chemical-Powder-Online.jpg","type":"image\/jpeg"}],"twitter_card":"summary_large_image","twitter_misc":{"Becs\u00fclt olvas\u00e1si id\u0151":"2 perc"},"schema":{"@context":"https:\/\/schema.org","@graph":[{"@type":"WebPage","@id":"https:\/\/legitgrams.com\/product\/jwh-210-chemical-powder\/","url":"https:\/\/legitgrams.com\/product\/jwh-210-chemical-powder\/","name":"JWH-210 vegyi por elad\u00f3 - JWH-210 v\u00e1s\u00e1rl\u00e1s online","isPartOf":{"@id":"https:\/\/legitgrams.com\/#website"},"primaryImageOfPage":{"@id":"https:\/\/legitgrams.com\/product\/jwh-210-chemical-powder\/#primaryimage"},"image":{"@id":"https:\/\/legitgrams.com\/product\/jwh-210-chemical-powder\/#primaryimage"},"thumbnailUrl":"https:\/\/legitgrams.com\/wp-content\/uploads\/2024\/09\/Buy-JWH-210-Chemical-Powder-Online.jpg","datePublished":"2024-09-20T11:52:53+00:00","dateModified":"2026-03-22T12:58:36+00:00","description":"A JWH-210 vegyi por elad\u00f3 a boltunkban, \u00e9s minden gond n\u00e9lk\u00fcl megkaphatja a h\u00e1za t\u00e1j\u00e1n. Seg\u00edt\u00fcnk \u00d6nnek megv\u00e1s\u00e1rolni a JWH-210 k\u00e9miai por online. V\u00e1s\u00e1roljon most a JWH-210 legjobb aj\u00e1nlatai\u00e9rt. Ingyenes sz\u00e1ll\u00edt\u00e1s $50 feletti rendel\u00e9sek eset\u00e9n.","breadcrumb":{"@id":"https:\/\/legitgrams.com\/product\/jwh-210-chemical-powder\/#breadcrumb"},"inLanguage":"hu","potentialAction":[{"@type":"ReadAction","target":["https:\/\/legitgrams.com\/product\/jwh-210-chemical-powder\/"]}]},{"@type":"ImageObject","inLanguage":"hu","@id":"https:\/\/legitgrams.com\/product\/jwh-210-chemical-powder\/#primaryimage","url":"https:\/\/legitgrams.com\/wp-content\/uploads\/2024\/09\/Buy-JWH-210-Chemical-Powder-Online.jpg","contentUrl":"https:\/\/legitgrams.com\/wp-content\/uploads\/2024\/09\/Buy-JWH-210-Chemical-Powder-Online.jpg","width":600,"height":600,"caption":"JWH-210 Chemical Powder for Sale"},{"@type":"BreadcrumbList","@id":"https:\/\/legitgrams.com\/product\/jwh-210-chemical-powder\/#breadcrumb","itemListElement":[{"@type":"ListItem","position":1,"name":"Home","item":"https:\/\/legitgrams.com\/"},{"@type":"ListItem","position":2,"name":"Shop","item":"https:\/\/legitgrams.com\/shop\/"},{"@type":"ListItem","position":3,"name":"Buy JWH-210 Chemical Powder Online"}]},{"@type":"WebSite","@id":"https:\/\/legitgrams.com\/#website","url":"https:\/\/legitgrams.com\/","name":"Legit Grams","description":"Az \u00e9n WordPress blogom","publisher":{"@id":"https:\/\/legitgrams.com\/#organization"},"potentialAction":[{"@type":"SearchAction","target":{"@type":"EntryPoint","urlTemplate":"https:\/\/legitgrams.com\/?s={search_term_string}"},"query-input":{"@type":"PropertyValueSpecification","valueRequired":true,"valueName":"search_term_string"}}],"inLanguage":"hu"},{"@type":"Organization","@id":"https:\/\/legitgrams.com\/#organization","name":"Legit Grams","url":"https:\/\/legitgrams.com\/","logo":{"@type":"ImageObject","inLanguage":"hu","@id":"https:\/\/legitgrams.com\/#\/schema\/logo\/image\/","url":"https:\/\/legitgrams.com\/wp-content\/uploads\/2024\/09\/main-logo.png","contentUrl":"https:\/\/legitgrams.com\/wp-content\/uploads\/2024\/09\/main-logo.png","width":270,"height":75,"caption":"Legit Grams"},"image":{"@id":"https:\/\/legitgrams.com\/#\/schema\/logo\/image\/"}}]}},"uagb_featured_image_src":{"full":["https:\/\/legitgrams.com\/wp-content\/uploads\/2024\/09\/Buy-JWH-210-Chemical-Powder-Online.jpg",600,600,false],"thumbnail":["https:\/\/legitgrams.com\/wp-content\/uploads\/2024\/09\/Buy-JWH-210-Chemical-Powder-Online-150x150.jpg",150,150,true],"medium":["https:\/\/legitgrams.com\/wp-content\/uploads\/2024\/09\/Buy-JWH-210-Chemical-Powder-Online-300x300.jpg",300,300,true],"medium_large":["https:\/\/legitgrams.com\/wp-content\/uploads\/2024\/09\/Buy-JWH-210-Chemical-Powder-Online.jpg",600,600,false],"large":["https:\/\/legitgrams.com\/wp-content\/uploads\/2024\/09\/Buy-JWH-210-Chemical-Powder-Online.jpg",600,600,false],"1536x1536":["https:\/\/legitgrams.com\/wp-content\/uploads\/2024\/09\/Buy-JWH-210-Chemical-Powder-Online.jpg",600,600,false],"2048x2048":["https:\/\/legitgrams.com\/wp-content\/uploads\/2024\/09\/Buy-JWH-210-Chemical-Powder-Online.jpg",600,600,false],"trp-custom-language-flag":["https:\/\/legitgrams.com\/wp-content\/uploads\/2024\/09\/Buy-JWH-210-Chemical-Powder-Online-12x12.jpg",12,12,true],"woocommerce_thumbnail":["https:\/\/legitgrams.com\/wp-content\/uploads\/2024\/09\/Buy-JWH-210-Chemical-Powder-Online-300x300.jpg",300,300,true],"woocommerce_single":["https:\/\/legitgrams.com\/wp-content\/uploads\/2024\/09\/Buy-JWH-210-Chemical-Powder-Online.jpg",600,600,false],"woocommerce_gallery_thumbnail":["https:\/\/legitgrams.com\/wp-content\/uploads\/2024\/09\/Buy-JWH-210-Chemical-Powder-Online-100x100.jpg",100,100,true]},"uagb_author_info":{"display_name":"cokeblog18","author_link":"https:\/\/legitgrams.com\/hu\/author\/"},"uagb_comment_info":20,"uagb_excerpt":"Purchase Chemical Powder JWH-210 Online Purchase JWH-210 Chemical Powder Online. JWH-210 (1-pentylindol-3-yl) 4-ethylnaphthalen-1-ylJWH-210 is also known as methanone. functions as a potent cannabis. Purchase the JWH-210 online at Amazon.com. JWH-210 is a painkiller belonging to the naphthoylindole family that functions as a potent cannabinoid agonist at CB1 and CB2 receptors, with a Ki value of&hellip;","_links":{"self":[{"href":"https:\/\/legitgrams.com\/hu\/wp-json\/wp\/v2\/product\/3938","targetHints":{"allow":["GET"]}}],"collection":[{"href":"https:\/\/legitgrams.com\/hu\/wp-json\/wp\/v2\/product"}],"about":[{"href":"https:\/\/legitgrams.com\/hu\/wp-json\/wp\/v2\/types\/product"}],"replies":[{"embeddable":true,"href":"https:\/\/legitgrams.com\/hu\/wp-json\/wp\/v2\/comments?post=3938"}],"wp:featuredmedia":[{"embeddable":true,"href":"https:\/\/legitgrams.com\/hu\/wp-json\/wp\/v2\/media\/5282"}],"wp:attachment":[{"href":"https:\/\/legitgrams.com\/hu\/wp-json\/wp\/v2\/media?parent=3938"}],"wp:term":[{"taxonomy":"product_brand","embeddable":true,"href":"https:\/\/legitgrams.com\/hu\/wp-json\/wp\/v2\/product_brand?post=3938"},{"taxonomy":"product_cat","embeddable":true,"href":"https:\/\/legitgrams.com\/hu\/wp-json\/wp\/v2\/product_cat?post=3938"},{"taxonomy":"product_tag","embeddable":true,"href":"https:\/\/legitgrams.com\/hu\/wp-json\/wp\/v2\/product_tag?post=3938"}],"curies":[{"name":"wp","href":"https:\/\/api.w.org\/{rel}","templated":true}]}}