{"id":3946,"date":"2024-09-20T12:28:50","date_gmt":"2024-09-20T12:28:50","guid":{"rendered":"https:\/\/legitgrams.com\/?post_type=product&#038;p=3946"},"modified":"2025-04-04T11:51:34","modified_gmt":"2025-04-04T11:51:34","slug":"nagykereskedelmi-bk-etil-k-vegyszer","status":"publish","type":"product","link":"https:\/\/legitgrams.com\/hu\/termek\/nagykereskedelmi-bk-etil-k-vegyszer\/","title":{"rendered":"V\u00e1s\u00e1roljon nagykereskedelmi bk-Ethyl-K Chemical-t online"},"content":{"rendered":"<h2>BK-Ethyl-K vegyi anyag nagykereskedelmi \u00e1ron elad\u00f3<\/h2>\n<p><a href=\"https:\/\/www.bing.com\/search?q=Buy%20Wholesale%20bk%20-Ethyl-K%20Chemical%20Online&amp;qs=n&amp;form=QBRE&amp;sp=-1&amp;ghc=1&amp;lq=0&amp;pq=buy%20wholesale%20bk%20-ethyl-k%20chemical%20online&amp;sc=12-41&amp;sk=&amp;cvid=919EBB78E41F42A293B38CC78C483C67&amp;ghsh=0&amp;ghacc=0&amp;ghpl=\">Bk ethyl k<\/a>, m\u00e1s n\u00e9ven etilen, egy entaktog\u00e9n energiz\u00e1l\u00f3szer, amelyet gyakran 3,4-metil\u00e9ndioxi-N-etilkatinonk\u00e9nt eml\u00edtenek. Az etilen term\u00e9kneve 1-(1,3-benzodioxol-5-il)-2-(etilamino)-1-propanon. A szubnukle\u00e1ris k\u00e9plete C12H15NO3, rendes t\u00f6mege 221,251999 Da \u00e9s monoizot\u00f3pos t\u00f6mege 221,104996 Da. V\u00e1s\u00e1roljon etil\u00e9nt tartalmaz\u00f3 porcel\u00e1nt. Az egyik dr\u00e1ga k\u0151, amelyet meg lehet v\u00e1s\u00e1rolni, az etilen. Fektessen be etil\u00e9n alap\u00fa ritka k\u00f6vekbe. Etil\u00e9n forgalmaz\u00f3ja. V\u00e1s\u00e1rl\u00e1s<a href=\"https:\/\/www.google.com\/search?q=Buy+Wholesale+bk+-Ethyl-K+Chemical+Online&amp;num=10&amp;sca_esv=1a2a07081c7891bb&amp;rlz=1C1RXQR_enIN1098IN1098&amp;sxsrf=AHTn8zovVQWqUSOerpgGSbtwr5gmnjUsyw%3A1741758961995&amp;ei=8SHRZ7ipPJaO4-EPs5zk0AY&amp;ved=0ahUKEwj45drh7YOMAxUWxzgGHTMOGWoQ4dUDCBA&amp;uact=5&amp;oq=Buy+Wholesale+bk+-Ethyl-K+Chemical+Online&amp;gs_lp=Egxnd3Mtd2l6LXNlcnAiKUJ1eSBXaG9sZXNhbGUgYmsgLUV0aHlsLUsgQ2hlbWljYWwgT25saW5lSMcHUOEDWOEDcAN4AJABAJgBkQGgAZEBqgEDMC4xuAEDyAEA-AEC-AEBmAIAoAIAmAMAiAYBkgcAoAdW&amp;sclient=gws-wiz-serp\"> ethylone<\/a> at a discount. reimbursement Ethylene<\/p>\n<p>A ChemAxon \u00e9s az ACD\/Labs egy\u00fcttm\u0171k\u00f6dve fejezt\u00e9k be a <a href=\"https:\/\/duckduckgo.com\/?q=Buy+Wholesale+bk+-Ethyl-K+Chemical+Online&amp;t=h_&amp;ia=web\">Ethylone<\/a> \u00e9rt\u00e9kel\u00e9s. 1,54-es t\u00f6r\u00e9si rekord 44,3470001220703 dyne\/cm fel\u00fcleti nyom\u00e1si t\u00e9nyez\u0151vel, 172,845 \u00b0C m\u00f6g\u00f6tti robban\u00e1si motiv\u00e1ci\u00f3, n\u00e9gy #H biztons\u00e1gi akceptor, n\u00e9gy #szabadon forg\u00f3 biztos\u00edt\u00e9k \u00e9s 362,188 \u00b0C-os korl\u00e1toz\u00e1s, amely 760 ACD\/bLass-n\u00e1l v\u00e1rhat\u00f3 AmmHg.<\/p>\n<h3>Ez a kutat\u00e1si \u00e9s logikai alkalmaz\u00e1sok szok\u00e1sos gyakorlata.<\/h3>\n<p>Ez az elem azzal a c\u00e9llal j\u00f6tt l\u00e9tre, hogy megfeleljen a Guide 34:2009 \u00e9s ISO17025:2005 szabv\u00e1nyainak.<\/p>\n<p>Mi vagyunk a legjobb egyes\u00fclet, \u00e9s gyors kapcsolatokat \u00e1polunk sz\u00e1mos besz\u00e1ll\u00edt\u00f3val \u00e9s gy\u00e1rt\u00f3val szerte a vil\u00e1gon. \u00dcgyfeleinknek mindig a legjobb min\u0151s\u00e9g\u0171 dolgokat adjuk az \u00e9rt\u00e9kel\u00e9shez! l\u00e9nyeg\u00e9ben ugyanaz, amit \u00e1ltal\u00e1ban elv\u00e1runk a felv\u00e1s\u00e1rl\u00e1sokt\u00f3l.<\/p>\n<p>Emiatt a legjobb term\u00e9keket v\u00e1s\u00e1rolhatjuk meg a legjobb \u00e1ron, \u00e9s ezt a megtakar\u00edt\u00e1st tov\u00e1bbadjuk \u00d6nnek!<\/p>\n<p>Minden, amit eladunk, a legmagasabb kaliber\u0171, \u00e9s minden \u00fcgyfel\u00fcnket megk\u00e9rj\u00fck, hogy a pontoss\u00e1g \u00e9s az eredetis\u00e9g biztos\u00edt\u00e1sa \u00e9rdek\u00e9ben GC\/MS-sel vizsg\u00e1lja meg a v\u00e1s\u00e1rolt term\u00e9keket. Minden sz\u00e1ll\u00edtm\u00e1nyt saj\u00e1t tesztel\u00e9snek vet\u00fcnk al\u00e1, hogy megbizonyosodjunk arr\u00f3l, hogy nincsenek hib\u00e1s alkatr\u00e9szek, \u00e9s hogy \u00fcgyfeleink pontosan azt kapj\u00e1k, amit megrendeltek. B\u00fcszk\u00e9k vagyunk arra, hogy k\u00e9pesek vagyunk \u00fcgyfeleinket kiel\u00e9g\u00edteni. <a href=\"https:\/\/legitgrams.com\/hu\/\">LegitGrams<\/a><\/p>\n<p>Az \u00d6nnel val\u00f3 \u00fczletk\u00f6t\u00e9si k\u00e9pess\u00e9g\u00fcnk att\u00f3l f\u00fcgg, hogy k\u00e9pesek vagyunk-e teljes m\u00e9rt\u00e9kben \u00e9s egy\u00fcttm\u0171k\u00f6d\u0151en kezelni minden k\u00e9r\u00e9st, f\u00fcggetlen\u00fcl annak term\u00e9szet\u00e9t\u0151l. Kem\u00e9nyen dolgozunk, hogy a legjobb drogokat \u00e9s finom t\u0171zij\u00e1t\u00e9kokat a lehet\u0151 legjobb \u00e1ron k\u00edn\u00e1ljuk \u00d6nnek, valamint a lehet\u0151 legtitkosabb sz\u00e1ll\u00edt\u00e1st, \u00e9s soha nem mulasztunk el minden probl\u00e9m\u00e1t megoldani! Ha nem bizonyul t\u00fal neh\u00e9znek, legyen biztos \u00e9s magabiztos a k\u00e9r\u00e9s beny\u00fajt\u00e1sakor!<\/p>\n<p>Meglehet\u0151sen robusztusnak mutattuk magunkat, \u00e9s ha a sark\u00e1ban tart minket, olyanok lesz\u00fcnk, akikre t\u00e1maszkodhat, \u00e9s akivel megb\u00edzhat\u00f3 \u00fczletet k\u00f6thet, amikor kinyitja nek\u00fcnk az ajt\u00f3t! Nem hagyjuk, hogy elbukj.<br \/>\nA csoport k\u00e9zbes\u00edt\u00e9se ut\u00e1n megadjuk a k\u00eds\u00e9r\u0151sz\u00e1mokat, \u00edgy nyomon k\u00f6vetheti a csomag el\u0151rehalad\u00e1s\u00e1t.<\/p>\n<p>V\u00e1s\u00e1rl\u00e1s nagykereskedelem <a href=\"https:\/\/en.wikipedia.org\/wiki\/BK\">Bk<\/a>-Ethyl-K Chemical Online - V\u00e1s\u00e1rl\u00e1s Nagyker Bk-Ethyl-K Chemical, V\u00e1s\u00e1rl\u00e1s Nagyker Bk-Ethyl-K Chemical usa, V\u00e1s\u00e1rl\u00e1s Nagyker Bk-Ethyl-K Chemical online USA, Hol lehet megv\u00e1s\u00e1rolni <a href=\"https:\/\/legitgrams.com\/hu\/termek\/nagykereskedelmi-bk-etil-k-vegyszer\/\">Nagykereskedelmi Bk-Ethyl-K Chemical<\/a>, Nagykereskedelmi Bk-Ethyl-K Chemical elad\u00f3, Nagykereskedelmi Bk-Ethyl-K Chemical elad\u00f3 Near Me, V\u00e1s\u00e1rl\u00e1s nagykereskedelmi Bk-Ethyl-K Chemical Online Near Me, Hol lehet megv\u00e1s\u00e1rolni nagykereskedelmi Bk-Ethyl-K Chemical Online, Nagykereskedelmi Bk-Ethyl-K Chemical elad\u00f3 USA, Kanada, Egyes\u00fclt Kir\u00e1lys\u00e1g, V\u00e1s\u00e1rl\u00e1s, Online, Sz\u00e1ll\u00edt\u00f3k, biztons\u00e1gos sz\u00e1ll\u00edt\u00e1s, Nagykereskedelmi bk-Ethyl-K Chemical m\u00e9g mindig el\u00e9rhet\u0151, Ez leg\u00e1lis v\u00e1s\u00e1rolni nagykereskedelmi bk-Ethyl-K Chemical az Egyes\u00fclt \u00c1llamokban? hogyan kell elhelyezni egy nagybani v\u00e1s\u00e1rl\u00e1s bk-Ethyl-K Chemical Leg\u00e1lis-e v\u00e1s\u00e1rolni nagybani bk-Ethyl-K Chemical Kanad\u00e1ban?<\/p>","protected":false},"excerpt":{"rendered":"<p>BK-Ethyl-K Chemical for Sale at Wholesale Prices Bk ethyl k, also referred to as Ethylone, is an entactogen energizer that is frequently suggested as 3,4-methylenedioxy-N-ethylcathinone. Ethylone&#8217;s productive name is 1-(1,3-Benzodioxol-5-yl)- 2-(ethylamino)- 1-propanone. The sub-nuclear formula is C12H15NO3, with an ordinary mass of 221.251999 Da and a monoisotopic mass of 221.104996 Da. Buy china that contains &hellip;<\/p>\n<p class=\"read-more\"> <a class=\"\" href=\"https:\/\/legitgrams.com\/hu\/termek\/nagykereskedelmi-bk-etil-k-vegyszer\/\"> <span class=\"screen-reader-text\">V\u00e1s\u00e1roljon nagykereskedelmi bk-Ethyl-K Chemical-t online<\/span> Olvass tov\u00e1bb \"<\/a><\/p>","protected":false},"featured_media":5322,"comment_status":"open","ping_status":"closed","template":"","meta":{"_uag_custom_page_level_css":"","site-sidebar-layout":"default","site-content-layout":"default","ast-global-header-display":"","ast-main-header-display":"","ast-hfb-above-header-display":"","ast-hfb-below-header-display":"","ast-hfb-mobile-header-display":"","site-post-title":"","ast-breadcrumbs-content":"","ast-featured-img":"","footer-sml-layout":"","theme-transparent-header-meta":"default","adv-header-id-meta":"","stick-header-meta":"default","header-above-stick-meta":"","header-main-stick-meta":"","header-below-stick-meta":"","_joinchat":[]},"product_brand":[],"product_cat":[600],"product_tag":[3544,3534,617,3526,3541,3538,3533,3531,3543,3540,625,3532,3535,3525,3528,3536,3527,3537,3539,3546,3529,3547,3545,3542,3530],"class_list":{"0":"post-3946","1":"product","2":"type-product","3":"status-publish","4":"has-post-thumbnail","6":"product_cat-research-chemicals-and-bath-salt","7":"product_tag-best-cheap-price-wholesale-bk-ethyl-k-chemical","8":"product_tag-best-place-to-buy-wholesale-bk-ethyl-k-chemical","9":"product_tag-bulk-online","10":"product_tag-buy-wholesale-bk-ethyl-k-chemical","11":"product_tag-cheap-wholesale-bk-ethyl-k-chemical","12":"product_tag-high-quality-wholesale-bk-ethyl-k-chemical","13":"product_tag-how-to-buy-wholesale-bk-ethyl-k-chemical","14":"product_tag-order-wholesale-bk-ethyl-k-chemical","15":"product_tag-purcharse-wholesale-bk-ethyl-k-chemical","16":"product_tag-shop-wholesale-bk-ethyl-k-chemical","17":"product_tag-top-quality","18":"product_tag-where-to-buy-wholesale-bk-ethyl-k-chemical","19":"product_tag-where-to-order-wholesale-bk-ethyl-k-chemical","20":"product_tag-wholesale-bk-ethyl-k-chemical","21":"product_tag-wholesale-bk-ethyl-k-chemical-for-sale","22":"product_tag-wholesale-bk-ethyl-k-chemical-legally","23":"product_tag-wholesale-bk-ethyl-k-chemical-online","24":"product_tag-wholesale-bk-ethyl-k-chemical-price","25":"product_tag-wholesale-bk-ethyl-k-chemical-store","26":"product_tag-wholesale-bk-ethyl-k-chemical-use","27":"product_tag-wholesale-bk-ethyl-k-chemical-wholesale-bk-ethyl-k-chemical-supplier","28":"product_tag-wholesale-bk-ethyl-k-chemical-wiki","29":"product_tag-wholesale-bk-ethyl-k-chemical-worldwide","30":"product_tag-wholesale-bk-ethyl-k-chemicals","31":"product_tag-wholesale-wholesale-bk-ethyl-k-chemical","32":"desktop-align-left","33":"tablet-align-left","34":"mobile-align-left","35":"ast-product-gallery-layout-horizontal","36":"ast-product-gallery-with-no-image","37":"ast-product-single-variable","38":"ast-product-tabs-layout-horizontal","39":"ast-qv-on-image","41":"first","42":"instock","43":"shipping-taxable","44":"purchasable","45":"product-type-variable"},"yoast_head":"<!-- This site is optimized with the Yoast SEO plugin v25.9 - https:\/\/yoast.com\/wordpress\/plugins\/seo\/ -->\n<title>Bk-Ethyl-K Chemical for Sale - Buy Bk -Ethyl-K Chemical Online<\/title>\n<meta name=\"description\" content=\"Find premium bk -Ethyl-K Chemical for sale at our online store, providing a secure platform to buy bk -Ethyl-K Chemical online with ease, catering to your research needs.\" \/>\n<meta name=\"robots\" content=\"index, follow, max-snippet:-1, max-image-preview:large, max-video-preview:-1\" \/>\n<link rel=\"canonical\" href=\"https:\/\/legitgrams.com\/hu\/termek\/nagykereskedelmi-bk-etil-k-vegyszer\/\" \/>\n<meta property=\"og:locale\" content=\"hu_HU\" \/>\n<meta property=\"og:type\" content=\"article\" \/>\n<meta property=\"og:title\" content=\"Bk-Ethyl-K Chemical for Sale - Buy Bk -Ethyl-K Chemical Online\" \/>\n<meta property=\"og:description\" content=\"Find premium bk -Ethyl-K Chemical for sale at our online store, providing a secure platform to buy bk -Ethyl-K Chemical online with ease, catering to your research needs.\" \/>\n<meta property=\"og:url\" content=\"https:\/\/legitgrams.com\/hu\/termek\/nagykereskedelmi-bk-etil-k-vegyszer\/\" \/>\n<meta property=\"og:site_name\" content=\"Legit Grams\" \/>\n<meta property=\"article:modified_time\" content=\"2025-04-04T11:51:34+00:00\" \/>\n<meta property=\"og:image\" content=\"https:\/\/legitgrams.com\/wp-content\/uploads\/2024\/09\/buy-wholesale-bk-ethyl-k-chemical-online.jpg\" \/>\n\t<meta property=\"og:image:width\" content=\"600\" \/>\n\t<meta property=\"og:image:height\" content=\"600\" \/>\n\t<meta property=\"og:image:type\" content=\"image\/jpeg\" \/>\n<meta name=\"twitter:card\" content=\"summary_large_image\" \/>\n<meta name=\"twitter:label1\" content=\"Becs\u00fclt olvas\u00e1si id\u0151\" \/>\n\t<meta name=\"twitter:data1\" content=\"3 perc\" \/>\n<script type=\"application\/ld+json\" class=\"yoast-schema-graph\">{\"@context\":\"https:\/\/schema.org\",\"@graph\":[{\"@type\":\"WebPage\",\"@id\":\"https:\/\/legitgrams.com\/product\/wholesale-bk-ethyl-k-chemical\/\",\"url\":\"https:\/\/legitgrams.com\/product\/wholesale-bk-ethyl-k-chemical\/\",\"name\":\"Bk-Ethyl-K Chemical for Sale - Buy Bk -Ethyl-K Chemical Online\",\"isPartOf\":{\"@id\":\"https:\/\/legitgrams.com\/#website\"},\"primaryImageOfPage\":{\"@id\":\"https:\/\/legitgrams.com\/product\/wholesale-bk-ethyl-k-chemical\/#primaryimage\"},\"image\":{\"@id\":\"https:\/\/legitgrams.com\/product\/wholesale-bk-ethyl-k-chemical\/#primaryimage\"},\"thumbnailUrl\":\"https:\/\/legitgrams.com\/wp-content\/uploads\/2024\/09\/buy-wholesale-bk-ethyl-k-chemical-online.jpg\",\"datePublished\":\"2024-09-20T12:28:50+00:00\",\"dateModified\":\"2025-04-04T11:51:34+00:00\",\"description\":\"Find premium bk -Ethyl-K Chemical for sale at our online store, providing a secure platform to buy bk -Ethyl-K Chemical online with ease, catering to your research needs.\",\"breadcrumb\":{\"@id\":\"https:\/\/legitgrams.com\/product\/wholesale-bk-ethyl-k-chemical\/#breadcrumb\"},\"inLanguage\":\"hu\",\"potentialAction\":[{\"@type\":\"ReadAction\",\"target\":[\"https:\/\/legitgrams.com\/product\/wholesale-bk-ethyl-k-chemical\/\"]}]},{\"@type\":\"ImageObject\",\"inLanguage\":\"hu\",\"@id\":\"https:\/\/legitgrams.com\/product\/wholesale-bk-ethyl-k-chemical\/#primaryimage\",\"url\":\"https:\/\/legitgrams.com\/wp-content\/uploads\/2024\/09\/buy-wholesale-bk-ethyl-k-chemical-online.jpg\",\"contentUrl\":\"https:\/\/legitgrams.com\/wp-content\/uploads\/2024\/09\/buy-wholesale-bk-ethyl-k-chemical-online.jpg\",\"width\":600,\"height\":600,\"caption\":\"Ethyl-K Chemical for Sale\"},{\"@type\":\"BreadcrumbList\",\"@id\":\"https:\/\/legitgrams.com\/product\/wholesale-bk-ethyl-k-chemical\/#breadcrumb\",\"itemListElement\":[{\"@type\":\"ListItem\",\"position\":1,\"name\":\"Home\",\"item\":\"https:\/\/legitgrams.com\/\"},{\"@type\":\"ListItem\",\"position\":2,\"name\":\"Shop\",\"item\":\"https:\/\/legitgrams.com\/shop\/\"},{\"@type\":\"ListItem\",\"position\":3,\"name\":\"Buy Wholesale bk -Ethyl-K Chemical Online\"}]},{\"@type\":\"WebSite\",\"@id\":\"https:\/\/legitgrams.com\/#website\",\"url\":\"https:\/\/legitgrams.com\/\",\"name\":\"Legit Grams\",\"description\":\"My WordPress Blog\",\"publisher\":{\"@id\":\"https:\/\/legitgrams.com\/#organization\"},\"potentialAction\":[{\"@type\":\"SearchAction\",\"target\":{\"@type\":\"EntryPoint\",\"urlTemplate\":\"https:\/\/legitgrams.com\/?s={search_term_string}\"},\"query-input\":{\"@type\":\"PropertyValueSpecification\",\"valueRequired\":true,\"valueName\":\"search_term_string\"}}],\"inLanguage\":\"hu\"},{\"@type\":\"Organization\",\"@id\":\"https:\/\/legitgrams.com\/#organization\",\"name\":\"Legit Grams\",\"url\":\"https:\/\/legitgrams.com\/\",\"logo\":{\"@type\":\"ImageObject\",\"inLanguage\":\"hu\",\"@id\":\"https:\/\/legitgrams.com\/#\/schema\/logo\/image\/\",\"url\":\"https:\/\/legitgrams.com\/wp-content\/uploads\/2024\/09\/main-logo.png\",\"contentUrl\":\"https:\/\/legitgrams.com\/wp-content\/uploads\/2024\/09\/main-logo.png\",\"width\":270,\"height\":75,\"caption\":\"Legit Grams\"},\"image\":{\"@id\":\"https:\/\/legitgrams.com\/#\/schema\/logo\/image\/\"}}]}<\/script>\n<!-- \/ Yoast SEO plugin. -->","yoast_head_json":{"title":"Bk-Ethyl-K Chemical elad\u00f3 - V\u00e1s\u00e1rl\u00e1s Bk -Ethyl-K Chemical Online","description":"Keresse meg a pr\u00e9mium bk -Ethyl-K Chemical elad\u00f3 online \u00e1ruh\u00e1zunkban, amely biztons\u00e1gos platformot biztos\u00edt a bk -Ethyl-K Chemical online v\u00e1s\u00e1rl\u00e1s\u00e1hoz, k\u00f6nnyed\u00e9n, a kutat\u00e1si ig\u00e9nyeinek kiel\u00e9g\u00edt\u00e9s\u00e9re.","robots":{"index":"index","follow":"follow","max-snippet":"max-snippet:-1","max-image-preview":"max-image-preview:large","max-video-preview":"max-video-preview:-1"},"canonical":"https:\/\/legitgrams.com\/hu\/termek\/nagykereskedelmi-bk-etil-k-vegyszer\/","og_locale":"hu_HU","og_type":"article","og_title":"Bk-Ethyl-K Chemical for Sale - Buy Bk -Ethyl-K Chemical Online","og_description":"Find premium bk -Ethyl-K Chemical for sale at our online store, providing a secure platform to buy bk -Ethyl-K Chemical online with ease, catering to your research needs.","og_url":"https:\/\/legitgrams.com\/hu\/termek\/nagykereskedelmi-bk-etil-k-vegyszer\/","og_site_name":"Legit Grams","article_modified_time":"2025-04-04T11:51:34+00:00","og_image":[{"width":600,"height":600,"url":"https:\/\/legitgrams.com\/wp-content\/uploads\/2024\/09\/buy-wholesale-bk-ethyl-k-chemical-online.jpg","type":"image\/jpeg"}],"twitter_card":"summary_large_image","twitter_misc":{"Becs\u00fclt olvas\u00e1si id\u0151":"3 perc"},"schema":{"@context":"https:\/\/schema.org","@graph":[{"@type":"WebPage","@id":"https:\/\/legitgrams.com\/product\/wholesale-bk-ethyl-k-chemical\/","url":"https:\/\/legitgrams.com\/product\/wholesale-bk-ethyl-k-chemical\/","name":"Bk-Ethyl-K Chemical elad\u00f3 - V\u00e1s\u00e1rl\u00e1s Bk -Ethyl-K Chemical Online","isPartOf":{"@id":"https:\/\/legitgrams.com\/#website"},"primaryImageOfPage":{"@id":"https:\/\/legitgrams.com\/product\/wholesale-bk-ethyl-k-chemical\/#primaryimage"},"image":{"@id":"https:\/\/legitgrams.com\/product\/wholesale-bk-ethyl-k-chemical\/#primaryimage"},"thumbnailUrl":"https:\/\/legitgrams.com\/wp-content\/uploads\/2024\/09\/buy-wholesale-bk-ethyl-k-chemical-online.jpg","datePublished":"2024-09-20T12:28:50+00:00","dateModified":"2025-04-04T11:51:34+00:00","description":"Keresse meg a pr\u00e9mium bk -Ethyl-K Chemical elad\u00f3 online \u00e1ruh\u00e1zunkban, amely biztons\u00e1gos platformot biztos\u00edt a bk -Ethyl-K Chemical online v\u00e1s\u00e1rl\u00e1s\u00e1hoz, k\u00f6nnyed\u00e9n, a kutat\u00e1si ig\u00e9nyeinek kiel\u00e9g\u00edt\u00e9s\u00e9re.","breadcrumb":{"@id":"https:\/\/legitgrams.com\/product\/wholesale-bk-ethyl-k-chemical\/#breadcrumb"},"inLanguage":"hu","potentialAction":[{"@type":"ReadAction","target":["https:\/\/legitgrams.com\/product\/wholesale-bk-ethyl-k-chemical\/"]}]},{"@type":"ImageObject","inLanguage":"hu","@id":"https:\/\/legitgrams.com\/product\/wholesale-bk-ethyl-k-chemical\/#primaryimage","url":"https:\/\/legitgrams.com\/wp-content\/uploads\/2024\/09\/buy-wholesale-bk-ethyl-k-chemical-online.jpg","contentUrl":"https:\/\/legitgrams.com\/wp-content\/uploads\/2024\/09\/buy-wholesale-bk-ethyl-k-chemical-online.jpg","width":600,"height":600,"caption":"Ethyl-K Chemical for Sale"},{"@type":"BreadcrumbList","@id":"https:\/\/legitgrams.com\/product\/wholesale-bk-ethyl-k-chemical\/#breadcrumb","itemListElement":[{"@type":"ListItem","position":1,"name":"Home","item":"https:\/\/legitgrams.com\/"},{"@type":"ListItem","position":2,"name":"Shop","item":"https:\/\/legitgrams.com\/shop\/"},{"@type":"ListItem","position":3,"name":"Buy Wholesale bk -Ethyl-K Chemical Online"}]},{"@type":"WebSite","@id":"https:\/\/legitgrams.com\/#website","url":"https:\/\/legitgrams.com\/","name":"Legit Grams","description":"Az \u00e9n WordPress blogom","publisher":{"@id":"https:\/\/legitgrams.com\/#organization"},"potentialAction":[{"@type":"SearchAction","target":{"@type":"EntryPoint","urlTemplate":"https:\/\/legitgrams.com\/?s={search_term_string}"},"query-input":{"@type":"PropertyValueSpecification","valueRequired":true,"valueName":"search_term_string"}}],"inLanguage":"hu"},{"@type":"Organization","@id":"https:\/\/legitgrams.com\/#organization","name":"Legit Grams","url":"https:\/\/legitgrams.com\/","logo":{"@type":"ImageObject","inLanguage":"hu","@id":"https:\/\/legitgrams.com\/#\/schema\/logo\/image\/","url":"https:\/\/legitgrams.com\/wp-content\/uploads\/2024\/09\/main-logo.png","contentUrl":"https:\/\/legitgrams.com\/wp-content\/uploads\/2024\/09\/main-logo.png","width":270,"height":75,"caption":"Legit Grams"},"image":{"@id":"https:\/\/legitgrams.com\/#\/schema\/logo\/image\/"}}]}},"uagb_featured_image_src":{"full":["https:\/\/legitgrams.com\/wp-content\/uploads\/2024\/09\/buy-wholesale-bk-ethyl-k-chemical-online.jpg",600,600,false],"thumbnail":["https:\/\/legitgrams.com\/wp-content\/uploads\/2024\/09\/buy-wholesale-bk-ethyl-k-chemical-online-150x150.jpg",150,150,true],"medium":["https:\/\/legitgrams.com\/wp-content\/uploads\/2024\/09\/buy-wholesale-bk-ethyl-k-chemical-online-300x300.jpg",300,300,true],"medium_large":["https:\/\/legitgrams.com\/wp-content\/uploads\/2024\/09\/buy-wholesale-bk-ethyl-k-chemical-online.jpg",600,600,false],"large":["https:\/\/legitgrams.com\/wp-content\/uploads\/2024\/09\/buy-wholesale-bk-ethyl-k-chemical-online.jpg",600,600,false],"1536x1536":["https:\/\/legitgrams.com\/wp-content\/uploads\/2024\/09\/buy-wholesale-bk-ethyl-k-chemical-online.jpg",600,600,false],"2048x2048":["https:\/\/legitgrams.com\/wp-content\/uploads\/2024\/09\/buy-wholesale-bk-ethyl-k-chemical-online.jpg",600,600,false],"trp-custom-language-flag":["https:\/\/legitgrams.com\/wp-content\/uploads\/2024\/09\/buy-wholesale-bk-ethyl-k-chemical-online-12x12.jpg",12,12,true],"woocommerce_thumbnail":["https:\/\/legitgrams.com\/wp-content\/uploads\/2024\/09\/buy-wholesale-bk-ethyl-k-chemical-online-300x300.jpg",300,300,true],"woocommerce_single":["https:\/\/legitgrams.com\/wp-content\/uploads\/2024\/09\/buy-wholesale-bk-ethyl-k-chemical-online.jpg",600,600,false],"woocommerce_gallery_thumbnail":["https:\/\/legitgrams.com\/wp-content\/uploads\/2024\/09\/buy-wholesale-bk-ethyl-k-chemical-online-100x100.jpg",100,100,true]},"uagb_author_info":{"display_name":"cokeblog18","author_link":"https:\/\/legitgrams.com\/hu\/author\/"},"uagb_comment_info":0,"uagb_excerpt":"BK-Ethyl-K Chemical for Sale at Wholesale Prices Bk ethyl k, also referred to as Ethylone, is an entactogen energizer that is frequently suggested as 3,4-methylenedioxy-N-ethylcathinone. Ethylone&#8217;s productive name is 1-(1,3-Benzodioxol-5-yl)- 2-(ethylamino)- 1-propanone. The sub-nuclear formula is C12H15NO3, with an ordinary mass of 221.251999 Da and a monoisotopic mass of 221.104996 Da. Buy china that contains&hellip;","_links":{"self":[{"href":"https:\/\/legitgrams.com\/hu\/wp-json\/wp\/v2\/product\/3946","targetHints":{"allow":["GET"]}}],"collection":[{"href":"https:\/\/legitgrams.com\/hu\/wp-json\/wp\/v2\/product"}],"about":[{"href":"https:\/\/legitgrams.com\/hu\/wp-json\/wp\/v2\/types\/product"}],"replies":[{"embeddable":true,"href":"https:\/\/legitgrams.com\/hu\/wp-json\/wp\/v2\/comments?post=3946"}],"wp:featuredmedia":[{"embeddable":true,"href":"https:\/\/legitgrams.com\/hu\/wp-json\/wp\/v2\/media\/5322"}],"wp:attachment":[{"href":"https:\/\/legitgrams.com\/hu\/wp-json\/wp\/v2\/media?parent=3946"}],"wp:term":[{"taxonomy":"product_brand","embeddable":true,"href":"https:\/\/legitgrams.com\/hu\/wp-json\/wp\/v2\/product_brand?post=3946"},{"taxonomy":"product_cat","embeddable":true,"href":"https:\/\/legitgrams.com\/hu\/wp-json\/wp\/v2\/product_cat?post=3946"},{"taxonomy":"product_tag","embeddable":true,"href":"https:\/\/legitgrams.com\/hu\/wp-json\/wp\/v2\/product_tag?post=3946"}],"curies":[{"name":"wp","href":"https:\/\/api.w.org\/{rel}","templated":true}]}}