{"id":3948,"date":"2024-09-20T12:21:03","date_gmt":"2024-09-20T12:21:03","guid":{"rendered":"https:\/\/legitgrams.com\/?post_type=product&#038;p=3948"},"modified":"2025-01-14T07:20:38","modified_gmt":"2025-01-14T07:20:38","slug":"kilokain-por-99-tiszta","status":"publish","type":"product","link":"https:\/\/legitgrams.com\/hu\/termek\/kilokain-por-99-tiszta\/","title":{"rendered":"Kilocain por 99 Pure"},"content":{"rendered":"<h2>V\u00e1s\u00e1roljon 99 tiszta kilocaine port online<br \/>\nA kilokain hasonl\u00f3 a kokainhoz.<\/h2>\n<p>A Kilocaine egy \u00faj \u00e9s \u00e9rdekes kutat\u00e1si vegyi anyag, amely bevezet\u00e9se \u00f3ta j\u00f3 \u00e9rt\u00e9kel\u00e9seket kapott.<\/p>\n<p>Ezeket a kutat\u00e1si anyagokat \u201edesigner drogoknak\u201d is nevezik. Egy \u00faj gy\u00f3gyszeroszt\u00e1ly r\u00e9sz\u00e9t k\u00e9pezik, amelynek k\u00e9miai \u00f6sszet\u00e9tele olyan m\u00e9rt\u00e9kben megv\u00e1ltozott, hogy a t\u00f6rv\u00e9ny nem korl\u00e1tozza \u0151ket. Gyakran \u201ef\u00fcrd\u0151s\u00f3knak\u201d vagy \u201eleg\u00e1lis drogoknak\u201d nevezik \u0151ket, mivel leg\u00e1lisan \u00e9rt\u00e9kes\u00edtik \u0151ket, \u00e9s \u00e1ltal\u00e1ban rendk\u00edv\u00fcl hasonl\u00f3 hat\u00e1suk van, mint a f\u0151bb illeg\u00e1lis eredet\u0171 anyagok\u00e9, m\u00e9g akkor is, ha maguk a kutat\u00e1si vegy\u00fcletek m\u00e9g mindig leg\u00e1lisak \u00e9s nem tervezettek. Ennek t\u00f6bb oka is van. <a href=\"https:\/\/legitgrams.com\/hu\/\">LegitGrams<\/a><\/p>\n<p>V\u00e1s\u00e1roljon 99% tisztas\u00e1got <a href=\"https:\/\/en.wikipedia.org\/wiki\/Cocaine\">Kilocaine<\/a> \u7c89\u672b\u5728\u7ebf\uff0c\u8d2d\u4e70\u7c89\u672b\uff0c\u8d2d\u4e70\u7c89\u672b\uff0c\u8d2d\u4e70\u7c89\u672b\uff0c\u8d2d\u4e70\u7c89\u672b\uff0c\u8d2d\u4e70\u7c89\u672b\uff0c\u8d2d\u4e70\u7c89\u672b\uff0c\u5728\u7ebf\u8d2d\u4e70 99% \u7eaf Kilocaine \u7c89\u672b\u7684\u5730\u70b9\uff0c\u5728\u7ebf\u8d2d\u4e70 99% \u7eaf Kilocaine \u7c89\u672b\uff0c\u5728\u7ebf\u8d2d\u4e70 99% \u7eaf Kilocaine \u7c89\u672b\uff0c\u7f8e\u56fd\uff0c\u52a0\u62ff\u5927\uff0c\u82f1\u56fd\uff0c\u8d2d\u4e70\uff0c\u5728\u7ebf\uff0c\u4f9b\u5e94\u5546\uff0c\u5b89\u5168\u4ea4\u4ed8\uff0c99% \u7eaf Kilocaine \u7c89\u672b\u4ecd\u7136\u53ef\u7528\u3002\u7f8e\u56fd\u4eba\u53ef\u4ee5\u8d2d\u4e70 99% \u7eaf <a href=\"https:\/\/legitgrams.com\/hu\/termek\/kilokain-por-99-tiszta\/\">kilokain por<\/a> online? Hogyan v\u00e1s\u00e1rolhatok por\u00edtott 99%-os tisztas\u00e1g\u00fa kilokaint? Leg\u00e1lis a 99%-os tisztas\u00e1g\u00fa kilocaine por v\u00e1s\u00e1rl\u00e1sa Kanad\u00e1ban?<\/p>\n<h2><\/h2>\n<p>&nbsp;<\/p>","protected":false},"excerpt":{"rendered":"<p>Purchase 99 Pure Kilocaine Powder Online Kilocaine is similar to cocaine. Kilocaine is a new and interesting research chemical that has received good reviews since its introduction. These research substances are also known as &#8220;designer drugs.&#8221; They are part of a new class of drugs whose chemical composition has changed to the point where they &hellip;<\/p>\n<p class=\"read-more\"> <a class=\"\" href=\"https:\/\/legitgrams.com\/hu\/termek\/kilokain-por-99-tiszta\/\"> <span class=\"screen-reader-text\">Kilocain por 99 Pure<\/span> Olvass tov\u00e1bb \"<\/a><\/p>","protected":false},"featured_media":5283,"comment_status":"open","ping_status":"closed","template":"","meta":{"_uag_custom_page_level_css":"","site-sidebar-layout":"default","site-content-layout":"default","ast-global-header-display":"","ast-main-header-display":"","ast-hfb-above-header-display":"","ast-hfb-below-header-display":"","ast-hfb-mobile-header-display":"","site-post-title":"","ast-breadcrumbs-content":"","ast-featured-img":"","footer-sml-layout":"","theme-transparent-header-meta":"default","adv-header-id-meta":"","stick-header-meta":"default","header-above-stick-meta":"","header-main-stick-meta":"","header-below-stick-meta":"","_joinchat":[]},"product_brand":[],"product_cat":[600],"product_tag":[3590,3580,617,3572,3587,3584,3579,3571,3574,3575,3582,3573,3583,3585,3592,3593,3591,3588,3577,3589,3586,625,3578,3581,3576],"class_list":{"0":"post-3948","1":"product","2":"type-product","3":"status-publish","4":"has-post-thumbnail","6":"product_cat-research-chemicals-and-bath-salt","7":"product_tag-best-cheap-price-kilocaine-powder-99-pure","8":"product_tag-best-place-to-buy-kilocaine-powder-99-pure","9":"product_tag-bulk-online","10":"product_tag-buy-kilocaine-powder-99-pure","11":"product_tag-cheap-kilocaine-powder-99-pure","12":"product_tag-high-quality-kilocaine-powder-99-pure","13":"product_tag-how-to-buy-kilocaine-powder-99-pure","14":"product_tag-kilocaine-powder-99-pure","15":"product_tag-kilocaine-powder-99-pure-for-sale","16":"product_tag-kilocaine-powder-99-pure-kilocaine-powder-99-pure-supplier","17":"product_tag-kilocaine-powder-99-pure-legally","18":"product_tag-kilocaine-powder-99-pure-online","19":"product_tag-kilocaine-powder-99-pure-price","20":"product_tag-kilocaine-powder-99-pure-store","21":"product_tag-kilocaine-powder-99-pure-use","22":"product_tag-kilocaine-powder-99-pure-wiki","23":"product_tag-kilocaine-powder-99-pure-worldwide","24":"product_tag-kilocaine-powder-99-pures","25":"product_tag-order-kilocaine-powder-99-pure","26":"product_tag-purcharse-kilocaine-powder-99-pure","27":"product_tag-shop-kilocaine-powder-99-pure","28":"product_tag-top-quality","29":"product_tag-where-to-buy-kilocaine-powder-99-pure","30":"product_tag-where-to-order-kilocaine-powder-99-pure","31":"product_tag-wholesale-kilocaine-powder-99-pure","32":"desktop-align-left","33":"tablet-align-left","34":"mobile-align-left","35":"ast-product-gallery-layout-horizontal","36":"ast-product-gallery-with-no-image","37":"ast-product-single-variable","38":"ast-product-tabs-layout-horizontal","39":"ast-qv-on-image","41":"first","42":"instock","43":"shipping-taxable","44":"purchasable","45":"product-type-variable"},"yoast_head":"<!-- This site is optimized with the Yoast SEO plugin v25.9 - https:\/\/yoast.com\/wordpress\/plugins\/seo\/ -->\n<title>Kilocaine Powder 99 Pure for Sale - Buy Kilocaine Powder Online<\/title>\n<meta name=\"description\" content=\"You can buy Kilocaine Powder 99 Pure online at the best prices from our online store. We have cheap and high-quality Kilocaine Powder 99 Pure for sale and providing worldwide delivery. You can order from anytime, anywhere.\" \/>\n<meta name=\"robots\" content=\"index, follow, max-snippet:-1, max-image-preview:large, max-video-preview:-1\" \/>\n<link rel=\"canonical\" href=\"https:\/\/legitgrams.com\/hu\/termek\/kilokain-por-99-tiszta\/\" \/>\n<meta property=\"og:locale\" content=\"hu_HU\" \/>\n<meta property=\"og:type\" content=\"article\" \/>\n<meta property=\"og:title\" content=\"Kilocaine Powder 99 Pure for Sale - Buy Kilocaine Powder Online\" \/>\n<meta property=\"og:description\" content=\"You can buy Kilocaine Powder 99 Pure online at the best prices from our online store. We have cheap and high-quality Kilocaine Powder 99 Pure for sale and providing worldwide delivery. You can order from anytime, anywhere.\" \/>\n<meta property=\"og:url\" content=\"https:\/\/legitgrams.com\/hu\/termek\/kilokain-por-99-tiszta\/\" \/>\n<meta property=\"og:site_name\" content=\"Legit Grams\" \/>\n<meta property=\"article:modified_time\" content=\"2025-01-14T07:20:38+00:00\" \/>\n<meta property=\"og:image\" content=\"https:\/\/legitgrams.com\/wp-content\/uploads\/2024\/09\/Buy-Kilocaine-Powder-99-Pure-Online.jpg\" \/>\n\t<meta property=\"og:image:width\" content=\"600\" \/>\n\t<meta property=\"og:image:height\" content=\"600\" \/>\n\t<meta property=\"og:image:type\" content=\"image\/jpeg\" \/>\n<meta name=\"twitter:card\" content=\"summary_large_image\" \/>\n<meta name=\"twitter:label1\" content=\"Becs\u00fclt olvas\u00e1si id\u0151\" \/>\n\t<meta name=\"twitter:data1\" content=\"2 perc\" \/>\n<script type=\"application\/ld+json\" class=\"yoast-schema-graph\">{\"@context\":\"https:\/\/schema.org\",\"@graph\":[{\"@type\":\"WebPage\",\"@id\":\"https:\/\/legitgrams.com\/product\/kilocaine-powder-99-pure\/\",\"url\":\"https:\/\/legitgrams.com\/product\/kilocaine-powder-99-pure\/\",\"name\":\"Kilocaine Powder 99 Pure for Sale - Buy Kilocaine Powder Online\",\"isPartOf\":{\"@id\":\"https:\/\/legitgrams.com\/#website\"},\"primaryImageOfPage\":{\"@id\":\"https:\/\/legitgrams.com\/product\/kilocaine-powder-99-pure\/#primaryimage\"},\"image\":{\"@id\":\"https:\/\/legitgrams.com\/product\/kilocaine-powder-99-pure\/#primaryimage\"},\"thumbnailUrl\":\"https:\/\/legitgrams.com\/wp-content\/uploads\/2024\/09\/Buy-Kilocaine-Powder-99-Pure-Online.jpg\",\"datePublished\":\"2024-09-20T12:21:03+00:00\",\"dateModified\":\"2025-01-14T07:20:38+00:00\",\"description\":\"You can buy Kilocaine Powder 99 Pure online at the best prices from our online store. We have cheap and high-quality Kilocaine Powder 99 Pure for sale and providing worldwide delivery. You can order from anytime, anywhere.\",\"breadcrumb\":{\"@id\":\"https:\/\/legitgrams.com\/product\/kilocaine-powder-99-pure\/#breadcrumb\"},\"inLanguage\":\"hu\",\"potentialAction\":[{\"@type\":\"ReadAction\",\"target\":[\"https:\/\/legitgrams.com\/product\/kilocaine-powder-99-pure\/\"]}]},{\"@type\":\"ImageObject\",\"inLanguage\":\"hu\",\"@id\":\"https:\/\/legitgrams.com\/product\/kilocaine-powder-99-pure\/#primaryimage\",\"url\":\"https:\/\/legitgrams.com\/wp-content\/uploads\/2024\/09\/Buy-Kilocaine-Powder-99-Pure-Online.jpg\",\"contentUrl\":\"https:\/\/legitgrams.com\/wp-content\/uploads\/2024\/09\/Buy-Kilocaine-Powder-99-Pure-Online.jpg\",\"width\":600,\"height\":600,\"caption\":\"Kilocaine Powder 99 Pure for Sale\"},{\"@type\":\"BreadcrumbList\",\"@id\":\"https:\/\/legitgrams.com\/product\/kilocaine-powder-99-pure\/#breadcrumb\",\"itemListElement\":[{\"@type\":\"ListItem\",\"position\":1,\"name\":\"Home\",\"item\":\"https:\/\/legitgrams.com\/\"},{\"@type\":\"ListItem\",\"position\":2,\"name\":\"Shop\",\"item\":\"https:\/\/legitgrams.com\/shop\/\"},{\"@type\":\"ListItem\",\"position\":3,\"name\":\"Kilocaine Powder 99 Pure\"}]},{\"@type\":\"WebSite\",\"@id\":\"https:\/\/legitgrams.com\/#website\",\"url\":\"https:\/\/legitgrams.com\/\",\"name\":\"Legit Grams\",\"description\":\"My WordPress Blog\",\"publisher\":{\"@id\":\"https:\/\/legitgrams.com\/#organization\"},\"potentialAction\":[{\"@type\":\"SearchAction\",\"target\":{\"@type\":\"EntryPoint\",\"urlTemplate\":\"https:\/\/legitgrams.com\/?s={search_term_string}\"},\"query-input\":{\"@type\":\"PropertyValueSpecification\",\"valueRequired\":true,\"valueName\":\"search_term_string\"}}],\"inLanguage\":\"hu\"},{\"@type\":\"Organization\",\"@id\":\"https:\/\/legitgrams.com\/#organization\",\"name\":\"Legit Grams\",\"url\":\"https:\/\/legitgrams.com\/\",\"logo\":{\"@type\":\"ImageObject\",\"inLanguage\":\"hu\",\"@id\":\"https:\/\/legitgrams.com\/#\/schema\/logo\/image\/\",\"url\":\"https:\/\/legitgrams.com\/wp-content\/uploads\/2024\/09\/main-logo.png\",\"contentUrl\":\"https:\/\/legitgrams.com\/wp-content\/uploads\/2024\/09\/main-logo.png\",\"width\":270,\"height\":75,\"caption\":\"Legit Grams\"},\"image\":{\"@id\":\"https:\/\/legitgrams.com\/#\/schema\/logo\/image\/\"}}]}<\/script>\n<!-- \/ Yoast SEO plugin. -->","yoast_head_json":{"title":"Kilocaine Powder 99 Pure elad\u00f3 - V\u00e1s\u00e1roljon Kilocaine Powder Online","description":"A Kilocaine Powder 99 Pure-t online a legjobb \u00e1ron v\u00e1s\u00e1rolhatja meg online \u00e1ruh\u00e1zunkban. Van olcs\u00f3 \u00e9s kiv\u00e1l\u00f3 min\u0151s\u00e9g\u0171 Kilocaine Powder 99 Pure elad\u00f3 \u00e9s vil\u00e1gszerte sz\u00e1ll\u00edt\u00e1st biztos\u00edtunk. B\u00e1rmikor \u00e9s b\u00e1rhonnan rendelhet.","robots":{"index":"index","follow":"follow","max-snippet":"max-snippet:-1","max-image-preview":"max-image-preview:large","max-video-preview":"max-video-preview:-1"},"canonical":"https:\/\/legitgrams.com\/hu\/termek\/kilokain-por-99-tiszta\/","og_locale":"hu_HU","og_type":"article","og_title":"Kilocaine Powder 99 Pure for Sale - Buy Kilocaine Powder Online","og_description":"You can buy Kilocaine Powder 99 Pure online at the best prices from our online store. We have cheap and high-quality Kilocaine Powder 99 Pure for sale and providing worldwide delivery. You can order from anytime, anywhere.","og_url":"https:\/\/legitgrams.com\/hu\/termek\/kilokain-por-99-tiszta\/","og_site_name":"Legit Grams","article_modified_time":"2025-01-14T07:20:38+00:00","og_image":[{"width":600,"height":600,"url":"https:\/\/legitgrams.com\/wp-content\/uploads\/2024\/09\/Buy-Kilocaine-Powder-99-Pure-Online.jpg","type":"image\/jpeg"}],"twitter_card":"summary_large_image","twitter_misc":{"Becs\u00fclt olvas\u00e1si id\u0151":"2 perc"},"schema":{"@context":"https:\/\/schema.org","@graph":[{"@type":"WebPage","@id":"https:\/\/legitgrams.com\/product\/kilocaine-powder-99-pure\/","url":"https:\/\/legitgrams.com\/product\/kilocaine-powder-99-pure\/","name":"Kilocaine Powder 99 Pure elad\u00f3 - V\u00e1s\u00e1roljon Kilocaine Powder Online","isPartOf":{"@id":"https:\/\/legitgrams.com\/#website"},"primaryImageOfPage":{"@id":"https:\/\/legitgrams.com\/product\/kilocaine-powder-99-pure\/#primaryimage"},"image":{"@id":"https:\/\/legitgrams.com\/product\/kilocaine-powder-99-pure\/#primaryimage"},"thumbnailUrl":"https:\/\/legitgrams.com\/wp-content\/uploads\/2024\/09\/Buy-Kilocaine-Powder-99-Pure-Online.jpg","datePublished":"2024-09-20T12:21:03+00:00","dateModified":"2025-01-14T07:20:38+00:00","description":"A Kilocaine Powder 99 Pure-t online a legjobb \u00e1ron v\u00e1s\u00e1rolhatja meg online \u00e1ruh\u00e1zunkban. Van olcs\u00f3 \u00e9s kiv\u00e1l\u00f3 min\u0151s\u00e9g\u0171 Kilocaine Powder 99 Pure elad\u00f3 \u00e9s vil\u00e1gszerte sz\u00e1ll\u00edt\u00e1st biztos\u00edtunk. B\u00e1rmikor \u00e9s b\u00e1rhonnan rendelhet.","breadcrumb":{"@id":"https:\/\/legitgrams.com\/product\/kilocaine-powder-99-pure\/#breadcrumb"},"inLanguage":"hu","potentialAction":[{"@type":"ReadAction","target":["https:\/\/legitgrams.com\/product\/kilocaine-powder-99-pure\/"]}]},{"@type":"ImageObject","inLanguage":"hu","@id":"https:\/\/legitgrams.com\/product\/kilocaine-powder-99-pure\/#primaryimage","url":"https:\/\/legitgrams.com\/wp-content\/uploads\/2024\/09\/Buy-Kilocaine-Powder-99-Pure-Online.jpg","contentUrl":"https:\/\/legitgrams.com\/wp-content\/uploads\/2024\/09\/Buy-Kilocaine-Powder-99-Pure-Online.jpg","width":600,"height":600,"caption":"Kilocaine Powder 99 Pure for Sale"},{"@type":"BreadcrumbList","@id":"https:\/\/legitgrams.com\/product\/kilocaine-powder-99-pure\/#breadcrumb","itemListElement":[{"@type":"ListItem","position":1,"name":"Home","item":"https:\/\/legitgrams.com\/"},{"@type":"ListItem","position":2,"name":"Shop","item":"https:\/\/legitgrams.com\/shop\/"},{"@type":"ListItem","position":3,"name":"Kilocaine Powder 99 Pure"}]},{"@type":"WebSite","@id":"https:\/\/legitgrams.com\/#website","url":"https:\/\/legitgrams.com\/","name":"Legit Grams","description":"Az \u00e9n WordPress blogom","publisher":{"@id":"https:\/\/legitgrams.com\/#organization"},"potentialAction":[{"@type":"SearchAction","target":{"@type":"EntryPoint","urlTemplate":"https:\/\/legitgrams.com\/?s={search_term_string}"},"query-input":{"@type":"PropertyValueSpecification","valueRequired":true,"valueName":"search_term_string"}}],"inLanguage":"hu"},{"@type":"Organization","@id":"https:\/\/legitgrams.com\/#organization","name":"Legit Grams","url":"https:\/\/legitgrams.com\/","logo":{"@type":"ImageObject","inLanguage":"hu","@id":"https:\/\/legitgrams.com\/#\/schema\/logo\/image\/","url":"https:\/\/legitgrams.com\/wp-content\/uploads\/2024\/09\/main-logo.png","contentUrl":"https:\/\/legitgrams.com\/wp-content\/uploads\/2024\/09\/main-logo.png","width":270,"height":75,"caption":"Legit Grams"},"image":{"@id":"https:\/\/legitgrams.com\/#\/schema\/logo\/image\/"}}]}},"uagb_featured_image_src":{"full":["https:\/\/legitgrams.com\/wp-content\/uploads\/2024\/09\/Buy-Kilocaine-Powder-99-Pure-Online.jpg",600,600,false],"thumbnail":["https:\/\/legitgrams.com\/wp-content\/uploads\/2024\/09\/Buy-Kilocaine-Powder-99-Pure-Online-150x150.jpg",150,150,true],"medium":["https:\/\/legitgrams.com\/wp-content\/uploads\/2024\/09\/Buy-Kilocaine-Powder-99-Pure-Online-300x300.jpg",300,300,true],"medium_large":["https:\/\/legitgrams.com\/wp-content\/uploads\/2024\/09\/Buy-Kilocaine-Powder-99-Pure-Online.jpg",600,600,false],"large":["https:\/\/legitgrams.com\/wp-content\/uploads\/2024\/09\/Buy-Kilocaine-Powder-99-Pure-Online.jpg",600,600,false],"1536x1536":["https:\/\/legitgrams.com\/wp-content\/uploads\/2024\/09\/Buy-Kilocaine-Powder-99-Pure-Online.jpg",600,600,false],"2048x2048":["https:\/\/legitgrams.com\/wp-content\/uploads\/2024\/09\/Buy-Kilocaine-Powder-99-Pure-Online.jpg",600,600,false],"trp-custom-language-flag":["https:\/\/legitgrams.com\/wp-content\/uploads\/2024\/09\/Buy-Kilocaine-Powder-99-Pure-Online-12x12.jpg",12,12,true],"woocommerce_thumbnail":["https:\/\/legitgrams.com\/wp-content\/uploads\/2024\/09\/Buy-Kilocaine-Powder-99-Pure-Online-300x300.jpg",300,300,true],"woocommerce_single":["https:\/\/legitgrams.com\/wp-content\/uploads\/2024\/09\/Buy-Kilocaine-Powder-99-Pure-Online.jpg",600,600,false],"woocommerce_gallery_thumbnail":["https:\/\/legitgrams.com\/wp-content\/uploads\/2024\/09\/Buy-Kilocaine-Powder-99-Pure-Online-100x100.jpg",100,100,true]},"uagb_author_info":{"display_name":"cokeblog18","author_link":"https:\/\/legitgrams.com\/hu\/author\/"},"uagb_comment_info":0,"uagb_excerpt":"Purchase 99 Pure Kilocaine Powder Online Kilocaine is similar to cocaine. Kilocaine is a new and interesting research chemical that has received good reviews since its introduction. These research substances are also known as &#8220;designer drugs.&#8221; They are part of a new class of drugs whose chemical composition has changed to the point where they&hellip;","_links":{"self":[{"href":"https:\/\/legitgrams.com\/hu\/wp-json\/wp\/v2\/product\/3948","targetHints":{"allow":["GET"]}}],"collection":[{"href":"https:\/\/legitgrams.com\/hu\/wp-json\/wp\/v2\/product"}],"about":[{"href":"https:\/\/legitgrams.com\/hu\/wp-json\/wp\/v2\/types\/product"}],"replies":[{"embeddable":true,"href":"https:\/\/legitgrams.com\/hu\/wp-json\/wp\/v2\/comments?post=3948"}],"wp:featuredmedia":[{"embeddable":true,"href":"https:\/\/legitgrams.com\/hu\/wp-json\/wp\/v2\/media\/5283"}],"wp:attachment":[{"href":"https:\/\/legitgrams.com\/hu\/wp-json\/wp\/v2\/media?parent=3948"}],"wp:term":[{"taxonomy":"product_brand","embeddable":true,"href":"https:\/\/legitgrams.com\/hu\/wp-json\/wp\/v2\/product_brand?post=3948"},{"taxonomy":"product_cat","embeddable":true,"href":"https:\/\/legitgrams.com\/hu\/wp-json\/wp\/v2\/product_cat?post=3948"},{"taxonomy":"product_tag","embeddable":true,"href":"https:\/\/legitgrams.com\/hu\/wp-json\/wp\/v2\/product_tag?post=3948"}],"curies":[{"name":"wp","href":"https:\/\/api.w.org\/{rel}","templated":true}]}}