{"id":3961,"date":"2024-09-21T05:10:45","date_gmt":"2024-09-21T05:10:45","guid":{"rendered":"https:\/\/legitgrams.com\/?post_type=product&#038;p=3961"},"modified":"2025-01-13T11:09:28","modified_gmt":"2025-01-13T11:09:28","slug":"klonazolam-por","status":"publish","type":"product","link":"https:\/\/legitgrams.com\/hu\/termek\/klonazolam-por\/","title":{"rendered":"Klonazol\u00e1m por"},"content":{"rendered":"<h2>Elad\u00f3: Clonazolam Powder<\/h2>\n<p><a href=\"https:\/\/legitgrams.com\/hu\/termek\/klonazolam-por\/\">Klonazolam por<\/a> a professzion\u00e1lis gy\u00f3gyszerek benzodiazepin oszt\u00e1ly\u00e1nak tagja, amelyeket sz\u00e1mos okb\u00f3l \u00e9s sz\u00e1mos betegs\u00e9g eset\u00e9n haszn\u00e1lnak. 1971-ben el\u0151sz\u00f6r diz\u00e1jnerdrogk\u00e9nt fejlesztett\u00e9k ki. Egyed\u00fcl\u00e1ll\u00f3 tulajdons\u00e1gai az elm\u00falt \u00e9vekben vil\u00e1gszerte az egyik legsz\u00e9lesebb k\u00f6rben haszn\u00e1lt gy\u00f3gyszerr\u00e9 tett\u00e9k. Manaps\u00e1g vegyszerk\u00e9nt haszn\u00e1lj\u00e1k kutat\u00e1sokhoz \u00e9s k\u00fcl\u00f6nf\u00e9le betegs\u00e9gek kezel\u00e9s\u00e9re.<\/p>\n<h3>Hogyan m\u0171k\u00f6dik a klonazol\u00e1m por<\/h3>\n<p><a href=\"https:\/\/en.wikipedia.org\/wiki\/Clonazolam\">Clonazolam<\/a> A por egy pszichoakt\u00edv \u00f6sszetev\u0151, amely hasonl\u00f3an m\u0171k\u00f6dik, mint az \u00f6sszes ilyen prodrog, csak\u00fagy, mint a t\u00f6bbi benzodiazepinek. T\u00f6bb potenci\u00e1llal rendelkezik, mint a benzodiazepin sorozat t\u00f6bbi prodrugja.<\/p>\n<p>Ugyan\u00fagy m\u0171k\u00f6dik, mint az \u00f6sszes prodrog, de gyorsabban, mint b\u00e1rmelyik prodrog ebben a csal\u00e1dban vagy b\u00e1rmely m\u00e1sban. \u00dagy m\u0171k\u00f6dik, hogy k\u00f6zvetlen hat\u00e1ssal van az emberi agy neurotranszmitter rendszer\u00e9re.<\/p>\n<p>Ez a m\u00f3dszer megn\u00f6veli bizonyos vegy\u00fcletek azon k\u00e9pess\u00e9g\u00e9t, hogy ell\u00e1tj\u00e1k a megfelel\u0151 funkci\u00f3t. Ez el\u0151seg\u00edti a pihentet\u0151 alv\u00e1st, ami el\u0151seg\u00edti az izmok ellazul\u00e1s\u00e1t. <a href=\"https:\/\/legitgrams.com\/hu\/\">LegitGrams<\/a><\/p>\n<p>A klonazol\u00e1mpor biztos\u00edtja a szervezet sz\u00e1m\u00e1ra a sz\u00fcks\u00e9ges marad\u00e9kot. Szinte minden orvos alkalmazza, amikor olyan betegeket kezel, akiknek alv\u00e1szavarai vannak. Ezenk\u00edv\u00fcl az orvosok ezt a megk\u00f6zel\u00edt\u00e9st haszn\u00e1lj\u00e1k arra, hogy seb\u00e9szi p\u00e1cienseiket eszm\u00e9letlenn\u00e9 tegy\u00e9k.<\/p>\n<p>Ez az el\u0151gy\u00f3gyszer abban is seg\u00edt az orvosoknak, hogy megakad\u00e1lyozz\u00e1k a betegek tov\u00e1bbi gy\u00f3gyszerek szed\u00e9s\u00e9t. Sz\u00e1mos folyamat r\u00e9v\u00e9n az alkohol ak\u00e1r az eg\u00e9sz szervezetb\u0151l is kivonhat\u00f3. A klonazol\u00e1m nagyszer\u0171 gy\u00f3gyszer, de csak akkor, ha az orvos \u00e1ltal el\u0151\u00edrt m\u00f3don \u00e9s a szervezet k\u00f6vetelm\u00e9nyeinek megfelel\u0151en veszi be.<\/p>\n<p>A klonazol\u00e1mpor hossz\u00fa t\u00e1v\u00fa alkalmaz\u00e1sa k\u00e1ros az emberi eg\u00e9szs\u00e9gre. Hat\u00e1ssal lehet az agy idegrendszer\u00e9re, \u00e9s s\u00falyosan k\u00e1ros\u00edthatja az emberi eg\u00e9szs\u00e9get.<\/p>\n<p>Internetes gy\u00f3gyszert\u00e1runk rendk\u00edv\u00fcl alacsony \u00e1ron k\u00edn\u00e1lja a klonazol\u00e1mot. V\u00e1llalkoz\u00e1sunk gyors \u00e1rusz\u00e1ll\u00edt\u00e1si szolg\u00e1ltat\u00e1st is k\u00edn\u00e1l.<\/p>","protected":false},"excerpt":{"rendered":"<p>For Sale: Clonazolam Powder Clonazolam powder is a member of the benzodiazepine class of professional drugs, which are used for a number of reasons and in a number of illnesses. In 1971, it was first developed as a designer drug. Its unique characteristics have made it one of the most widely used drugs worldwide in &hellip;<\/p>\n<p class=\"read-more\"> <a class=\"\" href=\"https:\/\/legitgrams.com\/hu\/termek\/klonazolam-por\/\"> <span class=\"screen-reader-text\">Klonazol\u00e1m por<\/span> Olvass tov\u00e1bb \"<\/a><\/p>","protected":false},"featured_media":5271,"comment_status":"open","ping_status":"closed","template":"","meta":{"_uag_custom_page_level_css":"","site-sidebar-layout":"default","site-content-layout":"default","ast-global-header-display":"","ast-main-header-display":"","ast-hfb-above-header-display":"","ast-hfb-below-header-display":"","ast-hfb-mobile-header-display":"","site-post-title":"","ast-breadcrumbs-content":"","ast-featured-img":"","footer-sml-layout":"","theme-transparent-header-meta":"default","adv-header-id-meta":"","stick-header-meta":"default","header-above-stick-meta":"","header-main-stick-meta":"","header-below-stick-meta":"","_joinchat":[]},"product_brand":[],"product_cat":[600],"product_tag":[3475,3465,617,3457,3472,3456,3460,3459,3467,3458,3468,3470,3477,3478,3476,3473,3469,3464,3462,3474,3471,625,3463,3466,3461],"class_list":{"0":"post-3961","1":"product","2":"type-product","3":"status-publish","4":"has-post-thumbnail","6":"product_cat-research-chemicals-and-bath-salt","7":"product_tag-best-cheap-price-clonazolam-powder","8":"product_tag-best-place-to-buy-clonazolam-powder","9":"product_tag-bulk-online","10":"product_tag-buy-clonazolam-powder","11":"product_tag-cheap-clonazolam-powder","12":"product_tag-clonazolam-powder","13":"product_tag-clonazolam-powder-clonazolam-powder-supplier","14":"product_tag-clonazolam-powder-for-sale","15":"product_tag-clonazolam-powder-legally","16":"product_tag-clonazolam-powder-online","17":"product_tag-clonazolam-powder-price","18":"product_tag-clonazolam-powder-store","19":"product_tag-clonazolam-powder-use","20":"product_tag-clonazolam-powder-wiki","21":"product_tag-clonazolam-powder-worldwide","22":"product_tag-clonazolam-powders","23":"product_tag-high-quality-clonazolam-powder","24":"product_tag-how-to-buy-clonazolam-powder","25":"product_tag-order-clonazolam-powder","26":"product_tag-purcharse-clonazolam-powder","27":"product_tag-shop-clonazolam-powder","28":"product_tag-top-quality","29":"product_tag-where-to-buy-clonazolam-powder","30":"product_tag-where-to-order-clonazolam-powder","31":"product_tag-wholesale-clonazolam-powder","32":"desktop-align-left","33":"tablet-align-left","34":"mobile-align-left","35":"ast-product-gallery-layout-horizontal","36":"ast-product-gallery-with-no-image","37":"ast-product-single-variable","38":"ast-product-tabs-layout-horizontal","39":"ast-qv-on-image","41":"first","42":"instock","43":"featured","44":"shipping-taxable","45":"purchasable","46":"product-type-variable"},"yoast_head":"<!-- This site is optimized with the Yoast SEO plugin v25.9 - https:\/\/yoast.com\/wordpress\/plugins\/seo\/ -->\n<title>Clonazolam Powder for Sale - Order Clonazolam Powder Online<\/title>\n<meta name=\"description\" content=\"Clonazolam Powder for sale is now easily available at our online store. You can connect directly with our chemicals store and buy Clonazolam Powder online at the best prices.\" \/>\n<meta name=\"robots\" content=\"index, follow, max-snippet:-1, max-image-preview:large, max-video-preview:-1\" \/>\n<link rel=\"canonical\" href=\"https:\/\/legitgrams.com\/hu\/termek\/klonazolam-por\/\" \/>\n<meta property=\"og:locale\" content=\"hu_HU\" \/>\n<meta property=\"og:type\" content=\"article\" \/>\n<meta property=\"og:title\" content=\"Clonazolam Powder for Sale - Order Clonazolam Powder Online\" \/>\n<meta property=\"og:description\" content=\"Clonazolam Powder for sale is now easily available at our online store. You can connect directly with our chemicals store and buy Clonazolam Powder online at the best prices.\" \/>\n<meta property=\"og:url\" content=\"https:\/\/legitgrams.com\/hu\/termek\/klonazolam-por\/\" \/>\n<meta property=\"og:site_name\" content=\"Legit Grams\" \/>\n<meta property=\"article:modified_time\" content=\"2025-01-13T11:09:28+00:00\" \/>\n<meta property=\"og:image\" content=\"https:\/\/legitgrams.com\/wp-content\/uploads\/2024\/09\/Buy-cheap-clonazolam-powder-online.jpg\" \/>\n\t<meta property=\"og:image:width\" content=\"600\" \/>\n\t<meta property=\"og:image:height\" content=\"600\" \/>\n\t<meta property=\"og:image:type\" content=\"image\/jpeg\" \/>\n<meta name=\"twitter:card\" content=\"summary_large_image\" \/>\n<meta name=\"twitter:label1\" content=\"Becs\u00fclt olvas\u00e1si id\u0151\" \/>\n\t<meta name=\"twitter:data1\" content=\"2 perc\" \/>\n<script type=\"application\/ld+json\" class=\"yoast-schema-graph\">{\"@context\":\"https:\/\/schema.org\",\"@graph\":[{\"@type\":\"WebPage\",\"@id\":\"https:\/\/legitgrams.com\/product\/clonazolam-powder\/\",\"url\":\"https:\/\/legitgrams.com\/product\/clonazolam-powder\/\",\"name\":\"Clonazolam Powder for Sale - Order Clonazolam Powder Online\",\"isPartOf\":{\"@id\":\"https:\/\/legitgrams.com\/#website\"},\"primaryImageOfPage\":{\"@id\":\"https:\/\/legitgrams.com\/product\/clonazolam-powder\/#primaryimage\"},\"image\":{\"@id\":\"https:\/\/legitgrams.com\/product\/clonazolam-powder\/#primaryimage\"},\"thumbnailUrl\":\"https:\/\/legitgrams.com\/wp-content\/uploads\/2024\/09\/Buy-cheap-clonazolam-powder-online.jpg\",\"datePublished\":\"2024-09-21T05:10:45+00:00\",\"dateModified\":\"2025-01-13T11:09:28+00:00\",\"description\":\"Clonazolam Powder for sale is now easily available at our online store. You can connect directly with our chemicals store and buy Clonazolam Powder online at the best prices.\",\"breadcrumb\":{\"@id\":\"https:\/\/legitgrams.com\/product\/clonazolam-powder\/#breadcrumb\"},\"inLanguage\":\"hu\",\"potentialAction\":[{\"@type\":\"ReadAction\",\"target\":[\"https:\/\/legitgrams.com\/product\/clonazolam-powder\/\"]}]},{\"@type\":\"ImageObject\",\"inLanguage\":\"hu\",\"@id\":\"https:\/\/legitgrams.com\/product\/clonazolam-powder\/#primaryimage\",\"url\":\"https:\/\/legitgrams.com\/wp-content\/uploads\/2024\/09\/Buy-cheap-clonazolam-powder-online.jpg\",\"contentUrl\":\"https:\/\/legitgrams.com\/wp-content\/uploads\/2024\/09\/Buy-cheap-clonazolam-powder-online.jpg\",\"width\":600,\"height\":600,\"caption\":\"Clonazolam Powder for Sale\"},{\"@type\":\"BreadcrumbList\",\"@id\":\"https:\/\/legitgrams.com\/product\/clonazolam-powder\/#breadcrumb\",\"itemListElement\":[{\"@type\":\"ListItem\",\"position\":1,\"name\":\"Home\",\"item\":\"https:\/\/legitgrams.com\/\"},{\"@type\":\"ListItem\",\"position\":2,\"name\":\"Shop\",\"item\":\"https:\/\/legitgrams.com\/shop\/\"},{\"@type\":\"ListItem\",\"position\":3,\"name\":\"Clonazolam Powder\"}]},{\"@type\":\"WebSite\",\"@id\":\"https:\/\/legitgrams.com\/#website\",\"url\":\"https:\/\/legitgrams.com\/\",\"name\":\"Legit Grams\",\"description\":\"My WordPress Blog\",\"publisher\":{\"@id\":\"https:\/\/legitgrams.com\/#organization\"},\"potentialAction\":[{\"@type\":\"SearchAction\",\"target\":{\"@type\":\"EntryPoint\",\"urlTemplate\":\"https:\/\/legitgrams.com\/?s={search_term_string}\"},\"query-input\":{\"@type\":\"PropertyValueSpecification\",\"valueRequired\":true,\"valueName\":\"search_term_string\"}}],\"inLanguage\":\"hu\"},{\"@type\":\"Organization\",\"@id\":\"https:\/\/legitgrams.com\/#organization\",\"name\":\"Legit Grams\",\"url\":\"https:\/\/legitgrams.com\/\",\"logo\":{\"@type\":\"ImageObject\",\"inLanguage\":\"hu\",\"@id\":\"https:\/\/legitgrams.com\/#\/schema\/logo\/image\/\",\"url\":\"https:\/\/legitgrams.com\/wp-content\/uploads\/2024\/09\/main-logo.png\",\"contentUrl\":\"https:\/\/legitgrams.com\/wp-content\/uploads\/2024\/09\/main-logo.png\",\"width\":270,\"height\":75,\"caption\":\"Legit Grams\"},\"image\":{\"@id\":\"https:\/\/legitgrams.com\/#\/schema\/logo\/image\/\"}}]}<\/script>\n<!-- \/ Yoast SEO plugin. -->","yoast_head_json":{"title":"Clonazolam por elad\u00f3 - Clonazolam por rendel\u00e9se online","description":"A Clonazolam por elad\u00f3 most k\u00f6nnyen el\u00e9rhet\u0151 az online \u00e1ruh\u00e1zunkban. K\u00f6zvetlen\u00fcl csatlakozhat vegyianyag-\u00e1ruh\u00e1zunkhoz, \u00e9s a legjobb \u00e1ron v\u00e1s\u00e1rolhat Clonazolam Powder online.","robots":{"index":"index","follow":"follow","max-snippet":"max-snippet:-1","max-image-preview":"max-image-preview:large","max-video-preview":"max-video-preview:-1"},"canonical":"https:\/\/legitgrams.com\/hu\/termek\/klonazolam-por\/","og_locale":"hu_HU","og_type":"article","og_title":"Clonazolam Powder for Sale - Order Clonazolam Powder Online","og_description":"Clonazolam Powder for sale is now easily available at our online store. You can connect directly with our chemicals store and buy Clonazolam Powder online at the best prices.","og_url":"https:\/\/legitgrams.com\/hu\/termek\/klonazolam-por\/","og_site_name":"Legit Grams","article_modified_time":"2025-01-13T11:09:28+00:00","og_image":[{"width":600,"height":600,"url":"https:\/\/legitgrams.com\/wp-content\/uploads\/2024\/09\/Buy-cheap-clonazolam-powder-online.jpg","type":"image\/jpeg"}],"twitter_card":"summary_large_image","twitter_misc":{"Becs\u00fclt olvas\u00e1si id\u0151":"2 perc"},"schema":{"@context":"https:\/\/schema.org","@graph":[{"@type":"WebPage","@id":"https:\/\/legitgrams.com\/product\/clonazolam-powder\/","url":"https:\/\/legitgrams.com\/product\/clonazolam-powder\/","name":"Clonazolam por elad\u00f3 - Clonazolam por rendel\u00e9se online","isPartOf":{"@id":"https:\/\/legitgrams.com\/#website"},"primaryImageOfPage":{"@id":"https:\/\/legitgrams.com\/product\/clonazolam-powder\/#primaryimage"},"image":{"@id":"https:\/\/legitgrams.com\/product\/clonazolam-powder\/#primaryimage"},"thumbnailUrl":"https:\/\/legitgrams.com\/wp-content\/uploads\/2024\/09\/Buy-cheap-clonazolam-powder-online.jpg","datePublished":"2024-09-21T05:10:45+00:00","dateModified":"2025-01-13T11:09:28+00:00","description":"A Clonazolam por elad\u00f3 most k\u00f6nnyen el\u00e9rhet\u0151 az online \u00e1ruh\u00e1zunkban. K\u00f6zvetlen\u00fcl csatlakozhat vegyianyag-\u00e1ruh\u00e1zunkhoz, \u00e9s a legjobb \u00e1ron v\u00e1s\u00e1rolhat Clonazolam Powder online.","breadcrumb":{"@id":"https:\/\/legitgrams.com\/product\/clonazolam-powder\/#breadcrumb"},"inLanguage":"hu","potentialAction":[{"@type":"ReadAction","target":["https:\/\/legitgrams.com\/product\/clonazolam-powder\/"]}]},{"@type":"ImageObject","inLanguage":"hu","@id":"https:\/\/legitgrams.com\/product\/clonazolam-powder\/#primaryimage","url":"https:\/\/legitgrams.com\/wp-content\/uploads\/2024\/09\/Buy-cheap-clonazolam-powder-online.jpg","contentUrl":"https:\/\/legitgrams.com\/wp-content\/uploads\/2024\/09\/Buy-cheap-clonazolam-powder-online.jpg","width":600,"height":600,"caption":"Clonazolam Powder for Sale"},{"@type":"BreadcrumbList","@id":"https:\/\/legitgrams.com\/product\/clonazolam-powder\/#breadcrumb","itemListElement":[{"@type":"ListItem","position":1,"name":"Home","item":"https:\/\/legitgrams.com\/"},{"@type":"ListItem","position":2,"name":"Shop","item":"https:\/\/legitgrams.com\/shop\/"},{"@type":"ListItem","position":3,"name":"Clonazolam Powder"}]},{"@type":"WebSite","@id":"https:\/\/legitgrams.com\/#website","url":"https:\/\/legitgrams.com\/","name":"Legit Grams","description":"Az \u00e9n WordPress blogom","publisher":{"@id":"https:\/\/legitgrams.com\/#organization"},"potentialAction":[{"@type":"SearchAction","target":{"@type":"EntryPoint","urlTemplate":"https:\/\/legitgrams.com\/?s={search_term_string}"},"query-input":{"@type":"PropertyValueSpecification","valueRequired":true,"valueName":"search_term_string"}}],"inLanguage":"hu"},{"@type":"Organization","@id":"https:\/\/legitgrams.com\/#organization","name":"Legit Grams","url":"https:\/\/legitgrams.com\/","logo":{"@type":"ImageObject","inLanguage":"hu","@id":"https:\/\/legitgrams.com\/#\/schema\/logo\/image\/","url":"https:\/\/legitgrams.com\/wp-content\/uploads\/2024\/09\/main-logo.png","contentUrl":"https:\/\/legitgrams.com\/wp-content\/uploads\/2024\/09\/main-logo.png","width":270,"height":75,"caption":"Legit Grams"},"image":{"@id":"https:\/\/legitgrams.com\/#\/schema\/logo\/image\/"}}]}},"uagb_featured_image_src":{"full":["https:\/\/legitgrams.com\/wp-content\/uploads\/2024\/09\/Buy-cheap-clonazolam-powder-online.jpg",600,600,false],"thumbnail":["https:\/\/legitgrams.com\/wp-content\/uploads\/2024\/09\/Buy-cheap-clonazolam-powder-online-150x150.jpg",150,150,true],"medium":["https:\/\/legitgrams.com\/wp-content\/uploads\/2024\/09\/Buy-cheap-clonazolam-powder-online-300x300.jpg",300,300,true],"medium_large":["https:\/\/legitgrams.com\/wp-content\/uploads\/2024\/09\/Buy-cheap-clonazolam-powder-online.jpg",600,600,false],"large":["https:\/\/legitgrams.com\/wp-content\/uploads\/2024\/09\/Buy-cheap-clonazolam-powder-online.jpg",600,600,false],"1536x1536":["https:\/\/legitgrams.com\/wp-content\/uploads\/2024\/09\/Buy-cheap-clonazolam-powder-online.jpg",600,600,false],"2048x2048":["https:\/\/legitgrams.com\/wp-content\/uploads\/2024\/09\/Buy-cheap-clonazolam-powder-online.jpg",600,600,false],"trp-custom-language-flag":["https:\/\/legitgrams.com\/wp-content\/uploads\/2024\/09\/Buy-cheap-clonazolam-powder-online-12x12.jpg",12,12,true],"woocommerce_thumbnail":["https:\/\/legitgrams.com\/wp-content\/uploads\/2024\/09\/Buy-cheap-clonazolam-powder-online-300x300.jpg",300,300,true],"woocommerce_single":["https:\/\/legitgrams.com\/wp-content\/uploads\/2024\/09\/Buy-cheap-clonazolam-powder-online.jpg",600,600,false],"woocommerce_gallery_thumbnail":["https:\/\/legitgrams.com\/wp-content\/uploads\/2024\/09\/Buy-cheap-clonazolam-powder-online-100x100.jpg",100,100,true]},"uagb_author_info":{"display_name":"cokeblog18","author_link":"https:\/\/legitgrams.com\/hu\/author\/"},"uagb_comment_info":1,"uagb_excerpt":"For Sale: Clonazolam Powder Clonazolam powder is a member of the benzodiazepine class of professional drugs, which are used for a number of reasons and in a number of illnesses. In 1971, it was first developed as a designer drug. Its unique characteristics have made it one of the most widely used drugs worldwide in&hellip;","_links":{"self":[{"href":"https:\/\/legitgrams.com\/hu\/wp-json\/wp\/v2\/product\/3961","targetHints":{"allow":["GET"]}}],"collection":[{"href":"https:\/\/legitgrams.com\/hu\/wp-json\/wp\/v2\/product"}],"about":[{"href":"https:\/\/legitgrams.com\/hu\/wp-json\/wp\/v2\/types\/product"}],"replies":[{"embeddable":true,"href":"https:\/\/legitgrams.com\/hu\/wp-json\/wp\/v2\/comments?post=3961"}],"wp:featuredmedia":[{"embeddable":true,"href":"https:\/\/legitgrams.com\/hu\/wp-json\/wp\/v2\/media\/5271"}],"wp:attachment":[{"href":"https:\/\/legitgrams.com\/hu\/wp-json\/wp\/v2\/media?parent=3961"}],"wp:term":[{"taxonomy":"product_brand","embeddable":true,"href":"https:\/\/legitgrams.com\/hu\/wp-json\/wp\/v2\/product_brand?post=3961"},{"taxonomy":"product_cat","embeddable":true,"href":"https:\/\/legitgrams.com\/hu\/wp-json\/wp\/v2\/product_cat?post=3961"},{"taxonomy":"product_tag","embeddable":true,"href":"https:\/\/legitgrams.com\/hu\/wp-json\/wp\/v2\/product_tag?post=3961"}],"curies":[{"name":"wp","href":"https:\/\/api.w.org\/{rel}","templated":true}]}}