{"id":3962,"date":"2024-09-21T05:19:45","date_gmt":"2024-09-21T05:19:45","guid":{"rendered":"https:\/\/legitgrams.com\/?post_type=product&#038;p=3962"},"modified":"2025-01-14T09:47:20","modified_gmt":"2025-01-14T09:47:20","slug":"metoxetamin-mxe-por","status":"publish","type":"product","link":"https:\/\/legitgrams.com\/hu\/termek\/metoxetamin-mxe-por\/","title":{"rendered":"Metoxetamin MXE por"},"content":{"rendered":"<h2>V\u00e1s\u00e1roljon kiv\u00e1l\u00f3 min\u0151s\u00e9g\u0171 metoxetamin port online<\/h2>\n<p>A metoxetamin, amelyet divatos kieg\u00e9sz\u00edt\u0151k\u00e9nt rekl\u00e1moznak, disszoci\u00e1ci\u00f3t okoz\u00f3 stimul\u00e1ns, \u00e9s MXE-k\u00e9nt t\u00f6m\u00f6r\u00fcl. Ellent\u00e9tben sz\u00e1mos disszociat\u00edv anyaggal, mint p\u00e9ld\u00e1ul a fenciklidin (PCP) \u00e9s a ketamin, amelyeket \u00e1ltal\u00e1nos nyugtat\u00f3k\u00e9nt val\u00f3 felhaszn\u00e1l\u00e1sra sz\u00e1nt gy\u00f3gyszerekk\u00e9nt hoztak l\u00e9tre, illeg\u00e1lis terjeszt\u00e9sre tervezt\u00e9k. V\u00e1s\u00e1roljon metoxetamint online<\/p>\n<p><a href=\"https:\/\/legitgrams.com\/hu\/termek\/metoxetamin-mxe-por\/\">MXE<\/a> \u00fagy gondolj\u00e1k, hogy a ketaminhoz hasonl\u00f3 hat\u00e1st fejt ki. Sz\u00e9les k\u00f6rben azt felt\u00e9telezt\u00e9k, hogy narkotikus tulajdons\u00e1gokkal rendelkezik, mivel els\u0151dlegesen hasonl\u00edt a 3-HO-PCP-re; mindazon\u00e1ltal a kutat\u00e1sok azt mutatj\u00e1k, hogy a molekul\u00e1nak elhanyagolhat\u00f3 affinit\u00e1sa van a \u00b5-narkotikus receptorhoz. A szabadid\u0151s haszn\u00e1lat az Egyes\u00fclt \u00c1llamokban \u00e9s az Egyes\u00fclt Kir\u00e1lys\u00e1gban a k\u00f3rh\u00e1zi kezel\u00e9sekhez kapcsol\u00f3dik a t\u00falzott \u00e9s kombin\u00e1lt MXE-haszn\u00e1lat miatt. H\u00e1rom s\u00fcrg\u0151ss\u00e9gi klinik\u00e1n t\u00f6rt\u00e9nt intenz\u00edv reverzibilis kisagys\u00e9r\u00fcl\u00e9s \u00f6sszef\u00fcgg\u00e9sbe hozhat\u00f3 az MXE t\u00faladagol\u00e1s meger\u0151s\u00edt\u00e9s\u00e9vel, \u00e9s ez a k\u00e1rosod\u00e1s a bemutat\u00e1st k\u00f6vet\u0151en egy-n\u00e9gy napig fenn\u00e1ll.<\/p>\n<p>Az MXE l\u00e9trehoz\u00e1s\u00e1nak c\u00e9lja az volt, hogy cs\u00f6kkentse a ketaminnal val\u00f3 vissza\u00e9l\u00e9shez kapcsol\u00f3d\u00f3 urotoxicit\u00e1s egy r\u00e9sz\u00e9t. A vegy\u00fclet nagyobb hat\u00e9konys\u00e1ga \u00e9s cs\u00f6kkent t\u00e9rfogata megg\u00e1tolja az urotoxikus metabolitok felhalmoz\u00f3d\u00e1s\u00e1t a h\u00f3lyagban.<\/p>\n<p>Az MXE bizony\u00edtottan h\u00f3lyaggyullad\u00e1st \u00e9s fibr\u00f3zist id\u00e9z el\u0151 patk\u00e1nyokban, amikor nagy d\u00f3zisban, hosszabb id\u0151n kereszt\u00fcl adt\u00e1k be, hasonl\u00f3an a ketaminhoz (b\u00e1r az alkalmazott m\u00e9rlegek nagyon nagyok voltak). A klinikai szakirodalomban jelenleg nincs jelent\u00e9s urotoxicit\u00e1sr\u00f3l emberekben. Az MXE online megv\u00e1s\u00e1rolhat\u00f3. A K2 foly\u00e9kony f\u00fcst\u00f6l\u0151 \u00e9s a K2 foly\u00e9kony gy\u00f3gyn\u00f6v\u00e9ny f\u00fcst\u00f6l\u0151 is megv\u00e1s\u00e1rolhat\u00f3.<\/p>\n<p>A metoxetamin anyagegyenlet\u00e9b\u0151l kider\u00fclt, hogy hat\u00e1sai nagyj\u00e1b\u00f3l megegyezhetnek a PCP \u00e9s a ketamin hat\u00e1saival. A vegy\u00fclet farmakol\u00f3gi\u00e1ja mag\u00e1ban foglalhatja a dopamin visszav\u00e9tel\u00e9nek g\u00e1tl\u00e1s\u00e1t a dopamin hordoz\u00f3 feh\u00e9rje \u00e1ltal, ez\u00e1ltal f\u00e1jdalomcsillap\u00edt\u00f3 \u00e9s szorong\u00e1sold\u00f3 hat\u00e1sokkal ruh\u00e1zva fel. Methoxetamine elad\u00f3, v\u00e1s\u00e1rl\u00e1s mxe, v\u00e1s\u00e1rolni mxe online, hol lehet v\u00e1s\u00e1rolni mxe, v\u00e1s\u00e1rolni mxe, rendelni mxe online<\/p>\n<p>K\u00e9rj\u00fck, vegye figyelembe, hogy a metilfenid\u00e1tot csak meghat\u00e1rozott laborat\u00f3riumi k\u00f6r\u00fclm\u00e9nyek k\u00f6z\u00f6tt lehet koncentr\u00e1lni, \u00e9s hogy az in vivo vizsg\u00e1latokhoz nem enged\u00e9lyezett az \u00e9l\u0151 \u00e1llatokon v\u00e9gzett k\u00eds\u00e9rletez\u00e9s.<\/p>\n<p>V\u00e1s\u00e1rl\u00e1s kiv\u00e1l\u00f3 min\u0151s\u00e9g\u0171 metilfenid\u00e1t <a href=\"https:\/\/en.wikipedia.org\/wiki\/Metizolam\">MXE<\/a> por online, - v\u00e1s\u00e1rl\u00e1s kiv\u00e1l\u00f3 min\u0151s\u00e9g\u0171 MXE por, v\u00e1s\u00e1rl\u00e1s kiv\u00e1l\u00f3 min\u0151s\u00e9g\u0171 MXE por usa, v\u00e1s\u00e1rl\u00e1s kiv\u00e1l\u00f3 min\u0151s\u00e9g\u0171 MXE por online USA, Hol lehet v\u00e1s\u00e1rolni kiv\u00e1l\u00f3 min\u0151s\u00e9g\u0171 MXE por, Kiv\u00e1l\u00f3 min\u0151s\u00e9g\u0171 MXE por elad\u00f3, Kiv\u00e1l\u00f3 min\u0151s\u00e9g\u0171 MXE por elad\u00f3 a k\u00f6zelben, V\u00e1s\u00e1rl\u00e1s kiv\u00e1l\u00f3 min\u0151s\u00e9g\u0171 MXE por online a k\u00f6zelemben, Hol lehet v\u00e1s\u00e1rolni kiv\u00e1l\u00f3 min\u0151s\u00e9g\u0171 MXE por online, Kiv\u00e1l\u00f3 min\u0151s\u00e9g\u0171 MXE por elad\u00f3 az USA-ban, Kanad\u00e1ban, az Egyes\u00fclt Kir\u00e1lys\u00e1gban, v\u00e1s\u00e1rl\u00e1s, online, besz\u00e1ll\u00edt\u00f3k, biztons\u00e1gos sz\u00e1ll\u00edt\u00e1s, M\u00e9g mindig szerezhet kiv\u00e1l\u00f3 min\u0151s\u00e9g\u0171 MXE port, Hogyan lehet megszerezni a min\u0151s\u00e9gi Methoxetamine MXE port, A min\u0151s\u00e9gi Methoxetamine MXE por leg\u00e1lis Kanad\u00e1ban, V\u00e1s\u00e1rolhatok min\u0151s\u00e9gi Methoxetamine MXE port online az Egyes\u00fclt \u00c1llamokban? <a href=\"https:\/\/legitgrams.com\/hu\/\">LegitGrams<\/a><\/p>","protected":false},"excerpt":{"rendered":"<p>Purchase High-Grade Methoxetamine Powder Online Methoxetamine, which is promoted as a fashion accessory, is a stimulant that produces dissociation and is condensed as MXE. In contrast to a number of dissociatives, like phencyclidine (PCP) and ketamine, which were created as medications for use as general sedatives, it was designed to be distributed illegally. Purchase Methoxetamine &hellip;<\/p>\n<p class=\"read-more\"> <a class=\"\" href=\"https:\/\/legitgrams.com\/hu\/termek\/metoxetamin-mxe-por\/\"> <span class=\"screen-reader-text\">Metoxetamin MXE por<\/span> Olvass tov\u00e1bb \"<\/a><\/p>","protected":false},"featured_media":5326,"comment_status":"open","ping_status":"closed","template":"","meta":{"_uag_custom_page_level_css":"","site-sidebar-layout":"default","site-content-layout":"default","ast-global-header-display":"","ast-main-header-display":"","ast-hfb-above-header-display":"","ast-hfb-below-header-display":"","ast-hfb-mobile-header-display":"","site-post-title":"","ast-breadcrumbs-content":"","ast-featured-img":"","footer-sml-layout":"","theme-transparent-header-meta":"default","adv-header-id-meta":"","stick-header-meta":"default","header-above-stick-meta":"","header-main-stick-meta":"","header-below-stick-meta":"","_joinchat":[]},"product_brand":[],"product_cat":[600],"product_tag":[3452,3442,617,3434,3449,3446,3441,3433,3436,3444,3437,3435,3445,3447,3454,3455,3453,3450,3439,3451,3448,625,3440,3443,3438],"class_list":{"0":"post-3962","1":"product","2":"type-product","3":"status-publish","4":"has-post-thumbnail","6":"product_cat-research-chemicals-and-bath-salt","7":"product_tag-best-cheap-price-methoxetamine-mxe-powder","8":"product_tag-best-place-to-buy-methoxetamine-mxe-powder","9":"product_tag-bulk-online","10":"product_tag-buy-methoxetamine-mxe-powder","11":"product_tag-cheap-methoxetamine-mxe-powder","12":"product_tag-high-quality-methoxetamine-mxe-powder","13":"product_tag-how-to-buy-methoxetamine-mxe-powder","14":"product_tag-methoxetamine-mxe-powder","15":"product_tag-methoxetamine-mxe-powder-for-sale","16":"product_tag-methoxetamine-mxe-powder-legally","17":"product_tag-methoxetamine-mxe-powder-methoxetamine-mxe-powder-supplier","18":"product_tag-methoxetamine-mxe-powder-online","19":"product_tag-methoxetamine-mxe-powder-price","20":"product_tag-methoxetamine-mxe-powder-store","21":"product_tag-methoxetamine-mxe-powder-use","22":"product_tag-methoxetamine-mxe-powder-wiki","23":"product_tag-methoxetamine-mxe-powder-worldwide","24":"product_tag-methoxetamine-mxe-powders","25":"product_tag-order-methoxetamine-mxe-powder","26":"product_tag-purcharse-methoxetamine-mxe-powder","27":"product_tag-shop-methoxetamine-mxe-powder","28":"product_tag-top-quality","29":"product_tag-where-to-buy-methoxetamine-mxe-powder","30":"product_tag-where-to-order-methoxetamine-mxe-powder","31":"product_tag-wholesale-methoxetamine-mxe-powder","32":"desktop-align-left","33":"tablet-align-left","34":"mobile-align-left","35":"ast-product-gallery-layout-horizontal","36":"ast-product-gallery-with-no-image","37":"ast-product-single-variable","38":"ast-product-tabs-layout-horizontal","39":"ast-qv-on-image","41":"first","42":"instock","43":"shipping-taxable","44":"purchasable","45":"product-type-variable"},"yoast_head":"<!-- This site is optimized with the Yoast SEO plugin v25.9 - https:\/\/yoast.com\/wordpress\/plugins\/seo\/ -->\n<title>Methoxetamine MXE Powder for Sale - Buy Methoxetamine Online<\/title>\n<meta name=\"description\" content=\"At our Legitgrams, you can get Methoxetamine MXE powder for sale at cheap rates. We deal with A-grade quality products only. Buy Methoxetamine online from our store now with fast &amp; secure shipping service.\" \/>\n<meta name=\"robots\" content=\"index, follow, max-snippet:-1, max-image-preview:large, max-video-preview:-1\" \/>\n<link rel=\"canonical\" href=\"https:\/\/legitgrams.com\/hu\/termek\/metoxetamin-mxe-por\/\" \/>\n<meta property=\"og:locale\" content=\"hu_HU\" \/>\n<meta property=\"og:type\" content=\"article\" \/>\n<meta property=\"og:title\" content=\"Methoxetamine MXE Powder for Sale - Buy Methoxetamine Online\" \/>\n<meta property=\"og:description\" content=\"At our Legitgrams, you can get Methoxetamine MXE powder for sale at cheap rates. We deal with A-grade quality products only. Buy Methoxetamine online from our store now with fast &amp; secure shipping service.\" \/>\n<meta property=\"og:url\" content=\"https:\/\/legitgrams.com\/hu\/termek\/metoxetamin-mxe-por\/\" \/>\n<meta property=\"og:site_name\" content=\"Legit Grams\" \/>\n<meta property=\"article:modified_time\" content=\"2025-01-14T09:47:20+00:00\" \/>\n<meta property=\"og:image\" content=\"https:\/\/legitgrams.com\/wp-content\/uploads\/2024\/09\/buy-mexedrone-mxe-power-crystal-online.jpg\" \/>\n\t<meta property=\"og:image:width\" content=\"600\" \/>\n\t<meta property=\"og:image:height\" content=\"600\" \/>\n\t<meta property=\"og:image:type\" content=\"image\/jpeg\" \/>\n<meta name=\"twitter:card\" content=\"summary_large_image\" \/>\n<meta name=\"twitter:label1\" content=\"Becs\u00fclt olvas\u00e1si id\u0151\" \/>\n\t<meta name=\"twitter:data1\" content=\"3 perc\" \/>\n<script type=\"application\/ld+json\" class=\"yoast-schema-graph\">{\"@context\":\"https:\/\/schema.org\",\"@graph\":[{\"@type\":\"WebPage\",\"@id\":\"https:\/\/legitgrams.com\/product\/methoxetamine-mxe-powder\/\",\"url\":\"https:\/\/legitgrams.com\/product\/methoxetamine-mxe-powder\/\",\"name\":\"Methoxetamine MXE Powder for Sale - Buy Methoxetamine Online\",\"isPartOf\":{\"@id\":\"https:\/\/legitgrams.com\/#website\"},\"primaryImageOfPage\":{\"@id\":\"https:\/\/legitgrams.com\/product\/methoxetamine-mxe-powder\/#primaryimage\"},\"image\":{\"@id\":\"https:\/\/legitgrams.com\/product\/methoxetamine-mxe-powder\/#primaryimage\"},\"thumbnailUrl\":\"https:\/\/legitgrams.com\/wp-content\/uploads\/2024\/09\/buy-mexedrone-mxe-power-crystal-online.jpg\",\"datePublished\":\"2024-09-21T05:19:45+00:00\",\"dateModified\":\"2025-01-14T09:47:20+00:00\",\"description\":\"At our Legitgrams, you can get Methoxetamine MXE powder for sale at cheap rates. We deal with A-grade quality products only. Buy Methoxetamine online from our store now with fast & secure shipping service.\",\"breadcrumb\":{\"@id\":\"https:\/\/legitgrams.com\/product\/methoxetamine-mxe-powder\/#breadcrumb\"},\"inLanguage\":\"hu\",\"potentialAction\":[{\"@type\":\"ReadAction\",\"target\":[\"https:\/\/legitgrams.com\/product\/methoxetamine-mxe-powder\/\"]}]},{\"@type\":\"ImageObject\",\"inLanguage\":\"hu\",\"@id\":\"https:\/\/legitgrams.com\/product\/methoxetamine-mxe-powder\/#primaryimage\",\"url\":\"https:\/\/legitgrams.com\/wp-content\/uploads\/2024\/09\/buy-mexedrone-mxe-power-crystal-online.jpg\",\"contentUrl\":\"https:\/\/legitgrams.com\/wp-content\/uploads\/2024\/09\/buy-mexedrone-mxe-power-crystal-online.jpg\",\"width\":600,\"height\":600,\"caption\":\"Methoxetamine MXE Powder for Sale\"},{\"@type\":\"BreadcrumbList\",\"@id\":\"https:\/\/legitgrams.com\/product\/methoxetamine-mxe-powder\/#breadcrumb\",\"itemListElement\":[{\"@type\":\"ListItem\",\"position\":1,\"name\":\"Home\",\"item\":\"https:\/\/legitgrams.com\/\"},{\"@type\":\"ListItem\",\"position\":2,\"name\":\"Shop\",\"item\":\"https:\/\/legitgrams.com\/shop\/\"},{\"@type\":\"ListItem\",\"position\":3,\"name\":\"Methoxetamine MXE powder\"}]},{\"@type\":\"WebSite\",\"@id\":\"https:\/\/legitgrams.com\/#website\",\"url\":\"https:\/\/legitgrams.com\/\",\"name\":\"Legit Grams\",\"description\":\"My WordPress Blog\",\"publisher\":{\"@id\":\"https:\/\/legitgrams.com\/#organization\"},\"potentialAction\":[{\"@type\":\"SearchAction\",\"target\":{\"@type\":\"EntryPoint\",\"urlTemplate\":\"https:\/\/legitgrams.com\/?s={search_term_string}\"},\"query-input\":{\"@type\":\"PropertyValueSpecification\",\"valueRequired\":true,\"valueName\":\"search_term_string\"}}],\"inLanguage\":\"hu\"},{\"@type\":\"Organization\",\"@id\":\"https:\/\/legitgrams.com\/#organization\",\"name\":\"Legit Grams\",\"url\":\"https:\/\/legitgrams.com\/\",\"logo\":{\"@type\":\"ImageObject\",\"inLanguage\":\"hu\",\"@id\":\"https:\/\/legitgrams.com\/#\/schema\/logo\/image\/\",\"url\":\"https:\/\/legitgrams.com\/wp-content\/uploads\/2024\/09\/main-logo.png\",\"contentUrl\":\"https:\/\/legitgrams.com\/wp-content\/uploads\/2024\/09\/main-logo.png\",\"width\":270,\"height\":75,\"caption\":\"Legit Grams\"},\"image\":{\"@id\":\"https:\/\/legitgrams.com\/#\/schema\/logo\/image\/\"}}]}<\/script>\n<!-- \/ Yoast SEO plugin. -->","yoast_head_json":{"title":"Elad\u00f3 metoxetamin MXE por - V\u00e1s\u00e1roljon metoxetamint online","description":"Legitgramjainkban olcs\u00f3n beszerezheti a Methoxetamin MXE port. Kiz\u00e1r\u00f3lag A kateg\u00f3ri\u00e1s min\u0151s\u00e9gi term\u00e9kekkel foglalkozunk. V\u00e1s\u00e1roljon metoxetamint online \u00e1ruh\u00e1zunkb\u00f3l, gyors \u00e9s biztons\u00e1gos sz\u00e1ll\u00edt\u00e1si szolg\u00e1ltat\u00e1ssal.","robots":{"index":"index","follow":"follow","max-snippet":"max-snippet:-1","max-image-preview":"max-image-preview:large","max-video-preview":"max-video-preview:-1"},"canonical":"https:\/\/legitgrams.com\/hu\/termek\/metoxetamin-mxe-por\/","og_locale":"hu_HU","og_type":"article","og_title":"Methoxetamine MXE Powder for Sale - Buy Methoxetamine Online","og_description":"At our Legitgrams, you can get Methoxetamine MXE powder for sale at cheap rates. We deal with A-grade quality products only. Buy Methoxetamine online from our store now with fast & secure shipping service.","og_url":"https:\/\/legitgrams.com\/hu\/termek\/metoxetamin-mxe-por\/","og_site_name":"Legit Grams","article_modified_time":"2025-01-14T09:47:20+00:00","og_image":[{"width":600,"height":600,"url":"https:\/\/legitgrams.com\/wp-content\/uploads\/2024\/09\/buy-mexedrone-mxe-power-crystal-online.jpg","type":"image\/jpeg"}],"twitter_card":"summary_large_image","twitter_misc":{"Becs\u00fclt olvas\u00e1si id\u0151":"3 perc"},"schema":{"@context":"https:\/\/schema.org","@graph":[{"@type":"WebPage","@id":"https:\/\/legitgrams.com\/product\/methoxetamine-mxe-powder\/","url":"https:\/\/legitgrams.com\/product\/methoxetamine-mxe-powder\/","name":"Elad\u00f3 metoxetamin MXE por - V\u00e1s\u00e1roljon metoxetamint online","isPartOf":{"@id":"https:\/\/legitgrams.com\/#website"},"primaryImageOfPage":{"@id":"https:\/\/legitgrams.com\/product\/methoxetamine-mxe-powder\/#primaryimage"},"image":{"@id":"https:\/\/legitgrams.com\/product\/methoxetamine-mxe-powder\/#primaryimage"},"thumbnailUrl":"https:\/\/legitgrams.com\/wp-content\/uploads\/2024\/09\/buy-mexedrone-mxe-power-crystal-online.jpg","datePublished":"2024-09-21T05:19:45+00:00","dateModified":"2025-01-14T09:47:20+00:00","description":"Legitgramjainkban olcs\u00f3n beszerezheti a Methoxetamin MXE port. Kiz\u00e1r\u00f3lag A kateg\u00f3ri\u00e1s min\u0151s\u00e9gi term\u00e9kekkel foglalkozunk. V\u00e1s\u00e1roljon metoxetamint online \u00e1ruh\u00e1zunkb\u00f3l, gyors \u00e9s biztons\u00e1gos sz\u00e1ll\u00edt\u00e1si szolg\u00e1ltat\u00e1ssal.","breadcrumb":{"@id":"https:\/\/legitgrams.com\/product\/methoxetamine-mxe-powder\/#breadcrumb"},"inLanguage":"hu","potentialAction":[{"@type":"ReadAction","target":["https:\/\/legitgrams.com\/product\/methoxetamine-mxe-powder\/"]}]},{"@type":"ImageObject","inLanguage":"hu","@id":"https:\/\/legitgrams.com\/product\/methoxetamine-mxe-powder\/#primaryimage","url":"https:\/\/legitgrams.com\/wp-content\/uploads\/2024\/09\/buy-mexedrone-mxe-power-crystal-online.jpg","contentUrl":"https:\/\/legitgrams.com\/wp-content\/uploads\/2024\/09\/buy-mexedrone-mxe-power-crystal-online.jpg","width":600,"height":600,"caption":"Methoxetamine MXE Powder for Sale"},{"@type":"BreadcrumbList","@id":"https:\/\/legitgrams.com\/product\/methoxetamine-mxe-powder\/#breadcrumb","itemListElement":[{"@type":"ListItem","position":1,"name":"Home","item":"https:\/\/legitgrams.com\/"},{"@type":"ListItem","position":2,"name":"Shop","item":"https:\/\/legitgrams.com\/shop\/"},{"@type":"ListItem","position":3,"name":"Methoxetamine MXE powder"}]},{"@type":"WebSite","@id":"https:\/\/legitgrams.com\/#website","url":"https:\/\/legitgrams.com\/","name":"Legit Grams","description":"Az \u00e9n WordPress blogom","publisher":{"@id":"https:\/\/legitgrams.com\/#organization"},"potentialAction":[{"@type":"SearchAction","target":{"@type":"EntryPoint","urlTemplate":"https:\/\/legitgrams.com\/?s={search_term_string}"},"query-input":{"@type":"PropertyValueSpecification","valueRequired":true,"valueName":"search_term_string"}}],"inLanguage":"hu"},{"@type":"Organization","@id":"https:\/\/legitgrams.com\/#organization","name":"Legit Grams","url":"https:\/\/legitgrams.com\/","logo":{"@type":"ImageObject","inLanguage":"hu","@id":"https:\/\/legitgrams.com\/#\/schema\/logo\/image\/","url":"https:\/\/legitgrams.com\/wp-content\/uploads\/2024\/09\/main-logo.png","contentUrl":"https:\/\/legitgrams.com\/wp-content\/uploads\/2024\/09\/main-logo.png","width":270,"height":75,"caption":"Legit Grams"},"image":{"@id":"https:\/\/legitgrams.com\/#\/schema\/logo\/image\/"}}]}},"uagb_featured_image_src":{"full":["https:\/\/legitgrams.com\/wp-content\/uploads\/2024\/09\/buy-mexedrone-mxe-power-crystal-online.jpg",600,600,false],"thumbnail":["https:\/\/legitgrams.com\/wp-content\/uploads\/2024\/09\/buy-mexedrone-mxe-power-crystal-online-150x150.jpg",150,150,true],"medium":["https:\/\/legitgrams.com\/wp-content\/uploads\/2024\/09\/buy-mexedrone-mxe-power-crystal-online-300x300.jpg",300,300,true],"medium_large":["https:\/\/legitgrams.com\/wp-content\/uploads\/2024\/09\/buy-mexedrone-mxe-power-crystal-online.jpg",600,600,false],"large":["https:\/\/legitgrams.com\/wp-content\/uploads\/2024\/09\/buy-mexedrone-mxe-power-crystal-online.jpg",600,600,false],"1536x1536":["https:\/\/legitgrams.com\/wp-content\/uploads\/2024\/09\/buy-mexedrone-mxe-power-crystal-online.jpg",600,600,false],"2048x2048":["https:\/\/legitgrams.com\/wp-content\/uploads\/2024\/09\/buy-mexedrone-mxe-power-crystal-online.jpg",600,600,false],"trp-custom-language-flag":["https:\/\/legitgrams.com\/wp-content\/uploads\/2024\/09\/buy-mexedrone-mxe-power-crystal-online-12x12.jpg",12,12,true],"woocommerce_thumbnail":["https:\/\/legitgrams.com\/wp-content\/uploads\/2024\/09\/buy-mexedrone-mxe-power-crystal-online-300x300.jpg",300,300,true],"woocommerce_single":["https:\/\/legitgrams.com\/wp-content\/uploads\/2024\/09\/buy-mexedrone-mxe-power-crystal-online.jpg",600,600,false],"woocommerce_gallery_thumbnail":["https:\/\/legitgrams.com\/wp-content\/uploads\/2024\/09\/buy-mexedrone-mxe-power-crystal-online-100x100.jpg",100,100,true]},"uagb_author_info":{"display_name":"cokeblog18","author_link":"https:\/\/legitgrams.com\/hu\/author\/"},"uagb_comment_info":0,"uagb_excerpt":"Purchase High-Grade Methoxetamine Powder Online Methoxetamine, which is promoted as a fashion accessory, is a stimulant that produces dissociation and is condensed as MXE. In contrast to a number of dissociatives, like phencyclidine (PCP) and ketamine, which were created as medications for use as general sedatives, it was designed to be distributed illegally. Purchase Methoxetamine&hellip;","_links":{"self":[{"href":"https:\/\/legitgrams.com\/hu\/wp-json\/wp\/v2\/product\/3962","targetHints":{"allow":["GET"]}}],"collection":[{"href":"https:\/\/legitgrams.com\/hu\/wp-json\/wp\/v2\/product"}],"about":[{"href":"https:\/\/legitgrams.com\/hu\/wp-json\/wp\/v2\/types\/product"}],"replies":[{"embeddable":true,"href":"https:\/\/legitgrams.com\/hu\/wp-json\/wp\/v2\/comments?post=3962"}],"wp:featuredmedia":[{"embeddable":true,"href":"https:\/\/legitgrams.com\/hu\/wp-json\/wp\/v2\/media\/5326"}],"wp:attachment":[{"href":"https:\/\/legitgrams.com\/hu\/wp-json\/wp\/v2\/media?parent=3962"}],"wp:term":[{"taxonomy":"product_brand","embeddable":true,"href":"https:\/\/legitgrams.com\/hu\/wp-json\/wp\/v2\/product_brand?post=3962"},{"taxonomy":"product_cat","embeddable":true,"href":"https:\/\/legitgrams.com\/hu\/wp-json\/wp\/v2\/product_cat?post=3962"},{"taxonomy":"product_tag","embeddable":true,"href":"https:\/\/legitgrams.com\/hu\/wp-json\/wp\/v2\/product_tag?post=3962"}],"curies":[{"name":"wp","href":"https:\/\/api.w.org\/{rel}","templated":true}]}}