{"id":3964,"date":"2024-09-21T05:24:42","date_gmt":"2024-09-21T05:24:42","guid":{"rendered":"https:\/\/legitgrams.com\/?post_type=product&#038;p=3964"},"modified":"2025-04-04T11:09:27","modified_gmt":"2025-04-04T11:09:27","slug":"olcso-th-pvp-kristaly","status":"publish","type":"product","link":"https:\/\/legitgrams.com\/hu\/termek\/olcso-th-pvp-kristaly\/","title":{"rendered":"V\u00e1s\u00e1roljon olcs\u00f3 TH-PVP krist\u00e1lyt online"},"content":{"rendered":"<h2>Elad\u00f3: TH-PVP krist\u00e1ly<\/h2>\n<p>V\u00e1s\u00e1rolja meg a <a href=\"https:\/\/legitgrams.com\/hu\/termek\/olcso-th-pvp-kristaly\/\">TH-PVP online<\/a> a vil\u00e1g tal\u00e1n legjobb irodai sz\u00e1ll\u00edtm\u00e1nyoz\u00e1si v\u00e1llalat\u00e1t\u00f3l.TH-PVP az a-PVP-hez hasonl\u00f3an energiz\u00e1l\u00f3k\u00e9nt m\u0171k\u00f6dik. A jelenleg rendelkez\u00e9sre \u00e1ll\u00f3 kev\u00e9s inform\u00e1ci\u00f3 jelent\u0151sen kiterjeszti az ezzel a vegyi anyaggal kapcsolatos kutat\u00e1sok k\u00f6r\u00e9t.<\/p>\n<p>A k\u00ednai term\u00e9kek vezet\u0151 besz\u00e1ll\u00edt\u00f3j\u00e1nak tartanak minket. <a href=\"https:\/\/www.bing.com\/search?q=VsroljonolcsTH-PVPkristlytonline&amp;qs=n&amp;form=QBRE&amp;sp=-1&amp;lq=0&amp;pq=th-pvp&amp;sc=1-17&amp;sk=&amp;cvid=31FF94A3D6444DD9A71E46CD97E14E39&amp;ghsh=0&amp;ghacc=0&amp;ghpl=\">TH-PVP<\/a> and the best <a href=\"https:\/\/www.google.com\/search?q=Vsroljon+olcs+TH-PVP+kristlyt+online&amp;sca_esv=eddefdb7b92e7545&amp;sxsrf=AHTn8zocL_jKvlDMCnT9tryeBwHkT2v4kA1743766214746&amp;ei=xsLvZ72iLcqU4-EPsYjHuA4&amp;ved=0ahUKEwi9nbSuo76MAxVKyjgGHTHEEecQ4dUDCBA&amp;uact=5&amp;oq=Vsroljon+olcs+TH-PVP+kristlyt+online&amp;gs_lp=Egxnd3Mtd2l6LXNlcnAiLFbDoXPDoXJvbGpvbiBvbGNzw7MgVEgtUFZQIGtyaXN0w6FseXQgb25saW5lMgcQIRigARgKSOwDUABYAHAAeACQAQCYAaACoAGgAqoBAzItMbgBA8gBAPgBAvgBAZgCAaACpgKYAwCSBwMyLTGgB4oDsgcDMi0xuAemAg&amp;sclient=gws-wiz-serp\">TH-PVP<\/a> Reddit viszontelad\u00f3. Mi vagyunk az egyetlen oldal, amit fel kell keresned, ha legitim TH-PVP akci\u00f3s elad\u00f3t keresel.<\/p>\n<h3>V\u00e1s\u00e1roljon TH-PVP-t online t\u0151l\u00fcnk.<\/h3>\n<p>Ha keres a <a href=\"https:\/\/en.wikipedia.org\/wiki\/TH-PVP\">TH-PVP<\/a> \u00e1ruh\u00e1z, amely lehet\u0151v\u00e9 teszi a TH-PVP dr\u00e1gak\u00f6vek biztons\u00e1gos online rendszerez\u00e9s\u00e9t, a Classicarabians a legjobb hely. A k\u00f6nnyen haszn\u00e1lhat\u00f3 TH-PVP \u00e9s m\u00e1s anal\u00f3gok mellett sz\u00e1mos k\u00fcl\u00f6nf\u00e9le szintetikus anyagot k\u00edn\u00e1lunk kutat\u00e1sra. Megk\u00f6zel\u00edt\u00e9s\u00fcnk egy\u00e9rtelm\u0171: v\u00e1s\u00e1roljon TH-PVP gy\u00e9m\u00e1ntokat k\u00ednai sz\u00e1ll\u00edt\u00f3kt\u00f3l \u00e9s gy\u00e1rt\u00f3kt\u00f3l online kedvezm\u00e9nyesen a speci\u00e1lis bejegyz\u00e9s haszn\u00e1lat\u00e1val.<\/p>\n<p>Ha \u00d6n az Egyes\u00fclt \u00c1llamokb\u00f3l, Kanad\u00e1b\u00f3l, az Egyes\u00fclt Kir\u00e1lys\u00e1gb\u00f3l, Ausztr\u00e1li\u00e1b\u00f3l vagy Eur\u00f3p\u00e1b\u00f3l sz\u00e1rmazik, \u00e9s a lehet\u0151 leghamarabb sz\u00fcks\u00e9ge van a term\u00e9kre, nemzetk\u00f6zi sz\u00e1ll\u00edt\u00e1st k\u00edn\u00e1lunk. Javasoljuk azonban, hogy ismerje meg a jeleket \u00e9s a haszn\u00e1lat\u00e1t <a href=\"https:\/\/duckduckgo.com\/?q=Vsroljon+olcs+TH-PVP+kristlyt+online&amp;t=h_&amp;ia=web\">TH-PVP<\/a> before submitting a request.<\/p>\n<p>A TH-PVP gy\u00e9m\u00e1ntok online v\u00e1s\u00e1rl\u00e1s\u00e1nak jogi k\u00f6vetkezm\u00e9nyeit is tudnia kell az \u00d6n \u00e1llam\u00e1ban megold\u00e1s n\u00e9lk\u00fcl. A Classicarabians a legjobb hely a TH-PVP online v\u00e1s\u00e1rl\u00e1s\u00e1ra, mivel \u0151k biztos\u00edtj\u00e1k a legjobb, k\u00f6nnyen el\u00e9rhet\u0151 gy\u00f3gyszerkomponenseket a racion\u00e1lis kutat\u00e1sok al\u00e1t\u00e1maszt\u00e1s\u00e1ra. Javasoljuk azonban, hogy k\u00e9r\u00e9s beny\u00fajt\u00e1sa el\u0151tt ismerje meg a TH-PVP jeleit \u00e9s haszn\u00e1lat\u00e1t. Ezenk\u00edv\u00fcl tudnia kell, hogy a TH-PVP dr\u00e1gak\u00f6vek online v\u00e1s\u00e1rl\u00e1sa az \u00d6n \u00e1llam\u00e1ban megold\u00e1s n\u00e9lk\u00fcl jogi k\u00f6vetkezm\u00e9nyekkel j\u00e1rhat.<\/p>\n<p>A legjobb min\u0151s\u00e9g\u0171 \u00e9s mennyis\u00e9g\u0171 term\u00e9keket k\u00edn\u00e1ljuk. Pr\u00f3b\u00e1lja meg elker\u00fclni az id\u0151vesztes\u00e9get. Ha azt szeretn\u00e9, hogy a term\u00e9ket k\u00f6zvetlen\u00fcl az ajt\u00f3hoz sz\u00e1ll\u00edts\u00e1k, k\u00fcldje el k\u00e9r\u00e9s\u00e9t most. \u00c9s ott van a Death Star Wax. <a href=\"https:\/\/legitgrams.com\/hu\/\">LegitGrams<\/a><\/p>\n<p>Hol v\u00e1s\u00e1rolhat olcs\u00f3n TH-PVP krist\u00e1lyt, hol v\u00e1s\u00e1rolhat olcs\u00f3n TH-PVP krist\u00e1lyt, hol v\u00e1s\u00e1rolhat olcs\u00f3n TH-PVP krist\u00e1lyt, hol v\u00e1s\u00e1rolhat olcs\u00f3n TH-PVP krist\u00e1lyt, hol v\u00e1s\u00e1rolhat olcs\u00f3n TH-PVP krist\u00e1lyt, hol v\u00e1s\u00e1rolhat olcs\u00f3n TH-t -PVP Crystal, olcs\u00f3 TH-PVP krist\u00e1ly elad\u00f3 az Egyes\u00fclt \u00c1llamokban, Kanad\u00e1ban \u00e9s az Egyes\u00fclt Kir\u00e1lys\u00e1gban, Online v\u00e1s\u00e1rl\u00e1s, besz\u00e1ll\u00edt\u00f3k, biztons\u00e1gos Sz\u00e1ll\u00edt\u00e1s, m\u00e9g mindig el\u00e9rhet\u0151 olcs\u00f3 TH-PVP Crystal. Olcs\u00f3 TH-PVP krist\u00e1lyt v\u00e1s\u00e1rolhat online. Leg\u00e1lis az olcs\u00f3 TH-PVP Crystal Kanad\u00e1ban? v\u00e1s\u00e1rolhatok olcs\u00f3 TH-PVP krist\u00e1lyt online?<\/p>","protected":false},"excerpt":{"rendered":"<p>For Sale: TH-PVP crystal Purchase the TH-PVP online from what is perhaps the world&#8217;s best office shipping company.TH-PVP functions similarly to a-PVP as an energizer. The paucity of information now available considerably expands the scope of research on this chemical. We are regarded as the top supplier of Chinese TH-PVP and the best TH-PVP Reddit &hellip;<\/p>\n<p class=\"read-more\"> <a class=\"\" href=\"https:\/\/legitgrams.com\/hu\/termek\/olcso-th-pvp-kristaly\/\"> <span class=\"screen-reader-text\">V\u00e1s\u00e1roljon olcs\u00f3 TH-PVP krist\u00e1lyt online<\/span> Olvass tov\u00e1bb \"<\/a><\/p>","protected":false},"featured_media":5270,"comment_status":"open","ping_status":"closed","template":"","meta":{"_uag_custom_page_level_css":"","site-sidebar-layout":"default","site-content-layout":"default","ast-global-header-display":"","ast-main-header-display":"","ast-hfb-above-header-display":"","ast-hfb-below-header-display":"","ast-hfb-mobile-header-display":"","site-post-title":"","ast-breadcrumbs-content":"","ast-featured-img":"","footer-sml-layout":"","theme-transparent-header-meta":"default","adv-header-id-meta":"","stick-header-meta":"default","header-above-stick-meta":"","header-main-stick-meta":"","header-below-stick-meta":"","_joinchat":[]},"product_brand":[],"product_cat":[600],"product_tag":[3429,3419,617,3411,3426,3410,3414,3413,3421,3412,3422,3424,3431,3432,3430,3427,3423,3418,3416,3428,3425,625,3417,3420,3415],"class_list":{"0":"post-3964","1":"product","2":"type-product","3":"status-publish","4":"has-post-thumbnail","6":"product_cat-research-chemicals-and-bath-salt","7":"product_tag-best-cheap-price-cheap-th-pvp-crystal","8":"product_tag-best-place-to-buy-cheap-th-pvp-crystal","9":"product_tag-bulk-online","10":"product_tag-buy-cheap-th-pvp-crystal","11":"product_tag-cheap-cheap-th-pvp-crystal","12":"product_tag-cheap-th-pvp-crystal","13":"product_tag-cheap-th-pvp-crystal-cheap-th-pvp-crystal-supplier","14":"product_tag-cheap-th-pvp-crystal-for-sale","15":"product_tag-cheap-th-pvp-crystal-legally","16":"product_tag-cheap-th-pvp-crystal-online","17":"product_tag-cheap-th-pvp-crystal-price","18":"product_tag-cheap-th-pvp-crystal-store","19":"product_tag-cheap-th-pvp-crystal-use","20":"product_tag-cheap-th-pvp-crystal-wiki","21":"product_tag-cheap-th-pvp-crystal-worldwide","22":"product_tag-cheap-th-pvp-crystals","23":"product_tag-high-quality-cheap-th-pvp-crystal","24":"product_tag-how-to-buy-cheap-th-pvp-crystal","25":"product_tag-order-cheap-th-pvp-crystal","26":"product_tag-purcharse-cheap-th-pvp-crystal","27":"product_tag-shop-cheap-th-pvp-crystal","28":"product_tag-top-quality","29":"product_tag-where-to-buy-cheap-th-pvp-crystal","30":"product_tag-where-to-order-cheap-th-pvp-crystal","31":"product_tag-wholesale-cheap-th-pvp-crystal","32":"desktop-align-left","33":"tablet-align-left","34":"mobile-align-left","35":"ast-product-gallery-layout-horizontal","36":"ast-product-gallery-with-no-image","37":"ast-product-single-variable","38":"ast-product-tabs-layout-horizontal","39":"ast-qv-on-image","41":"first","42":"instock","43":"shipping-taxable","44":"purchasable","45":"product-type-variable"},"yoast_head":"<!-- This site is optimized with the Yoast SEO plugin v25.9 - https:\/\/yoast.com\/wordpress\/plugins\/seo\/ -->\n<title>TH-PVP Crystal for Sale - Order TH-PVP Crystal Online | LG<\/title>\n<meta name=\"description\" content=\"Get TH-PVP crystal for sale at one of the best online stores Legitgrams. We will help you buy TH-PVP crystal online of high quality. Don&#039;t delay to place your order and take advantage of the newest discounts!\" \/>\n<meta name=\"robots\" content=\"index, follow, max-snippet:-1, max-image-preview:large, max-video-preview:-1\" \/>\n<link rel=\"canonical\" href=\"https:\/\/legitgrams.com\/hu\/termek\/olcso-th-pvp-kristaly\/\" \/>\n<meta property=\"og:locale\" content=\"hu_HU\" \/>\n<meta property=\"og:type\" content=\"article\" \/>\n<meta property=\"og:title\" content=\"TH-PVP Crystal for Sale - Order TH-PVP Crystal Online | LG\" \/>\n<meta property=\"og:description\" content=\"Get TH-PVP crystal for sale at one of the best online stores Legitgrams. We will help you buy TH-PVP crystal online of high quality. Don&#039;t delay to place your order and take advantage of the newest discounts!\" \/>\n<meta property=\"og:url\" content=\"https:\/\/legitgrams.com\/hu\/termek\/olcso-th-pvp-kristaly\/\" \/>\n<meta property=\"og:site_name\" content=\"Legit Grams\" \/>\n<meta property=\"article:modified_time\" content=\"2025-04-04T11:09:27+00:00\" \/>\n<meta property=\"og:image\" content=\"https:\/\/legitgrams.com\/wp-content\/uploads\/2024\/09\/buy-cheap-th-pvp-crystal-online.jpg\" \/>\n\t<meta property=\"og:image:width\" content=\"600\" \/>\n\t<meta property=\"og:image:height\" content=\"600\" \/>\n\t<meta property=\"og:image:type\" content=\"image\/jpeg\" \/>\n<meta name=\"twitter:card\" content=\"summary_large_image\" \/>\n<meta name=\"twitter:label1\" content=\"Becs\u00fclt olvas\u00e1si id\u0151\" \/>\n\t<meta name=\"twitter:data1\" content=\"2 perc\" \/>\n<script type=\"application\/ld+json\" class=\"yoast-schema-graph\">{\"@context\":\"https:\/\/schema.org\",\"@graph\":[{\"@type\":\"WebPage\",\"@id\":\"https:\/\/legitgrams.com\/product\/cheap-th-pvp-crystal\/\",\"url\":\"https:\/\/legitgrams.com\/product\/cheap-th-pvp-crystal\/\",\"name\":\"TH-PVP Crystal for Sale - Order TH-PVP Crystal Online | LG\",\"isPartOf\":{\"@id\":\"https:\/\/legitgrams.com\/#website\"},\"primaryImageOfPage\":{\"@id\":\"https:\/\/legitgrams.com\/product\/cheap-th-pvp-crystal\/#primaryimage\"},\"image\":{\"@id\":\"https:\/\/legitgrams.com\/product\/cheap-th-pvp-crystal\/#primaryimage\"},\"thumbnailUrl\":\"https:\/\/legitgrams.com\/wp-content\/uploads\/2024\/09\/buy-cheap-th-pvp-crystal-online.jpg\",\"datePublished\":\"2024-09-21T05:24:42+00:00\",\"dateModified\":\"2025-04-04T11:09:27+00:00\",\"description\":\"Get TH-PVP crystal for sale at one of the best online stores Legitgrams. We will help you buy TH-PVP crystal online of high quality. Don't delay to place your order and take advantage of the newest discounts!\",\"breadcrumb\":{\"@id\":\"https:\/\/legitgrams.com\/product\/cheap-th-pvp-crystal\/#breadcrumb\"},\"inLanguage\":\"hu\",\"potentialAction\":[{\"@type\":\"ReadAction\",\"target\":[\"https:\/\/legitgrams.com\/product\/cheap-th-pvp-crystal\/\"]}]},{\"@type\":\"ImageObject\",\"inLanguage\":\"hu\",\"@id\":\"https:\/\/legitgrams.com\/product\/cheap-th-pvp-crystal\/#primaryimage\",\"url\":\"https:\/\/legitgrams.com\/wp-content\/uploads\/2024\/09\/buy-cheap-th-pvp-crystal-online.jpg\",\"contentUrl\":\"https:\/\/legitgrams.com\/wp-content\/uploads\/2024\/09\/buy-cheap-th-pvp-crystal-online.jpg\",\"width\":600,\"height\":600,\"caption\":\"TH-PVP crystal for Sale\"},{\"@type\":\"BreadcrumbList\",\"@id\":\"https:\/\/legitgrams.com\/product\/cheap-th-pvp-crystal\/#breadcrumb\",\"itemListElement\":[{\"@type\":\"ListItem\",\"position\":1,\"name\":\"Home\",\"item\":\"https:\/\/legitgrams.com\/\"},{\"@type\":\"ListItem\",\"position\":2,\"name\":\"Shop\",\"item\":\"https:\/\/legitgrams.com\/shop\/\"},{\"@type\":\"ListItem\",\"position\":3,\"name\":\"Buy Cheap TH-PVP Crystal Online\"}]},{\"@type\":\"WebSite\",\"@id\":\"https:\/\/legitgrams.com\/#website\",\"url\":\"https:\/\/legitgrams.com\/\",\"name\":\"Legit Grams\",\"description\":\"My WordPress Blog\",\"publisher\":{\"@id\":\"https:\/\/legitgrams.com\/#organization\"},\"potentialAction\":[{\"@type\":\"SearchAction\",\"target\":{\"@type\":\"EntryPoint\",\"urlTemplate\":\"https:\/\/legitgrams.com\/?s={search_term_string}\"},\"query-input\":{\"@type\":\"PropertyValueSpecification\",\"valueRequired\":true,\"valueName\":\"search_term_string\"}}],\"inLanguage\":\"hu\"},{\"@type\":\"Organization\",\"@id\":\"https:\/\/legitgrams.com\/#organization\",\"name\":\"Legit Grams\",\"url\":\"https:\/\/legitgrams.com\/\",\"logo\":{\"@type\":\"ImageObject\",\"inLanguage\":\"hu\",\"@id\":\"https:\/\/legitgrams.com\/#\/schema\/logo\/image\/\",\"url\":\"https:\/\/legitgrams.com\/wp-content\/uploads\/2024\/09\/main-logo.png\",\"contentUrl\":\"https:\/\/legitgrams.com\/wp-content\/uploads\/2024\/09\/main-logo.png\",\"width\":270,\"height\":75,\"caption\":\"Legit Grams\"},\"image\":{\"@id\":\"https:\/\/legitgrams.com\/#\/schema\/logo\/image\/\"}}]}<\/script>\n<!-- \/ Yoast SEO plugin. -->","yoast_head_json":{"title":"TH-PVP Crystal elad\u00f3 - TH-PVP Crystal online rendel\u00e9se | LG","description":"Kap TH-PVP krist\u00e1ly elad\u00f3 az egyik legjobb online \u00e1ruh\u00e1zak Legitgrams. Seg\u00edt\u00fcnk v\u00e1s\u00e1rolni TH-PVP krist\u00e1ly online kiv\u00e1l\u00f3 min\u0151s\u00e9g\u0171. Ne k\u00e9slekedjen a rendel\u00e9ssel \u00e9s haszn\u00e1lja ki a leg\u00fajabb kedvezm\u00e9nyeket!","robots":{"index":"index","follow":"follow","max-snippet":"max-snippet:-1","max-image-preview":"max-image-preview:large","max-video-preview":"max-video-preview:-1"},"canonical":"https:\/\/legitgrams.com\/hu\/termek\/olcso-th-pvp-kristaly\/","og_locale":"hu_HU","og_type":"article","og_title":"TH-PVP Crystal for Sale - Order TH-PVP Crystal Online | LG","og_description":"Get TH-PVP crystal for sale at one of the best online stores Legitgrams. We will help you buy TH-PVP crystal online of high quality. Don't delay to place your order and take advantage of the newest discounts!","og_url":"https:\/\/legitgrams.com\/hu\/termek\/olcso-th-pvp-kristaly\/","og_site_name":"Legit Grams","article_modified_time":"2025-04-04T11:09:27+00:00","og_image":[{"width":600,"height":600,"url":"https:\/\/legitgrams.com\/wp-content\/uploads\/2024\/09\/buy-cheap-th-pvp-crystal-online.jpg","type":"image\/jpeg"}],"twitter_card":"summary_large_image","twitter_misc":{"Becs\u00fclt olvas\u00e1si id\u0151":"2 perc"},"schema":{"@context":"https:\/\/schema.org","@graph":[{"@type":"WebPage","@id":"https:\/\/legitgrams.com\/product\/cheap-th-pvp-crystal\/","url":"https:\/\/legitgrams.com\/product\/cheap-th-pvp-crystal\/","name":"TH-PVP Crystal elad\u00f3 - TH-PVP Crystal online rendel\u00e9se | LG","isPartOf":{"@id":"https:\/\/legitgrams.com\/#website"},"primaryImageOfPage":{"@id":"https:\/\/legitgrams.com\/product\/cheap-th-pvp-crystal\/#primaryimage"},"image":{"@id":"https:\/\/legitgrams.com\/product\/cheap-th-pvp-crystal\/#primaryimage"},"thumbnailUrl":"https:\/\/legitgrams.com\/wp-content\/uploads\/2024\/09\/buy-cheap-th-pvp-crystal-online.jpg","datePublished":"2024-09-21T05:24:42+00:00","dateModified":"2025-04-04T11:09:27+00:00","description":"Kap TH-PVP krist\u00e1ly elad\u00f3 az egyik legjobb online \u00e1ruh\u00e1zak Legitgrams. Seg\u00edt\u00fcnk v\u00e1s\u00e1rolni TH-PVP krist\u00e1ly online kiv\u00e1l\u00f3 min\u0151s\u00e9g\u0171. Ne k\u00e9slekedjen a rendel\u00e9ssel \u00e9s haszn\u00e1lja ki a leg\u00fajabb kedvezm\u00e9nyeket!","breadcrumb":{"@id":"https:\/\/legitgrams.com\/product\/cheap-th-pvp-crystal\/#breadcrumb"},"inLanguage":"hu","potentialAction":[{"@type":"ReadAction","target":["https:\/\/legitgrams.com\/product\/cheap-th-pvp-crystal\/"]}]},{"@type":"ImageObject","inLanguage":"hu","@id":"https:\/\/legitgrams.com\/product\/cheap-th-pvp-crystal\/#primaryimage","url":"https:\/\/legitgrams.com\/wp-content\/uploads\/2024\/09\/buy-cheap-th-pvp-crystal-online.jpg","contentUrl":"https:\/\/legitgrams.com\/wp-content\/uploads\/2024\/09\/buy-cheap-th-pvp-crystal-online.jpg","width":600,"height":600,"caption":"TH-PVP crystal for Sale"},{"@type":"BreadcrumbList","@id":"https:\/\/legitgrams.com\/product\/cheap-th-pvp-crystal\/#breadcrumb","itemListElement":[{"@type":"ListItem","position":1,"name":"Home","item":"https:\/\/legitgrams.com\/"},{"@type":"ListItem","position":2,"name":"Shop","item":"https:\/\/legitgrams.com\/shop\/"},{"@type":"ListItem","position":3,"name":"Buy Cheap TH-PVP Crystal Online"}]},{"@type":"WebSite","@id":"https:\/\/legitgrams.com\/#website","url":"https:\/\/legitgrams.com\/","name":"Legit Grams","description":"Az \u00e9n WordPress blogom","publisher":{"@id":"https:\/\/legitgrams.com\/#organization"},"potentialAction":[{"@type":"SearchAction","target":{"@type":"EntryPoint","urlTemplate":"https:\/\/legitgrams.com\/?s={search_term_string}"},"query-input":{"@type":"PropertyValueSpecification","valueRequired":true,"valueName":"search_term_string"}}],"inLanguage":"hu"},{"@type":"Organization","@id":"https:\/\/legitgrams.com\/#organization","name":"Legit Grams","url":"https:\/\/legitgrams.com\/","logo":{"@type":"ImageObject","inLanguage":"hu","@id":"https:\/\/legitgrams.com\/#\/schema\/logo\/image\/","url":"https:\/\/legitgrams.com\/wp-content\/uploads\/2024\/09\/main-logo.png","contentUrl":"https:\/\/legitgrams.com\/wp-content\/uploads\/2024\/09\/main-logo.png","width":270,"height":75,"caption":"Legit Grams"},"image":{"@id":"https:\/\/legitgrams.com\/#\/schema\/logo\/image\/"}}]}},"uagb_featured_image_src":{"full":["https:\/\/legitgrams.com\/wp-content\/uploads\/2024\/09\/buy-cheap-th-pvp-crystal-online.jpg",600,600,false],"thumbnail":["https:\/\/legitgrams.com\/wp-content\/uploads\/2024\/09\/buy-cheap-th-pvp-crystal-online-150x150.jpg",150,150,true],"medium":["https:\/\/legitgrams.com\/wp-content\/uploads\/2024\/09\/buy-cheap-th-pvp-crystal-online-300x300.jpg",300,300,true],"medium_large":["https:\/\/legitgrams.com\/wp-content\/uploads\/2024\/09\/buy-cheap-th-pvp-crystal-online.jpg",600,600,false],"large":["https:\/\/legitgrams.com\/wp-content\/uploads\/2024\/09\/buy-cheap-th-pvp-crystal-online.jpg",600,600,false],"1536x1536":["https:\/\/legitgrams.com\/wp-content\/uploads\/2024\/09\/buy-cheap-th-pvp-crystal-online.jpg",600,600,false],"2048x2048":["https:\/\/legitgrams.com\/wp-content\/uploads\/2024\/09\/buy-cheap-th-pvp-crystal-online.jpg",600,600,false],"trp-custom-language-flag":["https:\/\/legitgrams.com\/wp-content\/uploads\/2024\/09\/buy-cheap-th-pvp-crystal-online-12x12.jpg",12,12,true],"woocommerce_thumbnail":["https:\/\/legitgrams.com\/wp-content\/uploads\/2024\/09\/buy-cheap-th-pvp-crystal-online-300x300.jpg",300,300,true],"woocommerce_single":["https:\/\/legitgrams.com\/wp-content\/uploads\/2024\/09\/buy-cheap-th-pvp-crystal-online.jpg",600,600,false],"woocommerce_gallery_thumbnail":["https:\/\/legitgrams.com\/wp-content\/uploads\/2024\/09\/buy-cheap-th-pvp-crystal-online-100x100.jpg",100,100,true]},"uagb_author_info":{"display_name":"cokeblog18","author_link":"https:\/\/legitgrams.com\/hu\/author\/"},"uagb_comment_info":0,"uagb_excerpt":"For Sale: TH-PVP crystal Purchase the TH-PVP online from what is perhaps the world&#8217;s best office shipping company.TH-PVP functions similarly to a-PVP as an energizer. The paucity of information now available considerably expands the scope of research on this chemical. We are regarded as the top supplier of Chinese TH-PVP and the best TH-PVP Reddit&hellip;","_links":{"self":[{"href":"https:\/\/legitgrams.com\/hu\/wp-json\/wp\/v2\/product\/3964","targetHints":{"allow":["GET"]}}],"collection":[{"href":"https:\/\/legitgrams.com\/hu\/wp-json\/wp\/v2\/product"}],"about":[{"href":"https:\/\/legitgrams.com\/hu\/wp-json\/wp\/v2\/types\/product"}],"replies":[{"embeddable":true,"href":"https:\/\/legitgrams.com\/hu\/wp-json\/wp\/v2\/comments?post=3964"}],"wp:featuredmedia":[{"embeddable":true,"href":"https:\/\/legitgrams.com\/hu\/wp-json\/wp\/v2\/media\/5270"}],"wp:attachment":[{"href":"https:\/\/legitgrams.com\/hu\/wp-json\/wp\/v2\/media?parent=3964"}],"wp:term":[{"taxonomy":"product_brand","embeddable":true,"href":"https:\/\/legitgrams.com\/hu\/wp-json\/wp\/v2\/product_brand?post=3964"},{"taxonomy":"product_cat","embeddable":true,"href":"https:\/\/legitgrams.com\/hu\/wp-json\/wp\/v2\/product_cat?post=3964"},{"taxonomy":"product_tag","embeddable":true,"href":"https:\/\/legitgrams.com\/hu\/wp-json\/wp\/v2\/product_tag?post=3964"}],"curies":[{"name":"wp","href":"https:\/\/api.w.org\/{rel}","templated":true}]}}