{"id":3970,"date":"2024-09-21T05:57:45","date_gmt":"2024-09-21T05:57:45","guid":{"rendered":"https:\/\/legitgrams.com\/?post_type=product&#038;p=3970"},"modified":"2025-01-15T04:24:57","modified_gmt":"2025-01-15T04:24:57","slug":"gyors-ezust-furdoso","status":"publish","type":"product","link":"https:\/\/legitgrams.com\/hu\/termek\/gyors-ezust-furdoso\/","title":{"rendered":"Gyors ez\u00fcst f\u00fcrd\u0151s\u00f3"},"content":{"rendered":"<h2>V\u00e1s\u00e1roljon Quick Silver f\u00fcrd\u0151s\u00f3t online<\/h2>\n<p>Egyszer\u0171en \u00e1ztasson egy t\u00f6r\u00f6lk\u00f6z\u0151t egy t\u00e1l forr\u00f3 v\u00edzbe <a href=\"https:\/\/legitgrams.com\/hu\/termek\/gyors-ezust-furdoso\/\">f\u00fcrd\u0151s\u00f3<\/a>s vagy f\u00fcrd\u0151ben a f\u00e1jdalmak \u00e9s az izomg\u00f6rcs\u00f6k enyh\u00edt\u00e9s\u00e9re. jav\u00edtja az alv\u00e1s min\u0151s\u00e9g\u00e9t \u00e9s el\u0151seg\u00edti a fizikai ellazul\u00e1st. Manik\u0171r \u00e9s pedik\u0171r k\u00e9sz\u00edt\u00e9s\u00e9hez mer\u00edtse a kez\u00e9t vagy a l\u00e1b\u00e1t egy f\u00e9l te\u00e1skan\u00e1l meleg v\u00edzzel t\u00f6lt\u00f6tt t\u00e1lba. Az elhalt h\u00e1msejtekt\u0151l is megszabadul. Manik\u0171r \u00e9s pedik\u0171r k\u00e9sz\u00edt\u00e9s\u00e9hez m\u00e1rtsa bele a kez\u00e9t vagy a l\u00e1b\u00e1t egy f\u00e9l te\u00e1skan\u00e1l meleg v\u00edzzel t\u00f6lt\u00f6tt t\u00e1lba. <a href=\"https:\/\/legitgrams.com\/hu\/\">LegitGrams<\/a><\/p>\n<p>megtudhatja, hol v\u00e1s\u00e1rolhat gyors ez\u00fcst f\u00fcrd\u0151s\u00f3t, v\u00e1s\u00e1roljon gyors ez\u00fcst f\u00fcrd\u0151s\u00f3t online, v\u00e1s\u00e1roljon gyors ez\u00fcst f\u00fcrd\u0151s\u00f3t az Egyes\u00fclt \u00c1llamokban, v\u00e1s\u00e1roljon gyors ez\u00fcst f\u00fcrd\u0151s\u00f3t online az Egyes\u00fclt \u00c1llamokban stb. V\u00e1s\u00e1roljon Quick Silver f\u00fcrd\u0151s\u00f3t online, hol v\u00e1s\u00e1rolhat gyorsan Ez\u00fcst f\u00fcrd\u0151s\u00f3 online, Hol v\u00e1s\u00e1rolhat Gyors ez\u00fcst f\u00fcrd\u0151s\u00f3t online, V\u00e1s\u00e1roljon gyors ez\u00fcst\u00f6t <a href=\"https:\/\/en.wikipedia.org\/wiki\/Bath_salts\">F\u00fcrd\u0151 s\u00f3<\/a> Online, Online v\u00e1s\u00e1rl\u00e1s, besz\u00e1ll\u00edt\u00f3k, biztons\u00e1gos sz\u00e1ll\u00edt\u00e1s, USA, Kanada, Egyes\u00fclt Kir\u00e1lys\u00e1g M\u00e9g van ideje Quick Silver f\u00fcrd\u0151s\u00f3t v\u00e1s\u00e1rolni, megvizsg\u00e1lni az Egyes\u00fclt \u00c1llamokban val\u00f3 jogszer\u0171s\u00e9g\u00e9t, megv\u00e1s\u00e1rolni online, \u00e9s megtudni, hogy leg\u00e1lis-e Kanad\u00e1ban.<\/p>\n<p>&nbsp;<\/p>\n<h2><\/h2>\n<h2><\/h2>\n<p>&nbsp;<\/p>\n<p>&nbsp;<\/p>","protected":false},"excerpt":{"rendered":"<p>Purchase Quick Silver Bath Salt Online Simply soak a towel in a bowl of hot water with bath salts or in a bath to ease aches and pains and muscle spasms. enhances the quality of sleep and promotes physical relaxation. To do manicures and pedicures, dip your hands or feet into a bowl filled with &hellip;<\/p>\n<p class=\"read-more\"> <a class=\"\" href=\"https:\/\/legitgrams.com\/hu\/termek\/gyors-ezust-furdoso\/\"> <span class=\"screen-reader-text\">Gyors ez\u00fcst f\u00fcrd\u0151s\u00f3<\/span> Olvass tov\u00e1bb \"<\/a><\/p>","protected":false},"featured_media":5327,"comment_status":"open","ping_status":"closed","template":"","meta":{"_uag_custom_page_level_css":"","site-sidebar-layout":"default","site-content-layout":"default","ast-global-header-display":"","ast-main-header-display":"","ast-hfb-above-header-display":"","ast-hfb-below-header-display":"","ast-hfb-mobile-header-display":"","site-post-title":"","ast-breadcrumbs-content":"","ast-featured-img":"","footer-sml-layout":"","theme-transparent-header-meta":"default","adv-header-id-meta":"","stick-header-meta":"default","header-above-stick-meta":"","header-main-stick-meta":"","header-below-stick-meta":"","_joinchat":[]},"product_brand":[],"product_cat":[600],"product_tag":[3314,3304,617,3296,3311,3308,3303,3301,3313,3295,3298,3306,3297,3307,3299,3309,3316,3317,3315,3312,3310,625,3302,3305,3300],"class_list":{"0":"post-3970","1":"product","2":"type-product","3":"status-publish","4":"has-post-thumbnail","6":"product_cat-research-chemicals-and-bath-salt","7":"product_tag-best-cheap-price-quick-silver-bath-salt","8":"product_tag-best-place-to-buy-quick-silver-bath-salt","9":"product_tag-bulk-online","10":"product_tag-buy-quick-silver-bath-salt","11":"product_tag-cheap-quick-silver-bath-salt","12":"product_tag-high-quality-quick-silver-bath-salt","13":"product_tag-how-to-buy-quick-silver-bath-salt","14":"product_tag-order-quick-silver-bath-salt","15":"product_tag-purcharse-quick-silver-bath-salt","16":"product_tag-quick-silver-bath-salt","17":"product_tag-quick-silver-bath-salt-for-sale","18":"product_tag-quick-silver-bath-salt-legally","19":"product_tag-quick-silver-bath-salt-online","20":"product_tag-quick-silver-bath-salt-price","21":"product_tag-quick-silver-bath-salt-quick-silver-bath-salt-supplier","22":"product_tag-quick-silver-bath-salt-store","23":"product_tag-quick-silver-bath-salt-use","24":"product_tag-quick-silver-bath-salt-wiki","25":"product_tag-quick-silver-bath-salt-worldwide","26":"product_tag-quick-silver-bath-salts","27":"product_tag-shop-quick-silver-bath-salt","28":"product_tag-top-quality","29":"product_tag-where-to-buy-quick-silver-bath-salt","30":"product_tag-where-to-order-quick-silver-bath-salt","31":"product_tag-wholesale-quick-silver-bath-salt","32":"desktop-align-left","33":"tablet-align-left","34":"mobile-align-left","35":"ast-product-gallery-layout-horizontal","36":"ast-product-gallery-with-no-image","37":"ast-product-single-variable","38":"ast-product-tabs-layout-horizontal","39":"ast-qv-on-image","41":"first","42":"instock","43":"shipping-taxable","44":"purchasable","45":"product-type-variable"},"yoast_head":"<!-- This site is optimized with the Yoast SEO plugin v25.9 - https:\/\/yoast.com\/wordpress\/plugins\/seo\/ -->\n<title>Quick Silver Bath Salt for Sale - Buy Quick Silver Bath Salt Online<\/title>\n<meta name=\"description\" content=\"Discover top-notch quick silver bath salt for sale at our online store conveniently and securely to fuel your research. Order Now with Fast and Discreet Shipping!\" \/>\n<meta name=\"robots\" content=\"index, follow, max-snippet:-1, max-image-preview:large, max-video-preview:-1\" \/>\n<link rel=\"canonical\" href=\"https:\/\/legitgrams.com\/hu\/termek\/gyors-ezust-furdoso\/\" \/>\n<meta property=\"og:locale\" content=\"hu_HU\" \/>\n<meta property=\"og:type\" content=\"article\" \/>\n<meta property=\"og:title\" content=\"Quick Silver Bath Salt for Sale - Buy Quick Silver Bath Salt Online\" \/>\n<meta property=\"og:description\" content=\"Discover top-notch quick silver bath salt for sale at our online store conveniently and securely to fuel your research. Order Now with Fast and Discreet Shipping!\" \/>\n<meta property=\"og:url\" content=\"https:\/\/legitgrams.com\/hu\/termek\/gyors-ezust-furdoso\/\" \/>\n<meta property=\"og:site_name\" content=\"Legit Grams\" \/>\n<meta property=\"article:modified_time\" content=\"2025-01-15T04:24:57+00:00\" \/>\n<meta property=\"og:image\" content=\"https:\/\/legitgrams.com\/wp-content\/uploads\/2024\/09\/buy-quick-silver-bath-salt-online.jpg\" \/>\n\t<meta property=\"og:image:width\" content=\"600\" \/>\n\t<meta property=\"og:image:height\" content=\"600\" \/>\n\t<meta property=\"og:image:type\" content=\"image\/jpeg\" \/>\n<meta name=\"twitter:card\" content=\"summary_large_image\" \/>\n<meta name=\"twitter:label1\" content=\"Becs\u00fclt olvas\u00e1si id\u0151\" \/>\n\t<meta name=\"twitter:data1\" content=\"2 perc\" \/>\n<script type=\"application\/ld+json\" class=\"yoast-schema-graph\">{\"@context\":\"https:\/\/schema.org\",\"@graph\":[{\"@type\":\"WebPage\",\"@id\":\"https:\/\/legitgrams.com\/product\/quick-silver-bath-salt\/\",\"url\":\"https:\/\/legitgrams.com\/product\/quick-silver-bath-salt\/\",\"name\":\"Quick Silver Bath Salt for Sale - Buy Quick Silver Bath Salt Online\",\"isPartOf\":{\"@id\":\"https:\/\/legitgrams.com\/#website\"},\"primaryImageOfPage\":{\"@id\":\"https:\/\/legitgrams.com\/product\/quick-silver-bath-salt\/#primaryimage\"},\"image\":{\"@id\":\"https:\/\/legitgrams.com\/product\/quick-silver-bath-salt\/#primaryimage\"},\"thumbnailUrl\":\"https:\/\/legitgrams.com\/wp-content\/uploads\/2024\/09\/buy-quick-silver-bath-salt-online.jpg\",\"datePublished\":\"2024-09-21T05:57:45+00:00\",\"dateModified\":\"2025-01-15T04:24:57+00:00\",\"description\":\"Discover top-notch quick silver bath salt for sale at our online store conveniently and securely to fuel your research. Order Now with Fast and Discreet Shipping!\",\"breadcrumb\":{\"@id\":\"https:\/\/legitgrams.com\/product\/quick-silver-bath-salt\/#breadcrumb\"},\"inLanguage\":\"hu\",\"potentialAction\":[{\"@type\":\"ReadAction\",\"target\":[\"https:\/\/legitgrams.com\/product\/quick-silver-bath-salt\/\"]}]},{\"@type\":\"ImageObject\",\"inLanguage\":\"hu\",\"@id\":\"https:\/\/legitgrams.com\/product\/quick-silver-bath-salt\/#primaryimage\",\"url\":\"https:\/\/legitgrams.com\/wp-content\/uploads\/2024\/09\/buy-quick-silver-bath-salt-online.jpg\",\"contentUrl\":\"https:\/\/legitgrams.com\/wp-content\/uploads\/2024\/09\/buy-quick-silver-bath-salt-online.jpg\",\"width\":600,\"height\":600,\"caption\":\"Quick Silver Bath Salt for Sale\"},{\"@type\":\"BreadcrumbList\",\"@id\":\"https:\/\/legitgrams.com\/product\/quick-silver-bath-salt\/#breadcrumb\",\"itemListElement\":[{\"@type\":\"ListItem\",\"position\":1,\"name\":\"Home\",\"item\":\"https:\/\/legitgrams.com\/\"},{\"@type\":\"ListItem\",\"position\":2,\"name\":\"Shop\",\"item\":\"https:\/\/legitgrams.com\/shop\/\"},{\"@type\":\"ListItem\",\"position\":3,\"name\":\"Quick Silver Bath Salt\"}]},{\"@type\":\"WebSite\",\"@id\":\"https:\/\/legitgrams.com\/#website\",\"url\":\"https:\/\/legitgrams.com\/\",\"name\":\"Legit Grams\",\"description\":\"My WordPress Blog\",\"publisher\":{\"@id\":\"https:\/\/legitgrams.com\/#organization\"},\"potentialAction\":[{\"@type\":\"SearchAction\",\"target\":{\"@type\":\"EntryPoint\",\"urlTemplate\":\"https:\/\/legitgrams.com\/?s={search_term_string}\"},\"query-input\":{\"@type\":\"PropertyValueSpecification\",\"valueRequired\":true,\"valueName\":\"search_term_string\"}}],\"inLanguage\":\"hu\"},{\"@type\":\"Organization\",\"@id\":\"https:\/\/legitgrams.com\/#organization\",\"name\":\"Legit Grams\",\"url\":\"https:\/\/legitgrams.com\/\",\"logo\":{\"@type\":\"ImageObject\",\"inLanguage\":\"hu\",\"@id\":\"https:\/\/legitgrams.com\/#\/schema\/logo\/image\/\",\"url\":\"https:\/\/legitgrams.com\/wp-content\/uploads\/2024\/09\/main-logo.png\",\"contentUrl\":\"https:\/\/legitgrams.com\/wp-content\/uploads\/2024\/09\/main-logo.png\",\"width\":270,\"height\":75,\"caption\":\"Legit Grams\"},\"image\":{\"@id\":\"https:\/\/legitgrams.com\/#\/schema\/logo\/image\/\"}}]}<\/script>\n<!-- \/ Yoast SEO plugin. -->","yoast_head_json":{"title":"Gyors ez\u00fcst f\u00fcrd\u0151s\u00f3 elad\u00f3 \u2013 Gyors ez\u00fcst f\u00fcrd\u0151s\u00f3 v\u00e1s\u00e1rl\u00e1sa online","description":"Fedezze fel a cs\u00facsmin\u0151s\u00e9g\u0171 gyors ez\u00fcst f\u00fcrd\u0151s\u00f3 elad\u00f3 online \u00e1ruh\u00e1zunkban k\u00e9nyelmesen \u00e9s biztons\u00e1gosan, hogy t\u00e1pl\u00e1lja a kutat\u00e1st. Rendeljen most gyors \u00e9s diszkr\u00e9t sz\u00e1ll\u00edt\u00e1ssal!","robots":{"index":"index","follow":"follow","max-snippet":"max-snippet:-1","max-image-preview":"max-image-preview:large","max-video-preview":"max-video-preview:-1"},"canonical":"https:\/\/legitgrams.com\/hu\/termek\/gyors-ezust-furdoso\/","og_locale":"hu_HU","og_type":"article","og_title":"Quick Silver Bath Salt for Sale - Buy Quick Silver Bath Salt Online","og_description":"Discover top-notch quick silver bath salt for sale at our online store conveniently and securely to fuel your research. Order Now with Fast and Discreet Shipping!","og_url":"https:\/\/legitgrams.com\/hu\/termek\/gyors-ezust-furdoso\/","og_site_name":"Legit Grams","article_modified_time":"2025-01-15T04:24:57+00:00","og_image":[{"width":600,"height":600,"url":"https:\/\/legitgrams.com\/wp-content\/uploads\/2024\/09\/buy-quick-silver-bath-salt-online.jpg","type":"image\/jpeg"}],"twitter_card":"summary_large_image","twitter_misc":{"Becs\u00fclt olvas\u00e1si id\u0151":"2 perc"},"schema":{"@context":"https:\/\/schema.org","@graph":[{"@type":"WebPage","@id":"https:\/\/legitgrams.com\/product\/quick-silver-bath-salt\/","url":"https:\/\/legitgrams.com\/product\/quick-silver-bath-salt\/","name":"Gyors ez\u00fcst f\u00fcrd\u0151s\u00f3 elad\u00f3 \u2013 Gyors ez\u00fcst f\u00fcrd\u0151s\u00f3 v\u00e1s\u00e1rl\u00e1sa online","isPartOf":{"@id":"https:\/\/legitgrams.com\/#website"},"primaryImageOfPage":{"@id":"https:\/\/legitgrams.com\/product\/quick-silver-bath-salt\/#primaryimage"},"image":{"@id":"https:\/\/legitgrams.com\/product\/quick-silver-bath-salt\/#primaryimage"},"thumbnailUrl":"https:\/\/legitgrams.com\/wp-content\/uploads\/2024\/09\/buy-quick-silver-bath-salt-online.jpg","datePublished":"2024-09-21T05:57:45+00:00","dateModified":"2025-01-15T04:24:57+00:00","description":"Fedezze fel a cs\u00facsmin\u0151s\u00e9g\u0171 gyors ez\u00fcst f\u00fcrd\u0151s\u00f3 elad\u00f3 online \u00e1ruh\u00e1zunkban k\u00e9nyelmesen \u00e9s biztons\u00e1gosan, hogy t\u00e1pl\u00e1lja a kutat\u00e1st. Rendeljen most gyors \u00e9s diszkr\u00e9t sz\u00e1ll\u00edt\u00e1ssal!","breadcrumb":{"@id":"https:\/\/legitgrams.com\/product\/quick-silver-bath-salt\/#breadcrumb"},"inLanguage":"hu","potentialAction":[{"@type":"ReadAction","target":["https:\/\/legitgrams.com\/product\/quick-silver-bath-salt\/"]}]},{"@type":"ImageObject","inLanguage":"hu","@id":"https:\/\/legitgrams.com\/product\/quick-silver-bath-salt\/#primaryimage","url":"https:\/\/legitgrams.com\/wp-content\/uploads\/2024\/09\/buy-quick-silver-bath-salt-online.jpg","contentUrl":"https:\/\/legitgrams.com\/wp-content\/uploads\/2024\/09\/buy-quick-silver-bath-salt-online.jpg","width":600,"height":600,"caption":"Quick Silver Bath Salt for Sale"},{"@type":"BreadcrumbList","@id":"https:\/\/legitgrams.com\/product\/quick-silver-bath-salt\/#breadcrumb","itemListElement":[{"@type":"ListItem","position":1,"name":"Home","item":"https:\/\/legitgrams.com\/"},{"@type":"ListItem","position":2,"name":"Shop","item":"https:\/\/legitgrams.com\/shop\/"},{"@type":"ListItem","position":3,"name":"Quick Silver Bath Salt"}]},{"@type":"WebSite","@id":"https:\/\/legitgrams.com\/#website","url":"https:\/\/legitgrams.com\/","name":"Legit Grams","description":"Az \u00e9n WordPress blogom","publisher":{"@id":"https:\/\/legitgrams.com\/#organization"},"potentialAction":[{"@type":"SearchAction","target":{"@type":"EntryPoint","urlTemplate":"https:\/\/legitgrams.com\/?s={search_term_string}"},"query-input":{"@type":"PropertyValueSpecification","valueRequired":true,"valueName":"search_term_string"}}],"inLanguage":"hu"},{"@type":"Organization","@id":"https:\/\/legitgrams.com\/#organization","name":"Legit Grams","url":"https:\/\/legitgrams.com\/","logo":{"@type":"ImageObject","inLanguage":"hu","@id":"https:\/\/legitgrams.com\/#\/schema\/logo\/image\/","url":"https:\/\/legitgrams.com\/wp-content\/uploads\/2024\/09\/main-logo.png","contentUrl":"https:\/\/legitgrams.com\/wp-content\/uploads\/2024\/09\/main-logo.png","width":270,"height":75,"caption":"Legit Grams"},"image":{"@id":"https:\/\/legitgrams.com\/#\/schema\/logo\/image\/"}}]}},"uagb_featured_image_src":{"full":["https:\/\/legitgrams.com\/wp-content\/uploads\/2024\/09\/buy-quick-silver-bath-salt-online.jpg",600,600,false],"thumbnail":["https:\/\/legitgrams.com\/wp-content\/uploads\/2024\/09\/buy-quick-silver-bath-salt-online-150x150.jpg",150,150,true],"medium":["https:\/\/legitgrams.com\/wp-content\/uploads\/2024\/09\/buy-quick-silver-bath-salt-online-300x300.jpg",300,300,true],"medium_large":["https:\/\/legitgrams.com\/wp-content\/uploads\/2024\/09\/buy-quick-silver-bath-salt-online.jpg",600,600,false],"large":["https:\/\/legitgrams.com\/wp-content\/uploads\/2024\/09\/buy-quick-silver-bath-salt-online.jpg",600,600,false],"1536x1536":["https:\/\/legitgrams.com\/wp-content\/uploads\/2024\/09\/buy-quick-silver-bath-salt-online.jpg",600,600,false],"2048x2048":["https:\/\/legitgrams.com\/wp-content\/uploads\/2024\/09\/buy-quick-silver-bath-salt-online.jpg",600,600,false],"trp-custom-language-flag":["https:\/\/legitgrams.com\/wp-content\/uploads\/2024\/09\/buy-quick-silver-bath-salt-online-12x12.jpg",12,12,true],"woocommerce_thumbnail":["https:\/\/legitgrams.com\/wp-content\/uploads\/2024\/09\/buy-quick-silver-bath-salt-online-300x300.jpg",300,300,true],"woocommerce_single":["https:\/\/legitgrams.com\/wp-content\/uploads\/2024\/09\/buy-quick-silver-bath-salt-online.jpg",600,600,false],"woocommerce_gallery_thumbnail":["https:\/\/legitgrams.com\/wp-content\/uploads\/2024\/09\/buy-quick-silver-bath-salt-online-100x100.jpg",100,100,true]},"uagb_author_info":{"display_name":"cokeblog18","author_link":"https:\/\/legitgrams.com\/hu\/author\/"},"uagb_comment_info":0,"uagb_excerpt":"Purchase Quick Silver Bath Salt Online Simply soak a towel in a bowl of hot water with bath salts or in a bath to ease aches and pains and muscle spasms. enhances the quality of sleep and promotes physical relaxation. To do manicures and pedicures, dip your hands or feet into a bowl filled with&hellip;","_links":{"self":[{"href":"https:\/\/legitgrams.com\/hu\/wp-json\/wp\/v2\/product\/3970","targetHints":{"allow":["GET"]}}],"collection":[{"href":"https:\/\/legitgrams.com\/hu\/wp-json\/wp\/v2\/product"}],"about":[{"href":"https:\/\/legitgrams.com\/hu\/wp-json\/wp\/v2\/types\/product"}],"replies":[{"embeddable":true,"href":"https:\/\/legitgrams.com\/hu\/wp-json\/wp\/v2\/comments?post=3970"}],"wp:featuredmedia":[{"embeddable":true,"href":"https:\/\/legitgrams.com\/hu\/wp-json\/wp\/v2\/media\/5327"}],"wp:attachment":[{"href":"https:\/\/legitgrams.com\/hu\/wp-json\/wp\/v2\/media?parent=3970"}],"wp:term":[{"taxonomy":"product_brand","embeddable":true,"href":"https:\/\/legitgrams.com\/hu\/wp-json\/wp\/v2\/product_brand?post=3970"},{"taxonomy":"product_cat","embeddable":true,"href":"https:\/\/legitgrams.com\/hu\/wp-json\/wp\/v2\/product_cat?post=3970"},{"taxonomy":"product_tag","embeddable":true,"href":"https:\/\/legitgrams.com\/hu\/wp-json\/wp\/v2\/product_tag?post=3970"}],"curies":[{"name":"wp","href":"https:\/\/api.w.org\/{rel}","templated":true}]}}