{"id":3971,"date":"2024-09-21T06:01:14","date_gmt":"2024-09-21T06:01:14","guid":{"rendered":"https:\/\/legitgrams.com\/?post_type=product&#038;p=3971"},"modified":"2025-12-14T07:46:44","modified_gmt":"2025-12-14T07:46:44","slug":"fentanil-por","status":"publish","type":"product","link":"https:\/\/legitgrams.com\/hu\/termek\/fentanil-por\/","title":{"rendered":"Fentanil por"},"content":{"rendered":"<h2>Elad\u00f3: fentanil por<\/h2>\n<p><a href=\"https:\/\/legitgrams.com\/hu\/termek\/fentanil-por\/\">Fentanyl<\/a> a pro-drogok opioid oszt\u00e1ly\u00e1nak tagja. Ezt a port k\u00fcl\u00f6nf\u00e9le betegs\u00e9gek kezel\u00e9s\u00e9re haszn\u00e1lj\u00e1k. Tabletta \u00e9s por form\u00e1j\u00e1ban kaphat\u00f3. A fentanilpor a f\u00e1jdalom csillap\u00edt\u00e1s\u00e1ra haszn\u00e1lt gy\u00f3gyszer neve. <a href=\"https:\/\/legitgrams.com\/hu\/\">LegitGrams<\/a><\/p>\n<p>A fentanilt a kr\u00f3nikus f\u00e1jdalom cs\u00f6kkent\u00e9s\u00e9re vagy teljes megsz\u00fcntet\u00e9s\u00e9re is haszn\u00e1lj\u00e1k. Az 1960-as \u00e9vekben, amikor el\u0151sz\u00f6r megalkott\u00e1k, gy\u00f3gyszerk\u00e9nt forgalmazt\u00e1k. Ezt k\u00f6vet\u0151en alantas feladatokat l\u00e1tott el. A gy\u00f3gy\u00e1szat mellett az elm\u00falt \u00e9vekben alkalmank\u00e9nt gy\u00f3gyszerk\u00e9nt is alkalmazt\u00e1k.<\/p>\n<p>A morfiumot, a legismertebb prodrugot gyakran a fentanilporhoz hasonl\u00edtj\u00e1k. Ez a gy\u00f3gyszer, amelyet az orvostudom\u00e1nyban hoznak l\u00e9tre \u00e9s haszn\u00e1lnak, nagy lehet\u0151s\u00e9geket rejt mag\u00e1ban.<\/p>\n<p>A fentanilpor csaknem 50-100-szor er\u0151sebb, mint a morfium. Ez a f\u0151 oka sz\u00e9les k\u00f6r\u0171 haszn\u00e1lat\u00e1nak \u00e9s n\u00e9pszer\u0171s\u00e9g\u00e9nek.<\/p>\n<p>A fentanil por k\u00f6zvetlen\u00fcl az agyra hat, megv\u00e1ltoztatva a f\u00e1jdalom \u00e9rz\u00e9kel\u00e9s\u00e9t. Teljesen vagy r\u00e9szben enyh\u00edti a testet a f\u00e1jdalomt\u00f3l, att\u00f3l f\u00fcgg\u0151en, hogy mennyire er\u0151s. Kiv\u00e9teles hat\u00e9konys\u00e1ga miatt sz\u00e9les k\u00f6rben alkalmazz\u00e1k minden t\u00edpus\u00fa f\u00e1jdalom kezel\u00e9s\u00e9re, az akutt\u00f3l a kr\u00f3nikusig.<\/p>\n<p>Sok gyakorl\u00f3 orvos ezen el\u0151ny\u00f6k miatt \u00e9p\u00edtette be praxis\u00e1ba ezt a k\u00e1b\u00edt\u00f3szer-p\u00e1rti politik\u00e1t. Ez a pro-drog sz\u00e1mos olyan gy\u00f3gyszerben megtal\u00e1lhat\u00f3, amelyeket a m\u0171t\u00e9t sor\u00e1n szednek a kellemetlen \u00e9rz\u00e9s cs\u00f6kkent\u00e9s\u00e9re.<\/p>\n<p>A fentanilpor nemcsak az orvosok k\u00f6r\u00e9ben n\u00e9pszer\u0171, hanem a t\u00e1ncklubok \u00e9s int\u00e9zm\u00e9nyek mec\u00e9n\u00e1sai k\u00f6r\u00e9ben is. Amikor az egy\u00e9nek ezt a prodrogot haszn\u00e1lj\u00e1k kikapcsol\u00f3d\u00e1sra, mert belef\u00e1radtak a foglalkoz\u00e1sukba, \u00e9s \u00e9lvezni akarj\u00e1k az \u00e9letet.<\/p>\n<p>Az el\u0151gy\u00f3gyszer egyes \u00f6sszetev\u0151i szint\u00e9n el\u0151seg\u00edtik a pihentet\u0151 alv\u00e1st. Ennek eredm\u00e9nyek\u00e9nt nagyon n\u00e9pszer\u0171v\u00e9 v\u00e1lt azok k\u00f6r\u00e9ben, akik olyan \u00e1llapotokkal k\u00fcszk\u00f6dnek, mint a depresszi\u00f3.<\/p>\n<p>A fentanilpor k\u00f6nnyen el\u00e9rhet\u0151 az interneten. Internetes \u00e1ruh\u00e1zunkban ezt az el\u0151gy\u00f3gyszert tabletta \u00e9s por form\u00e1j\u00e1ban k\u00edn\u00e1ljuk. V\u00e1llalkoz\u00e1sunk az \u00e1ruk azonnali h\u00e1zhoz sz\u00e1ll\u00edt\u00e1s\u00e1t is biztos\u00edtja.<\/p>\n<p>V\u00e1s\u00e1roljon por\u00edtott <a href=\"https:\/\/en.wikipedia.org\/wiki\/Fentanyl\">Fentanyl<\/a> Online: V\u00e1s\u00e1roljon port, v\u00e1s\u00e1roljon fentanilt online, Hol v\u00e1s\u00e1rolhat port fentanilhoz, Por elad\u00f3, Por online, Hol v\u00e1s\u00e1rolhat fentanil port online, Hol v\u00e1s\u00e1rolhat port az Egyes\u00fclt \u00c1llamokban, Kanad\u00e1ban \u00e9s az Egyes\u00fclt Kir\u00e1lys\u00e1gban, Hol v\u00e1s\u00e1rolhat port online, Hol tal\u00e1lhat besz\u00e1ll\u00edt\u00f3kat, biztons\u00e1gos sz\u00e1ll\u00edt\u00e1s, a fentanilpor tov\u00e1bbra is el\u00e9rhet\u0151. az? Hogyan rendelhetek fentanilport, leg\u00e1lis Kanad\u00e1ban, \u00e9s leg\u00e1lis-e online v\u00e1s\u00e1rolni az Egyes\u00fclt \u00c1llamokban?<\/p>","protected":false},"excerpt":{"rendered":"<p>For sale: fentanyl powder Fentanyl is a member of the opioid class of pro-drugs. This powder is used to cure a variety of ailments. It comes in pill and powder form. Fentanyl powder is the name of the medication used to alleviate pain. LegitGrams Fentanyl is also used to reduce or completely eradicate chronic pain. &hellip;<\/p>\n<p class=\"read-more\"> <a class=\"\" href=\"https:\/\/legitgrams.com\/hu\/termek\/fentanil-por\/\"> <span class=\"screen-reader-text\">Fentanil por<\/span> Olvass tov\u00e1bb \"<\/a><\/p>","protected":false},"featured_media":5276,"comment_status":"open","ping_status":"closed","template":"","meta":{"_uag_custom_page_level_css":"","site-sidebar-layout":"default","site-content-layout":"default","ast-global-header-display":"","ast-main-header-display":"","ast-hfb-above-header-display":"","ast-hfb-below-header-display":"","ast-hfb-mobile-header-display":"","site-post-title":"","ast-breadcrumbs-content":"","ast-featured-img":"","footer-sml-layout":"","theme-transparent-header-meta":"default","adv-header-id-meta":"","stick-header-meta":"default","header-above-stick-meta":"","header-main-stick-meta":"","header-below-stick-meta":"","_joinchat":[]},"product_brand":[],"product_cat":[600],"product_tag":[3291,3281,617,3273,3288,3272,3276,3275,3283,3274,3284,3286,3293,3294,3292,3289,3285,3280,3278,3290,3287,625,3279,3282,3277],"class_list":{"0":"post-3971","1":"product","2":"type-product","3":"status-publish","4":"has-post-thumbnail","6":"product_cat-research-chemicals-and-bath-salt","7":"product_tag-best-cheap-price-fentanyl-powder","8":"product_tag-best-place-to-buy-fentanyl-powder","9":"product_tag-bulk-online","10":"product_tag-buy-fentanyl-powder","11":"product_tag-cheap-fentanyl-powder","12":"product_tag-fentanyl-powder","13":"product_tag-fentanyl-powder-fentanyl-powder-supplier","14":"product_tag-fentanyl-powder-for-sale","15":"product_tag-fentanyl-powder-legally","16":"product_tag-fentanyl-powder-online","17":"product_tag-fentanyl-powder-price","18":"product_tag-fentanyl-powder-store","19":"product_tag-fentanyl-powder-use","20":"product_tag-fentanyl-powder-wiki","21":"product_tag-fentanyl-powder-worldwide","22":"product_tag-fentanyl-powders","23":"product_tag-high-quality-fentanyl-powder","24":"product_tag-how-to-buy-fentanyl-powder","25":"product_tag-order-fentanyl-powder","26":"product_tag-purcharse-fentanyl-powder","27":"product_tag-shop-fentanyl-powder","28":"product_tag-top-quality","29":"product_tag-where-to-buy-fentanyl-powder","30":"product_tag-where-to-order-fentanyl-powder","31":"product_tag-wholesale-fentanyl-powder","32":"desktop-align-left","33":"tablet-align-left","34":"mobile-align-left","35":"ast-product-gallery-layout-horizontal","36":"ast-product-gallery-with-no-image","37":"ast-product-single-variable","38":"ast-product-tabs-layout-horizontal","39":"ast-qv-on-image","41":"first","42":"instock","43":"featured","44":"shipping-taxable","45":"purchasable","46":"product-type-variable"},"yoast_head":"<!-- This site is optimized with the Yoast SEO plugin v25.9 - https:\/\/yoast.com\/wordpress\/plugins\/seo\/ -->\n<title>Fentanyl Powder for Sale - Order Fentanyl Powder Online<\/title>\n<meta name=\"description\" content=\"You can get Fentanyl Powder for sale at the best rates from our online store. We are here to help you buy Fentanyl Powder online. Connect with best store in town today!\" \/>\n<meta name=\"robots\" content=\"index, follow, max-snippet:-1, max-image-preview:large, max-video-preview:-1\" \/>\n<link rel=\"canonical\" href=\"https:\/\/legitgrams.com\/hu\/termek\/fentanil-por\/\" \/>\n<meta property=\"og:locale\" content=\"hu_HU\" \/>\n<meta property=\"og:type\" content=\"article\" \/>\n<meta property=\"og:title\" content=\"Fentanyl Powder for Sale - Order Fentanyl Powder Online\" \/>\n<meta property=\"og:description\" content=\"You can get Fentanyl Powder for sale at the best rates from our online store. We are here to help you buy Fentanyl Powder online. Connect with best store in town today!\" \/>\n<meta property=\"og:url\" content=\"https:\/\/legitgrams.com\/hu\/termek\/fentanil-por\/\" \/>\n<meta property=\"og:site_name\" content=\"Legit Grams\" \/>\n<meta property=\"article:modified_time\" content=\"2025-12-14T07:46:44+00:00\" \/>\n<meta property=\"og:image\" content=\"https:\/\/legitgrams.com\/wp-content\/uploads\/2024\/09\/buy-fentanyl-powder-online.jpg\" \/>\n\t<meta property=\"og:image:width\" content=\"600\" \/>\n\t<meta property=\"og:image:height\" content=\"600\" \/>\n\t<meta property=\"og:image:type\" content=\"image\/jpeg\" \/>\n<meta name=\"twitter:card\" content=\"summary_large_image\" \/>\n<meta name=\"twitter:label1\" content=\"Becs\u00fclt olvas\u00e1si id\u0151\" \/>\n\t<meta name=\"twitter:data1\" content=\"2 perc\" \/>\n<script type=\"application\/ld+json\" class=\"yoast-schema-graph\">{\"@context\":\"https:\/\/schema.org\",\"@graph\":[{\"@type\":\"WebPage\",\"@id\":\"https:\/\/legitgrams.com\/product\/fentanyl-powder\/\",\"url\":\"https:\/\/legitgrams.com\/product\/fentanyl-powder\/\",\"name\":\"Fentanyl Powder for Sale - Order Fentanyl Powder Online\",\"isPartOf\":{\"@id\":\"https:\/\/legitgrams.com\/#website\"},\"primaryImageOfPage\":{\"@id\":\"https:\/\/legitgrams.com\/product\/fentanyl-powder\/#primaryimage\"},\"image\":{\"@id\":\"https:\/\/legitgrams.com\/product\/fentanyl-powder\/#primaryimage\"},\"thumbnailUrl\":\"https:\/\/legitgrams.com\/wp-content\/uploads\/2024\/09\/buy-fentanyl-powder-online.jpg\",\"datePublished\":\"2024-09-21T06:01:14+00:00\",\"dateModified\":\"2025-12-14T07:46:44+00:00\",\"description\":\"You can get Fentanyl Powder for sale at the best rates from our online store. We are here to help you buy Fentanyl Powder online. Connect with best store in town today!\",\"breadcrumb\":{\"@id\":\"https:\/\/legitgrams.com\/product\/fentanyl-powder\/#breadcrumb\"},\"inLanguage\":\"hu\",\"potentialAction\":[{\"@type\":\"ReadAction\",\"target\":[\"https:\/\/legitgrams.com\/product\/fentanyl-powder\/\"]}]},{\"@type\":\"ImageObject\",\"inLanguage\":\"hu\",\"@id\":\"https:\/\/legitgrams.com\/product\/fentanyl-powder\/#primaryimage\",\"url\":\"https:\/\/legitgrams.com\/wp-content\/uploads\/2024\/09\/buy-fentanyl-powder-online.jpg\",\"contentUrl\":\"https:\/\/legitgrams.com\/wp-content\/uploads\/2024\/09\/buy-fentanyl-powder-online.jpg\",\"width\":600,\"height\":600,\"caption\":\"Fentanyl Powder for sale\"},{\"@type\":\"BreadcrumbList\",\"@id\":\"https:\/\/legitgrams.com\/product\/fentanyl-powder\/#breadcrumb\",\"itemListElement\":[{\"@type\":\"ListItem\",\"position\":1,\"name\":\"Home\",\"item\":\"https:\/\/legitgrams.com\/\"},{\"@type\":\"ListItem\",\"position\":2,\"name\":\"Shop\",\"item\":\"https:\/\/legitgrams.com\/shop\/\"},{\"@type\":\"ListItem\",\"position\":3,\"name\":\"Fentanyl Powder\"}]},{\"@type\":\"WebSite\",\"@id\":\"https:\/\/legitgrams.com\/#website\",\"url\":\"https:\/\/legitgrams.com\/\",\"name\":\"Legit Grams\",\"description\":\"My WordPress Blog\",\"publisher\":{\"@id\":\"https:\/\/legitgrams.com\/#organization\"},\"potentialAction\":[{\"@type\":\"SearchAction\",\"target\":{\"@type\":\"EntryPoint\",\"urlTemplate\":\"https:\/\/legitgrams.com\/?s={search_term_string}\"},\"query-input\":{\"@type\":\"PropertyValueSpecification\",\"valueRequired\":true,\"valueName\":\"search_term_string\"}}],\"inLanguage\":\"hu\"},{\"@type\":\"Organization\",\"@id\":\"https:\/\/legitgrams.com\/#organization\",\"name\":\"Legit Grams\",\"url\":\"https:\/\/legitgrams.com\/\",\"logo\":{\"@type\":\"ImageObject\",\"inLanguage\":\"hu\",\"@id\":\"https:\/\/legitgrams.com\/#\/schema\/logo\/image\/\",\"url\":\"https:\/\/legitgrams.com\/wp-content\/uploads\/2024\/09\/main-logo.png\",\"contentUrl\":\"https:\/\/legitgrams.com\/wp-content\/uploads\/2024\/09\/main-logo.png\",\"width\":270,\"height\":75,\"caption\":\"Legit Grams\"},\"image\":{\"@id\":\"https:\/\/legitgrams.com\/#\/schema\/logo\/image\/\"}}]}<\/script>\n<!-- \/ Yoast SEO plugin. -->","yoast_head_json":{"title":"Fentanyl por elad\u00f3 - Fentanyl por online rendel\u00e9se","description":"Az online \u00e1ruh\u00e1zunkban a legjobb \u00e1ron kaphat Fentanyl por elad\u00f3. Az\u00e9rt vagyunk itt, hogy seg\u00edts\u00fcnk \u00d6nnek Fentanyl por online v\u00e1s\u00e1rl\u00e1s\u00e1ban. Csatlakozzon a v\u00e1ros legjobb \u00fczlet\u00e9hez m\u00e9g ma!","robots":{"index":"index","follow":"follow","max-snippet":"max-snippet:-1","max-image-preview":"max-image-preview:large","max-video-preview":"max-video-preview:-1"},"canonical":"https:\/\/legitgrams.com\/hu\/termek\/fentanil-por\/","og_locale":"hu_HU","og_type":"article","og_title":"Fentanyl Powder for Sale - Order Fentanyl Powder Online","og_description":"You can get Fentanyl Powder for sale at the best rates from our online store. We are here to help you buy Fentanyl Powder online. Connect with best store in town today!","og_url":"https:\/\/legitgrams.com\/hu\/termek\/fentanil-por\/","og_site_name":"Legit Grams","article_modified_time":"2025-12-14T07:46:44+00:00","og_image":[{"width":600,"height":600,"url":"https:\/\/legitgrams.com\/wp-content\/uploads\/2024\/09\/buy-fentanyl-powder-online.jpg","type":"image\/jpeg"}],"twitter_card":"summary_large_image","twitter_misc":{"Becs\u00fclt olvas\u00e1si id\u0151":"2 perc"},"schema":{"@context":"https:\/\/schema.org","@graph":[{"@type":"WebPage","@id":"https:\/\/legitgrams.com\/product\/fentanyl-powder\/","url":"https:\/\/legitgrams.com\/product\/fentanyl-powder\/","name":"Fentanyl por elad\u00f3 - Fentanyl por online rendel\u00e9se","isPartOf":{"@id":"https:\/\/legitgrams.com\/#website"},"primaryImageOfPage":{"@id":"https:\/\/legitgrams.com\/product\/fentanyl-powder\/#primaryimage"},"image":{"@id":"https:\/\/legitgrams.com\/product\/fentanyl-powder\/#primaryimage"},"thumbnailUrl":"https:\/\/legitgrams.com\/wp-content\/uploads\/2024\/09\/buy-fentanyl-powder-online.jpg","datePublished":"2024-09-21T06:01:14+00:00","dateModified":"2025-12-14T07:46:44+00:00","description":"Az online \u00e1ruh\u00e1zunkban a legjobb \u00e1ron kaphat Fentanyl por elad\u00f3. Az\u00e9rt vagyunk itt, hogy seg\u00edts\u00fcnk \u00d6nnek Fentanyl por online v\u00e1s\u00e1rl\u00e1s\u00e1ban. Csatlakozzon a v\u00e1ros legjobb \u00fczlet\u00e9hez m\u00e9g ma!","breadcrumb":{"@id":"https:\/\/legitgrams.com\/product\/fentanyl-powder\/#breadcrumb"},"inLanguage":"hu","potentialAction":[{"@type":"ReadAction","target":["https:\/\/legitgrams.com\/product\/fentanyl-powder\/"]}]},{"@type":"ImageObject","inLanguage":"hu","@id":"https:\/\/legitgrams.com\/product\/fentanyl-powder\/#primaryimage","url":"https:\/\/legitgrams.com\/wp-content\/uploads\/2024\/09\/buy-fentanyl-powder-online.jpg","contentUrl":"https:\/\/legitgrams.com\/wp-content\/uploads\/2024\/09\/buy-fentanyl-powder-online.jpg","width":600,"height":600,"caption":"Fentanyl Powder for sale"},{"@type":"BreadcrumbList","@id":"https:\/\/legitgrams.com\/product\/fentanyl-powder\/#breadcrumb","itemListElement":[{"@type":"ListItem","position":1,"name":"Home","item":"https:\/\/legitgrams.com\/"},{"@type":"ListItem","position":2,"name":"Shop","item":"https:\/\/legitgrams.com\/shop\/"},{"@type":"ListItem","position":3,"name":"Fentanyl Powder"}]},{"@type":"WebSite","@id":"https:\/\/legitgrams.com\/#website","url":"https:\/\/legitgrams.com\/","name":"Legit Grams","description":"Az \u00e9n WordPress blogom","publisher":{"@id":"https:\/\/legitgrams.com\/#organization"},"potentialAction":[{"@type":"SearchAction","target":{"@type":"EntryPoint","urlTemplate":"https:\/\/legitgrams.com\/?s={search_term_string}"},"query-input":{"@type":"PropertyValueSpecification","valueRequired":true,"valueName":"search_term_string"}}],"inLanguage":"hu"},{"@type":"Organization","@id":"https:\/\/legitgrams.com\/#organization","name":"Legit Grams","url":"https:\/\/legitgrams.com\/","logo":{"@type":"ImageObject","inLanguage":"hu","@id":"https:\/\/legitgrams.com\/#\/schema\/logo\/image\/","url":"https:\/\/legitgrams.com\/wp-content\/uploads\/2024\/09\/main-logo.png","contentUrl":"https:\/\/legitgrams.com\/wp-content\/uploads\/2024\/09\/main-logo.png","width":270,"height":75,"caption":"Legit Grams"},"image":{"@id":"https:\/\/legitgrams.com\/#\/schema\/logo\/image\/"}}]}},"uagb_featured_image_src":{"full":["https:\/\/legitgrams.com\/wp-content\/uploads\/2024\/09\/buy-fentanyl-powder-online.jpg",600,600,false],"thumbnail":["https:\/\/legitgrams.com\/wp-content\/uploads\/2024\/09\/buy-fentanyl-powder-online-150x150.jpg",150,150,true],"medium":["https:\/\/legitgrams.com\/wp-content\/uploads\/2024\/09\/buy-fentanyl-powder-online-300x300.jpg",300,300,true],"medium_large":["https:\/\/legitgrams.com\/wp-content\/uploads\/2024\/09\/buy-fentanyl-powder-online.jpg",600,600,false],"large":["https:\/\/legitgrams.com\/wp-content\/uploads\/2024\/09\/buy-fentanyl-powder-online.jpg",600,600,false],"1536x1536":["https:\/\/legitgrams.com\/wp-content\/uploads\/2024\/09\/buy-fentanyl-powder-online.jpg",600,600,false],"2048x2048":["https:\/\/legitgrams.com\/wp-content\/uploads\/2024\/09\/buy-fentanyl-powder-online.jpg",600,600,false],"trp-custom-language-flag":["https:\/\/legitgrams.com\/wp-content\/uploads\/2024\/09\/buy-fentanyl-powder-online-12x12.jpg",12,12,true],"woocommerce_thumbnail":["https:\/\/legitgrams.com\/wp-content\/uploads\/2024\/09\/buy-fentanyl-powder-online-300x300.jpg",300,300,true],"woocommerce_single":["https:\/\/legitgrams.com\/wp-content\/uploads\/2024\/09\/buy-fentanyl-powder-online.jpg",600,600,false],"woocommerce_gallery_thumbnail":["https:\/\/legitgrams.com\/wp-content\/uploads\/2024\/09\/buy-fentanyl-powder-online-100x100.jpg",100,100,true]},"uagb_author_info":{"display_name":"cokeblog18","author_link":"https:\/\/legitgrams.com\/hu\/author\/"},"uagb_comment_info":2,"uagb_excerpt":"For sale: fentanyl powder Fentanyl is a member of the opioid class of pro-drugs. This powder is used to cure a variety of ailments. It comes in pill and powder form. Fentanyl powder is the name of the medication used to alleviate pain. LegitGrams Fentanyl is also used to reduce or completely eradicate chronic pain.&hellip;","_links":{"self":[{"href":"https:\/\/legitgrams.com\/hu\/wp-json\/wp\/v2\/product\/3971","targetHints":{"allow":["GET"]}}],"collection":[{"href":"https:\/\/legitgrams.com\/hu\/wp-json\/wp\/v2\/product"}],"about":[{"href":"https:\/\/legitgrams.com\/hu\/wp-json\/wp\/v2\/types\/product"}],"replies":[{"embeddable":true,"href":"https:\/\/legitgrams.com\/hu\/wp-json\/wp\/v2\/comments?post=3971"}],"wp:featuredmedia":[{"embeddable":true,"href":"https:\/\/legitgrams.com\/hu\/wp-json\/wp\/v2\/media\/5276"}],"wp:attachment":[{"href":"https:\/\/legitgrams.com\/hu\/wp-json\/wp\/v2\/media?parent=3971"}],"wp:term":[{"taxonomy":"product_brand","embeddable":true,"href":"https:\/\/legitgrams.com\/hu\/wp-json\/wp\/v2\/product_brand?post=3971"},{"taxonomy":"product_cat","embeddable":true,"href":"https:\/\/legitgrams.com\/hu\/wp-json\/wp\/v2\/product_cat?post=3971"},{"taxonomy":"product_tag","embeddable":true,"href":"https:\/\/legitgrams.com\/hu\/wp-json\/wp\/v2\/product_tag?post=3971"}],"curies":[{"name":"wp","href":"https:\/\/api.w.org\/{rel}","templated":true}]}}