{"id":3985,"date":"2024-09-21T06:51:37","date_gmt":"2024-09-21T06:51:37","guid":{"rendered":"https:\/\/legitgrams.com\/?post_type=product&#038;p=3985"},"modified":"2025-01-11T11:05:10","modified_gmt":"2025-01-11T11:05:10","slug":"4-fa-por-1-oz-tiszta","status":"publish","type":"product","link":"https:\/\/legitgrams.com\/hu\/termek\/4-fa-por-1-oz-tiszta\/","title":{"rendered":"4-FA por 1 oz Pure"},"content":{"rendered":"<h2>4-FA por megv\u00e1s\u00e1rolhat\u00f3<\/h2>\n<p><a href=\"https:\/\/legitgrams.com\/hu\/termek\/4-fa-por-1-oz-tiszta\/\">4-FA (4-fluoramfetamin)<\/a>Az amfetaminra eml\u00e9keztet\u0151 gy\u00f3gyszert nemr\u00e9giben lehet megv\u00e1s\u00e1rolni Hollandi\u00e1ban. 2007-t\u0151l 2009-ig f\u0151 form\u00e1i a speed vagy MDMA voltak. Mivel ezeknek a szakembereknek akkori alapanyaghi\u00e1nya volt, a 4-FA-t forg\u00e1csol\u00f3 szakemberk\u00e9nt hasznos\u00edtott\u00e1k. Mindenesetre 2010 \u00f3ta a kiskeresked\u0151k fokozatosan n\u00e9pszer\u0171s\u00edtik a 4-FA-t 4-FA-k\u00e9nt, jelezve, hogy a v\u00e1s\u00e1rl\u00f3k \u201ea d\u00f6nt\u00e9sek gy\u00f3gyszer\u00e9nek\u201d tartj\u00e1k.<\/p>\n<p><a href=\"https:\/\/en.wikipedia.org\/wiki\/4-Fluoroamphetamine\">4-FA<\/a> Flux, 4-FMP, 4-Fluor, 4-Flava \u00e9s 4-F n\u00e9ven is ismert. Ez a gy\u00f3gyszer \u00faj pszichoakt\u00edv anyag (NPS) kateg\u00f3ri\u00e1ba tartozik. Ezek \u00fajonnan kifejlesztett vegyszerek, amelyek az ut\u00f3bbi id\u0151ben v\u00e1ltak el\u00e9rhet\u0151v\u00e9 a hagyom\u00e1nyosabb illeg\u00e1lis k\u00e1b\u00edt\u00f3szerek helyett. Az NPS-t kutat\u00e1si szintetikus anyagk\u00e9nt vagy eredeti gy\u00f3gyszerk\u00e9nt is ismerik. A jelenlegi k\u00e9miai szerkezet egy kis m\u00f3dos\u00edt\u00e1sa az anyag n\u00f3menklat\u00far\u00e1j\u00e1nak megv\u00e1ltoz\u00e1s\u00e1t eredm\u00e9nyezi; \u00edgy m\u00e1r nem v\u00e9di az \u00f3piumt\u00f6rv\u00e9ny, \u00e9s tilos. Ez megnehez\u00edti a tulajdonjog, a tranzakci\u00f3k \u00e9s a l\u00e9trehoz\u00e1s le\u00e1ll\u00edt\u00e1s\u00e1t. <a href=\"https:\/\/en.wikipedia.org\/\">LegitGrams<\/a><\/p>\n<p>A 4-FA k\u00e9t legn\u00e9pszer\u0171bb form\u00e1ja a por \u00e9s a pirula. A 4-FA adagol\u00e1si form\u00e1ja or\u00e1lis adagol\u00e1s. A fogyaszt\u00f3k felold\u00f3dhatnak egy italban, vagy port tehetnek egy tokba vagy mozg\u00f3 pap\u00edrba (bomba). A 4-FA esetek, a 4-FA porok \u00e9s a 4-FA tablett\u00e1k k\u00f6z\u00f6tti k\u00fcl\u00f6nbs\u00e9g minim\u00e1lis.<\/p>\n<p>A kont\u00e9nerek sokf\u00e9le anyagb\u00f3l k\u00e9sz\u00fclnek, \u00e9s lehetnek sima vagy sz\u00ednes t\u00e1rol\u00f3k unalmas vagy tetszet\u0151s anyagb\u00f3l, \u00e9s lehetnek sima vagy sz\u00ednesek. Egy tok t\u00f6bb vegyszerrel is megt\u00f6lthet\u0151. 4-FA, m\u00e1s anyagokkal egy\u00fctt, mint az amfetamin (sebess\u00e9g), az MDMA, a k\u00e1v\u00e9, vagy semmi. N\u00e9h\u00e1ny dolog az okos boltokb\u00f3l is a tokban van. A tokokat gyakran egy zs\u00e1kba teszik, \u00e9s a csomag azonos\u00edtja, mi van benne. Az \u00fcgyfelek milligrammos sk\u00e1l\u00e1n m\u00e9rhetik a pontos mennyis\u00e9get, ha maguk t\u00f6ltik meg a tart\u00e1lyt. 4 fa v\u00e1s\u00e1rl\u00e1s online.<\/p>\n<p>A kont\u00e9nerek sokf\u00e9le anyagb\u00f3l k\u00e9sz\u00fclnek, \u00e9s lehetnek sima vagy sz\u00ednes t\u00e1rol\u00f3k unalmas vagy tetszet\u0151s anyagb\u00f3l, \u00e9s lehetnek sima vagy sz\u00ednesek. Egy tok t\u00f6bb vegyszerrel is megt\u00f6lthet\u0151. 4-FA, m\u00e1s anyagokkal egy\u00fctt, mint az amfetamin (sebess\u00e9g), az MDMA, a k\u00e1v\u00e9, vagy semmi. N\u00e9h\u00e1ny dolog az okos boltokb\u00f3l is a tokban van. A tokokat gyakran egy zs\u00e1kba teszik, \u00e9s a csomag azonos\u00edtja, mi van benne. Az \u00fcgyfelek milligrammos sk\u00e1l\u00e1n m\u00e9rhetik a pontos mennyis\u00e9get, ha maguk t\u00f6ltik meg a tart\u00e1lyt. 4 fa v\u00e1s\u00e1rl\u00e1s online.<\/p>\n<p>D\u00fch\u00f6s, pontos, alkalmas \u00e9s \u00f3vatos<\/p>\n<p>Boldog, boldog \u00e9s k\u00e1pr\u00e1zatos<\/p>\n<p>a befogad\u00e1s er\u0151s \u00e9rz\u00e9se<\/p>\n<p>Az \u00e9rint\u00e9s \u00e9s a hang er\u0151teljes \u00e9rz\u00e9se<\/p>\n<p>er\u0151s k\u00f6zels\u00e9g, interakci\u00f3 \u00e9s kommunik\u00e1ci\u00f3 ir\u00e1nti v\u00e1gy<\/p>\n<p>V\u00e1s\u00e1roljon 1 uncia Pure 4-FA port online kedvezm\u00e9nyes \u00e1ron. V\u00e1s\u00e1rolhat 1 uncia tiszta term\u00e9ket, v\u00e1s\u00e1rolhat 4-FA port 1 uncia tiszta term\u00e9ket a k\u00f6zelben, \u00e9s megtudhatja, hol v\u00e1s\u00e1rolhatja meg online. 4-FA Powder 1 oz Pure: hol v\u00e1s\u00e1rolhat 4-FA Powder 1 oz Pure online v\u00e1s\u00e1roljon, 4-FA Powder 1 oz Pure, 4-FA Powder 1 oz Pure megv\u00e1s\u00e1rolhat\u00f3 az Egyes\u00fclt \u00c1llamokban. 4-FA Powder rendel\u00e9se 1 oz Pure online, v\u00e1s\u00e1roljon 4-FA port 1 oz Pure online, sz\u00e1ll\u00edt\u00f3k, biztons\u00e1gos sz\u00e1ll\u00edt\u00e1s, USA, Kanada, Egyes\u00fclt Kir\u00e1lys\u00e1g, van m\u00e9g egy es\u00e9ly a Hogyan rendelhetek 1 uncia tiszta 4-FA port? Leg\u00e1lis az Egyes\u00fclt \u00c1llamokban 1 uncia Pure 4-FA Powder? Lehets\u00e9ges 1 uncia Pure 4-FA port v\u00e1s\u00e1rolni online?<\/p>","protected":false},"excerpt":{"rendered":"<p>4-FA Powder Available for Purchase 4-FA (4-fluoramphetamine), a medication that resembles amphetamine, has just lately been available for purchase in the Netherlands. From 2007 to 2009, its main forms were speed or MDMA. Due to a shortage of raw materials for these specialists at the time, 4-FA was utilized as a cutting specialist. At any &hellip;<\/p>\n<p class=\"read-more\"> <a class=\"\" href=\"https:\/\/legitgrams.com\/hu\/termek\/4-fa-por-1-oz-tiszta\/\"> <span class=\"screen-reader-text\">4-FA por 1 oz Pure<\/span> Olvass tov\u00e1bb \"<\/a><\/p>","protected":false},"featured_media":5259,"comment_status":"open","ping_status":"closed","template":"","meta":{"_uag_custom_page_level_css":"","site-sidebar-layout":"default","site-content-layout":"default","ast-global-header-display":"","ast-main-header-display":"","ast-hfb-above-header-display":"","ast-hfb-below-header-display":"","ast-hfb-mobile-header-display":"","site-post-title":"","ast-breadcrumbs-content":"","ast-featured-img":"","footer-sml-layout":"","theme-transparent-header-meta":"default","adv-header-id-meta":"","stick-header-meta":"default","header-above-stick-meta":"","header-main-stick-meta":"","header-below-stick-meta":"","_joinchat":[]},"product_brand":[],"product_cat":[600],"product_tag":[3157,3161,3160,3168,3159,3169,3171,3178,3179,3177,3174,3176,3166,617,3158,3173,3170,3165,3163,3175,3172,625,3164,3167,3162],"class_list":{"0":"post-3985","1":"product","2":"type-product","3":"status-publish","4":"has-post-thumbnail","6":"product_cat-research-chemicals-and-bath-salt","7":"product_tag-4-fa-powder-1-oz-pure","8":"product_tag-4-fa-powder-1-oz-pure-4-fa-powder-1-oz-pure-supplier","9":"product_tag-4-fa-powder-1-oz-pure-for-sale","10":"product_tag-4-fa-powder-1-oz-pure-legally","11":"product_tag-4-fa-powder-1-oz-pure-online","12":"product_tag-4-fa-powder-1-oz-pure-price","13":"product_tag-4-fa-powder-1-oz-pure-store","14":"product_tag-4-fa-powder-1-oz-pure-use","15":"product_tag-4-fa-powder-1-oz-pure-wiki","16":"product_tag-4-fa-powder-1-oz-pure-worldwide","17":"product_tag-4-fa-powder-1-oz-pures","18":"product_tag-best-cheap-price-4-fa-powder-1-oz-pure","19":"product_tag-best-place-to-buy-4-fa-powder-1-oz-pure","20":"product_tag-bulk-online","21":"product_tag-buy-4-fa-powder-1-oz-pure","22":"product_tag-cheap-4-fa-powder-1-oz-pure","23":"product_tag-high-quality-4-fa-powder-1-oz-pure","24":"product_tag-how-to-buy-4-fa-powder-1-oz-pure","25":"product_tag-order-4-fa-powder-1-oz-pure","26":"product_tag-purcharse-4-fa-powder-1-oz-pure","27":"product_tag-shop-4-fa-powder-1-oz-pure","28":"product_tag-top-quality","29":"product_tag-where-to-buy-4-fa-powder-1-oz-pure","30":"product_tag-where-to-order-4-fa-powder-1-oz-pure","31":"product_tag-wholesale-4-fa-powder-1-oz-pure","32":"desktop-align-left","33":"tablet-align-left","34":"mobile-align-left","35":"ast-product-gallery-layout-horizontal","36":"ast-product-gallery-with-no-image","37":"ast-product-single-variable","38":"ast-product-tabs-layout-horizontal","39":"ast-qv-on-image","41":"first","42":"instock","43":"shipping-taxable","44":"purchasable","45":"product-type-variable"},"yoast_head":"<!-- This site is optimized with the Yoast SEO plugin v25.9 - https:\/\/yoast.com\/wordpress\/plugins\/seo\/ -->\n<title>4-FA Powder for Sale - Order 4-FA Online with Fast Shipping<\/title>\n<meta name=\"description\" content=\"If you are looking to buy 4-FA powder online, LegitGrams.com is the best place to order 4-FA online, 4-FA for sale, and 4-FA online at the best price.\" \/>\n<meta name=\"robots\" content=\"index, follow, max-snippet:-1, max-image-preview:large, max-video-preview:-1\" \/>\n<link rel=\"canonical\" href=\"https:\/\/legitgrams.com\/hu\/termek\/4-fa-por-1-oz-tiszta\/\" \/>\n<meta property=\"og:locale\" content=\"hu_HU\" \/>\n<meta property=\"og:type\" content=\"article\" \/>\n<meta property=\"og:title\" content=\"4-FA Powder for Sale - Order 4-FA Online with Fast Shipping\" \/>\n<meta property=\"og:description\" content=\"If you are looking to buy 4-FA powder online, LegitGrams.com is the best place to order 4-FA online, 4-FA for sale, and 4-FA online at the best price.\" \/>\n<meta property=\"og:url\" content=\"https:\/\/legitgrams.com\/hu\/termek\/4-fa-por-1-oz-tiszta\/\" \/>\n<meta property=\"og:site_name\" content=\"Legit Grams\" \/>\n<meta property=\"article:modified_time\" content=\"2025-01-11T11:05:10+00:00\" \/>\n<meta property=\"og:image\" content=\"https:\/\/legitgrams.com\/wp-content\/uploads\/2024\/09\/buy-4-fa-powder-1-oz-pure-online-cheap.jpg\" \/>\n\t<meta property=\"og:image:width\" content=\"600\" \/>\n\t<meta property=\"og:image:height\" content=\"600\" \/>\n\t<meta property=\"og:image:type\" content=\"image\/jpeg\" \/>\n<meta name=\"twitter:card\" content=\"summary_large_image\" \/>\n<meta name=\"twitter:label1\" content=\"Becs\u00fclt olvas\u00e1si id\u0151\" \/>\n\t<meta name=\"twitter:data1\" content=\"3 perc\" \/>\n<script type=\"application\/ld+json\" class=\"yoast-schema-graph\">{\"@context\":\"https:\/\/schema.org\",\"@graph\":[{\"@type\":\"WebPage\",\"@id\":\"https:\/\/legitgrams.com\/product\/4-fa-powder-1-oz-pure\/\",\"url\":\"https:\/\/legitgrams.com\/product\/4-fa-powder-1-oz-pure\/\",\"name\":\"4-FA Powder for Sale - Order 4-FA Online with Fast Shipping\",\"isPartOf\":{\"@id\":\"https:\/\/legitgrams.com\/#website\"},\"primaryImageOfPage\":{\"@id\":\"https:\/\/legitgrams.com\/product\/4-fa-powder-1-oz-pure\/#primaryimage\"},\"image\":{\"@id\":\"https:\/\/legitgrams.com\/product\/4-fa-powder-1-oz-pure\/#primaryimage\"},\"thumbnailUrl\":\"https:\/\/legitgrams.com\/wp-content\/uploads\/2024\/09\/buy-4-fa-powder-1-oz-pure-online-cheap.jpg\",\"datePublished\":\"2024-09-21T06:51:37+00:00\",\"dateModified\":\"2025-01-11T11:05:10+00:00\",\"description\":\"If you are looking to buy 4-FA powder online, LegitGrams.com is the best place to order 4-FA online, 4-FA for sale, and 4-FA online at the best price.\",\"breadcrumb\":{\"@id\":\"https:\/\/legitgrams.com\/product\/4-fa-powder-1-oz-pure\/#breadcrumb\"},\"inLanguage\":\"hu\",\"potentialAction\":[{\"@type\":\"ReadAction\",\"target\":[\"https:\/\/legitgrams.com\/product\/4-fa-powder-1-oz-pure\/\"]}]},{\"@type\":\"ImageObject\",\"inLanguage\":\"hu\",\"@id\":\"https:\/\/legitgrams.com\/product\/4-fa-powder-1-oz-pure\/#primaryimage\",\"url\":\"https:\/\/legitgrams.com\/wp-content\/uploads\/2024\/09\/buy-4-fa-powder-1-oz-pure-online-cheap.jpg\",\"contentUrl\":\"https:\/\/legitgrams.com\/wp-content\/uploads\/2024\/09\/buy-4-fa-powder-1-oz-pure-online-cheap.jpg\",\"width\":600,\"height\":600,\"caption\":\"4-FA Powder for Sale\"},{\"@type\":\"BreadcrumbList\",\"@id\":\"https:\/\/legitgrams.com\/product\/4-fa-powder-1-oz-pure\/#breadcrumb\",\"itemListElement\":[{\"@type\":\"ListItem\",\"position\":1,\"name\":\"Home\",\"item\":\"https:\/\/legitgrams.com\/\"},{\"@type\":\"ListItem\",\"position\":2,\"name\":\"Shop\",\"item\":\"https:\/\/legitgrams.com\/shop\/\"},{\"@type\":\"ListItem\",\"position\":3,\"name\":\"4-FA Powder 1 oz Pure\"}]},{\"@type\":\"WebSite\",\"@id\":\"https:\/\/legitgrams.com\/#website\",\"url\":\"https:\/\/legitgrams.com\/\",\"name\":\"Legit Grams\",\"description\":\"My WordPress Blog\",\"publisher\":{\"@id\":\"https:\/\/legitgrams.com\/#organization\"},\"potentialAction\":[{\"@type\":\"SearchAction\",\"target\":{\"@type\":\"EntryPoint\",\"urlTemplate\":\"https:\/\/legitgrams.com\/?s={search_term_string}\"},\"query-input\":{\"@type\":\"PropertyValueSpecification\",\"valueRequired\":true,\"valueName\":\"search_term_string\"}}],\"inLanguage\":\"hu\"},{\"@type\":\"Organization\",\"@id\":\"https:\/\/legitgrams.com\/#organization\",\"name\":\"Legit Grams\",\"url\":\"https:\/\/legitgrams.com\/\",\"logo\":{\"@type\":\"ImageObject\",\"inLanguage\":\"hu\",\"@id\":\"https:\/\/legitgrams.com\/#\/schema\/logo\/image\/\",\"url\":\"https:\/\/legitgrams.com\/wp-content\/uploads\/2024\/09\/main-logo.png\",\"contentUrl\":\"https:\/\/legitgrams.com\/wp-content\/uploads\/2024\/09\/main-logo.png\",\"width\":270,\"height\":75,\"caption\":\"Legit Grams\"},\"image\":{\"@id\":\"https:\/\/legitgrams.com\/#\/schema\/logo\/image\/\"}}]}<\/script>\n<!-- \/ Yoast SEO plugin. -->","yoast_head_json":{"title":"4-FA por elad\u00f3 - Rendeljen 4-FA online gyors sz\u00e1ll\u00edt\u00e1ssal","description":"Ha szeretne v\u00e1s\u00e1rolni 4-FA port online, LegitGrams.com a legjobb hely, hogy 4-FA online, 4-FA elad\u00f3, \u00e9s 4-FA online a legjobb \u00e1ron.","robots":{"index":"index","follow":"follow","max-snippet":"max-snippet:-1","max-image-preview":"max-image-preview:large","max-video-preview":"max-video-preview:-1"},"canonical":"https:\/\/legitgrams.com\/hu\/termek\/4-fa-por-1-oz-tiszta\/","og_locale":"hu_HU","og_type":"article","og_title":"4-FA Powder for Sale - Order 4-FA Online with Fast Shipping","og_description":"If you are looking to buy 4-FA powder online, LegitGrams.com is the best place to order 4-FA online, 4-FA for sale, and 4-FA online at the best price.","og_url":"https:\/\/legitgrams.com\/hu\/termek\/4-fa-por-1-oz-tiszta\/","og_site_name":"Legit Grams","article_modified_time":"2025-01-11T11:05:10+00:00","og_image":[{"width":600,"height":600,"url":"https:\/\/legitgrams.com\/wp-content\/uploads\/2024\/09\/buy-4-fa-powder-1-oz-pure-online-cheap.jpg","type":"image\/jpeg"}],"twitter_card":"summary_large_image","twitter_misc":{"Becs\u00fclt olvas\u00e1si id\u0151":"3 perc"},"schema":{"@context":"https:\/\/schema.org","@graph":[{"@type":"WebPage","@id":"https:\/\/legitgrams.com\/product\/4-fa-powder-1-oz-pure\/","url":"https:\/\/legitgrams.com\/product\/4-fa-powder-1-oz-pure\/","name":"4-FA por elad\u00f3 - Rendeljen 4-FA online gyors sz\u00e1ll\u00edt\u00e1ssal","isPartOf":{"@id":"https:\/\/legitgrams.com\/#website"},"primaryImageOfPage":{"@id":"https:\/\/legitgrams.com\/product\/4-fa-powder-1-oz-pure\/#primaryimage"},"image":{"@id":"https:\/\/legitgrams.com\/product\/4-fa-powder-1-oz-pure\/#primaryimage"},"thumbnailUrl":"https:\/\/legitgrams.com\/wp-content\/uploads\/2024\/09\/buy-4-fa-powder-1-oz-pure-online-cheap.jpg","datePublished":"2024-09-21T06:51:37+00:00","dateModified":"2025-01-11T11:05:10+00:00","description":"Ha szeretne v\u00e1s\u00e1rolni 4-FA port online, LegitGrams.com a legjobb hely, hogy 4-FA online, 4-FA elad\u00f3, \u00e9s 4-FA online a legjobb \u00e1ron.","breadcrumb":{"@id":"https:\/\/legitgrams.com\/product\/4-fa-powder-1-oz-pure\/#breadcrumb"},"inLanguage":"hu","potentialAction":[{"@type":"ReadAction","target":["https:\/\/legitgrams.com\/product\/4-fa-powder-1-oz-pure\/"]}]},{"@type":"ImageObject","inLanguage":"hu","@id":"https:\/\/legitgrams.com\/product\/4-fa-powder-1-oz-pure\/#primaryimage","url":"https:\/\/legitgrams.com\/wp-content\/uploads\/2024\/09\/buy-4-fa-powder-1-oz-pure-online-cheap.jpg","contentUrl":"https:\/\/legitgrams.com\/wp-content\/uploads\/2024\/09\/buy-4-fa-powder-1-oz-pure-online-cheap.jpg","width":600,"height":600,"caption":"4-FA Powder for Sale"},{"@type":"BreadcrumbList","@id":"https:\/\/legitgrams.com\/product\/4-fa-powder-1-oz-pure\/#breadcrumb","itemListElement":[{"@type":"ListItem","position":1,"name":"Home","item":"https:\/\/legitgrams.com\/"},{"@type":"ListItem","position":2,"name":"Shop","item":"https:\/\/legitgrams.com\/shop\/"},{"@type":"ListItem","position":3,"name":"4-FA Powder 1 oz Pure"}]},{"@type":"WebSite","@id":"https:\/\/legitgrams.com\/#website","url":"https:\/\/legitgrams.com\/","name":"Legit Grams","description":"Az \u00e9n WordPress blogom","publisher":{"@id":"https:\/\/legitgrams.com\/#organization"},"potentialAction":[{"@type":"SearchAction","target":{"@type":"EntryPoint","urlTemplate":"https:\/\/legitgrams.com\/?s={search_term_string}"},"query-input":{"@type":"PropertyValueSpecification","valueRequired":true,"valueName":"search_term_string"}}],"inLanguage":"hu"},{"@type":"Organization","@id":"https:\/\/legitgrams.com\/#organization","name":"Legit Grams","url":"https:\/\/legitgrams.com\/","logo":{"@type":"ImageObject","inLanguage":"hu","@id":"https:\/\/legitgrams.com\/#\/schema\/logo\/image\/","url":"https:\/\/legitgrams.com\/wp-content\/uploads\/2024\/09\/main-logo.png","contentUrl":"https:\/\/legitgrams.com\/wp-content\/uploads\/2024\/09\/main-logo.png","width":270,"height":75,"caption":"Legit Grams"},"image":{"@id":"https:\/\/legitgrams.com\/#\/schema\/logo\/image\/"}}]}},"uagb_featured_image_src":{"full":["https:\/\/legitgrams.com\/wp-content\/uploads\/2024\/09\/buy-4-fa-powder-1-oz-pure-online-cheap.jpg",600,600,false],"thumbnail":["https:\/\/legitgrams.com\/wp-content\/uploads\/2024\/09\/buy-4-fa-powder-1-oz-pure-online-cheap-150x150.jpg",150,150,true],"medium":["https:\/\/legitgrams.com\/wp-content\/uploads\/2024\/09\/buy-4-fa-powder-1-oz-pure-online-cheap-300x300.jpg",300,300,true],"medium_large":["https:\/\/legitgrams.com\/wp-content\/uploads\/2024\/09\/buy-4-fa-powder-1-oz-pure-online-cheap.jpg",600,600,false],"large":["https:\/\/legitgrams.com\/wp-content\/uploads\/2024\/09\/buy-4-fa-powder-1-oz-pure-online-cheap.jpg",600,600,false],"1536x1536":["https:\/\/legitgrams.com\/wp-content\/uploads\/2024\/09\/buy-4-fa-powder-1-oz-pure-online-cheap.jpg",600,600,false],"2048x2048":["https:\/\/legitgrams.com\/wp-content\/uploads\/2024\/09\/buy-4-fa-powder-1-oz-pure-online-cheap.jpg",600,600,false],"trp-custom-language-flag":["https:\/\/legitgrams.com\/wp-content\/uploads\/2024\/09\/buy-4-fa-powder-1-oz-pure-online-cheap-12x12.jpg",12,12,true],"woocommerce_thumbnail":["https:\/\/legitgrams.com\/wp-content\/uploads\/2024\/09\/buy-4-fa-powder-1-oz-pure-online-cheap-300x300.jpg",300,300,true],"woocommerce_single":["https:\/\/legitgrams.com\/wp-content\/uploads\/2024\/09\/buy-4-fa-powder-1-oz-pure-online-cheap.jpg",600,600,false],"woocommerce_gallery_thumbnail":["https:\/\/legitgrams.com\/wp-content\/uploads\/2024\/09\/buy-4-fa-powder-1-oz-pure-online-cheap-100x100.jpg",100,100,true]},"uagb_author_info":{"display_name":"cokeblog18","author_link":"https:\/\/legitgrams.com\/hu\/author\/"},"uagb_comment_info":0,"uagb_excerpt":"4-FA Powder Available for Purchase 4-FA (4-fluoramphetamine), a medication that resembles amphetamine, has just lately been available for purchase in the Netherlands. From 2007 to 2009, its main forms were speed or MDMA. Due to a shortage of raw materials for these specialists at the time, 4-FA was utilized as a cutting specialist. At any&hellip;","_links":{"self":[{"href":"https:\/\/legitgrams.com\/hu\/wp-json\/wp\/v2\/product\/3985","targetHints":{"allow":["GET"]}}],"collection":[{"href":"https:\/\/legitgrams.com\/hu\/wp-json\/wp\/v2\/product"}],"about":[{"href":"https:\/\/legitgrams.com\/hu\/wp-json\/wp\/v2\/types\/product"}],"replies":[{"embeddable":true,"href":"https:\/\/legitgrams.com\/hu\/wp-json\/wp\/v2\/comments?post=3985"}],"wp:featuredmedia":[{"embeddable":true,"href":"https:\/\/legitgrams.com\/hu\/wp-json\/wp\/v2\/media\/5259"}],"wp:attachment":[{"href":"https:\/\/legitgrams.com\/hu\/wp-json\/wp\/v2\/media?parent=3985"}],"wp:term":[{"taxonomy":"product_brand","embeddable":true,"href":"https:\/\/legitgrams.com\/hu\/wp-json\/wp\/v2\/product_brand?post=3985"},{"taxonomy":"product_cat","embeddable":true,"href":"https:\/\/legitgrams.com\/hu\/wp-json\/wp\/v2\/product_cat?post=3985"},{"taxonomy":"product_tag","embeddable":true,"href":"https:\/\/legitgrams.com\/hu\/wp-json\/wp\/v2\/product_tag?post=3985"}],"curies":[{"name":"wp","href":"https:\/\/api.w.org\/{rel}","templated":true}]}}