{"id":3989,"date":"2024-09-21T07:22:56","date_gmt":"2024-09-21T07:22:56","guid":{"rendered":"https:\/\/legitgrams.com\/?post_type=product&#038;p=3989"},"modified":"2025-04-04T08:23:53","modified_gmt":"2025-04-04T08:23:53","slug":"acetil-fentanil-por-99-tiszta","status":"publish","type":"product","link":"https:\/\/legitgrams.com\/hu\/termek\/acetil-fentanil-por-99-tiszta\/","title":{"rendered":"V\u00e1s\u00e1roljon acetil-fentanil port (99%+ tisztas\u00e1g\u00fa) online"},"content":{"rendered":"<h2>Acetil fentanil por (99%+ tisztas\u00e1g\u00fa) online v\u00e1s\u00e1rl\u00e1shoz<\/h2>\n<p>Szerezzen be <a href=\"https:\/\/en.wikipedia.org\/wiki\/Acetylfentanyl\">acetil-fentanil<\/a> por. Opioidnak min\u0151s\u00fcl, \u00e9s \u00f6tsz\u00f6r\u00f6se a heroin hat\u00e9konys\u00e1g\u00e1nak.<br \/>\nOlyan kr\u00f3nikus, s\u00falyos f\u00e1jdalmak kezel\u00e9s\u00e9re alkalmazz\u00e1k, amelyek m\u00e1s gy\u00f3gyszerekkel nem szab\u00e1lyozhat\u00f3k. Ez a gy\u00f3gyszer j\u00f3l m\u0171k\u00f6dik k\u00e1b\u00edt\u00f3 f\u00e1jdalomcsillap\u00edt\u00f3k\u00e9nt.<\/p>\n<p>V\u00e1s\u00e1roljon por\u00edtott <a href=\"https:\/\/www.bing.com\/search?q=Vsroljonacetil-fentanilport(99tisztasg)online&amp;qs=n&amp;form=QBRE&amp;sp=-1&amp;lq=0&amp;pq=vsroljonacetil-fentanilport(99tisztasg)online&amp;sc=0-56&amp;sk=&amp;cvid=AAE16C19536C44CE8EA74D82D5A15239&amp;ghsh=0&amp;ghacc=0&amp;ghpl=\">acetilfentanil<\/a> ami 99%+ tisztas\u00e1g\u00fa. <a href=\"https:\/\/legitgrams.com\/hu\/termek\/acetil-fentanil-por-99-tiszta\/\">Acetylfentanyl<\/a>, m\u00e1s n\u00e9ven dezmetilfentanil, egy opioid f\u00e1jdalomcsillap\u00edt\u00f3, amely a fentanilra hasonl\u00edt.<br \/>\nA jelent\u00e9sek szerint az acetilfentanil 15-sz\u00f6r er\u0151sebb, mint a fentanil, ak\u00e1r 80-szor er\u0151sebb a morfiumn\u00e1l, \u00e9s 5-40-szer er\u0151sebb a heroinn\u00e1l. <a href=\"https:\/\/legitgrams.com\/hu\/\">LegitGrams<\/a><\/p>\n<p><a href=\"https:\/\/www.google.com\/search?q=Buy+Acetyl+Fentanyl+Powder+%2899%25%2B+Pure%29+Online&amp;num=10&amp;sca_esv=1a2a07081c7891bb&amp;rlz=1C1RXQR_enIN1098IN1098&amp;sxsrf=AHTn8zrjJPsTM5nmZUjcsaztfSWkhjd7Ng%3A1741237177031&amp;ei=uSvJZ73IAfm64-EPtJLT-QE&amp;ved=0ahUKEwj9iKD71fSLAxV53TgGHTTJNB8Q4dUDCBA&amp;uact=5&amp;oq=Buy+Acetyl+Fentanyl+Powder+%2899%25%2B+Pure%29+Online&amp;gs_lp=Egxnd3Mtd2l6LXNlcnAiLUJ1eSBBY2V0eWwgRmVudGFueWwgUG93ZGVyICg5OSUrIFB1cmUpIE9ubGluZTIIEAAYgAQYogRIywZQmgNYmgNwA3gAkAEAmAHnAaAB5wGqAQMyLTG4AQPIAQD4AQL4AQGYAgGgAvEBmAMAiAYBkgcDMi0xoAefAQ&amp;sclient=gws-wiz-serp\">99%+ tiszta acetil-fentanil por<\/a> Online megv\u00e1s\u00e1rolhat\u00f3 \u2013 Acetil-fentanil, Acetil-fentanil por (99%+ tisztas\u00e1g\u00fa), Acetil-fentanil online, Hol lehet acetil-fentanil port (99%+ tisztas\u00e1g\u00fa) v\u00e1s\u00e1rolni? Hol lehet acetil-fentanil port (99%+ tisztas\u00e1g\u00fa) online v\u00e1s\u00e1rolni? <a href=\"https:\/\/duckduckgo.com\/?q=Buy+Acetyl+Fentanyl+Powder+(99%25%2B+Pure)+Online&amp;t=h_&amp;ia=web\">Acetyl Fentanyl Powder (99%+ Pure) for sale<\/a>, where to <a href=\"https:\/\/www.google.com\/search?q=Buy+Acetyl+Fentanyl+Powder+%2899%25%2B+Pure%29+Online&amp;num=10&amp;sca_esv=1a2a07081c7891bb&amp;rlz=1C1RXQR_enIN1098IN1098&amp;sxsrf=AHTn8zrjJPsTM5nmZUjcsaztfSWkhjd7Ng%3A1741237177031&amp;ei=uSvJZ73IAfm64-EPtJLT-QE&amp;ved=0ahUKEwj9iKD71fSLAxV53TgGHTTJNB8Q4dUDCBA&amp;uact=5&amp;oq=Buy+Acetyl+Fentanyl+Powder+%2899%25%2B+Pure%29+Online&amp;gs_lp=Egxnd3Mtd2l6LXNlcnAiLUJ1eSBBY2V0eWwgRmVudGFueWwgUG93ZGVyICg5OSUrIFB1cmUpIE9ubGluZTIIEAAYgAQYogRIywZQmgNYmgNwA3gAkAEAmAHnAaAB5wGqAQMyLTG4AQPIAQD4AQL4AQGYAgGgAvEBmAMAiAYBkgcDMi0xoAefAQ&amp;sclient=gws-wiz-serp\">buy Acetyl Fentanyl Powder (99%+ Pure)<\/a> az USA-ban, Kanad\u00e1ban \u00e9s az Egyes\u00fclt Kir\u00e1lys\u00e1gban, hogyan lehet online beszerezni, besz\u00e1ll\u00edt\u00f3k \u00e9s biztons\u00e1gos sz\u00e1ll\u00edt\u00e1s, tov\u00e1bbra is lehets\u00e9ges acetil-fentanil por (99%-os+ tisztas\u00e1g\u00fa) beszerz\u00e9se; t\u00f6rv\u00e9nyes-e ez az Egyes\u00fclt \u00c1llamokban? online v\u00e1s\u00e1rolhat\u00f3 az USA-ban; hogyan lehet megrendel\u00e9st leadni; \u00e9s megengedett-e a 99%-os+ tisztas\u00e1g\u00fa acetil-fentanil por v\u00e1s\u00e1rl\u00e1sa Kanad\u00e1ban<\/p>","protected":false},"excerpt":{"rendered":"<p>Acetyl Fentanyl Powder (99%+ Pure) for Online Purchase Obtain acetyl fentanyl powder. It is classified as an opioid and has five times the potency of heroin. It is used to treat chronic, severe pain that cannot be controlled with other medications. This drug works well as a narcotic analgesic. Buy powdered acetylfentanyl that is 99%+ &hellip;<\/p>\n<p class=\"read-more\"> <a class=\"\" href=\"https:\/\/legitgrams.com\/hu\/termek\/acetil-fentanil-por-99-tiszta\/\"> <span class=\"screen-reader-text\">V\u00e1s\u00e1roljon acetil-fentanil port (99%+ tisztas\u00e1g\u00fa) online<\/span> Olvass tov\u00e1bb \"<\/a><\/p>","protected":false},"featured_media":5264,"comment_status":"open","ping_status":"closed","template":"","meta":{"_uag_custom_page_level_css":"","site-sidebar-layout":"default","site-content-layout":"default","ast-global-header-display":"","ast-main-header-display":"","ast-hfb-above-header-display":"","ast-hfb-below-header-display":"","ast-hfb-mobile-header-display":"","site-post-title":"","ast-breadcrumbs-content":"","ast-featured-img":"","footer-sml-layout":"","theme-transparent-header-meta":"default","adv-header-id-meta":"","stick-header-meta":"default","header-above-stick-meta":"","header-main-stick-meta":"","header-below-stick-meta":"","_joinchat":[]},"product_brand":[],"product_cat":[600],"product_tag":[3065,3069,3068,3076,3067,3077,3079,3086,3087,3085,3082,3084,3074,617,3066,3081,3078,3073,3071,3083,3080,625,3072,3075,3070],"class_list":{"0":"post-3989","1":"product","2":"type-product","3":"status-publish","4":"has-post-thumbnail","6":"product_cat-research-chemicals-and-bath-salt","7":"product_tag-acetyl-fentanyl-powder-99-pure","8":"product_tag-acetyl-fentanyl-powder-99-pure-acetyl-fentanyl-powder-99-pure-supplier","9":"product_tag-acetyl-fentanyl-powder-99-pure-for-sale","10":"product_tag-acetyl-fentanyl-powder-99-pure-legally","11":"product_tag-acetyl-fentanyl-powder-99-pure-online","12":"product_tag-acetyl-fentanyl-powder-99-pure-price","13":"product_tag-acetyl-fentanyl-powder-99-pure-store","14":"product_tag-acetyl-fentanyl-powder-99-pure-use","15":"product_tag-acetyl-fentanyl-powder-99-pure-wiki","16":"product_tag-acetyl-fentanyl-powder-99-pure-worldwide","17":"product_tag-acetyl-fentanyl-powder-99-pures","18":"product_tag-best-cheap-price-acetyl-fentanyl-powder-99-pure","19":"product_tag-best-place-to-buy-acetyl-fentanyl-powder-99-pure","20":"product_tag-bulk-online","21":"product_tag-buy-acetyl-fentanyl-powder-99-pure","22":"product_tag-cheap-acetyl-fentanyl-powder-99-pure","23":"product_tag-high-quality-acetyl-fentanyl-powder-99-pure","24":"product_tag-how-to-buy-acetyl-fentanyl-powder-99-pure","25":"product_tag-order-acetyl-fentanyl-powder-99-pure","26":"product_tag-purcharse-acetyl-fentanyl-powder-99-pure","27":"product_tag-shop-acetyl-fentanyl-powder-99-pure","28":"product_tag-top-quality","29":"product_tag-where-to-buy-acetyl-fentanyl-powder-99-pure","30":"product_tag-where-to-order-acetyl-fentanyl-powder-99-pure","31":"product_tag-wholesale-acetyl-fentanyl-powder-99-pure","32":"desktop-align-left","33":"tablet-align-left","34":"mobile-align-left","35":"ast-product-gallery-layout-horizontal","36":"ast-product-gallery-with-no-image","37":"ast-product-single-variable","38":"ast-product-tabs-layout-horizontal","39":"ast-qv-on-image","41":"first","42":"instock","43":"shipping-taxable","44":"purchasable","45":"product-type-variable"},"yoast_head":"<!-- This site is optimized with the Yoast SEO plugin v25.9 - https:\/\/yoast.com\/wordpress\/plugins\/seo\/ -->\n<title>Acetyl Fentanyl Powder for Sale - Buy Acetyl Fentanyl Online<\/title>\n<meta name=\"description\" content=\"If you have not tried acetyl fentanyl powder from our LegitGrams store, then you are missing a lot. We will help you buy acetyl fentanyl online at cheap rate. Get Acetyl Fentanyl Powder for sale today!\" \/>\n<meta name=\"robots\" content=\"index, follow, max-snippet:-1, max-image-preview:large, max-video-preview:-1\" \/>\n<link rel=\"canonical\" href=\"https:\/\/legitgrams.com\/hu\/termek\/acetil-fentanil-por-99-tiszta\/\" \/>\n<meta property=\"og:locale\" content=\"hu_HU\" \/>\n<meta property=\"og:type\" content=\"article\" \/>\n<meta property=\"og:title\" content=\"Acetyl Fentanyl Powder for Sale - Buy Acetyl Fentanyl Online\" \/>\n<meta property=\"og:description\" content=\"If you have not tried acetyl fentanyl powder from our LegitGrams store, then you are missing a lot. We will help you buy acetyl fentanyl online at cheap rate. Get Acetyl Fentanyl Powder for sale today!\" \/>\n<meta property=\"og:url\" content=\"https:\/\/legitgrams.com\/hu\/termek\/acetil-fentanil-por-99-tiszta\/\" \/>\n<meta property=\"og:site_name\" content=\"Legit Grams\" \/>\n<meta property=\"article:modified_time\" content=\"2025-04-04T08:23:53+00:00\" \/>\n<meta property=\"og:image\" content=\"https:\/\/legitgrams.com\/wp-content\/uploads\/2024\/09\/Buy-Acetyl-Fentanyl-Powder-99-Pure-online.jpg\" \/>\n\t<meta property=\"og:image:width\" content=\"600\" \/>\n\t<meta property=\"og:image:height\" content=\"600\" \/>\n\t<meta property=\"og:image:type\" content=\"image\/jpeg\" \/>\n<meta name=\"twitter:card\" content=\"summary_large_image\" \/>\n<meta name=\"twitter:label1\" content=\"Becs\u00fclt olvas\u00e1si id\u0151\" \/>\n\t<meta name=\"twitter:data1\" content=\"2 perc\" \/>\n<script type=\"application\/ld+json\" class=\"yoast-schema-graph\">{\"@context\":\"https:\/\/schema.org\",\"@graph\":[{\"@type\":\"WebPage\",\"@id\":\"https:\/\/legitgrams.com\/product\/acetyl-fentanyl-powder-99-pure\/\",\"url\":\"https:\/\/legitgrams.com\/product\/acetyl-fentanyl-powder-99-pure\/\",\"name\":\"Acetyl Fentanyl Powder for Sale - Buy Acetyl Fentanyl Online\",\"isPartOf\":{\"@id\":\"https:\/\/legitgrams.com\/#website\"},\"primaryImageOfPage\":{\"@id\":\"https:\/\/legitgrams.com\/product\/acetyl-fentanyl-powder-99-pure\/#primaryimage\"},\"image\":{\"@id\":\"https:\/\/legitgrams.com\/product\/acetyl-fentanyl-powder-99-pure\/#primaryimage\"},\"thumbnailUrl\":\"https:\/\/legitgrams.com\/wp-content\/uploads\/2024\/09\/Buy-Acetyl-Fentanyl-Powder-99-Pure-online.jpg\",\"datePublished\":\"2024-09-21T07:22:56+00:00\",\"dateModified\":\"2025-04-04T08:23:53+00:00\",\"description\":\"If you have not tried acetyl fentanyl powder from our LegitGrams store, then you are missing a lot. We will help you buy acetyl fentanyl online at cheap rate. Get Acetyl Fentanyl Powder for sale today!\",\"breadcrumb\":{\"@id\":\"https:\/\/legitgrams.com\/product\/acetyl-fentanyl-powder-99-pure\/#breadcrumb\"},\"inLanguage\":\"hu\",\"potentialAction\":[{\"@type\":\"ReadAction\",\"target\":[\"https:\/\/legitgrams.com\/product\/acetyl-fentanyl-powder-99-pure\/\"]}]},{\"@type\":\"ImageObject\",\"inLanguage\":\"hu\",\"@id\":\"https:\/\/legitgrams.com\/product\/acetyl-fentanyl-powder-99-pure\/#primaryimage\",\"url\":\"https:\/\/legitgrams.com\/wp-content\/uploads\/2024\/09\/Buy-Acetyl-Fentanyl-Powder-99-Pure-online.jpg\",\"contentUrl\":\"https:\/\/legitgrams.com\/wp-content\/uploads\/2024\/09\/Buy-Acetyl-Fentanyl-Powder-99-Pure-online.jpg\",\"width\":600,\"height\":600,\"caption\":\"Acetyl Fentanyl Powder for Sale\"},{\"@type\":\"BreadcrumbList\",\"@id\":\"https:\/\/legitgrams.com\/product\/acetyl-fentanyl-powder-99-pure\/#breadcrumb\",\"itemListElement\":[{\"@type\":\"ListItem\",\"position\":1,\"name\":\"Home\",\"item\":\"https:\/\/legitgrams.com\/\"},{\"@type\":\"ListItem\",\"position\":2,\"name\":\"Shop\",\"item\":\"https:\/\/legitgrams.com\/shop\/\"},{\"@type\":\"ListItem\",\"position\":3,\"name\":\"Buy Acetyl Fentanyl Powder (99%+ Pure) Online\"}]},{\"@type\":\"WebSite\",\"@id\":\"https:\/\/legitgrams.com\/#website\",\"url\":\"https:\/\/legitgrams.com\/\",\"name\":\"Legit Grams\",\"description\":\"My WordPress Blog\",\"publisher\":{\"@id\":\"https:\/\/legitgrams.com\/#organization\"},\"potentialAction\":[{\"@type\":\"SearchAction\",\"target\":{\"@type\":\"EntryPoint\",\"urlTemplate\":\"https:\/\/legitgrams.com\/?s={search_term_string}\"},\"query-input\":{\"@type\":\"PropertyValueSpecification\",\"valueRequired\":true,\"valueName\":\"search_term_string\"}}],\"inLanguage\":\"hu\"},{\"@type\":\"Organization\",\"@id\":\"https:\/\/legitgrams.com\/#organization\",\"name\":\"Legit Grams\",\"url\":\"https:\/\/legitgrams.com\/\",\"logo\":{\"@type\":\"ImageObject\",\"inLanguage\":\"hu\",\"@id\":\"https:\/\/legitgrams.com\/#\/schema\/logo\/image\/\",\"url\":\"https:\/\/legitgrams.com\/wp-content\/uploads\/2024\/09\/main-logo.png\",\"contentUrl\":\"https:\/\/legitgrams.com\/wp-content\/uploads\/2024\/09\/main-logo.png\",\"width\":270,\"height\":75,\"caption\":\"Legit Grams\"},\"image\":{\"@id\":\"https:\/\/legitgrams.com\/#\/schema\/logo\/image\/\"}}]}<\/script>\n<!-- \/ Yoast SEO plugin. -->","yoast_head_json":{"title":"Acetil-fentanil por elad\u00f3 - V\u00e1s\u00e1roljon acetil-fentanil online","description":"Ha m\u00e9g nem pr\u00f3b\u00e1lta ki az acetil-fentanil port a LegitGrams \u00e1ruh\u00e1zunkb\u00f3l, akkor sokat vesz\u00edt. Seg\u00edt\u00fcnk \u00d6nnek megv\u00e1s\u00e1rolni az acetil fentanilt online olcs\u00f3 \u00e1ron. Get Acetyl Fentanyl por elad\u00f3 ma!","robots":{"index":"index","follow":"follow","max-snippet":"max-snippet:-1","max-image-preview":"max-image-preview:large","max-video-preview":"max-video-preview:-1"},"canonical":"https:\/\/legitgrams.com\/hu\/termek\/acetil-fentanil-por-99-tiszta\/","og_locale":"hu_HU","og_type":"article","og_title":"Acetyl Fentanyl Powder for Sale - Buy Acetyl Fentanyl Online","og_description":"If you have not tried acetyl fentanyl powder from our LegitGrams store, then you are missing a lot. We will help you buy acetyl fentanyl online at cheap rate. Get Acetyl Fentanyl Powder for sale today!","og_url":"https:\/\/legitgrams.com\/hu\/termek\/acetil-fentanil-por-99-tiszta\/","og_site_name":"Legit Grams","article_modified_time":"2025-04-04T08:23:53+00:00","og_image":[{"width":600,"height":600,"url":"https:\/\/legitgrams.com\/wp-content\/uploads\/2024\/09\/Buy-Acetyl-Fentanyl-Powder-99-Pure-online.jpg","type":"image\/jpeg"}],"twitter_card":"summary_large_image","twitter_misc":{"Becs\u00fclt olvas\u00e1si id\u0151":"2 perc"},"schema":{"@context":"https:\/\/schema.org","@graph":[{"@type":"WebPage","@id":"https:\/\/legitgrams.com\/product\/acetyl-fentanyl-powder-99-pure\/","url":"https:\/\/legitgrams.com\/product\/acetyl-fentanyl-powder-99-pure\/","name":"Acetil-fentanil por elad\u00f3 - V\u00e1s\u00e1roljon acetil-fentanil online","isPartOf":{"@id":"https:\/\/legitgrams.com\/#website"},"primaryImageOfPage":{"@id":"https:\/\/legitgrams.com\/product\/acetyl-fentanyl-powder-99-pure\/#primaryimage"},"image":{"@id":"https:\/\/legitgrams.com\/product\/acetyl-fentanyl-powder-99-pure\/#primaryimage"},"thumbnailUrl":"https:\/\/legitgrams.com\/wp-content\/uploads\/2024\/09\/Buy-Acetyl-Fentanyl-Powder-99-Pure-online.jpg","datePublished":"2024-09-21T07:22:56+00:00","dateModified":"2025-04-04T08:23:53+00:00","description":"Ha m\u00e9g nem pr\u00f3b\u00e1lta ki az acetil-fentanil port a LegitGrams \u00e1ruh\u00e1zunkb\u00f3l, akkor sokat vesz\u00edt. Seg\u00edt\u00fcnk \u00d6nnek megv\u00e1s\u00e1rolni az acetil fentanilt online olcs\u00f3 \u00e1ron. Get Acetyl Fentanyl por elad\u00f3 ma!","breadcrumb":{"@id":"https:\/\/legitgrams.com\/product\/acetyl-fentanyl-powder-99-pure\/#breadcrumb"},"inLanguage":"hu","potentialAction":[{"@type":"ReadAction","target":["https:\/\/legitgrams.com\/product\/acetyl-fentanyl-powder-99-pure\/"]}]},{"@type":"ImageObject","inLanguage":"hu","@id":"https:\/\/legitgrams.com\/product\/acetyl-fentanyl-powder-99-pure\/#primaryimage","url":"https:\/\/legitgrams.com\/wp-content\/uploads\/2024\/09\/Buy-Acetyl-Fentanyl-Powder-99-Pure-online.jpg","contentUrl":"https:\/\/legitgrams.com\/wp-content\/uploads\/2024\/09\/Buy-Acetyl-Fentanyl-Powder-99-Pure-online.jpg","width":600,"height":600,"caption":"Acetyl Fentanyl Powder for Sale"},{"@type":"BreadcrumbList","@id":"https:\/\/legitgrams.com\/product\/acetyl-fentanyl-powder-99-pure\/#breadcrumb","itemListElement":[{"@type":"ListItem","position":1,"name":"Home","item":"https:\/\/legitgrams.com\/"},{"@type":"ListItem","position":2,"name":"Shop","item":"https:\/\/legitgrams.com\/shop\/"},{"@type":"ListItem","position":3,"name":"Buy Acetyl Fentanyl Powder (99%+ Pure) Online"}]},{"@type":"WebSite","@id":"https:\/\/legitgrams.com\/#website","url":"https:\/\/legitgrams.com\/","name":"Legit Grams","description":"Az \u00e9n WordPress blogom","publisher":{"@id":"https:\/\/legitgrams.com\/#organization"},"potentialAction":[{"@type":"SearchAction","target":{"@type":"EntryPoint","urlTemplate":"https:\/\/legitgrams.com\/?s={search_term_string}"},"query-input":{"@type":"PropertyValueSpecification","valueRequired":true,"valueName":"search_term_string"}}],"inLanguage":"hu"},{"@type":"Organization","@id":"https:\/\/legitgrams.com\/#organization","name":"Legit Grams","url":"https:\/\/legitgrams.com\/","logo":{"@type":"ImageObject","inLanguage":"hu","@id":"https:\/\/legitgrams.com\/#\/schema\/logo\/image\/","url":"https:\/\/legitgrams.com\/wp-content\/uploads\/2024\/09\/main-logo.png","contentUrl":"https:\/\/legitgrams.com\/wp-content\/uploads\/2024\/09\/main-logo.png","width":270,"height":75,"caption":"Legit Grams"},"image":{"@id":"https:\/\/legitgrams.com\/#\/schema\/logo\/image\/"}}]}},"uagb_featured_image_src":{"full":["https:\/\/legitgrams.com\/wp-content\/uploads\/2024\/09\/Buy-Acetyl-Fentanyl-Powder-99-Pure-online.jpg",600,600,false],"thumbnail":["https:\/\/legitgrams.com\/wp-content\/uploads\/2024\/09\/Buy-Acetyl-Fentanyl-Powder-99-Pure-online-150x150.jpg",150,150,true],"medium":["https:\/\/legitgrams.com\/wp-content\/uploads\/2024\/09\/Buy-Acetyl-Fentanyl-Powder-99-Pure-online-300x300.jpg",300,300,true],"medium_large":["https:\/\/legitgrams.com\/wp-content\/uploads\/2024\/09\/Buy-Acetyl-Fentanyl-Powder-99-Pure-online.jpg",600,600,false],"large":["https:\/\/legitgrams.com\/wp-content\/uploads\/2024\/09\/Buy-Acetyl-Fentanyl-Powder-99-Pure-online.jpg",600,600,false],"1536x1536":["https:\/\/legitgrams.com\/wp-content\/uploads\/2024\/09\/Buy-Acetyl-Fentanyl-Powder-99-Pure-online.jpg",600,600,false],"2048x2048":["https:\/\/legitgrams.com\/wp-content\/uploads\/2024\/09\/Buy-Acetyl-Fentanyl-Powder-99-Pure-online.jpg",600,600,false],"trp-custom-language-flag":["https:\/\/legitgrams.com\/wp-content\/uploads\/2024\/09\/Buy-Acetyl-Fentanyl-Powder-99-Pure-online-12x12.jpg",12,12,true],"woocommerce_thumbnail":["https:\/\/legitgrams.com\/wp-content\/uploads\/2024\/09\/Buy-Acetyl-Fentanyl-Powder-99-Pure-online-300x300.jpg",300,300,true],"woocommerce_single":["https:\/\/legitgrams.com\/wp-content\/uploads\/2024\/09\/Buy-Acetyl-Fentanyl-Powder-99-Pure-online.jpg",600,600,false],"woocommerce_gallery_thumbnail":["https:\/\/legitgrams.com\/wp-content\/uploads\/2024\/09\/Buy-Acetyl-Fentanyl-Powder-99-Pure-online-100x100.jpg",100,100,true]},"uagb_author_info":{"display_name":"cokeblog18","author_link":"https:\/\/legitgrams.com\/hu\/author\/"},"uagb_comment_info":0,"uagb_excerpt":"Acetyl Fentanyl Powder (99%+ Pure) for Online Purchase Obtain acetyl fentanyl powder. It is classified as an opioid and has five times the potency of heroin. It is used to treat chronic, severe pain that cannot be controlled with other medications. This drug works well as a narcotic analgesic. Buy powdered acetylfentanyl that is 99%+&hellip;","_links":{"self":[{"href":"https:\/\/legitgrams.com\/hu\/wp-json\/wp\/v2\/product\/3989","targetHints":{"allow":["GET"]}}],"collection":[{"href":"https:\/\/legitgrams.com\/hu\/wp-json\/wp\/v2\/product"}],"about":[{"href":"https:\/\/legitgrams.com\/hu\/wp-json\/wp\/v2\/types\/product"}],"replies":[{"embeddable":true,"href":"https:\/\/legitgrams.com\/hu\/wp-json\/wp\/v2\/comments?post=3989"}],"wp:featuredmedia":[{"embeddable":true,"href":"https:\/\/legitgrams.com\/hu\/wp-json\/wp\/v2\/media\/5264"}],"wp:attachment":[{"href":"https:\/\/legitgrams.com\/hu\/wp-json\/wp\/v2\/media?parent=3989"}],"wp:term":[{"taxonomy":"product_brand","embeddable":true,"href":"https:\/\/legitgrams.com\/hu\/wp-json\/wp\/v2\/product_brand?post=3989"},{"taxonomy":"product_cat","embeddable":true,"href":"https:\/\/legitgrams.com\/hu\/wp-json\/wp\/v2\/product_cat?post=3989"},{"taxonomy":"product_tag","embeddable":true,"href":"https:\/\/legitgrams.com\/hu\/wp-json\/wp\/v2\/product_tag?post=3989"}],"curies":[{"name":"wp","href":"https:\/\/api.w.org\/{rel}","templated":true}]}}