{"id":4003,"date":"2024-09-21T07:43:45","date_gmt":"2024-09-21T07:43:45","guid":{"rendered":"https:\/\/legitgrams.com\/?post_type=product&#038;p=4003"},"modified":"2025-01-13T09:14:46","modified_gmt":"2025-01-13T09:14:46","slug":"ald-52-blotters-100mcg","status":"publish","type":"product","link":"https:\/\/legitgrams.com\/hu\/termek\/ald-52-blotters-100mcg\/","title":{"rendered":"ALD-52 Blotters 100mcg"},"content":{"rendered":"<h2>100mcg ALD-52 Blotter elad\u00f3<\/h2>\n<p>Az ALD-52 t\u00f6rt\u00e9net\u00e9nek k\u00e9sleltet\u00e9s\u00e9hez sz\u00fcks\u00e9ges t\u00f6bb kutat\u00e1si anyag \u00e9s az egyedi ALD-52 nevek kombin\u00e1ci\u00f3ja az ALD-52-t egyed\u00fcl\u00e1ll\u00f3 gy\u00f3gyszerr\u00e9 teszi. Kutat\u00f3k <a href=\"https:\/\/legitgrams.com\/hu\/termek\/ald-52-blotters-100mcg\/\">v\u00e1s\u00e1roljon ALD-52-t online<\/a> gy\u00f3gy\u00e1szati, rekre\u00e1ci\u00f3s \u00e9s vizsg\u00e1lati ter\u00fcleteken t\u00f6rt\u00e9n\u0151 felhaszn\u00e1l\u00e1sra. Az ALD-52 pszichotr\u00f3p attrib\u00fatumok vitathatatlann\u00e1 tett\u00e9k a laborat\u00f3riumi szem\u00e9lyzet \u00e9s a t\u00e9ma szak\u00e9rt\u0151i k\u00f6r\u00e9ben. Annak \u00e9rdek\u00e9ben, hogy el\u00e9gedettek, izgatottak legyenek, energiaszintje magas maradjon, \u00e9s t\u00f6bb szexu\u00e1lis \u00e9letet \u00e9lhessen, sok rendszeres fogyaszt\u00f3 \u00fagy d\u00f6nt, hogy hozz\u00e1f\u00e9rhet\u0151 \u00e1rut v\u00e1s\u00e1rol.<\/p>\n<p>Vegye figyelembe, hogy a teljesen szab\u00e1lyozott gy\u0171jt\u00e9si folyamathoz v\u00e1lassza a legjobb fejleszt\u00e9si technik\u00e1val k\u00e9sz\u00fclt ALD-52-t. Az \u00e9vek sor\u00e1n el\u00e9rt kutat\u00e1si eredm\u00e9nyek lehet\u0151v\u00e9 tett\u00e9k a k\u00e9zm\u0171vess\u00e9g szintj\u00e9nek szab\u00e1lyoz\u00e1s\u00e1t a k\u00ednai laborat\u00f3riumokban, amelyek az el\u0151\u00e1ll\u00edtott kever\u00e9kek elad\u00e1sra k\u00edn\u00e1l\u00e1s\u00e1val \u00e1ll\u00edtanak el\u0151 minden zuhanys\u00f3t.<\/p>\n<p>V\u00e1llalatunk vezet\u0151 besz\u00e1ll\u00edt\u00f3k\u00e9nt k\u00f6zvetlen\u00fcl egy\u00fcttm\u0171k\u00f6dik tekint\u00e9lyes k\u00ednai szervezetekkel. Lehet\u0151v\u00e9 teszi a legjobb min\u0151s\u00e9g\u0171 \u00e9s t\u00f6k\u00e9letes zuhanys\u00f3k cser\u00e9j\u00e9t. <a href=\"https:\/\/en.wikipedia.org\/wiki\/ALD-52\">ALD-52<\/a> szigor\u00fa fel\u00fcgyelet mellett \u00e9s minden elvnek megfelel\u0151en keverik. a legjobb aj\u00e1nlat kiv\u00e1laszt\u00e1sa a legjobb webhelyen kutat\u00e1si c\u00e9l\u00fa anyagok v\u00e1s\u00e1rl\u00e1s\u00e1hoz, gondosan m\u00e9rlegelve az el\u00e9rhet\u0151 legfrissebb, legmegb\u00edzhat\u00f3bb inform\u00e1ci\u00f3kat. A k\u00ednai laborat\u00f3riumok ALD-52 pelleteket, ALD-52 blotting fel\u00fcleteket \u00e9s ALD-52 porokat sz\u00e1ll\u00edtanak. Az ALD-52 sz\u00e1ll\u00edt\u00f3 b\u00e1rmely orsz\u00e1gba sz\u00e1ll\u00edthat. Biztos lehet benne, hogy tesztjei \u00e9s vizsg\u00e1latai jelent\u0151s k\u00e9sleltetett k\u00f6vetkezm\u00e9nyekkel j\u00e1rnak, ha szorosan egy\u00fcttm\u0171k\u00f6dik megb\u00edzhat\u00f3 ALD-52 szolg\u00e1ltat\u00f3kkal. <a href=\"https:\/\/legitgrams.com\/hu\/\">LegitGrams<\/a><\/p>\n<p>A besz\u00e1ll\u00edt\u00f3 hossz\u00fa ideje megb\u00edzhat\u00f3 gy\u00e1rt\u00f3 az \u00e9rt\u00e9kel\u0151 vegyszerekben. Az \u00fcgyfelek a teljes reschems h\u00e1l\u00f3zaton hozz\u00e1j\u00e1rultak a webhely kiv\u00e1l\u00f3 h\u00edrnev\u00e9hez. Elad\u00f3 Ald-52, v\u00e1s\u00e1rolni ald-52-t, v\u00e1s\u00e1rolni ald-52-t, v\u00e1s\u00e1rolni ald-52-t J\u00f3 h\u00edr\u0171 RC-besz\u00e1ll\u00edt\u00f3k \u00e9jjel-nappal \u00e9l\u0151 chat-seg\u00edts\u00e9get k\u00edn\u00e1lnak tapasztalt vezet\u0151kt\u0151l, akik b\u00e1rmilyen neh\u00e9z k\u00f6r\u00fclm\u00e9ny eset\u00e9n seg\u00edthetnek \u00d6nnek.<\/p>\n<p>\u00dcgyfeleink pozit\u00edv megjegyz\u00e9sei a j\u00f3l megtervezett, el\u00e9rhet\u0151 s\u00falyosb\u00edt\u00e1sainkkal kapcsolatban online chaten tal\u00e1lhat\u00f3k. Ezek a fogyaszt\u00f3k jelenleg el\u00e9gedettek az online \u00e1ruh\u00e1zunkb\u00f3l valaha v\u00e1s\u00e1rolt legjobb dolgokkal, valamint a kapott seg\u00edts\u00e9ggel.<\/p>\n<p>V\u00e1s\u00e1roljon ALD-52 itat\u00f3t online: V\u00e1s\u00e1roljon ALD-52 itat\u00f3t | V\u00e1s\u00e1roljon ALD-52 Blotters | V\u00e1s\u00e1roljon ALD-52 Blotters | Hol kaphat\u00f3 ALD-52 blotterek | ALD-52 blotterek elad\u00f3k | Blotterek elad\u00f3k | V\u00e1s\u00e1roljon ALD-52 Blotters | V\u00e1s\u00e1roljon ALD-52 blottereket online | V\u00e1s\u00e1roljon ALD-52 blottereket az Egyes\u00fclt \u00c1llamokban, Kanad\u00e1ban \u00e9s az Egyes\u00fclt Kir\u00e1lys\u00e1gban, online v\u00e1s\u00e1rl\u00e1s, besz\u00e1ll\u00edt\u00f3k, biztons\u00e1gos sz\u00e1ll\u00edt\u00e1s, az ALD-52 blotterek tov\u00e1bbra is el\u00e9rhet\u0151k. Hogyan rendelhetek ALD-52 blottereket, leg\u00e1lisak Kanad\u00e1ban, \u00e9s leg\u00e1lisak megv\u00e1s\u00e1rolhat\u00f3k az Egyes\u00fclt \u00c1llamokban?<\/p>","protected":false},"excerpt":{"rendered":"<p>100mcg of ALD-52 Blotters for Sale The combination of multiple research substances that are required to delay ALD-52 history and unique ALD-52 names makes ALD-52 a unique drug. Researchers buy ALD-52 online for use in the medicinal, recreational, and investigative fields. ALD-52 psychotropic attributions made it indisputable among lab staff and subject matter experts. In &hellip;<\/p>\n<p class=\"read-more\"> <a class=\"\" href=\"https:\/\/legitgrams.com\/hu\/termek\/ald-52-blotters-100mcg\/\"> <span class=\"screen-reader-text\">ALD-52 Blotters 100mcg<\/span> Olvass tov\u00e1bb \"<\/a><\/p>","protected":false},"featured_media":5266,"comment_status":"open","ping_status":"closed","template":"","meta":{"_uag_custom_page_level_css":"","site-sidebar-layout":"default","site-content-layout":"default","ast-global-header-display":"","ast-main-header-display":"","ast-hfb-above-header-display":"","ast-hfb-below-header-display":"","ast-hfb-mobile-header-display":"","site-post-title":"","ast-breadcrumbs-content":"","ast-featured-img":"","footer-sml-layout":"","theme-transparent-header-meta":"default","adv-header-id-meta":"","stick-header-meta":"default","header-above-stick-meta":"","header-main-stick-meta":"","header-below-stick-meta":"","_joinchat":[]},"product_brand":[],"product_cat":[600],"product_tag":[2996,3000,2999,3007,2998,3008,3010,3017,3018,3016,3013,3015,3005,617,2997,3012,3009,3004,3002,3014,3011,625,3003,3006,3001],"class_list":{"0":"post-4003","1":"product","2":"type-product","3":"status-publish","4":"has-post-thumbnail","6":"product_cat-research-chemicals-and-bath-salt","7":"product_tag-ald-52-blotters-100mcg","8":"product_tag-ald-52-blotters-100mcg-ald-52-blotters-100mcg-supplier","9":"product_tag-ald-52-blotters-100mcg-for-sale","10":"product_tag-ald-52-blotters-100mcg-legally","11":"product_tag-ald-52-blotters-100mcg-online","12":"product_tag-ald-52-blotters-100mcg-price","13":"product_tag-ald-52-blotters-100mcg-store","14":"product_tag-ald-52-blotters-100mcg-use","15":"product_tag-ald-52-blotters-100mcg-wiki","16":"product_tag-ald-52-blotters-100mcg-worldwide","17":"product_tag-ald-52-blotters-100mcgs","18":"product_tag-best-cheap-price-ald-52-blotters-100mcg","19":"product_tag-best-place-to-buy-ald-52-blotters-100mcg","20":"product_tag-bulk-online","21":"product_tag-buy-ald-52-blotters-100mcg","22":"product_tag-cheap-ald-52-blotters-100mcg","23":"product_tag-high-quality-ald-52-blotters-100mcg","24":"product_tag-how-to-buy-ald-52-blotters-100mcg","25":"product_tag-order-ald-52-blotters-100mcg","26":"product_tag-purcharse-ald-52-blotters-100mcg","27":"product_tag-shop-ald-52-blotters-100mcg","28":"product_tag-top-quality","29":"product_tag-where-to-buy-ald-52-blotters-100mcg","30":"product_tag-where-to-order-ald-52-blotters-100mcg","31":"product_tag-wholesale-ald-52-blotters-100mcg","32":"desktop-align-left","33":"tablet-align-left","34":"mobile-align-left","35":"ast-product-gallery-layout-horizontal","36":"ast-product-gallery-with-no-image","37":"ast-product-single-variable","38":"ast-product-tabs-layout-horizontal","39":"ast-qv-on-image","41":"first","42":"instock","43":"shipping-taxable","44":"purchasable","45":"product-type-variable"},"yoast_head":"<!-- This site is optimized with the Yoast SEO plugin v25.9 - https:\/\/yoast.com\/wordpress\/plugins\/seo\/ -->\n<title>ALD-52 Blotters 100mcg for Sale - Buy ALD-52 Blotters Online<\/title>\n<meta name=\"description\" content=\"Here is the chance to grab ALD-52 Blotters 100mcg for sale at cheap price. Our online LegitGrams store is selling to buy ALD-52 Blotters 100mcg worldwide. Order ALD-52 Blotters 100mcg Online Today!\" \/>\n<meta name=\"robots\" content=\"index, follow, max-snippet:-1, max-image-preview:large, max-video-preview:-1\" \/>\n<link rel=\"canonical\" href=\"https:\/\/legitgrams.com\/hu\/termek\/ald-52-blotters-100mcg\/\" \/>\n<meta property=\"og:locale\" content=\"hu_HU\" \/>\n<meta property=\"og:type\" content=\"article\" \/>\n<meta property=\"og:title\" content=\"ALD-52 Blotters 100mcg for Sale - Buy ALD-52 Blotters Online\" \/>\n<meta property=\"og:description\" content=\"Here is the chance to grab ALD-52 Blotters 100mcg for sale at cheap price. Our online LegitGrams store is selling to buy ALD-52 Blotters 100mcg worldwide. Order ALD-52 Blotters 100mcg Online Today!\" \/>\n<meta property=\"og:url\" content=\"https:\/\/legitgrams.com\/hu\/termek\/ald-52-blotters-100mcg\/\" \/>\n<meta property=\"og:site_name\" content=\"Legit Grams\" \/>\n<meta property=\"article:modified_time\" content=\"2025-01-13T09:14:46+00:00\" \/>\n<meta property=\"og:image\" content=\"https:\/\/legitgrams.com\/wp-content\/uploads\/2024\/09\/ald-52-blotters.jpg\" \/>\n\t<meta property=\"og:image:width\" content=\"600\" \/>\n\t<meta property=\"og:image:height\" content=\"600\" \/>\n\t<meta property=\"og:image:type\" content=\"image\/jpeg\" \/>\n<meta name=\"twitter:card\" content=\"summary_large_image\" \/>\n<meta name=\"twitter:label1\" content=\"Becs\u00fclt olvas\u00e1si id\u0151\" \/>\n\t<meta name=\"twitter:data1\" content=\"2 perc\" \/>\n<script type=\"application\/ld+json\" class=\"yoast-schema-graph\">{\"@context\":\"https:\/\/schema.org\",\"@graph\":[{\"@type\":\"WebPage\",\"@id\":\"https:\/\/legitgrams.com\/product\/ald-52-blotters-100mcg\/\",\"url\":\"https:\/\/legitgrams.com\/product\/ald-52-blotters-100mcg\/\",\"name\":\"ALD-52 Blotters 100mcg for Sale - Buy ALD-52 Blotters Online\",\"isPartOf\":{\"@id\":\"https:\/\/legitgrams.com\/#website\"},\"primaryImageOfPage\":{\"@id\":\"https:\/\/legitgrams.com\/product\/ald-52-blotters-100mcg\/#primaryimage\"},\"image\":{\"@id\":\"https:\/\/legitgrams.com\/product\/ald-52-blotters-100mcg\/#primaryimage\"},\"thumbnailUrl\":\"https:\/\/legitgrams.com\/wp-content\/uploads\/2024\/09\/ald-52-blotters.jpg\",\"datePublished\":\"2024-09-21T07:43:45+00:00\",\"dateModified\":\"2025-01-13T09:14:46+00:00\",\"description\":\"Here is the chance to grab ALD-52 Blotters 100mcg for sale at cheap price. Our online LegitGrams store is selling to buy ALD-52 Blotters 100mcg worldwide. Order ALD-52 Blotters 100mcg Online Today!\",\"breadcrumb\":{\"@id\":\"https:\/\/legitgrams.com\/product\/ald-52-blotters-100mcg\/#breadcrumb\"},\"inLanguage\":\"hu\",\"potentialAction\":[{\"@type\":\"ReadAction\",\"target\":[\"https:\/\/legitgrams.com\/product\/ald-52-blotters-100mcg\/\"]}]},{\"@type\":\"ImageObject\",\"inLanguage\":\"hu\",\"@id\":\"https:\/\/legitgrams.com\/product\/ald-52-blotters-100mcg\/#primaryimage\",\"url\":\"https:\/\/legitgrams.com\/wp-content\/uploads\/2024\/09\/ald-52-blotters.jpg\",\"contentUrl\":\"https:\/\/legitgrams.com\/wp-content\/uploads\/2024\/09\/ald-52-blotters.jpg\",\"width\":600,\"height\":600,\"caption\":\"ALD-52 Blotters 100mcg for Sale\"},{\"@type\":\"BreadcrumbList\",\"@id\":\"https:\/\/legitgrams.com\/product\/ald-52-blotters-100mcg\/#breadcrumb\",\"itemListElement\":[{\"@type\":\"ListItem\",\"position\":1,\"name\":\"Home\",\"item\":\"https:\/\/legitgrams.com\/\"},{\"@type\":\"ListItem\",\"position\":2,\"name\":\"Shop\",\"item\":\"https:\/\/legitgrams.com\/shop\/\"},{\"@type\":\"ListItem\",\"position\":3,\"name\":\"ALD-52 Blotters 100mcg\"}]},{\"@type\":\"WebSite\",\"@id\":\"https:\/\/legitgrams.com\/#website\",\"url\":\"https:\/\/legitgrams.com\/\",\"name\":\"Legit Grams\",\"description\":\"My WordPress Blog\",\"publisher\":{\"@id\":\"https:\/\/legitgrams.com\/#organization\"},\"potentialAction\":[{\"@type\":\"SearchAction\",\"target\":{\"@type\":\"EntryPoint\",\"urlTemplate\":\"https:\/\/legitgrams.com\/?s={search_term_string}\"},\"query-input\":{\"@type\":\"PropertyValueSpecification\",\"valueRequired\":true,\"valueName\":\"search_term_string\"}}],\"inLanguage\":\"hu\"},{\"@type\":\"Organization\",\"@id\":\"https:\/\/legitgrams.com\/#organization\",\"name\":\"Legit Grams\",\"url\":\"https:\/\/legitgrams.com\/\",\"logo\":{\"@type\":\"ImageObject\",\"inLanguage\":\"hu\",\"@id\":\"https:\/\/legitgrams.com\/#\/schema\/logo\/image\/\",\"url\":\"https:\/\/legitgrams.com\/wp-content\/uploads\/2024\/09\/main-logo.png\",\"contentUrl\":\"https:\/\/legitgrams.com\/wp-content\/uploads\/2024\/09\/main-logo.png\",\"width\":270,\"height\":75,\"caption\":\"Legit Grams\"},\"image\":{\"@id\":\"https:\/\/legitgrams.com\/#\/schema\/logo\/image\/\"}}]}<\/script>\n<!-- \/ Yoast SEO plugin. -->","yoast_head_json":{"title":"ALD-52 Blotters 100mcg elad\u00f3 - ALD-52 Blotters online v\u00e1s\u00e1rl\u00e1s","description":"Itt a lehet\u0151s\u00e9g, hogy olcs\u00f3n megv\u00e1s\u00e1rolja az ALD-52 Blotters 100mcg-ot. Az online LegitGrams \u00e1ruh\u00e1zunkban az ALD-52 Blotters 100mcg vil\u00e1gszerte megv\u00e1s\u00e1rolhat\u00f3. Rendelje ALD-52 Blotters 100mcg Online ma!","robots":{"index":"index","follow":"follow","max-snippet":"max-snippet:-1","max-image-preview":"max-image-preview:large","max-video-preview":"max-video-preview:-1"},"canonical":"https:\/\/legitgrams.com\/hu\/termek\/ald-52-blotters-100mcg\/","og_locale":"hu_HU","og_type":"article","og_title":"ALD-52 Blotters 100mcg for Sale - Buy ALD-52 Blotters Online","og_description":"Here is the chance to grab ALD-52 Blotters 100mcg for sale at cheap price. Our online LegitGrams store is selling to buy ALD-52 Blotters 100mcg worldwide. Order ALD-52 Blotters 100mcg Online Today!","og_url":"https:\/\/legitgrams.com\/hu\/termek\/ald-52-blotters-100mcg\/","og_site_name":"Legit Grams","article_modified_time":"2025-01-13T09:14:46+00:00","og_image":[{"width":600,"height":600,"url":"https:\/\/legitgrams.com\/wp-content\/uploads\/2024\/09\/ald-52-blotters.jpg","type":"image\/jpeg"}],"twitter_card":"summary_large_image","twitter_misc":{"Becs\u00fclt olvas\u00e1si id\u0151":"2 perc"},"schema":{"@context":"https:\/\/schema.org","@graph":[{"@type":"WebPage","@id":"https:\/\/legitgrams.com\/product\/ald-52-blotters-100mcg\/","url":"https:\/\/legitgrams.com\/product\/ald-52-blotters-100mcg\/","name":"ALD-52 Blotters 100mcg elad\u00f3 - ALD-52 Blotters online v\u00e1s\u00e1rl\u00e1s","isPartOf":{"@id":"https:\/\/legitgrams.com\/#website"},"primaryImageOfPage":{"@id":"https:\/\/legitgrams.com\/product\/ald-52-blotters-100mcg\/#primaryimage"},"image":{"@id":"https:\/\/legitgrams.com\/product\/ald-52-blotters-100mcg\/#primaryimage"},"thumbnailUrl":"https:\/\/legitgrams.com\/wp-content\/uploads\/2024\/09\/ald-52-blotters.jpg","datePublished":"2024-09-21T07:43:45+00:00","dateModified":"2025-01-13T09:14:46+00:00","description":"Itt a lehet\u0151s\u00e9g, hogy olcs\u00f3n megv\u00e1s\u00e1rolja az ALD-52 Blotters 100mcg-ot. Az online LegitGrams \u00e1ruh\u00e1zunkban az ALD-52 Blotters 100mcg vil\u00e1gszerte megv\u00e1s\u00e1rolhat\u00f3. Rendelje ALD-52 Blotters 100mcg Online ma!","breadcrumb":{"@id":"https:\/\/legitgrams.com\/product\/ald-52-blotters-100mcg\/#breadcrumb"},"inLanguage":"hu","potentialAction":[{"@type":"ReadAction","target":["https:\/\/legitgrams.com\/product\/ald-52-blotters-100mcg\/"]}]},{"@type":"ImageObject","inLanguage":"hu","@id":"https:\/\/legitgrams.com\/product\/ald-52-blotters-100mcg\/#primaryimage","url":"https:\/\/legitgrams.com\/wp-content\/uploads\/2024\/09\/ald-52-blotters.jpg","contentUrl":"https:\/\/legitgrams.com\/wp-content\/uploads\/2024\/09\/ald-52-blotters.jpg","width":600,"height":600,"caption":"ALD-52 Blotters 100mcg for Sale"},{"@type":"BreadcrumbList","@id":"https:\/\/legitgrams.com\/product\/ald-52-blotters-100mcg\/#breadcrumb","itemListElement":[{"@type":"ListItem","position":1,"name":"Home","item":"https:\/\/legitgrams.com\/"},{"@type":"ListItem","position":2,"name":"Shop","item":"https:\/\/legitgrams.com\/shop\/"},{"@type":"ListItem","position":3,"name":"ALD-52 Blotters 100mcg"}]},{"@type":"WebSite","@id":"https:\/\/legitgrams.com\/#website","url":"https:\/\/legitgrams.com\/","name":"Legit Grams","description":"Az \u00e9n WordPress blogom","publisher":{"@id":"https:\/\/legitgrams.com\/#organization"},"potentialAction":[{"@type":"SearchAction","target":{"@type":"EntryPoint","urlTemplate":"https:\/\/legitgrams.com\/?s={search_term_string}"},"query-input":{"@type":"PropertyValueSpecification","valueRequired":true,"valueName":"search_term_string"}}],"inLanguage":"hu"},{"@type":"Organization","@id":"https:\/\/legitgrams.com\/#organization","name":"Legit Grams","url":"https:\/\/legitgrams.com\/","logo":{"@type":"ImageObject","inLanguage":"hu","@id":"https:\/\/legitgrams.com\/#\/schema\/logo\/image\/","url":"https:\/\/legitgrams.com\/wp-content\/uploads\/2024\/09\/main-logo.png","contentUrl":"https:\/\/legitgrams.com\/wp-content\/uploads\/2024\/09\/main-logo.png","width":270,"height":75,"caption":"Legit Grams"},"image":{"@id":"https:\/\/legitgrams.com\/#\/schema\/logo\/image\/"}}]}},"uagb_featured_image_src":{"full":["https:\/\/legitgrams.com\/wp-content\/uploads\/2024\/09\/ald-52-blotters.jpg",600,600,false],"thumbnail":["https:\/\/legitgrams.com\/wp-content\/uploads\/2024\/09\/ald-52-blotters-150x150.jpg",150,150,true],"medium":["https:\/\/legitgrams.com\/wp-content\/uploads\/2024\/09\/ald-52-blotters-300x300.jpg",300,300,true],"medium_large":["https:\/\/legitgrams.com\/wp-content\/uploads\/2024\/09\/ald-52-blotters.jpg",600,600,false],"large":["https:\/\/legitgrams.com\/wp-content\/uploads\/2024\/09\/ald-52-blotters.jpg",600,600,false],"1536x1536":["https:\/\/legitgrams.com\/wp-content\/uploads\/2024\/09\/ald-52-blotters.jpg",600,600,false],"2048x2048":["https:\/\/legitgrams.com\/wp-content\/uploads\/2024\/09\/ald-52-blotters.jpg",600,600,false],"trp-custom-language-flag":["https:\/\/legitgrams.com\/wp-content\/uploads\/2024\/09\/ald-52-blotters-12x12.jpg",12,12,true],"woocommerce_thumbnail":["https:\/\/legitgrams.com\/wp-content\/uploads\/2024\/09\/ald-52-blotters-300x300.jpg",300,300,true],"woocommerce_single":["https:\/\/legitgrams.com\/wp-content\/uploads\/2024\/09\/ald-52-blotters.jpg",600,600,false],"woocommerce_gallery_thumbnail":["https:\/\/legitgrams.com\/wp-content\/uploads\/2024\/09\/ald-52-blotters-100x100.jpg",100,100,true]},"uagb_author_info":{"display_name":"cokeblog18","author_link":"https:\/\/legitgrams.com\/hu\/author\/"},"uagb_comment_info":0,"uagb_excerpt":"100mcg of ALD-52 Blotters for Sale The combination of multiple research substances that are required to delay ALD-52 history and unique ALD-52 names makes ALD-52 a unique drug. Researchers buy ALD-52 online for use in the medicinal, recreational, and investigative fields. ALD-52 psychotropic attributions made it indisputable among lab staff and subject matter experts. In&hellip;","_links":{"self":[{"href":"https:\/\/legitgrams.com\/hu\/wp-json\/wp\/v2\/product\/4003","targetHints":{"allow":["GET"]}}],"collection":[{"href":"https:\/\/legitgrams.com\/hu\/wp-json\/wp\/v2\/product"}],"about":[{"href":"https:\/\/legitgrams.com\/hu\/wp-json\/wp\/v2\/types\/product"}],"replies":[{"embeddable":true,"href":"https:\/\/legitgrams.com\/hu\/wp-json\/wp\/v2\/comments?post=4003"}],"wp:featuredmedia":[{"embeddable":true,"href":"https:\/\/legitgrams.com\/hu\/wp-json\/wp\/v2\/media\/5266"}],"wp:attachment":[{"href":"https:\/\/legitgrams.com\/hu\/wp-json\/wp\/v2\/media?parent=4003"}],"wp:term":[{"taxonomy":"product_brand","embeddable":true,"href":"https:\/\/legitgrams.com\/hu\/wp-json\/wp\/v2\/product_brand?post=4003"},{"taxonomy":"product_cat","embeddable":true,"href":"https:\/\/legitgrams.com\/hu\/wp-json\/wp\/v2\/product_cat?post=4003"},{"taxonomy":"product_tag","embeddable":true,"href":"https:\/\/legitgrams.com\/hu\/wp-json\/wp\/v2\/product_tag?post=4003"}],"curies":[{"name":"wp","href":"https:\/\/api.w.org\/{rel}","templated":true}]}}