{"id":4005,"date":"2024-09-21T07:58:51","date_gmt":"2024-09-21T07:58:51","guid":{"rendered":"https:\/\/legitgrams.com\/?post_type=product&#038;p=4005"},"modified":"2025-04-04T07:07:15","modified_gmt":"2025-04-04T07:07:15","slug":"hi-tech-kohoges-elleni-szirup","status":"publish","type":"product","link":"https:\/\/legitgrams.com\/hu\/termek\/hi-tech-kohoges-elleni-szirup\/","title":{"rendered":"V\u00e1s\u00e1roljon Hi-Tech k\u00f6h\u00f6g\u00e9s elleni szirupot online"},"content":{"rendered":"<h2>Hi-Tech k\u00f6h\u00f6g\u00e9s elleni szirup v\u00e1s\u00e1rl\u00e1sa online<\/h2>\n<p>Szerezd meg a  c\u00edmet. <a href=\"https:\/\/legitgrams.com\/hu\/termek\/hi-tech-kohoges-elleni-szirup\/\">high-tech k\u00f6h\u00f6g\u00e9s elleni szirup<\/a> online nagyon kedvez\u0151 \u00e1ron. kokaint is v\u00e1s\u00e1rol, hogy tov\u00e1bbadja. A GHB az \u00e1ltalunk forgalmazott sok gy\u00f3gyszer \u00e9s stimul\u00e1ns k\u00f6z\u00f6tt szerepel.<\/p>\n<p>Do you like palatables but think they&#8217;re too slow to get going? Because of its flavor and strength, <a href=\"https:\/\/www.bing.com\/search?q=VsroljonHi-Techkhgselleniszirupotonline&amp;qs=n&amp;form=QBRE&amp;sp=-1&amp;lq=0&amp;pq=hi-tech&amp;sc=1-17&amp;sk=&amp;cvid=5EBCB732F9B340CCAB0937BB90B476F7&amp;ghsh=0&amp;ghacc=0&amp;ghpl=\">THC szirup<\/a> lehet az \u00faj kedvenc f\u00e1jdalomcsillap\u00edt\u00f3 gy\u00f3gyszered.<\/p>\n<p>Azok sz\u00e1m\u00e1ra, akik ter\u00e1pi\u00e1s \u00e9s rekre\u00e1ci\u00f3s c\u00e9lokat keresnek, a kannabiszszirup nagyszer\u0171. Hat\u00e9kony, er\u0151teljes \u00e9s k\u00f6r\u00fcltekint\u0151en haszn\u00e1lhat\u00f3; \u00e1ltal\u00e1ban 20-30 percet vesz ig\u00e9nybe a munka megkezd\u00e9se. Egyszer\u0171en fel kell vennie az adagot, \u00e9s bele kell tennie b\u00e1rmilyen \u00e9telbe vagy italba. M\u00e1sr\u00e9szt szer\u00e9ny mennyis\u00e9get k\u00f6nny\u0171 bevenni. Ilyen egyszer\u0171!<\/p>\n<h2><span style=\"font-size: 16px; font-style: normal; font-weight: 400;\">cs\u00facstechnol\u00f3gi\u00e1s k\u00f6h\u00f6g\u00e9s elleni szirup, pr\u00e9mium k\u00f6h\u00f6g\u00e9s elleni szirup, pr\u00e9mium k\u00f6h\u00f6g\u00e9s elleni szirup elad\u00f3, pr\u00e9mium k\u00f6h\u00f6g\u00e9s elleni szirup online, \u00e9s pr\u00e9mium k\u00f6h\u00f6g\u00e9s elleni szirup alacsony \u00e1ron. <a href=\"https:\/\/www.google.com\/search?q=Vsroljon+Hi-Tech+khgs+elleni+szirupot+online&amp;sca_esv=eddefdb7b92e7545&amp;sxsrf=AHTn8zqjBxE0ALG_p2ScAfLb8E14jyITBA1743751559751&amp;ei=h4nvZ7TGLfXk0PEPtrGIwQU&amp;ved=0ahUKEwj0pa7i7L2MAxV1MjQIHbYYIlgQ4dUDCBA&amp;uact=5&amp;oq=Vsroljon+Hi-Tech+khgs+elleni+szirupot+online&amp;gs_lp=Egxnd3Mtd2l6LXNlcnAiNlbDoXPDoXJvbGpvbiBIaS1UZWNoIGvDtmjDtmfDqXMgZWxsZW5pIHN6aXJ1cG90IG9ubGluZUiDBFAAWABwAHgAkAEAmAEAoAEAqgEAuAEDyAEA-AEC-AEBmAIAoAIAmAMAkgcAoAcAsgcAuAcA&amp;sclient=gws-wiz-serp\">THC szirup<\/a> egy javasolt m\u00f3dja annak, hogy kihaszn\u00e1lj\u00e1k ennek a val\u00f3ban figyelemre m\u00e9lt\u00f3 n\u00f6v\u00e9nynek az \u00f6sszes j\u00f3t\u00e9kony hat\u00e1s\u00e1t azok sz\u00e1m\u00e1ra, akik nem b\u00edrj\u00e1k elviselni a marihu\u00e1na sz\u00edv\u00e1s\u00e1nak gondolat\u00e1t, vagy akik t\u00fal betegek ahhoz, hogy egy\u00e1ltal\u00e1n fontol\u00f3ra vegy\u00e9k az \u00f6tletet. A CBD szirup el\u00e9rhet\u0151s\u00e9g\u00e9t \u00fcdv\u00f6z\u00f6ln\u00e9k az \u00f3vatos ter\u00e1pi\u00e1n r\u00e9szt vev\u0151 \u00fcgyfelek. Ez azonban egy m\u00e1sik essz\u00e9 t\u00e9m\u00e1ja! <a href=\"https:\/\/legitgrams.com\/hu\/\">LegitGrams<\/a><br \/>\n<\/span><\/h2>\n<h3>\u00c1tfog\u00f3 ir\u00e1nyelvek a THC szirup el\u0151\u00e1ll\u00edt\u00e1s\u00e1hoz<\/h3>\n<p>Ha egyszer\u0171 receptet keres a THC sziruphoz, ne keressen tov\u00e1bb. Csup\u00e1n n\u00e9h\u00e1ny alkatr\u00e9szb\u0151l \u00e9s kev\u00e9s felszerel\u00e9sb\u0151l biztosan lehet \u00f6ntenival\u00f3t k\u00e9sz\u00edteni <a href=\"https:\/\/duckduckgo.com\/?q=Vsroljon+Hi-Tech+khgs+elleni+szirupot+online&amp;t=h_&amp;ia=web\">THC szirup<\/a> otthon. A THC lehet a legegyszer\u0171bb anyag, amelyet saj\u00e1t maga k\u00e9sz\u00edthet el, mivel nem val\u00f3sz\u00edn\u0171, hogy b\u00e1rmilyen potenci\u00e1lisan k\u00e1ros szintetikus anyag kivonja a n\u00f6v\u00e9nyi anyagokb\u00f3l.<\/p>\n<p>A saj\u00e1t THC vegyes szirup elk\u00e9sz\u00edt\u00e9s\u00e9hez sz\u00fcks\u00e9ge lesz\u2026<\/p>\n<p>Aqua. Kb. 200 ml szirup b\u0151ven el\u00e9g. \u00c1ltal\u00e1ban k\u00e9s\u0151bb is k\u00e9sz\u00edthet t\u00f6bbet, mert a k\u00e9plet olyan k\u00f6nnyen k\u00f6vethet\u0151.<\/p>\n<p>Sz\u00e9p. Az, hogy mennyi ideig t\u00e1rolhatja a kannabiszszirupot a h\u0171t\u0151szekr\u00e9nyben, att\u00f3l f\u00fcgg, hogy mennyi cukrot haszn\u00e1l. A kapott szirupot k\u00f6r\u00fclbel\u00fcl h\u00e1rom h\u00f3napig t\u00e1rolhatja, ha k\u00e9t r\u00e9sz cukrot haszn\u00e1l egy r\u00e9sz v\u00edzhez. B\u00e1r nem \u00e1ll el sok\u00e1ig, de 1:1 ar\u00e1ny\u00fa szirup is k\u00e9sz\u00edthet\u0151.<\/p>\n<p>Valamilyen nyers dekarboxilezett THC term\u00e9knek kellene lennie (bloom, trim, shake, hash, olaj, break, wax), de b\u00e1rmi haszn\u00e1lhat\u00f3.<\/p>\n<h3>THC SZIRUP ADAGOL\u00c1S<\/h3>\n<p>Minden embernek nagyon elt\u00e9r\u0151 mennyis\u00e9g\u0171 THC-szirupja van. Kulcsfontoss\u00e1g\u00fa, hogy k\u00f6r\u00fcltekint\u0151en j\u00e1rjunk el, \u00e9s egyens\u00falyba hozzuk minden THC-tartalm\u00fa term\u00e9k erej\u00e9t annak erej\u00e9vel. Cs\u00facstechnol\u00f3gi\u00e1s k\u00f6h\u00f6g\u00e9s elleni szirup, cs\u00facstechnol\u00f3gi\u00e1s kannabiszszirup, alacsony k\u00f6lts\u00e9g\u0171 cs\u00facstechnol\u00f3gi\u00e1s k\u00f6h\u00f6g\u00e9s elleni szirup \u00e9s cs\u00facstechnol\u00f3gi\u00e1s k\u00f6h\u00f6g\u00e9s elleni szirup online<\/p>\n<p>A h\u00e1zi k\u00e9sz\u00edt\u00e9s\u0171 THC kevert szirupok h\u00e1tr\u00e1nya, hogy gyakran neh\u00e9z megmondani, mennyire koncentr\u00e1ltak. Ha ez aggasztja \u00d6nt, vagy egyszer\u0171en nem akarja b\u00f6ng\u00e9szni a legjobb aj\u00e1nlatainkat az al\u00e1bbi piacr\u00f3l, hogy elker\u00fclje a saj\u00e1t (kis) er\u0151fesz\u00edt\u00e9st.<\/p>\n<p>V\u00e1s\u00e1roljon <a href=\"https:\/\/en.wikipedia.org\/wiki\/High_tech\">Hi-Tech<\/a> K\u00f6h\u00f6g\u00e9s elleni szirup online: K\u00f6h\u00f6g\u00e9s elleni szirup v\u00e1s\u00e1rl\u00e1sa, Hi-Tech k\u00f6h\u00f6g\u00e9s elleni szirup v\u00e1s\u00e1rl\u00e1sa, k\u00f6h\u00f6g\u00e9s elleni szirup online v\u00e1s\u00e1rl\u00e1sa, Hi-Tech k\u00f6h\u00f6g\u00e9s elleni szirup v\u00e1s\u00e1rl\u00e1sa, Hol v\u00e1s\u00e1rolhat\u00f3 meg, Hogyan v\u00e1s\u00e1rolhatja meg online, Hogyan v\u00e1s\u00e1rolhatja meg az Egyes\u00fclt \u00c1llamokban, Kanad\u00e1ban \u00e9s az Egyes\u00fclt Kir\u00e1lys\u00e1g, Hogyan v\u00e1s\u00e1rolja meg online, Hol v\u00e1s\u00e1rolja meg, Sz\u00e1ll\u00edt\u00f3k, Biztons\u00e1gos sz\u00e1ll\u00edt\u00e1s, Hi-Tech k\u00f6h\u00f6g\u00e9s elleni szirup tov\u00e1bbra is el\u00e9rhet\u0151. Az Egyes\u00fclt \u00c1llamok enged\u00e9lyezi a Hi-Tech k\u00f6h\u00f6g\u00e9s elleni szirup v\u00e1s\u00e1rl\u00e1s\u00e1t? Mi a Hi-Tech k\u00f6h\u00f6g\u00e9s elleni szirup megrendel\u00e9s\u00e9nek folyamata? Kanad\u00e1ban ez leg\u00e1lis?<\/p>","protected":false},"excerpt":{"rendered":"<p>Purchase of Hi-Tech cough syrup Online Get high-tech cough syrup online for a very affordable price. also purchase cocaine to resell. GHB is among the many drugs and stimulants that we sell. Do you like palatables but think they&#8217;re too slow to get going? Because of its flavor and strength, THC syrup might become your &hellip;<\/p>\n<p class=\"read-more\"> <a class=\"\" href=\"https:\/\/legitgrams.com\/hu\/termek\/hi-tech-kohoges-elleni-szirup\/\"> <span class=\"screen-reader-text\">V\u00e1s\u00e1roljon Hi-Tech k\u00f6h\u00f6g\u00e9s elleni szirupot online<\/span> Olvass tov\u00e1bb \"<\/a><\/p>","protected":false},"featured_media":5344,"comment_status":"open","ping_status":"closed","template":"","meta":{"_uag_custom_page_level_css":"","site-sidebar-layout":"default","site-content-layout":"default","ast-global-header-display":"","ast-main-header-display":"","ast-hfb-above-header-display":"","ast-hfb-below-header-display":"","ast-hfb-mobile-header-display":"","site-post-title":"","ast-breadcrumbs-content":"","ast-featured-img":"","footer-sml-layout":"","theme-transparent-header-meta":"default","adv-header-id-meta":"","stick-header-meta":"default","header-above-stick-meta":"","header-main-stick-meta":"","header-below-stick-meta":"","_joinchat":[]},"product_brand":[],"product_cat":[603],"product_tag":[2969,2959,617,2951,2966,2950,2953,2954,2961,2952,2962,2964,2971,2972,2970,2967,2963,2958,2956,2968,2965,625,2957,2960,2955],"class_list":{"0":"post-4005","1":"product","2":"type-product","3":"status-publish","4":"has-post-thumbnail","6":"product_cat-cough-syrup","7":"product_tag-best-cheap-price-hi-tech-cough-syrup","8":"product_tag-best-place-to-buy-hi-tech-cough-syrup","9":"product_tag-bulk-online","10":"product_tag-buy-hi-tech-cough-syrup","11":"product_tag-cheap-hi-tech-cough-syrup","12":"product_tag-hi-tech-cough-syrup","13":"product_tag-hi-tech-cough-syrup-for-sale","14":"product_tag-hi-tech-cough-syrup-hi-tech-cough-syrup-supplier","15":"product_tag-hi-tech-cough-syrup-legally","16":"product_tag-hi-tech-cough-syrup-online","17":"product_tag-hi-tech-cough-syrup-price","18":"product_tag-hi-tech-cough-syrup-store","19":"product_tag-hi-tech-cough-syrup-use","20":"product_tag-hi-tech-cough-syrup-wiki","21":"product_tag-hi-tech-cough-syrup-worldwide","22":"product_tag-hi-tech-cough-syrups","23":"product_tag-high-quality-hi-tech-cough-syrup","24":"product_tag-how-to-buy-hi-tech-cough-syrup","25":"product_tag-order-hi-tech-cough-syrup","26":"product_tag-purcharse-hi-tech-cough-syrup","27":"product_tag-shop-hi-tech-cough-syrup","28":"product_tag-top-quality","29":"product_tag-where-to-buy-hi-tech-cough-syrup","30":"product_tag-where-to-order-hi-tech-cough-syrup","31":"product_tag-wholesale-hi-tech-cough-syrup","32":"desktop-align-left","33":"tablet-align-left","34":"mobile-align-left","35":"ast-product-gallery-layout-horizontal","36":"ast-product-gallery-with-no-image","37":"ast-product-single-variable","38":"ast-product-tabs-layout-horizontal","39":"ast-qv-on-image","41":"first","42":"instock","43":"shipping-taxable","44":"purchasable","45":"product-type-variable"},"yoast_head":"<!-- This site is optimized with the Yoast SEO plugin v25.9 - https:\/\/yoast.com\/wordpress\/plugins\/seo\/ -->\n<title>Hi-Tech Cough Syrup for Sale - Buy Hi-Tech Cough Syrup Online<\/title>\n<meta name=\"description\" content=\"Buy Hi-Tech Cough Syruponline from our trusted online store for top-quality products. Get Hi-Tech Cough Syrup for sale easily and securely on our platform for ultimate customer satisfaction. Order Now!\" \/>\n<meta name=\"robots\" content=\"index, follow, max-snippet:-1, max-image-preview:large, max-video-preview:-1\" \/>\n<link rel=\"canonical\" href=\"https:\/\/legitgrams.com\/hu\/termek\/hi-tech-kohoges-elleni-szirup\/\" \/>\n<meta property=\"og:locale\" content=\"hu_HU\" \/>\n<meta property=\"og:type\" content=\"article\" \/>\n<meta property=\"og:title\" content=\"Hi-Tech Cough Syrup for Sale - Buy Hi-Tech Cough Syrup Online\" \/>\n<meta property=\"og:description\" content=\"Buy Hi-Tech Cough Syruponline from our trusted online store for top-quality products. Get Hi-Tech Cough Syrup for sale easily and securely on our platform for ultimate customer satisfaction. Order Now!\" \/>\n<meta property=\"og:url\" content=\"https:\/\/legitgrams.com\/hu\/termek\/hi-tech-kohoges-elleni-szirup\/\" \/>\n<meta property=\"og:site_name\" content=\"Legit Grams\" \/>\n<meta property=\"article:modified_time\" content=\"2025-04-04T07:07:15+00:00\" \/>\n<meta property=\"og:image\" content=\"https:\/\/legitgrams.com\/wp-content\/uploads\/2024\/09\/buy-hi-tech-cough-syrup-online.jpg\" \/>\n\t<meta property=\"og:image:width\" content=\"600\" \/>\n\t<meta property=\"og:image:height\" content=\"600\" \/>\n\t<meta property=\"og:image:type\" content=\"image\/jpeg\" \/>\n<meta name=\"twitter:card\" content=\"summary_large_image\" \/>\n<meta name=\"twitter:label1\" content=\"Becs\u00fclt olvas\u00e1si id\u0151\" \/>\n\t<meta name=\"twitter:data1\" content=\"3 perc\" \/>\n<script type=\"application\/ld+json\" class=\"yoast-schema-graph\">{\"@context\":\"https:\/\/schema.org\",\"@graph\":[{\"@type\":\"WebPage\",\"@id\":\"https:\/\/legitgrams.com\/product\/hi-tech-cough-syrup\/\",\"url\":\"https:\/\/legitgrams.com\/product\/hi-tech-cough-syrup\/\",\"name\":\"Hi-Tech Cough Syrup for Sale - Buy Hi-Tech Cough Syrup Online\",\"isPartOf\":{\"@id\":\"https:\/\/legitgrams.com\/#website\"},\"primaryImageOfPage\":{\"@id\":\"https:\/\/legitgrams.com\/product\/hi-tech-cough-syrup\/#primaryimage\"},\"image\":{\"@id\":\"https:\/\/legitgrams.com\/product\/hi-tech-cough-syrup\/#primaryimage\"},\"thumbnailUrl\":\"https:\/\/legitgrams.com\/wp-content\/uploads\/2024\/09\/buy-hi-tech-cough-syrup-online.jpg\",\"datePublished\":\"2024-09-21T07:58:51+00:00\",\"dateModified\":\"2025-04-04T07:07:15+00:00\",\"description\":\"Buy Hi-Tech Cough Syruponline from our trusted online store for top-quality products. Get Hi-Tech Cough Syrup for sale easily and securely on our platform for ultimate customer satisfaction. Order Now!\",\"breadcrumb\":{\"@id\":\"https:\/\/legitgrams.com\/product\/hi-tech-cough-syrup\/#breadcrumb\"},\"inLanguage\":\"hu\",\"potentialAction\":[{\"@type\":\"ReadAction\",\"target\":[\"https:\/\/legitgrams.com\/product\/hi-tech-cough-syrup\/\"]}]},{\"@type\":\"ImageObject\",\"inLanguage\":\"hu\",\"@id\":\"https:\/\/legitgrams.com\/product\/hi-tech-cough-syrup\/#primaryimage\",\"url\":\"https:\/\/legitgrams.com\/wp-content\/uploads\/2024\/09\/buy-hi-tech-cough-syrup-online.jpg\",\"contentUrl\":\"https:\/\/legitgrams.com\/wp-content\/uploads\/2024\/09\/buy-hi-tech-cough-syrup-online.jpg\",\"width\":600,\"height\":600,\"caption\":\"Hi-Tech Cough Syrup for Sale\"},{\"@type\":\"BreadcrumbList\",\"@id\":\"https:\/\/legitgrams.com\/product\/hi-tech-cough-syrup\/#breadcrumb\",\"itemListElement\":[{\"@type\":\"ListItem\",\"position\":1,\"name\":\"Home\",\"item\":\"https:\/\/legitgrams.com\/\"},{\"@type\":\"ListItem\",\"position\":2,\"name\":\"Shop\",\"item\":\"https:\/\/legitgrams.com\/shop\/\"},{\"@type\":\"ListItem\",\"position\":3,\"name\":\"Buy Hi-Tech cough syrup Online\"}]},{\"@type\":\"WebSite\",\"@id\":\"https:\/\/legitgrams.com\/#website\",\"url\":\"https:\/\/legitgrams.com\/\",\"name\":\"Legit Grams\",\"description\":\"My WordPress Blog\",\"publisher\":{\"@id\":\"https:\/\/legitgrams.com\/#organization\"},\"potentialAction\":[{\"@type\":\"SearchAction\",\"target\":{\"@type\":\"EntryPoint\",\"urlTemplate\":\"https:\/\/legitgrams.com\/?s={search_term_string}\"},\"query-input\":{\"@type\":\"PropertyValueSpecification\",\"valueRequired\":true,\"valueName\":\"search_term_string\"}}],\"inLanguage\":\"hu\"},{\"@type\":\"Organization\",\"@id\":\"https:\/\/legitgrams.com\/#organization\",\"name\":\"Legit Grams\",\"url\":\"https:\/\/legitgrams.com\/\",\"logo\":{\"@type\":\"ImageObject\",\"inLanguage\":\"hu\",\"@id\":\"https:\/\/legitgrams.com\/#\/schema\/logo\/image\/\",\"url\":\"https:\/\/legitgrams.com\/wp-content\/uploads\/2024\/09\/main-logo.png\",\"contentUrl\":\"https:\/\/legitgrams.com\/wp-content\/uploads\/2024\/09\/main-logo.png\",\"width\":270,\"height\":75,\"caption\":\"Legit Grams\"},\"image\":{\"@id\":\"https:\/\/legitgrams.com\/#\/schema\/logo\/image\/\"}}]}<\/script>\n<!-- \/ Yoast SEO plugin. -->","yoast_head_json":{"title":"Hi-Tech k\u00f6h\u00f6g\u00e9s elleni szirup elad\u00f3 \u2013 Hi-Tech k\u00f6h\u00f6g\u00e9s elleni szirup v\u00e1s\u00e1rl\u00e1sa online","description":"V\u00e1s\u00e1roljon Hi-Tech k\u00f6h\u00f6g\u00e9s elleni szirupot online a megb\u00edzhat\u00f3 online \u00e1ruh\u00e1zunkb\u00f3l a kiv\u00e1l\u00f3 min\u0151s\u00e9g\u0171 term\u00e9kek\u00e9rt. Szerezze be a Hi-Tech k\u00f6h\u00f6g\u00e9s elleni szirupot k\u00f6nnyen \u00e9s biztons\u00e1gosan a mi platformunkon a v\u00e9gs\u0151 vev\u0151i el\u00e9gedetts\u00e9g \u00e9rdek\u00e9ben. Rendelje meg most!","robots":{"index":"index","follow":"follow","max-snippet":"max-snippet:-1","max-image-preview":"max-image-preview:large","max-video-preview":"max-video-preview:-1"},"canonical":"https:\/\/legitgrams.com\/hu\/termek\/hi-tech-kohoges-elleni-szirup\/","og_locale":"hu_HU","og_type":"article","og_title":"Hi-Tech Cough Syrup for Sale - Buy Hi-Tech Cough Syrup Online","og_description":"Buy Hi-Tech Cough Syruponline from our trusted online store for top-quality products. Get Hi-Tech Cough Syrup for sale easily and securely on our platform for ultimate customer satisfaction. Order Now!","og_url":"https:\/\/legitgrams.com\/hu\/termek\/hi-tech-kohoges-elleni-szirup\/","og_site_name":"Legit Grams","article_modified_time":"2025-04-04T07:07:15+00:00","og_image":[{"width":600,"height":600,"url":"https:\/\/legitgrams.com\/wp-content\/uploads\/2024\/09\/buy-hi-tech-cough-syrup-online.jpg","type":"image\/jpeg"}],"twitter_card":"summary_large_image","twitter_misc":{"Becs\u00fclt olvas\u00e1si id\u0151":"3 perc"},"schema":{"@context":"https:\/\/schema.org","@graph":[{"@type":"WebPage","@id":"https:\/\/legitgrams.com\/product\/hi-tech-cough-syrup\/","url":"https:\/\/legitgrams.com\/product\/hi-tech-cough-syrup\/","name":"Hi-Tech k\u00f6h\u00f6g\u00e9s elleni szirup elad\u00f3 \u2013 Hi-Tech k\u00f6h\u00f6g\u00e9s elleni szirup v\u00e1s\u00e1rl\u00e1sa online","isPartOf":{"@id":"https:\/\/legitgrams.com\/#website"},"primaryImageOfPage":{"@id":"https:\/\/legitgrams.com\/product\/hi-tech-cough-syrup\/#primaryimage"},"image":{"@id":"https:\/\/legitgrams.com\/product\/hi-tech-cough-syrup\/#primaryimage"},"thumbnailUrl":"https:\/\/legitgrams.com\/wp-content\/uploads\/2024\/09\/buy-hi-tech-cough-syrup-online.jpg","datePublished":"2024-09-21T07:58:51+00:00","dateModified":"2025-04-04T07:07:15+00:00","description":"V\u00e1s\u00e1roljon Hi-Tech k\u00f6h\u00f6g\u00e9s elleni szirupot online a megb\u00edzhat\u00f3 online \u00e1ruh\u00e1zunkb\u00f3l a kiv\u00e1l\u00f3 min\u0151s\u00e9g\u0171 term\u00e9kek\u00e9rt. Szerezze be a Hi-Tech k\u00f6h\u00f6g\u00e9s elleni szirupot k\u00f6nnyen \u00e9s biztons\u00e1gosan a mi platformunkon a v\u00e9gs\u0151 vev\u0151i el\u00e9gedetts\u00e9g \u00e9rdek\u00e9ben. Rendelje meg most!","breadcrumb":{"@id":"https:\/\/legitgrams.com\/product\/hi-tech-cough-syrup\/#breadcrumb"},"inLanguage":"hu","potentialAction":[{"@type":"ReadAction","target":["https:\/\/legitgrams.com\/product\/hi-tech-cough-syrup\/"]}]},{"@type":"ImageObject","inLanguage":"hu","@id":"https:\/\/legitgrams.com\/product\/hi-tech-cough-syrup\/#primaryimage","url":"https:\/\/legitgrams.com\/wp-content\/uploads\/2024\/09\/buy-hi-tech-cough-syrup-online.jpg","contentUrl":"https:\/\/legitgrams.com\/wp-content\/uploads\/2024\/09\/buy-hi-tech-cough-syrup-online.jpg","width":600,"height":600,"caption":"Hi-Tech Cough Syrup for Sale"},{"@type":"BreadcrumbList","@id":"https:\/\/legitgrams.com\/product\/hi-tech-cough-syrup\/#breadcrumb","itemListElement":[{"@type":"ListItem","position":1,"name":"Home","item":"https:\/\/legitgrams.com\/"},{"@type":"ListItem","position":2,"name":"Shop","item":"https:\/\/legitgrams.com\/shop\/"},{"@type":"ListItem","position":3,"name":"Buy Hi-Tech cough syrup Online"}]},{"@type":"WebSite","@id":"https:\/\/legitgrams.com\/#website","url":"https:\/\/legitgrams.com\/","name":"Legit Grams","description":"Az \u00e9n WordPress blogom","publisher":{"@id":"https:\/\/legitgrams.com\/#organization"},"potentialAction":[{"@type":"SearchAction","target":{"@type":"EntryPoint","urlTemplate":"https:\/\/legitgrams.com\/?s={search_term_string}"},"query-input":{"@type":"PropertyValueSpecification","valueRequired":true,"valueName":"search_term_string"}}],"inLanguage":"hu"},{"@type":"Organization","@id":"https:\/\/legitgrams.com\/#organization","name":"Legit Grams","url":"https:\/\/legitgrams.com\/","logo":{"@type":"ImageObject","inLanguage":"hu","@id":"https:\/\/legitgrams.com\/#\/schema\/logo\/image\/","url":"https:\/\/legitgrams.com\/wp-content\/uploads\/2024\/09\/main-logo.png","contentUrl":"https:\/\/legitgrams.com\/wp-content\/uploads\/2024\/09\/main-logo.png","width":270,"height":75,"caption":"Legit Grams"},"image":{"@id":"https:\/\/legitgrams.com\/#\/schema\/logo\/image\/"}}]}},"uagb_featured_image_src":{"full":["https:\/\/legitgrams.com\/wp-content\/uploads\/2024\/09\/buy-hi-tech-cough-syrup-online.jpg",600,600,false],"thumbnail":["https:\/\/legitgrams.com\/wp-content\/uploads\/2024\/09\/buy-hi-tech-cough-syrup-online-150x150.jpg",150,150,true],"medium":["https:\/\/legitgrams.com\/wp-content\/uploads\/2024\/09\/buy-hi-tech-cough-syrup-online-300x300.jpg",300,300,true],"medium_large":["https:\/\/legitgrams.com\/wp-content\/uploads\/2024\/09\/buy-hi-tech-cough-syrup-online.jpg",600,600,false],"large":["https:\/\/legitgrams.com\/wp-content\/uploads\/2024\/09\/buy-hi-tech-cough-syrup-online.jpg",600,600,false],"1536x1536":["https:\/\/legitgrams.com\/wp-content\/uploads\/2024\/09\/buy-hi-tech-cough-syrup-online.jpg",600,600,false],"2048x2048":["https:\/\/legitgrams.com\/wp-content\/uploads\/2024\/09\/buy-hi-tech-cough-syrup-online.jpg",600,600,false],"trp-custom-language-flag":["https:\/\/legitgrams.com\/wp-content\/uploads\/2024\/09\/buy-hi-tech-cough-syrup-online-12x12.jpg",12,12,true],"woocommerce_thumbnail":["https:\/\/legitgrams.com\/wp-content\/uploads\/2024\/09\/buy-hi-tech-cough-syrup-online-300x300.jpg",300,300,true],"woocommerce_single":["https:\/\/legitgrams.com\/wp-content\/uploads\/2024\/09\/buy-hi-tech-cough-syrup-online.jpg",600,600,false],"woocommerce_gallery_thumbnail":["https:\/\/legitgrams.com\/wp-content\/uploads\/2024\/09\/buy-hi-tech-cough-syrup-online-100x100.jpg",100,100,true]},"uagb_author_info":{"display_name":"cokeblog18","author_link":"https:\/\/legitgrams.com\/hu\/author\/"},"uagb_comment_info":0,"uagb_excerpt":"Purchase of Hi-Tech cough syrup Online Get high-tech cough syrup online for a very affordable price. also purchase cocaine to resell. GHB is among the many drugs and stimulants that we sell. Do you like palatables but think they&#8217;re too slow to get going? Because of its flavor and strength, THC syrup might become your&hellip;","_links":{"self":[{"href":"https:\/\/legitgrams.com\/hu\/wp-json\/wp\/v2\/product\/4005","targetHints":{"allow":["GET"]}}],"collection":[{"href":"https:\/\/legitgrams.com\/hu\/wp-json\/wp\/v2\/product"}],"about":[{"href":"https:\/\/legitgrams.com\/hu\/wp-json\/wp\/v2\/types\/product"}],"replies":[{"embeddable":true,"href":"https:\/\/legitgrams.com\/hu\/wp-json\/wp\/v2\/comments?post=4005"}],"wp:featuredmedia":[{"embeddable":true,"href":"https:\/\/legitgrams.com\/hu\/wp-json\/wp\/v2\/media\/5344"}],"wp:attachment":[{"href":"https:\/\/legitgrams.com\/hu\/wp-json\/wp\/v2\/media?parent=4005"}],"wp:term":[{"taxonomy":"product_brand","embeddable":true,"href":"https:\/\/legitgrams.com\/hu\/wp-json\/wp\/v2\/product_brand?post=4005"},{"taxonomy":"product_cat","embeddable":true,"href":"https:\/\/legitgrams.com\/hu\/wp-json\/wp\/v2\/product_cat?post=4005"},{"taxonomy":"product_tag","embeddable":true,"href":"https:\/\/legitgrams.com\/hu\/wp-json\/wp\/v2\/product_tag?post=4005"}],"curies":[{"name":"wp","href":"https:\/\/api.w.org\/{rel}","templated":true}]}}