{"id":4008,"date":"2024-09-21T08:15:24","date_gmt":"2024-09-21T08:15:24","guid":{"rendered":"https:\/\/legitgrams.com\/?post_type=product&#038;p=4008"},"modified":"2025-01-15T05:30:18","modified_gmt":"2025-01-15T05:30:18","slug":"rexcof-kohoges-elleni-szirup","status":"publish","type":"product","link":"https:\/\/legitgrams.com\/hu\/termek\/rexcof-kohoges-elleni-szirup\/","title":{"rendered":"Rexcof k\u00f6h\u00f6g\u00e9s elleni szirup"},"content":{"rendered":"<h2>V\u00e1s\u00e1roljon Rexcof k\u00f6h\u00f6g\u00e9s elleni szirupot online<\/h2>\n<p>V\u00e1s\u00e1roljon C<a href=\"https:\/\/en.wikipedia.org\/wiki\/Cough\">oug<\/a>h Szirup Rexcof. Mi is \u00e9rt\u00e9kes\u00edti actavis. Kokain v\u00e1s\u00e1rl\u00e1sa az interneten kereszt\u00fcl.<\/p>\n<h3>Mennyi Rexcof Dx szirupot kell bevenni<\/h3>\n<p>Ez a standard adagol\u00e1s, amelyet a ter\u00e1pi\u00e1s esetek t\u00f6bbs\u00e9g\u00e9ben javasolnak. Mivel minden beteg \u00e9s helyzet egyedi, az adag a betegs\u00e9g, a beteg \u00e9letkora, az alkalmaz\u00e1s m\u00f3dja \u00e9s a k\u00f3rt\u00f6rt\u00e9net alapj\u00e1n v\u00e1ltozhat.<\/p>\n<p><a href=\"https:\/\/legitgrams.com\/hu\/termek\/rexcof-kohoges-elleni-szirup\/\">Rexcof k\u00f6h\u00f6g\u00e9s elleni szirup<\/a> a sz\u00e1raz k\u00f6h\u00f6g\u00e9st k\u00e9t gy\u00f3gyszer: a kodein \u00e9s a kl\u00f3rfeniramin-male\u00e1t kombin\u00e1l\u00e1s\u00e1val kezeli. Az allergi\u00e1t cs\u00f6kkent\u0151 szer a kl\u00f3rfeniramin-male\u00e1t. Ez g\u00e1tolja a hisztamin m\u0171k\u00f6d\u00e9s\u00e9t, egy k\u00e9miai h\u00edrviv\u0151 anyagot, amely az allergia miatti k\u00f6h\u00f6g\u00e9st v\u00e1ltja ki. Az egyik k\u00f6h\u00f6g\u00e9scsillap\u00edt\u00f3 a kodein.<\/p>\n<p>Rexcof k\u00f6h\u00f6g\u00e9s elleni szirup v\u00e1s\u00e1rl\u00e1sa: Rexcof k\u00f6h\u00f6g\u00e9s elleni szirup, Rexcof k\u00f6h\u00f6g\u00e9s elleni szirup online v\u00e1s\u00e1rl\u00e1sa, Hol kaphatok Rexcof k\u00f6h\u00f6g\u00e9s elleni szirupot online? Hol v\u00e1s\u00e1rolhatok Rexcof k\u00f6h\u00f6g\u00e9s elleni szirupot online? Rexcof k\u00f6h\u00f6g\u00e9s elleni szirup elad\u00f3 az USA-ban, Kanad\u00e1ban \u00e9s az Egyes\u00fclt Kir\u00e1lys\u00e1gban? v\u00e1s\u00e1rl\u00e1s, online, besz\u00e1ll\u00edt\u00f3k, biztons\u00e1gos sz\u00e1ll\u00edt\u00e1s, M\u00e9g mindig kaphat\u00f3 Rexcof k\u00f6h\u00f6g\u00e9s elleni szirup. Lehet v\u00e1s\u00e1rolni Rexcof k\u00f6h\u00f6g\u00e9s elleni szirupot online? Rexcof k\u00f6h\u00f6g\u00e9s elleni szirup leg\u00e1lis az Egyes\u00fclt \u00c1llamokban? Rexcof k\u00f6h\u00f6g\u00e9s elleni szirup leg\u00e1lis Kanad\u00e1ban? <a href=\"https:\/\/legitgrams.com\/hu\/\">LegitGrams<\/a><\/p>\n<p>&nbsp;<\/p>","protected":false},"excerpt":{"rendered":"<p>Purchase Rexcof Cough Syrup Online Buy Cough Syrup Rexcof. We are also selling actavis. Purchase cocaine over the internet. How much Rexcof Dx syrup should be taken This is the standard dosage that is advised in the majority of therapy cases. Because every patient and situation is unique, the dose may change based on the &hellip;<\/p>\n<p class=\"read-more\"> <a class=\"\" href=\"https:\/\/legitgrams.com\/hu\/termek\/rexcof-kohoges-elleni-szirup\/\"> <span class=\"screen-reader-text\">Rexcof k\u00f6h\u00f6g\u00e9s elleni szirup<\/span> Olvass tov\u00e1bb \"<\/a><\/p>","protected":false},"featured_media":5347,"comment_status":"open","ping_status":"closed","template":"","meta":{"_uag_custom_page_level_css":"","site-sidebar-layout":"default","site-content-layout":"default","ast-global-header-display":"","ast-main-header-display":"","ast-hfb-above-header-display":"","ast-hfb-below-header-display":"","ast-hfb-mobile-header-display":"","site-post-title":"","ast-breadcrumbs-content":"","ast-featured-img":"","footer-sml-layout":"","theme-transparent-header-meta":"default","adv-header-id-meta":"","stick-header-meta":"default","header-above-stick-meta":"","header-main-stick-meta":"","header-below-stick-meta":"","_joinchat":[]},"product_brand":[],"product_cat":[603],"product_tag":[2900,2890,617,2882,2897,2894,2889,2887,2899,2881,2884,2892,2883,2893,2885,2895,2902,2903,2901,2898,2896,625,2888,2891,2886],"class_list":{"0":"post-4008","1":"product","2":"type-product","3":"status-publish","4":"has-post-thumbnail","6":"product_cat-cough-syrup","7":"product_tag-best-cheap-price-rexcof-cough-syrup","8":"product_tag-best-place-to-buy-rexcof-cough-syrup","9":"product_tag-bulk-online","10":"product_tag-buy-rexcof-cough-syrup","11":"product_tag-cheap-rexcof-cough-syrup","12":"product_tag-high-quality-rexcof-cough-syrup","13":"product_tag-how-to-buy-rexcof-cough-syrup","14":"product_tag-order-rexcof-cough-syrup","15":"product_tag-purcharse-rexcof-cough-syrup","16":"product_tag-rexcof-cough-syrup","17":"product_tag-rexcof-cough-syrup-for-sale","18":"product_tag-rexcof-cough-syrup-legally","19":"product_tag-rexcof-cough-syrup-online","20":"product_tag-rexcof-cough-syrup-price","21":"product_tag-rexcof-cough-syrup-rexcof-cough-syrup-supplier","22":"product_tag-rexcof-cough-syrup-store","23":"product_tag-rexcof-cough-syrup-use","24":"product_tag-rexcof-cough-syrup-wiki","25":"product_tag-rexcof-cough-syrup-worldwide","26":"product_tag-rexcof-cough-syrups","27":"product_tag-shop-rexcof-cough-syrup","28":"product_tag-top-quality","29":"product_tag-where-to-buy-rexcof-cough-syrup","30":"product_tag-where-to-order-rexcof-cough-syrup","31":"product_tag-wholesale-rexcof-cough-syrup","32":"desktop-align-left","33":"tablet-align-left","34":"mobile-align-left","35":"ast-product-gallery-layout-horizontal","36":"ast-product-gallery-with-no-image","37":"ast-product-single-variable","38":"ast-product-tabs-layout-horizontal","39":"ast-qv-on-image","41":"first","42":"instock","43":"featured","44":"shipping-taxable","45":"purchasable","46":"product-type-variable"},"yoast_head":"<!-- This site is optimized with the Yoast SEO plugin v25.9 - https:\/\/yoast.com\/wordpress\/plugins\/seo\/ -->\n<title>Rexcof Cough Syrup for Sale - Buy Rexcof Cough Syrup Online<\/title>\n<meta name=\"description\" content=\"Looking to further your research? Buy rexcof cough syrup conveniently and securely online, with a straightforward ordering process for rexcof cough syrup for sale. Order Now!\" \/>\n<meta name=\"robots\" content=\"index, follow, max-snippet:-1, max-image-preview:large, max-video-preview:-1\" \/>\n<link rel=\"canonical\" href=\"https:\/\/legitgrams.com\/hu\/termek\/rexcof-kohoges-elleni-szirup\/\" \/>\n<meta property=\"og:locale\" content=\"hu_HU\" \/>\n<meta property=\"og:type\" content=\"article\" \/>\n<meta property=\"og:title\" content=\"Rexcof Cough Syrup for Sale - Buy Rexcof Cough Syrup Online\" \/>\n<meta property=\"og:description\" content=\"Looking to further your research? Buy rexcof cough syrup conveniently and securely online, with a straightforward ordering process for rexcof cough syrup for sale. Order Now!\" \/>\n<meta property=\"og:url\" content=\"https:\/\/legitgrams.com\/hu\/termek\/rexcof-kohoges-elleni-szirup\/\" \/>\n<meta property=\"og:site_name\" content=\"Legit Grams\" \/>\n<meta property=\"article:modified_time\" content=\"2025-01-15T05:30:18+00:00\" \/>\n<meta property=\"og:image\" content=\"https:\/\/legitgrams.com\/wp-content\/uploads\/2024\/09\/buy-rexcof-cough-syrup.jpg\" \/>\n\t<meta property=\"og:image:width\" content=\"600\" \/>\n\t<meta property=\"og:image:height\" content=\"600\" \/>\n\t<meta property=\"og:image:type\" content=\"image\/jpeg\" \/>\n<meta name=\"twitter:card\" content=\"summary_large_image\" \/>\n<meta name=\"twitter:label1\" content=\"Becs\u00fclt olvas\u00e1si id\u0151\" \/>\n\t<meta name=\"twitter:data1\" content=\"2 perc\" \/>\n<script type=\"application\/ld+json\" class=\"yoast-schema-graph\">{\"@context\":\"https:\/\/schema.org\",\"@graph\":[{\"@type\":\"WebPage\",\"@id\":\"https:\/\/legitgrams.com\/product\/rexcof-cough-syrup\/\",\"url\":\"https:\/\/legitgrams.com\/product\/rexcof-cough-syrup\/\",\"name\":\"Rexcof Cough Syrup for Sale - Buy Rexcof Cough Syrup Online\",\"isPartOf\":{\"@id\":\"https:\/\/legitgrams.com\/#website\"},\"primaryImageOfPage\":{\"@id\":\"https:\/\/legitgrams.com\/product\/rexcof-cough-syrup\/#primaryimage\"},\"image\":{\"@id\":\"https:\/\/legitgrams.com\/product\/rexcof-cough-syrup\/#primaryimage\"},\"thumbnailUrl\":\"https:\/\/legitgrams.com\/wp-content\/uploads\/2024\/09\/buy-rexcof-cough-syrup.jpg\",\"datePublished\":\"2024-09-21T08:15:24+00:00\",\"dateModified\":\"2025-01-15T05:30:18+00:00\",\"description\":\"Looking to further your research? Buy rexcof cough syrup conveniently and securely online, with a straightforward ordering process for rexcof cough syrup for sale. Order Now!\",\"breadcrumb\":{\"@id\":\"https:\/\/legitgrams.com\/product\/rexcof-cough-syrup\/#breadcrumb\"},\"inLanguage\":\"hu\",\"potentialAction\":[{\"@type\":\"ReadAction\",\"target\":[\"https:\/\/legitgrams.com\/product\/rexcof-cough-syrup\/\"]}]},{\"@type\":\"ImageObject\",\"inLanguage\":\"hu\",\"@id\":\"https:\/\/legitgrams.com\/product\/rexcof-cough-syrup\/#primaryimage\",\"url\":\"https:\/\/legitgrams.com\/wp-content\/uploads\/2024\/09\/buy-rexcof-cough-syrup.jpg\",\"contentUrl\":\"https:\/\/legitgrams.com\/wp-content\/uploads\/2024\/09\/buy-rexcof-cough-syrup.jpg\",\"width\":600,\"height\":600,\"caption\":\"Rexcof Cough Syrup for Sale\"},{\"@type\":\"BreadcrumbList\",\"@id\":\"https:\/\/legitgrams.com\/product\/rexcof-cough-syrup\/#breadcrumb\",\"itemListElement\":[{\"@type\":\"ListItem\",\"position\":1,\"name\":\"Home\",\"item\":\"https:\/\/legitgrams.com\/\"},{\"@type\":\"ListItem\",\"position\":2,\"name\":\"Shop\",\"item\":\"https:\/\/legitgrams.com\/shop\/\"},{\"@type\":\"ListItem\",\"position\":3,\"name\":\"Rexcof Cough Syrup\"}]},{\"@type\":\"WebSite\",\"@id\":\"https:\/\/legitgrams.com\/#website\",\"url\":\"https:\/\/legitgrams.com\/\",\"name\":\"Legit Grams\",\"description\":\"My WordPress Blog\",\"publisher\":{\"@id\":\"https:\/\/legitgrams.com\/#organization\"},\"potentialAction\":[{\"@type\":\"SearchAction\",\"target\":{\"@type\":\"EntryPoint\",\"urlTemplate\":\"https:\/\/legitgrams.com\/?s={search_term_string}\"},\"query-input\":{\"@type\":\"PropertyValueSpecification\",\"valueRequired\":true,\"valueName\":\"search_term_string\"}}],\"inLanguage\":\"hu\"},{\"@type\":\"Organization\",\"@id\":\"https:\/\/legitgrams.com\/#organization\",\"name\":\"Legit Grams\",\"url\":\"https:\/\/legitgrams.com\/\",\"logo\":{\"@type\":\"ImageObject\",\"inLanguage\":\"hu\",\"@id\":\"https:\/\/legitgrams.com\/#\/schema\/logo\/image\/\",\"url\":\"https:\/\/legitgrams.com\/wp-content\/uploads\/2024\/09\/main-logo.png\",\"contentUrl\":\"https:\/\/legitgrams.com\/wp-content\/uploads\/2024\/09\/main-logo.png\",\"width\":270,\"height\":75,\"caption\":\"Legit Grams\"},\"image\":{\"@id\":\"https:\/\/legitgrams.com\/#\/schema\/logo\/image\/\"}}]}<\/script>\n<!-- \/ Yoast SEO plugin. -->","yoast_head_json":{"title":"Rexcof k\u00f6h\u00f6g\u00e9s elleni szirup elad\u00f3 - Rexcof k\u00f6h\u00f6g\u00e9s elleni szirup online v\u00e1s\u00e1rl\u00e1sa","description":"Tov\u00e1bb szeretn\u00e9 folytatni a kutat\u00e1s\u00e1t? V\u00e1s\u00e1roljon rexcof k\u00f6h\u00f6g\u00e9s elleni szirupot k\u00e9nyelmesen \u00e9s biztons\u00e1gosan online, a rexcof k\u00f6h\u00f6g\u00e9s elleni szirup \u00e9rt\u00e9kes\u00edt\u00e9s\u00e9nek egyszer\u0171 megrendel\u00e9si folyamat\u00e1val. Rendeljen most!","robots":{"index":"index","follow":"follow","max-snippet":"max-snippet:-1","max-image-preview":"max-image-preview:large","max-video-preview":"max-video-preview:-1"},"canonical":"https:\/\/legitgrams.com\/hu\/termek\/rexcof-kohoges-elleni-szirup\/","og_locale":"hu_HU","og_type":"article","og_title":"Rexcof Cough Syrup for Sale - Buy Rexcof Cough Syrup Online","og_description":"Looking to further your research? Buy rexcof cough syrup conveniently and securely online, with a straightforward ordering process for rexcof cough syrup for sale. Order Now!","og_url":"https:\/\/legitgrams.com\/hu\/termek\/rexcof-kohoges-elleni-szirup\/","og_site_name":"Legit Grams","article_modified_time":"2025-01-15T05:30:18+00:00","og_image":[{"width":600,"height":600,"url":"https:\/\/legitgrams.com\/wp-content\/uploads\/2024\/09\/buy-rexcof-cough-syrup.jpg","type":"image\/jpeg"}],"twitter_card":"summary_large_image","twitter_misc":{"Becs\u00fclt olvas\u00e1si id\u0151":"2 perc"},"schema":{"@context":"https:\/\/schema.org","@graph":[{"@type":"WebPage","@id":"https:\/\/legitgrams.com\/product\/rexcof-cough-syrup\/","url":"https:\/\/legitgrams.com\/product\/rexcof-cough-syrup\/","name":"Rexcof k\u00f6h\u00f6g\u00e9s elleni szirup elad\u00f3 - Rexcof k\u00f6h\u00f6g\u00e9s elleni szirup online v\u00e1s\u00e1rl\u00e1sa","isPartOf":{"@id":"https:\/\/legitgrams.com\/#website"},"primaryImageOfPage":{"@id":"https:\/\/legitgrams.com\/product\/rexcof-cough-syrup\/#primaryimage"},"image":{"@id":"https:\/\/legitgrams.com\/product\/rexcof-cough-syrup\/#primaryimage"},"thumbnailUrl":"https:\/\/legitgrams.com\/wp-content\/uploads\/2024\/09\/buy-rexcof-cough-syrup.jpg","datePublished":"2024-09-21T08:15:24+00:00","dateModified":"2025-01-15T05:30:18+00:00","description":"Tov\u00e1bb szeretn\u00e9 folytatni a kutat\u00e1s\u00e1t? V\u00e1s\u00e1roljon rexcof k\u00f6h\u00f6g\u00e9s elleni szirupot k\u00e9nyelmesen \u00e9s biztons\u00e1gosan online, a rexcof k\u00f6h\u00f6g\u00e9s elleni szirup \u00e9rt\u00e9kes\u00edt\u00e9s\u00e9nek egyszer\u0171 megrendel\u00e9si folyamat\u00e1val. Rendeljen most!","breadcrumb":{"@id":"https:\/\/legitgrams.com\/product\/rexcof-cough-syrup\/#breadcrumb"},"inLanguage":"hu","potentialAction":[{"@type":"ReadAction","target":["https:\/\/legitgrams.com\/product\/rexcof-cough-syrup\/"]}]},{"@type":"ImageObject","inLanguage":"hu","@id":"https:\/\/legitgrams.com\/product\/rexcof-cough-syrup\/#primaryimage","url":"https:\/\/legitgrams.com\/wp-content\/uploads\/2024\/09\/buy-rexcof-cough-syrup.jpg","contentUrl":"https:\/\/legitgrams.com\/wp-content\/uploads\/2024\/09\/buy-rexcof-cough-syrup.jpg","width":600,"height":600,"caption":"Rexcof Cough Syrup for Sale"},{"@type":"BreadcrumbList","@id":"https:\/\/legitgrams.com\/product\/rexcof-cough-syrup\/#breadcrumb","itemListElement":[{"@type":"ListItem","position":1,"name":"Home","item":"https:\/\/legitgrams.com\/"},{"@type":"ListItem","position":2,"name":"Shop","item":"https:\/\/legitgrams.com\/shop\/"},{"@type":"ListItem","position":3,"name":"Rexcof Cough Syrup"}]},{"@type":"WebSite","@id":"https:\/\/legitgrams.com\/#website","url":"https:\/\/legitgrams.com\/","name":"Legit Grams","description":"Az \u00e9n WordPress blogom","publisher":{"@id":"https:\/\/legitgrams.com\/#organization"},"potentialAction":[{"@type":"SearchAction","target":{"@type":"EntryPoint","urlTemplate":"https:\/\/legitgrams.com\/?s={search_term_string}"},"query-input":{"@type":"PropertyValueSpecification","valueRequired":true,"valueName":"search_term_string"}}],"inLanguage":"hu"},{"@type":"Organization","@id":"https:\/\/legitgrams.com\/#organization","name":"Legit Grams","url":"https:\/\/legitgrams.com\/","logo":{"@type":"ImageObject","inLanguage":"hu","@id":"https:\/\/legitgrams.com\/#\/schema\/logo\/image\/","url":"https:\/\/legitgrams.com\/wp-content\/uploads\/2024\/09\/main-logo.png","contentUrl":"https:\/\/legitgrams.com\/wp-content\/uploads\/2024\/09\/main-logo.png","width":270,"height":75,"caption":"Legit Grams"},"image":{"@id":"https:\/\/legitgrams.com\/#\/schema\/logo\/image\/"}}]}},"uagb_featured_image_src":{"full":["https:\/\/legitgrams.com\/wp-content\/uploads\/2024\/09\/buy-rexcof-cough-syrup.jpg",600,600,false],"thumbnail":["https:\/\/legitgrams.com\/wp-content\/uploads\/2024\/09\/buy-rexcof-cough-syrup-150x150.jpg",150,150,true],"medium":["https:\/\/legitgrams.com\/wp-content\/uploads\/2024\/09\/buy-rexcof-cough-syrup-300x300.jpg",300,300,true],"medium_large":["https:\/\/legitgrams.com\/wp-content\/uploads\/2024\/09\/buy-rexcof-cough-syrup.jpg",600,600,false],"large":["https:\/\/legitgrams.com\/wp-content\/uploads\/2024\/09\/buy-rexcof-cough-syrup.jpg",600,600,false],"1536x1536":["https:\/\/legitgrams.com\/wp-content\/uploads\/2024\/09\/buy-rexcof-cough-syrup.jpg",600,600,false],"2048x2048":["https:\/\/legitgrams.com\/wp-content\/uploads\/2024\/09\/buy-rexcof-cough-syrup.jpg",600,600,false],"trp-custom-language-flag":["https:\/\/legitgrams.com\/wp-content\/uploads\/2024\/09\/buy-rexcof-cough-syrup-12x12.jpg",12,12,true],"woocommerce_thumbnail":["https:\/\/legitgrams.com\/wp-content\/uploads\/2024\/09\/buy-rexcof-cough-syrup-300x300.jpg",300,300,true],"woocommerce_single":["https:\/\/legitgrams.com\/wp-content\/uploads\/2024\/09\/buy-rexcof-cough-syrup.jpg",600,600,false],"woocommerce_gallery_thumbnail":["https:\/\/legitgrams.com\/wp-content\/uploads\/2024\/09\/buy-rexcof-cough-syrup-100x100.jpg",100,100,true]},"uagb_author_info":{"display_name":"cokeblog18","author_link":"https:\/\/legitgrams.com\/hu\/author\/"},"uagb_comment_info":0,"uagb_excerpt":"Purchase Rexcof Cough Syrup Online Buy Cough Syrup Rexcof. We are also selling actavis. Purchase cocaine over the internet. How much Rexcof Dx syrup should be taken This is the standard dosage that is advised in the majority of therapy cases. Because every patient and situation is unique, the dose may change based on the&hellip;","_links":{"self":[{"href":"https:\/\/legitgrams.com\/hu\/wp-json\/wp\/v2\/product\/4008","targetHints":{"allow":["GET"]}}],"collection":[{"href":"https:\/\/legitgrams.com\/hu\/wp-json\/wp\/v2\/product"}],"about":[{"href":"https:\/\/legitgrams.com\/hu\/wp-json\/wp\/v2\/types\/product"}],"replies":[{"embeddable":true,"href":"https:\/\/legitgrams.com\/hu\/wp-json\/wp\/v2\/comments?post=4008"}],"wp:featuredmedia":[{"embeddable":true,"href":"https:\/\/legitgrams.com\/hu\/wp-json\/wp\/v2\/media\/5347"}],"wp:attachment":[{"href":"https:\/\/legitgrams.com\/hu\/wp-json\/wp\/v2\/media?parent=4008"}],"wp:term":[{"taxonomy":"product_brand","embeddable":true,"href":"https:\/\/legitgrams.com\/hu\/wp-json\/wp\/v2\/product_brand?post=4008"},{"taxonomy":"product_cat","embeddable":true,"href":"https:\/\/legitgrams.com\/hu\/wp-json\/wp\/v2\/product_cat?post=4008"},{"taxonomy":"product_tag","embeddable":true,"href":"https:\/\/legitgrams.com\/hu\/wp-json\/wp\/v2\/product_tag?post=4008"}],"curies":[{"name":"wp","href":"https:\/\/api.w.org\/{rel}","templated":true}]}}