{"id":4010,"date":"2024-09-21T08:20:56","date_gmt":"2024-09-21T08:20:56","guid":{"rendered":"https:\/\/legitgrams.com\/?post_type=product&#038;p=4010"},"modified":"2025-01-14T09:42:15","modified_gmt":"2025-01-14T09:42:15","slug":"mercedez-libanoni-hasis","status":"publish","type":"product","link":"https:\/\/legitgrams.com\/hu\/termek\/mercedez-libanoni-hasis\/","title":{"rendered":"Mercedez Libanon Hash"},"content":{"rendered":"<h2>V\u00e1s\u00e1roljon online Mercedez Lebanon Hash-t<\/h2>\n<p>A fekete Mercedes egy k\u00f6z\u00e9pkateg\u00f3ri\u00e1s hash, amelyb\u0151l import\u00e1lj\u00e1k <a href=\"https:\/\/legitgrams.com\/hu\/termek\/mercedez-libanoni-hasis\/\">Libanon<\/a>. Fel\u00fclete s\u00f6t\u00e9tbarna, belseje viszont vil\u00e1gosbarna. F\u0171szeres, f\u00f6ldes \u00edze van egy kis illattal. Finom tapint\u00e1sa \u00e9s form\u00e1z\u00e1si rugalmass\u00e1ga, k\u00fcl\u00f6n\u00f6sen meleg\u00edt\u00e9skor, megk\u00f6nny\u00edti a munk\u00e1t. Kisz\u00e1ll\u00edt\u00e1s k\u00fclf\u00f6ldre<\/p>\n<h3>AAAA az oszt\u00e1lyoz\u00e1s.<\/h3>\n<p>A minim\u00e1lis rendel\u00e9si mennyis\u00e9g h\u00e9t gramm.<\/p>\n<p>Nagyobb m\u00e9ret\u0171 v\u00e1s\u00e1rl\u00e1s eset\u00e9n k\u00e9rj\u00fck, vegye fel vel\u00fcnk a kapcsolatot.<\/p>\n<p>Mercedes Lebanon Hash Online: V\u00e1s\u00e1rl\u00e1s <a href=\"https:\/\/en.wikipedia.org\/wiki\/Mercedes-Benz\">Mercedez Libanon Hash<\/a>, Mercedez Lebanon Hash v\u00e1s\u00e1rl\u00e1s, Lebanon Hash online v\u00e1s\u00e1rl\u00e1sa, Mercedez Lebanon Hash v\u00e1s\u00e1rl\u00e1sa, Mercedez Lebanon Hash v\u00e1s\u00e1rl\u00e1sa, Mercedez Lebanon Hash v\u00e1s\u00e1rl\u00e1sa, Mercedez Lebanon Hash v\u00e1s\u00e1rl\u00e1sa, V\u00e1s\u00e1rl\u00e1s Mercedez Lebanon Hash Online, USA, Kanada, Egyes\u00fclt Kir\u00e1lys\u00e1g, Online v\u00e1s\u00e1rl\u00e1s, Besz\u00e1ll\u00edt\u00f3k, Biztons\u00e1gos Sz\u00e1ll\u00edt\u00e1s, \u00d6n tov\u00e1bbra is megtudhatja, hogyan szerezheti be a Mercedez Lebanon Hash-t, leg\u00e1lis-e az Egyes\u00fclt \u00c1llamokban, leg\u00e1lis-e Kanada, \u00e9s hogy megv\u00e1s\u00e1rolhat\u00f3-e online az Egyes\u00fclt \u00c1llamokban. <a href=\"https:\/\/legitgrams.com\/hu\/\">LegitGrams<\/a><\/p>\n<h2><\/h2>\n<h2><\/h2>\n<p>&nbsp;<\/p>","protected":false},"excerpt":{"rendered":"<p>Purchase Online Mercedez Lebanon Hash The black Mercedes is a mid-range hash that is imported from Lebanon. Its surface is dark brown, but its interior is light brown. It has a spicy, earthy flavor with a hint of scent. Its delicate feel and shaping flexibility, particularly when heated, make it easy to work with. Delivery &hellip;<\/p>\n<p class=\"read-more\"> <a class=\"\" href=\"https:\/\/legitgrams.com\/hu\/termek\/mercedez-libanoni-hasis\/\"> <span class=\"screen-reader-text\">Mercedez Libanon Hash<\/span> Olvass tov\u00e1bb \"<\/a><\/p>","protected":false},"featured_media":5381,"comment_status":"open","ping_status":"closed","template":"","meta":{"_uag_custom_page_level_css":"","site-sidebar-layout":"default","site-content-layout":"default","ast-global-header-display":"","ast-main-header-display":"","ast-hfb-above-header-display":"","ast-hfb-below-header-display":"","ast-hfb-mobile-header-display":"","site-post-title":"","ast-breadcrumbs-content":"","ast-featured-img":"","footer-sml-layout":"","theme-transparent-header-meta":"default","adv-header-id-meta":"","stick-header-meta":"default","header-above-stick-meta":"","header-main-stick-meta":"","header-below-stick-meta":"","_joinchat":[]},"product_brand":[],"product_cat":[605],"product_tag":[2854,2844,617,2836,2851,2848,2843,2835,2838,2846,2839,2837,2847,2849,2856,2857,2855,2852,2841,2853,2850,625,2842,2845,2840],"class_list":{"0":"post-4010","1":"product","2":"type-product","3":"status-publish","4":"has-post-thumbnail","6":"product_cat-hash-hashish","7":"product_tag-best-cheap-price-mercedez-lebanon-hash","8":"product_tag-best-place-to-buy-mercedez-lebanon-hash","9":"product_tag-bulk-online","10":"product_tag-buy-mercedez-lebanon-hash","11":"product_tag-cheap-mercedez-lebanon-hash","12":"product_tag-high-quality-mercedez-lebanon-hash","13":"product_tag-how-to-buy-mercedez-lebanon-hash","14":"product_tag-mercedez-lebanon-hash","15":"product_tag-mercedez-lebanon-hash-for-sale","16":"product_tag-mercedez-lebanon-hash-legally","17":"product_tag-mercedez-lebanon-hash-mercedez-lebanon-hash-supplier","18":"product_tag-mercedez-lebanon-hash-online","19":"product_tag-mercedez-lebanon-hash-price","20":"product_tag-mercedez-lebanon-hash-store","21":"product_tag-mercedez-lebanon-hash-use","22":"product_tag-mercedez-lebanon-hash-wiki","23":"product_tag-mercedez-lebanon-hash-worldwide","24":"product_tag-mercedez-lebanon-hashs","25":"product_tag-order-mercedez-lebanon-hash","26":"product_tag-purcharse-mercedez-lebanon-hash","27":"product_tag-shop-mercedez-lebanon-hash","28":"product_tag-top-quality","29":"product_tag-where-to-buy-mercedez-lebanon-hash","30":"product_tag-where-to-order-mercedez-lebanon-hash","31":"product_tag-wholesale-mercedez-lebanon-hash","32":"desktop-align-left","33":"tablet-align-left","34":"mobile-align-left","35":"ast-product-gallery-layout-horizontal","36":"ast-product-gallery-with-no-image","37":"ast-product-single-variable","38":"ast-product-tabs-layout-horizontal","39":"ast-qv-on-image","41":"first","42":"instock","43":"shipping-taxable","44":"purchasable","45":"product-type-variable"},"yoast_head":"<!-- This site is optimized with the Yoast SEO plugin v25.9 - https:\/\/yoast.com\/wordpress\/plugins\/seo\/ -->\n<title>Mercedez Lebanon Hash for Sale at Best price | LegitGrams<\/title>\n<meta name=\"description\" content=\"You can get Mercedez Lebanon Hash for sale at our store and get it at your doorstep without any hassle. We will help you to buy Mercedez Lebanon Hash online. Order now!\" \/>\n<meta name=\"robots\" content=\"index, follow, max-snippet:-1, max-image-preview:large, max-video-preview:-1\" \/>\n<link rel=\"canonical\" href=\"https:\/\/legitgrams.com\/hu\/termek\/mercedez-libanoni-hasis\/\" \/>\n<meta property=\"og:locale\" content=\"hu_HU\" \/>\n<meta property=\"og:type\" content=\"article\" \/>\n<meta property=\"og:title\" content=\"Mercedez Lebanon Hash for Sale at Best price | LegitGrams\" \/>\n<meta property=\"og:description\" content=\"You can get Mercedez Lebanon Hash for sale at our store and get it at your doorstep without any hassle. We will help you to buy Mercedez Lebanon Hash online. Order now!\" \/>\n<meta property=\"og:url\" content=\"https:\/\/legitgrams.com\/hu\/termek\/mercedez-libanoni-hasis\/\" \/>\n<meta property=\"og:site_name\" content=\"Legit Grams\" \/>\n<meta property=\"article:modified_time\" content=\"2025-01-14T09:42:15+00:00\" \/>\n<meta property=\"og:image\" content=\"https:\/\/legitgrams.com\/wp-content\/uploads\/2024\/09\/Buy-Mercedez-Lebanon-Hash.jpg\" \/>\n\t<meta property=\"og:image:width\" content=\"600\" \/>\n\t<meta property=\"og:image:height\" content=\"600\" \/>\n\t<meta property=\"og:image:type\" content=\"image\/jpeg\" \/>\n<meta name=\"twitter:card\" content=\"summary_large_image\" \/>\n<meta name=\"twitter:label1\" content=\"Becs\u00fclt olvas\u00e1si id\u0151\" \/>\n\t<meta name=\"twitter:data1\" content=\"2 perc\" \/>\n<script type=\"application\/ld+json\" class=\"yoast-schema-graph\">{\"@context\":\"https:\/\/schema.org\",\"@graph\":[{\"@type\":\"WebPage\",\"@id\":\"https:\/\/legitgrams.com\/product\/mercedez-lebanon-hash\/\",\"url\":\"https:\/\/legitgrams.com\/product\/mercedez-lebanon-hash\/\",\"name\":\"Mercedez Lebanon Hash for Sale at Best price | LegitGrams\",\"isPartOf\":{\"@id\":\"https:\/\/legitgrams.com\/#website\"},\"primaryImageOfPage\":{\"@id\":\"https:\/\/legitgrams.com\/product\/mercedez-lebanon-hash\/#primaryimage\"},\"image\":{\"@id\":\"https:\/\/legitgrams.com\/product\/mercedez-lebanon-hash\/#primaryimage\"},\"thumbnailUrl\":\"https:\/\/legitgrams.com\/wp-content\/uploads\/2024\/09\/Buy-Mercedez-Lebanon-Hash.jpg\",\"datePublished\":\"2024-09-21T08:20:56+00:00\",\"dateModified\":\"2025-01-14T09:42:15+00:00\",\"description\":\"You can get Mercedez Lebanon Hash for sale at our store and get it at your doorstep without any hassle. We will help you to buy Mercedez Lebanon Hash online. Order now!\",\"breadcrumb\":{\"@id\":\"https:\/\/legitgrams.com\/product\/mercedez-lebanon-hash\/#breadcrumb\"},\"inLanguage\":\"hu\",\"potentialAction\":[{\"@type\":\"ReadAction\",\"target\":[\"https:\/\/legitgrams.com\/product\/mercedez-lebanon-hash\/\"]}]},{\"@type\":\"ImageObject\",\"inLanguage\":\"hu\",\"@id\":\"https:\/\/legitgrams.com\/product\/mercedez-lebanon-hash\/#primaryimage\",\"url\":\"https:\/\/legitgrams.com\/wp-content\/uploads\/2024\/09\/Buy-Mercedez-Lebanon-Hash.jpg\",\"contentUrl\":\"https:\/\/legitgrams.com\/wp-content\/uploads\/2024\/09\/Buy-Mercedez-Lebanon-Hash.jpg\",\"width\":600,\"height\":600,\"caption\":\"Mercedez Lebanon Hash for Sale\"},{\"@type\":\"BreadcrumbList\",\"@id\":\"https:\/\/legitgrams.com\/product\/mercedez-lebanon-hash\/#breadcrumb\",\"itemListElement\":[{\"@type\":\"ListItem\",\"position\":1,\"name\":\"Home\",\"item\":\"https:\/\/legitgrams.com\/\"},{\"@type\":\"ListItem\",\"position\":2,\"name\":\"Shop\",\"item\":\"https:\/\/legitgrams.com\/shop\/\"},{\"@type\":\"ListItem\",\"position\":3,\"name\":\"Mercedez Lebanon Hash\"}]},{\"@type\":\"WebSite\",\"@id\":\"https:\/\/legitgrams.com\/#website\",\"url\":\"https:\/\/legitgrams.com\/\",\"name\":\"Legit Grams\",\"description\":\"My WordPress Blog\",\"publisher\":{\"@id\":\"https:\/\/legitgrams.com\/#organization\"},\"potentialAction\":[{\"@type\":\"SearchAction\",\"target\":{\"@type\":\"EntryPoint\",\"urlTemplate\":\"https:\/\/legitgrams.com\/?s={search_term_string}\"},\"query-input\":{\"@type\":\"PropertyValueSpecification\",\"valueRequired\":true,\"valueName\":\"search_term_string\"}}],\"inLanguage\":\"hu\"},{\"@type\":\"Organization\",\"@id\":\"https:\/\/legitgrams.com\/#organization\",\"name\":\"Legit Grams\",\"url\":\"https:\/\/legitgrams.com\/\",\"logo\":{\"@type\":\"ImageObject\",\"inLanguage\":\"hu\",\"@id\":\"https:\/\/legitgrams.com\/#\/schema\/logo\/image\/\",\"url\":\"https:\/\/legitgrams.com\/wp-content\/uploads\/2024\/09\/main-logo.png\",\"contentUrl\":\"https:\/\/legitgrams.com\/wp-content\/uploads\/2024\/09\/main-logo.png\",\"width\":270,\"height\":75,\"caption\":\"Legit Grams\"},\"image\":{\"@id\":\"https:\/\/legitgrams.com\/#\/schema\/logo\/image\/\"}}]}<\/script>\n<!-- \/ Yoast SEO plugin. -->","yoast_head_json":{"title":"Mercedes Lebanon Hash elad\u00f3 a legjobb \u00e1ron | LegitGrails","description":"Megkaphatja a Mercedez Libanon Hash elad\u00f3 a mi boltunkban, \u00e9s minden gond n\u00e9lk\u00fcl megkaphatja a k\u00fcsz\u00f6b\u00f6n. Seg\u00edt\u00fcnk \u00d6nnek megv\u00e1s\u00e1rolni a Mercedez Lebanon Hash-t online. Rendeljen most!","robots":{"index":"index","follow":"follow","max-snippet":"max-snippet:-1","max-image-preview":"max-image-preview:large","max-video-preview":"max-video-preview:-1"},"canonical":"https:\/\/legitgrams.com\/hu\/termek\/mercedez-libanoni-hasis\/","og_locale":"hu_HU","og_type":"article","og_title":"Mercedez Lebanon Hash for Sale at Best price | LegitGrams","og_description":"You can get Mercedez Lebanon Hash for sale at our store and get it at your doorstep without any hassle. We will help you to buy Mercedez Lebanon Hash online. Order now!","og_url":"https:\/\/legitgrams.com\/hu\/termek\/mercedez-libanoni-hasis\/","og_site_name":"Legit Grams","article_modified_time":"2025-01-14T09:42:15+00:00","og_image":[{"width":600,"height":600,"url":"https:\/\/legitgrams.com\/wp-content\/uploads\/2024\/09\/Buy-Mercedez-Lebanon-Hash.jpg","type":"image\/jpeg"}],"twitter_card":"summary_large_image","twitter_misc":{"Becs\u00fclt olvas\u00e1si id\u0151":"2 perc"},"schema":{"@context":"https:\/\/schema.org","@graph":[{"@type":"WebPage","@id":"https:\/\/legitgrams.com\/product\/mercedez-lebanon-hash\/","url":"https:\/\/legitgrams.com\/product\/mercedez-lebanon-hash\/","name":"Mercedes Lebanon Hash elad\u00f3 a legjobb \u00e1ron | LegitGrails","isPartOf":{"@id":"https:\/\/legitgrams.com\/#website"},"primaryImageOfPage":{"@id":"https:\/\/legitgrams.com\/product\/mercedez-lebanon-hash\/#primaryimage"},"image":{"@id":"https:\/\/legitgrams.com\/product\/mercedez-lebanon-hash\/#primaryimage"},"thumbnailUrl":"https:\/\/legitgrams.com\/wp-content\/uploads\/2024\/09\/Buy-Mercedez-Lebanon-Hash.jpg","datePublished":"2024-09-21T08:20:56+00:00","dateModified":"2025-01-14T09:42:15+00:00","description":"Megkaphatja a Mercedez Libanon Hash elad\u00f3 a mi boltunkban, \u00e9s minden gond n\u00e9lk\u00fcl megkaphatja a k\u00fcsz\u00f6b\u00f6n. Seg\u00edt\u00fcnk \u00d6nnek megv\u00e1s\u00e1rolni a Mercedez Lebanon Hash-t online. Rendeljen most!","breadcrumb":{"@id":"https:\/\/legitgrams.com\/product\/mercedez-lebanon-hash\/#breadcrumb"},"inLanguage":"hu","potentialAction":[{"@type":"ReadAction","target":["https:\/\/legitgrams.com\/product\/mercedez-lebanon-hash\/"]}]},{"@type":"ImageObject","inLanguage":"hu","@id":"https:\/\/legitgrams.com\/product\/mercedez-lebanon-hash\/#primaryimage","url":"https:\/\/legitgrams.com\/wp-content\/uploads\/2024\/09\/Buy-Mercedez-Lebanon-Hash.jpg","contentUrl":"https:\/\/legitgrams.com\/wp-content\/uploads\/2024\/09\/Buy-Mercedez-Lebanon-Hash.jpg","width":600,"height":600,"caption":"Mercedez Lebanon Hash for Sale"},{"@type":"BreadcrumbList","@id":"https:\/\/legitgrams.com\/product\/mercedez-lebanon-hash\/#breadcrumb","itemListElement":[{"@type":"ListItem","position":1,"name":"Home","item":"https:\/\/legitgrams.com\/"},{"@type":"ListItem","position":2,"name":"Shop","item":"https:\/\/legitgrams.com\/shop\/"},{"@type":"ListItem","position":3,"name":"Mercedez Lebanon Hash"}]},{"@type":"WebSite","@id":"https:\/\/legitgrams.com\/#website","url":"https:\/\/legitgrams.com\/","name":"Legit Grams","description":"Az \u00e9n WordPress blogom","publisher":{"@id":"https:\/\/legitgrams.com\/#organization"},"potentialAction":[{"@type":"SearchAction","target":{"@type":"EntryPoint","urlTemplate":"https:\/\/legitgrams.com\/?s={search_term_string}"},"query-input":{"@type":"PropertyValueSpecification","valueRequired":true,"valueName":"search_term_string"}}],"inLanguage":"hu"},{"@type":"Organization","@id":"https:\/\/legitgrams.com\/#organization","name":"Legit Grams","url":"https:\/\/legitgrams.com\/","logo":{"@type":"ImageObject","inLanguage":"hu","@id":"https:\/\/legitgrams.com\/#\/schema\/logo\/image\/","url":"https:\/\/legitgrams.com\/wp-content\/uploads\/2024\/09\/main-logo.png","contentUrl":"https:\/\/legitgrams.com\/wp-content\/uploads\/2024\/09\/main-logo.png","width":270,"height":75,"caption":"Legit Grams"},"image":{"@id":"https:\/\/legitgrams.com\/#\/schema\/logo\/image\/"}}]}},"uagb_featured_image_src":{"full":["https:\/\/legitgrams.com\/wp-content\/uploads\/2024\/09\/Buy-Mercedez-Lebanon-Hash.jpg",600,600,false],"thumbnail":["https:\/\/legitgrams.com\/wp-content\/uploads\/2024\/09\/Buy-Mercedez-Lebanon-Hash-150x150.jpg",150,150,true],"medium":["https:\/\/legitgrams.com\/wp-content\/uploads\/2024\/09\/Buy-Mercedez-Lebanon-Hash-300x300.jpg",300,300,true],"medium_large":["https:\/\/legitgrams.com\/wp-content\/uploads\/2024\/09\/Buy-Mercedez-Lebanon-Hash.jpg",600,600,false],"large":["https:\/\/legitgrams.com\/wp-content\/uploads\/2024\/09\/Buy-Mercedez-Lebanon-Hash.jpg",600,600,false],"1536x1536":["https:\/\/legitgrams.com\/wp-content\/uploads\/2024\/09\/Buy-Mercedez-Lebanon-Hash.jpg",600,600,false],"2048x2048":["https:\/\/legitgrams.com\/wp-content\/uploads\/2024\/09\/Buy-Mercedez-Lebanon-Hash.jpg",600,600,false],"trp-custom-language-flag":["https:\/\/legitgrams.com\/wp-content\/uploads\/2024\/09\/Buy-Mercedez-Lebanon-Hash-12x12.jpg",12,12,true],"woocommerce_thumbnail":["https:\/\/legitgrams.com\/wp-content\/uploads\/2024\/09\/Buy-Mercedez-Lebanon-Hash-300x300.jpg",300,300,true],"woocommerce_single":["https:\/\/legitgrams.com\/wp-content\/uploads\/2024\/09\/Buy-Mercedez-Lebanon-Hash.jpg",600,600,false],"woocommerce_gallery_thumbnail":["https:\/\/legitgrams.com\/wp-content\/uploads\/2024\/09\/Buy-Mercedez-Lebanon-Hash-100x100.jpg",100,100,true]},"uagb_author_info":{"display_name":"cokeblog18","author_link":"https:\/\/legitgrams.com\/hu\/author\/"},"uagb_comment_info":0,"uagb_excerpt":"Purchase Online Mercedez Lebanon Hash The black Mercedes is a mid-range hash that is imported from Lebanon. Its surface is dark brown, but its interior is light brown. It has a spicy, earthy flavor with a hint of scent. Its delicate feel and shaping flexibility, particularly when heated, make it easy to work with. Delivery&hellip;","_links":{"self":[{"href":"https:\/\/legitgrams.com\/hu\/wp-json\/wp\/v2\/product\/4010","targetHints":{"allow":["GET"]}}],"collection":[{"href":"https:\/\/legitgrams.com\/hu\/wp-json\/wp\/v2\/product"}],"about":[{"href":"https:\/\/legitgrams.com\/hu\/wp-json\/wp\/v2\/types\/product"}],"replies":[{"embeddable":true,"href":"https:\/\/legitgrams.com\/hu\/wp-json\/wp\/v2\/comments?post=4010"}],"wp:featuredmedia":[{"embeddable":true,"href":"https:\/\/legitgrams.com\/hu\/wp-json\/wp\/v2\/media\/5381"}],"wp:attachment":[{"href":"https:\/\/legitgrams.com\/hu\/wp-json\/wp\/v2\/media?parent=4010"}],"wp:term":[{"taxonomy":"product_brand","embeddable":true,"href":"https:\/\/legitgrams.com\/hu\/wp-json\/wp\/v2\/product_brand?post=4010"},{"taxonomy":"product_cat","embeddable":true,"href":"https:\/\/legitgrams.com\/hu\/wp-json\/wp\/v2\/product_cat?post=4010"},{"taxonomy":"product_tag","embeddable":true,"href":"https:\/\/legitgrams.com\/hu\/wp-json\/wp\/v2\/product_tag?post=4010"}],"curies":[{"name":"wp","href":"https:\/\/api.w.org\/{rel}","templated":true}]}}