{"id":4012,"date":"2024-09-21T08:27:02","date_gmt":"2024-09-21T08:27:02","guid":{"rendered":"https:\/\/legitgrams.com\/?post_type=product&#038;p=4012"},"modified":"2025-04-04T06:14:13","modified_gmt":"2025-04-04T06:14:13","slug":"morokkoi-primero-hasis","status":"publish","type":"product","link":"https:\/\/legitgrams.com\/hu\/termek\/morokkoi-primero-hasis\/","title":{"rendered":"Marokk\u00f3i Primero Hash online v\u00e1s\u00e1rl\u00e1sa"},"content":{"rendered":"<h2>V\u00e1s\u00e1roljon Marokk\u00f3i Primero Hash-t az interneten<\/h2>\n<p>Szerezzen be <a href=\"https:\/\/legitgrams.com\/hu\/termek\/morokkoi-primero-hasis\/\">Primero Hash marokk\u00f3i<\/a>. A hash clone Hash, the <a href=\"https:\/\/www.bing.com\/search?q=VsroljonmarokkiPrimeroHash-tonline&amp;qs=n&amp;form=QBRE&amp;sp=-1&amp;lq=0&amp;pq=vsroljonmarokkiprimerohash-tonline&amp;sc=12-41&amp;sk=&amp;cvid=4FAD7AE5007E4813B4F294F0AAD044E9&amp;ghsh=0&amp;ghacc=0&amp;ghpl=\">Moroccan<\/a> minisztereln\u00f6k, j\u00f3. Mindent figyelembe v\u00e9ve ez t\u00f6rv\u00e9nyes \u00e9s az id\u0151k v\u00e9gezet\u00e9ig lesz is. Nem tartalmaz THC-t, szintetikus kannabinoidokat vagy m\u00e1s kutat\u00e1si szintetikus anyagokat (p\u00e9ld\u00e1ul JWH-018, JWH-073, JWH-250 vagy AM-2209). Feltehet\u0151en ez a rendelkez\u00e9sre \u00e1ll\u00f3 legjobb leg\u00e1lis hasis kl\u00f3n. Csak \u00e1ltal\u00e1nos, \u00e9lelmiszer-min\u0151s\u00e9g\u0171 anyagokat haszn\u00e1lnak. Csod\u00e1latos \u00edze van, kender illata \u00e9s hash \u00e9rz\u00e9se van, ez\u00e9rt \u00fagy t\u0171nik, hogy ugyanazokkal a tulajdons\u00e1gokkal rendelkezik, mint a hash. A Marokk\u00f3i Primero hasis csak a hangsz\u00ednben k\u00fcl\u00f6nb\u00f6zik m\u00e1s term\u00e9keinkt\u0151l. El\u0151sz\u00f6r szerezzen be egy p\u00e9ldacsomagot, ha t\u00f6bbet szeretne megtudni term\u00e9keinkr\u0151l. Leg\u00e1lis hash kl\u00f3n term\u00e9keink \u00e1ra cs\u00f6kkenni fog, ha t\u00f6bbet v\u00e1s\u00e1rol bel\u0151l\u00fck. <a href=\"https:\/\/legitgrams.com\/hu\/\">LegitGrams<\/a><\/p>\n<p><a href=\"https:\/\/duckduckgo.com\/?q=Vsroljon+Honey+Marokki+Szke+Hash+online&amp;t=h_\">V\u00e1s\u00e1roljon Marokk\u00f3i Primero Hash-t<\/a> Megv\u00e1s\u00e1rolhat\u00f3 online: Marokk\u00f3i Primero Hash megv\u00e1s\u00e1rolhat\u00f3 online, Marokk\u00f3i Primero Hash megv\u00e1s\u00e1rolhat\u00f3 online, Marokk\u00f3i Primero Hash v\u00e1s\u00e1rl\u00e1sa online, Marokk\u00f3i Primero Hash v\u00e1s\u00e1rl\u00e1sa, Marokk\u00f3i Primero Hash v\u00e1s\u00e1rl\u00e1sa Elad\u00f3, Marokk\u00f3i Primero Hash v\u00e1s\u00e1rl\u00e1sa Online, Moroccan Primero v\u00e1s\u00e1rl\u00e1sa <a href=\"https:\/\/en.wikipedia.org\/wiki\/Hashish\">Hash<\/a> Elad\u00f3 az Egyes\u00fclt \u00c1llamokban, Kanad\u00e1ban \u00e9s az Egyes\u00fclt Kir\u00e1lys\u00e1gban, Online v\u00e1s\u00e1rl\u00e1s, besz\u00e1ll\u00edt\u00f3k, biztons\u00e1gos sz\u00e1ll\u00edt\u00e1s A marokk\u00f3i Primero Hash jelenleg el\u00e9rhet\u0151. Lehets\u00e9ges a Marokk\u00f3i Primero Hash online v\u00e1s\u00e1rl\u00e1sa? Leg\u00e1lis a marokk\u00f3i Primero Hash haszn\u00e1lata az Egyes\u00fclt \u00c1llamokban? Leg\u00e1lis-e a haszn\u00e1lata <a href=\"https:\/\/www.google.com\/search?q=Buy+Moroccan+Primero+Hash+Online&amp;num=10&amp;sca_esv=1a2a07081c7891bb&amp;rlz=1C1RXQR_enIN1098IN1098&amp;sxsrf=AHTn8zrqf-eV_tohlV3bjZqWtgv4Vt1Adg%3A1741767915579&amp;ei=60TRZ5mCI9ee4-EPqLvz2Qk&amp;ved=0ahUKEwjZo46Pj4SMAxVXzzgGHajdPJsQ4dUDCBA&amp;uact=5&amp;oq=Buy+Moroccan+Primero+Hash+Online&amp;gs_lp=Egxnd3Mtd2l6LXNlcnAiIEJ1eSBNb3JvY2NhbiBQcmltZXJvIEhhc2ggT25saW5lMgUQIRigATIFECEYoAFInxFQwgpYwgpwA3gAkAEAmAHyAaAB8gGqAQMyLTG4AQPIAQD4AQL4AQGYAgGgAvcBmAMAiAYBkgcDMi0xoAezAg&amp;sclient=gws-wiz-serp\">Marokk\u00f3i Primero Hash<\/a> Kanad\u00e1ban?<\/p>\n<h2><\/h2>\n<p>&nbsp;<\/p>","protected":false},"excerpt":{"rendered":"<p>Purchase Moroccan Primero Hash on the Internet Obtain Primero Hash Moroccan. A hash clone Hash, the Moroccan prime minister, is a good one. All things considered, it is and will be lawful till the end of time. It doesn&#8217;t contain THC, synthetic cannabinoids, or other research synthetics (such JWH-018, JWH-073, JWH-250, or AM-2209). It&#8217;s presumably &hellip;<\/p>\n<p class=\"read-more\"> <a class=\"\" href=\"https:\/\/legitgrams.com\/hu\/termek\/morokkoi-primero-hasis\/\"> <span class=\"screen-reader-text\">Marokk\u00f3i Primero Hash online v\u00e1s\u00e1rl\u00e1sa<\/span> Olvass tov\u00e1bb \"<\/a><\/p>","protected":false},"featured_media":5383,"comment_status":"open","ping_status":"closed","template":"","meta":{"_uag_custom_page_level_css":"","site-sidebar-layout":"default","site-content-layout":"default","ast-global-header-display":"","ast-main-header-display":"","ast-hfb-above-header-display":"","ast-hfb-below-header-display":"","ast-hfb-mobile-header-display":"","site-post-title":"","ast-breadcrumbs-content":"","ast-featured-img":"","footer-sml-layout":"","theme-transparent-header-meta":"default","adv-header-id-meta":"","stick-header-meta":"default","header-above-stick-meta":"","header-main-stick-meta":"","header-below-stick-meta":"","_joinchat":[]},"product_brand":[],"product_cat":[605],"product_tag":[2808,2798,617,2790,2805,2802,2797,2789,2792,2800,2793,2791,2801,2803,2810,2811,2809,2806,2795,2807,2804,625,2796,2799,2794],"class_list":{"0":"post-4012","1":"product","2":"type-product","3":"status-publish","4":"has-post-thumbnail","6":"product_cat-hash-hashish","7":"product_tag-best-cheap-price-moroccan-primero-hash","8":"product_tag-best-place-to-buy-moroccan-primero-hash","9":"product_tag-bulk-online","10":"product_tag-buy-moroccan-primero-hash","11":"product_tag-cheap-moroccan-primero-hash","12":"product_tag-high-quality-moroccan-primero-hash","13":"product_tag-how-to-buy-moroccan-primero-hash","14":"product_tag-moroccan-primero-hash","15":"product_tag-moroccan-primero-hash-for-sale","16":"product_tag-moroccan-primero-hash-legally","17":"product_tag-moroccan-primero-hash-moroccan-primero-hash-supplier","18":"product_tag-moroccan-primero-hash-online","19":"product_tag-moroccan-primero-hash-price","20":"product_tag-moroccan-primero-hash-store","21":"product_tag-moroccan-primero-hash-use","22":"product_tag-moroccan-primero-hash-wiki","23":"product_tag-moroccan-primero-hash-worldwide","24":"product_tag-moroccan-primero-hashs","25":"product_tag-order-moroccan-primero-hash","26":"product_tag-purcharse-moroccan-primero-hash","27":"product_tag-shop-moroccan-primero-hash","28":"product_tag-top-quality","29":"product_tag-where-to-buy-moroccan-primero-hash","30":"product_tag-where-to-order-moroccan-primero-hash","31":"product_tag-wholesale-moroccan-primero-hash","32":"desktop-align-left","33":"tablet-align-left","34":"mobile-align-left","35":"ast-product-gallery-layout-horizontal","36":"ast-product-gallery-with-no-image","37":"ast-product-single-variable","38":"ast-product-tabs-layout-horizontal","39":"ast-qv-on-image","41":"first","42":"instock","43":"shipping-taxable","44":"purchasable","45":"product-type-variable"},"yoast_head":"<!-- This site is optimized with the Yoast SEO plugin v25.9 - https:\/\/yoast.com\/wordpress\/plugins\/seo\/ -->\n<title>Moroccan Primero Hash for Sale - Buy Moroccan Primero Hash<\/title>\n<meta name=\"description\" content=\"Find premium Moroccan Primero Hash for sale at our online store, providing a secure platform to buy Moroccan Primero Hash online with ease, catering to your research needs. Hit your order now!\" \/>\n<meta name=\"robots\" content=\"index, follow, max-snippet:-1, max-image-preview:large, max-video-preview:-1\" \/>\n<link rel=\"canonical\" href=\"https:\/\/legitgrams.com\/hu\/termek\/morokkoi-primero-hasis\/\" \/>\n<meta property=\"og:locale\" content=\"hu_HU\" \/>\n<meta property=\"og:type\" content=\"article\" \/>\n<meta property=\"og:title\" content=\"Moroccan Primero Hash for Sale - Buy Moroccan Primero Hash\" \/>\n<meta property=\"og:description\" content=\"Find premium Moroccan Primero Hash for sale at our online store, providing a secure platform to buy Moroccan Primero Hash online with ease, catering to your research needs. Hit your order now!\" \/>\n<meta property=\"og:url\" content=\"https:\/\/legitgrams.com\/hu\/termek\/morokkoi-primero-hasis\/\" \/>\n<meta property=\"og:site_name\" content=\"Legit Grams\" \/>\n<meta property=\"article:modified_time\" content=\"2025-04-04T06:14:13+00:00\" \/>\n<meta property=\"og:image\" content=\"https:\/\/legitgrams.com\/wp-content\/uploads\/2024\/09\/Buy-Moroccan-Primero-Hash.jpg\" \/>\n\t<meta property=\"og:image:width\" content=\"600\" \/>\n\t<meta property=\"og:image:height\" content=\"600\" \/>\n\t<meta property=\"og:image:type\" content=\"image\/jpeg\" \/>\n<meta name=\"twitter:card\" content=\"summary_large_image\" \/>\n<meta name=\"twitter:label1\" content=\"Becs\u00fclt olvas\u00e1si id\u0151\" \/>\n\t<meta name=\"twitter:data1\" content=\"2 perc\" \/>\n<script type=\"application\/ld+json\" class=\"yoast-schema-graph\">{\"@context\":\"https:\/\/schema.org\",\"@graph\":[{\"@type\":\"WebPage\",\"@id\":\"https:\/\/legitgrams.com\/product\/moroccan-primero-hash\/\",\"url\":\"https:\/\/legitgrams.com\/product\/moroccan-primero-hash\/\",\"name\":\"Moroccan Primero Hash for Sale - Buy Moroccan Primero Hash\",\"isPartOf\":{\"@id\":\"https:\/\/legitgrams.com\/#website\"},\"primaryImageOfPage\":{\"@id\":\"https:\/\/legitgrams.com\/product\/moroccan-primero-hash\/#primaryimage\"},\"image\":{\"@id\":\"https:\/\/legitgrams.com\/product\/moroccan-primero-hash\/#primaryimage\"},\"thumbnailUrl\":\"https:\/\/legitgrams.com\/wp-content\/uploads\/2024\/09\/Buy-Moroccan-Primero-Hash.jpg\",\"datePublished\":\"2024-09-21T08:27:02+00:00\",\"dateModified\":\"2025-04-04T06:14:13+00:00\",\"description\":\"Find premium Moroccan Primero Hash for sale at our online store, providing a secure platform to buy Moroccan Primero Hash online with ease, catering to your research needs. Hit your order now!\",\"breadcrumb\":{\"@id\":\"https:\/\/legitgrams.com\/product\/moroccan-primero-hash\/#breadcrumb\"},\"inLanguage\":\"hu\",\"potentialAction\":[{\"@type\":\"ReadAction\",\"target\":[\"https:\/\/legitgrams.com\/product\/moroccan-primero-hash\/\"]}]},{\"@type\":\"ImageObject\",\"inLanguage\":\"hu\",\"@id\":\"https:\/\/legitgrams.com\/product\/moroccan-primero-hash\/#primaryimage\",\"url\":\"https:\/\/legitgrams.com\/wp-content\/uploads\/2024\/09\/Buy-Moroccan-Primero-Hash.jpg\",\"contentUrl\":\"https:\/\/legitgrams.com\/wp-content\/uploads\/2024\/09\/Buy-Moroccan-Primero-Hash.jpg\",\"width\":600,\"height\":600,\"caption\":\"Moroccan Primero Hash for Sale\"},{\"@type\":\"BreadcrumbList\",\"@id\":\"https:\/\/legitgrams.com\/product\/moroccan-primero-hash\/#breadcrumb\",\"itemListElement\":[{\"@type\":\"ListItem\",\"position\":1,\"name\":\"Home\",\"item\":\"https:\/\/legitgrams.com\/\"},{\"@type\":\"ListItem\",\"position\":2,\"name\":\"Shop\",\"item\":\"https:\/\/legitgrams.com\/shop\/\"},{\"@type\":\"ListItem\",\"position\":3,\"name\":\"Buy Moroccan Primero Hash Online\"}]},{\"@type\":\"WebSite\",\"@id\":\"https:\/\/legitgrams.com\/#website\",\"url\":\"https:\/\/legitgrams.com\/\",\"name\":\"Legit Grams\",\"description\":\"My WordPress Blog\",\"publisher\":{\"@id\":\"https:\/\/legitgrams.com\/#organization\"},\"potentialAction\":[{\"@type\":\"SearchAction\",\"target\":{\"@type\":\"EntryPoint\",\"urlTemplate\":\"https:\/\/legitgrams.com\/?s={search_term_string}\"},\"query-input\":{\"@type\":\"PropertyValueSpecification\",\"valueRequired\":true,\"valueName\":\"search_term_string\"}}],\"inLanguage\":\"hu\"},{\"@type\":\"Organization\",\"@id\":\"https:\/\/legitgrams.com\/#organization\",\"name\":\"Legit Grams\",\"url\":\"https:\/\/legitgrams.com\/\",\"logo\":{\"@type\":\"ImageObject\",\"inLanguage\":\"hu\",\"@id\":\"https:\/\/legitgrams.com\/#\/schema\/logo\/image\/\",\"url\":\"https:\/\/legitgrams.com\/wp-content\/uploads\/2024\/09\/main-logo.png\",\"contentUrl\":\"https:\/\/legitgrams.com\/wp-content\/uploads\/2024\/09\/main-logo.png\",\"width\":270,\"height\":75,\"caption\":\"Legit Grams\"},\"image\":{\"@id\":\"https:\/\/legitgrams.com\/#\/schema\/logo\/image\/\"}}]}<\/script>\n<!-- \/ Yoast SEO plugin. -->","yoast_head_json":{"title":"Marokk\u00f3i Primero Hash elad\u00f3 \u2013 V\u00e1s\u00e1roljon marokk\u00f3i Primero Hash-t","description":"Keresse meg a pr\u00e9mium Moroccan Primero Hash elad\u00f3 online \u00e1ruh\u00e1zunkban, amely biztons\u00e1gos platformot biztos\u00edt a Moroccan Primero Hash online v\u00e1s\u00e1rl\u00e1s\u00e1hoz, k\u00f6nnyed\u00e9n, az \u00d6n kutat\u00e1si ig\u00e9nyeinek kiel\u00e9g\u00edt\u00e9s\u00e9re. \u00dcsse le a rendel\u00e9st most!","robots":{"index":"index","follow":"follow","max-snippet":"max-snippet:-1","max-image-preview":"max-image-preview:large","max-video-preview":"max-video-preview:-1"},"canonical":"https:\/\/legitgrams.com\/hu\/termek\/morokkoi-primero-hasis\/","og_locale":"hu_HU","og_type":"article","og_title":"Moroccan Primero Hash for Sale - Buy Moroccan Primero Hash","og_description":"Find premium Moroccan Primero Hash for sale at our online store, providing a secure platform to buy Moroccan Primero Hash online with ease, catering to your research needs. Hit your order now!","og_url":"https:\/\/legitgrams.com\/hu\/termek\/morokkoi-primero-hasis\/","og_site_name":"Legit Grams","article_modified_time":"2025-04-04T06:14:13+00:00","og_image":[{"width":600,"height":600,"url":"https:\/\/legitgrams.com\/wp-content\/uploads\/2024\/09\/Buy-Moroccan-Primero-Hash.jpg","type":"image\/jpeg"}],"twitter_card":"summary_large_image","twitter_misc":{"Becs\u00fclt olvas\u00e1si id\u0151":"2 perc"},"schema":{"@context":"https:\/\/schema.org","@graph":[{"@type":"WebPage","@id":"https:\/\/legitgrams.com\/product\/moroccan-primero-hash\/","url":"https:\/\/legitgrams.com\/product\/moroccan-primero-hash\/","name":"Marokk\u00f3i Primero Hash elad\u00f3 \u2013 V\u00e1s\u00e1roljon marokk\u00f3i Primero Hash-t","isPartOf":{"@id":"https:\/\/legitgrams.com\/#website"},"primaryImageOfPage":{"@id":"https:\/\/legitgrams.com\/product\/moroccan-primero-hash\/#primaryimage"},"image":{"@id":"https:\/\/legitgrams.com\/product\/moroccan-primero-hash\/#primaryimage"},"thumbnailUrl":"https:\/\/legitgrams.com\/wp-content\/uploads\/2024\/09\/Buy-Moroccan-Primero-Hash.jpg","datePublished":"2024-09-21T08:27:02+00:00","dateModified":"2025-04-04T06:14:13+00:00","description":"Keresse meg a pr\u00e9mium Moroccan Primero Hash elad\u00f3 online \u00e1ruh\u00e1zunkban, amely biztons\u00e1gos platformot biztos\u00edt a Moroccan Primero Hash online v\u00e1s\u00e1rl\u00e1s\u00e1hoz, k\u00f6nnyed\u00e9n, az \u00d6n kutat\u00e1si ig\u00e9nyeinek kiel\u00e9g\u00edt\u00e9s\u00e9re. \u00dcsse le a rendel\u00e9st most!","breadcrumb":{"@id":"https:\/\/legitgrams.com\/product\/moroccan-primero-hash\/#breadcrumb"},"inLanguage":"hu","potentialAction":[{"@type":"ReadAction","target":["https:\/\/legitgrams.com\/product\/moroccan-primero-hash\/"]}]},{"@type":"ImageObject","inLanguage":"hu","@id":"https:\/\/legitgrams.com\/product\/moroccan-primero-hash\/#primaryimage","url":"https:\/\/legitgrams.com\/wp-content\/uploads\/2024\/09\/Buy-Moroccan-Primero-Hash.jpg","contentUrl":"https:\/\/legitgrams.com\/wp-content\/uploads\/2024\/09\/Buy-Moroccan-Primero-Hash.jpg","width":600,"height":600,"caption":"Moroccan Primero Hash for Sale"},{"@type":"BreadcrumbList","@id":"https:\/\/legitgrams.com\/product\/moroccan-primero-hash\/#breadcrumb","itemListElement":[{"@type":"ListItem","position":1,"name":"Home","item":"https:\/\/legitgrams.com\/"},{"@type":"ListItem","position":2,"name":"Shop","item":"https:\/\/legitgrams.com\/shop\/"},{"@type":"ListItem","position":3,"name":"Buy Moroccan Primero Hash Online"}]},{"@type":"WebSite","@id":"https:\/\/legitgrams.com\/#website","url":"https:\/\/legitgrams.com\/","name":"Legit Grams","description":"Az \u00e9n WordPress blogom","publisher":{"@id":"https:\/\/legitgrams.com\/#organization"},"potentialAction":[{"@type":"SearchAction","target":{"@type":"EntryPoint","urlTemplate":"https:\/\/legitgrams.com\/?s={search_term_string}"},"query-input":{"@type":"PropertyValueSpecification","valueRequired":true,"valueName":"search_term_string"}}],"inLanguage":"hu"},{"@type":"Organization","@id":"https:\/\/legitgrams.com\/#organization","name":"Legit Grams","url":"https:\/\/legitgrams.com\/","logo":{"@type":"ImageObject","inLanguage":"hu","@id":"https:\/\/legitgrams.com\/#\/schema\/logo\/image\/","url":"https:\/\/legitgrams.com\/wp-content\/uploads\/2024\/09\/main-logo.png","contentUrl":"https:\/\/legitgrams.com\/wp-content\/uploads\/2024\/09\/main-logo.png","width":270,"height":75,"caption":"Legit Grams"},"image":{"@id":"https:\/\/legitgrams.com\/#\/schema\/logo\/image\/"}}]}},"uagb_featured_image_src":{"full":["https:\/\/legitgrams.com\/wp-content\/uploads\/2024\/09\/Buy-Moroccan-Primero-Hash.jpg",600,600,false],"thumbnail":["https:\/\/legitgrams.com\/wp-content\/uploads\/2024\/09\/Buy-Moroccan-Primero-Hash-150x150.jpg",150,150,true],"medium":["https:\/\/legitgrams.com\/wp-content\/uploads\/2024\/09\/Buy-Moroccan-Primero-Hash-300x300.jpg",300,300,true],"medium_large":["https:\/\/legitgrams.com\/wp-content\/uploads\/2024\/09\/Buy-Moroccan-Primero-Hash.jpg",600,600,false],"large":["https:\/\/legitgrams.com\/wp-content\/uploads\/2024\/09\/Buy-Moroccan-Primero-Hash.jpg",600,600,false],"1536x1536":["https:\/\/legitgrams.com\/wp-content\/uploads\/2024\/09\/Buy-Moroccan-Primero-Hash.jpg",600,600,false],"2048x2048":["https:\/\/legitgrams.com\/wp-content\/uploads\/2024\/09\/Buy-Moroccan-Primero-Hash.jpg",600,600,false],"trp-custom-language-flag":["https:\/\/legitgrams.com\/wp-content\/uploads\/2024\/09\/Buy-Moroccan-Primero-Hash-12x12.jpg",12,12,true],"woocommerce_thumbnail":["https:\/\/legitgrams.com\/wp-content\/uploads\/2024\/09\/Buy-Moroccan-Primero-Hash-300x300.jpg",300,300,true],"woocommerce_single":["https:\/\/legitgrams.com\/wp-content\/uploads\/2024\/09\/Buy-Moroccan-Primero-Hash.jpg",600,600,false],"woocommerce_gallery_thumbnail":["https:\/\/legitgrams.com\/wp-content\/uploads\/2024\/09\/Buy-Moroccan-Primero-Hash-100x100.jpg",100,100,true]},"uagb_author_info":{"display_name":"cokeblog18","author_link":"https:\/\/legitgrams.com\/hu\/author\/"},"uagb_comment_info":0,"uagb_excerpt":"Purchase Moroccan Primero Hash on the Internet Obtain Primero Hash Moroccan. A hash clone Hash, the Moroccan prime minister, is a good one. All things considered, it is and will be lawful till the end of time. It doesn&#8217;t contain THC, synthetic cannabinoids, or other research synthetics (such JWH-018, JWH-073, JWH-250, or AM-2209). It&#8217;s presumably&hellip;","_links":{"self":[{"href":"https:\/\/legitgrams.com\/hu\/wp-json\/wp\/v2\/product\/4012","targetHints":{"allow":["GET"]}}],"collection":[{"href":"https:\/\/legitgrams.com\/hu\/wp-json\/wp\/v2\/product"}],"about":[{"href":"https:\/\/legitgrams.com\/hu\/wp-json\/wp\/v2\/types\/product"}],"replies":[{"embeddable":true,"href":"https:\/\/legitgrams.com\/hu\/wp-json\/wp\/v2\/comments?post=4012"}],"wp:featuredmedia":[{"embeddable":true,"href":"https:\/\/legitgrams.com\/hu\/wp-json\/wp\/v2\/media\/5383"}],"wp:attachment":[{"href":"https:\/\/legitgrams.com\/hu\/wp-json\/wp\/v2\/media?parent=4012"}],"wp:term":[{"taxonomy":"product_brand","embeddable":true,"href":"https:\/\/legitgrams.com\/hu\/wp-json\/wp\/v2\/product_brand?post=4012"},{"taxonomy":"product_cat","embeddable":true,"href":"https:\/\/legitgrams.com\/hu\/wp-json\/wp\/v2\/product_cat?post=4012"},{"taxonomy":"product_tag","embeddable":true,"href":"https:\/\/legitgrams.com\/hu\/wp-json\/wp\/v2\/product_tag?post=4012"}],"curies":[{"name":"wp","href":"https:\/\/api.w.org\/{rel}","templated":true}]}}