{"id":4018,"date":"2024-09-21T09:28:22","date_gmt":"2024-09-21T09:28:22","guid":{"rendered":"https:\/\/legitgrams.com\/?post_type=product&#038;p=4018"},"modified":"2025-04-04T05:55:15","modified_gmt":"2025-04-04T05:55:15","slug":"nepali-palcika-hasis","status":"publish","type":"product","link":"https:\/\/legitgrams.com\/hu\/termek\/nepali-palcika-hasis\/","title":{"rendered":"V\u00e1s\u00e1roljon nep\u00e1li bot Hash online"},"content":{"rendered":"<h2>Nep\u00e1li Stick Hash v\u00e1s\u00e1rl\u00e1s online<\/h2>\n<p>A term\u00e9k le\u00edr\u00e1sa: Termeszt\u00e9s: <a href=\"https:\/\/legitgrams.com\/hu\/termek\/nepali-palcika-hasis\/\">Nep\u00e1li hasis<\/a> a botok online el\u00e9rhet\u0151k; a kis kannabisz t\u00f6rzsek az orsz\u00e1g hegyvid\u00e9kein gyakoriak. El\u0151\u00e1ll\u00edt\u00e1s: A gyanta kinyer\u00e9s\u00e9hez a bimb\u00f3kat finoman d\u00f6rzs\u00f6lj\u00fck a teny\u00e9r k\u00f6z\u00f6tt. Az \u00f6sszegy\u0171jt\u00f6tt gyant\u00e1t ezut\u00e1n \u00f6sszenyomj\u00e1k, hogy egy konzisztens hash-goly\u00f3t hozzon l\u00e9tre, m\u00e1s n\u00e9ven templomgoly\u00f3t. Tanuld meg, hova <a href=\"https:\/\/www.bing.com\/search?q=VsroljonNepliStickHash-tonline&amp;qs=n&amp;form=QBRE&amp;sp=-1&amp;lq=0&amp;pq=vsroljonneplistickhash-tonline&amp;sc=12-37&amp;sk=&amp;cvid=BC2C86F1E44C45AB930ABDCFFB9B9708&amp;ghsh=0&amp;ghacc=0&amp;ghpl=\">v\u00e1s\u00e1roljon nep\u00e1li hash rudakat online<\/a> miel\u0151tt a goly\u00f3kat egy ed\u00e9nybe tessz\u00fck. Bels\u0151: s\u00f6t\u00e9tbarna, k\u00fcls\u0151: fekete. Illat: Er\u0151teljes, f\u0171szeres, enyh\u00e9n \u00e9desk\u00e9s illat\u00fa. A nep\u00e1li stick hash online v\u00e1s\u00e1rl\u00e1sa meglehet\u0151sen er\u0151s, m\u00e9g akkor is, ha a hash egy r\u00e9sze elt\u00f6rik. K\u00f3stolja meg: V\u00e1s\u00e1roljon nep\u00e1li hash rudakat online; illatosabbak \u00e9s kellemesebbek, mint az afg\u00e1n hash rudak, de l\u00e9nyegesen kev\u00e9sb\u00e9 f\u0171szeresek is. Konzisztencia: Testh\u0151m\u00e9rs\u00e9kleten \u00e1lland\u00f3. gyakran csak kicsit merevebb, mint az afg\u00e1n. Hat\u00e1s: S\u00falyos fizikai \u00e9s \u00f6sszeoml\u00e1s. Hat\u00e9konys\u00e1g: er\u0151st\u0151l nagyon er\u0151sig. (11%\u201315% THC) El\u00e9rhet\u0151s\u00e9g: Nagyon ritka. Egy\u00e9b: A legnagyobb marihu\u00e1n\u00e1t Nep\u00e1lban termesztik. Ezek a legjobb term\u00e9kek, ha hiteles nep\u00e1li hash rudakat \u00e1rul online, szemben azzal, hogy egyes afg\u00e1nok nep\u00e1linak adj\u00e1k ki magukat. Nep\u00e1l \u00e1ltal\u00e1ban meglehet\u0151sen dr\u00e1ga; Amszterdamban sok k\u00e1v\u00e9z\u00f3ban a nep\u00e1li hash a legjobb hash. Az online kiskeresked\u0151k nep\u00e1li hash rudakat \u00e1rulnak. Fektessen be a <a href=\"https:\/\/www.google.com\/search?q=Buy+Nepalese+Stick+Hash+Online&amp;num=10&amp;sca_esv=1a2a07081c7891bb&amp;rlz=1C1RXQR_enIN1098IN1098&amp;sxsrf=AHTn8zpEutiXnF6ldZ-NzHJT-qwZ-M4Srg%3A1741414284918&amp;ei=jN_LZ5bkN6CPseMPq-jBgQc&amp;ved=0ahUKEwiW2u_e6fmLAxWgR2wGHSt0MHAQ4dUDCBI&amp;uact=5&amp;oq=Buy+Nepalese+Stick+Hash+Online&amp;gs_lp=Egxnd3Mtd2l6LXNlcnAiHkJ1eSBOZXBhbGVzZSBTdGljayBIYXNoIE9ubGluZTIFEAAY7wUyCBAAGIAEGKIEMggQABiiBBiJBUjHCFDxBFjxBHABeAGQAQCYAfEBoAHxAaoBAzItMbgBA8gBAPgBAvgBAZgCAqAC_AHCAgoQABiwAxjWBBhHmAMAiAYBkAYIkgcFMS4wLjGgB5QC&amp;sclient=gws-wiz-serp\">Nep\u00e1li hash stick<\/a> k\u00f6zeli; szerintem mindig meg\u00e9ri, f\u0151leg ha szereted a szikl\u00e1s magas \u00e9rt\u00e9ket, amit ny\u00fajt. Sajnos Nep\u00e1l nagyon ritka manaps\u00e1g itt. A nep\u00e1li hash rudak online \u00e9rt\u00e9kes\u00edt\u00e9se enged\u00e9lyezett; ritk\u00e1n, korl\u00e1tozott mennyis\u00e9gben kaphat\u00f3.<\/p>\n<p>V\u00e1s\u00e1rl\u00e1s Nep\u00e1li bot <a href=\"https:\/\/en.wikipedia.org\/wiki\/Hashish\">Hash<\/a> Online &#8211; purchase Nepalese, purchase <a href=\"https:\/\/duckduckgo.com\/?q=Vsroljon+Nepli+Stick+Hash-t+online&amp;t=h_\">Nep\u00e1li p\u00e1lcika Hash<\/a>, Stick Hash v\u00e1s\u00e1rl\u00e1s online, Nep\u00e1li Stick Hash v\u00e1s\u00e1rl\u00e1sa, Nep\u00e1li Stick Hash v\u00e1s\u00e1rl\u00e1sa Elad\u00f3 Nep\u00e1li Hash v\u00e1s\u00e1rl\u00e1sa, Hash v\u00e1s\u00e1rl\u00e1sa Online, Nep\u00e1li Stick Hash v\u00e1s\u00e1rl\u00e1sa az USA-ban, Kanada, Egyes\u00fclt Kir\u00e1lys\u00e1g, V\u00e1s\u00e1rl\u00e1s, Online, Besz\u00e1ll\u00edt\u00f3k, Biztons\u00e1gos Sz\u00e1ll\u00edt\u00e1s, M\u00e9g van id\u0151 a nep\u00e1li p\u00e1lcika v\u00e1s\u00e1rl\u00e1s\u00e1ra, megtudja, leg\u00e1lis-e a megrendel\u00e9se az Egyes\u00fclt \u00c1llamokban, megtudja, hogyan lehet megrendelni az Egyes\u00fclt \u00c1llamokban, Kanada. <a href=\"https:\/\/legitgrams.com\/hu\/\">LegitGrams<\/a><\/p>\n<p>&nbsp;<\/p>","protected":false},"excerpt":{"rendered":"<p>Nepalese Stick Hash Purchase Online Description of the Product: Cultivation: Nepali hash sticks are available online; small cannabis strains are common across the country&#8217;s mountains. Production: To extract the resin, the buds are gently rubbed between the palms. The collected resin is then squeezed to create a consistent hash ball, also known as a temple &hellip;<\/p>\n<p class=\"read-more\"> <a class=\"\" href=\"https:\/\/legitgrams.com\/hu\/termek\/nepali-palcika-hasis\/\"> <span class=\"screen-reader-text\">V\u00e1s\u00e1roljon nep\u00e1li bot Hash online<\/span> Olvass tov\u00e1bb \"<\/a><\/p>","protected":false},"featured_media":5385,"comment_status":"open","ping_status":"closed","template":"","meta":{"_uag_custom_page_level_css":"","site-sidebar-layout":"default","site-content-layout":"default","ast-global-header-display":"","ast-main-header-display":"","ast-hfb-above-header-display":"","ast-hfb-below-header-display":"","ast-hfb-mobile-header-display":"","site-post-title":"","ast-breadcrumbs-content":"","ast-featured-img":"","footer-sml-layout":"","theme-transparent-header-meta":"default","adv-header-id-meta":"","stick-header-meta":"default","header-above-stick-meta":"","header-main-stick-meta":"","header-below-stick-meta":"","_joinchat":[]},"product_brand":[],"product_cat":[605],"product_tag":[2762,2752,617,2744,2759,2756,2751,2743,2746,2754,2747,2745,2755,2757,2764,2765,2763,2760,2749,2761,2758,625,2750,2753,2748],"class_list":{"0":"post-4018","1":"product","2":"type-product","3":"status-publish","4":"has-post-thumbnail","6":"product_cat-hash-hashish","7":"product_tag-best-cheap-price-nepalese-stick-hash","8":"product_tag-best-place-to-buy-nepalese-stick-hash","9":"product_tag-bulk-online","10":"product_tag-buy-nepalese-stick-hash","11":"product_tag-cheap-nepalese-stick-hash","12":"product_tag-high-quality-nepalese-stick-hash","13":"product_tag-how-to-buy-nepalese-stick-hash","14":"product_tag-nepalese-stick-hash","15":"product_tag-nepalese-stick-hash-for-sale","16":"product_tag-nepalese-stick-hash-legally","17":"product_tag-nepalese-stick-hash-nepalese-stick-hash-supplier","18":"product_tag-nepalese-stick-hash-online","19":"product_tag-nepalese-stick-hash-price","20":"product_tag-nepalese-stick-hash-store","21":"product_tag-nepalese-stick-hash-use","22":"product_tag-nepalese-stick-hash-wiki","23":"product_tag-nepalese-stick-hash-worldwide","24":"product_tag-nepalese-stick-hashs","25":"product_tag-order-nepalese-stick-hash","26":"product_tag-purcharse-nepalese-stick-hash","27":"product_tag-shop-nepalese-stick-hash","28":"product_tag-top-quality","29":"product_tag-where-to-buy-nepalese-stick-hash","30":"product_tag-where-to-order-nepalese-stick-hash","31":"product_tag-wholesale-nepalese-stick-hash","32":"desktop-align-left","33":"tablet-align-left","34":"mobile-align-left","35":"ast-product-gallery-layout-horizontal","36":"ast-product-gallery-with-no-image","37":"ast-product-single-variable","38":"ast-product-tabs-layout-horizontal","39":"ast-qv-on-image","41":"first","42":"instock","43":"shipping-taxable","44":"purchasable","45":"product-type-variable"},"yoast_head":"<!-- This site is optimized with the Yoast SEO plugin v25.9 - https:\/\/yoast.com\/wordpress\/plugins\/seo\/ -->\n<title>Nepalese Stick Hash for Sale - Buy Nepalese Stick Hash Online<\/title>\n<meta name=\"description\" content=\"If you want to buy Nepalese Stick Hash online and looking for a reliable online shop, then buy here. We offer only high-quality Nepalese Stick Hash for sale at an affordable price. Order Nepalese Stick Hash Now!\" \/>\n<meta name=\"robots\" content=\"index, follow, max-snippet:-1, max-image-preview:large, max-video-preview:-1\" \/>\n<link rel=\"canonical\" href=\"https:\/\/legitgrams.com\/hu\/termek\/nepali-palcika-hasis\/\" \/>\n<meta property=\"og:locale\" content=\"hu_HU\" \/>\n<meta property=\"og:type\" content=\"article\" \/>\n<meta property=\"og:title\" content=\"Nepalese Stick Hash for Sale - Buy Nepalese Stick Hash Online\" \/>\n<meta property=\"og:description\" content=\"If you want to buy Nepalese Stick Hash online and looking for a reliable online shop, then buy here. We offer only high-quality Nepalese Stick Hash for sale at an affordable price. Order Nepalese Stick Hash Now!\" \/>\n<meta property=\"og:url\" content=\"https:\/\/legitgrams.com\/hu\/termek\/nepali-palcika-hasis\/\" \/>\n<meta property=\"og:site_name\" content=\"Legit Grams\" \/>\n<meta property=\"article:modified_time\" content=\"2025-04-04T05:55:15+00:00\" \/>\n<meta property=\"og:image\" content=\"https:\/\/legitgrams.com\/wp-content\/uploads\/2024\/09\/Buy-Nepalese-Stick-Hash.jpg\" \/>\n\t<meta property=\"og:image:width\" content=\"600\" \/>\n\t<meta property=\"og:image:height\" content=\"600\" \/>\n\t<meta property=\"og:image:type\" content=\"image\/jpeg\" \/>\n<meta name=\"twitter:card\" content=\"summary_large_image\" \/>\n<meta name=\"twitter:label1\" content=\"Becs\u00fclt olvas\u00e1si id\u0151\" \/>\n\t<meta name=\"twitter:data1\" content=\"2 perc\" \/>\n<script type=\"application\/ld+json\" class=\"yoast-schema-graph\">{\"@context\":\"https:\/\/schema.org\",\"@graph\":[{\"@type\":\"WebPage\",\"@id\":\"https:\/\/legitgrams.com\/product\/nepalese-stick-hash\/\",\"url\":\"https:\/\/legitgrams.com\/product\/nepalese-stick-hash\/\",\"name\":\"Nepalese Stick Hash for Sale - Buy Nepalese Stick Hash Online\",\"isPartOf\":{\"@id\":\"https:\/\/legitgrams.com\/#website\"},\"primaryImageOfPage\":{\"@id\":\"https:\/\/legitgrams.com\/product\/nepalese-stick-hash\/#primaryimage\"},\"image\":{\"@id\":\"https:\/\/legitgrams.com\/product\/nepalese-stick-hash\/#primaryimage\"},\"thumbnailUrl\":\"https:\/\/legitgrams.com\/wp-content\/uploads\/2024\/09\/Buy-Nepalese-Stick-Hash.jpg\",\"datePublished\":\"2024-09-21T09:28:22+00:00\",\"dateModified\":\"2025-04-04T05:55:15+00:00\",\"description\":\"If you want to buy Nepalese Stick Hash online and looking for a reliable online shop, then buy here. We offer only high-quality Nepalese Stick Hash for sale at an affordable price. Order Nepalese Stick Hash Now!\",\"breadcrumb\":{\"@id\":\"https:\/\/legitgrams.com\/product\/nepalese-stick-hash\/#breadcrumb\"},\"inLanguage\":\"hu\",\"potentialAction\":[{\"@type\":\"ReadAction\",\"target\":[\"https:\/\/legitgrams.com\/product\/nepalese-stick-hash\/\"]}]},{\"@type\":\"ImageObject\",\"inLanguage\":\"hu\",\"@id\":\"https:\/\/legitgrams.com\/product\/nepalese-stick-hash\/#primaryimage\",\"url\":\"https:\/\/legitgrams.com\/wp-content\/uploads\/2024\/09\/Buy-Nepalese-Stick-Hash.jpg\",\"contentUrl\":\"https:\/\/legitgrams.com\/wp-content\/uploads\/2024\/09\/Buy-Nepalese-Stick-Hash.jpg\",\"width\":600,\"height\":600,\"caption\":\"Nepalese Stick Hash for Sale\"},{\"@type\":\"BreadcrumbList\",\"@id\":\"https:\/\/legitgrams.com\/product\/nepalese-stick-hash\/#breadcrumb\",\"itemListElement\":[{\"@type\":\"ListItem\",\"position\":1,\"name\":\"Home\",\"item\":\"https:\/\/legitgrams.com\/\"},{\"@type\":\"ListItem\",\"position\":2,\"name\":\"Shop\",\"item\":\"https:\/\/legitgrams.com\/shop\/\"},{\"@type\":\"ListItem\",\"position\":3,\"name\":\"Buy Nepalese Stick Hash Online\"}]},{\"@type\":\"WebSite\",\"@id\":\"https:\/\/legitgrams.com\/#website\",\"url\":\"https:\/\/legitgrams.com\/\",\"name\":\"Legit Grams\",\"description\":\"My WordPress Blog\",\"publisher\":{\"@id\":\"https:\/\/legitgrams.com\/#organization\"},\"potentialAction\":[{\"@type\":\"SearchAction\",\"target\":{\"@type\":\"EntryPoint\",\"urlTemplate\":\"https:\/\/legitgrams.com\/?s={search_term_string}\"},\"query-input\":{\"@type\":\"PropertyValueSpecification\",\"valueRequired\":true,\"valueName\":\"search_term_string\"}}],\"inLanguage\":\"hu\"},{\"@type\":\"Organization\",\"@id\":\"https:\/\/legitgrams.com\/#organization\",\"name\":\"Legit Grams\",\"url\":\"https:\/\/legitgrams.com\/\",\"logo\":{\"@type\":\"ImageObject\",\"inLanguage\":\"hu\",\"@id\":\"https:\/\/legitgrams.com\/#\/schema\/logo\/image\/\",\"url\":\"https:\/\/legitgrams.com\/wp-content\/uploads\/2024\/09\/main-logo.png\",\"contentUrl\":\"https:\/\/legitgrams.com\/wp-content\/uploads\/2024\/09\/main-logo.png\",\"width\":270,\"height\":75,\"caption\":\"Legit Grams\"},\"image\":{\"@id\":\"https:\/\/legitgrams.com\/#\/schema\/logo\/image\/\"}}]}<\/script>\n<!-- \/ Yoast SEO plugin. -->","yoast_head_json":{"title":"Elad\u00f3 nep\u00e1li bot Hash - V\u00e1s\u00e1roljon nep\u00e1li bot Hash Online","description":"Ha szeretne nep\u00e1li p\u00e1lcikahasit v\u00e1s\u00e1rolni online, \u00e9s megb\u00edzhat\u00f3 online boltot keres, akkor v\u00e1s\u00e1roljon itt. Csak kiv\u00e1l\u00f3 min\u0151s\u00e9g\u0171 nep\u00e1li bot Hash k\u00edn\u00e1lunk elad\u00e1sra megfizethet\u0151 \u00e1ron. Rendeljen nep\u00e1li bot Hash most!","robots":{"index":"index","follow":"follow","max-snippet":"max-snippet:-1","max-image-preview":"max-image-preview:large","max-video-preview":"max-video-preview:-1"},"canonical":"https:\/\/legitgrams.com\/hu\/termek\/nepali-palcika-hasis\/","og_locale":"hu_HU","og_type":"article","og_title":"Nepalese Stick Hash for Sale - Buy Nepalese Stick Hash Online","og_description":"If you want to buy Nepalese Stick Hash online and looking for a reliable online shop, then buy here. We offer only high-quality Nepalese Stick Hash for sale at an affordable price. Order Nepalese Stick Hash Now!","og_url":"https:\/\/legitgrams.com\/hu\/termek\/nepali-palcika-hasis\/","og_site_name":"Legit Grams","article_modified_time":"2025-04-04T05:55:15+00:00","og_image":[{"width":600,"height":600,"url":"https:\/\/legitgrams.com\/wp-content\/uploads\/2024\/09\/Buy-Nepalese-Stick-Hash.jpg","type":"image\/jpeg"}],"twitter_card":"summary_large_image","twitter_misc":{"Becs\u00fclt olvas\u00e1si id\u0151":"2 perc"},"schema":{"@context":"https:\/\/schema.org","@graph":[{"@type":"WebPage","@id":"https:\/\/legitgrams.com\/product\/nepalese-stick-hash\/","url":"https:\/\/legitgrams.com\/product\/nepalese-stick-hash\/","name":"Elad\u00f3 nep\u00e1li bot Hash - V\u00e1s\u00e1roljon nep\u00e1li bot Hash Online","isPartOf":{"@id":"https:\/\/legitgrams.com\/#website"},"primaryImageOfPage":{"@id":"https:\/\/legitgrams.com\/product\/nepalese-stick-hash\/#primaryimage"},"image":{"@id":"https:\/\/legitgrams.com\/product\/nepalese-stick-hash\/#primaryimage"},"thumbnailUrl":"https:\/\/legitgrams.com\/wp-content\/uploads\/2024\/09\/Buy-Nepalese-Stick-Hash.jpg","datePublished":"2024-09-21T09:28:22+00:00","dateModified":"2025-04-04T05:55:15+00:00","description":"Ha szeretne nep\u00e1li p\u00e1lcikahasit v\u00e1s\u00e1rolni online, \u00e9s megb\u00edzhat\u00f3 online boltot keres, akkor v\u00e1s\u00e1roljon itt. Csak kiv\u00e1l\u00f3 min\u0151s\u00e9g\u0171 nep\u00e1li bot Hash k\u00edn\u00e1lunk elad\u00e1sra megfizethet\u0151 \u00e1ron. Rendeljen nep\u00e1li bot Hash most!","breadcrumb":{"@id":"https:\/\/legitgrams.com\/product\/nepalese-stick-hash\/#breadcrumb"},"inLanguage":"hu","potentialAction":[{"@type":"ReadAction","target":["https:\/\/legitgrams.com\/product\/nepalese-stick-hash\/"]}]},{"@type":"ImageObject","inLanguage":"hu","@id":"https:\/\/legitgrams.com\/product\/nepalese-stick-hash\/#primaryimage","url":"https:\/\/legitgrams.com\/wp-content\/uploads\/2024\/09\/Buy-Nepalese-Stick-Hash.jpg","contentUrl":"https:\/\/legitgrams.com\/wp-content\/uploads\/2024\/09\/Buy-Nepalese-Stick-Hash.jpg","width":600,"height":600,"caption":"Nepalese Stick Hash for Sale"},{"@type":"BreadcrumbList","@id":"https:\/\/legitgrams.com\/product\/nepalese-stick-hash\/#breadcrumb","itemListElement":[{"@type":"ListItem","position":1,"name":"Home","item":"https:\/\/legitgrams.com\/"},{"@type":"ListItem","position":2,"name":"Shop","item":"https:\/\/legitgrams.com\/shop\/"},{"@type":"ListItem","position":3,"name":"Buy Nepalese Stick Hash Online"}]},{"@type":"WebSite","@id":"https:\/\/legitgrams.com\/#website","url":"https:\/\/legitgrams.com\/","name":"Legit Grams","description":"Az \u00e9n WordPress blogom","publisher":{"@id":"https:\/\/legitgrams.com\/#organization"},"potentialAction":[{"@type":"SearchAction","target":{"@type":"EntryPoint","urlTemplate":"https:\/\/legitgrams.com\/?s={search_term_string}"},"query-input":{"@type":"PropertyValueSpecification","valueRequired":true,"valueName":"search_term_string"}}],"inLanguage":"hu"},{"@type":"Organization","@id":"https:\/\/legitgrams.com\/#organization","name":"Legit Grams","url":"https:\/\/legitgrams.com\/","logo":{"@type":"ImageObject","inLanguage":"hu","@id":"https:\/\/legitgrams.com\/#\/schema\/logo\/image\/","url":"https:\/\/legitgrams.com\/wp-content\/uploads\/2024\/09\/main-logo.png","contentUrl":"https:\/\/legitgrams.com\/wp-content\/uploads\/2024\/09\/main-logo.png","width":270,"height":75,"caption":"Legit Grams"},"image":{"@id":"https:\/\/legitgrams.com\/#\/schema\/logo\/image\/"}}]}},"uagb_featured_image_src":{"full":["https:\/\/legitgrams.com\/wp-content\/uploads\/2024\/09\/Buy-Nepalese-Stick-Hash.jpg",600,600,false],"thumbnail":["https:\/\/legitgrams.com\/wp-content\/uploads\/2024\/09\/Buy-Nepalese-Stick-Hash-150x150.jpg",150,150,true],"medium":["https:\/\/legitgrams.com\/wp-content\/uploads\/2024\/09\/Buy-Nepalese-Stick-Hash-300x300.jpg",300,300,true],"medium_large":["https:\/\/legitgrams.com\/wp-content\/uploads\/2024\/09\/Buy-Nepalese-Stick-Hash.jpg",600,600,false],"large":["https:\/\/legitgrams.com\/wp-content\/uploads\/2024\/09\/Buy-Nepalese-Stick-Hash.jpg",600,600,false],"1536x1536":["https:\/\/legitgrams.com\/wp-content\/uploads\/2024\/09\/Buy-Nepalese-Stick-Hash.jpg",600,600,false],"2048x2048":["https:\/\/legitgrams.com\/wp-content\/uploads\/2024\/09\/Buy-Nepalese-Stick-Hash.jpg",600,600,false],"trp-custom-language-flag":["https:\/\/legitgrams.com\/wp-content\/uploads\/2024\/09\/Buy-Nepalese-Stick-Hash-12x12.jpg",12,12,true],"woocommerce_thumbnail":["https:\/\/legitgrams.com\/wp-content\/uploads\/2024\/09\/Buy-Nepalese-Stick-Hash-300x300.jpg",300,300,true],"woocommerce_single":["https:\/\/legitgrams.com\/wp-content\/uploads\/2024\/09\/Buy-Nepalese-Stick-Hash.jpg",600,600,false],"woocommerce_gallery_thumbnail":["https:\/\/legitgrams.com\/wp-content\/uploads\/2024\/09\/Buy-Nepalese-Stick-Hash-100x100.jpg",100,100,true]},"uagb_author_info":{"display_name":"cokeblog18","author_link":"https:\/\/legitgrams.com\/hu\/author\/"},"uagb_comment_info":0,"uagb_excerpt":"Nepalese Stick Hash Purchase Online Description of the Product: Cultivation: Nepali hash sticks are available online; small cannabis strains are common across the country&#8217;s mountains. Production: To extract the resin, the buds are gently rubbed between the palms. The collected resin is then squeezed to create a consistent hash ball, also known as a temple&hellip;","_links":{"self":[{"href":"https:\/\/legitgrams.com\/hu\/wp-json\/wp\/v2\/product\/4018","targetHints":{"allow":["GET"]}}],"collection":[{"href":"https:\/\/legitgrams.com\/hu\/wp-json\/wp\/v2\/product"}],"about":[{"href":"https:\/\/legitgrams.com\/hu\/wp-json\/wp\/v2\/types\/product"}],"replies":[{"embeddable":true,"href":"https:\/\/legitgrams.com\/hu\/wp-json\/wp\/v2\/comments?post=4018"}],"wp:featuredmedia":[{"embeddable":true,"href":"https:\/\/legitgrams.com\/hu\/wp-json\/wp\/v2\/media\/5385"}],"wp:attachment":[{"href":"https:\/\/legitgrams.com\/hu\/wp-json\/wp\/v2\/media?parent=4018"}],"wp:term":[{"taxonomy":"product_brand","embeddable":true,"href":"https:\/\/legitgrams.com\/hu\/wp-json\/wp\/v2\/product_brand?post=4018"},{"taxonomy":"product_cat","embeddable":true,"href":"https:\/\/legitgrams.com\/hu\/wp-json\/wp\/v2\/product_cat?post=4018"},{"taxonomy":"product_tag","embeddable":true,"href":"https:\/\/legitgrams.com\/hu\/wp-json\/wp\/v2\/product_tag?post=4018"}],"curies":[{"name":"wp","href":"https:\/\/api.w.org\/{rel}","templated":true}]}}