{"id":4019,"date":"2024-09-21T09:39:07","date_gmt":"2024-09-21T09:39:07","guid":{"rendered":"https:\/\/legitgrams.com\/?post_type=product&#038;p=4019"},"modified":"2025-01-14T10:38:49","modified_gmt":"2025-01-14T10:38:49","slug":"pink-kush-hash","status":"publish","type":"product","link":"https:\/\/legitgrams.com\/hu\/termek\/pink-kush-hash\/","title":{"rendered":"Pink Kush Hash"},"content":{"rendered":"<h2>V\u00e1s\u00e1roljon Pink Kush Hash-t online<\/h2>\n<p>Tudni, hogy mi a jogi hasis, miben k\u00fcl\u00f6nb\u00f6zik m\u00e1s f\u0171term\u00e9kekt\u0151l, \u00e9s hogyan kapcsol\u00f3dik a kannabiszhoz, elengedhetetlen tud\u00e1s, miel\u0151tt online v\u00e1s\u00e1rolna. <a href=\"https:\/\/en.wikipedia.org\/wiki\/Hashish\">Hash<\/a>, egy m\u00e1sik megk\u00f6zel\u00edt\u00e9s, hogy foglalkozzon az \u00e1llam \"hasis,\" egy kannabisz koncentr\u00e1tum sz\u00e1ll\u00edtott felhaszn\u00e1l\u00e1s\u00e1val a p\u00e1lya egy pot n\u00f6v\u00e9ny. A folyamat sor\u00e1n a kannabisz n\u00f6v\u00e9ny vir\u00e1gair\u00f3l lev\u00e1lasztj\u00e1k a nedvszerveket, amelyeket n\u00e9ha trichom\u00e1knak neveznek. A Maryjane term\u00e9kek egyedi jellemz\u0151i\u00e9rt \u00e9s tulajdons\u00e1gai\u00e9rt felel\u0151s kever\u00e9kek a jelent\u00e9sek szerint ezekben a trichom\u00e1kban tal\u00e1lhat\u00f3 terp\u00e9nek \u00e9s kannabinoidok legmagasabb koncentr\u00e1ci\u00f3j\u00e1t tartalmazz\u00e1k. A terp\u00e9nek \u00e9s kannabinoidok magas koncentr\u00e1ci\u00f3j\u00e1nak k\u00f6sz\u00f6nhet\u0151en a hasis figyelemre m\u00e9lt\u00f3 m\u00f3don k\u00e9pes rendk\u00edv\u00fcl er\u0151s \u00e9s ter\u00e1pi\u00e1s \u00e9lm\u00e9nyt ny\u00fajtani a kannabiszhaszn\u00e1l\u00f3knak. A hasisolaj c\u00e9lja a hat\u00e1sos kannabiszkivon\u00f3, amely alkalmas fogyaszt\u00e1sra, p\u00e1rol\u00e1sra, doh\u00e1nyz\u00e1sra \u00e9s b\u0151rrad\u00edroz\u00e1sra. Vannak esetek, amikor a hasisolaj haszn\u00e1lat\u00e1ra \u00fagy hivatkoznak, mint \"el\u00e9r\u00e9s\" vagy \"fogyaszt\u00e1s\". A THC, vagyis a delta-9-tetrahidrokannabinol a kannabiszn\u00f6v\u00e9nyekb\u0151l sz\u00e1rmaz\u00f3 hasisolaj egyik \u00f6sszetev\u0151je, amely ugyanolyan forradalmi, mint a t\u00f6bbi Maryjane term\u00e9k.<\/p>\n<p>Ett\u0151l f\u00fcggetlen\u00fcl a hasisolaj er\u0151sebb, a THC-forr\u00e1s ak\u00e1r 90%-rel is megn\u00f6vekedhet. T\u00e9ny, hogy a t\u00f6bbi kannabisz n\u00f6v\u00e9nyi term\u00e9k THC-tartalma jellemz\u0151en 12%. Megb\u00edzhat\u00f3<\/p>\n<p>Jelenleg a CO2 extrakci\u00f3 a leghat\u00e9konyabb m\u00f3dszer a THC olaj kinyer\u00e9s\u00e9re. Ez egyben a legelterjedtebb \u00e9s legbiztons\u00e1gosabb m\u00f3dszer a p\u00e1rlat, az \u00e9l\u0151 gumikamionok \u00e9s a kannabiszolaj el\u0151\u00e1ll\u00edt\u00e1s\u00e1ra. Az ok, ami\u00e9rt manaps\u00e1g annyira sz\u00fcks\u00e9ges, az az, hogy ez a THC olaj nem tartalmaz extra old\u00f3szereket, mint p\u00e9ld\u00e1ul but\u00e1n vagy alkohol. <a href=\"https:\/\/legitgrams.com\/hu\/\">LegitGrams<\/a><\/p>\n<p>A legt\u00f6bb THC-vel d\u00fas\u00edtott olajok t\u00f6bbs\u00e9ge egyfajta cs\u00f6kken\u0151 el\u0151k\u00e9sz\u00edtett szak\u00e9rt\u0151. Ez sz\u00fcks\u00e9ges az olaj t\u00f6k\u00e9letes p\u00e1rol\u00e1si konzisztenci\u00e1j\u00e1nak fenntart\u00e1s\u00e1hoz. A k\u00e9t legcsod\u00e1latosabb reduk\u00e1l\u00f3szer, amely jellemz\u0151en jelen van a standard e-fluidban, a n\u00f6v\u00e9nyi glicerin (VG) \u00e9s a propil\u00e9nglikol (PG). N\u00e9h\u00e1nyan k\u00fcl\u00f6nb\u00f6z\u0151 t\u00f6lt\u0151anyagokat tartalmaznak, mint p\u00e9ld\u00e1ul a PEG, \u00e9s jelent\u0151sen k\u00e9s\u0151n indulnak TEC Temper, egy m\u00e1sik, a hagyom\u00e1nyos terp\u00e9nekb\u0151l sz\u00e1rmaz\u00f3 \u00e1llapot. Hash olaj, amely megv\u00e1s\u00e1rolhat\u00f3.<\/p>\n<p><a href=\"https:\/\/legitgrams.com\/hu\/termek\/pink-kush-hash\/\">V\u00e1s\u00e1rolj Pink Kush Hash online<\/a>: V\u00e1s\u00e1rl\u00e1s Kush, v\u00e1s\u00e1rl\u00e1s Pink Kush Hash, v\u00e1s\u00e1rl\u00e1s Pink Hash Online, Hol lehet v\u00e1s\u00e1rolni Pink Kush Hash, v\u00e1s\u00e1rl\u00e1s Pink Kush Hash elad\u00f3, v\u00e1s\u00e1rl\u00e1s Hash Online, v\u00e1s\u00e1rl\u00e1s Pink Kush Hash az USA-ban, Kanada, Egyes\u00fclt Kir\u00e1lys\u00e1g, v\u00e1s\u00e1rl\u00e1s, Online, besz\u00e1ll\u00edt\u00f3k, biztons\u00e1gos sz\u00e1ll\u00edt\u00e1s M\u00e9g mindig kap Pink Kush Hash, megtudja, hogy ez leg\u00e1lis az USA-ban, szerezzen Pink Kush Hash online, \u00e9s megtudja, hogy ez leg\u00e1lis Kanad\u00e1ban.<\/p>\n<p>&nbsp;<\/p>","protected":false},"excerpt":{"rendered":"<p>Purchase Pink Kush Hash Online Knowing what legal hash is, how it differs from other weed products, and how it relates to cannabis is essential knowledge to have before making an online purchase. Hash, another approach to deal with the state \u201chashish,\u201d is a cannabis concentrate delivered utilizing the pitch of a pot plant. The &hellip;<\/p>\n<p class=\"read-more\"> <a class=\"\" href=\"https:\/\/legitgrams.com\/hu\/termek\/pink-kush-hash\/\"> <span class=\"screen-reader-text\">Pink Kush Hash<\/span> Olvass tov\u00e1bb \"<\/a><\/p>","protected":false},"featured_media":5386,"comment_status":"open","ping_status":"closed","template":"","meta":{"_uag_custom_page_level_css":"","site-sidebar-layout":"default","site-content-layout":"default","ast-global-header-display":"","ast-main-header-display":"","ast-hfb-above-header-display":"","ast-hfb-below-header-display":"","ast-hfb-mobile-header-display":"","site-post-title":"","ast-breadcrumbs-content":"","ast-featured-img":"","footer-sml-layout":"","theme-transparent-header-meta":"default","adv-header-id-meta":"","stick-header-meta":"default","header-above-stick-meta":"","header-main-stick-meta":"","header-below-stick-meta":"","_joinchat":[]},"product_brand":[],"product_cat":[605],"product_tag":[2739,2729,617,2721,2736,2733,2728,2726,2720,2723,2731,2722,2724,2732,2734,2741,2742,2740,2737,2738,2735,625,2727,2730,2725],"class_list":{"0":"post-4019","1":"product","2":"type-product","3":"status-publish","4":"has-post-thumbnail","6":"product_cat-hash-hashish","7":"product_tag-best-cheap-price-pink-kush-hash","8":"product_tag-best-place-to-buy-pink-kush-hash","9":"product_tag-bulk-online","10":"product_tag-buy-pink-kush-hash","11":"product_tag-cheap-pink-kush-hash","12":"product_tag-high-quality-pink-kush-hash","13":"product_tag-how-to-buy-pink-kush-hash","14":"product_tag-order-pink-kush-hash","15":"product_tag-pink-kush-hash","16":"product_tag-pink-kush-hash-for-sale","17":"product_tag-pink-kush-hash-legally","18":"product_tag-pink-kush-hash-online","19":"product_tag-pink-kush-hash-pink-kush-hash-supplier","20":"product_tag-pink-kush-hash-price","21":"product_tag-pink-kush-hash-store","22":"product_tag-pink-kush-hash-use","23":"product_tag-pink-kush-hash-wiki","24":"product_tag-pink-kush-hash-worldwide","25":"product_tag-pink-kush-hashs","26":"product_tag-purcharse-pink-kush-hash","27":"product_tag-shop-pink-kush-hash","28":"product_tag-top-quality","29":"product_tag-where-to-buy-pink-kush-hash","30":"product_tag-where-to-order-pink-kush-hash","31":"product_tag-wholesale-pink-kush-hash","32":"desktop-align-left","33":"tablet-align-left","34":"mobile-align-left","35":"ast-product-gallery-layout-horizontal","36":"ast-product-gallery-with-no-image","37":"ast-product-single-variable","38":"ast-product-tabs-layout-horizontal","39":"ast-qv-on-image","41":"first","42":"instock","43":"shipping-taxable","44":"purchasable","45":"product-type-variable"},"yoast_head":"<!-- This site is optimized with the Yoast SEO plugin v25.9 - https:\/\/yoast.com\/wordpress\/plugins\/seo\/ -->\n<title>Pink Kush Hash for Sale - Order Pink Kush Hash Online<\/title>\n<meta name=\"description\" content=\"Discover top-notch Pink Kush Hash for sale at our online store - buy Pink Kush Hash conveniently and securely to fuel your research. Explore and buy Pink Kush Hash online, advancing your scientific endeavors with ease. Order Now!\" \/>\n<meta name=\"robots\" content=\"index, follow, max-snippet:-1, max-image-preview:large, max-video-preview:-1\" \/>\n<link rel=\"canonical\" href=\"https:\/\/legitgrams.com\/hu\/termek\/pink-kush-hash\/\" \/>\n<meta property=\"og:locale\" content=\"hu_HU\" \/>\n<meta property=\"og:type\" content=\"article\" \/>\n<meta property=\"og:title\" content=\"Pink Kush Hash for Sale - Order Pink Kush Hash Online\" \/>\n<meta property=\"og:description\" content=\"Discover top-notch Pink Kush Hash for sale at our online store - buy Pink Kush Hash conveniently and securely to fuel your research. Explore and buy Pink Kush Hash online, advancing your scientific endeavors with ease. Order Now!\" \/>\n<meta property=\"og:url\" content=\"https:\/\/legitgrams.com\/hu\/termek\/pink-kush-hash\/\" \/>\n<meta property=\"og:site_name\" content=\"Legit Grams\" \/>\n<meta property=\"article:modified_time\" content=\"2025-01-14T10:38:49+00:00\" \/>\n<meta property=\"og:image\" content=\"https:\/\/legitgrams.com\/wp-content\/uploads\/2024\/09\/buy-pink-kush-hash.jpg\" \/>\n\t<meta property=\"og:image:width\" content=\"600\" \/>\n\t<meta property=\"og:image:height\" content=\"600\" \/>\n\t<meta property=\"og:image:type\" content=\"image\/jpeg\" \/>\n<meta name=\"twitter:card\" content=\"summary_large_image\" \/>\n<meta name=\"twitter:label1\" content=\"Becs\u00fclt olvas\u00e1si id\u0151\" \/>\n\t<meta name=\"twitter:data1\" content=\"2 perc\" \/>\n<script type=\"application\/ld+json\" class=\"yoast-schema-graph\">{\"@context\":\"https:\/\/schema.org\",\"@graph\":[{\"@type\":\"WebPage\",\"@id\":\"https:\/\/legitgrams.com\/product\/pink-kush-hash\/\",\"url\":\"https:\/\/legitgrams.com\/product\/pink-kush-hash\/\",\"name\":\"Pink Kush Hash for Sale - Order Pink Kush Hash Online\",\"isPartOf\":{\"@id\":\"https:\/\/legitgrams.com\/#website\"},\"primaryImageOfPage\":{\"@id\":\"https:\/\/legitgrams.com\/product\/pink-kush-hash\/#primaryimage\"},\"image\":{\"@id\":\"https:\/\/legitgrams.com\/product\/pink-kush-hash\/#primaryimage\"},\"thumbnailUrl\":\"https:\/\/legitgrams.com\/wp-content\/uploads\/2024\/09\/buy-pink-kush-hash.jpg\",\"datePublished\":\"2024-09-21T09:39:07+00:00\",\"dateModified\":\"2025-01-14T10:38:49+00:00\",\"description\":\"Discover top-notch Pink Kush Hash for sale at our online store - buy Pink Kush Hash conveniently and securely to fuel your research. Explore and buy Pink Kush Hash online, advancing your scientific endeavors with ease. Order Now!\",\"breadcrumb\":{\"@id\":\"https:\/\/legitgrams.com\/product\/pink-kush-hash\/#breadcrumb\"},\"inLanguage\":\"hu\",\"potentialAction\":[{\"@type\":\"ReadAction\",\"target\":[\"https:\/\/legitgrams.com\/product\/pink-kush-hash\/\"]}]},{\"@type\":\"ImageObject\",\"inLanguage\":\"hu\",\"@id\":\"https:\/\/legitgrams.com\/product\/pink-kush-hash\/#primaryimage\",\"url\":\"https:\/\/legitgrams.com\/wp-content\/uploads\/2024\/09\/buy-pink-kush-hash.jpg\",\"contentUrl\":\"https:\/\/legitgrams.com\/wp-content\/uploads\/2024\/09\/buy-pink-kush-hash.jpg\",\"width\":600,\"height\":600,\"caption\":\"Pink Kush Hash for Sale\"},{\"@type\":\"BreadcrumbList\",\"@id\":\"https:\/\/legitgrams.com\/product\/pink-kush-hash\/#breadcrumb\",\"itemListElement\":[{\"@type\":\"ListItem\",\"position\":1,\"name\":\"Home\",\"item\":\"https:\/\/legitgrams.com\/\"},{\"@type\":\"ListItem\",\"position\":2,\"name\":\"Shop\",\"item\":\"https:\/\/legitgrams.com\/shop\/\"},{\"@type\":\"ListItem\",\"position\":3,\"name\":\"Pink Kush Hash\"}]},{\"@type\":\"WebSite\",\"@id\":\"https:\/\/legitgrams.com\/#website\",\"url\":\"https:\/\/legitgrams.com\/\",\"name\":\"Legit Grams\",\"description\":\"My WordPress Blog\",\"publisher\":{\"@id\":\"https:\/\/legitgrams.com\/#organization\"},\"potentialAction\":[{\"@type\":\"SearchAction\",\"target\":{\"@type\":\"EntryPoint\",\"urlTemplate\":\"https:\/\/legitgrams.com\/?s={search_term_string}\"},\"query-input\":{\"@type\":\"PropertyValueSpecification\",\"valueRequired\":true,\"valueName\":\"search_term_string\"}}],\"inLanguage\":\"hu\"},{\"@type\":\"Organization\",\"@id\":\"https:\/\/legitgrams.com\/#organization\",\"name\":\"Legit Grams\",\"url\":\"https:\/\/legitgrams.com\/\",\"logo\":{\"@type\":\"ImageObject\",\"inLanguage\":\"hu\",\"@id\":\"https:\/\/legitgrams.com\/#\/schema\/logo\/image\/\",\"url\":\"https:\/\/legitgrams.com\/wp-content\/uploads\/2024\/09\/main-logo.png\",\"contentUrl\":\"https:\/\/legitgrams.com\/wp-content\/uploads\/2024\/09\/main-logo.png\",\"width\":270,\"height\":75,\"caption\":\"Legit Grams\"},\"image\":{\"@id\":\"https:\/\/legitgrams.com\/#\/schema\/logo\/image\/\"}}]}<\/script>\n<!-- \/ Yoast SEO plugin. -->","yoast_head_json":{"title":"Pink Kush Hash elad\u00f3 - Rendeljen Pink Kush Hash online","description":"Fedezze fel a kiv\u00e1l\u00f3 min\u0151s\u00e9g\u0171 Pink Kush Hash elad\u00f3 online \u00e1ruh\u00e1zunkban - v\u00e1s\u00e1roljon Pink Kush Hash-t k\u00e9nyelmesen \u00e9s biztons\u00e1gosan a kutat\u00e1saihoz. Fedezze fel \u00e9s v\u00e1s\u00e1roljon Pink Kush Hash-t online, k\u00f6nnyed\u00e9n el\u0151mozd\u00edtva tudom\u00e1nyos t\u00f6rekv\u00e9seit. Rendeljen most!","robots":{"index":"index","follow":"follow","max-snippet":"max-snippet:-1","max-image-preview":"max-image-preview:large","max-video-preview":"max-video-preview:-1"},"canonical":"https:\/\/legitgrams.com\/hu\/termek\/pink-kush-hash\/","og_locale":"hu_HU","og_type":"article","og_title":"Pink Kush Hash for Sale - Order Pink Kush Hash Online","og_description":"Discover top-notch Pink Kush Hash for sale at our online store - buy Pink Kush Hash conveniently and securely to fuel your research. Explore and buy Pink Kush Hash online, advancing your scientific endeavors with ease. Order Now!","og_url":"https:\/\/legitgrams.com\/hu\/termek\/pink-kush-hash\/","og_site_name":"Legit Grams","article_modified_time":"2025-01-14T10:38:49+00:00","og_image":[{"width":600,"height":600,"url":"https:\/\/legitgrams.com\/wp-content\/uploads\/2024\/09\/buy-pink-kush-hash.jpg","type":"image\/jpeg"}],"twitter_card":"summary_large_image","twitter_misc":{"Becs\u00fclt olvas\u00e1si id\u0151":"2 perc"},"schema":{"@context":"https:\/\/schema.org","@graph":[{"@type":"WebPage","@id":"https:\/\/legitgrams.com\/product\/pink-kush-hash\/","url":"https:\/\/legitgrams.com\/product\/pink-kush-hash\/","name":"Pink Kush Hash elad\u00f3 - Rendeljen Pink Kush Hash online","isPartOf":{"@id":"https:\/\/legitgrams.com\/#website"},"primaryImageOfPage":{"@id":"https:\/\/legitgrams.com\/product\/pink-kush-hash\/#primaryimage"},"image":{"@id":"https:\/\/legitgrams.com\/product\/pink-kush-hash\/#primaryimage"},"thumbnailUrl":"https:\/\/legitgrams.com\/wp-content\/uploads\/2024\/09\/buy-pink-kush-hash.jpg","datePublished":"2024-09-21T09:39:07+00:00","dateModified":"2025-01-14T10:38:49+00:00","description":"Fedezze fel a kiv\u00e1l\u00f3 min\u0151s\u00e9g\u0171 Pink Kush Hash elad\u00f3 online \u00e1ruh\u00e1zunkban - v\u00e1s\u00e1roljon Pink Kush Hash-t k\u00e9nyelmesen \u00e9s biztons\u00e1gosan a kutat\u00e1saihoz. Fedezze fel \u00e9s v\u00e1s\u00e1roljon Pink Kush Hash-t online, k\u00f6nnyed\u00e9n el\u0151mozd\u00edtva tudom\u00e1nyos t\u00f6rekv\u00e9seit. Rendeljen most!","breadcrumb":{"@id":"https:\/\/legitgrams.com\/product\/pink-kush-hash\/#breadcrumb"},"inLanguage":"hu","potentialAction":[{"@type":"ReadAction","target":["https:\/\/legitgrams.com\/product\/pink-kush-hash\/"]}]},{"@type":"ImageObject","inLanguage":"hu","@id":"https:\/\/legitgrams.com\/product\/pink-kush-hash\/#primaryimage","url":"https:\/\/legitgrams.com\/wp-content\/uploads\/2024\/09\/buy-pink-kush-hash.jpg","contentUrl":"https:\/\/legitgrams.com\/wp-content\/uploads\/2024\/09\/buy-pink-kush-hash.jpg","width":600,"height":600,"caption":"Pink Kush Hash for Sale"},{"@type":"BreadcrumbList","@id":"https:\/\/legitgrams.com\/product\/pink-kush-hash\/#breadcrumb","itemListElement":[{"@type":"ListItem","position":1,"name":"Home","item":"https:\/\/legitgrams.com\/"},{"@type":"ListItem","position":2,"name":"Shop","item":"https:\/\/legitgrams.com\/shop\/"},{"@type":"ListItem","position":3,"name":"Pink Kush Hash"}]},{"@type":"WebSite","@id":"https:\/\/legitgrams.com\/#website","url":"https:\/\/legitgrams.com\/","name":"Legit Grams","description":"Az \u00e9n WordPress blogom","publisher":{"@id":"https:\/\/legitgrams.com\/#organization"},"potentialAction":[{"@type":"SearchAction","target":{"@type":"EntryPoint","urlTemplate":"https:\/\/legitgrams.com\/?s={search_term_string}"},"query-input":{"@type":"PropertyValueSpecification","valueRequired":true,"valueName":"search_term_string"}}],"inLanguage":"hu"},{"@type":"Organization","@id":"https:\/\/legitgrams.com\/#organization","name":"Legit Grams","url":"https:\/\/legitgrams.com\/","logo":{"@type":"ImageObject","inLanguage":"hu","@id":"https:\/\/legitgrams.com\/#\/schema\/logo\/image\/","url":"https:\/\/legitgrams.com\/wp-content\/uploads\/2024\/09\/main-logo.png","contentUrl":"https:\/\/legitgrams.com\/wp-content\/uploads\/2024\/09\/main-logo.png","width":270,"height":75,"caption":"Legit Grams"},"image":{"@id":"https:\/\/legitgrams.com\/#\/schema\/logo\/image\/"}}]}},"uagb_featured_image_src":{"full":["https:\/\/legitgrams.com\/wp-content\/uploads\/2024\/09\/buy-pink-kush-hash.jpg",600,600,false],"thumbnail":["https:\/\/legitgrams.com\/wp-content\/uploads\/2024\/09\/buy-pink-kush-hash-150x150.jpg",150,150,true],"medium":["https:\/\/legitgrams.com\/wp-content\/uploads\/2024\/09\/buy-pink-kush-hash-300x300.jpg",300,300,true],"medium_large":["https:\/\/legitgrams.com\/wp-content\/uploads\/2024\/09\/buy-pink-kush-hash.jpg",600,600,false],"large":["https:\/\/legitgrams.com\/wp-content\/uploads\/2024\/09\/buy-pink-kush-hash.jpg",600,600,false],"1536x1536":["https:\/\/legitgrams.com\/wp-content\/uploads\/2024\/09\/buy-pink-kush-hash.jpg",600,600,false],"2048x2048":["https:\/\/legitgrams.com\/wp-content\/uploads\/2024\/09\/buy-pink-kush-hash.jpg",600,600,false],"trp-custom-language-flag":["https:\/\/legitgrams.com\/wp-content\/uploads\/2024\/09\/buy-pink-kush-hash-12x12.jpg",12,12,true],"woocommerce_thumbnail":["https:\/\/legitgrams.com\/wp-content\/uploads\/2024\/09\/buy-pink-kush-hash-300x300.jpg",300,300,true],"woocommerce_single":["https:\/\/legitgrams.com\/wp-content\/uploads\/2024\/09\/buy-pink-kush-hash.jpg",600,600,false],"woocommerce_gallery_thumbnail":["https:\/\/legitgrams.com\/wp-content\/uploads\/2024\/09\/buy-pink-kush-hash-100x100.jpg",100,100,true]},"uagb_author_info":{"display_name":"cokeblog18","author_link":"https:\/\/legitgrams.com\/hu\/author\/"},"uagb_comment_info":0,"uagb_excerpt":"Purchase Pink Kush Hash Online Knowing what legal hash is, how it differs from other weed products, and how it relates to cannabis is essential knowledge to have before making an online purchase. Hash, another approach to deal with the state \u201chashish,\u201d is a cannabis concentrate delivered utilizing the pitch of a pot plant. The&hellip;","_links":{"self":[{"href":"https:\/\/legitgrams.com\/hu\/wp-json\/wp\/v2\/product\/4019","targetHints":{"allow":["GET"]}}],"collection":[{"href":"https:\/\/legitgrams.com\/hu\/wp-json\/wp\/v2\/product"}],"about":[{"href":"https:\/\/legitgrams.com\/hu\/wp-json\/wp\/v2\/types\/product"}],"replies":[{"embeddable":true,"href":"https:\/\/legitgrams.com\/hu\/wp-json\/wp\/v2\/comments?post=4019"}],"wp:featuredmedia":[{"embeddable":true,"href":"https:\/\/legitgrams.com\/hu\/wp-json\/wp\/v2\/media\/5386"}],"wp:attachment":[{"href":"https:\/\/legitgrams.com\/hu\/wp-json\/wp\/v2\/media?parent=4019"}],"wp:term":[{"taxonomy":"product_brand","embeddable":true,"href":"https:\/\/legitgrams.com\/hu\/wp-json\/wp\/v2\/product_brand?post=4019"},{"taxonomy":"product_cat","embeddable":true,"href":"https:\/\/legitgrams.com\/hu\/wp-json\/wp\/v2\/product_cat?post=4019"},{"taxonomy":"product_tag","embeddable":true,"href":"https:\/\/legitgrams.com\/hu\/wp-json\/wp\/v2\/product_tag?post=4019"}],"curies":[{"name":"wp","href":"https:\/\/api.w.org\/{rel}","templated":true}]}}