{"id":4170,"date":"2024-09-21T12:08:45","date_gmt":"2024-09-21T12:08:45","guid":{"rendered":"https:\/\/legitgrams.com\/?post_type=product&#038;p=4170"},"modified":"2025-01-13T09:14:29","modified_gmt":"2025-01-13T09:14:29","slug":"alaszkai-mennydorges-fuck-budder-top-shelf","status":"publish","type":"product","link":"https:\/\/legitgrams.com\/hu\/termek\/alaszkai-mennydorges-fuck-budder-top-shelf\/","title":{"rendered":"Alaszkai Thunder Fuck Budder - Top Shelf"},"content":{"rendered":"<h2>Legfels\u0151 polc online: Alaszkai Thunder Fuck Budder elad\u00f3<\/h2>\n<p>Sz\u00e1rmaz\u00e1si hely <a href=\"https:\/\/legitgrams.com\/hu\/termek\/alaszkai-mennydorges-fuck-budder-top-shelf\/\">Alaszka<\/a> Matanuska Valley, Alaszkai Thunder Fuck egy speci\u00e1lis sativa-domin\u00e1ns t\u00f6rzs. M\u00e1s nevek: Matanuska Tundra, Matanuska Thunder Fuck \u00e9s ATF. Felt\u00e9telez\u00e9sek szerint egy \u00e9szak-kaliforniai sativa \u00e9s egy orosz ruderalis keresztezte, de az 1970-es \u00e9vek v\u00e9g\u00e9n afg\u00e1n genetik\u00e1val keresztezt\u00e9k. Ez a t\u00f6rzs er\u0151teljes arom\u00e1j\u00fa, amely mag\u00e1ban foglalja a mentol \u00e9s a skunk jegyeit, valamint a citromot \u00e9s a feny\u0151t. Az ATF n\u00e9pszer\u0171 az \u00e9hs\u00e9get serkent\u0151 k\u00e9pess\u00e9ge \u00e9s a k\u00fasz\u00f3n\u00f6v\u00e9ny-szer\u0171 hat\u00e1sa miatt. A magas ATF els\u0151 jele a hirtelen fell\u00e9p\u0151 agyi stimul\u00e1ci\u00f3, amely \u00f6szt\u00f6nzi a kreativit\u00e1st \u00e9s a szociabilit\u00e1st. A test ebb\u0151l az intenz\u00edv izgatotts\u00e1gb\u00f3l gyorsan \u00e1tv\u00e1ltozik nyugodt \u00e1llapotba \u00e9s \u00e9hs\u00e9gbe <a href=\"https:\/\/legitgrams.com\/hu\/\">LegitGrams<\/a><\/p>\n<p>megragadja. Az Alaska Thunder Fuck seg\u00edt a depresszi\u00f3, a kr\u00f3nikus stressz, a cs\u00f6kkent \u00e9tv\u00e1gy \u00e9s az enyhe vagy m\u00e9rs\u00e9kelt k\u00e9nyelmetlens\u00e9g eset\u00e9n.<\/p>\n<p>v\u00e9tel <a href=\"https:\/\/en.wikipedia.org\/wiki\/Alaska\">Alaskan<\/a> Thunder Fuck Budder \u2013 Legfels\u0151 polc \u2013 v\u00e1s\u00e1roljon Alaskan Thunder, v\u00e1s\u00e1roljon Alaskan Thunder Fuck Buddert, v\u00e1s\u00e1roljon Alaskan Thunder Fuck Buddert online, hol v\u00e1s\u00e1rolhat Alaskan Thunder Fuck Budder-t, hol v\u00e1s\u00e1rolhat online Alaskan Thunder Fuck Budder-t, hol v\u00e1s\u00e1rolhat Alaskan Thunder Fuck Budder-t az Egyes\u00fclt \u00c1llamokban , Kanada \u00e9s az Egyes\u00fclt Kir\u00e1lys\u00e1g, hol lehet megv\u00e1s\u00e1rolni online, besz\u00e1ll\u00edt\u00f3k \u00e9s biztons\u00e1gos sz\u00e1ll\u00edt\u00e1s Tov\u00e1bbra is beszerezheti az Alaska Thunder Fuck Buddert. Az Egyes\u00fclt \u00c1llamok enged\u00e9lyezi az Alaska Thunder Fuck Budder elad\u00e1s\u00e1t? Mi a leg\u00e1lis m\u00f3dja annak, hogy az Alaska Thunder Fuck Buddert online szerezzem meg Kanad\u00e1ban?<\/p>","protected":false},"excerpt":{"rendered":"<p>Top Shelf Online: Alaskan Thunder Fuck Budder for Sale Originating in Alaska&#8217;s Matanuska Valley, Alaskan Thunder Fuck is a special sativa-dominant strain. Other names for it are Matanuska Tundra, Matanuska Thunder Fuck, and ATF. It is believed to have begun as a Northern California sativa crossed with a Russian ruderalis, but in the late 1970s &hellip;<\/p>\n<p class=\"read-more\"> <a class=\"\" href=\"https:\/\/legitgrams.com\/hu\/termek\/alaszkai-mennydorges-fuck-budder-top-shelf\/\"> <span class=\"screen-reader-text\">Alaszkai Thunder Fuck Budder - Top Shelf<\/span> Olvass tov\u00e1bb \"<\/a><\/p>","protected":false},"featured_media":5388,"comment_status":"open","ping_status":"closed","template":"","meta":{"_uag_custom_page_level_css":"","site-sidebar-layout":"default","site-content-layout":"default","ast-global-header-display":"","ast-main-header-display":"","ast-hfb-above-header-display":"","ast-hfb-below-header-display":"","ast-hfb-mobile-header-display":"","site-post-title":"","ast-breadcrumbs-content":"","ast-featured-img":"","footer-sml-layout":"","theme-transparent-header-meta":"default","adv-header-id-meta":"","stick-header-meta":"default","header-above-stick-meta":"","header-main-stick-meta":"","header-below-stick-meta":"","_joinchat":[]},"product_brand":[],"product_cat":[606],"product_tag":[2582,2586,2585,2593,2584,2594,2596,2603,2604,2602,2599,2601,2591,617,2583,2598,2595,2590,2588,2600,2597,625,2589,2592,2587],"class_list":{"0":"post-4170","1":"product","2":"type-product","3":"status-publish","4":"has-post-thumbnail","6":"product_cat-marijuana-wax","7":"product_tag-alaskan-thunder-fuck-budder-top-shelf","8":"product_tag-alaskan-thunder-fuck-budder-top-shelf-alaskan-thunder-fuck-budder-top-shelf-supplier","9":"product_tag-alaskan-thunder-fuck-budder-top-shelf-for-sale","10":"product_tag-alaskan-thunder-fuck-budder-top-shelf-legally","11":"product_tag-alaskan-thunder-fuck-budder-top-shelf-online","12":"product_tag-alaskan-thunder-fuck-budder-top-shelf-price","13":"product_tag-alaskan-thunder-fuck-budder-top-shelf-store","14":"product_tag-alaskan-thunder-fuck-budder-top-shelf-use","15":"product_tag-alaskan-thunder-fuck-budder-top-shelf-wiki","16":"product_tag-alaskan-thunder-fuck-budder-top-shelf-worldwide","17":"product_tag-alaskan-thunder-fuck-budder-top-shelfs","18":"product_tag-best-cheap-price-alaskan-thunder-fuck-budder-top-shelf","19":"product_tag-best-place-to-buy-alaskan-thunder-fuck-budder-top-shelf","20":"product_tag-bulk-online","21":"product_tag-buy-alaskan-thunder-fuck-budder-top-shelf","22":"product_tag-cheap-alaskan-thunder-fuck-budder-top-shelf","23":"product_tag-high-quality-alaskan-thunder-fuck-budder-top-shelf","24":"product_tag-how-to-buy-alaskan-thunder-fuck-budder-top-shelf","25":"product_tag-order-alaskan-thunder-fuck-budder-top-shelf","26":"product_tag-purcharse-alaskan-thunder-fuck-budder-top-shelf","27":"product_tag-shop-alaskan-thunder-fuck-budder-top-shelf","28":"product_tag-top-quality","29":"product_tag-where-to-buy-alaskan-thunder-fuck-budder-top-shelf","30":"product_tag-where-to-order-alaskan-thunder-fuck-budder-top-shelf","31":"product_tag-wholesale-alaskan-thunder-fuck-budder-top-shelf","32":"desktop-align-left","33":"tablet-align-left","34":"mobile-align-left","35":"ast-product-gallery-layout-horizontal","36":"ast-product-gallery-with-no-image","37":"ast-product-single-variable","38":"ast-product-tabs-layout-horizontal","39":"ast-qv-on-image","41":"first","42":"instock","43":"shipping-taxable","44":"purchasable","45":"product-type-variable"},"yoast_head":"<!-- This site is optimized with the Yoast SEO plugin v25.9 - https:\/\/yoast.com\/wordpress\/plugins\/seo\/ -->\n<title>Alaskan Thunder Fuck Budder for Sale - Shop Alaskan Online<\/title>\n<meta name=\"description\" content=\"Looking for a reliable source to buy alaskan thunder fuck budder online? Your search ends here. Order alaskan thunder Fuck budder online from our trusted store. Get Express Delivery Now!\" \/>\n<meta name=\"robots\" content=\"index, follow, max-snippet:-1, max-image-preview:large, max-video-preview:-1\" \/>\n<link rel=\"canonical\" href=\"https:\/\/legitgrams.com\/hu\/termek\/alaszkai-mennydorges-fuck-budder-top-shelf\/\" \/>\n<meta property=\"og:locale\" content=\"hu_HU\" \/>\n<meta property=\"og:type\" content=\"article\" \/>\n<meta property=\"og:title\" content=\"Alaskan Thunder Fuck Budder for Sale - Shop Alaskan Online\" \/>\n<meta property=\"og:description\" content=\"Looking for a reliable source to buy alaskan thunder fuck budder online? Your search ends here. Order alaskan thunder Fuck budder online from our trusted store. Get Express Delivery Now!\" \/>\n<meta property=\"og:url\" content=\"https:\/\/legitgrams.com\/hu\/termek\/alaszkai-mennydorges-fuck-budder-top-shelf\/\" \/>\n<meta property=\"og:site_name\" content=\"Legit Grams\" \/>\n<meta property=\"article:modified_time\" content=\"2025-01-13T09:14:29+00:00\" \/>\n<meta property=\"og:image\" content=\"https:\/\/legitgrams.com\/wp-content\/uploads\/2024\/09\/Buy-Alaskan-Thunder-Fuck-Budder.jpg\" \/>\n\t<meta property=\"og:image:width\" content=\"600\" \/>\n\t<meta property=\"og:image:height\" content=\"600\" \/>\n\t<meta property=\"og:image:type\" content=\"image\/jpeg\" \/>\n<meta name=\"twitter:card\" content=\"summary_large_image\" \/>\n<meta name=\"twitter:label1\" content=\"Becs\u00fclt olvas\u00e1si id\u0151\" \/>\n\t<meta name=\"twitter:data1\" content=\"2 perc\" \/>\n<script type=\"application\/ld+json\" class=\"yoast-schema-graph\">{\"@context\":\"https:\/\/schema.org\",\"@graph\":[{\"@type\":\"WebPage\",\"@id\":\"https:\/\/legitgrams.com\/product\/alaskan-thunder-fuck-budder-top-shelf\/\",\"url\":\"https:\/\/legitgrams.com\/product\/alaskan-thunder-fuck-budder-top-shelf\/\",\"name\":\"Alaskan Thunder Fuck Budder for Sale - Shop Alaskan Online\",\"isPartOf\":{\"@id\":\"https:\/\/legitgrams.com\/#website\"},\"primaryImageOfPage\":{\"@id\":\"https:\/\/legitgrams.com\/product\/alaskan-thunder-fuck-budder-top-shelf\/#primaryimage\"},\"image\":{\"@id\":\"https:\/\/legitgrams.com\/product\/alaskan-thunder-fuck-budder-top-shelf\/#primaryimage\"},\"thumbnailUrl\":\"https:\/\/legitgrams.com\/wp-content\/uploads\/2024\/09\/Buy-Alaskan-Thunder-Fuck-Budder.jpg\",\"datePublished\":\"2024-09-21T12:08:45+00:00\",\"dateModified\":\"2025-01-13T09:14:29+00:00\",\"description\":\"Looking for a reliable source to buy alaskan thunder fuck budder online? Your search ends here. Order alaskan thunder Fuck budder online from our trusted store. Get Express Delivery Now!\",\"breadcrumb\":{\"@id\":\"https:\/\/legitgrams.com\/product\/alaskan-thunder-fuck-budder-top-shelf\/#breadcrumb\"},\"inLanguage\":\"hu\",\"potentialAction\":[{\"@type\":\"ReadAction\",\"target\":[\"https:\/\/legitgrams.com\/product\/alaskan-thunder-fuck-budder-top-shelf\/\"]}]},{\"@type\":\"ImageObject\",\"inLanguage\":\"hu\",\"@id\":\"https:\/\/legitgrams.com\/product\/alaskan-thunder-fuck-budder-top-shelf\/#primaryimage\",\"url\":\"https:\/\/legitgrams.com\/wp-content\/uploads\/2024\/09\/Buy-Alaskan-Thunder-Fuck-Budder.jpg\",\"contentUrl\":\"https:\/\/legitgrams.com\/wp-content\/uploads\/2024\/09\/Buy-Alaskan-Thunder-Fuck-Budder.jpg\",\"width\":600,\"height\":600,\"caption\":\"Alaskan Thunder Fuck Budder for Sale\"},{\"@type\":\"BreadcrumbList\",\"@id\":\"https:\/\/legitgrams.com\/product\/alaskan-thunder-fuck-budder-top-shelf\/#breadcrumb\",\"itemListElement\":[{\"@type\":\"ListItem\",\"position\":1,\"name\":\"Home\",\"item\":\"https:\/\/legitgrams.com\/\"},{\"@type\":\"ListItem\",\"position\":2,\"name\":\"Shop\",\"item\":\"https:\/\/legitgrams.com\/shop\/\"},{\"@type\":\"ListItem\",\"position\":3,\"name\":\"Alaskan Thunder Fuck Budder \u2013 Top Shelf\"}]},{\"@type\":\"WebSite\",\"@id\":\"https:\/\/legitgrams.com\/#website\",\"url\":\"https:\/\/legitgrams.com\/\",\"name\":\"Legit Grams\",\"description\":\"My WordPress Blog\",\"publisher\":{\"@id\":\"https:\/\/legitgrams.com\/#organization\"},\"potentialAction\":[{\"@type\":\"SearchAction\",\"target\":{\"@type\":\"EntryPoint\",\"urlTemplate\":\"https:\/\/legitgrams.com\/?s={search_term_string}\"},\"query-input\":{\"@type\":\"PropertyValueSpecification\",\"valueRequired\":true,\"valueName\":\"search_term_string\"}}],\"inLanguage\":\"hu\"},{\"@type\":\"Organization\",\"@id\":\"https:\/\/legitgrams.com\/#organization\",\"name\":\"Legit Grams\",\"url\":\"https:\/\/legitgrams.com\/\",\"logo\":{\"@type\":\"ImageObject\",\"inLanguage\":\"hu\",\"@id\":\"https:\/\/legitgrams.com\/#\/schema\/logo\/image\/\",\"url\":\"https:\/\/legitgrams.com\/wp-content\/uploads\/2024\/09\/main-logo.png\",\"contentUrl\":\"https:\/\/legitgrams.com\/wp-content\/uploads\/2024\/09\/main-logo.png\",\"width\":270,\"height\":75,\"caption\":\"Legit Grams\"},\"image\":{\"@id\":\"https:\/\/legitgrams.com\/#\/schema\/logo\/image\/\"}}]}<\/script>\n<!-- \/ Yoast SEO plugin. -->","yoast_head_json":{"title":"Alaszkai Thunder Fuck Budder elad\u00f3 - Alaszkai online v\u00e1s\u00e1rl\u00e1s","description":"Megb\u00edzhat\u00f3 forr\u00e1st keresel, ahol online v\u00e1s\u00e1rolhatsz alaszkai mennyd\u00f6rg\u0151 baszott r\u00fcgyet? A keres\u00e9sed itt \u00e9r v\u00e9get. Rendeljen alaszkai mennyd\u00f6rg\u00e9s Fuck budder online a mi megb\u00edzhat\u00f3 \u00fczlet\u00fcnkb\u0151l. Get Express Delivery Now!","robots":{"index":"index","follow":"follow","max-snippet":"max-snippet:-1","max-image-preview":"max-image-preview:large","max-video-preview":"max-video-preview:-1"},"canonical":"https:\/\/legitgrams.com\/hu\/termek\/alaszkai-mennydorges-fuck-budder-top-shelf\/","og_locale":"hu_HU","og_type":"article","og_title":"Alaskan Thunder Fuck Budder for Sale - Shop Alaskan Online","og_description":"Looking for a reliable source to buy alaskan thunder fuck budder online? Your search ends here. Order alaskan thunder Fuck budder online from our trusted store. Get Express Delivery Now!","og_url":"https:\/\/legitgrams.com\/hu\/termek\/alaszkai-mennydorges-fuck-budder-top-shelf\/","og_site_name":"Legit Grams","article_modified_time":"2025-01-13T09:14:29+00:00","og_image":[{"width":600,"height":600,"url":"https:\/\/legitgrams.com\/wp-content\/uploads\/2024\/09\/Buy-Alaskan-Thunder-Fuck-Budder.jpg","type":"image\/jpeg"}],"twitter_card":"summary_large_image","twitter_misc":{"Becs\u00fclt olvas\u00e1si id\u0151":"2 perc"},"schema":{"@context":"https:\/\/schema.org","@graph":[{"@type":"WebPage","@id":"https:\/\/legitgrams.com\/product\/alaskan-thunder-fuck-budder-top-shelf\/","url":"https:\/\/legitgrams.com\/product\/alaskan-thunder-fuck-budder-top-shelf\/","name":"Alaszkai Thunder Fuck Budder elad\u00f3 - Alaszkai online v\u00e1s\u00e1rl\u00e1s","isPartOf":{"@id":"https:\/\/legitgrams.com\/#website"},"primaryImageOfPage":{"@id":"https:\/\/legitgrams.com\/product\/alaskan-thunder-fuck-budder-top-shelf\/#primaryimage"},"image":{"@id":"https:\/\/legitgrams.com\/product\/alaskan-thunder-fuck-budder-top-shelf\/#primaryimage"},"thumbnailUrl":"https:\/\/legitgrams.com\/wp-content\/uploads\/2024\/09\/Buy-Alaskan-Thunder-Fuck-Budder.jpg","datePublished":"2024-09-21T12:08:45+00:00","dateModified":"2025-01-13T09:14:29+00:00","description":"Megb\u00edzhat\u00f3 forr\u00e1st keresel, ahol online v\u00e1s\u00e1rolhatsz alaszkai mennyd\u00f6rg\u0151 baszott r\u00fcgyet? A keres\u00e9sed itt \u00e9r v\u00e9get. Rendeljen alaszkai mennyd\u00f6rg\u00e9s Fuck budder online a mi megb\u00edzhat\u00f3 \u00fczlet\u00fcnkb\u0151l. Get Express Delivery Now!","breadcrumb":{"@id":"https:\/\/legitgrams.com\/product\/alaskan-thunder-fuck-budder-top-shelf\/#breadcrumb"},"inLanguage":"hu","potentialAction":[{"@type":"ReadAction","target":["https:\/\/legitgrams.com\/product\/alaskan-thunder-fuck-budder-top-shelf\/"]}]},{"@type":"ImageObject","inLanguage":"hu","@id":"https:\/\/legitgrams.com\/product\/alaskan-thunder-fuck-budder-top-shelf\/#primaryimage","url":"https:\/\/legitgrams.com\/wp-content\/uploads\/2024\/09\/Buy-Alaskan-Thunder-Fuck-Budder.jpg","contentUrl":"https:\/\/legitgrams.com\/wp-content\/uploads\/2024\/09\/Buy-Alaskan-Thunder-Fuck-Budder.jpg","width":600,"height":600,"caption":"Alaskan Thunder Fuck Budder for Sale"},{"@type":"BreadcrumbList","@id":"https:\/\/legitgrams.com\/product\/alaskan-thunder-fuck-budder-top-shelf\/#breadcrumb","itemListElement":[{"@type":"ListItem","position":1,"name":"Home","item":"https:\/\/legitgrams.com\/"},{"@type":"ListItem","position":2,"name":"Shop","item":"https:\/\/legitgrams.com\/shop\/"},{"@type":"ListItem","position":3,"name":"Alaskan Thunder Fuck Budder \u2013 Top Shelf"}]},{"@type":"WebSite","@id":"https:\/\/legitgrams.com\/#website","url":"https:\/\/legitgrams.com\/","name":"Legit Grams","description":"Az \u00e9n WordPress blogom","publisher":{"@id":"https:\/\/legitgrams.com\/#organization"},"potentialAction":[{"@type":"SearchAction","target":{"@type":"EntryPoint","urlTemplate":"https:\/\/legitgrams.com\/?s={search_term_string}"},"query-input":{"@type":"PropertyValueSpecification","valueRequired":true,"valueName":"search_term_string"}}],"inLanguage":"hu"},{"@type":"Organization","@id":"https:\/\/legitgrams.com\/#organization","name":"Legit Grams","url":"https:\/\/legitgrams.com\/","logo":{"@type":"ImageObject","inLanguage":"hu","@id":"https:\/\/legitgrams.com\/#\/schema\/logo\/image\/","url":"https:\/\/legitgrams.com\/wp-content\/uploads\/2024\/09\/main-logo.png","contentUrl":"https:\/\/legitgrams.com\/wp-content\/uploads\/2024\/09\/main-logo.png","width":270,"height":75,"caption":"Legit Grams"},"image":{"@id":"https:\/\/legitgrams.com\/#\/schema\/logo\/image\/"}}]}},"uagb_featured_image_src":{"full":["https:\/\/legitgrams.com\/wp-content\/uploads\/2024\/09\/Buy-Alaskan-Thunder-Fuck-Budder.jpg",600,600,false],"thumbnail":["https:\/\/legitgrams.com\/wp-content\/uploads\/2024\/09\/Buy-Alaskan-Thunder-Fuck-Budder-150x150.jpg",150,150,true],"medium":["https:\/\/legitgrams.com\/wp-content\/uploads\/2024\/09\/Buy-Alaskan-Thunder-Fuck-Budder-300x300.jpg",300,300,true],"medium_large":["https:\/\/legitgrams.com\/wp-content\/uploads\/2024\/09\/Buy-Alaskan-Thunder-Fuck-Budder.jpg",600,600,false],"large":["https:\/\/legitgrams.com\/wp-content\/uploads\/2024\/09\/Buy-Alaskan-Thunder-Fuck-Budder.jpg",600,600,false],"1536x1536":["https:\/\/legitgrams.com\/wp-content\/uploads\/2024\/09\/Buy-Alaskan-Thunder-Fuck-Budder.jpg",600,600,false],"2048x2048":["https:\/\/legitgrams.com\/wp-content\/uploads\/2024\/09\/Buy-Alaskan-Thunder-Fuck-Budder.jpg",600,600,false],"trp-custom-language-flag":["https:\/\/legitgrams.com\/wp-content\/uploads\/2024\/09\/Buy-Alaskan-Thunder-Fuck-Budder-12x12.jpg",12,12,true],"woocommerce_thumbnail":["https:\/\/legitgrams.com\/wp-content\/uploads\/2024\/09\/Buy-Alaskan-Thunder-Fuck-Budder-300x300.jpg",300,300,true],"woocommerce_single":["https:\/\/legitgrams.com\/wp-content\/uploads\/2024\/09\/Buy-Alaskan-Thunder-Fuck-Budder.jpg",600,600,false],"woocommerce_gallery_thumbnail":["https:\/\/legitgrams.com\/wp-content\/uploads\/2024\/09\/Buy-Alaskan-Thunder-Fuck-Budder-100x100.jpg",100,100,true]},"uagb_author_info":{"display_name":"cokeblog18","author_link":"https:\/\/legitgrams.com\/hu\/author\/"},"uagb_comment_info":0,"uagb_excerpt":"Top Shelf Online: Alaskan Thunder Fuck Budder for Sale Originating in Alaska&#8217;s Matanuska Valley, Alaskan Thunder Fuck is a special sativa-dominant strain. Other names for it are Matanuska Tundra, Matanuska Thunder Fuck, and ATF. It is believed to have begun as a Northern California sativa crossed with a Russian ruderalis, but in the late 1970s&hellip;","_links":{"self":[{"href":"https:\/\/legitgrams.com\/hu\/wp-json\/wp\/v2\/product\/4170","targetHints":{"allow":["GET"]}}],"collection":[{"href":"https:\/\/legitgrams.com\/hu\/wp-json\/wp\/v2\/product"}],"about":[{"href":"https:\/\/legitgrams.com\/hu\/wp-json\/wp\/v2\/types\/product"}],"replies":[{"embeddable":true,"href":"https:\/\/legitgrams.com\/hu\/wp-json\/wp\/v2\/comments?post=4170"}],"wp:featuredmedia":[{"embeddable":true,"href":"https:\/\/legitgrams.com\/hu\/wp-json\/wp\/v2\/media\/5388"}],"wp:attachment":[{"href":"https:\/\/legitgrams.com\/hu\/wp-json\/wp\/v2\/media?parent=4170"}],"wp:term":[{"taxonomy":"product_brand","embeddable":true,"href":"https:\/\/legitgrams.com\/hu\/wp-json\/wp\/v2\/product_brand?post=4170"},{"taxonomy":"product_cat","embeddable":true,"href":"https:\/\/legitgrams.com\/hu\/wp-json\/wp\/v2\/product_cat?post=4170"},{"taxonomy":"product_tag","embeddable":true,"href":"https:\/\/legitgrams.com\/hu\/wp-json\/wp\/v2\/product_tag?post=4170"}],"curies":[{"name":"wp","href":"https:\/\/api.w.org\/{rel}","templated":true}]}}