{"id":4173,"date":"2024-09-21T12:04:54","date_gmt":"2024-09-21T12:04:54","guid":{"rendered":"https:\/\/legitgrams.com\/?post_type=product&#038;p=4173"},"modified":"2025-01-13T08:10:27","modified_gmt":"2025-01-13T08:10:27","slug":"afgan-fekete-hasis","status":"publish","type":"product","link":"https:\/\/legitgrams.com\/hu\/termek\/afgan-fekete-hasis\/","title":{"rendered":"Afg\u00e1n fekete hasis"},"content":{"rendered":"<h2>Elad\u00f3: Afghan Black Hash<\/h2>\n<p><a href=\"https:\/\/legitgrams.com\/hu\/termek\/afgan-fekete-hasis\/\">V\u00e1s\u00e1roljon Afghani Black Hash-t online<\/a>. Az Afghan Black Hash egy hash kl\u00f3n. Ez egy nemzetk\u00f6zi b\u0171ncselekm\u00e9ny, amely \u00e9letfogytiglani b\u00f6rt\u00f6nb\u00fcntet\u00e9st von maga ut\u00e1n. M\u00e1r nem tartalmaz THC-t, szintetikus kannabinoidokat \u00e9s sz\u00e1mos kutat\u00e1si k\u00e9miai vegy\u00fcletet (bele\u00e9rtve az AM-2209-et, JWH-018-at, JWH-073-at, JWH-250-et \u00e9s m\u00e9g sok m\u00e1st). Val\u00f3sz\u00edn\u0171leg ez a legjobb b\u00f6rt\u00f6n hash. A gy\u00f3gyn\u00f6v\u00e9nyes, \u00e9lelmiszer-min\u0151s\u00e9g\u0171 \u00f6sszetev\u0151k a legjobbak sz\u00e1munkra. Fantasztikus az \u00edze, \u00fagy n\u00e9z ki, mint a hash, az illata, mint a kender, \u00e9s \u00fagy t\u0171nik, hogy hash is. afg\u00e1n fekete <a href=\"https:\/\/en.wikipedia.org\/wiki\/Hashish\">hasis<\/a> a sz\u00edn\u00e1rnyalat a f\u0151 m\u00f3dja annak, hogy elt\u00e9rjen m\u00e1s \u00e1ruink \u00e1rnyalatait\u00f3l. El\u0151sz\u00f6r szerezzen be egy pr\u00f3basz\u00e1m\u00edt\u00f3g\u00e9pet, ha nem ismeri term\u00e9keinket. A kisz\u00e1ll\u00edt\u00e1s d\u00edjmentes. <a href=\"https:\/\/legitgrams.com\/hu\/\">LegitGrams<\/a><\/p>\n<h3>V\u00e1s\u00e1roljon t\u0151l\u00fcnk tov\u00e1bbi illeg\u00e1lis hash-term\u00e9keket, \u00e9s ennek k\u00f6lts\u00e9ge n\u00f6vekedhet<\/h3>\n<p>Tal\u00e1lja meg a hely\u00e9t afg\u00e1n fekete hash v\u00e1s\u00e1rl\u00e1s\u00e1hoz, elad\u00f3 fekete hash v\u00e1s\u00e1rl\u00e1s\u00e1hoz, fekete hash v\u00e1s\u00e1rl\u00e1s\u00e1hoz online, fekete hash v\u00e1s\u00e1rl\u00e1s\u00e1hoz az Egyes\u00fclt \u00c1llamokban, Kanad\u00e1ban vagy az Egyes\u00fclt Kir\u00e1lys\u00e1gban, online v\u00e1s\u00e1rl\u00e1s, sz\u00e1ll\u00edt\u00f3k, biztons\u00e1gos sz\u00e1ll\u00edt\u00e1s, fekete hash v\u00e1s\u00e1rl\u00e1sa, fekete hash v\u00e1s\u00e1rl\u00e1sa , black hashy online v\u00e1s\u00e1rl\u00e1s, hash tablett\u00e1k v\u00e1s\u00e1rl\u00e1sa, black hash v\u00e1s\u00e1rl\u00e1sa, black hashy v\u00e1s\u00e1rl\u00e1s online, az Afghan Black Hash jelenleg el\u00e9rhet\u0151. Mi az Afghan Black Hash jogi st\u00e1tusza Kanad\u00e1ban, az Egyes\u00fclt \u00c1llamokban \u00e9s az interneten, valamint hogyan lehet megrendelni?<\/p>","protected":false},"excerpt":{"rendered":"<p>For Sale: Afghan Black Hash Buy Afghani Black Hash online. Afghan Black Hash is a hash clone. It is an international offense that carries a life sentence in prison. It no longer contains THC, synthetic cannabinoids, and a number of research chemical compounds (including AM-2209, JWH-018, JWH-073, JWH-250, and many more). It&#8217;s probably the best &hellip;<\/p>\n<p class=\"read-more\"> <a class=\"\" href=\"https:\/\/legitgrams.com\/hu\/termek\/afgan-fekete-hasis\/\"> <span class=\"screen-reader-text\">Afg\u00e1n fekete hasis<\/span> Olvass tov\u00e1bb \"<\/a><\/p>","protected":false},"featured_media":5369,"comment_status":"open","ping_status":"closed","template":"","meta":{"_uag_custom_page_level_css":"","site-sidebar-layout":"default","site-content-layout":"default","ast-global-header-display":"","ast-main-header-display":"","ast-hfb-above-header-display":"","ast-hfb-below-header-display":"","ast-hfb-mobile-header-display":"","site-post-title":"","ast-breadcrumbs-content":"","ast-featured-img":"","footer-sml-layout":"","theme-transparent-header-meta":"default","adv-header-id-meta":"","stick-header-meta":"default","header-above-stick-meta":"","header-main-stick-meta":"","header-below-stick-meta":"","_joinchat":[]},"product_brand":[],"product_cat":[605],"product_tag":[2651,2655,2654,2662,2653,2663,2665,2672,2673,2671,2668,2670,2660,617,2652,2667,2664,2659,2657,2669,2666,625,2658,2661,2656],"class_list":{"0":"post-4173","1":"product","2":"type-product","3":"status-publish","4":"has-post-thumbnail","6":"product_cat-hash-hashish","7":"product_tag-afghan-black-hash","8":"product_tag-afghan-black-hash-afghan-black-hash-supplier","9":"product_tag-afghan-black-hash-for-sale","10":"product_tag-afghan-black-hash-legally","11":"product_tag-afghan-black-hash-online","12":"product_tag-afghan-black-hash-price","13":"product_tag-afghan-black-hash-store","14":"product_tag-afghan-black-hash-use","15":"product_tag-afghan-black-hash-wiki","16":"product_tag-afghan-black-hash-worldwide","17":"product_tag-afghan-black-hashs","18":"product_tag-best-cheap-price-afghan-black-hash","19":"product_tag-best-place-to-buy-afghan-black-hash","20":"product_tag-bulk-online","21":"product_tag-buy-afghan-black-hash","22":"product_tag-cheap-afghan-black-hash","23":"product_tag-high-quality-afghan-black-hash","24":"product_tag-how-to-buy-afghan-black-hash","25":"product_tag-order-afghan-black-hash","26":"product_tag-purcharse-afghan-black-hash","27":"product_tag-shop-afghan-black-hash","28":"product_tag-top-quality","29":"product_tag-where-to-buy-afghan-black-hash","30":"product_tag-where-to-order-afghan-black-hash","31":"product_tag-wholesale-afghan-black-hash","32":"desktop-align-left","33":"tablet-align-left","34":"mobile-align-left","35":"ast-product-gallery-layout-horizontal","36":"ast-product-gallery-with-no-image","37":"ast-product-single-variable","38":"ast-product-tabs-layout-horizontal","39":"ast-qv-on-image","41":"first","42":"instock","43":"shipping-taxable","44":"purchasable","45":"product-type-variable"},"yoast_head":"<!-- This site is optimized with the Yoast SEO plugin v25.9 - https:\/\/yoast.com\/wordpress\/plugins\/seo\/ -->\n<title>Afghan Black Hash for Sale - Order Afghan Black Hash Online | LG<\/title>\n<meta name=\"description\" content=\"Looking to buy afghan black hash online at best price? You can get afghan black hash for sale from a weed store LegitGrams. Order Today with Special Discounts!\" \/>\n<meta name=\"robots\" content=\"index, follow, max-snippet:-1, max-image-preview:large, max-video-preview:-1\" \/>\n<link rel=\"canonical\" href=\"https:\/\/legitgrams.com\/hu\/termek\/afgan-fekete-hasis\/\" \/>\n<meta property=\"og:locale\" content=\"hu_HU\" \/>\n<meta property=\"og:type\" content=\"article\" \/>\n<meta property=\"og:title\" content=\"Afghan Black Hash for Sale - Order Afghan Black Hash Online | LG\" \/>\n<meta property=\"og:description\" content=\"Looking to buy afghan black hash online at best price? You can get afghan black hash for sale from a weed store LegitGrams. Order Today with Special Discounts!\" \/>\n<meta property=\"og:url\" content=\"https:\/\/legitgrams.com\/hu\/termek\/afgan-fekete-hasis\/\" \/>\n<meta property=\"og:site_name\" content=\"Legit Grams\" \/>\n<meta property=\"article:modified_time\" content=\"2025-01-13T08:10:27+00:00\" \/>\n<meta property=\"og:image\" content=\"https:\/\/legitgrams.com\/wp-content\/uploads\/2024\/09\/Buy-Afghan-Black-Hash-Online.jpg\" \/>\n\t<meta property=\"og:image:width\" content=\"600\" \/>\n\t<meta property=\"og:image:height\" content=\"600\" \/>\n\t<meta property=\"og:image:type\" content=\"image\/jpeg\" \/>\n<meta name=\"twitter:card\" content=\"summary_large_image\" \/>\n<meta name=\"twitter:label1\" content=\"Becs\u00fclt olvas\u00e1si id\u0151\" \/>\n\t<meta name=\"twitter:data1\" content=\"2 perc\" \/>\n<script type=\"application\/ld+json\" class=\"yoast-schema-graph\">{\"@context\":\"https:\/\/schema.org\",\"@graph\":[{\"@type\":\"WebPage\",\"@id\":\"https:\/\/legitgrams.com\/product\/afghan-black-hash\/\",\"url\":\"https:\/\/legitgrams.com\/product\/afghan-black-hash\/\",\"name\":\"Afghan Black Hash for Sale - Order Afghan Black Hash Online | LG\",\"isPartOf\":{\"@id\":\"https:\/\/legitgrams.com\/#website\"},\"primaryImageOfPage\":{\"@id\":\"https:\/\/legitgrams.com\/product\/afghan-black-hash\/#primaryimage\"},\"image\":{\"@id\":\"https:\/\/legitgrams.com\/product\/afghan-black-hash\/#primaryimage\"},\"thumbnailUrl\":\"https:\/\/legitgrams.com\/wp-content\/uploads\/2024\/09\/Buy-Afghan-Black-Hash-Online.jpg\",\"datePublished\":\"2024-09-21T12:04:54+00:00\",\"dateModified\":\"2025-01-13T08:10:27+00:00\",\"description\":\"Looking to buy afghan black hash online at best price? You can get afghan black hash for sale from a weed store LegitGrams. Order Today with Special Discounts!\",\"breadcrumb\":{\"@id\":\"https:\/\/legitgrams.com\/product\/afghan-black-hash\/#breadcrumb\"},\"inLanguage\":\"hu\",\"potentialAction\":[{\"@type\":\"ReadAction\",\"target\":[\"https:\/\/legitgrams.com\/product\/afghan-black-hash\/\"]}]},{\"@type\":\"ImageObject\",\"inLanguage\":\"hu\",\"@id\":\"https:\/\/legitgrams.com\/product\/afghan-black-hash\/#primaryimage\",\"url\":\"https:\/\/legitgrams.com\/wp-content\/uploads\/2024\/09\/Buy-Afghan-Black-Hash-Online.jpg\",\"contentUrl\":\"https:\/\/legitgrams.com\/wp-content\/uploads\/2024\/09\/Buy-Afghan-Black-Hash-Online.jpg\",\"width\":600,\"height\":600,\"caption\":\"Afghan Black Hash for Sale\"},{\"@type\":\"BreadcrumbList\",\"@id\":\"https:\/\/legitgrams.com\/product\/afghan-black-hash\/#breadcrumb\",\"itemListElement\":[{\"@type\":\"ListItem\",\"position\":1,\"name\":\"Home\",\"item\":\"https:\/\/legitgrams.com\/\"},{\"@type\":\"ListItem\",\"position\":2,\"name\":\"Shop\",\"item\":\"https:\/\/legitgrams.com\/shop\/\"},{\"@type\":\"ListItem\",\"position\":3,\"name\":\"Afghan Black Hash\"}]},{\"@type\":\"WebSite\",\"@id\":\"https:\/\/legitgrams.com\/#website\",\"url\":\"https:\/\/legitgrams.com\/\",\"name\":\"Legit Grams\",\"description\":\"My WordPress Blog\",\"publisher\":{\"@id\":\"https:\/\/legitgrams.com\/#organization\"},\"potentialAction\":[{\"@type\":\"SearchAction\",\"target\":{\"@type\":\"EntryPoint\",\"urlTemplate\":\"https:\/\/legitgrams.com\/?s={search_term_string}\"},\"query-input\":{\"@type\":\"PropertyValueSpecification\",\"valueRequired\":true,\"valueName\":\"search_term_string\"}}],\"inLanguage\":\"hu\"},{\"@type\":\"Organization\",\"@id\":\"https:\/\/legitgrams.com\/#organization\",\"name\":\"Legit Grams\",\"url\":\"https:\/\/legitgrams.com\/\",\"logo\":{\"@type\":\"ImageObject\",\"inLanguage\":\"hu\",\"@id\":\"https:\/\/legitgrams.com\/#\/schema\/logo\/image\/\",\"url\":\"https:\/\/legitgrams.com\/wp-content\/uploads\/2024\/09\/main-logo.png\",\"contentUrl\":\"https:\/\/legitgrams.com\/wp-content\/uploads\/2024\/09\/main-logo.png\",\"width\":270,\"height\":75,\"caption\":\"Legit Grams\"},\"image\":{\"@id\":\"https:\/\/legitgrams.com\/#\/schema\/logo\/image\/\"}}]}<\/script>\n<!-- \/ Yoast SEO plugin. -->","yoast_head_json":{"title":"Afghan Black Hash elad\u00f3 - Rendeljen Afghan Black Hash online | LG","description":"Szeretn\u00e9 megv\u00e1s\u00e1rolni afg\u00e1n fekete hash online a legjobb \u00e1ron? Kaphat afg\u00e1n fekete hasis elad\u00f3 egy f\u00fcves boltban LegitGrams. Rendeljen ma k\u00fcl\u00f6nleges kedvezm\u00e9nyekkel!","robots":{"index":"index","follow":"follow","max-snippet":"max-snippet:-1","max-image-preview":"max-image-preview:large","max-video-preview":"max-video-preview:-1"},"canonical":"https:\/\/legitgrams.com\/hu\/termek\/afgan-fekete-hasis\/","og_locale":"hu_HU","og_type":"article","og_title":"Afghan Black Hash for Sale - Order Afghan Black Hash Online | LG","og_description":"Looking to buy afghan black hash online at best price? You can get afghan black hash for sale from a weed store LegitGrams. Order Today with Special Discounts!","og_url":"https:\/\/legitgrams.com\/hu\/termek\/afgan-fekete-hasis\/","og_site_name":"Legit Grams","article_modified_time":"2025-01-13T08:10:27+00:00","og_image":[{"width":600,"height":600,"url":"https:\/\/legitgrams.com\/wp-content\/uploads\/2024\/09\/Buy-Afghan-Black-Hash-Online.jpg","type":"image\/jpeg"}],"twitter_card":"summary_large_image","twitter_misc":{"Becs\u00fclt olvas\u00e1si id\u0151":"2 perc"},"schema":{"@context":"https:\/\/schema.org","@graph":[{"@type":"WebPage","@id":"https:\/\/legitgrams.com\/product\/afghan-black-hash\/","url":"https:\/\/legitgrams.com\/product\/afghan-black-hash\/","name":"Afghan Black Hash elad\u00f3 - Rendeljen Afghan Black Hash online | LG","isPartOf":{"@id":"https:\/\/legitgrams.com\/#website"},"primaryImageOfPage":{"@id":"https:\/\/legitgrams.com\/product\/afghan-black-hash\/#primaryimage"},"image":{"@id":"https:\/\/legitgrams.com\/product\/afghan-black-hash\/#primaryimage"},"thumbnailUrl":"https:\/\/legitgrams.com\/wp-content\/uploads\/2024\/09\/Buy-Afghan-Black-Hash-Online.jpg","datePublished":"2024-09-21T12:04:54+00:00","dateModified":"2025-01-13T08:10:27+00:00","description":"Szeretn\u00e9 megv\u00e1s\u00e1rolni afg\u00e1n fekete hash online a legjobb \u00e1ron? Kaphat afg\u00e1n fekete hasis elad\u00f3 egy f\u00fcves boltban LegitGrams. Rendeljen ma k\u00fcl\u00f6nleges kedvezm\u00e9nyekkel!","breadcrumb":{"@id":"https:\/\/legitgrams.com\/product\/afghan-black-hash\/#breadcrumb"},"inLanguage":"hu","potentialAction":[{"@type":"ReadAction","target":["https:\/\/legitgrams.com\/product\/afghan-black-hash\/"]}]},{"@type":"ImageObject","inLanguage":"hu","@id":"https:\/\/legitgrams.com\/product\/afghan-black-hash\/#primaryimage","url":"https:\/\/legitgrams.com\/wp-content\/uploads\/2024\/09\/Buy-Afghan-Black-Hash-Online.jpg","contentUrl":"https:\/\/legitgrams.com\/wp-content\/uploads\/2024\/09\/Buy-Afghan-Black-Hash-Online.jpg","width":600,"height":600,"caption":"Afghan Black Hash for Sale"},{"@type":"BreadcrumbList","@id":"https:\/\/legitgrams.com\/product\/afghan-black-hash\/#breadcrumb","itemListElement":[{"@type":"ListItem","position":1,"name":"Home","item":"https:\/\/legitgrams.com\/"},{"@type":"ListItem","position":2,"name":"Shop","item":"https:\/\/legitgrams.com\/shop\/"},{"@type":"ListItem","position":3,"name":"Afghan Black Hash"}]},{"@type":"WebSite","@id":"https:\/\/legitgrams.com\/#website","url":"https:\/\/legitgrams.com\/","name":"Legit Grams","description":"Az \u00e9n WordPress blogom","publisher":{"@id":"https:\/\/legitgrams.com\/#organization"},"potentialAction":[{"@type":"SearchAction","target":{"@type":"EntryPoint","urlTemplate":"https:\/\/legitgrams.com\/?s={search_term_string}"},"query-input":{"@type":"PropertyValueSpecification","valueRequired":true,"valueName":"search_term_string"}}],"inLanguage":"hu"},{"@type":"Organization","@id":"https:\/\/legitgrams.com\/#organization","name":"Legit Grams","url":"https:\/\/legitgrams.com\/","logo":{"@type":"ImageObject","inLanguage":"hu","@id":"https:\/\/legitgrams.com\/#\/schema\/logo\/image\/","url":"https:\/\/legitgrams.com\/wp-content\/uploads\/2024\/09\/main-logo.png","contentUrl":"https:\/\/legitgrams.com\/wp-content\/uploads\/2024\/09\/main-logo.png","width":270,"height":75,"caption":"Legit Grams"},"image":{"@id":"https:\/\/legitgrams.com\/#\/schema\/logo\/image\/"}}]}},"uagb_featured_image_src":{"full":["https:\/\/legitgrams.com\/wp-content\/uploads\/2024\/09\/Buy-Afghan-Black-Hash-Online.jpg",600,600,false],"thumbnail":["https:\/\/legitgrams.com\/wp-content\/uploads\/2024\/09\/Buy-Afghan-Black-Hash-Online-150x150.jpg",150,150,true],"medium":["https:\/\/legitgrams.com\/wp-content\/uploads\/2024\/09\/Buy-Afghan-Black-Hash-Online-300x300.jpg",300,300,true],"medium_large":["https:\/\/legitgrams.com\/wp-content\/uploads\/2024\/09\/Buy-Afghan-Black-Hash-Online.jpg",600,600,false],"large":["https:\/\/legitgrams.com\/wp-content\/uploads\/2024\/09\/Buy-Afghan-Black-Hash-Online.jpg",600,600,false],"1536x1536":["https:\/\/legitgrams.com\/wp-content\/uploads\/2024\/09\/Buy-Afghan-Black-Hash-Online.jpg",600,600,false],"2048x2048":["https:\/\/legitgrams.com\/wp-content\/uploads\/2024\/09\/Buy-Afghan-Black-Hash-Online.jpg",600,600,false],"trp-custom-language-flag":["https:\/\/legitgrams.com\/wp-content\/uploads\/2024\/09\/Buy-Afghan-Black-Hash-Online-12x12.jpg",12,12,true],"woocommerce_thumbnail":["https:\/\/legitgrams.com\/wp-content\/uploads\/2024\/09\/Buy-Afghan-Black-Hash-Online-300x300.jpg",300,300,true],"woocommerce_single":["https:\/\/legitgrams.com\/wp-content\/uploads\/2024\/09\/Buy-Afghan-Black-Hash-Online.jpg",600,600,false],"woocommerce_gallery_thumbnail":["https:\/\/legitgrams.com\/wp-content\/uploads\/2024\/09\/Buy-Afghan-Black-Hash-Online-100x100.jpg",100,100,true]},"uagb_author_info":{"display_name":"cokeblog18","author_link":"https:\/\/legitgrams.com\/hu\/author\/"},"uagb_comment_info":0,"uagb_excerpt":"For Sale: Afghan Black Hash Buy Afghani Black Hash online. Afghan Black Hash is a hash clone. It is an international offense that carries a life sentence in prison. It no longer contains THC, synthetic cannabinoids, and a number of research chemical compounds (including AM-2209, JWH-018, JWH-073, JWH-250, and many more). It&#8217;s probably the best&hellip;","_links":{"self":[{"href":"https:\/\/legitgrams.com\/hu\/wp-json\/wp\/v2\/product\/4173","targetHints":{"allow":["GET"]}}],"collection":[{"href":"https:\/\/legitgrams.com\/hu\/wp-json\/wp\/v2\/product"}],"about":[{"href":"https:\/\/legitgrams.com\/hu\/wp-json\/wp\/v2\/types\/product"}],"replies":[{"embeddable":true,"href":"https:\/\/legitgrams.com\/hu\/wp-json\/wp\/v2\/comments?post=4173"}],"wp:featuredmedia":[{"embeddable":true,"href":"https:\/\/legitgrams.com\/hu\/wp-json\/wp\/v2\/media\/5369"}],"wp:attachment":[{"href":"https:\/\/legitgrams.com\/hu\/wp-json\/wp\/v2\/media?parent=4173"}],"wp:term":[{"taxonomy":"product_brand","embeddable":true,"href":"https:\/\/legitgrams.com\/hu\/wp-json\/wp\/v2\/product_brand?post=4173"},{"taxonomy":"product_cat","embeddable":true,"href":"https:\/\/legitgrams.com\/hu\/wp-json\/wp\/v2\/product_cat?post=4173"},{"taxonomy":"product_tag","embeddable":true,"href":"https:\/\/legitgrams.com\/hu\/wp-json\/wp\/v2\/product_tag?post=4173"}],"curies":[{"name":"wp","href":"https:\/\/api.w.org\/{rel}","templated":true}]}}