{"id":4175,"date":"2024-09-21T12:03:00","date_gmt":"2024-09-21T12:03:00","guid":{"rendered":"https:\/\/legitgrams.com\/?post_type=product&#038;p=4175"},"modified":"2025-01-15T05:43:09","modified_gmt":"2025-01-15T05:43:09","slug":"naplemente-sherbert-shatter-top-polc","status":"publish","type":"product","link":"https:\/\/legitgrams.com\/hu\/termek\/naplemente-sherbert-shatter-top-polc\/","title":{"rendered":"Sunset Sherbert Shatter - Top Shelf"},"content":{"rendered":"<h2>Szerezd meg a Sunset Sherbert Shattert \u2013 Legfels\u0151 polc online<\/h2>\n<h3>V\u00e1s\u00e1rl\u00e1s Top Shelf Sunset Sherbert Shatter.<\/h3>\n<p>A cserk\u00e9szl\u00e1ny s\u00fcti tr\u00f3nj\u00e1nak tr\u00f3n\u00f6r\u00f6k\u00f6se a Sunset <a href=\"https:\/\/en.wikipedia.org\/wiki\/Shatter\">Sherbert<\/a>, m\u00e1s n\u00e9ven Sherbet. Sz\u00fclei, a Girl Scout Cookies, akiknek genetikai vonal\u00e1ban OG Kush, Durban Poison \u00e9s Cherry Pie is szerepel, adt\u00e1k Sunset Sherbert genetikai fel\u00e9p\u00edt\u00e9s\u00e9t. Ezt k\u00f6vet\u0151en ezeket a g\u00e9neket keresztezt\u00e9k Pink Panties-szel, egy indica sz\u00fcl\u0151vel. A Sunset Sherbert kreat\u00edv kirobban\u00e1st vegy\u00edt a teljes test erej\u00e9vel. Elsz\u00edv\u00e1sa ut\u00e1n a haszn\u00e1l\u00f3 azonnali, els\u0151sorban koncentr\u00e1lt energial\u00f6ketet \u00e9rez a fej\u00e9ben, amit\u0151l r\u00f6vid ideig j\u00f3kedv\u0171nek \u00e9s t\u00e1rsas\u00e1gkedvel\u0151nek \u00e9rzi mag\u00e1t. Egy enyhe meleg \u00e9rz\u00e9s fog elterjedni az eg\u00e9sz testben, amint a hat\u00e1s bek\u00f6vetkezik, \u00e9s a haszn\u00e1l\u00f3t a teljes ellazul\u00e1s \u00e9s a t\u00f6k\u00e9letes \u00f6r\u00f6m \u00e1llapot\u00e1ban hagyja. A Sunset er\u0151teljes hat\u00e1sai A Sherbert-et enyhe vagy s\u00falyos f\u00e1jdalom, szorong\u00e1s, fesz\u00fclts\u00e9g \u00e9s depresszi\u00f3 kezel\u00e9s\u00e9re haszn\u00e1lj\u00e1k. <a href=\"https:\/\/legitgrams.com\/hu\/\">LegitGrams<\/a><\/p>\n<p>Top Shelf - v\u00e1s\u00e1rl\u00e1s Sunset Sherbert Shatter - v\u00e1s\u00e1rl\u00e1s <a href=\"https:\/\/legitgrams.com\/hu\/termek\/naplemente-sherbert-shatter-top-polc\/\">Sunset Sherbert Shatter<\/a> online USA - v\u00e1s\u00e1rl\u00e1s Sunset Sherbert Shatter, v\u00e1s\u00e1rl\u00e1s Sunset Sherbert Shatter az USA-ban - Hol lehet v\u00e1s\u00e1rolni Sunset Sherbert Shatter - v\u00e1s\u00e1rl\u00e1s Sunset Sherbert Shatter online - hol lehet v\u00e1s\u00e1rolni Sunset Sherbert Shatter online - v\u00e1s\u00e1rl\u00e1s Sunset Sherbert Shatter online - v\u00e1s\u00e1rl\u00e1s Sunset Sherbert Shatter az USA-ban - USA, Kanada, Egyes\u00fclt Kir\u00e1lys\u00e1g - v\u00e1s\u00e1rl\u00e1s, online, besz\u00e1ll\u00edt\u00f3k, biztons\u00e1gos sz\u00e1ll\u00edt\u00e1s M\u00e9g mindig v\u00e1s\u00e1rolhat Sunset Sherbert Shatter. Azt is megtudhatja, hogy a Sunset Sherbert Shatter enged\u00e9lyezett-e az Egyes\u00fclt \u00c1llamokban, hogyan szerezheti be a Sunset Sherbert Shattert, \u00e9s hogy enged\u00e9lyezett-e Kanad\u00e1ban.<\/p>","protected":false},"excerpt":{"rendered":"<p>Get Sunset Sherbert Shatter \u2013 Top Shelf Online Purchase Top Shelf Sunset Sherbert Shatter. The heir apparent to the Girl Scout Cookie throne is Sunset Sherbert, also known as Sherbet. Her parents, Girl Scout Cookies, whose genetic lineage includes OG Kush, Durban Poison, and Cherry Pie, gave Sunset Sherbert her genetic makeup. After that, these &hellip;<\/p>\n<p class=\"read-more\"> <a class=\"\" href=\"https:\/\/legitgrams.com\/hu\/termek\/naplemente-sherbert-shatter-top-polc\/\"> <span class=\"screen-reader-text\">Sunset Sherbert Shatter - Top Shelf<\/span> Olvass tov\u00e1bb \"<\/a><\/p>","protected":false},"featured_media":5349,"comment_status":"open","ping_status":"closed","template":"","meta":{"_uag_custom_page_level_css":"","site-sidebar-layout":"default","site-content-layout":"default","ast-global-header-display":"","ast-main-header-display":"","ast-hfb-above-header-display":"","ast-hfb-below-header-display":"","ast-hfb-mobile-header-display":"","site-post-title":"","ast-breadcrumbs-content":"","ast-featured-img":"","footer-sml-layout":"","theme-transparent-header-meta":"default","adv-header-id-meta":"","stick-header-meta":"default","header-above-stick-meta":"","header-main-stick-meta":"","header-below-stick-meta":"","_joinchat":[]},"product_brand":[],"product_cat":[600,604],"product_tag":[2716,2706,617,2698,2713,2710,2705,2703,2715,2712,2697,2700,2708,2699,2709,2711,2701,2718,2719,2717,2714,625,2704,2707,2702],"class_list":{"0":"post-4175","1":"product","2":"type-product","3":"status-publish","4":"has-post-thumbnail","6":"product_cat-research-chemicals-and-bath-salt","7":"product_cat-shatter","8":"product_tag-best-cheap-price-sunset-sherbert-shatter-top-shelf","9":"product_tag-best-place-to-buy-sunset-sherbert-shatter-top-shelf","10":"product_tag-bulk-online","11":"product_tag-buy-sunset-sherbert-shatter-top-shelf","12":"product_tag-cheap-sunset-sherbert-shatter-top-shelf","13":"product_tag-high-quality-sunset-sherbert-shatter-top-shelf","14":"product_tag-how-to-buy-sunset-sherbert-shatter-top-shelf","15":"product_tag-order-sunset-sherbert-shatter-top-shelf","16":"product_tag-purcharse-sunset-sherbert-shatter-top-shelf","17":"product_tag-shop-sunset-sherbert-shatter-top-shelf","18":"product_tag-sunset-sherbert-shatter-top-shelf","19":"product_tag-sunset-sherbert-shatter-top-shelf-for-sale","20":"product_tag-sunset-sherbert-shatter-top-shelf-legally","21":"product_tag-sunset-sherbert-shatter-top-shelf-online","22":"product_tag-sunset-sherbert-shatter-top-shelf-price","23":"product_tag-sunset-sherbert-shatter-top-shelf-store","24":"product_tag-sunset-sherbert-shatter-top-shelf-sunset-sherbert-shatter-top-shelf-supplier","25":"product_tag-sunset-sherbert-shatter-top-shelf-use","26":"product_tag-sunset-sherbert-shatter-top-shelf-wiki","27":"product_tag-sunset-sherbert-shatter-top-shelf-worldwide","28":"product_tag-sunset-sherbert-shatter-top-shelfs","29":"product_tag-top-quality","30":"product_tag-where-to-buy-sunset-sherbert-shatter-top-shelf","31":"product_tag-where-to-order-sunset-sherbert-shatter-top-shelf","32":"product_tag-wholesale-sunset-sherbert-shatter-top-shelf","33":"desktop-align-left","34":"tablet-align-left","35":"mobile-align-left","36":"ast-product-gallery-layout-horizontal","37":"ast-product-gallery-with-no-image","38":"ast-product-single-variable","39":"ast-product-tabs-layout-horizontal","40":"ast-qv-on-image","42":"first","43":"instock","44":"shipping-taxable","45":"purchasable","46":"product-type-variable"},"yoast_head":"<!-- This site is optimized with the Yoast SEO plugin v25.9 - https:\/\/yoast.com\/wordpress\/plugins\/seo\/ -->\n<title>Sunset Sherbert Shatter for Sale - Buy Sunset Sherbert Shatter<\/title>\n<meta name=\"description\" content=\"Looking for a reliable source to buy sunset sherbert shatter online? Your search ends here. Order sunset sherbert shatter online from our trusted store and enjoy a seamless buying process tailored for your research needs.\" \/>\n<meta name=\"robots\" content=\"index, follow, max-snippet:-1, max-image-preview:large, max-video-preview:-1\" \/>\n<link rel=\"canonical\" href=\"https:\/\/legitgrams.com\/hu\/termek\/naplemente-sherbert-shatter-top-polc\/\" \/>\n<meta property=\"og:locale\" content=\"hu_HU\" \/>\n<meta property=\"og:type\" content=\"article\" \/>\n<meta property=\"og:title\" content=\"Sunset Sherbert Shatter for Sale - Buy Sunset Sherbert Shatter\" \/>\n<meta property=\"og:description\" content=\"Looking for a reliable source to buy sunset sherbert shatter online? Your search ends here. Order sunset sherbert shatter online from our trusted store and enjoy a seamless buying process tailored for your research needs.\" \/>\n<meta property=\"og:url\" content=\"https:\/\/legitgrams.com\/hu\/termek\/naplemente-sherbert-shatter-top-polc\/\" \/>\n<meta property=\"og:site_name\" content=\"Legit Grams\" \/>\n<meta property=\"article:modified_time\" content=\"2025-01-15T05:43:09+00:00\" \/>\n<meta property=\"og:image\" content=\"https:\/\/legitgrams.com\/wp-content\/uploads\/2024\/09\/Buy-Sunset-Sherbert-Shatter.jpg\" \/>\n\t<meta property=\"og:image:width\" content=\"600\" \/>\n\t<meta property=\"og:image:height\" content=\"600\" \/>\n\t<meta property=\"og:image:type\" content=\"image\/jpeg\" \/>\n<meta name=\"twitter:card\" content=\"summary_large_image\" \/>\n<meta name=\"twitter:label1\" content=\"Becs\u00fclt olvas\u00e1si id\u0151\" \/>\n\t<meta name=\"twitter:data1\" content=\"2 perc\" \/>\n<script type=\"application\/ld+json\" class=\"yoast-schema-graph\">{\"@context\":\"https:\/\/schema.org\",\"@graph\":[{\"@type\":\"WebPage\",\"@id\":\"https:\/\/legitgrams.com\/product\/sunset-sherbert-shatter-top-shelf\/\",\"url\":\"https:\/\/legitgrams.com\/product\/sunset-sherbert-shatter-top-shelf\/\",\"name\":\"Sunset Sherbert Shatter for Sale - Buy Sunset Sherbert Shatter\",\"isPartOf\":{\"@id\":\"https:\/\/legitgrams.com\/#website\"},\"primaryImageOfPage\":{\"@id\":\"https:\/\/legitgrams.com\/product\/sunset-sherbert-shatter-top-shelf\/#primaryimage\"},\"image\":{\"@id\":\"https:\/\/legitgrams.com\/product\/sunset-sherbert-shatter-top-shelf\/#primaryimage\"},\"thumbnailUrl\":\"https:\/\/legitgrams.com\/wp-content\/uploads\/2024\/09\/Buy-Sunset-Sherbert-Shatter.jpg\",\"datePublished\":\"2024-09-21T12:03:00+00:00\",\"dateModified\":\"2025-01-15T05:43:09+00:00\",\"description\":\"Looking for a reliable source to buy sunset sherbert shatter online? Your search ends here. Order sunset sherbert shatter online from our trusted store and enjoy a seamless buying process tailored for your research needs.\",\"breadcrumb\":{\"@id\":\"https:\/\/legitgrams.com\/product\/sunset-sherbert-shatter-top-shelf\/#breadcrumb\"},\"inLanguage\":\"hu\",\"potentialAction\":[{\"@type\":\"ReadAction\",\"target\":[\"https:\/\/legitgrams.com\/product\/sunset-sherbert-shatter-top-shelf\/\"]}]},{\"@type\":\"ImageObject\",\"inLanguage\":\"hu\",\"@id\":\"https:\/\/legitgrams.com\/product\/sunset-sherbert-shatter-top-shelf\/#primaryimage\",\"url\":\"https:\/\/legitgrams.com\/wp-content\/uploads\/2024\/09\/Buy-Sunset-Sherbert-Shatter.jpg\",\"contentUrl\":\"https:\/\/legitgrams.com\/wp-content\/uploads\/2024\/09\/Buy-Sunset-Sherbert-Shatter.jpg\",\"width\":600,\"height\":600,\"caption\":\"Sunset Sherbert Shatter for Sale\"},{\"@type\":\"BreadcrumbList\",\"@id\":\"https:\/\/legitgrams.com\/product\/sunset-sherbert-shatter-top-shelf\/#breadcrumb\",\"itemListElement\":[{\"@type\":\"ListItem\",\"position\":1,\"name\":\"Home\",\"item\":\"https:\/\/legitgrams.com\/\"},{\"@type\":\"ListItem\",\"position\":2,\"name\":\"Shop\",\"item\":\"https:\/\/legitgrams.com\/shop\/\"},{\"@type\":\"ListItem\",\"position\":3,\"name\":\"Sunset Sherbert Shatter \u2013 Top Shelf\"}]},{\"@type\":\"WebSite\",\"@id\":\"https:\/\/legitgrams.com\/#website\",\"url\":\"https:\/\/legitgrams.com\/\",\"name\":\"Legit Grams\",\"description\":\"My WordPress Blog\",\"publisher\":{\"@id\":\"https:\/\/legitgrams.com\/#organization\"},\"potentialAction\":[{\"@type\":\"SearchAction\",\"target\":{\"@type\":\"EntryPoint\",\"urlTemplate\":\"https:\/\/legitgrams.com\/?s={search_term_string}\"},\"query-input\":{\"@type\":\"PropertyValueSpecification\",\"valueRequired\":true,\"valueName\":\"search_term_string\"}}],\"inLanguage\":\"hu\"},{\"@type\":\"Organization\",\"@id\":\"https:\/\/legitgrams.com\/#organization\",\"name\":\"Legit Grams\",\"url\":\"https:\/\/legitgrams.com\/\",\"logo\":{\"@type\":\"ImageObject\",\"inLanguage\":\"hu\",\"@id\":\"https:\/\/legitgrams.com\/#\/schema\/logo\/image\/\",\"url\":\"https:\/\/legitgrams.com\/wp-content\/uploads\/2024\/09\/main-logo.png\",\"contentUrl\":\"https:\/\/legitgrams.com\/wp-content\/uploads\/2024\/09\/main-logo.png\",\"width\":270,\"height\":75,\"caption\":\"Legit Grams\"},\"image\":{\"@id\":\"https:\/\/legitgrams.com\/#\/schema\/logo\/image\/\"}}]}<\/script>\n<!-- \/ Yoast SEO plugin. -->","yoast_head_json":{"title":"Elad\u00f3 Sunset Sherbert Shatter - Sunset Sherbert Shatter v\u00e1s\u00e1rl\u00e1s","description":"Megb\u00edzhat\u00f3 forr\u00e1st keres, hogy online v\u00e1s\u00e1roljon sunset sherbert shattert? A keres\u00e9sed itt \u00e9r v\u00e9get. Rendeljen sunset sherbert shattert online megb\u00edzhat\u00f3 \u00e1ruh\u00e1zunkb\u00f3l, \u00e9s \u00e9lvezze a z\u00f6kken\u0151mentes, az \u00d6n kutat\u00e1si ig\u00e9nyeihez szabott v\u00e1s\u00e1rl\u00e1si folyamatot.","robots":{"index":"index","follow":"follow","max-snippet":"max-snippet:-1","max-image-preview":"max-image-preview:large","max-video-preview":"max-video-preview:-1"},"canonical":"https:\/\/legitgrams.com\/hu\/termek\/naplemente-sherbert-shatter-top-polc\/","og_locale":"hu_HU","og_type":"article","og_title":"Sunset Sherbert Shatter for Sale - Buy Sunset Sherbert Shatter","og_description":"Looking for a reliable source to buy sunset sherbert shatter online? Your search ends here. Order sunset sherbert shatter online from our trusted store and enjoy a seamless buying process tailored for your research needs.","og_url":"https:\/\/legitgrams.com\/hu\/termek\/naplemente-sherbert-shatter-top-polc\/","og_site_name":"Legit Grams","article_modified_time":"2025-01-15T05:43:09+00:00","og_image":[{"width":600,"height":600,"url":"https:\/\/legitgrams.com\/wp-content\/uploads\/2024\/09\/Buy-Sunset-Sherbert-Shatter.jpg","type":"image\/jpeg"}],"twitter_card":"summary_large_image","twitter_misc":{"Becs\u00fclt olvas\u00e1si id\u0151":"2 perc"},"schema":{"@context":"https:\/\/schema.org","@graph":[{"@type":"WebPage","@id":"https:\/\/legitgrams.com\/product\/sunset-sherbert-shatter-top-shelf\/","url":"https:\/\/legitgrams.com\/product\/sunset-sherbert-shatter-top-shelf\/","name":"Elad\u00f3 Sunset Sherbert Shatter - Sunset Sherbert Shatter v\u00e1s\u00e1rl\u00e1s","isPartOf":{"@id":"https:\/\/legitgrams.com\/#website"},"primaryImageOfPage":{"@id":"https:\/\/legitgrams.com\/product\/sunset-sherbert-shatter-top-shelf\/#primaryimage"},"image":{"@id":"https:\/\/legitgrams.com\/product\/sunset-sherbert-shatter-top-shelf\/#primaryimage"},"thumbnailUrl":"https:\/\/legitgrams.com\/wp-content\/uploads\/2024\/09\/Buy-Sunset-Sherbert-Shatter.jpg","datePublished":"2024-09-21T12:03:00+00:00","dateModified":"2025-01-15T05:43:09+00:00","description":"Megb\u00edzhat\u00f3 forr\u00e1st keres, hogy online v\u00e1s\u00e1roljon sunset sherbert shattert? A keres\u00e9sed itt \u00e9r v\u00e9get. Rendeljen sunset sherbert shattert online megb\u00edzhat\u00f3 \u00e1ruh\u00e1zunkb\u00f3l, \u00e9s \u00e9lvezze a z\u00f6kken\u0151mentes, az \u00d6n kutat\u00e1si ig\u00e9nyeihez szabott v\u00e1s\u00e1rl\u00e1si folyamatot.","breadcrumb":{"@id":"https:\/\/legitgrams.com\/product\/sunset-sherbert-shatter-top-shelf\/#breadcrumb"},"inLanguage":"hu","potentialAction":[{"@type":"ReadAction","target":["https:\/\/legitgrams.com\/product\/sunset-sherbert-shatter-top-shelf\/"]}]},{"@type":"ImageObject","inLanguage":"hu","@id":"https:\/\/legitgrams.com\/product\/sunset-sherbert-shatter-top-shelf\/#primaryimage","url":"https:\/\/legitgrams.com\/wp-content\/uploads\/2024\/09\/Buy-Sunset-Sherbert-Shatter.jpg","contentUrl":"https:\/\/legitgrams.com\/wp-content\/uploads\/2024\/09\/Buy-Sunset-Sherbert-Shatter.jpg","width":600,"height":600,"caption":"Sunset Sherbert Shatter for Sale"},{"@type":"BreadcrumbList","@id":"https:\/\/legitgrams.com\/product\/sunset-sherbert-shatter-top-shelf\/#breadcrumb","itemListElement":[{"@type":"ListItem","position":1,"name":"Home","item":"https:\/\/legitgrams.com\/"},{"@type":"ListItem","position":2,"name":"Shop","item":"https:\/\/legitgrams.com\/shop\/"},{"@type":"ListItem","position":3,"name":"Sunset Sherbert Shatter \u2013 Top Shelf"}]},{"@type":"WebSite","@id":"https:\/\/legitgrams.com\/#website","url":"https:\/\/legitgrams.com\/","name":"Legit Grams","description":"Az \u00e9n WordPress blogom","publisher":{"@id":"https:\/\/legitgrams.com\/#organization"},"potentialAction":[{"@type":"SearchAction","target":{"@type":"EntryPoint","urlTemplate":"https:\/\/legitgrams.com\/?s={search_term_string}"},"query-input":{"@type":"PropertyValueSpecification","valueRequired":true,"valueName":"search_term_string"}}],"inLanguage":"hu"},{"@type":"Organization","@id":"https:\/\/legitgrams.com\/#organization","name":"Legit Grams","url":"https:\/\/legitgrams.com\/","logo":{"@type":"ImageObject","inLanguage":"hu","@id":"https:\/\/legitgrams.com\/#\/schema\/logo\/image\/","url":"https:\/\/legitgrams.com\/wp-content\/uploads\/2024\/09\/main-logo.png","contentUrl":"https:\/\/legitgrams.com\/wp-content\/uploads\/2024\/09\/main-logo.png","width":270,"height":75,"caption":"Legit Grams"},"image":{"@id":"https:\/\/legitgrams.com\/#\/schema\/logo\/image\/"}}]}},"uagb_featured_image_src":{"full":["https:\/\/legitgrams.com\/wp-content\/uploads\/2024\/09\/Buy-Sunset-Sherbert-Shatter.jpg",600,600,false],"thumbnail":["https:\/\/legitgrams.com\/wp-content\/uploads\/2024\/09\/Buy-Sunset-Sherbert-Shatter-150x150.jpg",150,150,true],"medium":["https:\/\/legitgrams.com\/wp-content\/uploads\/2024\/09\/Buy-Sunset-Sherbert-Shatter-300x300.jpg",300,300,true],"medium_large":["https:\/\/legitgrams.com\/wp-content\/uploads\/2024\/09\/Buy-Sunset-Sherbert-Shatter.jpg",600,600,false],"large":["https:\/\/legitgrams.com\/wp-content\/uploads\/2024\/09\/Buy-Sunset-Sherbert-Shatter.jpg",600,600,false],"1536x1536":["https:\/\/legitgrams.com\/wp-content\/uploads\/2024\/09\/Buy-Sunset-Sherbert-Shatter.jpg",600,600,false],"2048x2048":["https:\/\/legitgrams.com\/wp-content\/uploads\/2024\/09\/Buy-Sunset-Sherbert-Shatter.jpg",600,600,false],"trp-custom-language-flag":["https:\/\/legitgrams.com\/wp-content\/uploads\/2024\/09\/Buy-Sunset-Sherbert-Shatter-12x12.jpg",12,12,true],"woocommerce_thumbnail":["https:\/\/legitgrams.com\/wp-content\/uploads\/2024\/09\/Buy-Sunset-Sherbert-Shatter-300x300.jpg",300,300,true],"woocommerce_single":["https:\/\/legitgrams.com\/wp-content\/uploads\/2024\/09\/Buy-Sunset-Sherbert-Shatter.jpg",600,600,false],"woocommerce_gallery_thumbnail":["https:\/\/legitgrams.com\/wp-content\/uploads\/2024\/09\/Buy-Sunset-Sherbert-Shatter-100x100.jpg",100,100,true]},"uagb_author_info":{"display_name":"cokeblog18","author_link":"https:\/\/legitgrams.com\/hu\/author\/"},"uagb_comment_info":0,"uagb_excerpt":"Get Sunset Sherbert Shatter \u2013 Top Shelf Online Purchase Top Shelf Sunset Sherbert Shatter. The heir apparent to the Girl Scout Cookie throne is Sunset Sherbert, also known as Sherbet. Her parents, Girl Scout Cookies, whose genetic lineage includes OG Kush, Durban Poison, and Cherry Pie, gave Sunset Sherbert her genetic makeup. After that, these&hellip;","_links":{"self":[{"href":"https:\/\/legitgrams.com\/hu\/wp-json\/wp\/v2\/product\/4175","targetHints":{"allow":["GET"]}}],"collection":[{"href":"https:\/\/legitgrams.com\/hu\/wp-json\/wp\/v2\/product"}],"about":[{"href":"https:\/\/legitgrams.com\/hu\/wp-json\/wp\/v2\/types\/product"}],"replies":[{"embeddable":true,"href":"https:\/\/legitgrams.com\/hu\/wp-json\/wp\/v2\/comments?post=4175"}],"wp:featuredmedia":[{"embeddable":true,"href":"https:\/\/legitgrams.com\/hu\/wp-json\/wp\/v2\/media\/5349"}],"wp:attachment":[{"href":"https:\/\/legitgrams.com\/hu\/wp-json\/wp\/v2\/media?parent=4175"}],"wp:term":[{"taxonomy":"product_brand","embeddable":true,"href":"https:\/\/legitgrams.com\/hu\/wp-json\/wp\/v2\/product_brand?post=4175"},{"taxonomy":"product_cat","embeddable":true,"href":"https:\/\/legitgrams.com\/hu\/wp-json\/wp\/v2\/product_cat?post=4175"},{"taxonomy":"product_tag","embeddable":true,"href":"https:\/\/legitgrams.com\/hu\/wp-json\/wp\/v2\/product_tag?post=4175"}],"curies":[{"name":"wp","href":"https:\/\/api.w.org\/{rel}","templated":true}]}}