{"id":4178,"date":"2024-09-21T12:15:17","date_gmt":"2024-09-21T12:15:17","guid":{"rendered":"https:\/\/legitgrams.com\/?post_type=product&#038;p=4178"},"modified":"2025-01-15T05:45:06","modified_gmt":"2025-01-15T05:45:06","slug":"thc-live-diamonds-superior-kivonat","status":"publish","type":"product","link":"https:\/\/legitgrams.com\/hu\/termek\/thc-live-diamonds-superior-kivonat\/","title":{"rendered":"THC Live Diamonds- Superior kivonat"},"content":{"rendered":"<h2>V\u00e1s\u00e1roljon THC Live Diamonds- Superior Extract online<\/h2>\n<p>Szerezd meg a csod\u00e1latos THC Live Diamonds kivonatot. Mivel a Superior THC Live Diamonds a leger\u0151sebb el\u00e9rhet\u0151 koncentr\u00e1tum, gyakran \"a vil\u00e1g leger\u0151sebbjek\u00e9nt\" emlegetik, \u00e9s ez a leg\u00fajabb kivonat, amely jelent\u0151s figyelmet kap a kannabisziparban. T\u00f6bb mint 99% tiszta THC-A alkotja ezt a krist\u00e1lyos\u00edtott kivonatot; fogyaszt\u00e1skor a THC-A nem termel nagy mennyis\u00e9g\u0171 THC-t; ehelyett el kell \u00e9getni, vagy dekarboxil\u00e1lni kell a pszichoakt\u00edv THC el\u0151\u00e1ll\u00edt\u00e1s\u00e1hoz.<\/p>\n<p>A jobb <a href=\"https:\/\/en.wikipedia.org\/wiki\/Cannabis_concentrate\">THC \u00e9l\u0151 gy\u00e9m\u00e1ntok<\/a> \u00e9rz\u00e9kibb koncentr\u00e1tummal rendelkeznek, mivel \u00e9l\u0151 gyant\u00e1b\u00f3l k\u00e9sz\u00fclnek, amely seg\u00edt fenntartani a terp\u00e9neket!<\/p>\n<p>A viszk\u00f3zus, \u00e9l\u0151 gyant\u00e1t egy nyom\u00e1start\u00f3 ed\u00e9nybe z\u00e1rj\u00e1k, \u00e9s hagyj\u00e1k, hogy szobah\u0151m\u00e9rs\u00e9klet\u0171v\u00e9 v\u00e1ljon. Ebben a kombin\u00e1ci\u00f3ban a THCA-krist\u00e1lyok v\u00e9g\u00fcl elkezdenek kialakulni \u00e9s leereszkednek az ed\u00e9ny alj\u00e1ra. Az \u00e9l\u0151 gyant\u00e1ban l\u00e9v\u0151 marad\u00e9k terp\u00e9nek felemelkednek a felsz\u00ednre \u00e9s viszk\u00f3zus bevonatot hoznak l\u00e9tre. A v\u00e9gterm\u00e9k egy 97-99% THC koncentr\u00e1tum, amelyet az adott t\u00f6rzsre jellemz\u0151 terp\u00e9nekb\u0151l sz\u00e1rmaz\u00f3 \u00edzzel \u00e9s eg\u00e9szs\u00e9g\u00fcgyi el\u0151ny\u00f6kkel gazdag\u00edtottak. <a href=\"https:\/\/legitgrams.com\/hu\/\">LegitGrams<\/a><\/p>\n<p>V\u00e1s\u00e1rl\u00e1s <a href=\"https:\/\/legitgrams.com\/hu\/termek\/thc-live-diamonds-superior-kivonat\/\">THC Live Diamonds-Superior<\/a> Kivonat - Gy\u00e9m\u00e1ntok v\u00e1s\u00e1rl\u00e1sa, THC \u00e9l\u0151 gy\u00e9m\u00e1ntok v\u00e1s\u00e1rl\u00e1sa, THC \u00e9l\u0151 gy\u00e9m\u00e1ntok online v\u00e1s\u00e1rl\u00e1sa, Hol lehet megv\u00e1s\u00e1rolni a THC \u00e9l\u0151 gy\u00e9m\u00e1ntokat, THC \u00e9l\u0151 gy\u00e9m\u00e1ntok v\u00e1s\u00e1rl\u00e1sa, THC \u00e9l\u0151 gy\u00e9m\u00e1ntok online v\u00e1s\u00e1rl\u00e1sa, THC \u00e9l\u0151 gy\u00e9m\u00e1ntok v\u00e1s\u00e1rl\u00e1sa az Egyes\u00fclt \u00c1llamokban, Kanad\u00e1ban, az Egyes\u00fclt Kir\u00e1lys\u00e1gban, v\u00e1s\u00e1rl\u00e1s, online, besz\u00e1ll\u00edt\u00f3k, biztons\u00e1gos sz\u00e1ll\u00edt\u00e1s, THC-vel rendelkez\u0151 \u00e9l\u0151 gy\u00e9m\u00e1ntok m\u00e9g mindig el\u00e9rhet\u0151ek. Leg\u00e1lis a THC Live Diamonds v\u00e1s\u00e1rl\u00e1s az Egyes\u00fclt \u00c1llamokban?<\/p>","protected":false},"excerpt":{"rendered":"<p>Purchase THC Live Diamonds- Superior Extract Online Get the wonderful extract THC Live Diamonds. Being the strongest concentrate available, Superior THC Live Diamonds is frequently referred to as &#8220;the strongest in the world&#8221; and is the most recent extract to garner substantial attention within the cannabis industry. Over 99% pure THC-A makes up this crystallized &hellip;<\/p>\n<p class=\"read-more\"> <a class=\"\" href=\"https:\/\/legitgrams.com\/hu\/termek\/thc-live-diamonds-superior-kivonat\/\"> <span class=\"screen-reader-text\">THC Live Diamonds- Superior kivonat<\/span> Olvass tov\u00e1bb \"<\/a><\/p>","protected":false},"featured_media":5391,"comment_status":"open","ping_status":"closed","template":"","meta":{"_uag_custom_page_level_css":"","site-sidebar-layout":"default","site-content-layout":"default","ast-global-header-display":"","ast-main-header-display":"","ast-hfb-above-header-display":"","ast-hfb-below-header-display":"","ast-hfb-mobile-header-display":"","site-post-title":"","ast-breadcrumbs-content":"","ast-featured-img":"","footer-sml-layout":"","theme-transparent-header-meta":"default","adv-header-id-meta":"","stick-header-meta":"default","header-above-stick-meta":"","header-main-stick-meta":"","header-below-stick-meta":"","_joinchat":[]},"product_brand":[],"product_cat":[606],"product_tag":[2555,2545,617,2537,2552,2549,2544,2542,2554,2551,2536,2539,2547,2538,2548,2550,2540,2557,2558,2556,2553,625,2543,2546,2541],"class_list":{"0":"post-4178","1":"product","2":"type-product","3":"status-publish","4":"has-post-thumbnail","6":"product_cat-marijuana-wax","7":"product_tag-best-cheap-price-thc-live-diamonds-superior-extract","8":"product_tag-best-place-to-buy-thc-live-diamonds-superior-extract","9":"product_tag-bulk-online","10":"product_tag-buy-thc-live-diamonds-superior-extract","11":"product_tag-cheap-thc-live-diamonds-superior-extract","12":"product_tag-high-quality-thc-live-diamonds-superior-extract","13":"product_tag-how-to-buy-thc-live-diamonds-superior-extract","14":"product_tag-order-thc-live-diamonds-superior-extract","15":"product_tag-purcharse-thc-live-diamonds-superior-extract","16":"product_tag-shop-thc-live-diamonds-superior-extract","17":"product_tag-thc-live-diamonds-superior-extract","18":"product_tag-thc-live-diamonds-superior-extract-for-sale","19":"product_tag-thc-live-diamonds-superior-extract-legally","20":"product_tag-thc-live-diamonds-superior-extract-online","21":"product_tag-thc-live-diamonds-superior-extract-price","22":"product_tag-thc-live-diamonds-superior-extract-store","23":"product_tag-thc-live-diamonds-superior-extract-thc-live-diamonds-superior-extract-supplier","24":"product_tag-thc-live-diamonds-superior-extract-use","25":"product_tag-thc-live-diamonds-superior-extract-wiki","26":"product_tag-thc-live-diamonds-superior-extract-worldwide","27":"product_tag-thc-live-diamonds-superior-extracts","28":"product_tag-top-quality","29":"product_tag-where-to-buy-thc-live-diamonds-superior-extract","30":"product_tag-where-to-order-thc-live-diamonds-superior-extract","31":"product_tag-wholesale-thc-live-diamonds-superior-extract","32":"desktop-align-left","33":"tablet-align-left","34":"mobile-align-left","35":"ast-product-gallery-layout-horizontal","36":"ast-product-gallery-with-no-image","37":"ast-product-single-variable","38":"ast-product-tabs-layout-horizontal","39":"ast-qv-on-image","41":"first","42":"instock","43":"shipping-taxable","44":"purchasable","45":"product-type-variable"},"yoast_head":"<!-- This site is optimized with the Yoast SEO plugin v25.9 - https:\/\/yoast.com\/wordpress\/plugins\/seo\/ -->\n<title>THC Live Diamonds for Sale - Order THC Live Diamonds Online<\/title>\n<meta name=\"description\" content=\"If you want to buy thc live diamonds online and looking for a reliable online store, then buy here. We offer only high-quality thc live diamonds for sale at an affordable price. Order thc live diamonds Now!\" \/>\n<meta name=\"robots\" content=\"index, follow, max-snippet:-1, max-image-preview:large, max-video-preview:-1\" \/>\n<link rel=\"canonical\" href=\"https:\/\/legitgrams.com\/hu\/termek\/thc-live-diamonds-superior-kivonat\/\" \/>\n<meta property=\"og:locale\" content=\"hu_HU\" \/>\n<meta property=\"og:type\" content=\"article\" \/>\n<meta property=\"og:title\" content=\"THC Live Diamonds for Sale - Order THC Live Diamonds Online\" \/>\n<meta property=\"og:description\" content=\"If you want to buy thc live diamonds online and looking for a reliable online store, then buy here. We offer only high-quality thc live diamonds for sale at an affordable price. Order thc live diamonds Now!\" \/>\n<meta property=\"og:url\" content=\"https:\/\/legitgrams.com\/hu\/termek\/thc-live-diamonds-superior-kivonat\/\" \/>\n<meta property=\"og:site_name\" content=\"Legit Grams\" \/>\n<meta property=\"article:modified_time\" content=\"2025-01-15T05:45:06+00:00\" \/>\n<meta property=\"og:image\" content=\"https:\/\/legitgrams.com\/wp-content\/uploads\/2024\/09\/Buy-THC-Live-Diamonds-Superior-Extract.jpg\" \/>\n\t<meta property=\"og:image:width\" content=\"600\" \/>\n\t<meta property=\"og:image:height\" content=\"600\" \/>\n\t<meta property=\"og:image:type\" content=\"image\/jpeg\" \/>\n<meta name=\"twitter:card\" content=\"summary_large_image\" \/>\n<meta name=\"twitter:label1\" content=\"Becs\u00fclt olvas\u00e1si id\u0151\" \/>\n\t<meta name=\"twitter:data1\" content=\"2 perc\" \/>\n<script type=\"application\/ld+json\" class=\"yoast-schema-graph\">{\"@context\":\"https:\/\/schema.org\",\"@graph\":[{\"@type\":\"WebPage\",\"@id\":\"https:\/\/legitgrams.com\/product\/thc-live-diamonds-superior-extract\/\",\"url\":\"https:\/\/legitgrams.com\/product\/thc-live-diamonds-superior-extract\/\",\"name\":\"THC Live Diamonds for Sale - Order THC Live Diamonds Online\",\"isPartOf\":{\"@id\":\"https:\/\/legitgrams.com\/#website\"},\"primaryImageOfPage\":{\"@id\":\"https:\/\/legitgrams.com\/product\/thc-live-diamonds-superior-extract\/#primaryimage\"},\"image\":{\"@id\":\"https:\/\/legitgrams.com\/product\/thc-live-diamonds-superior-extract\/#primaryimage\"},\"thumbnailUrl\":\"https:\/\/legitgrams.com\/wp-content\/uploads\/2024\/09\/Buy-THC-Live-Diamonds-Superior-Extract.jpg\",\"datePublished\":\"2024-09-21T12:15:17+00:00\",\"dateModified\":\"2025-01-15T05:45:06+00:00\",\"description\":\"If you want to buy thc live diamonds online and looking for a reliable online store, then buy here. We offer only high-quality thc live diamonds for sale at an affordable price. Order thc live diamonds Now!\",\"breadcrumb\":{\"@id\":\"https:\/\/legitgrams.com\/product\/thc-live-diamonds-superior-extract\/#breadcrumb\"},\"inLanguage\":\"hu\",\"potentialAction\":[{\"@type\":\"ReadAction\",\"target\":[\"https:\/\/legitgrams.com\/product\/thc-live-diamonds-superior-extract\/\"]}]},{\"@type\":\"ImageObject\",\"inLanguage\":\"hu\",\"@id\":\"https:\/\/legitgrams.com\/product\/thc-live-diamonds-superior-extract\/#primaryimage\",\"url\":\"https:\/\/legitgrams.com\/wp-content\/uploads\/2024\/09\/Buy-THC-Live-Diamonds-Superior-Extract.jpg\",\"contentUrl\":\"https:\/\/legitgrams.com\/wp-content\/uploads\/2024\/09\/Buy-THC-Live-Diamonds-Superior-Extract.jpg\",\"width\":600,\"height\":600,\"caption\":\"THC Live Diamonds for Sale\"},{\"@type\":\"BreadcrumbList\",\"@id\":\"https:\/\/legitgrams.com\/product\/thc-live-diamonds-superior-extract\/#breadcrumb\",\"itemListElement\":[{\"@type\":\"ListItem\",\"position\":1,\"name\":\"Home\",\"item\":\"https:\/\/legitgrams.com\/\"},{\"@type\":\"ListItem\",\"position\":2,\"name\":\"Shop\",\"item\":\"https:\/\/legitgrams.com\/shop\/\"},{\"@type\":\"ListItem\",\"position\":3,\"name\":\"THC Live Diamonds- Superior Extract\"}]},{\"@type\":\"WebSite\",\"@id\":\"https:\/\/legitgrams.com\/#website\",\"url\":\"https:\/\/legitgrams.com\/\",\"name\":\"Legit Grams\",\"description\":\"My WordPress Blog\",\"publisher\":{\"@id\":\"https:\/\/legitgrams.com\/#organization\"},\"potentialAction\":[{\"@type\":\"SearchAction\",\"target\":{\"@type\":\"EntryPoint\",\"urlTemplate\":\"https:\/\/legitgrams.com\/?s={search_term_string}\"},\"query-input\":{\"@type\":\"PropertyValueSpecification\",\"valueRequired\":true,\"valueName\":\"search_term_string\"}}],\"inLanguage\":\"hu\"},{\"@type\":\"Organization\",\"@id\":\"https:\/\/legitgrams.com\/#organization\",\"name\":\"Legit Grams\",\"url\":\"https:\/\/legitgrams.com\/\",\"logo\":{\"@type\":\"ImageObject\",\"inLanguage\":\"hu\",\"@id\":\"https:\/\/legitgrams.com\/#\/schema\/logo\/image\/\",\"url\":\"https:\/\/legitgrams.com\/wp-content\/uploads\/2024\/09\/main-logo.png\",\"contentUrl\":\"https:\/\/legitgrams.com\/wp-content\/uploads\/2024\/09\/main-logo.png\",\"width\":270,\"height\":75,\"caption\":\"Legit Grams\"},\"image\":{\"@id\":\"https:\/\/legitgrams.com\/#\/schema\/logo\/image\/\"}}]}<\/script>\n<!-- \/ Yoast SEO plugin. -->","yoast_head_json":{"title":"THC Live Diamonds elad\u00f3 - THC Live Diamonds online rendel\u00e9se","description":"Ha szeretne v\u00e1s\u00e1rolni thc \u00e9l\u0151 gy\u00e9m\u00e1ntok online \u00e9s keres egy megb\u00edzhat\u00f3 online \u00e1ruh\u00e1z, akkor v\u00e1s\u00e1rolni itt. Csak kiv\u00e1l\u00f3 min\u0151s\u00e9g\u0171 thc \u00e9l\u0151 gy\u00e9m\u00e1ntokat k\u00edn\u00e1lunk elad\u00e1sra megfizethet\u0151 \u00e1ron. Rendeljen thc \u00e9l\u0151 gy\u00e9m\u00e1ntokat most!","robots":{"index":"index","follow":"follow","max-snippet":"max-snippet:-1","max-image-preview":"max-image-preview:large","max-video-preview":"max-video-preview:-1"},"canonical":"https:\/\/legitgrams.com\/hu\/termek\/thc-live-diamonds-superior-kivonat\/","og_locale":"hu_HU","og_type":"article","og_title":"THC Live Diamonds for Sale - Order THC Live Diamonds Online","og_description":"If you want to buy thc live diamonds online and looking for a reliable online store, then buy here. We offer only high-quality thc live diamonds for sale at an affordable price. Order thc live diamonds Now!","og_url":"https:\/\/legitgrams.com\/hu\/termek\/thc-live-diamonds-superior-kivonat\/","og_site_name":"Legit Grams","article_modified_time":"2025-01-15T05:45:06+00:00","og_image":[{"width":600,"height":600,"url":"https:\/\/legitgrams.com\/wp-content\/uploads\/2024\/09\/Buy-THC-Live-Diamonds-Superior-Extract.jpg","type":"image\/jpeg"}],"twitter_card":"summary_large_image","twitter_misc":{"Becs\u00fclt olvas\u00e1si id\u0151":"2 perc"},"schema":{"@context":"https:\/\/schema.org","@graph":[{"@type":"WebPage","@id":"https:\/\/legitgrams.com\/product\/thc-live-diamonds-superior-extract\/","url":"https:\/\/legitgrams.com\/product\/thc-live-diamonds-superior-extract\/","name":"THC Live Diamonds elad\u00f3 - THC Live Diamonds online rendel\u00e9se","isPartOf":{"@id":"https:\/\/legitgrams.com\/#website"},"primaryImageOfPage":{"@id":"https:\/\/legitgrams.com\/product\/thc-live-diamonds-superior-extract\/#primaryimage"},"image":{"@id":"https:\/\/legitgrams.com\/product\/thc-live-diamonds-superior-extract\/#primaryimage"},"thumbnailUrl":"https:\/\/legitgrams.com\/wp-content\/uploads\/2024\/09\/Buy-THC-Live-Diamonds-Superior-Extract.jpg","datePublished":"2024-09-21T12:15:17+00:00","dateModified":"2025-01-15T05:45:06+00:00","description":"Ha szeretne v\u00e1s\u00e1rolni thc \u00e9l\u0151 gy\u00e9m\u00e1ntok online \u00e9s keres egy megb\u00edzhat\u00f3 online \u00e1ruh\u00e1z, akkor v\u00e1s\u00e1rolni itt. Csak kiv\u00e1l\u00f3 min\u0151s\u00e9g\u0171 thc \u00e9l\u0151 gy\u00e9m\u00e1ntokat k\u00edn\u00e1lunk elad\u00e1sra megfizethet\u0151 \u00e1ron. Rendeljen thc \u00e9l\u0151 gy\u00e9m\u00e1ntokat most!","breadcrumb":{"@id":"https:\/\/legitgrams.com\/product\/thc-live-diamonds-superior-extract\/#breadcrumb"},"inLanguage":"hu","potentialAction":[{"@type":"ReadAction","target":["https:\/\/legitgrams.com\/product\/thc-live-diamonds-superior-extract\/"]}]},{"@type":"ImageObject","inLanguage":"hu","@id":"https:\/\/legitgrams.com\/product\/thc-live-diamonds-superior-extract\/#primaryimage","url":"https:\/\/legitgrams.com\/wp-content\/uploads\/2024\/09\/Buy-THC-Live-Diamonds-Superior-Extract.jpg","contentUrl":"https:\/\/legitgrams.com\/wp-content\/uploads\/2024\/09\/Buy-THC-Live-Diamonds-Superior-Extract.jpg","width":600,"height":600,"caption":"THC Live Diamonds for Sale"},{"@type":"BreadcrumbList","@id":"https:\/\/legitgrams.com\/product\/thc-live-diamonds-superior-extract\/#breadcrumb","itemListElement":[{"@type":"ListItem","position":1,"name":"Home","item":"https:\/\/legitgrams.com\/"},{"@type":"ListItem","position":2,"name":"Shop","item":"https:\/\/legitgrams.com\/shop\/"},{"@type":"ListItem","position":3,"name":"THC Live Diamonds- Superior Extract"}]},{"@type":"WebSite","@id":"https:\/\/legitgrams.com\/#website","url":"https:\/\/legitgrams.com\/","name":"Legit Grams","description":"Az \u00e9n WordPress blogom","publisher":{"@id":"https:\/\/legitgrams.com\/#organization"},"potentialAction":[{"@type":"SearchAction","target":{"@type":"EntryPoint","urlTemplate":"https:\/\/legitgrams.com\/?s={search_term_string}"},"query-input":{"@type":"PropertyValueSpecification","valueRequired":true,"valueName":"search_term_string"}}],"inLanguage":"hu"},{"@type":"Organization","@id":"https:\/\/legitgrams.com\/#organization","name":"Legit Grams","url":"https:\/\/legitgrams.com\/","logo":{"@type":"ImageObject","inLanguage":"hu","@id":"https:\/\/legitgrams.com\/#\/schema\/logo\/image\/","url":"https:\/\/legitgrams.com\/wp-content\/uploads\/2024\/09\/main-logo.png","contentUrl":"https:\/\/legitgrams.com\/wp-content\/uploads\/2024\/09\/main-logo.png","width":270,"height":75,"caption":"Legit Grams"},"image":{"@id":"https:\/\/legitgrams.com\/#\/schema\/logo\/image\/"}}]}},"uagb_featured_image_src":{"full":["https:\/\/legitgrams.com\/wp-content\/uploads\/2024\/09\/Buy-THC-Live-Diamonds-Superior-Extract.jpg",600,600,false],"thumbnail":["https:\/\/legitgrams.com\/wp-content\/uploads\/2024\/09\/Buy-THC-Live-Diamonds-Superior-Extract-150x150.jpg",150,150,true],"medium":["https:\/\/legitgrams.com\/wp-content\/uploads\/2024\/09\/Buy-THC-Live-Diamonds-Superior-Extract-300x300.jpg",300,300,true],"medium_large":["https:\/\/legitgrams.com\/wp-content\/uploads\/2024\/09\/Buy-THC-Live-Diamonds-Superior-Extract.jpg",600,600,false],"large":["https:\/\/legitgrams.com\/wp-content\/uploads\/2024\/09\/Buy-THC-Live-Diamonds-Superior-Extract.jpg",600,600,false],"1536x1536":["https:\/\/legitgrams.com\/wp-content\/uploads\/2024\/09\/Buy-THC-Live-Diamonds-Superior-Extract.jpg",600,600,false],"2048x2048":["https:\/\/legitgrams.com\/wp-content\/uploads\/2024\/09\/Buy-THC-Live-Diamonds-Superior-Extract.jpg",600,600,false],"trp-custom-language-flag":["https:\/\/legitgrams.com\/wp-content\/uploads\/2024\/09\/Buy-THC-Live-Diamonds-Superior-Extract-12x12.jpg",12,12,true],"woocommerce_thumbnail":["https:\/\/legitgrams.com\/wp-content\/uploads\/2024\/09\/Buy-THC-Live-Diamonds-Superior-Extract-300x300.jpg",300,300,true],"woocommerce_single":["https:\/\/legitgrams.com\/wp-content\/uploads\/2024\/09\/Buy-THC-Live-Diamonds-Superior-Extract.jpg",600,600,false],"woocommerce_gallery_thumbnail":["https:\/\/legitgrams.com\/wp-content\/uploads\/2024\/09\/Buy-THC-Live-Diamonds-Superior-Extract-100x100.jpg",100,100,true]},"uagb_author_info":{"display_name":"cokeblog18","author_link":"https:\/\/legitgrams.com\/hu\/author\/"},"uagb_comment_info":0,"uagb_excerpt":"Purchase THC Live Diamonds- Superior Extract Online Get the wonderful extract THC Live Diamonds. Being the strongest concentrate available, Superior THC Live Diamonds is frequently referred to as &#8220;the strongest in the world&#8221; and is the most recent extract to garner substantial attention within the cannabis industry. Over 99% pure THC-A makes up this crystallized&hellip;","_links":{"self":[{"href":"https:\/\/legitgrams.com\/hu\/wp-json\/wp\/v2\/product\/4178","targetHints":{"allow":["GET"]}}],"collection":[{"href":"https:\/\/legitgrams.com\/hu\/wp-json\/wp\/v2\/product"}],"about":[{"href":"https:\/\/legitgrams.com\/hu\/wp-json\/wp\/v2\/types\/product"}],"replies":[{"embeddable":true,"href":"https:\/\/legitgrams.com\/hu\/wp-json\/wp\/v2\/comments?post=4178"}],"wp:featuredmedia":[{"embeddable":true,"href":"https:\/\/legitgrams.com\/hu\/wp-json\/wp\/v2\/media\/5391"}],"wp:attachment":[{"href":"https:\/\/legitgrams.com\/hu\/wp-json\/wp\/v2\/media?parent=4178"}],"wp:term":[{"taxonomy":"product_brand","embeddable":true,"href":"https:\/\/legitgrams.com\/hu\/wp-json\/wp\/v2\/product_brand?post=4178"},{"taxonomy":"product_cat","embeddable":true,"href":"https:\/\/legitgrams.com\/hu\/wp-json\/wp\/v2\/product_cat?post=4178"},{"taxonomy":"product_tag","embeddable":true,"href":"https:\/\/legitgrams.com\/hu\/wp-json\/wp\/v2\/product_tag?post=4178"}],"curies":[{"name":"wp","href":"https:\/\/api.w.org\/{rel}","templated":true}]}}