{"id":4181,"date":"2024-09-21T12:13:22","date_gmt":"2024-09-21T12:13:22","guid":{"rendered":"https:\/\/legitgrams.com\/?post_type=product&#038;p=4181"},"modified":"2025-01-14T10:25:59","modified_gmt":"2025-01-14T10:25:59","slug":"nyc-diesel-budder","status":"publish","type":"product","link":"https:\/\/legitgrams.com\/hu\/termek\/nyc-diesel-budder\/","title":{"rendered":"NYC Diesel Budder"},"content":{"rendered":"<h2>V\u00e1s\u00e1roljon NYC Diesel Buddert online a fels\u0151 polcr\u00f3l<\/h2>\n<p><a href=\"https:\/\/legitgrams.com\/hu\/termek\/nyc-diesel-budder\/\">NYC Diesel<\/a> egy 60% sativa-domin\u00e1ns hibrid, amely afg\u00e1n \u00e9s mexik\u00f3i f\u00f6ldfajt\u00e1k DNS-\u00e9t \u00f6tv\u00f6zi. Illata er\u0151sen eml\u00e9keztet a savany\u00fa citrusf\u00e9l\u00e9k \u00e9s a fanyar grapefruit kombin\u00e1ci\u00f3j\u00e1ra. Az \u00e9bers\u00e9get \u00e9s szellemi tisztas\u00e1got el\u0151seg\u00edt\u0151 er\u0151s agyi stimul\u00e1ci\u00f3j\u00e1nak k\u00f6sz\u00f6nhet\u0151en a NYC Diesel kiv\u00e1l\u00f3an alkalmas a napk\u00f6zbeni haszn\u00e1latra. A NYC Diesel kiv\u00e1l\u00f3 t\u00f6rzs a szomor\u00fas\u00e1g kezel\u00e9s\u00e9re, mivel stimul\u00e1l\u00f3 hat\u00e1sa mellett emeli a hangulatot \u00e9s serkenti a kreativit\u00e1st. Id\u0151vel ennek a t\u00f6rzsnek a hat\u00e1sa a testet egy enyhe relax\u00e1ci\u00f3s szintre hozza, amely nem okoz f\u00e1radts\u00e1got, de bizonyos felhaszn\u00e1l\u00f3kn\u00e1l el\u0151seg\u00edtheti az \u00e9tv\u00e1gyat. A NYC Diesel a legjobban a tart\u00f3s szomor\u00fas\u00e1g, a szorong\u00e1s \u00e9s a szoci\u00e1lis szorong\u00e1sos f\u00e1jdalom, az \u00e9tv\u00e1gycs\u00f6kken\u00e9s \u00e9s a depresszi\u00f3 kezel\u00e9s\u00e9re alkalmas. <a href=\"https:\/\/legitgrams.com\/hu\/\">LegitGrams<\/a><\/p>\n<p>Fels\u0151 polc: V\u00e1s\u00e1rl\u00e1s NYC Diesel Budder - V\u00e1s\u00e1rl\u00e1s NYC Diesel Budder, V\u00e1s\u00e1rl\u00e1s NYC Diesel Budder Online, Hol lehet megv\u00e1s\u00e1rolni NYC Diesel Budder, V\u00e1s\u00e1rl\u00e1s NYC Diesel Budder, V\u00e1s\u00e1rl\u00e1s <a href=\"https:\/\/en.wikipedia.org\/wiki\/Sour_Diesel\">NYC Diesel<\/a> Budder, Diesel Budder elad\u00f3, v\u00e1s\u00e1rl\u00e1s NYC Diesel Budder online, hol lehet megv\u00e1s\u00e1rolni NYC Diesel Budder, v\u00e1s\u00e1rl\u00e1s NYC Diesel Budder az USA-ban, Kanad\u00e1ban, az Egyes\u00fclt Kir\u00e1lys\u00e1gban, v\u00e1s\u00e1rl\u00e1s, online, besz\u00e1ll\u00edt\u00f3k, biztons\u00e1gos sz\u00e1ll\u00edt\u00e1s M\u00e9g mindig lehets\u00e9ges, hogy NYC Diesel Budder. Megtudhatja azt is, hogy leg\u00e1lis-e az Egyes\u00fclt \u00c1llamokban, hogyan rendelheti meg online, \u00e9s hogy Kanad\u00e1ban t\u00f6rv\u00e9nyes-e.<\/p>","protected":false},"excerpt":{"rendered":"<p>Purchase NYC Diesel Budder Online at Top Shelf NYC Diesel is a 60% sativa-dominant hybrid combining Afghani and Mexican landrace DNA. It smells strongly of a combination of sour citrus fruits and tart grapefruits. Due to its potent cerebral stimulation that promotes alertness and mental clarity, NYC Diesel is an excellent strain to use during &hellip;<\/p>\n<p class=\"read-more\"> <a class=\"\" href=\"https:\/\/legitgrams.com\/hu\/termek\/nyc-diesel-budder\/\"> <span class=\"screen-reader-text\">NYC Diesel Budder<\/span> Olvass tov\u00e1bb \"<\/a><\/p>","protected":false},"featured_media":5393,"comment_status":"open","ping_status":"closed","template":"","meta":{"_uag_custom_page_level_css":"","site-sidebar-layout":"default","site-content-layout":"default","ast-global-header-display":"","ast-main-header-display":"","ast-hfb-above-header-display":"","ast-hfb-below-header-display":"","ast-hfb-mobile-header-display":"","site-post-title":"","ast-breadcrumbs-content":"","ast-featured-img":"","footer-sml-layout":"","theme-transparent-header-meta":"default","adv-header-id-meta":"","stick-header-meta":"default","header-above-stick-meta":"","header-main-stick-meta":"","header-below-stick-meta":"","_joinchat":[]},"product_brand":[],"product_cat":[606],"product_tag":[2578,2568,617,2560,2575,2572,2567,2559,2562,2570,2563,2561,2571,2573,2580,2581,2579,2576,2565,2577,2574,625,2566,2569,2564],"class_list":{"0":"post-4181","1":"product","2":"type-product","3":"status-publish","4":"has-post-thumbnail","6":"product_cat-marijuana-wax","7":"product_tag-best-cheap-price-nyc-diesel-budder","8":"product_tag-best-place-to-buy-nyc-diesel-budder","9":"product_tag-bulk-online","10":"product_tag-buy-nyc-diesel-budder","11":"product_tag-cheap-nyc-diesel-budder","12":"product_tag-high-quality-nyc-diesel-budder","13":"product_tag-how-to-buy-nyc-diesel-budder","14":"product_tag-nyc-diesel-budder","15":"product_tag-nyc-diesel-budder-for-sale","16":"product_tag-nyc-diesel-budder-legally","17":"product_tag-nyc-diesel-budder-nyc-diesel-budder-supplier","18":"product_tag-nyc-diesel-budder-online","19":"product_tag-nyc-diesel-budder-price","20":"product_tag-nyc-diesel-budder-store","21":"product_tag-nyc-diesel-budder-use","22":"product_tag-nyc-diesel-budder-wiki","23":"product_tag-nyc-diesel-budder-worldwide","24":"product_tag-nyc-diesel-budders","25":"product_tag-order-nyc-diesel-budder","26":"product_tag-purcharse-nyc-diesel-budder","27":"product_tag-shop-nyc-diesel-budder","28":"product_tag-top-quality","29":"product_tag-where-to-buy-nyc-diesel-budder","30":"product_tag-where-to-order-nyc-diesel-budder","31":"product_tag-wholesale-nyc-diesel-budder","32":"desktop-align-left","33":"tablet-align-left","34":"mobile-align-left","35":"ast-product-gallery-layout-horizontal","36":"ast-product-gallery-with-no-image","37":"ast-product-single-variable","38":"ast-product-tabs-layout-horizontal","39":"ast-qv-on-image","41":"first","42":"instock","43":"shipping-taxable","44":"purchasable","45":"product-type-variable"},"yoast_head":"<!-- This site is optimized with the Yoast SEO plugin v25.9 - https:\/\/yoast.com\/wordpress\/plugins\/seo\/ -->\n<title>NYC Diesel Budder for Sale - Order NYC Diesel Budder Online<\/title>\n<meta name=\"description\" content=\"If you want to buy NYC Diesel Budder online and looking for a reliable online store, then buy here. We offer only high-quality NYC Diesel Budder for sale at an affordable price. Order NYC Diesel Budder Now!\" \/>\n<meta name=\"robots\" content=\"index, follow, max-snippet:-1, max-image-preview:large, max-video-preview:-1\" \/>\n<link rel=\"canonical\" href=\"https:\/\/legitgrams.com\/hu\/termek\/nyc-diesel-budder\/\" \/>\n<meta property=\"og:locale\" content=\"hu_HU\" \/>\n<meta property=\"og:type\" content=\"article\" \/>\n<meta property=\"og:title\" content=\"NYC Diesel Budder for Sale - Order NYC Diesel Budder Online\" \/>\n<meta property=\"og:description\" content=\"If you want to buy NYC Diesel Budder online and looking for a reliable online store, then buy here. We offer only high-quality NYC Diesel Budder for sale at an affordable price. Order NYC Diesel Budder Now!\" \/>\n<meta property=\"og:url\" content=\"https:\/\/legitgrams.com\/hu\/termek\/nyc-diesel-budder\/\" \/>\n<meta property=\"og:site_name\" content=\"Legit Grams\" \/>\n<meta property=\"article:modified_time\" content=\"2025-01-14T10:25:59+00:00\" \/>\n<meta property=\"og:image\" content=\"https:\/\/legitgrams.com\/wp-content\/uploads\/2024\/09\/Buy-NYC-Diesel-Budder.jpg\" \/>\n\t<meta property=\"og:image:width\" content=\"600\" \/>\n\t<meta property=\"og:image:height\" content=\"600\" \/>\n\t<meta property=\"og:image:type\" content=\"image\/jpeg\" \/>\n<meta name=\"twitter:card\" content=\"summary_large_image\" \/>\n<meta name=\"twitter:label1\" content=\"Becs\u00fclt olvas\u00e1si id\u0151\" \/>\n\t<meta name=\"twitter:data1\" content=\"2 perc\" \/>\n<script type=\"application\/ld+json\" class=\"yoast-schema-graph\">{\"@context\":\"https:\/\/schema.org\",\"@graph\":[{\"@type\":\"WebPage\",\"@id\":\"https:\/\/legitgrams.com\/product\/nyc-diesel-budder\/\",\"url\":\"https:\/\/legitgrams.com\/product\/nyc-diesel-budder\/\",\"name\":\"NYC Diesel Budder for Sale - Order NYC Diesel Budder Online\",\"isPartOf\":{\"@id\":\"https:\/\/legitgrams.com\/#website\"},\"primaryImageOfPage\":{\"@id\":\"https:\/\/legitgrams.com\/product\/nyc-diesel-budder\/#primaryimage\"},\"image\":{\"@id\":\"https:\/\/legitgrams.com\/product\/nyc-diesel-budder\/#primaryimage\"},\"thumbnailUrl\":\"https:\/\/legitgrams.com\/wp-content\/uploads\/2024\/09\/Buy-NYC-Diesel-Budder.jpg\",\"datePublished\":\"2024-09-21T12:13:22+00:00\",\"dateModified\":\"2025-01-14T10:25:59+00:00\",\"description\":\"If you want to buy NYC Diesel Budder online and looking for a reliable online store, then buy here. We offer only high-quality NYC Diesel Budder for sale at an affordable price. Order NYC Diesel Budder Now!\",\"breadcrumb\":{\"@id\":\"https:\/\/legitgrams.com\/product\/nyc-diesel-budder\/#breadcrumb\"},\"inLanguage\":\"hu\",\"potentialAction\":[{\"@type\":\"ReadAction\",\"target\":[\"https:\/\/legitgrams.com\/product\/nyc-diesel-budder\/\"]}]},{\"@type\":\"ImageObject\",\"inLanguage\":\"hu\",\"@id\":\"https:\/\/legitgrams.com\/product\/nyc-diesel-budder\/#primaryimage\",\"url\":\"https:\/\/legitgrams.com\/wp-content\/uploads\/2024\/09\/Buy-NYC-Diesel-Budder.jpg\",\"contentUrl\":\"https:\/\/legitgrams.com\/wp-content\/uploads\/2024\/09\/Buy-NYC-Diesel-Budder.jpg\",\"width\":600,\"height\":600,\"caption\":\"NYC Diesel Budder for Sale\"},{\"@type\":\"BreadcrumbList\",\"@id\":\"https:\/\/legitgrams.com\/product\/nyc-diesel-budder\/#breadcrumb\",\"itemListElement\":[{\"@type\":\"ListItem\",\"position\":1,\"name\":\"Home\",\"item\":\"https:\/\/legitgrams.com\/\"},{\"@type\":\"ListItem\",\"position\":2,\"name\":\"Shop\",\"item\":\"https:\/\/legitgrams.com\/shop\/\"},{\"@type\":\"ListItem\",\"position\":3,\"name\":\"NYC Diesel Budder\"}]},{\"@type\":\"WebSite\",\"@id\":\"https:\/\/legitgrams.com\/#website\",\"url\":\"https:\/\/legitgrams.com\/\",\"name\":\"Legit Grams\",\"description\":\"My WordPress Blog\",\"publisher\":{\"@id\":\"https:\/\/legitgrams.com\/#organization\"},\"potentialAction\":[{\"@type\":\"SearchAction\",\"target\":{\"@type\":\"EntryPoint\",\"urlTemplate\":\"https:\/\/legitgrams.com\/?s={search_term_string}\"},\"query-input\":{\"@type\":\"PropertyValueSpecification\",\"valueRequired\":true,\"valueName\":\"search_term_string\"}}],\"inLanguage\":\"hu\"},{\"@type\":\"Organization\",\"@id\":\"https:\/\/legitgrams.com\/#organization\",\"name\":\"Legit Grams\",\"url\":\"https:\/\/legitgrams.com\/\",\"logo\":{\"@type\":\"ImageObject\",\"inLanguage\":\"hu\",\"@id\":\"https:\/\/legitgrams.com\/#\/schema\/logo\/image\/\",\"url\":\"https:\/\/legitgrams.com\/wp-content\/uploads\/2024\/09\/main-logo.png\",\"contentUrl\":\"https:\/\/legitgrams.com\/wp-content\/uploads\/2024\/09\/main-logo.png\",\"width\":270,\"height\":75,\"caption\":\"Legit Grams\"},\"image\":{\"@id\":\"https:\/\/legitgrams.com\/#\/schema\/logo\/image\/\"}}]}<\/script>\n<!-- \/ Yoast SEO plugin. -->","yoast_head_json":{"title":"NYC Diesel Budder elad\u00f3 - NYC Diesel Budder online rendel\u00e9se","description":"Ha szeretne v\u00e1s\u00e1rolni NYC Diesel Budder online \u00e9s keres egy megb\u00edzhat\u00f3 online \u00e1ruh\u00e1z, akkor v\u00e1s\u00e1roljon itt. Csak kiv\u00e1l\u00f3 min\u0151s\u00e9g\u0171 NYC Diesel Buddert k\u00edn\u00e1lunk elad\u00e1sra megfizethet\u0151 \u00e1ron. Rendelje meg a NYC Diesel Buddert most!","robots":{"index":"index","follow":"follow","max-snippet":"max-snippet:-1","max-image-preview":"max-image-preview:large","max-video-preview":"max-video-preview:-1"},"canonical":"https:\/\/legitgrams.com\/hu\/termek\/nyc-diesel-budder\/","og_locale":"hu_HU","og_type":"article","og_title":"NYC Diesel Budder for Sale - Order NYC Diesel Budder Online","og_description":"If you want to buy NYC Diesel Budder online and looking for a reliable online store, then buy here. We offer only high-quality NYC Diesel Budder for sale at an affordable price. Order NYC Diesel Budder Now!","og_url":"https:\/\/legitgrams.com\/hu\/termek\/nyc-diesel-budder\/","og_site_name":"Legit Grams","article_modified_time":"2025-01-14T10:25:59+00:00","og_image":[{"width":600,"height":600,"url":"https:\/\/legitgrams.com\/wp-content\/uploads\/2024\/09\/Buy-NYC-Diesel-Budder.jpg","type":"image\/jpeg"}],"twitter_card":"summary_large_image","twitter_misc":{"Becs\u00fclt olvas\u00e1si id\u0151":"2 perc"},"schema":{"@context":"https:\/\/schema.org","@graph":[{"@type":"WebPage","@id":"https:\/\/legitgrams.com\/product\/nyc-diesel-budder\/","url":"https:\/\/legitgrams.com\/product\/nyc-diesel-budder\/","name":"NYC Diesel Budder elad\u00f3 - NYC Diesel Budder online rendel\u00e9se","isPartOf":{"@id":"https:\/\/legitgrams.com\/#website"},"primaryImageOfPage":{"@id":"https:\/\/legitgrams.com\/product\/nyc-diesel-budder\/#primaryimage"},"image":{"@id":"https:\/\/legitgrams.com\/product\/nyc-diesel-budder\/#primaryimage"},"thumbnailUrl":"https:\/\/legitgrams.com\/wp-content\/uploads\/2024\/09\/Buy-NYC-Diesel-Budder.jpg","datePublished":"2024-09-21T12:13:22+00:00","dateModified":"2025-01-14T10:25:59+00:00","description":"Ha szeretne v\u00e1s\u00e1rolni NYC Diesel Budder online \u00e9s keres egy megb\u00edzhat\u00f3 online \u00e1ruh\u00e1z, akkor v\u00e1s\u00e1roljon itt. Csak kiv\u00e1l\u00f3 min\u0151s\u00e9g\u0171 NYC Diesel Buddert k\u00edn\u00e1lunk elad\u00e1sra megfizethet\u0151 \u00e1ron. Rendelje meg a NYC Diesel Buddert most!","breadcrumb":{"@id":"https:\/\/legitgrams.com\/product\/nyc-diesel-budder\/#breadcrumb"},"inLanguage":"hu","potentialAction":[{"@type":"ReadAction","target":["https:\/\/legitgrams.com\/product\/nyc-diesel-budder\/"]}]},{"@type":"ImageObject","inLanguage":"hu","@id":"https:\/\/legitgrams.com\/product\/nyc-diesel-budder\/#primaryimage","url":"https:\/\/legitgrams.com\/wp-content\/uploads\/2024\/09\/Buy-NYC-Diesel-Budder.jpg","contentUrl":"https:\/\/legitgrams.com\/wp-content\/uploads\/2024\/09\/Buy-NYC-Diesel-Budder.jpg","width":600,"height":600,"caption":"NYC Diesel Budder for Sale"},{"@type":"BreadcrumbList","@id":"https:\/\/legitgrams.com\/product\/nyc-diesel-budder\/#breadcrumb","itemListElement":[{"@type":"ListItem","position":1,"name":"Home","item":"https:\/\/legitgrams.com\/"},{"@type":"ListItem","position":2,"name":"Shop","item":"https:\/\/legitgrams.com\/shop\/"},{"@type":"ListItem","position":3,"name":"NYC Diesel Budder"}]},{"@type":"WebSite","@id":"https:\/\/legitgrams.com\/#website","url":"https:\/\/legitgrams.com\/","name":"Legit Grams","description":"Az \u00e9n WordPress blogom","publisher":{"@id":"https:\/\/legitgrams.com\/#organization"},"potentialAction":[{"@type":"SearchAction","target":{"@type":"EntryPoint","urlTemplate":"https:\/\/legitgrams.com\/?s={search_term_string}"},"query-input":{"@type":"PropertyValueSpecification","valueRequired":true,"valueName":"search_term_string"}}],"inLanguage":"hu"},{"@type":"Organization","@id":"https:\/\/legitgrams.com\/#organization","name":"Legit Grams","url":"https:\/\/legitgrams.com\/","logo":{"@type":"ImageObject","inLanguage":"hu","@id":"https:\/\/legitgrams.com\/#\/schema\/logo\/image\/","url":"https:\/\/legitgrams.com\/wp-content\/uploads\/2024\/09\/main-logo.png","contentUrl":"https:\/\/legitgrams.com\/wp-content\/uploads\/2024\/09\/main-logo.png","width":270,"height":75,"caption":"Legit Grams"},"image":{"@id":"https:\/\/legitgrams.com\/#\/schema\/logo\/image\/"}}]}},"uagb_featured_image_src":{"full":["https:\/\/legitgrams.com\/wp-content\/uploads\/2024\/09\/Buy-NYC-Diesel-Budder.jpg",600,600,false],"thumbnail":["https:\/\/legitgrams.com\/wp-content\/uploads\/2024\/09\/Buy-NYC-Diesel-Budder-150x150.jpg",150,150,true],"medium":["https:\/\/legitgrams.com\/wp-content\/uploads\/2024\/09\/Buy-NYC-Diesel-Budder-300x300.jpg",300,300,true],"medium_large":["https:\/\/legitgrams.com\/wp-content\/uploads\/2024\/09\/Buy-NYC-Diesel-Budder.jpg",600,600,false],"large":["https:\/\/legitgrams.com\/wp-content\/uploads\/2024\/09\/Buy-NYC-Diesel-Budder.jpg",600,600,false],"1536x1536":["https:\/\/legitgrams.com\/wp-content\/uploads\/2024\/09\/Buy-NYC-Diesel-Budder.jpg",600,600,false],"2048x2048":["https:\/\/legitgrams.com\/wp-content\/uploads\/2024\/09\/Buy-NYC-Diesel-Budder.jpg",600,600,false],"trp-custom-language-flag":["https:\/\/legitgrams.com\/wp-content\/uploads\/2024\/09\/Buy-NYC-Diesel-Budder-12x12.jpg",12,12,true],"woocommerce_thumbnail":["https:\/\/legitgrams.com\/wp-content\/uploads\/2024\/09\/Buy-NYC-Diesel-Budder-300x300.jpg",300,300,true],"woocommerce_single":["https:\/\/legitgrams.com\/wp-content\/uploads\/2024\/09\/Buy-NYC-Diesel-Budder.jpg",600,600,false],"woocommerce_gallery_thumbnail":["https:\/\/legitgrams.com\/wp-content\/uploads\/2024\/09\/Buy-NYC-Diesel-Budder-100x100.jpg",100,100,true]},"uagb_author_info":{"display_name":"cokeblog18","author_link":"https:\/\/legitgrams.com\/hu\/author\/"},"uagb_comment_info":0,"uagb_excerpt":"Purchase NYC Diesel Budder Online at Top Shelf NYC Diesel is a 60% sativa-dominant hybrid combining Afghani and Mexican landrace DNA. It smells strongly of a combination of sour citrus fruits and tart grapefruits. Due to its potent cerebral stimulation that promotes alertness and mental clarity, NYC Diesel is an excellent strain to use during&hellip;","_links":{"self":[{"href":"https:\/\/legitgrams.com\/hu\/wp-json\/wp\/v2\/product\/4181","targetHints":{"allow":["GET"]}}],"collection":[{"href":"https:\/\/legitgrams.com\/hu\/wp-json\/wp\/v2\/product"}],"about":[{"href":"https:\/\/legitgrams.com\/hu\/wp-json\/wp\/v2\/types\/product"}],"replies":[{"embeddable":true,"href":"https:\/\/legitgrams.com\/hu\/wp-json\/wp\/v2\/comments?post=4181"}],"wp:featuredmedia":[{"embeddable":true,"href":"https:\/\/legitgrams.com\/hu\/wp-json\/wp\/v2\/media\/5393"}],"wp:attachment":[{"href":"https:\/\/legitgrams.com\/hu\/wp-json\/wp\/v2\/media?parent=4181"}],"wp:term":[{"taxonomy":"product_brand","embeddable":true,"href":"https:\/\/legitgrams.com\/hu\/wp-json\/wp\/v2\/product_brand?post=4181"},{"taxonomy":"product_cat","embeddable":true,"href":"https:\/\/legitgrams.com\/hu\/wp-json\/wp\/v2\/product_cat?post=4181"},{"taxonomy":"product_tag","embeddable":true,"href":"https:\/\/legitgrams.com\/hu\/wp-json\/wp\/v2\/product_tag?post=4181"}],"curies":[{"name":"wp","href":"https:\/\/api.w.org\/{rel}","templated":true}]}}