{"id":4187,"date":"2024-09-21T12:42:47","date_gmt":"2024-09-21T12:42:47","guid":{"rendered":"https:\/\/legitgrams.com\/?post_type=product&#038;p=4187"},"modified":"2025-01-15T05:47:23","modified_gmt":"2025-01-15T05:47:23","slug":"tussionex-kohoges-elleni-szirup","status":"publish","type":"product","link":"https:\/\/legitgrams.com\/hu\/termek\/tussionex-kohoges-elleni-szirup\/","title":{"rendered":"Tussionex k\u00f6h\u00f6g\u00e9s elleni szirup"},"content":{"rendered":"<h2>V\u00e1s\u00e1roljon Tussionex k\u00f6h\u00f6g\u00e9s elleni szirupot online<\/h2>\n<p>v\u00e1s\u00e1rolni tussionex k\u00f6h\u00f6g\u00e9s elleni szirup online. Van egy sor k\u00f6h\u00f6g\u00e9s szirup k\u00f6h\u00f6g\u00e9s szirup elad\u00f3, mint actavis elad\u00f3.<\/p>\n<p><a href=\"https:\/\/legitgrams.com\/hu\/termek\/tussionex-kohoges-elleni-szirup\/\">Tussionex<\/a> er\u0151s k\u00f6h\u00f6g\u00e9scsillap\u00edt\u00f3, amely kl\u00f3rfeniramint, egy antihisztamint \u00e9s hidrokodont, egy narkotikus f\u00e1jdalomcsillap\u00edt\u00f3t tartalmaz. Csak orvosi rendelv\u00e9nyre kaphat\u00f3. A hidrokodon, amely a v\u00e9nyk\u00f6teles f\u00e1jdalomcsillap\u00edt\u00f3kban, p\u00e9ld\u00e1ul a Vicodinban is megtal\u00e1lhat\u00f3, egy olyan opioid, amely nagy vissza\u00e9l\u00e9si potenci\u00e1llal rendelkezik, k\u00fcl\u00f6n\u00f6sen a gy\u00f3gyul\u00f3f\u00e9lben l\u00e9v\u0151 f\u00fcgg\u0151k k\u00f6r\u00e9ben. joghat\u00f3s\u00e1gok, ez\u00e9rt e vegyi anyag behozatalakor \u00f3vatoss\u00e1gra van sz\u00fcks\u00e9g.<br \/>\nAz 5F-MDMB-2201 nem alkalmas emberi vagy \u00e1llati fogyaszt\u00e1sra, mivel csak kutat\u00e1si vegyi anyagk\u00e9nt ker\u00fcl forgalomba. Kiz\u00e1r\u00f3lag k\u00e9pzett szem\u00e9lyek haszn\u00e1lhatj\u00e1k t\u00f6rv\u00e9nysz\u00e9ki vagy laborat\u00f3riumi k\u00f6r\u00fclm\u00e9nyek k\u00f6z\u00f6tt. <a href=\"https:\/\/legitgrams.com\/hu\/\">LegitGrams<\/a><\/p>\n<p>V\u00e1s\u00e1rl\u00e1s 5f MDMB 2201 Crystals Online - V\u00e1s\u00e1rl\u00e1s 2201 Crystals, V\u00e1s\u00e1rl\u00e1s 5f MDMB 2201 Crystals, V\u00e1s\u00e1rl\u00e1s MDMB 2201 Crystals Online, Hol lehet megv\u00e1s\u00e1rolni 5f MDMB 2201 Crystals, V\u00e1s\u00e1rl\u00e1s MDMB 2201 Crystals, V\u00e1s\u00e1rl\u00e1s 2201 Crystals Online, Hol lehet megv\u00e1s\u00e1rolni 5f MDMB 2201 Crystals, Purchase MDMB 2201 Crystals Online, Purchase 5f MDMB 2201 Crystals in the USA, Canada, UK, Purchase, Online, Suppliers, Safe Delivery, It is still possible to obtain 5f MDMB 2201 Crystals. Az 5f MDMB 2201 krist\u00e1lyok a k\u00f6vetkez\u0151 orsz\u00e1gokban enged\u00e9lyezettek<\/p>\n<p>V\u00e1s\u00e1rl\u00e1s Tussionex <a href=\"https:\/\/en.wikipedia.org\/wiki\/Cough\">K\u00f6h\u00f6g\u00e9s<\/a> Szirup Online - v\u00e1s\u00e1rolni k\u00f6h\u00f6g\u00e9s szirup, v\u00e1s\u00e1rolni Tussionex, v\u00e1s\u00e1rolni Tussionex k\u00f6h\u00f6g\u00e9s szirup online, Hol lehet v\u00e1s\u00e1rolni Tussionex k\u00f6h\u00f6g\u00e9s szirup,Tussionex k\u00f6h\u00f6g\u00e9s szirup elad\u00f3, Tussionex k\u00f6h\u00f6g\u00e9s szirup elad\u00f3, v\u00e1s\u00e1rolni szirup online, hol lehet v\u00e1s\u00e1rolni Tussionex k\u00f6h\u00f6g\u00e9s szirup online, Tussionex k\u00f6h\u00f6g\u00e9s szirup elad\u00f3 usa , USA, Kanada,uk, v\u00e1s\u00e1rolni, online, sz\u00e1ll\u00edt\u00f3k, biztons\u00e1gos sz\u00e1ll\u00edt\u00e1s, M\u00e9g mindig kap Tussionex k\u00f6h\u00f6g\u00e9s szirup, Van Tussionex k\u00f6h\u00f6g\u00e9s szirup leg\u00e1lis usa, v\u00e1s\u00e1rolni Tussionex k\u00f6h\u00f6g\u00e9s szirup online usa, hogyan kell rendelni Tussionex k\u00f6h\u00f6g\u00e9s szirup, Van Tussionex k\u00f6h\u00f6g\u00e9s szirup leg\u00e1lis Kanada USA, hol lehet megv\u00e1s\u00e1rolni 5f MDMB 2201 krist\u00e1lyok, hogyan lehet megszerezni 5f MDMB 2201 krist\u00e1lyok, \u00e9s hogy vagy nem 5f MDMB 2201 krist\u00e1lyok enged\u00e9lyezett Kanad\u00e1ban.<\/p>","protected":false},"excerpt":{"rendered":"<p>Purchase Tussionex Cough Syrup Online buy tussionex cough syrup online. We have a variety of cough syrup for cough syrup for sale like actavis for sale. Tussionex is a strong cough suppressant that contains chlorpheniramine, an antihistamine, and hydrocodone, a narcotic pain reliever. Only available with a doctor\u2019s prescription. Hydrocodone, also found in prescription pain &hellip;<\/p>\n<p class=\"read-more\"> <a class=\"\" href=\"https:\/\/legitgrams.com\/hu\/termek\/tussionex-kohoges-elleni-szirup\/\"> <span class=\"screen-reader-text\">Tussionex k\u00f6h\u00f6g\u00e9s elleni szirup<\/span> Olvass tov\u00e1bb \"<\/a><\/p>","protected":false},"featured_media":5348,"comment_status":"open","ping_status":"closed","template":"","meta":{"_uag_custom_page_level_css":"","site-sidebar-layout":"default","site-content-layout":"default","ast-global-header-display":"","ast-main-header-display":"","ast-hfb-above-header-display":"","ast-hfb-below-header-display":"","ast-hfb-mobile-header-display":"","site-post-title":"","ast-breadcrumbs-content":"","ast-featured-img":"","footer-sml-layout":"","theme-transparent-header-meta":"default","adv-header-id-meta":"","stick-header-meta":"default","header-above-stick-meta":"","header-main-stick-meta":"","header-below-stick-meta":"","_joinchat":[]},"product_brand":[],"product_cat":[603],"product_tag":[2302,2292,617,2284,2299,2296,2291,2289,2301,2298,625,2283,2286,2294,2285,2297,2287,2304,2305,2303,2295,2300,2290,2293,2288],"class_list":{"0":"post-4187","1":"product","2":"type-product","3":"status-publish","4":"has-post-thumbnail","6":"product_cat-cough-syrup","7":"product_tag-best-cheap-price-tussionex-cough-syrup","8":"product_tag-best-place-to-buy-tussionex-cough-syrup","9":"product_tag-bulk-online","10":"product_tag-buy-tussionex-cough-syrup","11":"product_tag-cheap-tussionex-cough-syrup","12":"product_tag-high-quality-tussionex-cough-syrup","13":"product_tag-how-to-buy-tussionex-cough-syrup","14":"product_tag-order-tussionex-cough-syrup","15":"product_tag-purcharse-tussionex-cough-syrup","16":"product_tag-shop-tussionex-cough-syrup","17":"product_tag-top-quality","18":"product_tag-tussionex-cough-syrup","19":"product_tag-tussionex-cough-syrup-for-sale","20":"product_tag-tussionex-cough-syrup-legally","21":"product_tag-tussionex-cough-syrup-online","22":"product_tag-tussionex-cough-syrup-store","23":"product_tag-tussionex-cough-syrup-tussionex-cough-syrup-supplier","24":"product_tag-tussionex-cough-syrup-use","25":"product_tag-tussionex-cough-syrup-wiki","26":"product_tag-tussionex-cough-syrup-worldwide","27":"product_tag-tussionex-cough-syrupprice","28":"product_tag-tussionex-cough-syrups","29":"product_tag-where-to-buy-tussionex-cough-syrup","30":"product_tag-where-to-order-tussionex-cough-syrup","31":"product_tag-wholesale-tussionex-cough-syrup","32":"desktop-align-left","33":"tablet-align-left","34":"mobile-align-left","35":"ast-product-gallery-layout-horizontal","36":"ast-product-gallery-with-no-image","37":"ast-product-single-variable","38":"ast-product-tabs-layout-horizontal","39":"ast-qv-on-image","41":"first","42":"instock","43":"shipping-taxable","44":"purchasable","45":"product-type-variable"},"yoast_head":"<!-- This site is optimized with the Yoast SEO plugin v25.9 - https:\/\/yoast.com\/wordpress\/plugins\/seo\/ -->\n<title>Tussionex Cough Syrup for Sale - Buy Tussionex Syrup Online<\/title>\n<meta name=\"description\" content=\"If you want to buy tssionex cough syrup online and looking for a reliable online shop, then buy here. We offer only high-quality tussionex cough syrup for sale at affordable price. Order Now!\" \/>\n<meta name=\"robots\" content=\"index, follow, max-snippet:-1, max-image-preview:large, max-video-preview:-1\" \/>\n<link rel=\"canonical\" href=\"https:\/\/legitgrams.com\/hu\/termek\/tussionex-kohoges-elleni-szirup\/\" \/>\n<meta property=\"og:locale\" content=\"hu_HU\" \/>\n<meta property=\"og:type\" content=\"article\" \/>\n<meta property=\"og:title\" content=\"Tussionex Cough Syrup for Sale - Buy Tussionex Syrup Online\" \/>\n<meta property=\"og:description\" content=\"If you want to buy tssionex cough syrup online and looking for a reliable online shop, then buy here. We offer only high-quality tussionex cough syrup for sale at affordable price. Order Now!\" \/>\n<meta property=\"og:url\" content=\"https:\/\/legitgrams.com\/hu\/termek\/tussionex-kohoges-elleni-szirup\/\" \/>\n<meta property=\"og:site_name\" content=\"Legit Grams\" \/>\n<meta property=\"article:modified_time\" content=\"2025-01-15T05:47:23+00:00\" \/>\n<meta property=\"og:image\" content=\"https:\/\/legitgrams.com\/wp-content\/uploads\/2024\/09\/buy-tussionex-cough-syrup-online.jpg\" \/>\n\t<meta property=\"og:image:width\" content=\"600\" \/>\n\t<meta property=\"og:image:height\" content=\"600\" \/>\n\t<meta property=\"og:image:type\" content=\"image\/jpeg\" \/>\n<meta name=\"twitter:card\" content=\"summary_large_image\" \/>\n<meta name=\"twitter:label1\" content=\"Becs\u00fclt olvas\u00e1si id\u0151\" \/>\n\t<meta name=\"twitter:data1\" content=\"2 perc\" \/>\n<script type=\"application\/ld+json\" class=\"yoast-schema-graph\">{\"@context\":\"https:\/\/schema.org\",\"@graph\":[{\"@type\":\"WebPage\",\"@id\":\"https:\/\/legitgrams.com\/product\/tussionex-cough-syrup\/\",\"url\":\"https:\/\/legitgrams.com\/product\/tussionex-cough-syrup\/\",\"name\":\"Tussionex Cough Syrup for Sale - Buy Tussionex Syrup Online\",\"isPartOf\":{\"@id\":\"https:\/\/legitgrams.com\/#website\"},\"primaryImageOfPage\":{\"@id\":\"https:\/\/legitgrams.com\/product\/tussionex-cough-syrup\/#primaryimage\"},\"image\":{\"@id\":\"https:\/\/legitgrams.com\/product\/tussionex-cough-syrup\/#primaryimage\"},\"thumbnailUrl\":\"https:\/\/legitgrams.com\/wp-content\/uploads\/2024\/09\/buy-tussionex-cough-syrup-online.jpg\",\"datePublished\":\"2024-09-21T12:42:47+00:00\",\"dateModified\":\"2025-01-15T05:47:23+00:00\",\"description\":\"If you want to buy tssionex cough syrup online and looking for a reliable online shop, then buy here. We offer only high-quality tussionex cough syrup for sale at affordable price. Order Now!\",\"breadcrumb\":{\"@id\":\"https:\/\/legitgrams.com\/product\/tussionex-cough-syrup\/#breadcrumb\"},\"inLanguage\":\"hu\",\"potentialAction\":[{\"@type\":\"ReadAction\",\"target\":[\"https:\/\/legitgrams.com\/product\/tussionex-cough-syrup\/\"]}]},{\"@type\":\"ImageObject\",\"inLanguage\":\"hu\",\"@id\":\"https:\/\/legitgrams.com\/product\/tussionex-cough-syrup\/#primaryimage\",\"url\":\"https:\/\/legitgrams.com\/wp-content\/uploads\/2024\/09\/buy-tussionex-cough-syrup-online.jpg\",\"contentUrl\":\"https:\/\/legitgrams.com\/wp-content\/uploads\/2024\/09\/buy-tussionex-cough-syrup-online.jpg\",\"width\":600,\"height\":600,\"caption\":\"Tussionex Cough Syrup for Sale\"},{\"@type\":\"BreadcrumbList\",\"@id\":\"https:\/\/legitgrams.com\/product\/tussionex-cough-syrup\/#breadcrumb\",\"itemListElement\":[{\"@type\":\"ListItem\",\"position\":1,\"name\":\"Home\",\"item\":\"https:\/\/legitgrams.com\/\"},{\"@type\":\"ListItem\",\"position\":2,\"name\":\"Shop\",\"item\":\"https:\/\/legitgrams.com\/shop\/\"},{\"@type\":\"ListItem\",\"position\":3,\"name\":\"Tussionex Cough Syrup\"}]},{\"@type\":\"WebSite\",\"@id\":\"https:\/\/legitgrams.com\/#website\",\"url\":\"https:\/\/legitgrams.com\/\",\"name\":\"Legit Grams\",\"description\":\"My WordPress Blog\",\"publisher\":{\"@id\":\"https:\/\/legitgrams.com\/#organization\"},\"potentialAction\":[{\"@type\":\"SearchAction\",\"target\":{\"@type\":\"EntryPoint\",\"urlTemplate\":\"https:\/\/legitgrams.com\/?s={search_term_string}\"},\"query-input\":{\"@type\":\"PropertyValueSpecification\",\"valueRequired\":true,\"valueName\":\"search_term_string\"}}],\"inLanguage\":\"hu\"},{\"@type\":\"Organization\",\"@id\":\"https:\/\/legitgrams.com\/#organization\",\"name\":\"Legit Grams\",\"url\":\"https:\/\/legitgrams.com\/\",\"logo\":{\"@type\":\"ImageObject\",\"inLanguage\":\"hu\",\"@id\":\"https:\/\/legitgrams.com\/#\/schema\/logo\/image\/\",\"url\":\"https:\/\/legitgrams.com\/wp-content\/uploads\/2024\/09\/main-logo.png\",\"contentUrl\":\"https:\/\/legitgrams.com\/wp-content\/uploads\/2024\/09\/main-logo.png\",\"width\":270,\"height\":75,\"caption\":\"Legit Grams\"},\"image\":{\"@id\":\"https:\/\/legitgrams.com\/#\/schema\/logo\/image\/\"}}]}<\/script>\n<!-- \/ Yoast SEO plugin. -->","yoast_head_json":{"title":"Tussionex k\u00f6h\u00f6g\u00e9s elleni szirup elad\u00f3 - Tussionex szirup online v\u00e1s\u00e1rl\u00e1sa","description":"Ha szeretne v\u00e1s\u00e1rolni tssionex k\u00f6h\u00f6g\u00e9s elleni szirupot online \u00e9s keres egy megb\u00edzhat\u00f3 online boltot, akkor v\u00e1s\u00e1roljon itt. Csak kiv\u00e1l\u00f3 min\u0151s\u00e9g\u0171 tussionex k\u00f6h\u00f6g\u00e9s elleni szirupot k\u00edn\u00e1lunk elad\u00e1sra megfizethet\u0151 \u00e1ron. Rendelje meg most!","robots":{"index":"index","follow":"follow","max-snippet":"max-snippet:-1","max-image-preview":"max-image-preview:large","max-video-preview":"max-video-preview:-1"},"canonical":"https:\/\/legitgrams.com\/hu\/termek\/tussionex-kohoges-elleni-szirup\/","og_locale":"hu_HU","og_type":"article","og_title":"Tussionex Cough Syrup for Sale - Buy Tussionex Syrup Online","og_description":"If you want to buy tssionex cough syrup online and looking for a reliable online shop, then buy here. We offer only high-quality tussionex cough syrup for sale at affordable price. Order Now!","og_url":"https:\/\/legitgrams.com\/hu\/termek\/tussionex-kohoges-elleni-szirup\/","og_site_name":"Legit Grams","article_modified_time":"2025-01-15T05:47:23+00:00","og_image":[{"width":600,"height":600,"url":"https:\/\/legitgrams.com\/wp-content\/uploads\/2024\/09\/buy-tussionex-cough-syrup-online.jpg","type":"image\/jpeg"}],"twitter_card":"summary_large_image","twitter_misc":{"Becs\u00fclt olvas\u00e1si id\u0151":"2 perc"},"schema":{"@context":"https:\/\/schema.org","@graph":[{"@type":"WebPage","@id":"https:\/\/legitgrams.com\/product\/tussionex-cough-syrup\/","url":"https:\/\/legitgrams.com\/product\/tussionex-cough-syrup\/","name":"Tussionex k\u00f6h\u00f6g\u00e9s elleni szirup elad\u00f3 - Tussionex szirup online v\u00e1s\u00e1rl\u00e1sa","isPartOf":{"@id":"https:\/\/legitgrams.com\/#website"},"primaryImageOfPage":{"@id":"https:\/\/legitgrams.com\/product\/tussionex-cough-syrup\/#primaryimage"},"image":{"@id":"https:\/\/legitgrams.com\/product\/tussionex-cough-syrup\/#primaryimage"},"thumbnailUrl":"https:\/\/legitgrams.com\/wp-content\/uploads\/2024\/09\/buy-tussionex-cough-syrup-online.jpg","datePublished":"2024-09-21T12:42:47+00:00","dateModified":"2025-01-15T05:47:23+00:00","description":"Ha szeretne v\u00e1s\u00e1rolni tssionex k\u00f6h\u00f6g\u00e9s elleni szirupot online \u00e9s keres egy megb\u00edzhat\u00f3 online boltot, akkor v\u00e1s\u00e1roljon itt. Csak kiv\u00e1l\u00f3 min\u0151s\u00e9g\u0171 tussionex k\u00f6h\u00f6g\u00e9s elleni szirupot k\u00edn\u00e1lunk elad\u00e1sra megfizethet\u0151 \u00e1ron. Rendelje meg most!","breadcrumb":{"@id":"https:\/\/legitgrams.com\/product\/tussionex-cough-syrup\/#breadcrumb"},"inLanguage":"hu","potentialAction":[{"@type":"ReadAction","target":["https:\/\/legitgrams.com\/product\/tussionex-cough-syrup\/"]}]},{"@type":"ImageObject","inLanguage":"hu","@id":"https:\/\/legitgrams.com\/product\/tussionex-cough-syrup\/#primaryimage","url":"https:\/\/legitgrams.com\/wp-content\/uploads\/2024\/09\/buy-tussionex-cough-syrup-online.jpg","contentUrl":"https:\/\/legitgrams.com\/wp-content\/uploads\/2024\/09\/buy-tussionex-cough-syrup-online.jpg","width":600,"height":600,"caption":"Tussionex Cough Syrup for Sale"},{"@type":"BreadcrumbList","@id":"https:\/\/legitgrams.com\/product\/tussionex-cough-syrup\/#breadcrumb","itemListElement":[{"@type":"ListItem","position":1,"name":"Home","item":"https:\/\/legitgrams.com\/"},{"@type":"ListItem","position":2,"name":"Shop","item":"https:\/\/legitgrams.com\/shop\/"},{"@type":"ListItem","position":3,"name":"Tussionex Cough Syrup"}]},{"@type":"WebSite","@id":"https:\/\/legitgrams.com\/#website","url":"https:\/\/legitgrams.com\/","name":"Legit Grams","description":"Az \u00e9n WordPress blogom","publisher":{"@id":"https:\/\/legitgrams.com\/#organization"},"potentialAction":[{"@type":"SearchAction","target":{"@type":"EntryPoint","urlTemplate":"https:\/\/legitgrams.com\/?s={search_term_string}"},"query-input":{"@type":"PropertyValueSpecification","valueRequired":true,"valueName":"search_term_string"}}],"inLanguage":"hu"},{"@type":"Organization","@id":"https:\/\/legitgrams.com\/#organization","name":"Legit Grams","url":"https:\/\/legitgrams.com\/","logo":{"@type":"ImageObject","inLanguage":"hu","@id":"https:\/\/legitgrams.com\/#\/schema\/logo\/image\/","url":"https:\/\/legitgrams.com\/wp-content\/uploads\/2024\/09\/main-logo.png","contentUrl":"https:\/\/legitgrams.com\/wp-content\/uploads\/2024\/09\/main-logo.png","width":270,"height":75,"caption":"Legit Grams"},"image":{"@id":"https:\/\/legitgrams.com\/#\/schema\/logo\/image\/"}}]}},"uagb_featured_image_src":{"full":["https:\/\/legitgrams.com\/wp-content\/uploads\/2024\/09\/buy-tussionex-cough-syrup-online.jpg",600,600,false],"thumbnail":["https:\/\/legitgrams.com\/wp-content\/uploads\/2024\/09\/buy-tussionex-cough-syrup-online-150x150.jpg",150,150,true],"medium":["https:\/\/legitgrams.com\/wp-content\/uploads\/2024\/09\/buy-tussionex-cough-syrup-online-300x300.jpg",300,300,true],"medium_large":["https:\/\/legitgrams.com\/wp-content\/uploads\/2024\/09\/buy-tussionex-cough-syrup-online.jpg",600,600,false],"large":["https:\/\/legitgrams.com\/wp-content\/uploads\/2024\/09\/buy-tussionex-cough-syrup-online.jpg",600,600,false],"1536x1536":["https:\/\/legitgrams.com\/wp-content\/uploads\/2024\/09\/buy-tussionex-cough-syrup-online.jpg",600,600,false],"2048x2048":["https:\/\/legitgrams.com\/wp-content\/uploads\/2024\/09\/buy-tussionex-cough-syrup-online.jpg",600,600,false],"trp-custom-language-flag":["https:\/\/legitgrams.com\/wp-content\/uploads\/2024\/09\/buy-tussionex-cough-syrup-online-12x12.jpg",12,12,true],"woocommerce_thumbnail":["https:\/\/legitgrams.com\/wp-content\/uploads\/2024\/09\/buy-tussionex-cough-syrup-online-300x300.jpg",300,300,true],"woocommerce_single":["https:\/\/legitgrams.com\/wp-content\/uploads\/2024\/09\/buy-tussionex-cough-syrup-online.jpg",600,600,false],"woocommerce_gallery_thumbnail":["https:\/\/legitgrams.com\/wp-content\/uploads\/2024\/09\/buy-tussionex-cough-syrup-online-100x100.jpg",100,100,true]},"uagb_author_info":{"display_name":"cokeblog18","author_link":"https:\/\/legitgrams.com\/hu\/author\/"},"uagb_comment_info":0,"uagb_excerpt":"Purchase Tussionex Cough Syrup Online buy tussionex cough syrup online. We have a variety of cough syrup for cough syrup for sale like actavis for sale. Tussionex is a strong cough suppressant that contains chlorpheniramine, an antihistamine, and hydrocodone, a narcotic pain reliever. Only available with a doctor\u2019s prescription. Hydrocodone, also found in prescription pain&hellip;","_links":{"self":[{"href":"https:\/\/legitgrams.com\/hu\/wp-json\/wp\/v2\/product\/4187","targetHints":{"allow":["GET"]}}],"collection":[{"href":"https:\/\/legitgrams.com\/hu\/wp-json\/wp\/v2\/product"}],"about":[{"href":"https:\/\/legitgrams.com\/hu\/wp-json\/wp\/v2\/types\/product"}],"replies":[{"embeddable":true,"href":"https:\/\/legitgrams.com\/hu\/wp-json\/wp\/v2\/comments?post=4187"}],"wp:featuredmedia":[{"embeddable":true,"href":"https:\/\/legitgrams.com\/hu\/wp-json\/wp\/v2\/media\/5348"}],"wp:attachment":[{"href":"https:\/\/legitgrams.com\/hu\/wp-json\/wp\/v2\/media?parent=4187"}],"wp:term":[{"taxonomy":"product_brand","embeddable":true,"href":"https:\/\/legitgrams.com\/hu\/wp-json\/wp\/v2\/product_brand?post=4187"},{"taxonomy":"product_cat","embeddable":true,"href":"https:\/\/legitgrams.com\/hu\/wp-json\/wp\/v2\/product_cat?post=4187"},{"taxonomy":"product_tag","embeddable":true,"href":"https:\/\/legitgrams.com\/hu\/wp-json\/wp\/v2\/product_tag?post=4187"}],"curies":[{"name":"wp","href":"https:\/\/api.w.org\/{rel}","templated":true}]}}