{"id":4189,"date":"2024-09-21T12:41:57","date_gmt":"2024-09-21T12:41:57","guid":{"rendered":"https:\/\/legitgrams.com\/?post_type=product&#038;p=4189"},"modified":"2025-04-03T19:20:46","modified_gmt":"2025-04-03T19:20:46","slug":"arany-tanar","status":"publish","type":"product","link":"https:\/\/legitgrams.com\/hu\/termek\/arany-tanar\/","title":{"rendered":"Golden Teacher online megv\u00e1s\u00e1rl\u00e1sa"},"content":{"rendered":"<h2>V\u00e1s\u00e1roljon Golden Teachert online<\/h2>\n<p><a href=\"https:\/\/legitgrams.com\/hu\/termek\/arany-tanar\/\">Arany tan\u00e1rok<\/a> \u00fagy v\u00e9lik, hogy <a href=\"https:\/\/en.wikipedia.org\/wiki\/Psilocybe_cubensis\">psilocybe cubensis<\/a> A gomba k\u00fcl\u00f6nleges fajt\u00e1ja, annak ellen\u00e9re, hogy var\u00e1zsgombak\u00e9nt csak a k\u00f6zelm\u00faltban, az 1980-as \u00e9vekben v\u00e1lt n\u00e9pszer\u0171v\u00e9. A <a href=\"https:\/\/www.bing.com\/search?q=Buy%20Golden%20Teacher%20Online&amp;qs=n&amp;form=QBRE&amp;sp=-1&amp;lq=0&amp;pq=buy%20golden%20teacher%20online&amp;sc=11-25&amp;sk=&amp;cvid=162DB480EB1D46FEA660EC0D3BA8E423&amp;ghsh=0&amp;ghacc=0&amp;ghpl=\">Arany tan\u00e1r<\/a> is often more potent than many other strains of psilocybin cubensis since it does not grow as quickly.<br \/>\nA termel\u0151k szeretik a Golden Teachers termeszt\u00e9si kult\u00far\u00e1it, mert nagyszer\u0171 \u00f6bl\u00edt\u00e9st \u00e9s magas hozamot eredm\u00e9nyeznek. Lass\u00fa n\u00f6veked\u00e9s\u00fck ellen\u00e9re b\u0151s\u00e9ges term\u00e9s\u00fckkel \u00e9s szemet gy\u00f6ny\u00f6rk\u00f6dtet\u0151 aranysz\u00edn\u00fckkel b\u0151ven k\u00e1rp\u00f3tolnak. Ez a fajta Psilocybe cubensis k\u00e9t hat\u00f3anyagot tartalmaz: a pszilocibint \u00e9s a pszilocint. <a href=\"https:\/\/legitgrams.com\/hu\/\">LegitGrams<\/a><\/p>\n<p>Ezek a gomb\u00e1k val\u00f3j\u00e1ban hasonl\u00f3 fiziol\u00f3gi\u00e1j\u00faak.<\/p>\n<p>to their cousins in the Cubensis family. MMJDirect provides dried mushrooms that have superior long-term storage. For a constant flow of psychedelic experiences, <a href=\"https:\/\/www.google.com\/search?q=Vsroljon+Golden+Teachert+online&amp;sca_esv=eddefdb7b92e7545&amp;sxsrf=AHTn8zobW1HzNKswwALloleJY22GVCSYjA1743708336962&amp;ei=sODuZ8q4OpHN0PEPl-GkuA0&amp;ved=0ahUKEwjK0JDgy7yMAxWRJjQIHZcwCdcQ4dUDCBA&amp;uact=5&amp;oq=Vsroljon+Golden+Teachert+online&amp;gs_lp=Egxnd3Mtd2l6LXNlcnAiI1bDoXPDoXJvbGpvbiBHb2xkZW4gVGVhY2hlcnQgb25saW5lMgcQIRigARgKMgcQIRigARgKMgcQIRigARgKSOsEUABYAHAAeACQAQCYAYsDoAGLA6oBAzMtMbgBA8gBAPgBAvgBAZgCAaACkAOYAwCSBwM0LTGgB4AFsgcDNC0xuAeQAw&amp;sclient=gws-wiz-serp\">buy Golden Teachers<\/a> a kanadai weboldalr\u00f3l!<\/p>\n<h3>A Golden Teachers Gomba t\u00e9nyleges hat\u00e1sai<\/h3>\n<p><a href=\"https:\/\/www.google.com\/search?q=Vsroljon+Golden+Teachert+online&amp;sca_esv=eddefdb7b92e7545&amp;sxsrf=AHTn8zobW1HzNKswwALloleJY22GVCSYjA1743708336962&amp;ei=sODuZ8q4OpHN0PEPl-GkuA0&amp;ved=0ahUKEwjK0JDgy7yMAxWRJjQIHZcwCdcQ4dUDCBA&amp;uact=5&amp;oq=Vsroljon+Golden+Teachert+online&amp;gs_lp=Egxnd3Mtd2l6LXNlcnAiI1bDoXPDoXJvbGpvbiBHb2xkZW4gVGVhY2hlcnQgb25saW5lMgcQIRigARgKMgcQIRigARgKMgcQIRigARgKSOsEUABYAHAAeACQAQCYAYsDoAGLA6oBAzMtMbgBA8gBAPgBAvgBAZgCAaACkAOYAwCSBwM0LTGgB4AFsgcDNC0xuAeQAw&amp;sclient=gws-wiz-serp\">Arany tan\u00e1rok<\/a> nagyszer\u0171 lehet\u0151s\u00e9g azoknak, akik m\u00e9g nem ismerik a pszichedelikus szereket \u00e9s a gomb\u00e1kat. Enyhe vagy er\u0151s pszichoakt\u00edv hat\u00e1sa van, amelyet a legt\u00f6bb ember k\u00e9pes kezelni, m\u00e9g nagyobb d\u00f3zisok eset\u00e9n is. Ezzel szemben az Aranytan\u00e1rok teljes m\u00e9rt\u00e9kben metafizikaiak \u00e9s spiritu\u00e1lisak. Megmutatnak neked egy port\u00e1lt, amely spiritualit\u00e1sod legm\u00e9lyebb bugyraiba vezet, \u00e9s egy hidat, amely \u00f6sszek\u00f6t t\u00e9ged az Univerzum legt\u00e1volabbi r\u00e9gi\u00f3ival. Legit Grams<\/p>\n<p>A legt\u00f6bb fogyaszt\u00f3 azt \u00e1ll\u00edtja, hogy van egyfajta kapcsolata a term\u00e9szettel \u00e9s a k\u00f6rnyezettel. Ez ahhoz hasonl\u00edthat\u00f3, hogy a vil\u00e1g magj\u00e1t a tudatodhoz k\u00f6t\u00f6d, n\u00f6velve az \u00e9rz\u00e9kenys\u00e9gedet a rezonanci\u00e1ira \u00e9s eltol\u00f3d\u00e1saira. Ezt k\u00f6vet\u0151en hagynod kell, hogy a teljes szabads\u00e1g \u00e9s a bels\u0151 megvil\u00e1gosod\u00e1s \u00e9rz\u00e9se bel\u00fclr\u0151l kifel\u00e9 v\u00e1ltoztasson. A k\u00f6vetkez\u0151 h\u00e1rom-hat \u00f3r\u00e1ban \u00e9lvezni fogod a term\u00e9szettel \u00e9s a vil\u00e1ggal val\u00f3 egys\u00e9gedet.<\/p>\n<p>Az egy\u00e9b hat\u00e1sok k\u00f6z\u00e9 tartozik az id\u0151torzul\u00e1s benyom\u00e1sa, amelyn\u00e9l azt \u00e9szleli, hogy az id\u0151 lassabban telik a szok\u00e1sosn\u00e1l. Csak h\u00fasz perc telt el p\u00e9ld\u00e1ul, b\u00e1r \u00fagy t\u0171nhet, hogy k\u00e9t \u00f3ra telt el az\u00f3ta, hogy \u00e1tvette a Golden Teachers Canada-t. M\u00e1sr\u00e9szt a pszilocibin \u00e1ltal\u00e1ban id\u0151dilat\u00e1ci\u00f3t okoz, ami a j\u00f6v\u0151beni id\u0151kihagy\u00e1sokat eredm\u00e9nyezi.<\/p>\n<h3>A Golden Teachers haszn\u00e1lata el\u0151tt megfontoland\u00f3 dolgok<\/h3>\n<p>Hasznos aj\u00e1nl\u00e1sok n\u00e9lk\u00fcl <a href=\"https:\/\/duckduckgo.com\/?q=Vsroljon+Golden+Teachert+online&amp;t=h_&amp;ia=web\">Arany tan\u00e1rok<\/a> Az \u00e1ttekint\u00e9s nem lenne teljes gyakorlati tan\u00e1csok n\u00e9lk\u00fcl a fogyaszt\u00e1s el\u0151tti megfelel\u0151 el\u0151k\u00e9sz\u00edt\u00e9shez. Az els\u0151 \u00e9s legfontosabb, hogy valaki mindig figyeljen r\u00e1d, ha el\u0151sz\u00f6r eszel pszichedelikus gomb\u00e1t. Hasonl\u00f3k\u00e9ppen, ha nagyobb adagot tervez bevenni, gondoskodjon egy utaz\u00e1svezet\u0151r\u0151l, hogy megbizonyosodjon arr\u00f3l, hogy semmi rossz nem t\u00f6rt\u00e9nik a pszichedelikus \u00e9lm\u00e9ny alatt. V\u00e9szhelyzet eset\u00e9n a j\u00f3zan utaz\u00f3 \u0151r k\u00e9szen \u00e1ll, hogy id\u0151ben seg\u00edts\u00e9get ny\u00fajtson.<\/p>\n<p>Abban az esetben, ha t\u00fal sok Golden Teachert fogyasztott, az ismert pszichedelikus szuppressz\u00e1nsok k\u00f6z\u00e9 tartozik az \u00e9tel, a v\u00edz \u00e9s a C-vitamin. Azonban a saj\u00e1t adagok meghat\u00e1roz\u00e1sa el\u0151tt konzult\u00e1ljon szakemberrel. Alternat\u00edv megold\u00e1sk\u00e9nt alkalmazhatja egyed\u00fcl is, \u00e9s fokozatosan n\u00f6velheti az adagot, am\u00edg meg nem tal\u00e1lja az \u00d6nnek legmegfelel\u0151bbet.<\/p>\n<h3>Mi\u00e9rt h\u00edvj\u00e1k Aranytan\u00e1roknak?<\/h3>\n<p>Az \u201earany\u201d sz\u00f3 a gomba eredend\u0151 s\u00e1rg\u00e1s-arany \u00e1rnyalat\u00e1t \u00edrja le. Biztos lehet benne, hogy a gomba abban a pillanatban teljesen kifejlett \u00e9s ehet\u0151. A kisz\u00e1radt gomb\u00e1k kalapja tov\u00e1bbra is arany t\u00f3nus\u00fa lesz, ami jelzi min\u0151s\u00e9g\u00fcket \u00e9s pszichedelikus hat\u00e1sok lehet\u0151s\u00e9g\u00e9t.<\/p>\n<p>Ennek a gomb\u00e1nak a s\u00e1m\u00e1ni \u00e9s spiritu\u00e1lis tulajdons\u00e1gait illet\u0151en a \u201etan\u00e1r\u201d kifejez\u00e9snek t\u00f6bbf\u00e9le \u00e9rtelmez\u00e9se van. Ha t\u00f6bbet fogyaszt bel\u0151le, sz\u00f3 szerint teljesen \u00faj perspekt\u00edv\u00e1t adhat a vil\u00e1gr\u00f3l. Tal\u00e1n \u00faj meg\u00e9rt\u00e9st kapsz a kozmoszr\u00f3l \u00e9s \u00f6nmagadr\u00f3l. Ez a fajta oktat\u00e1s a term\u00e9szet m\u00e9lyebb \u00e9rtelm\u00e9re f\u00f3kusz\u00e1l, \u00e9s minden \u00fcgyf\u00e9l sz\u00e1m\u00e1ra teljesen egyedi \u00e9s p\u00f3tolhatatlan.<\/p>\n<p>A transzcendencia \u00e9s a legsz\u00e9ls\u0151s\u00e9gesebb esetben az ego hal\u00e1la az Aranytan\u00e1rok v\u00e9gs\u0151 \u00e9rtelmez\u00e9se. Ez teljesen fel\u00e9breszti a m\u00f6g\u00f6ttes spiritu\u00e1lis hajlamait, \u00e9s \u00faj betekint\u00e9st ny\u00fajt a term\u00e9szet titkaiba. Ez a pszilocibin gomba egy s\u00e1m\u00e1ni \u00fatmutat\u00f3, amely sokkal m\u00e9lyebb szinten seg\u00edt meg\u00e9rteni a helyedet az univerzumban. Gy\u0151z\u0151dj\u00f6n meg r\u00f3la \u00d6n is, ha megv\u00e1s\u00e1rolja a Golden Teachers-t Kanada online \u00e1ruh\u00e1z\u00e1b\u00f3l!<\/p>","protected":false},"excerpt":{"rendered":"<p>Purchase Golden Teacher Online Golden Teachers believe that psilocybe cubensis is a special kind of mushroom, even though it only recently became popular as a magical mushroom in the 1980s. The Golden Teacher is often more potent than many other strains of psilocybin cubensis since it does not grow as quickly. Growers love growing cultures &hellip;<\/p>\n<p class=\"read-more\"> <a class=\"\" href=\"https:\/\/legitgrams.com\/hu\/termek\/arany-tanar\/\"> <span class=\"screen-reader-text\">Golden Teacher online megv\u00e1s\u00e1rl\u00e1sa<\/span> Olvass tov\u00e1bb \"<\/a><\/p>","protected":false},"featured_media":5240,"comment_status":"open","ping_status":"closed","template":"","meta":{"_uag_custom_page_level_css":"","site-sidebar-layout":"default","site-content-layout":"default","ast-global-header-display":"","ast-main-header-display":"","ast-hfb-above-header-display":"","ast-hfb-below-header-display":"","ast-hfb-mobile-header-display":"","site-post-title":"","ast-breadcrumbs-content":"","ast-featured-img":"","footer-sml-layout":"","theme-transparent-header-meta":"default","adv-header-id-meta":"","stick-header-meta":"default","header-above-stick-meta":"","header-main-stick-meta":"","header-below-stick-meta":"","_joinchat":[]},"product_brand":[],"product_cat":[599],"product_tag":[2348,2338,617,2330,2345,2329,2332,2333,2340,2331,2343,2350,2351,2349,2341,2346,2342,2337,2335,2347,2344,625,2336,2339,2334],"class_list":{"0":"post-4189","1":"product","2":"type-product","3":"status-publish","4":"has-post-thumbnail","6":"product_cat-psilocybin-or-magic-mushrooms","7":"product_tag-best-cheap-price-golden-teacher","8":"product_tag-best-place-to-buy-golden-teacher","9":"product_tag-bulk-online","10":"product_tag-buy-golden-teacher","11":"product_tag-cheap-golden-teacher","12":"product_tag-golden-teacher","13":"product_tag-golden-teacher-for-sale","14":"product_tag-golden-teacher-golden-teacher-supplier","15":"product_tag-golden-teacher-legally","16":"product_tag-golden-teacher-online","17":"product_tag-golden-teacher-store","18":"product_tag-golden-teacher-use","19":"product_tag-golden-teacher-wiki","20":"product_tag-golden-teacher-worldwide","21":"product_tag-golden-teacherprice","22":"product_tag-golden-teachers","23":"product_tag-high-quality-golden-teacher","24":"product_tag-how-to-buy-golden-teacher","25":"product_tag-order-golden-teacher","26":"product_tag-purcharse-golden-teacher","27":"product_tag-shop-golden-teacher","28":"product_tag-top-quality","29":"product_tag-where-to-buy-golden-teacher","30":"product_tag-where-to-order-golden-teacher","31":"product_tag-wholesale-golden-teacher","32":"desktop-align-left","33":"tablet-align-left","34":"mobile-align-left","35":"ast-product-gallery-layout-horizontal","36":"ast-product-gallery-with-no-image","37":"ast-product-single-variable","38":"ast-product-tabs-layout-horizontal","39":"ast-qv-on-image","41":"first","42":"instock","43":"shipping-taxable","44":"purchasable","45":"product-type-variable"},"yoast_head":"<!-- This site is optimized with the Yoast SEO plugin v25.9 - https:\/\/yoast.com\/wordpress\/plugins\/seo\/ -->\n<title>Golden Teacher Psilocybin for Sale - Order Golden Teacher Online<\/title>\n<meta name=\"description\" content=\"At our Legitgrams, you can get Golden Teacher for sale at cheap rates. We deal with A-grade quality products only. Buy Golden Teacher online from our store now with fast &amp; secure shipping service.\" \/>\n<meta name=\"robots\" content=\"index, follow, max-snippet:-1, max-image-preview:large, max-video-preview:-1\" \/>\n<link rel=\"canonical\" href=\"https:\/\/legitgrams.com\/hu\/termek\/arany-tanar\/\" \/>\n<meta property=\"og:locale\" content=\"hu_HU\" \/>\n<meta property=\"og:type\" content=\"article\" \/>\n<meta property=\"og:title\" content=\"Golden Teacher Psilocybin for Sale - Order Golden Teacher Online\" \/>\n<meta property=\"og:description\" content=\"At our Legitgrams, you can get Golden Teacher for sale at cheap rates. We deal with A-grade quality products only. Buy Golden Teacher online from our store now with fast &amp; secure shipping service.\" \/>\n<meta property=\"og:url\" content=\"https:\/\/legitgrams.com\/hu\/termek\/arany-tanar\/\" \/>\n<meta property=\"og:site_name\" content=\"Legit Grams\" \/>\n<meta property=\"article:modified_time\" content=\"2025-04-03T19:20:46+00:00\" \/>\n<meta property=\"og:image\" content=\"https:\/\/legitgrams.com\/wp-content\/uploads\/2024\/09\/golden-teacherpsilocybin-or-magic-mushrooms.jpg\" \/>\n\t<meta property=\"og:image:width\" content=\"430\" \/>\n\t<meta property=\"og:image:height\" content=\"430\" \/>\n\t<meta property=\"og:image:type\" content=\"image\/jpeg\" \/>\n<meta name=\"twitter:card\" content=\"summary_large_image\" \/>\n<meta name=\"twitter:label1\" content=\"Becs\u00fclt olvas\u00e1si id\u0151\" \/>\n\t<meta name=\"twitter:data1\" content=\"4 perc\" \/>\n<script type=\"application\/ld+json\" class=\"yoast-schema-graph\">{\"@context\":\"https:\/\/schema.org\",\"@graph\":[{\"@type\":\"WebPage\",\"@id\":\"https:\/\/legitgrams.com\/product\/golden-teacher\/\",\"url\":\"https:\/\/legitgrams.com\/product\/golden-teacher\/\",\"name\":\"Golden Teacher Psilocybin for Sale - Order Golden Teacher Online\",\"isPartOf\":{\"@id\":\"https:\/\/legitgrams.com\/#website\"},\"primaryImageOfPage\":{\"@id\":\"https:\/\/legitgrams.com\/product\/golden-teacher\/#primaryimage\"},\"image\":{\"@id\":\"https:\/\/legitgrams.com\/product\/golden-teacher\/#primaryimage\"},\"thumbnailUrl\":\"https:\/\/legitgrams.com\/wp-content\/uploads\/2024\/09\/golden-teacherpsilocybin-or-magic-mushrooms.jpg\",\"datePublished\":\"2024-09-21T12:41:57+00:00\",\"dateModified\":\"2025-04-03T19:20:46+00:00\",\"description\":\"At our Legitgrams, you can get Golden Teacher for sale at cheap rates. We deal with A-grade quality products only. Buy Golden Teacher online from our store now with fast & secure shipping service.\",\"breadcrumb\":{\"@id\":\"https:\/\/legitgrams.com\/product\/golden-teacher\/#breadcrumb\"},\"inLanguage\":\"hu\",\"potentialAction\":[{\"@type\":\"ReadAction\",\"target\":[\"https:\/\/legitgrams.com\/product\/golden-teacher\/\"]}]},{\"@type\":\"ImageObject\",\"inLanguage\":\"hu\",\"@id\":\"https:\/\/legitgrams.com\/product\/golden-teacher\/#primaryimage\",\"url\":\"https:\/\/legitgrams.com\/wp-content\/uploads\/2024\/09\/golden-teacherpsilocybin-or-magic-mushrooms.jpg\",\"contentUrl\":\"https:\/\/legitgrams.com\/wp-content\/uploads\/2024\/09\/golden-teacherpsilocybin-or-magic-mushrooms.jpg\",\"width\":430,\"height\":430,\"caption\":\"Golden Teacher Psilocybin for Sale\"},{\"@type\":\"BreadcrumbList\",\"@id\":\"https:\/\/legitgrams.com\/product\/golden-teacher\/#breadcrumb\",\"itemListElement\":[{\"@type\":\"ListItem\",\"position\":1,\"name\":\"Home\",\"item\":\"https:\/\/legitgrams.com\/\"},{\"@type\":\"ListItem\",\"position\":2,\"name\":\"Shop\",\"item\":\"https:\/\/legitgrams.com\/shop\/\"},{\"@type\":\"ListItem\",\"position\":3,\"name\":\"Buy Golden Teacher Online\"}]},{\"@type\":\"WebSite\",\"@id\":\"https:\/\/legitgrams.com\/#website\",\"url\":\"https:\/\/legitgrams.com\/\",\"name\":\"Legit Grams\",\"description\":\"My WordPress Blog\",\"publisher\":{\"@id\":\"https:\/\/legitgrams.com\/#organization\"},\"potentialAction\":[{\"@type\":\"SearchAction\",\"target\":{\"@type\":\"EntryPoint\",\"urlTemplate\":\"https:\/\/legitgrams.com\/?s={search_term_string}\"},\"query-input\":{\"@type\":\"PropertyValueSpecification\",\"valueRequired\":true,\"valueName\":\"search_term_string\"}}],\"inLanguage\":\"hu\"},{\"@type\":\"Organization\",\"@id\":\"https:\/\/legitgrams.com\/#organization\",\"name\":\"Legit Grams\",\"url\":\"https:\/\/legitgrams.com\/\",\"logo\":{\"@type\":\"ImageObject\",\"inLanguage\":\"hu\",\"@id\":\"https:\/\/legitgrams.com\/#\/schema\/logo\/image\/\",\"url\":\"https:\/\/legitgrams.com\/wp-content\/uploads\/2024\/09\/main-logo.png\",\"contentUrl\":\"https:\/\/legitgrams.com\/wp-content\/uploads\/2024\/09\/main-logo.png\",\"width\":270,\"height\":75,\"caption\":\"Legit Grams\"},\"image\":{\"@id\":\"https:\/\/legitgrams.com\/#\/schema\/logo\/image\/\"}}]}<\/script>\n<!-- \/ Yoast SEO plugin. -->","yoast_head_json":{"title":"Golden Teacher Psilocybin elad\u00f3 - rendel\u00e9s Golden Teacher Online","description":"A mi Legitgrams, akkor kap Golden Teacher elad\u00f3 olcs\u00f3 \u00e1ron. Mi csak A-oszt\u00e1ly\u00fa min\u0151s\u00e9gi term\u00e9kekkel foglalkozunk. V\u00e1s\u00e1roljon Golden Teacher online a mi boltunkban most gyors \u00e9s biztons\u00e1gos sz\u00e1ll\u00edt\u00e1si szolg\u00e1ltat\u00e1ssal.","robots":{"index":"index","follow":"follow","max-snippet":"max-snippet:-1","max-image-preview":"max-image-preview:large","max-video-preview":"max-video-preview:-1"},"canonical":"https:\/\/legitgrams.com\/hu\/termek\/arany-tanar\/","og_locale":"hu_HU","og_type":"article","og_title":"Golden Teacher Psilocybin for Sale - Order Golden Teacher Online","og_description":"At our Legitgrams, you can get Golden Teacher for sale at cheap rates. We deal with A-grade quality products only. Buy Golden Teacher online from our store now with fast & secure shipping service.","og_url":"https:\/\/legitgrams.com\/hu\/termek\/arany-tanar\/","og_site_name":"Legit Grams","article_modified_time":"2025-04-03T19:20:46+00:00","og_image":[{"width":430,"height":430,"url":"https:\/\/legitgrams.com\/wp-content\/uploads\/2024\/09\/golden-teacherpsilocybin-or-magic-mushrooms.jpg","type":"image\/jpeg"}],"twitter_card":"summary_large_image","twitter_misc":{"Becs\u00fclt olvas\u00e1si id\u0151":"4 perc"},"schema":{"@context":"https:\/\/schema.org","@graph":[{"@type":"WebPage","@id":"https:\/\/legitgrams.com\/product\/golden-teacher\/","url":"https:\/\/legitgrams.com\/product\/golden-teacher\/","name":"Golden Teacher Psilocybin elad\u00f3 - rendel\u00e9s Golden Teacher Online","isPartOf":{"@id":"https:\/\/legitgrams.com\/#website"},"primaryImageOfPage":{"@id":"https:\/\/legitgrams.com\/product\/golden-teacher\/#primaryimage"},"image":{"@id":"https:\/\/legitgrams.com\/product\/golden-teacher\/#primaryimage"},"thumbnailUrl":"https:\/\/legitgrams.com\/wp-content\/uploads\/2024\/09\/golden-teacherpsilocybin-or-magic-mushrooms.jpg","datePublished":"2024-09-21T12:41:57+00:00","dateModified":"2025-04-03T19:20:46+00:00","description":"A mi Legitgrams, akkor kap Golden Teacher elad\u00f3 olcs\u00f3 \u00e1ron. Mi csak A-oszt\u00e1ly\u00fa min\u0151s\u00e9gi term\u00e9kekkel foglalkozunk. V\u00e1s\u00e1roljon Golden Teacher online a mi boltunkban most gyors \u00e9s biztons\u00e1gos sz\u00e1ll\u00edt\u00e1si szolg\u00e1ltat\u00e1ssal.","breadcrumb":{"@id":"https:\/\/legitgrams.com\/product\/golden-teacher\/#breadcrumb"},"inLanguage":"hu","potentialAction":[{"@type":"ReadAction","target":["https:\/\/legitgrams.com\/product\/golden-teacher\/"]}]},{"@type":"ImageObject","inLanguage":"hu","@id":"https:\/\/legitgrams.com\/product\/golden-teacher\/#primaryimage","url":"https:\/\/legitgrams.com\/wp-content\/uploads\/2024\/09\/golden-teacherpsilocybin-or-magic-mushrooms.jpg","contentUrl":"https:\/\/legitgrams.com\/wp-content\/uploads\/2024\/09\/golden-teacherpsilocybin-or-magic-mushrooms.jpg","width":430,"height":430,"caption":"Golden Teacher Psilocybin for Sale"},{"@type":"BreadcrumbList","@id":"https:\/\/legitgrams.com\/product\/golden-teacher\/#breadcrumb","itemListElement":[{"@type":"ListItem","position":1,"name":"Home","item":"https:\/\/legitgrams.com\/"},{"@type":"ListItem","position":2,"name":"Shop","item":"https:\/\/legitgrams.com\/shop\/"},{"@type":"ListItem","position":3,"name":"Buy Golden Teacher Online"}]},{"@type":"WebSite","@id":"https:\/\/legitgrams.com\/#website","url":"https:\/\/legitgrams.com\/","name":"Legit Grams","description":"Az \u00e9n WordPress blogom","publisher":{"@id":"https:\/\/legitgrams.com\/#organization"},"potentialAction":[{"@type":"SearchAction","target":{"@type":"EntryPoint","urlTemplate":"https:\/\/legitgrams.com\/?s={search_term_string}"},"query-input":{"@type":"PropertyValueSpecification","valueRequired":true,"valueName":"search_term_string"}}],"inLanguage":"hu"},{"@type":"Organization","@id":"https:\/\/legitgrams.com\/#organization","name":"Legit Grams","url":"https:\/\/legitgrams.com\/","logo":{"@type":"ImageObject","inLanguage":"hu","@id":"https:\/\/legitgrams.com\/#\/schema\/logo\/image\/","url":"https:\/\/legitgrams.com\/wp-content\/uploads\/2024\/09\/main-logo.png","contentUrl":"https:\/\/legitgrams.com\/wp-content\/uploads\/2024\/09\/main-logo.png","width":270,"height":75,"caption":"Legit Grams"},"image":{"@id":"https:\/\/legitgrams.com\/#\/schema\/logo\/image\/"}}]}},"uagb_featured_image_src":{"full":["https:\/\/legitgrams.com\/wp-content\/uploads\/2024\/09\/golden-teacherpsilocybin-or-magic-mushrooms.jpg",430,430,false],"thumbnail":["https:\/\/legitgrams.com\/wp-content\/uploads\/2024\/09\/golden-teacherpsilocybin-or-magic-mushrooms-150x150.jpg",150,150,true],"medium":["https:\/\/legitgrams.com\/wp-content\/uploads\/2024\/09\/golden-teacherpsilocybin-or-magic-mushrooms-300x300.jpg",300,300,true],"medium_large":["https:\/\/legitgrams.com\/wp-content\/uploads\/2024\/09\/golden-teacherpsilocybin-or-magic-mushrooms.jpg",430,430,false],"large":["https:\/\/legitgrams.com\/wp-content\/uploads\/2024\/09\/golden-teacherpsilocybin-or-magic-mushrooms.jpg",430,430,false],"1536x1536":["https:\/\/legitgrams.com\/wp-content\/uploads\/2024\/09\/golden-teacherpsilocybin-or-magic-mushrooms.jpg",430,430,false],"2048x2048":["https:\/\/legitgrams.com\/wp-content\/uploads\/2024\/09\/golden-teacherpsilocybin-or-magic-mushrooms.jpg",430,430,false],"trp-custom-language-flag":["https:\/\/legitgrams.com\/wp-content\/uploads\/2024\/09\/golden-teacherpsilocybin-or-magic-mushrooms-12x12.jpg",12,12,true],"woocommerce_thumbnail":["https:\/\/legitgrams.com\/wp-content\/uploads\/2024\/09\/golden-teacherpsilocybin-or-magic-mushrooms-300x300.jpg",300,300,true],"woocommerce_single":["https:\/\/legitgrams.com\/wp-content\/uploads\/2024\/09\/golden-teacherpsilocybin-or-magic-mushrooms.jpg",430,430,false],"woocommerce_gallery_thumbnail":["https:\/\/legitgrams.com\/wp-content\/uploads\/2024\/09\/golden-teacherpsilocybin-or-magic-mushrooms-100x100.jpg",100,100,true]},"uagb_author_info":{"display_name":"cokeblog18","author_link":"https:\/\/legitgrams.com\/hu\/author\/"},"uagb_comment_info":0,"uagb_excerpt":"Purchase Golden Teacher Online Golden Teachers believe that psilocybe cubensis is a special kind of mushroom, even though it only recently became popular as a magical mushroom in the 1980s. The Golden Teacher is often more potent than many other strains of psilocybin cubensis since it does not grow as quickly. Growers love growing cultures&hellip;","_links":{"self":[{"href":"https:\/\/legitgrams.com\/hu\/wp-json\/wp\/v2\/product\/4189","targetHints":{"allow":["GET"]}}],"collection":[{"href":"https:\/\/legitgrams.com\/hu\/wp-json\/wp\/v2\/product"}],"about":[{"href":"https:\/\/legitgrams.com\/hu\/wp-json\/wp\/v2\/types\/product"}],"replies":[{"embeddable":true,"href":"https:\/\/legitgrams.com\/hu\/wp-json\/wp\/v2\/comments?post=4189"}],"wp:featuredmedia":[{"embeddable":true,"href":"https:\/\/legitgrams.com\/hu\/wp-json\/wp\/v2\/media\/5240"}],"wp:attachment":[{"href":"https:\/\/legitgrams.com\/hu\/wp-json\/wp\/v2\/media?parent=4189"}],"wp:term":[{"taxonomy":"product_brand","embeddable":true,"href":"https:\/\/legitgrams.com\/hu\/wp-json\/wp\/v2\/product_brand?post=4189"},{"taxonomy":"product_cat","embeddable":true,"href":"https:\/\/legitgrams.com\/hu\/wp-json\/wp\/v2\/product_cat?post=4189"},{"taxonomy":"product_tag","embeddable":true,"href":"https:\/\/legitgrams.com\/hu\/wp-json\/wp\/v2\/product_tag?post=4189"}],"curies":[{"name":"wp","href":"https:\/\/api.w.org\/{rel}","templated":true}]}}