{"id":4192,"date":"2024-09-21T12:36:26","date_gmt":"2024-09-21T12:36:26","guid":{"rendered":"https:\/\/legitgrams.com\/?post_type=product&#038;p=4192"},"modified":"2025-01-07T06:47:21","modified_gmt":"2025-01-07T06:47:21","slug":"maui-wowie-budder-top-shelf","status":"publish","type":"product","link":"https:\/\/legitgrams.com\/hu\/termek\/maui-wowie-budder-top-shelf\/","title":{"rendered":"Maui Wowie Budder - Top Shelf"},"content":{"rendered":"<h2>Maui Wowie Budder - Top Shelf online megv\u00e1s\u00e1rl\u00e1sa<\/h2>\n<h3>A Top Shelf Maui Wowie Buddert itt szerezheti be.<\/h3>\n<p>Eredetileg a Hawaii-szigetek buja vulkanikus talaj\u00e1n termesztett\u00e9k, <a href=\"https:\/\/legitgrams.com\/hu\/termek\/maui-wowie-budder-top-shelf\/\">Maui Wowie<\/a> egy szativa domin\u00e1ns t\u00f6rzs. Egy gyeng\u00e9d sativa, amely Hawaii homokos, tr\u00f3pusi strandjair\u00f3l \u00e9s zamatos, friss anan\u00e1szr\u00f3l fog \u00e1lmodni. A szak\u00e9rt\u0151k kedvence az er\u0151teljesen \u00e9des anan\u00e1sz illata \u00e9s euforikus, magas energi\u00e1j\u00fa hat\u00e1sai miatt. Ez a fajta kiv\u00e1l\u00f3an alkalmas reggel vagy napk\u00f6zbeni haszn\u00e1latra, mivel bizony\u00edtottan fokozza a kreat\u00edv \u00e1raml\u00e1st, \u00e9s lehet\u0151v\u00e9 teszi, hogy az elme b\u00e9k\u00e9sen \u00e9s k\u00f6nnyed\u00e9n elkalandozzon. A Maui Waui a jobb \u00f6sszpontos\u00edt\u00e1ssal \u00e9s \u00e1ltal\u00e1ban a jobb hangulattal kombin\u00e1lva rendk\u00edv\u00fcl hat\u00e9kony kezel\u00e9st jelent olyan betegs\u00e9gek kezel\u00e9s\u00e9re, mint a szomor\u00fas\u00e1g, a szorong\u00e1s \u00e9s a stressz. <a href=\"https:\/\/legitgrams.com\/hu\/\">LegitGrams<\/a><\/p>\n<p>Top Shelf - V\u00e1s\u00e1rl\u00e1s <a href=\"https:\/\/en.wiktionary.org\/wiki\/Maui_Wowie\">Maui Budder<\/a>, V\u00e1s\u00e1rl\u00e1s Maui Wowie Budder, v\u00e1s\u00e1rl\u00e1s Maui Wowie Budder online, Hol lehet megv\u00e1s\u00e1rolni Maui Wowie Budder , Maui Wowie Budder elad\u00f3, Wowie Budder elad\u00f3, v\u00e1s\u00e1rl\u00e1s Maui Budder online, hol lehet megv\u00e1s\u00e1rolni Maui Wowie Budder online, Maui Wowie Budder elad\u00f3 usa, USA, Kanada, Egyes\u00fclt Kir\u00e1lys\u00e1g, v\u00e1s\u00e1rl\u00e1s, online, besz\u00e1ll\u00edt\u00f3k, biztons\u00e1gos sz\u00e1ll\u00edt\u00e1s, Mindazon\u00e1ltal, Maui Wowie Budder el\u00e9rhet\u0151. Hogyan lehet megszerezni Maui Wowie Budder, Maui Wowie Budder leg\u00e1lis Kanad\u00e1ban, Lehet v\u00e1s\u00e1rolni Maui Wowie Budder online az Egyes\u00fclt \u00c1llamokban?<\/p>","protected":false},"excerpt":{"rendered":"<p>Buy Maui Wowie Budder \u2013 Top Shelf Online Get the Top Shelf Maui Wowie Budder here. Grown originally in the lush volcanic soil of the Hawaiian islands, Maui Wowie is a sativa dominant strain. A gentle sativa that will make you dream of Hawaii&#8217;s sandy, tropical beaches and succulent, fresh pineapple. A favorite among experts &hellip;<\/p>\n<p class=\"read-more\"> <a class=\"\" href=\"https:\/\/legitgrams.com\/hu\/termek\/maui-wowie-budder-top-shelf\/\"> <span class=\"screen-reader-text\">Maui Wowie Budder - Top Shelf<\/span> Olvass tov\u00e1bb \"<\/a><\/p>","protected":false},"featured_media":5390,"comment_status":"open","ping_status":"closed","template":"","meta":{"_uag_custom_page_level_css":"","site-sidebar-layout":"default","site-content-layout":"default","ast-global-header-display":"","ast-main-header-display":"","ast-hfb-above-header-display":"","ast-hfb-below-header-display":"","ast-hfb-mobile-header-display":"","site-post-title":"","ast-breadcrumbs-content":"","ast-featured-img":"","footer-sml-layout":"","theme-transparent-header-meta":"default","adv-header-id-meta":"","stick-header-meta":"default","header-above-stick-meta":"","header-main-stick-meta":"","header-below-stick-meta":"","_joinchat":[]},"product_brand":[],"product_cat":[606],"product_tag":[2417,2407,617,2399,2414,2411,2406,2398,2401,2409,2402,2400,2412,2419,2420,2418,2410,2415,2404,2416,2413,625,2405,2408,2403],"class_list":{"0":"post-4192","1":"product","2":"type-product","3":"status-publish","4":"has-post-thumbnail","6":"product_cat-marijuana-wax","7":"product_tag-best-cheap-price-maui-wowie-budder-top-shelf","8":"product_tag-best-place-to-buy-maui-wowie-budder-top-shelf","9":"product_tag-bulk-online","10":"product_tag-buy-maui-wowie-budder-top-shelf","11":"product_tag-cheap-maui-wowie-budder-top-shelf","12":"product_tag-high-quality-maui-wowie-budder-top-shelf","13":"product_tag-how-to-buy-maui-wowie-budder-top-shelf","14":"product_tag-maui-wowie-budder-top-shelf","15":"product_tag-maui-wowie-budder-top-shelf-for-sale","16":"product_tag-maui-wowie-budder-top-shelf-legally","17":"product_tag-maui-wowie-budder-top-shelf-maui-wowie-budder-top-shelf-supplier","18":"product_tag-maui-wowie-budder-top-shelf-online","19":"product_tag-maui-wowie-budder-top-shelf-store","20":"product_tag-maui-wowie-budder-top-shelf-use","21":"product_tag-maui-wowie-budder-top-shelf-wiki","22":"product_tag-maui-wowie-budder-top-shelf-worldwide","23":"product_tag-maui-wowie-budder-top-shelfprice","24":"product_tag-maui-wowie-budder-top-shelfs","25":"product_tag-order-maui-wowie-budder-top-shelf","26":"product_tag-purcharse-maui-wowie-budder-top-shelf","27":"product_tag-shop-maui-wowie-budder-top-shelf","28":"product_tag-top-quality","29":"product_tag-where-to-buy-maui-wowie-budder-top-shelf","30":"product_tag-where-to-order-maui-wowie-budder-top-shelf","31":"product_tag-wholesale-maui-wowie-budder-top-shelf","32":"desktop-align-left","33":"tablet-align-left","34":"mobile-align-left","35":"ast-product-gallery-layout-horizontal","36":"ast-product-gallery-with-no-image","37":"ast-product-single-variable","38":"ast-product-tabs-layout-horizontal","39":"ast-qv-on-image","41":"first","42":"instock","43":"shipping-taxable","44":"purchasable","45":"product-type-variable"},"yoast_head":"<!-- This site is optimized with the Yoast SEO plugin v25.9 - https:\/\/yoast.com\/wordpress\/plugins\/seo\/ -->\n<title>Maui Wowie Budder for Sale - Buy Maui Wowie Budder Online<\/title>\n<meta name=\"description\" content=\"If you have not tried Maui Wowie Budder from our store, then you are missing a lot. We will help you buy Maui Wowie Budder online at cheap rates. Get Maui Wowie Budder for sale today!\" \/>\n<meta name=\"robots\" content=\"index, follow, max-snippet:-1, max-image-preview:large, max-video-preview:-1\" \/>\n<link rel=\"canonical\" href=\"https:\/\/legitgrams.com\/hu\/termek\/maui-wowie-budder-top-shelf\/\" \/>\n<meta property=\"og:locale\" content=\"hu_HU\" \/>\n<meta property=\"og:type\" content=\"article\" \/>\n<meta property=\"og:title\" content=\"Maui Wowie Budder for Sale - Buy Maui Wowie Budder Online\" \/>\n<meta property=\"og:description\" content=\"If you have not tried Maui Wowie Budder from our store, then you are missing a lot. We will help you buy Maui Wowie Budder online at cheap rates. Get Maui Wowie Budder for sale today!\" \/>\n<meta property=\"og:url\" content=\"https:\/\/legitgrams.com\/hu\/termek\/maui-wowie-budder-top-shelf\/\" \/>\n<meta property=\"og:site_name\" content=\"Legit Grams\" \/>\n<meta property=\"article:modified_time\" content=\"2025-01-07T06:47:21+00:00\" \/>\n<meta property=\"og:image\" content=\"https:\/\/legitgrams.com\/wp-content\/uploads\/2024\/09\/Buy-Maui-Wowie-Budder.jpg\" \/>\n\t<meta property=\"og:image:width\" content=\"600\" \/>\n\t<meta property=\"og:image:height\" content=\"600\" \/>\n\t<meta property=\"og:image:type\" content=\"image\/jpeg\" \/>\n<meta name=\"twitter:card\" content=\"summary_large_image\" \/>\n<meta name=\"twitter:label1\" content=\"Becs\u00fclt olvas\u00e1si id\u0151\" \/>\n\t<meta name=\"twitter:data1\" content=\"2 perc\" \/>\n<script type=\"application\/ld+json\" class=\"yoast-schema-graph\">{\"@context\":\"https:\/\/schema.org\",\"@graph\":[{\"@type\":\"WebPage\",\"@id\":\"https:\/\/legitgrams.com\/product\/maui-wowie-budder-top-shelf\/\",\"url\":\"https:\/\/legitgrams.com\/product\/maui-wowie-budder-top-shelf\/\",\"name\":\"Maui Wowie Budder for Sale - Buy Maui Wowie Budder Online\",\"isPartOf\":{\"@id\":\"https:\/\/legitgrams.com\/#website\"},\"primaryImageOfPage\":{\"@id\":\"https:\/\/legitgrams.com\/product\/maui-wowie-budder-top-shelf\/#primaryimage\"},\"image\":{\"@id\":\"https:\/\/legitgrams.com\/product\/maui-wowie-budder-top-shelf\/#primaryimage\"},\"thumbnailUrl\":\"https:\/\/legitgrams.com\/wp-content\/uploads\/2024\/09\/Buy-Maui-Wowie-Budder.jpg\",\"datePublished\":\"2024-09-21T12:36:26+00:00\",\"dateModified\":\"2025-01-07T06:47:21+00:00\",\"description\":\"If you have not tried Maui Wowie Budder from our store, then you are missing a lot. We will help you buy Maui Wowie Budder online at cheap rates. Get Maui Wowie Budder for sale today!\",\"breadcrumb\":{\"@id\":\"https:\/\/legitgrams.com\/product\/maui-wowie-budder-top-shelf\/#breadcrumb\"},\"inLanguage\":\"hu\",\"potentialAction\":[{\"@type\":\"ReadAction\",\"target\":[\"https:\/\/legitgrams.com\/product\/maui-wowie-budder-top-shelf\/\"]}]},{\"@type\":\"ImageObject\",\"inLanguage\":\"hu\",\"@id\":\"https:\/\/legitgrams.com\/product\/maui-wowie-budder-top-shelf\/#primaryimage\",\"url\":\"https:\/\/legitgrams.com\/wp-content\/uploads\/2024\/09\/Buy-Maui-Wowie-Budder.jpg\",\"contentUrl\":\"https:\/\/legitgrams.com\/wp-content\/uploads\/2024\/09\/Buy-Maui-Wowie-Budder.jpg\",\"width\":600,\"height\":600,\"caption\":\"Maui Wowie Budder for Sale\"},{\"@type\":\"BreadcrumbList\",\"@id\":\"https:\/\/legitgrams.com\/product\/maui-wowie-budder-top-shelf\/#breadcrumb\",\"itemListElement\":[{\"@type\":\"ListItem\",\"position\":1,\"name\":\"Home\",\"item\":\"https:\/\/legitgrams.com\/\"},{\"@type\":\"ListItem\",\"position\":2,\"name\":\"Shop\",\"item\":\"https:\/\/legitgrams.com\/shop\/\"},{\"@type\":\"ListItem\",\"position\":3,\"name\":\"Maui Wowie Budder \u2013 Top Shelf\"}]},{\"@type\":\"WebSite\",\"@id\":\"https:\/\/legitgrams.com\/#website\",\"url\":\"https:\/\/legitgrams.com\/\",\"name\":\"Legit Grams\",\"description\":\"My WordPress Blog\",\"publisher\":{\"@id\":\"https:\/\/legitgrams.com\/#organization\"},\"potentialAction\":[{\"@type\":\"SearchAction\",\"target\":{\"@type\":\"EntryPoint\",\"urlTemplate\":\"https:\/\/legitgrams.com\/?s={search_term_string}\"},\"query-input\":{\"@type\":\"PropertyValueSpecification\",\"valueRequired\":true,\"valueName\":\"search_term_string\"}}],\"inLanguage\":\"hu\"},{\"@type\":\"Organization\",\"@id\":\"https:\/\/legitgrams.com\/#organization\",\"name\":\"Legit Grams\",\"url\":\"https:\/\/legitgrams.com\/\",\"logo\":{\"@type\":\"ImageObject\",\"inLanguage\":\"hu\",\"@id\":\"https:\/\/legitgrams.com\/#\/schema\/logo\/image\/\",\"url\":\"https:\/\/legitgrams.com\/wp-content\/uploads\/2024\/09\/main-logo.png\",\"contentUrl\":\"https:\/\/legitgrams.com\/wp-content\/uploads\/2024\/09\/main-logo.png\",\"width\":270,\"height\":75,\"caption\":\"Legit Grams\"},\"image\":{\"@id\":\"https:\/\/legitgrams.com\/#\/schema\/logo\/image\/\"}}]}<\/script>\n<!-- \/ Yoast SEO plugin. -->","yoast_head_json":{"title":"Maui Wowie Budder elad\u00f3 \u2013 V\u00e1s\u00e1roljon Maui Wowie Buddert online","description":"Ha m\u00e9g nem pr\u00f3b\u00e1lta ki a Maui Wowie Buddert a boltunkb\u00f3l, akkor sokat vesz\u00edt. Seg\u00edt\u00fcnk \u00d6nnek megv\u00e1s\u00e1rolni a Maui Wowie Buddert online, olcs\u00f3 \u00e1ron. Szerezze be a Maui Wowie Buddert m\u00e9g ma!","robots":{"index":"index","follow":"follow","max-snippet":"max-snippet:-1","max-image-preview":"max-image-preview:large","max-video-preview":"max-video-preview:-1"},"canonical":"https:\/\/legitgrams.com\/hu\/termek\/maui-wowie-budder-top-shelf\/","og_locale":"hu_HU","og_type":"article","og_title":"Maui Wowie Budder for Sale - Buy Maui Wowie Budder Online","og_description":"If you have not tried Maui Wowie Budder from our store, then you are missing a lot. We will help you buy Maui Wowie Budder online at cheap rates. Get Maui Wowie Budder for sale today!","og_url":"https:\/\/legitgrams.com\/hu\/termek\/maui-wowie-budder-top-shelf\/","og_site_name":"Legit Grams","article_modified_time":"2025-01-07T06:47:21+00:00","og_image":[{"width":600,"height":600,"url":"https:\/\/legitgrams.com\/wp-content\/uploads\/2024\/09\/Buy-Maui-Wowie-Budder.jpg","type":"image\/jpeg"}],"twitter_card":"summary_large_image","twitter_misc":{"Becs\u00fclt olvas\u00e1si id\u0151":"2 perc"},"schema":{"@context":"https:\/\/schema.org","@graph":[{"@type":"WebPage","@id":"https:\/\/legitgrams.com\/product\/maui-wowie-budder-top-shelf\/","url":"https:\/\/legitgrams.com\/product\/maui-wowie-budder-top-shelf\/","name":"Maui Wowie Budder elad\u00f3 \u2013 V\u00e1s\u00e1roljon Maui Wowie Buddert online","isPartOf":{"@id":"https:\/\/legitgrams.com\/#website"},"primaryImageOfPage":{"@id":"https:\/\/legitgrams.com\/product\/maui-wowie-budder-top-shelf\/#primaryimage"},"image":{"@id":"https:\/\/legitgrams.com\/product\/maui-wowie-budder-top-shelf\/#primaryimage"},"thumbnailUrl":"https:\/\/legitgrams.com\/wp-content\/uploads\/2024\/09\/Buy-Maui-Wowie-Budder.jpg","datePublished":"2024-09-21T12:36:26+00:00","dateModified":"2025-01-07T06:47:21+00:00","description":"Ha m\u00e9g nem pr\u00f3b\u00e1lta ki a Maui Wowie Buddert a boltunkb\u00f3l, akkor sokat vesz\u00edt. Seg\u00edt\u00fcnk \u00d6nnek megv\u00e1s\u00e1rolni a Maui Wowie Buddert online, olcs\u00f3 \u00e1ron. Szerezze be a Maui Wowie Buddert m\u00e9g ma!","breadcrumb":{"@id":"https:\/\/legitgrams.com\/product\/maui-wowie-budder-top-shelf\/#breadcrumb"},"inLanguage":"hu","potentialAction":[{"@type":"ReadAction","target":["https:\/\/legitgrams.com\/product\/maui-wowie-budder-top-shelf\/"]}]},{"@type":"ImageObject","inLanguage":"hu","@id":"https:\/\/legitgrams.com\/product\/maui-wowie-budder-top-shelf\/#primaryimage","url":"https:\/\/legitgrams.com\/wp-content\/uploads\/2024\/09\/Buy-Maui-Wowie-Budder.jpg","contentUrl":"https:\/\/legitgrams.com\/wp-content\/uploads\/2024\/09\/Buy-Maui-Wowie-Budder.jpg","width":600,"height":600,"caption":"Maui Wowie Budder for Sale"},{"@type":"BreadcrumbList","@id":"https:\/\/legitgrams.com\/product\/maui-wowie-budder-top-shelf\/#breadcrumb","itemListElement":[{"@type":"ListItem","position":1,"name":"Home","item":"https:\/\/legitgrams.com\/"},{"@type":"ListItem","position":2,"name":"Shop","item":"https:\/\/legitgrams.com\/shop\/"},{"@type":"ListItem","position":3,"name":"Maui Wowie Budder \u2013 Top Shelf"}]},{"@type":"WebSite","@id":"https:\/\/legitgrams.com\/#website","url":"https:\/\/legitgrams.com\/","name":"Legit Grams","description":"Az \u00e9n WordPress blogom","publisher":{"@id":"https:\/\/legitgrams.com\/#organization"},"potentialAction":[{"@type":"SearchAction","target":{"@type":"EntryPoint","urlTemplate":"https:\/\/legitgrams.com\/?s={search_term_string}"},"query-input":{"@type":"PropertyValueSpecification","valueRequired":true,"valueName":"search_term_string"}}],"inLanguage":"hu"},{"@type":"Organization","@id":"https:\/\/legitgrams.com\/#organization","name":"Legit Grams","url":"https:\/\/legitgrams.com\/","logo":{"@type":"ImageObject","inLanguage":"hu","@id":"https:\/\/legitgrams.com\/#\/schema\/logo\/image\/","url":"https:\/\/legitgrams.com\/wp-content\/uploads\/2024\/09\/main-logo.png","contentUrl":"https:\/\/legitgrams.com\/wp-content\/uploads\/2024\/09\/main-logo.png","width":270,"height":75,"caption":"Legit Grams"},"image":{"@id":"https:\/\/legitgrams.com\/#\/schema\/logo\/image\/"}}]}},"uagb_featured_image_src":{"full":["https:\/\/legitgrams.com\/wp-content\/uploads\/2024\/09\/Buy-Maui-Wowie-Budder.jpg",600,600,false],"thumbnail":["https:\/\/legitgrams.com\/wp-content\/uploads\/2024\/09\/Buy-Maui-Wowie-Budder-150x150.jpg",150,150,true],"medium":["https:\/\/legitgrams.com\/wp-content\/uploads\/2024\/09\/Buy-Maui-Wowie-Budder-300x300.jpg",300,300,true],"medium_large":["https:\/\/legitgrams.com\/wp-content\/uploads\/2024\/09\/Buy-Maui-Wowie-Budder.jpg",600,600,false],"large":["https:\/\/legitgrams.com\/wp-content\/uploads\/2024\/09\/Buy-Maui-Wowie-Budder.jpg",600,600,false],"1536x1536":["https:\/\/legitgrams.com\/wp-content\/uploads\/2024\/09\/Buy-Maui-Wowie-Budder.jpg",600,600,false],"2048x2048":["https:\/\/legitgrams.com\/wp-content\/uploads\/2024\/09\/Buy-Maui-Wowie-Budder.jpg",600,600,false],"trp-custom-language-flag":["https:\/\/legitgrams.com\/wp-content\/uploads\/2024\/09\/Buy-Maui-Wowie-Budder-12x12.jpg",12,12,true],"woocommerce_thumbnail":["https:\/\/legitgrams.com\/wp-content\/uploads\/2024\/09\/Buy-Maui-Wowie-Budder-300x300.jpg",300,300,true],"woocommerce_single":["https:\/\/legitgrams.com\/wp-content\/uploads\/2024\/09\/Buy-Maui-Wowie-Budder.jpg",600,600,false],"woocommerce_gallery_thumbnail":["https:\/\/legitgrams.com\/wp-content\/uploads\/2024\/09\/Buy-Maui-Wowie-Budder-100x100.jpg",100,100,true]},"uagb_author_info":{"display_name":"cokeblog18","author_link":"https:\/\/legitgrams.com\/hu\/author\/"},"uagb_comment_info":0,"uagb_excerpt":"Buy Maui Wowie Budder \u2013 Top Shelf Online Get the Top Shelf Maui Wowie Budder here. Grown originally in the lush volcanic soil of the Hawaiian islands, Maui Wowie is a sativa dominant strain. A gentle sativa that will make you dream of Hawaii&#8217;s sandy, tropical beaches and succulent, fresh pineapple. A favorite among experts&hellip;","_links":{"self":[{"href":"https:\/\/legitgrams.com\/hu\/wp-json\/wp\/v2\/product\/4192","targetHints":{"allow":["GET"]}}],"collection":[{"href":"https:\/\/legitgrams.com\/hu\/wp-json\/wp\/v2\/product"}],"about":[{"href":"https:\/\/legitgrams.com\/hu\/wp-json\/wp\/v2\/types\/product"}],"replies":[{"embeddable":true,"href":"https:\/\/legitgrams.com\/hu\/wp-json\/wp\/v2\/comments?post=4192"}],"wp:featuredmedia":[{"embeddable":true,"href":"https:\/\/legitgrams.com\/hu\/wp-json\/wp\/v2\/media\/5390"}],"wp:attachment":[{"href":"https:\/\/legitgrams.com\/hu\/wp-json\/wp\/v2\/media?parent=4192"}],"wp:term":[{"taxonomy":"product_brand","embeddable":true,"href":"https:\/\/legitgrams.com\/hu\/wp-json\/wp\/v2\/product_brand?post=4192"},{"taxonomy":"product_cat","embeddable":true,"href":"https:\/\/legitgrams.com\/hu\/wp-json\/wp\/v2\/product_cat?post=4192"},{"taxonomy":"product_tag","embeddable":true,"href":"https:\/\/legitgrams.com\/hu\/wp-json\/wp\/v2\/product_tag?post=4192"}],"curies":[{"name":"wp","href":"https:\/\/api.w.org\/{rel}","templated":true}]}}