{"id":4193,"date":"2024-09-21T12:36:06","date_gmt":"2024-09-21T12:36:06","guid":{"rendered":"https:\/\/legitgrams.com\/?post_type=product&#038;p=4193"},"modified":"2025-01-14T06:26:21","modified_gmt":"2025-01-14T06:26:21","slug":"indiai-charas-fekete-hasis","status":"publish","type":"product","link":"https:\/\/legitgrams.com\/hu\/termek\/indiai-charas-fekete-hasis\/","title":{"rendered":"India Charas Black Hash"},"content":{"rendered":"<h2>India Charas Black Hash online v\u00e1s\u00e1rl\u00e1sa<\/h2>\n<p>V\u00e1s\u00e1roljon <a href=\"https:\/\/legitgrams.com\/hu\/termek\/indiai-charas-fekete-hasis\/\">Fekete Hash India Charas<\/a> India. a n\u0151i r\u00fcgyek finom simogat\u00e1sa a tenyered k\u00f6z\u00f6tt keletkezik. Sz\u00e1ll\u00edt\u00e1s el\u0151tt a p\u00e1ly\u00e1t a tipikus darabokra t\u00f6m\u00f6r\u00edtik, \u00e9s hash-goly\u00f3kk\u00e9nt osztj\u00e1k sz\u00e9t. \u00c1rny\u00e9kol\u00e1s: S\u00f6t\u00e9t, k\u00edv\u00fcl fekete vagy bel\u00fcl vil\u00e1gosz\u00f6ld. Illat: Forr\u00f3t\u00f3l nagyon cs\u00edp\u0151sig. Egyed\u00fcl\u00e1ll\u00f3 illat. \u00cdz: Az afganiszt\u00e1nival ellent\u00e9tben kiss\u00e9 \u00e9rdes a torka \u00e9s nagyon f\u0171szeres. \u00c1llaga: Hihetetlen\u00fcl puha \u00e9s megfelel\u0151en massz\u00edrozhat\u00f3, hasonl\u00f3an az afg\u00e1nhoz. N\u00e9ha nagyon finom, de mindig vastag. Hat\u00e1s: \u00f6r\u00f6mteli \u00e9s el\u00e9g intenz\u00edv. kapcsol\u00f3dik az agyhoz. Er\u0151: Kiv\u00e9telesen er\u0151s \u00e9s er\u0151s. A charas gyakran nagyszer\u0171 f\u00fcst, hasonl\u00f3an nep\u00e1lihoz. (10\u201326% THC) El\u00e9rhet\u0151s\u00e9g: rendk\u00edv\u00fcl ritka; csak rendk\u00edv\u00fcl kis mennyis\u00e9geket tesznek el\u00e9rhet\u0151v\u00e9 id\u0151szakonk\u00e9nt. A legt\u00f6bb mag\u00e1nutas import\u00e1l ilyen hash-t Indi\u00e1ba. A k\u00f6lts\u00e9g nyilv\u00e1nval\u00f3an dr\u00e1ga a nep\u00e1li szabv\u00e1nyokhoz k\u00e9pest. A Charas-t \u00e1ltal\u00e1ban \"ujjnak\" nevezett hash darabk\u00e9nt \u00e1rulj\u00e1k, amely egy hotdogra hasonl\u00edt. <a href=\"https:\/\/legitgrams.com\/hu\/\">LegitGrams<\/a><\/p>\n<p>V\u00e1s\u00e1roljon India Charas Black Hash-t: v\u00e1s\u00e1roljon Black Hash-t, v\u00e1s\u00e1roljon Charas Black Hash-t, v\u00e1s\u00e1roljon India Charas Black Hash-t online, hol v\u00e1s\u00e1rolhat Indi\u00e1t <a href=\"https:\/\/en.wikipedia.org\/wiki\/Charas\">Charas<\/a> Black Hash, hol v\u00e1s\u00e1rolhat India Charas Black Hash-t, hol v\u00e1s\u00e1rolhat India Charas Black Hash-t, hogyan v\u00e1s\u00e1rolhat India Charas Black Hash-t, hogyan v\u00e1s\u00e1rolhat India Charas Black Hash-t online, India Charas Black Hash-t v\u00e1s\u00e1roljon online, India Charas Black Hash-t v\u00e1s\u00e1roljon online, India Charas Black Hash Online v\u00e1s\u00e1rl\u00e1s, India Charas Black Hash Online v\u00e1s\u00e1rl\u00e1s, India Charas Black Hash Online v\u00e1s\u00e1rl\u00e1s, online v\u00e1s\u00e1rl\u00e1s, sz\u00e1ll\u00edt\u00f3k, biztons\u00e1gos sz\u00e1ll\u00edt\u00e1s, India Charas Black Hash tov\u00e1bbra is megv\u00e1s\u00e1rolhat\u00f3. Ezenk\u00edv\u00fcl megtudhatja, hogyan rendelheti meg, leg\u00e1lis-e az Egyes\u00fclt \u00c1llamokban, \u00e9s hogy megv\u00e1s\u00e1rolhat\u00f3-e az interneten<\/p>\n<h2><\/h2>\n<h2><\/h2>\n<p>&nbsp;<\/p>","protected":false},"excerpt":{"rendered":"<p>Purchase of India Charas Black Hash Online Buy Black Hash India Charas India. generated by gently stroking the female buds between your palms. Prior to transportation, the pitch is compressed into the typical pieces and distributed as hash balls. Shading: Dark, black on the outside, or light green inside. Scent: Hot to very tangy. A &hellip;<\/p>\n<p class=\"read-more\"> <a class=\"\" href=\"https:\/\/legitgrams.com\/hu\/termek\/indiai-charas-fekete-hasis\/\"> <span class=\"screen-reader-text\">India Charas Black Hash<\/span> Olvass tov\u00e1bb \"<\/a><\/p>","protected":false},"featured_media":5376,"comment_status":"open","ping_status":"closed","template":"","meta":{"_uag_custom_page_level_css":"","site-sidebar-layout":"default","site-content-layout":"default","ast-global-header-display":"","ast-main-header-display":"","ast-hfb-above-header-display":"","ast-hfb-below-header-display":"","ast-hfb-mobile-header-display":"","site-post-title":"","ast-breadcrumbs-content":"","ast-featured-img":"","footer-sml-layout":"","theme-transparent-header-meta":"default","adv-header-id-meta":"","stick-header-meta":"default","header-above-stick-meta":"","header-main-stick-meta":"","header-below-stick-meta":"","_joinchat":[]},"product_brand":[],"product_cat":[605],"product_tag":[2440,2430,617,2422,2437,2434,2429,2421,2424,2425,2432,2423,2435,2442,2443,2441,2433,2438,2427,2439,2436,625,2428,2431,2426],"class_list":{"0":"post-4193","1":"product","2":"type-product","3":"status-publish","4":"has-post-thumbnail","6":"product_cat-hash-hashish","7":"product_tag-best-cheap-price-india-charas-black-hash","8":"product_tag-best-place-to-buy-india-charas-black-hash","9":"product_tag-bulk-online","10":"product_tag-buy-india-charas-black-hash","11":"product_tag-cheap-india-charas-black-hash","12":"product_tag-high-quality-india-charas-black-hash","13":"product_tag-how-to-buy-india-charas-black-hash","14":"product_tag-india-charas-black-hash","15":"product_tag-india-charas-black-hash-for-sale","16":"product_tag-india-charas-black-hash-india-charas-black-hash-supplier","17":"product_tag-india-charas-black-hash-legally","18":"product_tag-india-charas-black-hash-online","19":"product_tag-india-charas-black-hash-store","20":"product_tag-india-charas-black-hash-use","21":"product_tag-india-charas-black-hash-wiki","22":"product_tag-india-charas-black-hash-worldwide","23":"product_tag-india-charas-black-hashprice","24":"product_tag-india-charas-black-hashs","25":"product_tag-order-india-charas-black-hash","26":"product_tag-purcharse-india-charas-black-hash","27":"product_tag-shop-india-charas-black-hash","28":"product_tag-top-quality","29":"product_tag-where-to-buy-india-charas-black-hash","30":"product_tag-where-to-order-india-charas-black-hash","31":"product_tag-wholesale-india-charas-black-hash","32":"desktop-align-left","33":"tablet-align-left","34":"mobile-align-left","35":"ast-product-gallery-layout-horizontal","36":"ast-product-gallery-with-no-image","37":"ast-product-single-variable","38":"ast-product-tabs-layout-horizontal","39":"ast-qv-on-image","41":"first","42":"instock","43":"shipping-taxable","44":"purchasable","45":"product-type-variable"},"yoast_head":"<!-- This site is optimized with the Yoast SEO plugin v25.9 - https:\/\/yoast.com\/wordpress\/plugins\/seo\/ -->\n<title>India Charas Black Hash for Sale - Buy India Charas Black Online<\/title>\n<meta name=\"description\" content=\"At our Legitgrams, you can get India Charas Black Hash for sale at cheap rates. We deal with A-grade quality products only. Buy India Charas Black Hash online from our store now with fast &amp; secure shipping service.\" \/>\n<meta name=\"robots\" content=\"index, follow, max-snippet:-1, max-image-preview:large, max-video-preview:-1\" \/>\n<link rel=\"canonical\" href=\"https:\/\/legitgrams.com\/hu\/termek\/indiai-charas-fekete-hasis\/\" \/>\n<meta property=\"og:locale\" content=\"hu_HU\" \/>\n<meta property=\"og:type\" content=\"article\" \/>\n<meta property=\"og:title\" content=\"India Charas Black Hash for Sale - Buy India Charas Black Online\" \/>\n<meta property=\"og:description\" content=\"At our Legitgrams, you can get India Charas Black Hash for sale at cheap rates. We deal with A-grade quality products only. Buy India Charas Black Hash online from our store now with fast &amp; secure shipping service.\" \/>\n<meta property=\"og:url\" content=\"https:\/\/legitgrams.com\/hu\/termek\/indiai-charas-fekete-hasis\/\" \/>\n<meta property=\"og:site_name\" content=\"Legit Grams\" \/>\n<meta property=\"article:modified_time\" content=\"2025-01-14T06:26:21+00:00\" \/>\n<meta property=\"og:image\" content=\"https:\/\/legitgrams.com\/wp-content\/uploads\/2024\/09\/Buy-India-Charas-Black-Hash.jpg\" \/>\n\t<meta property=\"og:image:width\" content=\"600\" \/>\n\t<meta property=\"og:image:height\" content=\"600\" \/>\n\t<meta property=\"og:image:type\" content=\"image\/jpeg\" \/>\n<meta name=\"twitter:card\" content=\"summary_large_image\" \/>\n<meta name=\"twitter:label1\" content=\"Becs\u00fclt olvas\u00e1si id\u0151\" \/>\n\t<meta name=\"twitter:data1\" content=\"2 perc\" \/>\n<script type=\"application\/ld+json\" class=\"yoast-schema-graph\">{\"@context\":\"https:\/\/schema.org\",\"@graph\":[{\"@type\":\"WebPage\",\"@id\":\"https:\/\/legitgrams.com\/product\/india-charas-black-hash\/\",\"url\":\"https:\/\/legitgrams.com\/product\/india-charas-black-hash\/\",\"name\":\"India Charas Black Hash for Sale - Buy India Charas Black Online\",\"isPartOf\":{\"@id\":\"https:\/\/legitgrams.com\/#website\"},\"primaryImageOfPage\":{\"@id\":\"https:\/\/legitgrams.com\/product\/india-charas-black-hash\/#primaryimage\"},\"image\":{\"@id\":\"https:\/\/legitgrams.com\/product\/india-charas-black-hash\/#primaryimage\"},\"thumbnailUrl\":\"https:\/\/legitgrams.com\/wp-content\/uploads\/2024\/09\/Buy-India-Charas-Black-Hash.jpg\",\"datePublished\":\"2024-09-21T12:36:06+00:00\",\"dateModified\":\"2025-01-14T06:26:21+00:00\",\"description\":\"At our Legitgrams, you can get India Charas Black Hash for sale at cheap rates. We deal with A-grade quality products only. Buy India Charas Black Hash online from our store now with fast & secure shipping service.\",\"breadcrumb\":{\"@id\":\"https:\/\/legitgrams.com\/product\/india-charas-black-hash\/#breadcrumb\"},\"inLanguage\":\"hu\",\"potentialAction\":[{\"@type\":\"ReadAction\",\"target\":[\"https:\/\/legitgrams.com\/product\/india-charas-black-hash\/\"]}]},{\"@type\":\"ImageObject\",\"inLanguage\":\"hu\",\"@id\":\"https:\/\/legitgrams.com\/product\/india-charas-black-hash\/#primaryimage\",\"url\":\"https:\/\/legitgrams.com\/wp-content\/uploads\/2024\/09\/Buy-India-Charas-Black-Hash.jpg\",\"contentUrl\":\"https:\/\/legitgrams.com\/wp-content\/uploads\/2024\/09\/Buy-India-Charas-Black-Hash.jpg\",\"width\":600,\"height\":600,\"caption\":\"India Charas Black Hash for Sale\"},{\"@type\":\"BreadcrumbList\",\"@id\":\"https:\/\/legitgrams.com\/product\/india-charas-black-hash\/#breadcrumb\",\"itemListElement\":[{\"@type\":\"ListItem\",\"position\":1,\"name\":\"Home\",\"item\":\"https:\/\/legitgrams.com\/\"},{\"@type\":\"ListItem\",\"position\":2,\"name\":\"Shop\",\"item\":\"https:\/\/legitgrams.com\/shop\/\"},{\"@type\":\"ListItem\",\"position\":3,\"name\":\"India Charas Black Hash\"}]},{\"@type\":\"WebSite\",\"@id\":\"https:\/\/legitgrams.com\/#website\",\"url\":\"https:\/\/legitgrams.com\/\",\"name\":\"Legit Grams\",\"description\":\"My WordPress Blog\",\"publisher\":{\"@id\":\"https:\/\/legitgrams.com\/#organization\"},\"potentialAction\":[{\"@type\":\"SearchAction\",\"target\":{\"@type\":\"EntryPoint\",\"urlTemplate\":\"https:\/\/legitgrams.com\/?s={search_term_string}\"},\"query-input\":{\"@type\":\"PropertyValueSpecification\",\"valueRequired\":true,\"valueName\":\"search_term_string\"}}],\"inLanguage\":\"hu\"},{\"@type\":\"Organization\",\"@id\":\"https:\/\/legitgrams.com\/#organization\",\"name\":\"Legit Grams\",\"url\":\"https:\/\/legitgrams.com\/\",\"logo\":{\"@type\":\"ImageObject\",\"inLanguage\":\"hu\",\"@id\":\"https:\/\/legitgrams.com\/#\/schema\/logo\/image\/\",\"url\":\"https:\/\/legitgrams.com\/wp-content\/uploads\/2024\/09\/main-logo.png\",\"contentUrl\":\"https:\/\/legitgrams.com\/wp-content\/uploads\/2024\/09\/main-logo.png\",\"width\":270,\"height\":75,\"caption\":\"Legit Grams\"},\"image\":{\"@id\":\"https:\/\/legitgrams.com\/#\/schema\/logo\/image\/\"}}]}<\/script>\n<!-- \/ Yoast SEO plugin. -->","yoast_head_json":{"title":"India Charas Black Hash elad\u00f3 \u2013 India Charas Black online v\u00e1s\u00e1rl\u00e1sa","description":"A mi Legitgrams, akkor kap India Charas Black Hash elad\u00f3 olcs\u00f3 \u00e1ron. Mi csak A-oszt\u00e1ly\u00fa min\u0151s\u00e9gi term\u00e9kekkel foglalkozunk. V\u00e1s\u00e1rolja India Charas Black Hash online a mi boltunkban most gyors \u00e9s biztons\u00e1gos sz\u00e1ll\u00edt\u00e1si szolg\u00e1ltat\u00e1ssal.","robots":{"index":"index","follow":"follow","max-snippet":"max-snippet:-1","max-image-preview":"max-image-preview:large","max-video-preview":"max-video-preview:-1"},"canonical":"https:\/\/legitgrams.com\/hu\/termek\/indiai-charas-fekete-hasis\/","og_locale":"hu_HU","og_type":"article","og_title":"India Charas Black Hash for Sale - Buy India Charas Black Online","og_description":"At our Legitgrams, you can get India Charas Black Hash for sale at cheap rates. We deal with A-grade quality products only. Buy India Charas Black Hash online from our store now with fast & secure shipping service.","og_url":"https:\/\/legitgrams.com\/hu\/termek\/indiai-charas-fekete-hasis\/","og_site_name":"Legit Grams","article_modified_time":"2025-01-14T06:26:21+00:00","og_image":[{"width":600,"height":600,"url":"https:\/\/legitgrams.com\/wp-content\/uploads\/2024\/09\/Buy-India-Charas-Black-Hash.jpg","type":"image\/jpeg"}],"twitter_card":"summary_large_image","twitter_misc":{"Becs\u00fclt olvas\u00e1si id\u0151":"2 perc"},"schema":{"@context":"https:\/\/schema.org","@graph":[{"@type":"WebPage","@id":"https:\/\/legitgrams.com\/product\/india-charas-black-hash\/","url":"https:\/\/legitgrams.com\/product\/india-charas-black-hash\/","name":"India Charas Black Hash elad\u00f3 \u2013 India Charas Black online v\u00e1s\u00e1rl\u00e1sa","isPartOf":{"@id":"https:\/\/legitgrams.com\/#website"},"primaryImageOfPage":{"@id":"https:\/\/legitgrams.com\/product\/india-charas-black-hash\/#primaryimage"},"image":{"@id":"https:\/\/legitgrams.com\/product\/india-charas-black-hash\/#primaryimage"},"thumbnailUrl":"https:\/\/legitgrams.com\/wp-content\/uploads\/2024\/09\/Buy-India-Charas-Black-Hash.jpg","datePublished":"2024-09-21T12:36:06+00:00","dateModified":"2025-01-14T06:26:21+00:00","description":"A mi Legitgrams, akkor kap India Charas Black Hash elad\u00f3 olcs\u00f3 \u00e1ron. Mi csak A-oszt\u00e1ly\u00fa min\u0151s\u00e9gi term\u00e9kekkel foglalkozunk. V\u00e1s\u00e1rolja India Charas Black Hash online a mi boltunkban most gyors \u00e9s biztons\u00e1gos sz\u00e1ll\u00edt\u00e1si szolg\u00e1ltat\u00e1ssal.","breadcrumb":{"@id":"https:\/\/legitgrams.com\/product\/india-charas-black-hash\/#breadcrumb"},"inLanguage":"hu","potentialAction":[{"@type":"ReadAction","target":["https:\/\/legitgrams.com\/product\/india-charas-black-hash\/"]}]},{"@type":"ImageObject","inLanguage":"hu","@id":"https:\/\/legitgrams.com\/product\/india-charas-black-hash\/#primaryimage","url":"https:\/\/legitgrams.com\/wp-content\/uploads\/2024\/09\/Buy-India-Charas-Black-Hash.jpg","contentUrl":"https:\/\/legitgrams.com\/wp-content\/uploads\/2024\/09\/Buy-India-Charas-Black-Hash.jpg","width":600,"height":600,"caption":"India Charas Black Hash for Sale"},{"@type":"BreadcrumbList","@id":"https:\/\/legitgrams.com\/product\/india-charas-black-hash\/#breadcrumb","itemListElement":[{"@type":"ListItem","position":1,"name":"Home","item":"https:\/\/legitgrams.com\/"},{"@type":"ListItem","position":2,"name":"Shop","item":"https:\/\/legitgrams.com\/shop\/"},{"@type":"ListItem","position":3,"name":"India Charas Black Hash"}]},{"@type":"WebSite","@id":"https:\/\/legitgrams.com\/#website","url":"https:\/\/legitgrams.com\/","name":"Legit Grams","description":"Az \u00e9n WordPress blogom","publisher":{"@id":"https:\/\/legitgrams.com\/#organization"},"potentialAction":[{"@type":"SearchAction","target":{"@type":"EntryPoint","urlTemplate":"https:\/\/legitgrams.com\/?s={search_term_string}"},"query-input":{"@type":"PropertyValueSpecification","valueRequired":true,"valueName":"search_term_string"}}],"inLanguage":"hu"},{"@type":"Organization","@id":"https:\/\/legitgrams.com\/#organization","name":"Legit Grams","url":"https:\/\/legitgrams.com\/","logo":{"@type":"ImageObject","inLanguage":"hu","@id":"https:\/\/legitgrams.com\/#\/schema\/logo\/image\/","url":"https:\/\/legitgrams.com\/wp-content\/uploads\/2024\/09\/main-logo.png","contentUrl":"https:\/\/legitgrams.com\/wp-content\/uploads\/2024\/09\/main-logo.png","width":270,"height":75,"caption":"Legit Grams"},"image":{"@id":"https:\/\/legitgrams.com\/#\/schema\/logo\/image\/"}}]}},"uagb_featured_image_src":{"full":["https:\/\/legitgrams.com\/wp-content\/uploads\/2024\/09\/Buy-India-Charas-Black-Hash.jpg",600,600,false],"thumbnail":["https:\/\/legitgrams.com\/wp-content\/uploads\/2024\/09\/Buy-India-Charas-Black-Hash-150x150.jpg",150,150,true],"medium":["https:\/\/legitgrams.com\/wp-content\/uploads\/2024\/09\/Buy-India-Charas-Black-Hash-300x300.jpg",300,300,true],"medium_large":["https:\/\/legitgrams.com\/wp-content\/uploads\/2024\/09\/Buy-India-Charas-Black-Hash.jpg",600,600,false],"large":["https:\/\/legitgrams.com\/wp-content\/uploads\/2024\/09\/Buy-India-Charas-Black-Hash.jpg",600,600,false],"1536x1536":["https:\/\/legitgrams.com\/wp-content\/uploads\/2024\/09\/Buy-India-Charas-Black-Hash.jpg",600,600,false],"2048x2048":["https:\/\/legitgrams.com\/wp-content\/uploads\/2024\/09\/Buy-India-Charas-Black-Hash.jpg",600,600,false],"trp-custom-language-flag":["https:\/\/legitgrams.com\/wp-content\/uploads\/2024\/09\/Buy-India-Charas-Black-Hash-12x12.jpg",12,12,true],"woocommerce_thumbnail":["https:\/\/legitgrams.com\/wp-content\/uploads\/2024\/09\/Buy-India-Charas-Black-Hash-300x300.jpg",300,300,true],"woocommerce_single":["https:\/\/legitgrams.com\/wp-content\/uploads\/2024\/09\/Buy-India-Charas-Black-Hash.jpg",600,600,false],"woocommerce_gallery_thumbnail":["https:\/\/legitgrams.com\/wp-content\/uploads\/2024\/09\/Buy-India-Charas-Black-Hash-100x100.jpg",100,100,true]},"uagb_author_info":{"display_name":"cokeblog18","author_link":"https:\/\/legitgrams.com\/hu\/author\/"},"uagb_comment_info":0,"uagb_excerpt":"Purchase of India Charas Black Hash Online Buy Black Hash India Charas India. generated by gently stroking the female buds between your palms. Prior to transportation, the pitch is compressed into the typical pieces and distributed as hash balls. Shading: Dark, black on the outside, or light green inside. Scent: Hot to very tangy. A&hellip;","_links":{"self":[{"href":"https:\/\/legitgrams.com\/hu\/wp-json\/wp\/v2\/product\/4193","targetHints":{"allow":["GET"]}}],"collection":[{"href":"https:\/\/legitgrams.com\/hu\/wp-json\/wp\/v2\/product"}],"about":[{"href":"https:\/\/legitgrams.com\/hu\/wp-json\/wp\/v2\/types\/product"}],"replies":[{"embeddable":true,"href":"https:\/\/legitgrams.com\/hu\/wp-json\/wp\/v2\/comments?post=4193"}],"wp:featuredmedia":[{"embeddable":true,"href":"https:\/\/legitgrams.com\/hu\/wp-json\/wp\/v2\/media\/5376"}],"wp:attachment":[{"href":"https:\/\/legitgrams.com\/hu\/wp-json\/wp\/v2\/media?parent=4193"}],"wp:term":[{"taxonomy":"product_brand","embeddable":true,"href":"https:\/\/legitgrams.com\/hu\/wp-json\/wp\/v2\/product_brand?post=4193"},{"taxonomy":"product_cat","embeddable":true,"href":"https:\/\/legitgrams.com\/hu\/wp-json\/wp\/v2\/product_cat?post=4193"},{"taxonomy":"product_tag","embeddable":true,"href":"https:\/\/legitgrams.com\/hu\/wp-json\/wp\/v2\/product_tag?post=4193"}],"curies":[{"name":"wp","href":"https:\/\/api.w.org\/{rel}","templated":true}]}}