{"id":4195,"date":"2024-09-21T12:34:38","date_gmt":"2024-09-21T12:34:38","guid":{"rendered":"https:\/\/legitgrams.com\/?post_type=product&#038;p=4195"},"modified":"2025-03-07T04:42:23","modified_gmt":"2025-03-07T04:42:23","slug":"mezes-morokkoi-szoke-hasis","status":"publish","type":"product","link":"https:\/\/legitgrams.com\/hu\/termek\/mezes-morokkoi-szoke-hasis\/","title":{"rendered":"V\u00e1s\u00e1rolj m\u00e9zes marokk\u00f3i sz\u0151ke hamut online"},"content":{"rendered":"<h2>V\u00e1s\u00e1roljon Marokk\u00f3i Sz\u0151ke Hash m\u00e9zzel online<\/h2>\n<p>Amilyen gyakran <a href=\"https:\/\/www.bing.com\/search?q=VsroljonHoneyMarokkiSzkeHashonline&amp;qs=n&amp;form=QBRE&amp;sp=-1&amp;lq=0&amp;pq=vsroljonhoneymarokkiszkehashonline&amp;sc=0-43&amp;sk=&amp;cvid=6F3BAE8118BB43AD9A5DEC03E734FAE6&amp;ghsh=0&amp;ghacc=0&amp;ghpl=\">lehets\u00e9ges<\/a>, a \u201ekif\u201d sz\u00f3t Marokk\u00f3ban a vir\u00e1gokra, k\u00f6zt\u00fck a hasisra haszn\u00e1lj\u00e1k. Nyugaton a \u201ekif\u201d nevet gyakran haszn\u00e1lj\u00e1k a figyelemre m\u00e9lt\u00f3 marokk\u00f3i sz\u0151ke hasis le\u00edr\u00e1s\u00e1ra. Mary Jane nyom\u00e1n ez jelenleg a k\u00f6vetkez\u0151 kateg\u00f3ri\u00e1ba tartozik:<a href=\"https:\/\/www.google.com\/search?q=Vsroljon+Honey+Marokki+Szke+Hash+online&amp;sca_esv=eddefdb7b92e7545&amp;sxsrf=AHTn8zrHHK9cGeQRtWEqCJKeo8pL7voaxQ1743743587056&amp;ei=Y2rvZ_SUA9Cw0PEP8dm40Q0&amp;ved=0ahUKEwi00teIz72MAxVQGDQIHfEsLtoQ4dUDCBA&amp;uact=5&amp;oq=Vsroljon+Honey+Marokki+Szke+Hash+online&amp;gs_lp=Egxnd3Mtd2l6LXNlcnAiL1bDoXPDoXJvbGpvbiBIb25leSBNYXJva2vDs2kgU3rFkWtlIEhhc2ggb25saW5lMgUQIRigATIFECEYoAEyBRAhGKABMgUQIRigATIFECEYoAEyBRAhGKsCSN8EUABYAHAAeAGQAQCYAYADoAGAA6oBAzMtMbgBA8gBAPgBAvgBAZgCAaACiAOYAwCSBwMzLTGgB4UGsgcDMy0xuAeIAw&amp;sclient=gws-wiz-serp\">habisha<\/a>\u201d, amikor a puh\u00e1bb leveleket hasznos\u00edtj\u00e1k. Marokk\u00f3 nemzed\u00e9ke a becsl\u00e9sek szerint 600 km2-t fed le, ami \u00e9vi 2 milli\u00e1rd USD-t termel, \u00e9s a GNP 6%-\u00e1ra n\u0151 (b\u00e1r ennek a p\u00e9nznek a nagy r\u00e9sze nem szerepel a hivatalos GNP-ben). Online hash-v\u00e1s\u00e1rl\u00e1s is lehets\u00e9ges. V\u00e1s\u00e1rolhat kendert online is. <a href=\"https:\/\/legitgrams.com\/hu\/\">LegitGrams<\/a><\/p>\n<p><strong>v\u00e9tel <a href=\"https:\/\/legitgrams.com\/hu\/termek\/mezes-morokkoi-szoke-hasis\/\">M\u00e9zes marokk\u00f3i sz\u00f6szi Hash<\/a>:<\/strong> v\u00e1s\u00e1roljon m\u00e9zet Marokk\u00f3i sz\u0151ke hash-t online, v\u00e1s\u00e1roljon m\u00e9zet Marokk\u00f3i sz\u0151ke hash-t, hol tudok m\u00e9zet v\u00e1s\u00e1rolni Marokk\u00f3i sz\u0151ke hash, sz\u0151ke? Megv\u00e1s\u00e1rolhat\u00f3 a Honey Moroccan Blonde Hash online? <a href=\"https:\/\/duckduckgo.com\/?q=Vsroljon+Honey+Marokki+Szke+Hash+online&amp;t=h_\">M\u00e9zes marokk\u00f3i sz\u00f6szi Hash<\/a> online megv\u00e1s\u00e1rolhat\u00f3 az egyes\u00fclt \u00e1llamokbeli, kanadai \u00e9s egyes\u00fclt kir\u00e1lys\u00e1gbeli besz\u00e1ll\u00edt\u00f3kt\u00f3l, biztons\u00e1gos sz\u00e1ll\u00edt\u00e1ssal. M\u00e9g mindig beszerezheti a Honey Moroccan Blonde Hash-t. Jogi st\u00e1tusszal rendelkezik a Honey Moroccan Blonde Hash v\u00e1s\u00e1rl\u00e1sa az Egyes\u00fclt \u00c1llamokban? Milyen l\u00e9p\u00e9sek sz\u00fcks\u00e9gesek a Honey Moroccan Blonde Hash megrendel\u00e9s\u00e9hez? Kanada enged\u00e9lyezi-e a m\u00e9zes marokk\u00f3i sz\u0151k\u00e9t? <a href=\"https:\/\/en.wikipedia.org\/wiki\/Hashish\">Hash<\/a>?<\/p>\n<h2><\/h2>\n<h2><\/h2>\n<p>&nbsp;<\/p>","protected":false},"excerpt":{"rendered":"<p>Purchase Moroccan Blonde Hash with Honey Online As often as possible, the word &#8220;kif&#8221; is used in Morocco to refer to flowers, including hashish. In the West, the name &#8220;kif&#8221; is frequently used to describe the remarkable Moroccan blonde hashish. Following Mary Jane, this is currently classified as &#8220;habisha&#8221; when the softer leaves are utilized. &hellip;<\/p>\n<p class=\"read-more\"> <a class=\"\" href=\"https:\/\/legitgrams.com\/hu\/termek\/mezes-morokkoi-szoke-hasis\/\"> <span class=\"screen-reader-text\">V\u00e1s\u00e1rolj m\u00e9zes marokk\u00f3i sz\u0151ke hamut online<\/span> Olvass tov\u00e1bb \"<\/a><\/p>","protected":false},"featured_media":5374,"comment_status":"open","ping_status":"closed","template":"","meta":{"_uag_custom_page_level_css":"","site-sidebar-layout":"default","site-content-layout":"default","ast-global-header-display":"","ast-main-header-display":"","ast-hfb-above-header-display":"","ast-hfb-below-header-display":"","ast-hfb-mobile-header-display":"","site-post-title":"","ast-breadcrumbs-content":"","ast-featured-img":"","footer-sml-layout":"","theme-transparent-header-meta":"default","adv-header-id-meta":"","stick-header-meta":"default","header-above-stick-meta":"","header-main-stick-meta":"","header-below-stick-meta":"","_joinchat":[]},"product_brand":[],"product_cat":[605],"product_tag":[2486,2476,617,2468,2483,2480,2467,2470,2471,2478,2469,2481,2488,2489,2487,2479,2484,2475,2473,2485,2482,625,2474,2477,2472],"class_list":{"0":"post-4195","1":"product","2":"type-product","3":"status-publish","4":"has-post-thumbnail","6":"product_cat-hash-hashish","7":"product_tag-best-cheap-price-honey-moroccan-blonde-hash","8":"product_tag-best-place-to-buy-honey-moroccan-blonde-hash","9":"product_tag-bulk-online","10":"product_tag-buy-honey-moroccan-blonde-hash","11":"product_tag-cheap-honey-moroccan-blonde-hash","12":"product_tag-high-quality-honey-moroccan-blonde-hash","13":"product_tag-honey-moroccan-blonde-hash","14":"product_tag-honey-moroccan-blonde-hash-for-sale","15":"product_tag-honey-moroccan-blonde-hash-honey-moroccan-blonde-hash-supplier","16":"product_tag-honey-moroccan-blonde-hash-legally","17":"product_tag-honey-moroccan-blonde-hash-online","18":"product_tag-honey-moroccan-blonde-hash-store","19":"product_tag-honey-moroccan-blonde-hash-use","20":"product_tag-honey-moroccan-blonde-hash-wiki","21":"product_tag-honey-moroccan-blonde-hash-worldwide","22":"product_tag-honey-moroccan-blonde-hashprice","23":"product_tag-honey-moroccan-blonde-hashs","24":"product_tag-how-to-buy-honey-moroccan-blonde-hash","25":"product_tag-order-honey-moroccan-blonde-hash","26":"product_tag-purcharse-honey-moroccan-blonde-hash","27":"product_tag-shop-honey-moroccan-blonde-hash","28":"product_tag-top-quality","29":"product_tag-where-to-buy-honey-moroccan-blonde-hash","30":"product_tag-where-to-order-honey-moroccan-blonde-hash","31":"product_tag-wholesale-honey-moroccan-blonde-hash","32":"desktop-align-left","33":"tablet-align-left","34":"mobile-align-left","35":"ast-product-gallery-layout-horizontal","36":"ast-product-gallery-with-no-image","37":"ast-product-single-variable","38":"ast-product-tabs-layout-horizontal","39":"ast-qv-on-image","41":"first","42":"instock","43":"shipping-taxable","44":"purchasable","45":"product-type-variable"},"yoast_head":"<!-- This site is optimized with the Yoast SEO plugin v25.9 - https:\/\/yoast.com\/wordpress\/plugins\/seo\/ -->\n<title>Honey Moroccan Blonde Hash for Sale @ best Rate | LegitGrams<\/title>\n<meta name=\"description\" content=\"Get Honey Moroccan Blonde Hash for sale at one of the best online stores. We will help you buy Honey Moroccan Blonde Hash online of high quality. Don&#039;t delay to place your order and take advantage of the newest discounts!\" \/>\n<meta name=\"robots\" content=\"index, follow, max-snippet:-1, max-image-preview:large, max-video-preview:-1\" \/>\n<link rel=\"canonical\" href=\"https:\/\/legitgrams.com\/hu\/termek\/mezes-morokkoi-szoke-hasis\/\" \/>\n<meta property=\"og:locale\" content=\"hu_HU\" \/>\n<meta property=\"og:type\" content=\"article\" \/>\n<meta property=\"og:title\" content=\"Honey Moroccan Blonde Hash for Sale @ best Rate | LegitGrams\" \/>\n<meta property=\"og:description\" content=\"Get Honey Moroccan Blonde Hash for sale at one of the best online stores. We will help you buy Honey Moroccan Blonde Hash online of high quality. Don&#039;t delay to place your order and take advantage of the newest discounts!\" \/>\n<meta property=\"og:url\" content=\"https:\/\/legitgrams.com\/hu\/termek\/mezes-morokkoi-szoke-hasis\/\" \/>\n<meta property=\"og:site_name\" content=\"Legit Grams\" \/>\n<meta property=\"article:modified_time\" content=\"2025-03-07T04:42:23+00:00\" \/>\n<meta property=\"og:image\" content=\"https:\/\/legitgrams.com\/wp-content\/uploads\/2024\/09\/Buy-Honey-Moroccan-Blonde-Hash.jpg\" \/>\n\t<meta property=\"og:image:width\" content=\"600\" \/>\n\t<meta property=\"og:image:height\" content=\"600\" \/>\n\t<meta property=\"og:image:type\" content=\"image\/jpeg\" \/>\n<meta name=\"twitter:card\" content=\"summary_large_image\" \/>\n<meta name=\"twitter:label1\" content=\"Becs\u00fclt olvas\u00e1si id\u0151\" \/>\n\t<meta name=\"twitter:data1\" content=\"2 perc\" \/>\n<script type=\"application\/ld+json\" class=\"yoast-schema-graph\">{\"@context\":\"https:\/\/schema.org\",\"@graph\":[{\"@type\":\"WebPage\",\"@id\":\"https:\/\/legitgrams.com\/product\/honey-moroccan-blonde-hash\/\",\"url\":\"https:\/\/legitgrams.com\/product\/honey-moroccan-blonde-hash\/\",\"name\":\"Honey Moroccan Blonde Hash for Sale @ best Rate | LegitGrams\",\"isPartOf\":{\"@id\":\"https:\/\/legitgrams.com\/#website\"},\"primaryImageOfPage\":{\"@id\":\"https:\/\/legitgrams.com\/product\/honey-moroccan-blonde-hash\/#primaryimage\"},\"image\":{\"@id\":\"https:\/\/legitgrams.com\/product\/honey-moroccan-blonde-hash\/#primaryimage\"},\"thumbnailUrl\":\"https:\/\/legitgrams.com\/wp-content\/uploads\/2024\/09\/Buy-Honey-Moroccan-Blonde-Hash.jpg\",\"datePublished\":\"2024-09-21T12:34:38+00:00\",\"dateModified\":\"2025-03-07T04:42:23+00:00\",\"description\":\"Get Honey Moroccan Blonde Hash for sale at one of the best online stores. We will help you buy Honey Moroccan Blonde Hash online of high quality. Don't delay to place your order and take advantage of the newest discounts!\",\"breadcrumb\":{\"@id\":\"https:\/\/legitgrams.com\/product\/honey-moroccan-blonde-hash\/#breadcrumb\"},\"inLanguage\":\"hu\",\"potentialAction\":[{\"@type\":\"ReadAction\",\"target\":[\"https:\/\/legitgrams.com\/product\/honey-moroccan-blonde-hash\/\"]}]},{\"@type\":\"ImageObject\",\"inLanguage\":\"hu\",\"@id\":\"https:\/\/legitgrams.com\/product\/honey-moroccan-blonde-hash\/#primaryimage\",\"url\":\"https:\/\/legitgrams.com\/wp-content\/uploads\/2024\/09\/Buy-Honey-Moroccan-Blonde-Hash.jpg\",\"contentUrl\":\"https:\/\/legitgrams.com\/wp-content\/uploads\/2024\/09\/Buy-Honey-Moroccan-Blonde-Hash.jpg\",\"width\":600,\"height\":600,\"caption\":\"Honey Moroccan Blonde Hash for Sale\"},{\"@type\":\"BreadcrumbList\",\"@id\":\"https:\/\/legitgrams.com\/product\/honey-moroccan-blonde-hash\/#breadcrumb\",\"itemListElement\":[{\"@type\":\"ListItem\",\"position\":1,\"name\":\"Home\",\"item\":\"https:\/\/legitgrams.com\/\"},{\"@type\":\"ListItem\",\"position\":2,\"name\":\"Shop\",\"item\":\"https:\/\/legitgrams.com\/shop\/\"},{\"@type\":\"ListItem\",\"position\":3,\"name\":\"Buy Honey Moroccan Blonde Hash Online\"}]},{\"@type\":\"WebSite\",\"@id\":\"https:\/\/legitgrams.com\/#website\",\"url\":\"https:\/\/legitgrams.com\/\",\"name\":\"Legit Grams\",\"description\":\"My WordPress Blog\",\"publisher\":{\"@id\":\"https:\/\/legitgrams.com\/#organization\"},\"potentialAction\":[{\"@type\":\"SearchAction\",\"target\":{\"@type\":\"EntryPoint\",\"urlTemplate\":\"https:\/\/legitgrams.com\/?s={search_term_string}\"},\"query-input\":{\"@type\":\"PropertyValueSpecification\",\"valueRequired\":true,\"valueName\":\"search_term_string\"}}],\"inLanguage\":\"hu\"},{\"@type\":\"Organization\",\"@id\":\"https:\/\/legitgrams.com\/#organization\",\"name\":\"Legit Grams\",\"url\":\"https:\/\/legitgrams.com\/\",\"logo\":{\"@type\":\"ImageObject\",\"inLanguage\":\"hu\",\"@id\":\"https:\/\/legitgrams.com\/#\/schema\/logo\/image\/\",\"url\":\"https:\/\/legitgrams.com\/wp-content\/uploads\/2024\/09\/main-logo.png\",\"contentUrl\":\"https:\/\/legitgrams.com\/wp-content\/uploads\/2024\/09\/main-logo.png\",\"width\":270,\"height\":75,\"caption\":\"Legit Grams\"},\"image\":{\"@id\":\"https:\/\/legitgrams.com\/#\/schema\/logo\/image\/\"}}]}<\/script>\n<!-- \/ Yoast SEO plugin. -->","yoast_head_json":{"title":"M\u00e9zes Marokk\u00f3i Sz\u0151ke Hash elad\u00f3 a legjobb \u00e1ron | LegitGrams","description":"Szerezd meg a Honey Moroccan Blonde Hash elad\u00f3 az egyik legjobb online \u00e1ruh\u00e1zban. Seg\u00edt\u00fcnk megv\u00e1s\u00e1rolni a Honey Moroccan Blonde Hash online kiv\u00e1l\u00f3 min\u0151s\u00e9g\u0171. Ne k\u00e9slekedjen a rendel\u00e9ssel \u00e9s haszn\u00e1lja ki a leg\u00fajabb kedvezm\u00e9nyeket!","robots":{"index":"index","follow":"follow","max-snippet":"max-snippet:-1","max-image-preview":"max-image-preview:large","max-video-preview":"max-video-preview:-1"},"canonical":"https:\/\/legitgrams.com\/hu\/termek\/mezes-morokkoi-szoke-hasis\/","og_locale":"hu_HU","og_type":"article","og_title":"Honey Moroccan Blonde Hash for Sale @ best Rate | LegitGrams","og_description":"Get Honey Moroccan Blonde Hash for sale at one of the best online stores. We will help you buy Honey Moroccan Blonde Hash online of high quality. Don't delay to place your order and take advantage of the newest discounts!","og_url":"https:\/\/legitgrams.com\/hu\/termek\/mezes-morokkoi-szoke-hasis\/","og_site_name":"Legit Grams","article_modified_time":"2025-03-07T04:42:23+00:00","og_image":[{"width":600,"height":600,"url":"https:\/\/legitgrams.com\/wp-content\/uploads\/2024\/09\/Buy-Honey-Moroccan-Blonde-Hash.jpg","type":"image\/jpeg"}],"twitter_card":"summary_large_image","twitter_misc":{"Becs\u00fclt olvas\u00e1si id\u0151":"2 perc"},"schema":{"@context":"https:\/\/schema.org","@graph":[{"@type":"WebPage","@id":"https:\/\/legitgrams.com\/product\/honey-moroccan-blonde-hash\/","url":"https:\/\/legitgrams.com\/product\/honey-moroccan-blonde-hash\/","name":"M\u00e9zes Marokk\u00f3i Sz\u0151ke Hash elad\u00f3 a legjobb \u00e1ron | LegitGrams","isPartOf":{"@id":"https:\/\/legitgrams.com\/#website"},"primaryImageOfPage":{"@id":"https:\/\/legitgrams.com\/product\/honey-moroccan-blonde-hash\/#primaryimage"},"image":{"@id":"https:\/\/legitgrams.com\/product\/honey-moroccan-blonde-hash\/#primaryimage"},"thumbnailUrl":"https:\/\/legitgrams.com\/wp-content\/uploads\/2024\/09\/Buy-Honey-Moroccan-Blonde-Hash.jpg","datePublished":"2024-09-21T12:34:38+00:00","dateModified":"2025-03-07T04:42:23+00:00","description":"Szerezd meg a Honey Moroccan Blonde Hash elad\u00f3 az egyik legjobb online \u00e1ruh\u00e1zban. Seg\u00edt\u00fcnk megv\u00e1s\u00e1rolni a Honey Moroccan Blonde Hash online kiv\u00e1l\u00f3 min\u0151s\u00e9g\u0171. Ne k\u00e9slekedjen a rendel\u00e9ssel \u00e9s haszn\u00e1lja ki a leg\u00fajabb kedvezm\u00e9nyeket!","breadcrumb":{"@id":"https:\/\/legitgrams.com\/product\/honey-moroccan-blonde-hash\/#breadcrumb"},"inLanguage":"hu","potentialAction":[{"@type":"ReadAction","target":["https:\/\/legitgrams.com\/product\/honey-moroccan-blonde-hash\/"]}]},{"@type":"ImageObject","inLanguage":"hu","@id":"https:\/\/legitgrams.com\/product\/honey-moroccan-blonde-hash\/#primaryimage","url":"https:\/\/legitgrams.com\/wp-content\/uploads\/2024\/09\/Buy-Honey-Moroccan-Blonde-Hash.jpg","contentUrl":"https:\/\/legitgrams.com\/wp-content\/uploads\/2024\/09\/Buy-Honey-Moroccan-Blonde-Hash.jpg","width":600,"height":600,"caption":"Honey Moroccan Blonde Hash for Sale"},{"@type":"BreadcrumbList","@id":"https:\/\/legitgrams.com\/product\/honey-moroccan-blonde-hash\/#breadcrumb","itemListElement":[{"@type":"ListItem","position":1,"name":"Home","item":"https:\/\/legitgrams.com\/"},{"@type":"ListItem","position":2,"name":"Shop","item":"https:\/\/legitgrams.com\/shop\/"},{"@type":"ListItem","position":3,"name":"Buy Honey Moroccan Blonde Hash Online"}]},{"@type":"WebSite","@id":"https:\/\/legitgrams.com\/#website","url":"https:\/\/legitgrams.com\/","name":"Legit Grams","description":"Az \u00e9n WordPress blogom","publisher":{"@id":"https:\/\/legitgrams.com\/#organization"},"potentialAction":[{"@type":"SearchAction","target":{"@type":"EntryPoint","urlTemplate":"https:\/\/legitgrams.com\/?s={search_term_string}"},"query-input":{"@type":"PropertyValueSpecification","valueRequired":true,"valueName":"search_term_string"}}],"inLanguage":"hu"},{"@type":"Organization","@id":"https:\/\/legitgrams.com\/#organization","name":"Legit Grams","url":"https:\/\/legitgrams.com\/","logo":{"@type":"ImageObject","inLanguage":"hu","@id":"https:\/\/legitgrams.com\/#\/schema\/logo\/image\/","url":"https:\/\/legitgrams.com\/wp-content\/uploads\/2024\/09\/main-logo.png","contentUrl":"https:\/\/legitgrams.com\/wp-content\/uploads\/2024\/09\/main-logo.png","width":270,"height":75,"caption":"Legit Grams"},"image":{"@id":"https:\/\/legitgrams.com\/#\/schema\/logo\/image\/"}}]}},"uagb_featured_image_src":{"full":["https:\/\/legitgrams.com\/wp-content\/uploads\/2024\/09\/Buy-Honey-Moroccan-Blonde-Hash.jpg",600,600,false],"thumbnail":["https:\/\/legitgrams.com\/wp-content\/uploads\/2024\/09\/Buy-Honey-Moroccan-Blonde-Hash-150x150.jpg",150,150,true],"medium":["https:\/\/legitgrams.com\/wp-content\/uploads\/2024\/09\/Buy-Honey-Moroccan-Blonde-Hash-300x300.jpg",300,300,true],"medium_large":["https:\/\/legitgrams.com\/wp-content\/uploads\/2024\/09\/Buy-Honey-Moroccan-Blonde-Hash.jpg",600,600,false],"large":["https:\/\/legitgrams.com\/wp-content\/uploads\/2024\/09\/Buy-Honey-Moroccan-Blonde-Hash.jpg",600,600,false],"1536x1536":["https:\/\/legitgrams.com\/wp-content\/uploads\/2024\/09\/Buy-Honey-Moroccan-Blonde-Hash.jpg",600,600,false],"2048x2048":["https:\/\/legitgrams.com\/wp-content\/uploads\/2024\/09\/Buy-Honey-Moroccan-Blonde-Hash.jpg",600,600,false],"trp-custom-language-flag":["https:\/\/legitgrams.com\/wp-content\/uploads\/2024\/09\/Buy-Honey-Moroccan-Blonde-Hash-12x12.jpg",12,12,true],"woocommerce_thumbnail":["https:\/\/legitgrams.com\/wp-content\/uploads\/2024\/09\/Buy-Honey-Moroccan-Blonde-Hash-300x300.jpg",300,300,true],"woocommerce_single":["https:\/\/legitgrams.com\/wp-content\/uploads\/2024\/09\/Buy-Honey-Moroccan-Blonde-Hash.jpg",600,600,false],"woocommerce_gallery_thumbnail":["https:\/\/legitgrams.com\/wp-content\/uploads\/2024\/09\/Buy-Honey-Moroccan-Blonde-Hash-100x100.jpg",100,100,true]},"uagb_author_info":{"display_name":"cokeblog18","author_link":"https:\/\/legitgrams.com\/hu\/author\/"},"uagb_comment_info":0,"uagb_excerpt":"Purchase Moroccan Blonde Hash with Honey Online As often as possible, the word &#8220;kif&#8221; is used in Morocco to refer to flowers, including hashish. In the West, the name &#8220;kif&#8221; is frequently used to describe the remarkable Moroccan blonde hashish. Following Mary Jane, this is currently classified as &#8220;habisha&#8221; when the softer leaves are utilized.&hellip;","_links":{"self":[{"href":"https:\/\/legitgrams.com\/hu\/wp-json\/wp\/v2\/product\/4195","targetHints":{"allow":["GET"]}}],"collection":[{"href":"https:\/\/legitgrams.com\/hu\/wp-json\/wp\/v2\/product"}],"about":[{"href":"https:\/\/legitgrams.com\/hu\/wp-json\/wp\/v2\/types\/product"}],"replies":[{"embeddable":true,"href":"https:\/\/legitgrams.com\/hu\/wp-json\/wp\/v2\/comments?post=4195"}],"wp:featuredmedia":[{"embeddable":true,"href":"https:\/\/legitgrams.com\/hu\/wp-json\/wp\/v2\/media\/5374"}],"wp:attachment":[{"href":"https:\/\/legitgrams.com\/hu\/wp-json\/wp\/v2\/media?parent=4195"}],"wp:term":[{"taxonomy":"product_brand","embeddable":true,"href":"https:\/\/legitgrams.com\/hu\/wp-json\/wp\/v2\/product_brand?post=4195"},{"taxonomy":"product_cat","embeddable":true,"href":"https:\/\/legitgrams.com\/hu\/wp-json\/wp\/v2\/product_cat?post=4195"},{"taxonomy":"product_tag","embeddable":true,"href":"https:\/\/legitgrams.com\/hu\/wp-json\/wp\/v2\/product_tag?post=4195"}],"curies":[{"name":"wp","href":"https:\/\/api.w.org\/{rel}","templated":true}]}}