{"id":4198,"date":"2024-09-22T06:00:25","date_gmt":"2024-09-22T06:00:25","guid":{"rendered":"https:\/\/legitgrams.com\/?post_type=product&#038;p=4198"},"modified":"2025-01-13T09:14:14","modified_gmt":"2025-01-13T09:14:14","slug":"al-lad-10-mg-por","status":"publish","type":"product","link":"https:\/\/legitgrams.com\/hu\/termek\/al-lad-10-mg-por\/","title":{"rendered":"AL-LAD 10 mg por"},"content":{"rendered":"<h2>AL-LAD 10 mg-os por \u00e9rt\u00e9kes\u00edt\u00e9se<br \/>\nSzerezzen be egy 150 mg-os AL-LAD-blokkol\u00f3t.<\/h2>\n<p>V\u00e1s\u00e1roljon sz\u00e1z\u00f6tven milligrammot <a href=\"https:\/\/legitgrams.com\/hu\/termek\/al-lad-10-mg-por\/\">AL-LAD<\/a>. Az els\u0151 blottereket egy jap\u00e1n kutat\u00f3csoport tal\u00e1lta ki \u00e9s \u00e1ll\u00edtotta el\u0151 az 1970-es \u00e9vekben.<\/p>\n<p>Alexander Shulgin TiHKAL c\u00edm\u0171 k\u00f6nyv\u00e9nek eredm\u00e9nyek\u00e9nt sz\u00e9les k\u00f6rben ismert. Ami\u00f3ta 2013-ban az AL-LAD el\u0151sz\u00f6r el\u00e9rhet\u0151v\u00e9 v\u00e1lt RC-n<\/p>\n<p>piac\u00e1n jelent\u0151sen megn\u0151tt a n\u00e9pszer\u0171s\u00e9ge, \u00e9s az egyik legnagyobbk\u00e9nt n\u00e9pszer\u0171s\u00edtik.<\/p>\n<h3>Mi az AL-LAD 150 mg-os blotter?<\/h3>\n<p>Az AL-LAD Blotter Dietilamid (6-allil-6-nor-lizergsav) egy er\u0151s 5-HT2A agonista, amelynek d\u00f3zisa 150 mcg.<\/p>\n<p>A dan receptorok 80-160 mikrogramm k\u00f6r\u00fcl akt\u00edvak. K\u00fcl\u00f6n kiemelend\u0151 az AL-LAD Blotter\u00fcnk<\/p>\n<p>150 g-ot v\u00e9konyan bevontunk 1,5 mg\/blotter 2-hidroxi-propil-B-ciklodextrinnel (ciklodextrin).<\/p>\n<p>nagyobb v\u00e9delmet ny\u00fajt az oxig\u00e9nnel szemben. <a href=\"https:\/\/legitgrams.com\/hu\/\">LegitGrams<\/a><\/p>\n<h3>AL-LAD USA Blotter kaphat\u00f3.<\/h3>\n<p>Csak j\u00f3 min\u0151s\u00e9g\u0171 \u00e1rut v\u00e1s\u00e1roljon. Az online v\u00e1s\u00e1rl\u00e1s a legjobb lehet\u0151s\u00e9g tiszta min\u0151s\u00e9g\u0171 AL-LAD 10 mg por v\u00e1s\u00e1rl\u00e1s\u00e1ra. V\u00e1s\u00e1roljon 10 mg tiszta min\u0151s\u00e9g\u0171 term\u00e9ket <a href=\"https:\/\/en.wikipedia.org\/wiki\/AL-LAD\">AL-LAD<\/a> por az USA-ban. AL-LAD 10 mg por online v\u00e1s\u00e1rl\u00e1sa az USA-ban: Hol tal\u00e1lok tiszta, pr\u00e9mium 10 mg-os AL-LAD port? 10 milligramm tiszta min\u0151s\u00e9g\u0171 AL-LAD por megv\u00e1s\u00e1rolhat\u00f3. Helyben hozz\u00e1f\u00e9rhet\u0151 AL-LAD 10 mg por; pr\u00e9mium v\u00e1s\u00e1rl\u00e1s V\u00e1s\u00e1roljon tiszta AL-LAD 10 mg port online a k\u00f6rny\u00e9ken. Hol tal\u00e1lok online tiszta AL-LAD 10 mg port? Tiszta min\u0151s\u00e9g\u0171 AL-LAD 10 mg por tov\u00e1bbra is kaphat\u00f3. Leg\u00e1lis-e tiszta min\u0151s\u00e9g\u0171 AL-LAD 10 mg port v\u00e1s\u00e1rolni az Egyes\u00fclt \u00c1llamokban? Az interneten val\u00f3di 10 mg-os AL-LAD port v\u00e1s\u00e1rolhat. Sz\u00e1ll\u00edt\u00f3k: Egyes\u00fclt Kir\u00e1lys\u00e1g, Kanada \u00e9s az USA.<\/p>","protected":false},"excerpt":{"rendered":"<p>Sale of 10 mg powder of AL-LAD Get a 150 mg blocker of AL-LAD. Buy one hundred and fifty milligrams of AL-LAD. The first blotters were conceived and produced by a Japanese research team in the 1970s. widely known as a result of the book TiHKAL by Alexander Shulgin. Ever since AL-LAD was first made &hellip;<\/p>\n<p class=\"read-more\"> <a class=\"\" href=\"https:\/\/legitgrams.com\/hu\/termek\/al-lad-10-mg-por\/\"> <span class=\"screen-reader-text\">AL-LAD 10 mg por<\/span> Olvass tov\u00e1bb \"<\/a><\/p>","protected":false},"featured_media":5302,"comment_status":"open","ping_status":"closed","template":"","meta":{"_uag_custom_page_level_css":"","site-sidebar-layout":"default","site-content-layout":"default","ast-global-header-display":"","ast-main-header-display":"","ast-hfb-above-header-display":"","ast-hfb-below-header-display":"","ast-hfb-mobile-header-display":"","site-post-title":"","ast-breadcrumbs-content":"","ast-featured-img":"","footer-sml-layout":"","theme-transparent-header-meta":"default","adv-header-id-meta":"","stick-header-meta":"default","header-above-stick-meta":"","header-main-stick-meta":"","header-below-stick-meta":"","_joinchat":[]},"product_brand":[],"product_cat":[600],"product_tag":[2053,2057,2056,2064,2055,2067,2074,2075,2073,2065,2070,2072,2062,617,2054,2069,2066,2061,2059,2071,2068,625,2060,2063,2058],"class_list":{"0":"post-4198","1":"product","2":"type-product","3":"status-publish","4":"has-post-thumbnail","6":"product_cat-research-chemicals-and-bath-salt","7":"product_tag-al-lad-10-mg-powder","8":"product_tag-al-lad-10-mg-powder-al-lad-10-mg-powder-supplier","9":"product_tag-al-lad-10-mg-powder-for-sale","10":"product_tag-al-lad-10-mg-powder-legally","11":"product_tag-al-lad-10-mg-powder-online","12":"product_tag-al-lad-10-mg-powder-store","13":"product_tag-al-lad-10-mg-powder-use","14":"product_tag-al-lad-10-mg-powder-wiki","15":"product_tag-al-lad-10-mg-powder-worldwide","16":"product_tag-al-lad-10-mg-powderprice","17":"product_tag-al-lad-10-mg-powders","18":"product_tag-best-cheap-price-al-lad-10-mg-powder","19":"product_tag-best-place-to-buy-al-lad-10-mg-powder","20":"product_tag-bulk-online","21":"product_tag-buy-al-lad-10-mg-powder","22":"product_tag-cheap-al-lad-10-mg-powder","23":"product_tag-high-quality-al-lad-10-mg-powder","24":"product_tag-how-to-buy-al-lad-10-mg-powder","25":"product_tag-order-al-lad-10-mg-powder","26":"product_tag-purcharse-al-lad-10-mg-powder","27":"product_tag-shop-al-lad-10-mg-powder","28":"product_tag-top-quality","29":"product_tag-where-to-buy-al-lad-10-mg-powder","30":"product_tag-where-to-order-al-lad-10-mg-powder","31":"product_tag-wholesale-al-lad-10-mg-powder","32":"desktop-align-left","33":"tablet-align-left","34":"mobile-align-left","35":"ast-product-gallery-layout-horizontal","36":"ast-product-gallery-with-no-image","37":"ast-product-single-variable","38":"ast-product-tabs-layout-horizontal","39":"ast-qv-on-image","41":"first","42":"instock","43":"shipping-taxable","44":"purchasable","45":"product-type-variable"},"yoast_head":"<!-- This site is optimized with the Yoast SEO plugin v25.9 - https:\/\/yoast.com\/wordpress\/plugins\/seo\/ -->\n<title>AL-LAD 10mg for sale - Order AL-LAD 10mg Powder Online | LG<\/title>\n<meta name=\"description\" content=\"If you want to buy al-lad 10mg online, then visit our online store LegitGrams. We have high-quality products like al-lad 10mg for sale. Order Today with Best Deal on AL-LAD 10mg!\" \/>\n<meta name=\"robots\" content=\"index, follow, max-snippet:-1, max-image-preview:large, max-video-preview:-1\" \/>\n<link rel=\"canonical\" href=\"https:\/\/legitgrams.com\/hu\/termek\/al-lad-10-mg-por\/\" \/>\n<meta property=\"og:locale\" content=\"hu_HU\" \/>\n<meta property=\"og:type\" content=\"article\" \/>\n<meta property=\"og:title\" content=\"AL-LAD 10mg for sale - Order AL-LAD 10mg Powder Online | LG\" \/>\n<meta property=\"og:description\" content=\"If you want to buy al-lad 10mg online, then visit our online store LegitGrams. We have high-quality products like al-lad 10mg for sale. Order Today with Best Deal on AL-LAD 10mg!\" \/>\n<meta property=\"og:url\" content=\"https:\/\/legitgrams.com\/hu\/termek\/al-lad-10-mg-por\/\" \/>\n<meta property=\"og:site_name\" content=\"Legit Grams\" \/>\n<meta property=\"article:modified_time\" content=\"2025-01-13T09:14:14+00:00\" \/>\n<meta property=\"og:image\" content=\"https:\/\/legitgrams.com\/wp-content\/uploads\/2024\/09\/buy-pure-quality-al-lad-10-mg-powder-online.jpg\" \/>\n\t<meta property=\"og:image:width\" content=\"600\" \/>\n\t<meta property=\"og:image:height\" content=\"600\" \/>\n\t<meta property=\"og:image:type\" content=\"image\/jpeg\" \/>\n<meta name=\"twitter:card\" content=\"summary_large_image\" \/>\n<meta name=\"twitter:label1\" content=\"Becs\u00fclt olvas\u00e1si id\u0151\" \/>\n\t<meta name=\"twitter:data1\" content=\"2 perc\" \/>\n<script type=\"application\/ld+json\" class=\"yoast-schema-graph\">{\"@context\":\"https:\/\/schema.org\",\"@graph\":[{\"@type\":\"WebPage\",\"@id\":\"https:\/\/legitgrams.com\/product\/al-lad-10-mg-powder\/\",\"url\":\"https:\/\/legitgrams.com\/product\/al-lad-10-mg-powder\/\",\"name\":\"AL-LAD 10mg for sale - Order AL-LAD 10mg Powder Online | LG\",\"isPartOf\":{\"@id\":\"https:\/\/legitgrams.com\/#website\"},\"primaryImageOfPage\":{\"@id\":\"https:\/\/legitgrams.com\/product\/al-lad-10-mg-powder\/#primaryimage\"},\"image\":{\"@id\":\"https:\/\/legitgrams.com\/product\/al-lad-10-mg-powder\/#primaryimage\"},\"thumbnailUrl\":\"https:\/\/legitgrams.com\/wp-content\/uploads\/2024\/09\/buy-pure-quality-al-lad-10-mg-powder-online.jpg\",\"datePublished\":\"2024-09-22T06:00:25+00:00\",\"dateModified\":\"2025-01-13T09:14:14+00:00\",\"description\":\"If you want to buy al-lad 10mg online, then visit our online store LegitGrams. We have high-quality products like al-lad 10mg for sale. Order Today with Best Deal on AL-LAD 10mg!\",\"breadcrumb\":{\"@id\":\"https:\/\/legitgrams.com\/product\/al-lad-10-mg-powder\/#breadcrumb\"},\"inLanguage\":\"hu\",\"potentialAction\":[{\"@type\":\"ReadAction\",\"target\":[\"https:\/\/legitgrams.com\/product\/al-lad-10-mg-powder\/\"]}]},{\"@type\":\"ImageObject\",\"inLanguage\":\"hu\",\"@id\":\"https:\/\/legitgrams.com\/product\/al-lad-10-mg-powder\/#primaryimage\",\"url\":\"https:\/\/legitgrams.com\/wp-content\/uploads\/2024\/09\/buy-pure-quality-al-lad-10-mg-powder-online.jpg\",\"contentUrl\":\"https:\/\/legitgrams.com\/wp-content\/uploads\/2024\/09\/buy-pure-quality-al-lad-10-mg-powder-online.jpg\",\"width\":600,\"height\":600,\"caption\":\"AL-LAD 10 mg powder for Sale\"},{\"@type\":\"BreadcrumbList\",\"@id\":\"https:\/\/legitgrams.com\/product\/al-lad-10-mg-powder\/#breadcrumb\",\"itemListElement\":[{\"@type\":\"ListItem\",\"position\":1,\"name\":\"Home\",\"item\":\"https:\/\/legitgrams.com\/\"},{\"@type\":\"ListItem\",\"position\":2,\"name\":\"Shop\",\"item\":\"https:\/\/legitgrams.com\/shop\/\"},{\"@type\":\"ListItem\",\"position\":3,\"name\":\"AL-LAD 10 mg powder\"}]},{\"@type\":\"WebSite\",\"@id\":\"https:\/\/legitgrams.com\/#website\",\"url\":\"https:\/\/legitgrams.com\/\",\"name\":\"Legit Grams\",\"description\":\"My WordPress Blog\",\"publisher\":{\"@id\":\"https:\/\/legitgrams.com\/#organization\"},\"potentialAction\":[{\"@type\":\"SearchAction\",\"target\":{\"@type\":\"EntryPoint\",\"urlTemplate\":\"https:\/\/legitgrams.com\/?s={search_term_string}\"},\"query-input\":{\"@type\":\"PropertyValueSpecification\",\"valueRequired\":true,\"valueName\":\"search_term_string\"}}],\"inLanguage\":\"hu\"},{\"@type\":\"Organization\",\"@id\":\"https:\/\/legitgrams.com\/#organization\",\"name\":\"Legit Grams\",\"url\":\"https:\/\/legitgrams.com\/\",\"logo\":{\"@type\":\"ImageObject\",\"inLanguage\":\"hu\",\"@id\":\"https:\/\/legitgrams.com\/#\/schema\/logo\/image\/\",\"url\":\"https:\/\/legitgrams.com\/wp-content\/uploads\/2024\/09\/main-logo.png\",\"contentUrl\":\"https:\/\/legitgrams.com\/wp-content\/uploads\/2024\/09\/main-logo.png\",\"width\":270,\"height\":75,\"caption\":\"Legit Grams\"},\"image\":{\"@id\":\"https:\/\/legitgrams.com\/#\/schema\/logo\/image\/\"}}]}<\/script>\n<!-- \/ Yoast SEO plugin. -->","yoast_head_json":{"title":"AL-LAD 10mg elad\u00f3 - AL-LAD 10mg por rendel\u00e9se online | LG","description":"Ha szeretne v\u00e1s\u00e1rolni al-lad 10mg online, akkor l\u00e1togasson el online \u00e1ruh\u00e1zunkba LegitGrams. Olyan kiv\u00e1l\u00f3 min\u0151s\u00e9g\u0171 term\u00e9kekkel rendelkez\u00fcnk, mint az al-lad 10mg elad\u00f3. Rendelje meg m\u00e9g ma a legjobb aj\u00e1nlatot AL-LAD 10mg!","robots":{"index":"index","follow":"follow","max-snippet":"max-snippet:-1","max-image-preview":"max-image-preview:large","max-video-preview":"max-video-preview:-1"},"canonical":"https:\/\/legitgrams.com\/hu\/termek\/al-lad-10-mg-por\/","og_locale":"hu_HU","og_type":"article","og_title":"AL-LAD 10mg for sale - Order AL-LAD 10mg Powder Online | LG","og_description":"If you want to buy al-lad 10mg online, then visit our online store LegitGrams. We have high-quality products like al-lad 10mg for sale. Order Today with Best Deal on AL-LAD 10mg!","og_url":"https:\/\/legitgrams.com\/hu\/termek\/al-lad-10-mg-por\/","og_site_name":"Legit Grams","article_modified_time":"2025-01-13T09:14:14+00:00","og_image":[{"width":600,"height":600,"url":"https:\/\/legitgrams.com\/wp-content\/uploads\/2024\/09\/buy-pure-quality-al-lad-10-mg-powder-online.jpg","type":"image\/jpeg"}],"twitter_card":"summary_large_image","twitter_misc":{"Becs\u00fclt olvas\u00e1si id\u0151":"2 perc"},"schema":{"@context":"https:\/\/schema.org","@graph":[{"@type":"WebPage","@id":"https:\/\/legitgrams.com\/product\/al-lad-10-mg-powder\/","url":"https:\/\/legitgrams.com\/product\/al-lad-10-mg-powder\/","name":"AL-LAD 10mg elad\u00f3 - AL-LAD 10mg por rendel\u00e9se online | LG","isPartOf":{"@id":"https:\/\/legitgrams.com\/#website"},"primaryImageOfPage":{"@id":"https:\/\/legitgrams.com\/product\/al-lad-10-mg-powder\/#primaryimage"},"image":{"@id":"https:\/\/legitgrams.com\/product\/al-lad-10-mg-powder\/#primaryimage"},"thumbnailUrl":"https:\/\/legitgrams.com\/wp-content\/uploads\/2024\/09\/buy-pure-quality-al-lad-10-mg-powder-online.jpg","datePublished":"2024-09-22T06:00:25+00:00","dateModified":"2025-01-13T09:14:14+00:00","description":"Ha szeretne v\u00e1s\u00e1rolni al-lad 10mg online, akkor l\u00e1togasson el online \u00e1ruh\u00e1zunkba LegitGrams. Olyan kiv\u00e1l\u00f3 min\u0151s\u00e9g\u0171 term\u00e9kekkel rendelkez\u00fcnk, mint az al-lad 10mg elad\u00f3. Rendelje meg m\u00e9g ma a legjobb aj\u00e1nlatot AL-LAD 10mg!","breadcrumb":{"@id":"https:\/\/legitgrams.com\/product\/al-lad-10-mg-powder\/#breadcrumb"},"inLanguage":"hu","potentialAction":[{"@type":"ReadAction","target":["https:\/\/legitgrams.com\/product\/al-lad-10-mg-powder\/"]}]},{"@type":"ImageObject","inLanguage":"hu","@id":"https:\/\/legitgrams.com\/product\/al-lad-10-mg-powder\/#primaryimage","url":"https:\/\/legitgrams.com\/wp-content\/uploads\/2024\/09\/buy-pure-quality-al-lad-10-mg-powder-online.jpg","contentUrl":"https:\/\/legitgrams.com\/wp-content\/uploads\/2024\/09\/buy-pure-quality-al-lad-10-mg-powder-online.jpg","width":600,"height":600,"caption":"AL-LAD 10 mg powder for Sale"},{"@type":"BreadcrumbList","@id":"https:\/\/legitgrams.com\/product\/al-lad-10-mg-powder\/#breadcrumb","itemListElement":[{"@type":"ListItem","position":1,"name":"Home","item":"https:\/\/legitgrams.com\/"},{"@type":"ListItem","position":2,"name":"Shop","item":"https:\/\/legitgrams.com\/shop\/"},{"@type":"ListItem","position":3,"name":"AL-LAD 10 mg powder"}]},{"@type":"WebSite","@id":"https:\/\/legitgrams.com\/#website","url":"https:\/\/legitgrams.com\/","name":"Legit Grams","description":"Az \u00e9n WordPress blogom","publisher":{"@id":"https:\/\/legitgrams.com\/#organization"},"potentialAction":[{"@type":"SearchAction","target":{"@type":"EntryPoint","urlTemplate":"https:\/\/legitgrams.com\/?s={search_term_string}"},"query-input":{"@type":"PropertyValueSpecification","valueRequired":true,"valueName":"search_term_string"}}],"inLanguage":"hu"},{"@type":"Organization","@id":"https:\/\/legitgrams.com\/#organization","name":"Legit Grams","url":"https:\/\/legitgrams.com\/","logo":{"@type":"ImageObject","inLanguage":"hu","@id":"https:\/\/legitgrams.com\/#\/schema\/logo\/image\/","url":"https:\/\/legitgrams.com\/wp-content\/uploads\/2024\/09\/main-logo.png","contentUrl":"https:\/\/legitgrams.com\/wp-content\/uploads\/2024\/09\/main-logo.png","width":270,"height":75,"caption":"Legit Grams"},"image":{"@id":"https:\/\/legitgrams.com\/#\/schema\/logo\/image\/"}}]}},"uagb_featured_image_src":{"full":["https:\/\/legitgrams.com\/wp-content\/uploads\/2024\/09\/buy-pure-quality-al-lad-10-mg-powder-online.jpg",600,600,false],"thumbnail":["https:\/\/legitgrams.com\/wp-content\/uploads\/2024\/09\/buy-pure-quality-al-lad-10-mg-powder-online-150x150.jpg",150,150,true],"medium":["https:\/\/legitgrams.com\/wp-content\/uploads\/2024\/09\/buy-pure-quality-al-lad-10-mg-powder-online-300x300.jpg",300,300,true],"medium_large":["https:\/\/legitgrams.com\/wp-content\/uploads\/2024\/09\/buy-pure-quality-al-lad-10-mg-powder-online.jpg",600,600,false],"large":["https:\/\/legitgrams.com\/wp-content\/uploads\/2024\/09\/buy-pure-quality-al-lad-10-mg-powder-online.jpg",600,600,false],"1536x1536":["https:\/\/legitgrams.com\/wp-content\/uploads\/2024\/09\/buy-pure-quality-al-lad-10-mg-powder-online.jpg",600,600,false],"2048x2048":["https:\/\/legitgrams.com\/wp-content\/uploads\/2024\/09\/buy-pure-quality-al-lad-10-mg-powder-online.jpg",600,600,false],"trp-custom-language-flag":["https:\/\/legitgrams.com\/wp-content\/uploads\/2024\/09\/buy-pure-quality-al-lad-10-mg-powder-online-12x12.jpg",12,12,true],"woocommerce_thumbnail":["https:\/\/legitgrams.com\/wp-content\/uploads\/2024\/09\/buy-pure-quality-al-lad-10-mg-powder-online-300x300.jpg",300,300,true],"woocommerce_single":["https:\/\/legitgrams.com\/wp-content\/uploads\/2024\/09\/buy-pure-quality-al-lad-10-mg-powder-online.jpg",600,600,false],"woocommerce_gallery_thumbnail":["https:\/\/legitgrams.com\/wp-content\/uploads\/2024\/09\/buy-pure-quality-al-lad-10-mg-powder-online-100x100.jpg",100,100,true]},"uagb_author_info":{"display_name":"cokeblog18","author_link":"https:\/\/legitgrams.com\/hu\/author\/"},"uagb_comment_info":0,"uagb_excerpt":"Sale of 10 mg powder of AL-LAD Get a 150 mg blocker of AL-LAD. Buy one hundred and fifty milligrams of AL-LAD. The first blotters were conceived and produced by a Japanese research team in the 1970s. widely known as a result of the book TiHKAL by Alexander Shulgin. Ever since AL-LAD was first made&hellip;","_links":{"self":[{"href":"https:\/\/legitgrams.com\/hu\/wp-json\/wp\/v2\/product\/4198","targetHints":{"allow":["GET"]}}],"collection":[{"href":"https:\/\/legitgrams.com\/hu\/wp-json\/wp\/v2\/product"}],"about":[{"href":"https:\/\/legitgrams.com\/hu\/wp-json\/wp\/v2\/types\/product"}],"replies":[{"embeddable":true,"href":"https:\/\/legitgrams.com\/hu\/wp-json\/wp\/v2\/comments?post=4198"}],"wp:featuredmedia":[{"embeddable":true,"href":"https:\/\/legitgrams.com\/hu\/wp-json\/wp\/v2\/media\/5302"}],"wp:attachment":[{"href":"https:\/\/legitgrams.com\/hu\/wp-json\/wp\/v2\/media?parent=4198"}],"wp:term":[{"taxonomy":"product_brand","embeddable":true,"href":"https:\/\/legitgrams.com\/hu\/wp-json\/wp\/v2\/product_brand?post=4198"},{"taxonomy":"product_cat","embeddable":true,"href":"https:\/\/legitgrams.com\/hu\/wp-json\/wp\/v2\/product_cat?post=4198"},{"taxonomy":"product_tag","embeddable":true,"href":"https:\/\/legitgrams.com\/hu\/wp-json\/wp\/v2\/product_tag?post=4198"}],"curies":[{"name":"wp","href":"https:\/\/api.w.org\/{rel}","templated":true}]}}