{"id":4199,"date":"2024-09-22T05:57:36","date_gmt":"2024-09-22T05:57:36","guid":{"rendered":"https:\/\/legitgrams.com\/?post_type=product&#038;p=4199"},"modified":"2025-01-14T05:15:59","modified_gmt":"2025-01-14T05:15:59","slug":"zsiros-rozsaszin-bubba-budder-top-polc","status":"publish","type":"product","link":"https:\/\/legitgrams.com\/hu\/termek\/zsiros-rozsaszin-bubba-budder-top-polc\/","title":{"rendered":"Zs\u00edros r\u00f3zsasz\u00edn Bubba Budder - Top Shelf"},"content":{"rendered":"<h2>V\u00e1s\u00e1roljon Greasy Pink Bubba Buddert online a fels\u0151 polcon.<br \/>\nSzerezzen be egy zs\u00edros r\u00f3zsasz\u00edn Bubba Buddert a fels\u0151 polcr\u00f3l.<\/h2>\n<p>A Pink Kush \u00e9s Bubba Kush t\u00f6rzseket keresztezt\u00e9k, hogy l\u00e9trehozz\u00e1k a \u201eGrievous\u201d Pink Bubba hibridet, amely t\u00f6bbnyire indica. \u201eZs\u00edros\u201d Tal\u00e1n a legjobb este haszn\u00e1lni, <a href=\"https:\/\/legitgrams.com\/hu\/termek\/zsiros-rozsaszin-bubba-budder-top-polc\/\">R\u00f3zsasz\u00edn Bubba<\/a> Er\u0151s test relax\u00e1ns, amely feloldja a test f\u00e1jdalmait. A felhaszn\u00e1l\u00f3 v\u00e9g\u00fcl \u00e1lomszer\u0171 \u00e9s nyugodt \u00e1llapotba ker\u00fcl ennek a kellemes fel\u00fcd\u00fcl\u00e9snek \u00e9s csendes kikapcsol\u00f3d\u00e1snak k\u00f6sz\u00f6nhet\u0151en. A \u201eGreasy\u201d Pink Bubba relax\u00e1l\u00f3 hat\u00e1sai fokozatosak, lehet\u0151v\u00e9 t\u00e9ve a felhaszn\u00e1l\u00f3 sz\u00e1m\u00e1ra, hogy bel\u00e9pjen ezekbe az elragad\u00f3an b\u00e9k\u00e9s \u00e1llapotokba. Ez a t\u00f6rzs f\u00f6ldes, vir\u00e1gos \u00e9s r\u00f3zsasz\u00edn jegyeket tartalmaz, amelyek a sz\u00e1jban megmaradnak, \u00e9s hagyom\u00e1nyos Kush illatot k\u00f6lcs\u00f6n\u00f6znek neki. A \u201ezs\u00edros\u201d Pink Bubba j\u00f3l haszn\u00e1lhat\u00f3 egy sor tart\u00f3s f\u00e1jdalom \u00e9s gyullad\u00e1s, fejf\u00e1j\u00e1s, migr\u00e9n, \u00e1lmatlans\u00e1g, szorong\u00e1s, depresszi\u00f3 \u00e9s kr\u00f3nikus stressz kezel\u00e9s\u00e9re. <a href=\"https:\/\/legitgrams.com\/hu\/termek\/zsiros-rozsaszin-bubba-budder-top-polc\/\">\u00a0<\/a><a href=\"https:\/\/en.wikipedia.org\/wiki\/Pink_Grease\">\u00a0<\/a><a href=\"https:\/\/legitgrams.com\/hu\/\">LegitGrams<\/a><\/p>\n<p>Elad\u00f3 Pink Bubba Budder, Pink Bubba Budder elad\u00f3, Pink Budder v\u00e1s\u00e1rl\u00e1s online, ahol zs\u00edros r\u00f3zsasz\u00edn Bubba Budder v\u00e1s\u00e1rl\u00e1s online, Fels\u0151 polc \u2013 Bubba Budder, Greasy Pink Bubba Budder v\u00e1s\u00e1rl\u00e1s, Online v\u00e1s\u00e1rl\u00e1s, Hol kaphat\u00f3 <a href=\"https:\/\/en.wikipedia.org\/wiki\/Pink_Grease\">Zs\u00edros r\u00f3zsasz\u00edn\u00a0<\/a> Bubba Budder: USA, Kanada, Egyes\u00fclt Kir\u00e1lys\u00e1g, v\u00e1s\u00e1rl\u00e1s, online, sz\u00e1ll\u00edt\u00f3k, biztons\u00e1gos sz\u00e1ll\u00edt\u00e1s A zs\u00edros r\u00f3zsasz\u00edn Bubba Budder tov\u00e1bbra is el\u00e9rhet\u0151. Ezenk\u00edv\u00fcl megtudhatja, hogyan szerezheti be a Greasy Pink Bubba Buddert, leg\u00e1lis-e Kanad\u00e1ban, illetve hogy leg\u00e1lis-e az Egyes\u00fclt \u00c1llamokban.<\/p>\n<p>&nbsp;<\/p>\n<p>&nbsp;<\/p>\n<p><a href=\"https:\/\/legitgrams.com\/hu\/termek\/zsiros-rozsaszin-bubba-budder-top-polc\/\">\u00a0\u00a0<\/a><\/p>","protected":false},"excerpt":{"rendered":"<p>Purchase Greasy Pink Bubba Budder Online at Top Shelf. Get a Greasy Pink Bubba Budder from the Top Shelf. Pink Kush and Bubba Kush strains were crossed to generate &#8220;Grievous&#8221; Pink Bubba, a hybrid that is mostly indica. &#8220;Greasy&#8221; Probably best used in the evening, Pink Bubba is a potent bodily relaxant that melts away &hellip;<\/p>\n<p class=\"read-more\"> <a class=\"\" href=\"https:\/\/legitgrams.com\/hu\/termek\/zsiros-rozsaszin-bubba-budder-top-polc\/\"> <span class=\"screen-reader-text\">Zs\u00edros r\u00f3zsasz\u00edn Bubba Budder - Top Shelf<\/span> Olvass tov\u00e1bb \"<\/a><\/p>","protected":false},"featured_media":5389,"comment_status":"open","ping_status":"closed","template":"","meta":{"_uag_custom_page_level_css":"","site-sidebar-layout":"default","site-content-layout":"default","ast-global-header-display":"","ast-main-header-display":"","ast-hfb-above-header-display":"","ast-hfb-below-header-display":"","ast-hfb-mobile-header-display":"","site-post-title":"","ast-breadcrumbs-content":"","ast-featured-img":"","footer-sml-layout":"","theme-transparent-header-meta":"default","adv-header-id-meta":"","stick-header-meta":"default","header-above-stick-meta":"","header-main-stick-meta":"","header-below-stick-meta":"","_joinchat":[]},"product_brand":[],"product_cat":[606],"product_tag":[2095,2085,617,2077,2092,2076,2079,2080,2087,2078,2090,2097,2098,2096,2088,2093,2089,2084,2082,2094,2091,625,2083,2086,2081],"class_list":{"0":"post-4199","1":"product","2":"type-product","3":"status-publish","4":"has-post-thumbnail","6":"product_cat-marijuana-wax","7":"product_tag-best-cheap-price-greasy-pink-bubba-budder-top-shelf","8":"product_tag-best-place-to-buy-greasy-pink-bubba-budder-top-shelf","9":"product_tag-bulk-online","10":"product_tag-buy-greasy-pink-bubba-budder-top-shelf","11":"product_tag-cheap-greasy-pink-bubba-budder-top-shelf","12":"product_tag-greasy-pink-bubba-budder-top-shelf","13":"product_tag-greasy-pink-bubba-budder-top-shelf-for-sale","14":"product_tag-greasy-pink-bubba-budder-top-shelf-greasy-pink-bubba-budder-top-shelf-supplier","15":"product_tag-greasy-pink-bubba-budder-top-shelf-legally","16":"product_tag-greasy-pink-bubba-budder-top-shelf-online","17":"product_tag-greasy-pink-bubba-budder-top-shelf-store","18":"product_tag-greasy-pink-bubba-budder-top-shelf-use","19":"product_tag-greasy-pink-bubba-budder-top-shelf-wiki","20":"product_tag-greasy-pink-bubba-budder-top-shelf-worldwide","21":"product_tag-greasy-pink-bubba-budder-top-shelfprice","22":"product_tag-greasy-pink-bubba-budder-top-shelfs","23":"product_tag-high-quality-greasy-pink-bubba-budder-top-shelf","24":"product_tag-how-to-buy-greasy-pink-bubba-budder-top-shelf","25":"product_tag-order-greasy-pink-bubba-budder-top-shelf","26":"product_tag-purcharse-greasy-pink-bubba-budder-top-shelf","27":"product_tag-shop-greasy-pink-bubba-budder-top-shelf","28":"product_tag-top-quality","29":"product_tag-where-to-buy-greasy-pink-bubba-budder-top-shelf","30":"product_tag-where-to-order-greasy-pink-bubba-budder-top-shelf","31":"product_tag-wholesale-greasy-pink-bubba-budder-top-shelf","32":"desktop-align-left","33":"tablet-align-left","34":"mobile-align-left","35":"ast-product-gallery-layout-horizontal","36":"ast-product-gallery-with-no-image","37":"ast-product-single-variable","38":"ast-product-tabs-layout-horizontal","39":"ast-qv-on-image","41":"first","42":"instock","43":"shipping-taxable","44":"purchasable","45":"product-type-variable"},"yoast_head":"<!-- This site is optimized with the Yoast SEO plugin v25.9 - https:\/\/yoast.com\/wordpress\/plugins\/seo\/ -->\n<title>Greasy Pink Bubba Budder for Sale - Buy Greasy Pink Bubba<\/title>\n<meta name=\"description\" content=\"Your requirement to buy Greasy Pink Bubba Budder can be fulfilled at our online Legitgrams store as we are having Greasy Pink Bubba Budder for sale here. Place your order and get affordable deals every day.\" \/>\n<meta name=\"robots\" content=\"index, follow, max-snippet:-1, max-image-preview:large, max-video-preview:-1\" \/>\n<link rel=\"canonical\" href=\"https:\/\/legitgrams.com\/hu\/termek\/zsiros-rozsaszin-bubba-budder-top-polc\/\" \/>\n<meta property=\"og:locale\" content=\"hu_HU\" \/>\n<meta property=\"og:type\" content=\"article\" \/>\n<meta property=\"og:title\" content=\"Greasy Pink Bubba Budder for Sale - Buy Greasy Pink Bubba\" \/>\n<meta property=\"og:description\" content=\"Your requirement to buy Greasy Pink Bubba Budder can be fulfilled at our online Legitgrams store as we are having Greasy Pink Bubba Budder for sale here. Place your order and get affordable deals every day.\" \/>\n<meta property=\"og:url\" content=\"https:\/\/legitgrams.com\/hu\/termek\/zsiros-rozsaszin-bubba-budder-top-polc\/\" \/>\n<meta property=\"og:site_name\" content=\"Legit Grams\" \/>\n<meta property=\"article:modified_time\" content=\"2025-01-14T05:15:59+00:00\" \/>\n<meta property=\"og:image\" content=\"https:\/\/legitgrams.com\/wp-content\/uploads\/2024\/09\/Buy-Greasy-Pink-Bubba-Budder.jpg\" \/>\n\t<meta property=\"og:image:width\" content=\"600\" \/>\n\t<meta property=\"og:image:height\" content=\"600\" \/>\n\t<meta property=\"og:image:type\" content=\"image\/jpeg\" \/>\n<meta name=\"twitter:card\" content=\"summary_large_image\" \/>\n<meta name=\"twitter:label1\" content=\"Becs\u00fclt olvas\u00e1si id\u0151\" \/>\n\t<meta name=\"twitter:data1\" content=\"2 perc\" \/>\n<script type=\"application\/ld+json\" class=\"yoast-schema-graph\">{\"@context\":\"https:\/\/schema.org\",\"@graph\":[{\"@type\":\"WebPage\",\"@id\":\"https:\/\/legitgrams.com\/product\/greasy-pink-bubba-budder-top-shelf\/\",\"url\":\"https:\/\/legitgrams.com\/product\/greasy-pink-bubba-budder-top-shelf\/\",\"name\":\"Greasy Pink Bubba Budder for Sale - Buy Greasy Pink Bubba\",\"isPartOf\":{\"@id\":\"https:\/\/legitgrams.com\/#website\"},\"primaryImageOfPage\":{\"@id\":\"https:\/\/legitgrams.com\/product\/greasy-pink-bubba-budder-top-shelf\/#primaryimage\"},\"image\":{\"@id\":\"https:\/\/legitgrams.com\/product\/greasy-pink-bubba-budder-top-shelf\/#primaryimage\"},\"thumbnailUrl\":\"https:\/\/legitgrams.com\/wp-content\/uploads\/2024\/09\/Buy-Greasy-Pink-Bubba-Budder.jpg\",\"datePublished\":\"2024-09-22T05:57:36+00:00\",\"dateModified\":\"2025-01-14T05:15:59+00:00\",\"description\":\"Your requirement to buy Greasy Pink Bubba Budder can be fulfilled at our online Legitgrams store as we are having Greasy Pink Bubba Budder for sale here. Place your order and get affordable deals every day.\",\"breadcrumb\":{\"@id\":\"https:\/\/legitgrams.com\/product\/greasy-pink-bubba-budder-top-shelf\/#breadcrumb\"},\"inLanguage\":\"hu\",\"potentialAction\":[{\"@type\":\"ReadAction\",\"target\":[\"https:\/\/legitgrams.com\/product\/greasy-pink-bubba-budder-top-shelf\/\"]}]},{\"@type\":\"ImageObject\",\"inLanguage\":\"hu\",\"@id\":\"https:\/\/legitgrams.com\/product\/greasy-pink-bubba-budder-top-shelf\/#primaryimage\",\"url\":\"https:\/\/legitgrams.com\/wp-content\/uploads\/2024\/09\/Buy-Greasy-Pink-Bubba-Budder.jpg\",\"contentUrl\":\"https:\/\/legitgrams.com\/wp-content\/uploads\/2024\/09\/Buy-Greasy-Pink-Bubba-Budder.jpg\",\"width\":600,\"height\":600,\"caption\":\"Greasy Pink Bubba Budder for Sale\"},{\"@type\":\"BreadcrumbList\",\"@id\":\"https:\/\/legitgrams.com\/product\/greasy-pink-bubba-budder-top-shelf\/#breadcrumb\",\"itemListElement\":[{\"@type\":\"ListItem\",\"position\":1,\"name\":\"Home\",\"item\":\"https:\/\/legitgrams.com\/\"},{\"@type\":\"ListItem\",\"position\":2,\"name\":\"Shop\",\"item\":\"https:\/\/legitgrams.com\/shop\/\"},{\"@type\":\"ListItem\",\"position\":3,\"name\":\"Greasy Pink Bubba Budder \u2013 Top Shelf\"}]},{\"@type\":\"WebSite\",\"@id\":\"https:\/\/legitgrams.com\/#website\",\"url\":\"https:\/\/legitgrams.com\/\",\"name\":\"Legit Grams\",\"description\":\"My WordPress Blog\",\"publisher\":{\"@id\":\"https:\/\/legitgrams.com\/#organization\"},\"potentialAction\":[{\"@type\":\"SearchAction\",\"target\":{\"@type\":\"EntryPoint\",\"urlTemplate\":\"https:\/\/legitgrams.com\/?s={search_term_string}\"},\"query-input\":{\"@type\":\"PropertyValueSpecification\",\"valueRequired\":true,\"valueName\":\"search_term_string\"}}],\"inLanguage\":\"hu\"},{\"@type\":\"Organization\",\"@id\":\"https:\/\/legitgrams.com\/#organization\",\"name\":\"Legit Grams\",\"url\":\"https:\/\/legitgrams.com\/\",\"logo\":{\"@type\":\"ImageObject\",\"inLanguage\":\"hu\",\"@id\":\"https:\/\/legitgrams.com\/#\/schema\/logo\/image\/\",\"url\":\"https:\/\/legitgrams.com\/wp-content\/uploads\/2024\/09\/main-logo.png\",\"contentUrl\":\"https:\/\/legitgrams.com\/wp-content\/uploads\/2024\/09\/main-logo.png\",\"width\":270,\"height\":75,\"caption\":\"Legit Grams\"},\"image\":{\"@id\":\"https:\/\/legitgrams.com\/#\/schema\/logo\/image\/\"}}]}<\/script>\n<!-- \/ Yoast SEO plugin. -->","yoast_head_json":{"title":"Sextacy por elad\u00f3 - Sextacy por online v\u00e1s\u00e1rl\u00e1sa | LG","description":"A Greasy Pink Bubba Budder megv\u00e1s\u00e1rl\u00e1s\u00e1ra vonatkoz\u00f3 ig\u00e9nye teljes\u00edthet\u0151 a mi online Legitgrams \u00e1ruh\u00e1zunkban, mivel a Greasy Pink Bubba Budder itt kaphat\u00f3. Adja le rendel\u00e9s\u00e9t, \u00e9s minden nap megfizethet\u0151 aj\u00e1nlatokat kap.","robots":{"index":"index","follow":"follow","max-snippet":"max-snippet:-1","max-image-preview":"max-image-preview:large","max-video-preview":"max-video-preview:-1"},"canonical":"https:\/\/legitgrams.com\/hu\/termek\/zsiros-rozsaszin-bubba-budder-top-polc\/","og_locale":"hu_HU","og_type":"article","og_title":"Greasy Pink Bubba Budder for Sale - Buy Greasy Pink Bubba","og_description":"Your requirement to buy Greasy Pink Bubba Budder can be fulfilled at our online Legitgrams store as we are having Greasy Pink Bubba Budder for sale here. Place your order and get affordable deals every day.","og_url":"https:\/\/legitgrams.com\/hu\/termek\/zsiros-rozsaszin-bubba-budder-top-polc\/","og_site_name":"Legit Grams","article_modified_time":"2025-01-14T05:15:59+00:00","og_image":[{"width":600,"height":600,"url":"https:\/\/legitgrams.com\/wp-content\/uploads\/2024\/09\/Buy-Greasy-Pink-Bubba-Budder.jpg","type":"image\/jpeg"}],"twitter_card":"summary_large_image","twitter_misc":{"Becs\u00fclt olvas\u00e1si id\u0151":"2 perc"},"schema":{"@context":"https:\/\/schema.org","@graph":[{"@type":"WebPage","@id":"https:\/\/legitgrams.com\/product\/greasy-pink-bubba-budder-top-shelf\/","url":"https:\/\/legitgrams.com\/product\/greasy-pink-bubba-budder-top-shelf\/","name":"Sextacy por elad\u00f3 - Sextacy por online v\u00e1s\u00e1rl\u00e1sa | LG","isPartOf":{"@id":"https:\/\/legitgrams.com\/#website"},"primaryImageOfPage":{"@id":"https:\/\/legitgrams.com\/product\/greasy-pink-bubba-budder-top-shelf\/#primaryimage"},"image":{"@id":"https:\/\/legitgrams.com\/product\/greasy-pink-bubba-budder-top-shelf\/#primaryimage"},"thumbnailUrl":"https:\/\/legitgrams.com\/wp-content\/uploads\/2024\/09\/Buy-Greasy-Pink-Bubba-Budder.jpg","datePublished":"2024-09-22T05:57:36+00:00","dateModified":"2025-01-14T05:15:59+00:00","description":"A Greasy Pink Bubba Budder megv\u00e1s\u00e1rl\u00e1s\u00e1ra vonatkoz\u00f3 ig\u00e9nye teljes\u00edthet\u0151 a mi online Legitgrams \u00e1ruh\u00e1zunkban, mivel a Greasy Pink Bubba Budder itt kaphat\u00f3. Adja le rendel\u00e9s\u00e9t, \u00e9s minden nap megfizethet\u0151 aj\u00e1nlatokat kap.","breadcrumb":{"@id":"https:\/\/legitgrams.com\/product\/greasy-pink-bubba-budder-top-shelf\/#breadcrumb"},"inLanguage":"hu","potentialAction":[{"@type":"ReadAction","target":["https:\/\/legitgrams.com\/product\/greasy-pink-bubba-budder-top-shelf\/"]}]},{"@type":"ImageObject","inLanguage":"hu","@id":"https:\/\/legitgrams.com\/product\/greasy-pink-bubba-budder-top-shelf\/#primaryimage","url":"https:\/\/legitgrams.com\/wp-content\/uploads\/2024\/09\/Buy-Greasy-Pink-Bubba-Budder.jpg","contentUrl":"https:\/\/legitgrams.com\/wp-content\/uploads\/2024\/09\/Buy-Greasy-Pink-Bubba-Budder.jpg","width":600,"height":600,"caption":"Greasy Pink Bubba Budder for Sale"},{"@type":"BreadcrumbList","@id":"https:\/\/legitgrams.com\/product\/greasy-pink-bubba-budder-top-shelf\/#breadcrumb","itemListElement":[{"@type":"ListItem","position":1,"name":"Home","item":"https:\/\/legitgrams.com\/"},{"@type":"ListItem","position":2,"name":"Shop","item":"https:\/\/legitgrams.com\/shop\/"},{"@type":"ListItem","position":3,"name":"Greasy Pink Bubba Budder \u2013 Top Shelf"}]},{"@type":"WebSite","@id":"https:\/\/legitgrams.com\/#website","url":"https:\/\/legitgrams.com\/","name":"Legit Grams","description":"Az \u00e9n WordPress blogom","publisher":{"@id":"https:\/\/legitgrams.com\/#organization"},"potentialAction":[{"@type":"SearchAction","target":{"@type":"EntryPoint","urlTemplate":"https:\/\/legitgrams.com\/?s={search_term_string}"},"query-input":{"@type":"PropertyValueSpecification","valueRequired":true,"valueName":"search_term_string"}}],"inLanguage":"hu"},{"@type":"Organization","@id":"https:\/\/legitgrams.com\/#organization","name":"Legit Grams","url":"https:\/\/legitgrams.com\/","logo":{"@type":"ImageObject","inLanguage":"hu","@id":"https:\/\/legitgrams.com\/#\/schema\/logo\/image\/","url":"https:\/\/legitgrams.com\/wp-content\/uploads\/2024\/09\/main-logo.png","contentUrl":"https:\/\/legitgrams.com\/wp-content\/uploads\/2024\/09\/main-logo.png","width":270,"height":75,"caption":"Legit Grams"},"image":{"@id":"https:\/\/legitgrams.com\/#\/schema\/logo\/image\/"}}]}},"uagb_featured_image_src":{"full":["https:\/\/legitgrams.com\/wp-content\/uploads\/2024\/09\/Buy-Greasy-Pink-Bubba-Budder.jpg",600,600,false],"thumbnail":["https:\/\/legitgrams.com\/wp-content\/uploads\/2024\/09\/Buy-Greasy-Pink-Bubba-Budder-150x150.jpg",150,150,true],"medium":["https:\/\/legitgrams.com\/wp-content\/uploads\/2024\/09\/Buy-Greasy-Pink-Bubba-Budder-300x300.jpg",300,300,true],"medium_large":["https:\/\/legitgrams.com\/wp-content\/uploads\/2024\/09\/Buy-Greasy-Pink-Bubba-Budder.jpg",600,600,false],"large":["https:\/\/legitgrams.com\/wp-content\/uploads\/2024\/09\/Buy-Greasy-Pink-Bubba-Budder.jpg",600,600,false],"1536x1536":["https:\/\/legitgrams.com\/wp-content\/uploads\/2024\/09\/Buy-Greasy-Pink-Bubba-Budder.jpg",600,600,false],"2048x2048":["https:\/\/legitgrams.com\/wp-content\/uploads\/2024\/09\/Buy-Greasy-Pink-Bubba-Budder.jpg",600,600,false],"trp-custom-language-flag":["https:\/\/legitgrams.com\/wp-content\/uploads\/2024\/09\/Buy-Greasy-Pink-Bubba-Budder-12x12.jpg",12,12,true],"woocommerce_thumbnail":["https:\/\/legitgrams.com\/wp-content\/uploads\/2024\/09\/Buy-Greasy-Pink-Bubba-Budder-300x300.jpg",300,300,true],"woocommerce_single":["https:\/\/legitgrams.com\/wp-content\/uploads\/2024\/09\/Buy-Greasy-Pink-Bubba-Budder.jpg",600,600,false],"woocommerce_gallery_thumbnail":["https:\/\/legitgrams.com\/wp-content\/uploads\/2024\/09\/Buy-Greasy-Pink-Bubba-Budder-100x100.jpg",100,100,true]},"uagb_author_info":{"display_name":"cokeblog18","author_link":"https:\/\/legitgrams.com\/hu\/author\/"},"uagb_comment_info":0,"uagb_excerpt":"Purchase Greasy Pink Bubba Budder Online at Top Shelf. Get a Greasy Pink Bubba Budder from the Top Shelf. Pink Kush and Bubba Kush strains were crossed to generate &#8220;Grievous&#8221; Pink Bubba, a hybrid that is mostly indica. &#8220;Greasy&#8221; Probably best used in the evening, Pink Bubba is a potent bodily relaxant that melts away&hellip;","_links":{"self":[{"href":"https:\/\/legitgrams.com\/hu\/wp-json\/wp\/v2\/product\/4199","targetHints":{"allow":["GET"]}}],"collection":[{"href":"https:\/\/legitgrams.com\/hu\/wp-json\/wp\/v2\/product"}],"about":[{"href":"https:\/\/legitgrams.com\/hu\/wp-json\/wp\/v2\/types\/product"}],"replies":[{"embeddable":true,"href":"https:\/\/legitgrams.com\/hu\/wp-json\/wp\/v2\/comments?post=4199"}],"wp:featuredmedia":[{"embeddable":true,"href":"https:\/\/legitgrams.com\/hu\/wp-json\/wp\/v2\/media\/5389"}],"wp:attachment":[{"href":"https:\/\/legitgrams.com\/hu\/wp-json\/wp\/v2\/media?parent=4199"}],"wp:term":[{"taxonomy":"product_brand","embeddable":true,"href":"https:\/\/legitgrams.com\/hu\/wp-json\/wp\/v2\/product_brand?post=4199"},{"taxonomy":"product_cat","embeddable":true,"href":"https:\/\/legitgrams.com\/hu\/wp-json\/wp\/v2\/product_cat?post=4199"},{"taxonomy":"product_tag","embeddable":true,"href":"https:\/\/legitgrams.com\/hu\/wp-json\/wp\/v2\/product_tag?post=4199"}],"curies":[{"name":"wp","href":"https:\/\/api.w.org\/{rel}","templated":true}]}}