{"id":4200,"date":"2024-09-22T05:48:26","date_gmt":"2024-09-22T05:48:26","guid":{"rendered":"https:\/\/legitgrams.com\/?post_type=product&#038;p=4200"},"modified":"2025-01-14T10:47:35","modified_gmt":"2025-01-14T10:47:35","slug":"psilocybe-cyanescens","status":"publish","type":"product","link":"https:\/\/legitgrams.com\/hu\/termek\/psilocybe-cyanescens\/","title":{"rendered":"Psilocybe Cyanescens"},"content":{"rendered":"<h2>V\u00e1s\u00e1roljon online Psilocybe Cyanescens<\/h2>\n<p>A Psilocybe Azurescens gomba, amely a Psilocybe nemzets\u00e9g 180 faj\u00e1nak egyike, sz\u00e1mos k\u00f6rnyezetben vir\u00e1gzik. A Flying Saucers, az Indigo Psilocybe, az Azzies \u00e9s a Blue Angels a Psilocybe Azurscens n\u00e9h\u00e1ny tov\u00e1bbi neve.<\/p>\n<p>A kutat\u00f3k sokat \u00edrtak a felfedez\u00e9sr\u0151l, mi\u00f3ta el\u0151sz\u00f6r 1979-ben megtett\u00e9k. P\u00e9ld\u00e1ul a fajnak az Azurescens nevet adta Paul Stamets 1996-ban megjelent, \u201eA vil\u00e1g pszilocibinjei\u201d c\u00edm\u0171 k\u00f6nyv\u00e9ben. A gomba az\u00fark\u00e9k vagy k\u00e9k sz\u00edn\u00e9t nagyj\u00e1b\u00f3l \u201eAzurescens\u201d-nek ford\u00edtj\u00e1k.<\/p>\n<p>A gomba 1,8% psilocybint, 0,5% psilocint \u00e9s 0,4% baeocystint tartalmaz. Ez a leger\u0151sebb faj a triptaminszint\u00e9zisben. P\u00e9ld\u00e1ul ez a faj h\u00e1romszor olyan er\u0151s, mint a <a href=\"https:\/\/legitgrams.com\/hu\/termek\/psilocybe-cyanescens\/\">Psilocybe Cyanscens<\/a> \u00e9s a Psilocybe Cubensis kombin\u00e1ci\u00f3ja.<\/p>\n<p>Ezt a gomb\u00e1t r\u00e9szletesebben megvizsg\u00e1lva egyedi, szokatlan tulajdons\u00e1gok t\u00e1rulnak fel. A tulajdons\u00e1gok k\u00f6z\u00f6tt a k\u00f6vetkez\u0151k szerepelnek:<\/p>\n<p>Sp\u00f3r\u00e1k: Ez a gomba k\u00e9t k\u00fcl\u00f6nb\u00f6z\u0151 sz\u00edn\u0171 sp\u00f3r\u00e1val rendelkezik: s\u00f6t\u00e9t lil\u00e1sbarna \u00e9s lila-fekete. Ezek ellipszoid alakjuk miatt k\u00fcl\u00f6nb\u00f6znek m\u00e1s, ugyanabba a nemzets\u00e9gbe tartoz\u00f3 gomb\u00e1kt\u00f3l. <a href=\"https:\/\/legitgrams.com\/hu\/\">LegitGrams<\/a><\/p>\n<p>Pileus: A gombafejek k\u00fapos vagy dombor\u00fa alakj\u00e1t nevezz\u00fck piloseusnak. A gomb\u00e1k fiatal korukban barna vagy karamell\u00e1s \u00e1rnyalatot kapnak. A m\u00e9ly s\u00f6t\u00e9t ter\u00fclet a hely\u00e9n azonban vil\u00e1gos szalmasz\u00edn\u0171v\u00e9 v\u00e1lik, am\u00edg teljesen ki nem sz\u00e1rad, ahogy a gomba kezd kifakulni.<\/p>\n<p>Stipe: A gomba sz\u00e1ra, amely \u00edvelt megjelen\u00e9s\u0171 \u00e9s a t\u00f6v\u00e9n\u00e9l megvastagodik. Selymesen feh\u00e9r megjelen\u00e9s\u0171, de a magas koncentr\u00e1ci\u00f3j\u00fa indol miatt a t\u00fcske v\u00e9g\u00fcl k\u00e9k-indig\u00f3k\u00e9kre sz\u00ednez\u0151dik.<\/p>\n<p>Lamella: Ezeket a k\u00e9tszintes szerkezeteket a gomba kopolty\u00fainak is nevezik. A lamella friss \u00e1llapotban karamell- vagy gesztenyebarna sz\u00ednt kap.<\/p>\n<h3>A Psilocybe Azurescens var\u00e1zsgomba le\u00edr\u00e1sa<\/h3>\n<p>Amint azt kor\u00e1bban t\u00e1rgyaltuk, a Psilocybe Azeruscens a 180 fajb\u00f3l \u00e1ll\u00f3 Psilocybe nemzets\u00e9ghez tartozik. A k\u00fcl\u00f6nb\u00f6z\u0151 fajok elt\u00e9r\u0151 p\u00e1ratartalm\u00fa k\u00f6rnyezetben fejl\u0151dnek. Ez a konkr\u00e9t faj p\u00e9ld\u00e1ul j\u00f3l fejl\u0151dik a szabadban.<\/p>\n<p>A gomba teljes hat\u00e1sainak kiakn\u00e1z\u00e1s\u00e1hoz pszilocibin, baeocisztin \u00e9s pszilocin biok\u00e9miai anyagokra van sz\u00fcks\u00e9g, amelyek rendk\u00edv\u00fcl er\u0151sek. Ezen a nemzets\u00e9gen bel\u00fcl k\u00e9t m\u00e1sik \u00e9rt\u00e9kes faj is tal\u00e1lhat\u00f3: Psilocybe Cubensis \u00e9s <a href=\"https:\/\/en.wikipedia.org\/wiki\/Psilocybe_cyanescens\">Psilocybe Cyanescens<\/a>. Ez a gomba nagyon kedvelt az Egyes\u00fclt \u00c1llamok csendes-\u00f3ce\u00e1ni \u00e9szaknyugati r\u00e9sz\u00e9n.<\/p>\n<p>Ennek a gomb\u00e1nak a t\u00f6rt\u00e9net\u00e9t 1979-ig k\u00f6vethetj\u00fck vissza, amikor az oregoni cserk\u00e9szek felfedezt\u00e9k. R\u00e1j\u00f6ttek, hogy ezek a gomb\u00e1k pszichotr\u00f3p hat\u00e1s\u00faak, miut\u00e1n k\u00f6zelebbr\u0151l megn\u00e9zt\u00e9k \u0151ket. Paul Stamets k\u00e9s\u0151bb, 1996-ban nevezte el Psilocybe Azurescensnek. Stamets cikke szerint a t\u00fcske k\u00e9k \u00e1rnyalata volt az Azurescens t\u00e9m\u00e1ja. Egyesek azt \u00e1ll\u00edtj\u00e1k, hogy a nevet a fia ihlette, akinek hasonl\u00f3 neve volt.<\/p>\n<h3>A Psilocybe Azurescens gomb\u00e1k hat\u00e1sai<\/h3>\n<p>Az azerolactusban b\u0151s\u00e9gesen tal\u00e1lhat\u00f3k pszichoakt\u00edv anyagok, mint a pszilocibin, a baeocisztin \u00e9s a pszilocin. Ennek a Psilocybe-fajnak a k\u00e9miai \u00f6sszetev\u0151i adj\u00e1k a gomba hallucinog\u00e9n tulajdons\u00e1gait. A v\u00e9gtagzsibbad\u00e1s a pszichedelikus hat\u00e1sok egyik jellemz\u0151je. Mindazon\u00e1ltal a m\u00e1mor \u00e9s a hallucin\u00e1ci\u00f3k fel\u00fclm\u00falj\u00e1k ezt a hat\u00e1st. A gombafogyaszt\u00e1s hat\u00e1s\u00e1ra hajlamosabbnak \u00e9rezheti mag\u00e1t az emberekkel val\u00f3 interakci\u00f3ra \u00e9s a k\u00fcl\u00f6nb\u00f6z\u0151 tev\u00e9kenys\u00e9gekben val\u00f3 r\u00e9szv\u00e9telre.<\/p>\n<h3>Inform\u00e1ci\u00f3k a Psilocybe Azurscens Magic Shroom n\u00f6veked\u00e9s\u00e9r\u0151l<\/h3>\n<p>A rengeteg lignikus anyag miatt a P. Azurscens k\u00f6nnyebben megtal\u00e1lhat\u00f3 a v\u00edzpartokon, mint m\u00e1s helyeken. A partok ment\u00e9n d\u0171nef\u0171 is n\u0151, amely sz\u0151nyeget k\u00e9pez, amely t\u00e1mogatja a gyenge gomb\u00e1kat.<\/p>\n<p>Az Azurscens a nagyon alacsony h\u0151m\u00e9rs\u00e9kletet is elviseli, ami seg\u00edt neki a zord t\u00e9llel s\u00fajtott ter\u00fcleteken is boldogulni. Ezenk\u00edv\u00fcl a gomb\u00e1k a kiss\u00e9 nedves lombhullat\u00f3 f\u00e1kon is j\u00f3l meg\u00e9lnek. Ezt a fajt gyakran megfigyelhetj\u00fck szederf\u00e1k k\u00f6z\u00f6tt \u00e9s s\u0171r\u0171ben n\u0151ni.<\/p>\n<h3>A Psilocybe Azurscens gomba gy\u00f3gy\u00e1szati felhaszn\u00e1l\u00e1sa<\/h3>\n<p>Ennek a gomb\u00e1nak a magas pszilocibin-koncentr\u00e1ci\u00f3ja sz\u00e1mos ter\u00e1pi\u00e1s el\u0151nnyel j\u00e1r. A magas fej hat\u00e1sa seg\u00edthet a szorong\u00e1sos zavarok kezel\u00e9s\u00e9ben. A k\u00e9miai \u00f6sszetev\u0151 a depresszi\u00f3, a szorong\u00e1s, a figyelemhi\u00e1nyos hiperaktivit\u00e1s-zavar (ADHD) \u00e9s a k\u00e9nyszerbetegs\u00e9g (OCD) kezel\u00e9s\u00e9ben is seg\u00edt.<\/p>\n<h3>Mag\u00e1nszem\u00e9lyek<\/h3>\n<p>Az alkoholizmus \u00e9s a doh\u00e1nyz\u00e1sf\u00fcgg\u0151s\u00e9ggel k\u00fczd\u0151 egy\u00e9neknek is el\u0151ny\u00f6s lehet a gomb\u00e1k haszn\u00e1lata, mint a betegs\u00e9g\u00fck kezel\u00e9s\u00e9re szolg\u00e1l\u00f3 kezel\u00e9si forma. A pszilocibin cs\u00f6kkenti a s\u00f3v\u00e1rg\u00e1st, ami a tanulm\u00e1nyok szerint nagyszer\u0171 m\u00f3dszer a f\u00fcgg\u0151s\u00e9g kezel\u00e9s\u00e9re. A P. Azurscens-t az orvosok a besz\u00e9dhib\u00e1s betegeknek aj\u00e1nlj\u00e1k, mivel n\u00f6veli a szoci\u00e1lis \u00f6nbizalmat.<\/p>\n<h3>A Psilocybe Azurscens var\u00e1zsgomb\u00e1k mell\u00e9khat\u00e1sai<\/h3>\n<p>A P. Azurscens var\u00e1zsgomb\u00e1nak val\u00f3 kitetts\u00e9g sz\u00e1mos k\u00e1ros hat\u00e1st eredm\u00e9nyezhet. Ezek k\u00f6z\u00fcl n\u00e9h\u00e1ny hal\u00e1los lehet, b\u00e1r a t\u00f6bbs\u00e9g csak r\u00f6vid ideig tart. A leggyakoribb k\u00e1ros hat\u00e1sok a gyomorpanaszok, h\u00e1ny\u00e1si rohamok \u00e9s p\u00e1nikrohamok. S\u00falyos helyzetekben az emelkedett v\u00e9rnyom\u00e1s \u00e9s pulzussz\u00e1m sz\u00edvrohamot okozhat.<\/p>\n<h3>\u00d6sszefoglalva<\/h3>\n<p>Az azurscens hamarosan az els\u0151 helyre ker\u00fclhet, ha a rekre\u00e1ci\u00f3s \u00e9s ter\u00e1pi\u00e1s el\u0151ny\u00f6kr\u0151l van sz\u00f3. Alkalmazkod\u00f3k\u00e9pess\u00e9g\u00fck alacsony n\u00f6veked\u00e9si ig\u00e9nyeik miatt t\u00f6k\u00e9letesek mind a tapasztalt, mind a tapasztalatlan termeszt\u0151k sz\u00e1m\u00e1ra.<\/p>\n<p>\u0150k a legjobb v\u00e1laszt\u00e1s, ha seg\u00edts\u00e9gre van sz\u00fcks\u00e9ge a k\u00fcl\u00f6nb\u00f6z\u0151 ment\u00e1lis \u00e1llapotok kezel\u00e9s\u00e9ben \u00e9s a f\u00fcgg\u0151s\u00e9g lek\u00fczd\u00e9s\u00e9ben. Ahelyett, hogy k\u00e1b\u00edt\u00f3szereket haszn\u00e1lna, hogy elsz\u00e1lljon, v\u00e1lasszon egy egyszer\u0171, m\u00e9gis hat\u00e9kony megold\u00e1st. Mik\u00f6zben \u00e9lvezed ennek a gomb\u00e1nak az el\u0151nyeit, l\u00e9gy tekintettel a velej\u00e1r\u00f3 mell\u00e9khat\u00e1sokra.<\/p>\n<p>Psilocybe Cyanescens: Online v\u00e1s\u00e1rl\u00e1s<\/p>\n<p>Elad\u00f3: Psilocybe Cyanescens<\/p>","protected":false},"excerpt":{"rendered":"<p>Purchase Online Psilocybe Cyanescens The Psilocybe Azurescens mushroom, one of the 180 species in the Psilocybe genus, thrives in a range of environments. Flying Saucers, Indigo Psilocybe, Azzies, and Blue Angels are some other names for Psilocybe Azurscens. Researchers have written a great deal about the discovery since it was first made in 1979. For &hellip;<\/p>\n<p class=\"read-more\"> <a class=\"\" href=\"https:\/\/legitgrams.com\/hu\/termek\/psilocybe-cyanescens\/\"> <span class=\"screen-reader-text\">Psilocybe Cyanescens<\/span> Olvass tov\u00e1bb \"<\/a><\/p>","protected":false},"featured_media":5245,"comment_status":"open","ping_status":"closed","template":"","meta":{"_uag_custom_page_level_css":"","site-sidebar-layout":"default","site-content-layout":"default","ast-global-header-display":"","ast-main-header-display":"","ast-hfb-above-header-display":"","ast-hfb-below-header-display":"","ast-hfb-mobile-header-display":"","site-post-title":"","ast-breadcrumbs-content":"","ast-featured-img":"","footer-sml-layout":"","theme-transparent-header-meta":"default","adv-header-id-meta":"","stick-header-meta":"default","header-above-stick-meta":"","header-main-stick-meta":"","header-below-stick-meta":"","_joinchat":[]},"product_brand":[],"product_cat":[599],"product_tag":[2118,2108,617,2100,2115,2112,2107,2105,2099,2102,2110,2101,2103,2113,2120,2121,2119,2111,2116,2117,2114,625,2106,2109,2104],"class_list":{"0":"post-4200","1":"product","2":"type-product","3":"status-publish","4":"has-post-thumbnail","6":"product_cat-psilocybin-or-magic-mushrooms","7":"product_tag-best-cheap-price-psilocybe-cyanescens","8":"product_tag-best-place-to-buy-psilocybe-cyanescens","9":"product_tag-bulk-online","10":"product_tag-buy-psilocybe-cyanescens","11":"product_tag-cheap-psilocybe-cyanescens","12":"product_tag-high-quality-psilocybe-cyanescens","13":"product_tag-how-to-buy-psilocybe-cyanescens","14":"product_tag-order-psilocybe-cyanescens","15":"product_tag-psilocybe-cyanescens","16":"product_tag-psilocybe-cyanescens-for-sale","17":"product_tag-psilocybe-cyanescens-legally","18":"product_tag-psilocybe-cyanescens-online","19":"product_tag-psilocybe-cyanescens-psilocybe-cyanescens-supplier","20":"product_tag-psilocybe-cyanescens-store","21":"product_tag-psilocybe-cyanescens-use","22":"product_tag-psilocybe-cyanescens-wiki","23":"product_tag-psilocybe-cyanescens-worldwide","24":"product_tag-psilocybe-cyanescensprice","25":"product_tag-psilocybe-cyanescenss","26":"product_tag-purcharse-psilocybe-cyanescens","27":"product_tag-shop-psilocybe-cyanescens","28":"product_tag-top-quality","29":"product_tag-where-to-buy-psilocybe-cyanescens","30":"product_tag-where-to-order-psilocybe-cyanescens","31":"product_tag-wholesale-psilocybe-cyanescens","32":"desktop-align-left","33":"tablet-align-left","34":"mobile-align-left","35":"ast-product-gallery-layout-horizontal","36":"ast-product-gallery-with-no-image","37":"ast-product-single-variable","38":"ast-product-tabs-layout-horizontal","39":"ast-qv-on-image","41":"first","42":"instock","43":"shipping-taxable","44":"purchasable","45":"product-type-variable"},"yoast_head":"<!-- This site is optimized with the Yoast SEO plugin v25.9 - https:\/\/yoast.com\/wordpress\/plugins\/seo\/ -->\n<title>Psilocybe Cyanescens for Sale - Buy Psilocybe Cyanescens Online<\/title>\n<meta name=\"description\" content=\"If you want to buy psilocybe cyanescens online and looking for a reliable online store, then buy here. We offer only high-quality psilocybe cyanescens for sale at an affordable price. Order Psilocybe Cyanescens Now!\" \/>\n<meta name=\"robots\" content=\"index, follow, max-snippet:-1, max-image-preview:large, max-video-preview:-1\" \/>\n<link rel=\"canonical\" href=\"https:\/\/legitgrams.com\/hu\/termek\/psilocybe-cyanescens\/\" \/>\n<meta property=\"og:locale\" content=\"hu_HU\" \/>\n<meta property=\"og:type\" content=\"article\" \/>\n<meta property=\"og:title\" content=\"Psilocybe Cyanescens for Sale - Buy Psilocybe Cyanescens Online\" \/>\n<meta property=\"og:description\" content=\"If you want to buy psilocybe cyanescens online and looking for a reliable online store, then buy here. We offer only high-quality psilocybe cyanescens for sale at an affordable price. Order Psilocybe Cyanescens Now!\" \/>\n<meta property=\"og:url\" content=\"https:\/\/legitgrams.com\/hu\/termek\/psilocybe-cyanescens\/\" \/>\n<meta property=\"og:site_name\" content=\"Legit Grams\" \/>\n<meta property=\"article:modified_time\" content=\"2025-01-14T10:47:35+00:00\" \/>\n<meta property=\"og:image\" content=\"https:\/\/legitgrams.com\/wp-content\/uploads\/2024\/09\/psilocybe-cyanescenshome.jpg\" \/>\n\t<meta property=\"og:image:width\" content=\"430\" \/>\n\t<meta property=\"og:image:height\" content=\"430\" \/>\n\t<meta property=\"og:image:type\" content=\"image\/jpeg\" \/>\n<meta name=\"twitter:card\" content=\"summary_large_image\" \/>\n<meta name=\"twitter:label1\" content=\"Becs\u00fclt olvas\u00e1si id\u0151\" \/>\n\t<meta name=\"twitter:data1\" content=\"4 perc\" \/>\n<script type=\"application\/ld+json\" class=\"yoast-schema-graph\">{\"@context\":\"https:\/\/schema.org\",\"@graph\":[{\"@type\":\"WebPage\",\"@id\":\"https:\/\/legitgrams.com\/product\/psilocybe-cyanescens\/\",\"url\":\"https:\/\/legitgrams.com\/product\/psilocybe-cyanescens\/\",\"name\":\"Psilocybe Cyanescens for Sale - Buy Psilocybe Cyanescens Online\",\"isPartOf\":{\"@id\":\"https:\/\/legitgrams.com\/#website\"},\"primaryImageOfPage\":{\"@id\":\"https:\/\/legitgrams.com\/product\/psilocybe-cyanescens\/#primaryimage\"},\"image\":{\"@id\":\"https:\/\/legitgrams.com\/product\/psilocybe-cyanescens\/#primaryimage\"},\"thumbnailUrl\":\"https:\/\/legitgrams.com\/wp-content\/uploads\/2024\/09\/psilocybe-cyanescenshome.jpg\",\"datePublished\":\"2024-09-22T05:48:26+00:00\",\"dateModified\":\"2025-01-14T10:47:35+00:00\",\"description\":\"If you want to buy psilocybe cyanescens online and looking for a reliable online store, then buy here. We offer only high-quality psilocybe cyanescens for sale at an affordable price. Order Psilocybe Cyanescens Now!\",\"breadcrumb\":{\"@id\":\"https:\/\/legitgrams.com\/product\/psilocybe-cyanescens\/#breadcrumb\"},\"inLanguage\":\"hu\",\"potentialAction\":[{\"@type\":\"ReadAction\",\"target\":[\"https:\/\/legitgrams.com\/product\/psilocybe-cyanescens\/\"]}]},{\"@type\":\"ImageObject\",\"inLanguage\":\"hu\",\"@id\":\"https:\/\/legitgrams.com\/product\/psilocybe-cyanescens\/#primaryimage\",\"url\":\"https:\/\/legitgrams.com\/wp-content\/uploads\/2024\/09\/psilocybe-cyanescenshome.jpg\",\"contentUrl\":\"https:\/\/legitgrams.com\/wp-content\/uploads\/2024\/09\/psilocybe-cyanescenshome.jpg\",\"width\":430,\"height\":430,\"caption\":\"Psilocybe Cyanescens for Sale\"},{\"@type\":\"BreadcrumbList\",\"@id\":\"https:\/\/legitgrams.com\/product\/psilocybe-cyanescens\/#breadcrumb\",\"itemListElement\":[{\"@type\":\"ListItem\",\"position\":1,\"name\":\"Home\",\"item\":\"https:\/\/legitgrams.com\/\"},{\"@type\":\"ListItem\",\"position\":2,\"name\":\"Shop\",\"item\":\"https:\/\/legitgrams.com\/shop\/\"},{\"@type\":\"ListItem\",\"position\":3,\"name\":\"Psilocybe Cyanescens\"}]},{\"@type\":\"WebSite\",\"@id\":\"https:\/\/legitgrams.com\/#website\",\"url\":\"https:\/\/legitgrams.com\/\",\"name\":\"Legit Grams\",\"description\":\"My WordPress Blog\",\"publisher\":{\"@id\":\"https:\/\/legitgrams.com\/#organization\"},\"potentialAction\":[{\"@type\":\"SearchAction\",\"target\":{\"@type\":\"EntryPoint\",\"urlTemplate\":\"https:\/\/legitgrams.com\/?s={search_term_string}\"},\"query-input\":{\"@type\":\"PropertyValueSpecification\",\"valueRequired\":true,\"valueName\":\"search_term_string\"}}],\"inLanguage\":\"hu\"},{\"@type\":\"Organization\",\"@id\":\"https:\/\/legitgrams.com\/#organization\",\"name\":\"Legit Grams\",\"url\":\"https:\/\/legitgrams.com\/\",\"logo\":{\"@type\":\"ImageObject\",\"inLanguage\":\"hu\",\"@id\":\"https:\/\/legitgrams.com\/#\/schema\/logo\/image\/\",\"url\":\"https:\/\/legitgrams.com\/wp-content\/uploads\/2024\/09\/main-logo.png\",\"contentUrl\":\"https:\/\/legitgrams.com\/wp-content\/uploads\/2024\/09\/main-logo.png\",\"width\":270,\"height\":75,\"caption\":\"Legit Grams\"},\"image\":{\"@id\":\"https:\/\/legitgrams.com\/#\/schema\/logo\/image\/\"}}]}<\/script>\n<!-- \/ Yoast SEO plugin. -->","yoast_head_json":{"title":"Psilocybe Cyanescens elad\u00f3 - Psilocybe Cyanescens online v\u00e1s\u00e1rl\u00e1sa","description":"Ha szeretne v\u00e1s\u00e1rolni psilocybe cyanescens online \u00e9s keres egy megb\u00edzhat\u00f3 online \u00e1ruh\u00e1z, akkor v\u00e1s\u00e1roljon itt. Csak kiv\u00e1l\u00f3 min\u0151s\u00e9g\u0171 psilocybe cyanescens elad\u00f3 megfizethet\u0151 \u00e1ron k\u00edn\u00e1lunk. Rendelje meg a Psilocybe cyanescens-t most!","robots":{"index":"index","follow":"follow","max-snippet":"max-snippet:-1","max-image-preview":"max-image-preview:large","max-video-preview":"max-video-preview:-1"},"canonical":"https:\/\/legitgrams.com\/hu\/termek\/psilocybe-cyanescens\/","og_locale":"hu_HU","og_type":"article","og_title":"Psilocybe Cyanescens for Sale - Buy Psilocybe Cyanescens Online","og_description":"If you want to buy psilocybe cyanescens online and looking for a reliable online store, then buy here. We offer only high-quality psilocybe cyanescens for sale at an affordable price. Order Psilocybe Cyanescens Now!","og_url":"https:\/\/legitgrams.com\/hu\/termek\/psilocybe-cyanescens\/","og_site_name":"Legit Grams","article_modified_time":"2025-01-14T10:47:35+00:00","og_image":[{"width":430,"height":430,"url":"https:\/\/legitgrams.com\/wp-content\/uploads\/2024\/09\/psilocybe-cyanescenshome.jpg","type":"image\/jpeg"}],"twitter_card":"summary_large_image","twitter_misc":{"Becs\u00fclt olvas\u00e1si id\u0151":"4 perc"},"schema":{"@context":"https:\/\/schema.org","@graph":[{"@type":"WebPage","@id":"https:\/\/legitgrams.com\/product\/psilocybe-cyanescens\/","url":"https:\/\/legitgrams.com\/product\/psilocybe-cyanescens\/","name":"Psilocybe Cyanescens elad\u00f3 - Psilocybe Cyanescens online v\u00e1s\u00e1rl\u00e1sa","isPartOf":{"@id":"https:\/\/legitgrams.com\/#website"},"primaryImageOfPage":{"@id":"https:\/\/legitgrams.com\/product\/psilocybe-cyanescens\/#primaryimage"},"image":{"@id":"https:\/\/legitgrams.com\/product\/psilocybe-cyanescens\/#primaryimage"},"thumbnailUrl":"https:\/\/legitgrams.com\/wp-content\/uploads\/2024\/09\/psilocybe-cyanescenshome.jpg","datePublished":"2024-09-22T05:48:26+00:00","dateModified":"2025-01-14T10:47:35+00:00","description":"Ha szeretne v\u00e1s\u00e1rolni psilocybe cyanescens online \u00e9s keres egy megb\u00edzhat\u00f3 online \u00e1ruh\u00e1z, akkor v\u00e1s\u00e1roljon itt. Csak kiv\u00e1l\u00f3 min\u0151s\u00e9g\u0171 psilocybe cyanescens elad\u00f3 megfizethet\u0151 \u00e1ron k\u00edn\u00e1lunk. Rendelje meg a Psilocybe cyanescens-t most!","breadcrumb":{"@id":"https:\/\/legitgrams.com\/product\/psilocybe-cyanescens\/#breadcrumb"},"inLanguage":"hu","potentialAction":[{"@type":"ReadAction","target":["https:\/\/legitgrams.com\/product\/psilocybe-cyanescens\/"]}]},{"@type":"ImageObject","inLanguage":"hu","@id":"https:\/\/legitgrams.com\/product\/psilocybe-cyanescens\/#primaryimage","url":"https:\/\/legitgrams.com\/wp-content\/uploads\/2024\/09\/psilocybe-cyanescenshome.jpg","contentUrl":"https:\/\/legitgrams.com\/wp-content\/uploads\/2024\/09\/psilocybe-cyanescenshome.jpg","width":430,"height":430,"caption":"Psilocybe Cyanescens for Sale"},{"@type":"BreadcrumbList","@id":"https:\/\/legitgrams.com\/product\/psilocybe-cyanescens\/#breadcrumb","itemListElement":[{"@type":"ListItem","position":1,"name":"Home","item":"https:\/\/legitgrams.com\/"},{"@type":"ListItem","position":2,"name":"Shop","item":"https:\/\/legitgrams.com\/shop\/"},{"@type":"ListItem","position":3,"name":"Psilocybe Cyanescens"}]},{"@type":"WebSite","@id":"https:\/\/legitgrams.com\/#website","url":"https:\/\/legitgrams.com\/","name":"Legit Grams","description":"Az \u00e9n WordPress blogom","publisher":{"@id":"https:\/\/legitgrams.com\/#organization"},"potentialAction":[{"@type":"SearchAction","target":{"@type":"EntryPoint","urlTemplate":"https:\/\/legitgrams.com\/?s={search_term_string}"},"query-input":{"@type":"PropertyValueSpecification","valueRequired":true,"valueName":"search_term_string"}}],"inLanguage":"hu"},{"@type":"Organization","@id":"https:\/\/legitgrams.com\/#organization","name":"Legit Grams","url":"https:\/\/legitgrams.com\/","logo":{"@type":"ImageObject","inLanguage":"hu","@id":"https:\/\/legitgrams.com\/#\/schema\/logo\/image\/","url":"https:\/\/legitgrams.com\/wp-content\/uploads\/2024\/09\/main-logo.png","contentUrl":"https:\/\/legitgrams.com\/wp-content\/uploads\/2024\/09\/main-logo.png","width":270,"height":75,"caption":"Legit Grams"},"image":{"@id":"https:\/\/legitgrams.com\/#\/schema\/logo\/image\/"}}]}},"uagb_featured_image_src":{"full":["https:\/\/legitgrams.com\/wp-content\/uploads\/2024\/09\/psilocybe-cyanescenshome.jpg",430,430,false],"thumbnail":["https:\/\/legitgrams.com\/wp-content\/uploads\/2024\/09\/psilocybe-cyanescenshome-150x150.jpg",150,150,true],"medium":["https:\/\/legitgrams.com\/wp-content\/uploads\/2024\/09\/psilocybe-cyanescenshome-300x300.jpg",300,300,true],"medium_large":["https:\/\/legitgrams.com\/wp-content\/uploads\/2024\/09\/psilocybe-cyanescenshome.jpg",430,430,false],"large":["https:\/\/legitgrams.com\/wp-content\/uploads\/2024\/09\/psilocybe-cyanescenshome.jpg",430,430,false],"1536x1536":["https:\/\/legitgrams.com\/wp-content\/uploads\/2024\/09\/psilocybe-cyanescenshome.jpg",430,430,false],"2048x2048":["https:\/\/legitgrams.com\/wp-content\/uploads\/2024\/09\/psilocybe-cyanescenshome.jpg",430,430,false],"trp-custom-language-flag":["https:\/\/legitgrams.com\/wp-content\/uploads\/2024\/09\/psilocybe-cyanescenshome-12x12.jpg",12,12,true],"woocommerce_thumbnail":["https:\/\/legitgrams.com\/wp-content\/uploads\/2024\/09\/psilocybe-cyanescenshome-300x300.jpg",300,300,true],"woocommerce_single":["https:\/\/legitgrams.com\/wp-content\/uploads\/2024\/09\/psilocybe-cyanescenshome.jpg",430,430,false],"woocommerce_gallery_thumbnail":["https:\/\/legitgrams.com\/wp-content\/uploads\/2024\/09\/psilocybe-cyanescenshome-100x100.jpg",100,100,true]},"uagb_author_info":{"display_name":"cokeblog18","author_link":"https:\/\/legitgrams.com\/hu\/author\/"},"uagb_comment_info":0,"uagb_excerpt":"Purchase Online Psilocybe Cyanescens The Psilocybe Azurescens mushroom, one of the 180 species in the Psilocybe genus, thrives in a range of environments. Flying Saucers, Indigo Psilocybe, Azzies, and Blue Angels are some other names for Psilocybe Azurscens. Researchers have written a great deal about the discovery since it was first made in 1979. For&hellip;","_links":{"self":[{"href":"https:\/\/legitgrams.com\/hu\/wp-json\/wp\/v2\/product\/4200","targetHints":{"allow":["GET"]}}],"collection":[{"href":"https:\/\/legitgrams.com\/hu\/wp-json\/wp\/v2\/product"}],"about":[{"href":"https:\/\/legitgrams.com\/hu\/wp-json\/wp\/v2\/types\/product"}],"replies":[{"embeddable":true,"href":"https:\/\/legitgrams.com\/hu\/wp-json\/wp\/v2\/comments?post=4200"}],"wp:featuredmedia":[{"embeddable":true,"href":"https:\/\/legitgrams.com\/hu\/wp-json\/wp\/v2\/media\/5245"}],"wp:attachment":[{"href":"https:\/\/legitgrams.com\/hu\/wp-json\/wp\/v2\/media?parent=4200"}],"wp:term":[{"taxonomy":"product_brand","embeddable":true,"href":"https:\/\/legitgrams.com\/hu\/wp-json\/wp\/v2\/product_brand?post=4200"},{"taxonomy":"product_cat","embeddable":true,"href":"https:\/\/legitgrams.com\/hu\/wp-json\/wp\/v2\/product_cat?post=4200"},{"taxonomy":"product_tag","embeddable":true,"href":"https:\/\/legitgrams.com\/hu\/wp-json\/wp\/v2\/product_tag?post=4200"}],"curies":[{"name":"wp","href":"https:\/\/api.w.org\/{rel}","templated":true}]}}