{"id":4206,"date":"2024-09-22T05:21:42","date_gmt":"2024-09-22T05:21:42","guid":{"rendered":"https:\/\/legitgrams.com\/?post_type=product&#038;p=4206"},"modified":"2026-01-31T19:22:53","modified_gmt":"2026-01-31T19:22:53","slug":"fentanil-tablettak","status":"publish","type":"product","link":"https:\/\/legitgrams.com\/hu\/termek\/fentanil-tablettak\/","title":{"rendered":"Fentanil tablett\u00e1k v\u00e1s\u00e1rl\u00e1sa online"},"content":{"rendered":"<h2>V\u00e1s\u00e1roljon fentanil tablett\u00e1kat online.<\/h2>\n<p>A c\u00e9lja <a href=\"https:\/\/legitgrams.com\/hu\/termek\/fentanil-tablettak\/\">fentanil<\/a> a k\u00e9nyelmetlens\u00e9g cs\u00f6kkent\u00e9se.<br \/>\nA <a href=\"https:\/\/www.bing.com\/search?q=Vsroljonfentaniltabletttonline&amp;qs=n&amp;form=QBRE&amp;sp=-1&amp;lq=0&amp;pq=vsroljonfentaniltabletttonline&amp;sc=0-36&amp;sk=&amp;cvid=2446163AB6154CB9804B0312D7743DC2&amp;ghsh=0&amp;ghacc=0&amp;ghpl=\">Fentanyl<\/a> Mechanism:<br \/>\nA fentanil cs\u00f6kkenti a szem\u00e9ly f\u00e1jdalom\u00e9rz\u00e9kel\u00e9si \u00e9s arra val\u00f3 reag\u00e1l\u00e1si k\u00e9pess\u00e9g\u00e9t. <a href=\"https:\/\/legitgrams.com\/hu\/\">LegitGrams<\/a><\/p>\n<h3>Hogyan kell alkalmazni a fentanilt:<\/h3>\n<p>Miel\u0151tt ezt a gy\u00f3gyszert m\u00e1s er\u0151s f\u00e1jdalomcsillap\u00edt\u00f3kkal egy\u00fctt szedn\u00e9, besz\u00e9ljen kezel\u0151orvos\u00e1val. Igyon sok koffeinmentes italt, kiv\u00e9ve, ha orvosa azt tan\u00e1csolja, hogy cs\u00f6kkentse a folyad\u00e9kbevitelt. Vezess napl\u00f3t a f\u00e1jdalmaidr\u00f3l.<\/p>\n<p>V\u00e1s\u00e1rl\u00e1s <a href=\"https:\/\/en.wikipedia.org\/wiki\/Fentanyl\">fentanil<\/a> tablets online: <a href=\"https:\/\/www.google.com\/search?q=Vsroljon+fentanil+tablettt+online&amp;sca_esv=eddefdb7b92e7545&amp;sxsrf=AHTn8zrIbY9yk9b2OK8yLm4Au-PmXKIBog1743706613948&amp;ei=9dnuZ7nMObvx0PEP_tbj-Aw&amp;ved=0ahUKEwj5msSqxbyMAxW7ODQIHX7rGM8Q4dUDCBA&amp;uact=5&amp;oq=Vsroljon+fentanil+tablettt+online&amp;gs_lp=Egxnd3Mtd2l6LXNlcnAiJ1bDoXPDoXJvbGpvbiBmZW50YW5pbCB0YWJsZXR0w6F0IG9ubGluZTIHECEYoAEYCjIHECEYoAEYCjIHECEYoAEYCjIHECEYoAEYCjIHECEYoAEYCjIFECEYqwIyBRAhGKsCSM8EUABYAHAAeAGQAQCYAYADoAGAA6oBAzMtMbgBA8gBAPgBAvgBAZgCAaAChgOYAwCSBwMzLTGgB-EHsgcDMy0xuAeGAw&amp;sclient=gws-wiz-serp\">vegy\u00e9l fentanilt<\/a>, fentanil tablett\u00e1k v\u00e1s\u00e1rl\u00e1sa, fentanil online v\u00e1s\u00e1rl\u00e1sa, hol lehet fentanil tablett\u00e1kat v\u00e1s\u00e1rolni, fentanil elad\u00f3, tablett\u00e1k online v\u00e1s\u00e1rl\u00e1sa, hol lehet fentanil tablett\u00e1kat online v\u00e1s\u00e1rolni, fentanil tablett\u00e1k online v\u00e1s\u00e1rl\u00e1sa, besz\u00e1ll\u00edt\u00f3k, biztons\u00e1gos sz\u00e1ll\u00edt\u00e1s, A fentanil tablett\u00e1k tov\u00e1bbra is el\u00e9rhet\u0151k. Enged\u00e9lyezettek a fentanil tablett\u00e1k az USA-ban, hov\u00e1 lehet <a href=\"https:\/\/duckduckgo.com\/?q=Vsroljon+fentanil+tablettt+online&amp;t=h_&amp;ia=web\">v\u00e1s\u00e1roljon fentanil tablett\u00e1t<\/a>az USA-ban enged\u00e9lyezett tablett\u00e1k, hol lehet fentanil tablett\u00e1t v\u00e1s\u00e1rolni, hogyan lehet megszerezni a fentanil tablett\u00e1kat, \u00e9s hogy enged\u00e9lyezettek-e Kanad\u00e1ban.<\/p>","protected":false},"excerpt":{"rendered":"<p>Purchase fentanyl pills online. The purpose of fentanyl is to reduce discomfort. The Fentanyl Mechanism: Fentanyl reduces a person&#8217;s ability to perceive and respond to pain. LegitGrams How fentanyl should be used: Before taking this medication with other strong painkillers, speak with your doctor. Drink lots of decaffeinated beverages unless your doctor tells you to &hellip;<\/p>\n<p class=\"read-more\"> <a class=\"\" href=\"https:\/\/legitgrams.com\/hu\/termek\/fentanil-tablettak\/\"> <span class=\"screen-reader-text\">Fentanil tablett\u00e1k v\u00e1s\u00e1rl\u00e1sa online<\/span> Olvass tov\u00e1bb \"<\/a><\/p>","protected":false},"featured_media":5210,"comment_status":"open","ping_status":"closed","template":"","meta":{"_uag_custom_page_level_css":"","site-sidebar-layout":"default","site-content-layout":"default","ast-global-header-display":"","ast-main-header-display":"","ast-hfb-above-header-display":"","ast-hfb-below-header-display":"","ast-hfb-mobile-header-display":"","site-post-title":"","ast-breadcrumbs-content":"","ast-featured-img":"","footer-sml-layout":"","theme-transparent-header-meta":"default","adv-header-id-meta":"","stick-header-meta":"default","header-above-stick-meta":"","header-main-stick-meta":"","header-below-stick-meta":"","_joinchat":[]},"product_brand":[],"product_cat":[608,597,609],"product_tag":[2256,2246,617,2238,2253,2237,2241,2240,2248,2239,2251,2258,2259,2257,2249,2254,2250,2245,2243,2255,2252,625,2244,2247,2242],"class_list":{"0":"post-4206","1":"product","2":"type-product","3":"status-publish","4":"has-post-thumbnail","6":"product_cat-pain-pills","7":"product_cat-pain-sleeping-sex-pills","8":"product_cat-sex-pills","9":"product_tag-best-cheap-price-fentanyl-tablets","10":"product_tag-best-place-to-buy-fentanyl-tablets","11":"product_tag-bulk-online","12":"product_tag-buy-fentanyl-tablets","13":"product_tag-cheap-fentanyl-tablets","14":"product_tag-fentanyl-tablets","15":"product_tag-fentanyl-tablets-fentanyl-tablets-supplier","16":"product_tag-fentanyl-tablets-for-sale","17":"product_tag-fentanyl-tablets-legally","18":"product_tag-fentanyl-tablets-online","19":"product_tag-fentanyl-tablets-store","20":"product_tag-fentanyl-tablets-use","21":"product_tag-fentanyl-tablets-wiki","22":"product_tag-fentanyl-tablets-worldwide","23":"product_tag-fentanyl-tabletsprice","24":"product_tag-fentanyl-tabletss","25":"product_tag-high-quality-fentanyl-tablets","26":"product_tag-how-to-buy-fentanyl-tablets","27":"product_tag-order-fentanyl-tablets","28":"product_tag-purcharse-fentanyl-tablets","29":"product_tag-shop-fentanyl-tablets","30":"product_tag-top-quality","31":"product_tag-where-to-buy-fentanyl-tablets","32":"product_tag-where-to-order-fentanyl-tablets","33":"product_tag-wholesale-fentanyl-tablets","34":"desktop-align-left","35":"tablet-align-left","36":"mobile-align-left","37":"ast-product-gallery-layout-horizontal","38":"ast-product-gallery-with-no-image","39":"ast-product-single-variable","40":"ast-product-tabs-layout-horizontal","41":"ast-qv-on-image","43":"first","44":"instock","45":"shipping-taxable","46":"purchasable","47":"product-type-variable"},"yoast_head":"<!-- This site is optimized with the Yoast SEO plugin v25.9 - https:\/\/yoast.com\/wordpress\/plugins\/seo\/ -->\n<title>Fentanyl Tablets for Sale - Order Fentanyl Tablets Online | LG<\/title>\n<meta name=\"description\" content=\"Get Fentanyl Tablets for sale at one of the best online stores Legitgrams. We will help you buy Fentanyl Tablets online of high quality. Don&#039;t delay to place your order and take advantage of the newest discounts!\" \/>\n<meta name=\"robots\" content=\"index, follow, max-snippet:-1, max-image-preview:large, max-video-preview:-1\" \/>\n<link rel=\"canonical\" href=\"https:\/\/legitgrams.com\/hu\/termek\/fentanil-tablettak\/\" \/>\n<meta property=\"og:locale\" content=\"hu_HU\" \/>\n<meta property=\"og:type\" content=\"article\" \/>\n<meta property=\"og:title\" content=\"Fentanyl Tablets for Sale - Order Fentanyl Tablets Online | LG\" \/>\n<meta property=\"og:description\" content=\"Get Fentanyl Tablets for sale at one of the best online stores Legitgrams. We will help you buy Fentanyl Tablets online of high quality. Don&#039;t delay to place your order and take advantage of the newest discounts!\" \/>\n<meta property=\"og:url\" content=\"https:\/\/legitgrams.com\/hu\/termek\/fentanil-tablettak\/\" \/>\n<meta property=\"og:site_name\" content=\"Legit Grams\" \/>\n<meta property=\"article:modified_time\" content=\"2026-01-31T19:22:53+00:00\" \/>\n<meta property=\"og:image\" content=\"https:\/\/legitgrams.com\/wp-content\/uploads\/2024\/09\/buy-fentanyl-tablets-online-1.jpg\" \/>\n\t<meta property=\"og:image:width\" content=\"600\" \/>\n\t<meta property=\"og:image:height\" content=\"600\" \/>\n\t<meta property=\"og:image:type\" content=\"image\/jpeg\" \/>\n<meta name=\"twitter:card\" content=\"summary_large_image\" \/>\n<meta name=\"twitter:label1\" content=\"Becs\u00fclt olvas\u00e1si id\u0151\" \/>\n\t<meta name=\"twitter:data1\" content=\"1 perc\" \/>\n<script type=\"application\/ld+json\" class=\"yoast-schema-graph\">{\"@context\":\"https:\/\/schema.org\",\"@graph\":[{\"@type\":\"WebPage\",\"@id\":\"https:\/\/legitgrams.com\/product\/fentanyl-tablets\/\",\"url\":\"https:\/\/legitgrams.com\/product\/fentanyl-tablets\/\",\"name\":\"Fentanyl Tablets for Sale - Order Fentanyl Tablets Online | LG\",\"isPartOf\":{\"@id\":\"https:\/\/legitgrams.com\/#website\"},\"primaryImageOfPage\":{\"@id\":\"https:\/\/legitgrams.com\/product\/fentanyl-tablets\/#primaryimage\"},\"image\":{\"@id\":\"https:\/\/legitgrams.com\/product\/fentanyl-tablets\/#primaryimage\"},\"thumbnailUrl\":\"https:\/\/legitgrams.com\/wp-content\/uploads\/2024\/09\/buy-fentanyl-tablets-online-1.jpg\",\"datePublished\":\"2024-09-22T05:21:42+00:00\",\"dateModified\":\"2026-01-31T19:22:53+00:00\",\"description\":\"Get Fentanyl Tablets for sale at one of the best online stores Legitgrams. We will help you buy Fentanyl Tablets online of high quality. Don't delay to place your order and take advantage of the newest discounts!\",\"breadcrumb\":{\"@id\":\"https:\/\/legitgrams.com\/product\/fentanyl-tablets\/#breadcrumb\"},\"inLanguage\":\"hu\",\"potentialAction\":[{\"@type\":\"ReadAction\",\"target\":[\"https:\/\/legitgrams.com\/product\/fentanyl-tablets\/\"]}]},{\"@type\":\"ImageObject\",\"inLanguage\":\"hu\",\"@id\":\"https:\/\/legitgrams.com\/product\/fentanyl-tablets\/#primaryimage\",\"url\":\"https:\/\/legitgrams.com\/wp-content\/uploads\/2024\/09\/buy-fentanyl-tablets-online-1.jpg\",\"contentUrl\":\"https:\/\/legitgrams.com\/wp-content\/uploads\/2024\/09\/buy-fentanyl-tablets-online-1.jpg\",\"width\":600,\"height\":600,\"caption\":\"Fentanyl Tablets for Sale\"},{\"@type\":\"BreadcrumbList\",\"@id\":\"https:\/\/legitgrams.com\/product\/fentanyl-tablets\/#breadcrumb\",\"itemListElement\":[{\"@type\":\"ListItem\",\"position\":1,\"name\":\"Home\",\"item\":\"https:\/\/legitgrams.com\/\"},{\"@type\":\"ListItem\",\"position\":2,\"name\":\"Shop\",\"item\":\"https:\/\/legitgrams.com\/shop\/\"},{\"@type\":\"ListItem\",\"position\":3,\"name\":\"Buy Fentanyl Tablets Online\"}]},{\"@type\":\"WebSite\",\"@id\":\"https:\/\/legitgrams.com\/#website\",\"url\":\"https:\/\/legitgrams.com\/\",\"name\":\"Legit Grams\",\"description\":\"My WordPress Blog\",\"publisher\":{\"@id\":\"https:\/\/legitgrams.com\/#organization\"},\"potentialAction\":[{\"@type\":\"SearchAction\",\"target\":{\"@type\":\"EntryPoint\",\"urlTemplate\":\"https:\/\/legitgrams.com\/?s={search_term_string}\"},\"query-input\":{\"@type\":\"PropertyValueSpecification\",\"valueRequired\":true,\"valueName\":\"search_term_string\"}}],\"inLanguage\":\"hu\"},{\"@type\":\"Organization\",\"@id\":\"https:\/\/legitgrams.com\/#organization\",\"name\":\"Legit Grams\",\"url\":\"https:\/\/legitgrams.com\/\",\"logo\":{\"@type\":\"ImageObject\",\"inLanguage\":\"hu\",\"@id\":\"https:\/\/legitgrams.com\/#\/schema\/logo\/image\/\",\"url\":\"https:\/\/legitgrams.com\/wp-content\/uploads\/2024\/09\/main-logo.png\",\"contentUrl\":\"https:\/\/legitgrams.com\/wp-content\/uploads\/2024\/09\/main-logo.png\",\"width\":270,\"height\":75,\"caption\":\"Legit Grams\"},\"image\":{\"@id\":\"https:\/\/legitgrams.com\/#\/schema\/logo\/image\/\"}}]}<\/script>\n<!-- \/ Yoast SEO plugin. -->","yoast_head_json":{"title":"Fentanyl tabletta elad\u00f3 - Fentanyl tabletta online rendel\u00e9se | LG","description":"Get Fentanyl tabletta elad\u00f3 az egyik legjobb online \u00e1ruh\u00e1zak Legitgrams. Seg\u00edt\u00fcnk v\u00e1s\u00e1rolni Fentanyl tabletta online kiv\u00e1l\u00f3 min\u0151s\u00e9g\u0171. Ne k\u00e9slekedjen a rendel\u00e9ssel \u00e9s haszn\u00e1lja ki a leg\u00fajabb kedvezm\u00e9nyeket!","robots":{"index":"index","follow":"follow","max-snippet":"max-snippet:-1","max-image-preview":"max-image-preview:large","max-video-preview":"max-video-preview:-1"},"canonical":"https:\/\/legitgrams.com\/hu\/termek\/fentanil-tablettak\/","og_locale":"hu_HU","og_type":"article","og_title":"Fentanyl Tablets for Sale - Order Fentanyl Tablets Online | LG","og_description":"Get Fentanyl Tablets for sale at one of the best online stores Legitgrams. We will help you buy Fentanyl Tablets online of high quality. Don't delay to place your order and take advantage of the newest discounts!","og_url":"https:\/\/legitgrams.com\/hu\/termek\/fentanil-tablettak\/","og_site_name":"Legit Grams","article_modified_time":"2026-01-31T19:22:53+00:00","og_image":[{"width":600,"height":600,"url":"https:\/\/legitgrams.com\/wp-content\/uploads\/2024\/09\/buy-fentanyl-tablets-online-1.jpg","type":"image\/jpeg"}],"twitter_card":"summary_large_image","twitter_misc":{"Becs\u00fclt olvas\u00e1si id\u0151":"1 perc"},"schema":{"@context":"https:\/\/schema.org","@graph":[{"@type":"WebPage","@id":"https:\/\/legitgrams.com\/product\/fentanyl-tablets\/","url":"https:\/\/legitgrams.com\/product\/fentanyl-tablets\/","name":"Fentanyl tabletta elad\u00f3 - Fentanyl tabletta online rendel\u00e9se | LG","isPartOf":{"@id":"https:\/\/legitgrams.com\/#website"},"primaryImageOfPage":{"@id":"https:\/\/legitgrams.com\/product\/fentanyl-tablets\/#primaryimage"},"image":{"@id":"https:\/\/legitgrams.com\/product\/fentanyl-tablets\/#primaryimage"},"thumbnailUrl":"https:\/\/legitgrams.com\/wp-content\/uploads\/2024\/09\/buy-fentanyl-tablets-online-1.jpg","datePublished":"2024-09-22T05:21:42+00:00","dateModified":"2026-01-31T19:22:53+00:00","description":"Get Fentanyl tabletta elad\u00f3 az egyik legjobb online \u00e1ruh\u00e1zak Legitgrams. Seg\u00edt\u00fcnk v\u00e1s\u00e1rolni Fentanyl tabletta online kiv\u00e1l\u00f3 min\u0151s\u00e9g\u0171. Ne k\u00e9slekedjen a rendel\u00e9ssel \u00e9s haszn\u00e1lja ki a leg\u00fajabb kedvezm\u00e9nyeket!","breadcrumb":{"@id":"https:\/\/legitgrams.com\/product\/fentanyl-tablets\/#breadcrumb"},"inLanguage":"hu","potentialAction":[{"@type":"ReadAction","target":["https:\/\/legitgrams.com\/product\/fentanyl-tablets\/"]}]},{"@type":"ImageObject","inLanguage":"hu","@id":"https:\/\/legitgrams.com\/product\/fentanyl-tablets\/#primaryimage","url":"https:\/\/legitgrams.com\/wp-content\/uploads\/2024\/09\/buy-fentanyl-tablets-online-1.jpg","contentUrl":"https:\/\/legitgrams.com\/wp-content\/uploads\/2024\/09\/buy-fentanyl-tablets-online-1.jpg","width":600,"height":600,"caption":"Fentanyl Tablets for Sale"},{"@type":"BreadcrumbList","@id":"https:\/\/legitgrams.com\/product\/fentanyl-tablets\/#breadcrumb","itemListElement":[{"@type":"ListItem","position":1,"name":"Home","item":"https:\/\/legitgrams.com\/"},{"@type":"ListItem","position":2,"name":"Shop","item":"https:\/\/legitgrams.com\/shop\/"},{"@type":"ListItem","position":3,"name":"Buy Fentanyl Tablets Online"}]},{"@type":"WebSite","@id":"https:\/\/legitgrams.com\/#website","url":"https:\/\/legitgrams.com\/","name":"Legit Grams","description":"Az \u00e9n WordPress blogom","publisher":{"@id":"https:\/\/legitgrams.com\/#organization"},"potentialAction":[{"@type":"SearchAction","target":{"@type":"EntryPoint","urlTemplate":"https:\/\/legitgrams.com\/?s={search_term_string}"},"query-input":{"@type":"PropertyValueSpecification","valueRequired":true,"valueName":"search_term_string"}}],"inLanguage":"hu"},{"@type":"Organization","@id":"https:\/\/legitgrams.com\/#organization","name":"Legit Grams","url":"https:\/\/legitgrams.com\/","logo":{"@type":"ImageObject","inLanguage":"hu","@id":"https:\/\/legitgrams.com\/#\/schema\/logo\/image\/","url":"https:\/\/legitgrams.com\/wp-content\/uploads\/2024\/09\/main-logo.png","contentUrl":"https:\/\/legitgrams.com\/wp-content\/uploads\/2024\/09\/main-logo.png","width":270,"height":75,"caption":"Legit Grams"},"image":{"@id":"https:\/\/legitgrams.com\/#\/schema\/logo\/image\/"}}]}},"uagb_featured_image_src":{"full":["https:\/\/legitgrams.com\/wp-content\/uploads\/2024\/09\/buy-fentanyl-tablets-online-1.jpg",600,600,false],"thumbnail":["https:\/\/legitgrams.com\/wp-content\/uploads\/2024\/09\/buy-fentanyl-tablets-online-1-150x150.jpg",150,150,true],"medium":["https:\/\/legitgrams.com\/wp-content\/uploads\/2024\/09\/buy-fentanyl-tablets-online-1-300x300.jpg",300,300,true],"medium_large":["https:\/\/legitgrams.com\/wp-content\/uploads\/2024\/09\/buy-fentanyl-tablets-online-1.jpg",600,600,false],"large":["https:\/\/legitgrams.com\/wp-content\/uploads\/2024\/09\/buy-fentanyl-tablets-online-1.jpg",600,600,false],"1536x1536":["https:\/\/legitgrams.com\/wp-content\/uploads\/2024\/09\/buy-fentanyl-tablets-online-1.jpg",600,600,false],"2048x2048":["https:\/\/legitgrams.com\/wp-content\/uploads\/2024\/09\/buy-fentanyl-tablets-online-1.jpg",600,600,false],"trp-custom-language-flag":["https:\/\/legitgrams.com\/wp-content\/uploads\/2024\/09\/buy-fentanyl-tablets-online-1-12x12.jpg",12,12,true],"woocommerce_thumbnail":["https:\/\/legitgrams.com\/wp-content\/uploads\/2024\/09\/buy-fentanyl-tablets-online-1-300x300.jpg",300,300,true],"woocommerce_single":["https:\/\/legitgrams.com\/wp-content\/uploads\/2024\/09\/buy-fentanyl-tablets-online-1.jpg",600,600,false],"woocommerce_gallery_thumbnail":["https:\/\/legitgrams.com\/wp-content\/uploads\/2024\/09\/buy-fentanyl-tablets-online-1-100x100.jpg",100,100,true]},"uagb_author_info":{"display_name":"cokeblog18","author_link":"https:\/\/legitgrams.com\/hu\/author\/"},"uagb_comment_info":4,"uagb_excerpt":"Purchase fentanyl pills online. The purpose of fentanyl is to reduce discomfort. The Fentanyl Mechanism: Fentanyl reduces a person&#8217;s ability to perceive and respond to pain. LegitGrams How fentanyl should be used: Before taking this medication with other strong painkillers, speak with your doctor. Drink lots of decaffeinated beverages unless your doctor tells you to&hellip;","_links":{"self":[{"href":"https:\/\/legitgrams.com\/hu\/wp-json\/wp\/v2\/product\/4206","targetHints":{"allow":["GET"]}}],"collection":[{"href":"https:\/\/legitgrams.com\/hu\/wp-json\/wp\/v2\/product"}],"about":[{"href":"https:\/\/legitgrams.com\/hu\/wp-json\/wp\/v2\/types\/product"}],"replies":[{"embeddable":true,"href":"https:\/\/legitgrams.com\/hu\/wp-json\/wp\/v2\/comments?post=4206"}],"wp:featuredmedia":[{"embeddable":true,"href":"https:\/\/legitgrams.com\/hu\/wp-json\/wp\/v2\/media\/5210"}],"wp:attachment":[{"href":"https:\/\/legitgrams.com\/hu\/wp-json\/wp\/v2\/media?parent=4206"}],"wp:term":[{"taxonomy":"product_brand","embeddable":true,"href":"https:\/\/legitgrams.com\/hu\/wp-json\/wp\/v2\/product_brand?post=4206"},{"taxonomy":"product_cat","embeddable":true,"href":"https:\/\/legitgrams.com\/hu\/wp-json\/wp\/v2\/product_cat?post=4206"},{"taxonomy":"product_tag","embeddable":true,"href":"https:\/\/legitgrams.com\/hu\/wp-json\/wp\/v2\/product_tag?post=4206"}],"curies":[{"name":"wp","href":"https:\/\/api.w.org\/{rel}","templated":true}]}}