{"id":4211,"date":"2024-09-22T05:22:44","date_gmt":"2024-09-22T05:22:44","guid":{"rendered":"https:\/\/legitgrams.com\/?post_type=product&#038;p=4211"},"modified":"2025-04-03T12:30:56","modified_gmt":"2025-04-03T12:30:56","slug":"al-lad-blotters","status":"publish","type":"product","link":"https:\/\/legitgrams.com\/hu\/termek\/al-lad-blotters\/","title":{"rendered":"V\u00e1s\u00e1roljon AL Lad Blottereket online"},"content":{"rendered":"<h2>Olcs\u00f3 Al Ld blotterek elad\u00f3k<\/h2>\n<p>Kap 150 mcg pr\u00e9miumot <a href=\"https:\/\/legitgrams.com\/hu\/termek\/al-lad-blotters\/\">AL-LAD blotterek<\/a> online akci\u00f3s \u00e1ron.<\/p>\n<h3>AL-LAD: Mi ez?<\/h3>\n<p>6-allil-6-norLSD, m\u00e1s n\u00e9ven <a href=\"https:\/\/en.wikipedia.org\/wiki\/AL-LAD\">AL-LAD<\/a>, egy pszichedelikus gy\u00f3gyszer, amely hasonl\u00f3 a lizergsav-dietilamidhoz (LSD). Amikor el\u0151sz\u00f6r 1976-ban szintetiz\u00e1lt\u00e1k, az \u201e\u00faj pszichoakt\u00edv anyagok\u201d \u00e9s a \u201ekutat\u00e1si vegyi anyagok\u201d piacain gy\u00f3gy\u00edrk\u00e9nt kedvelt. <a href=\"https:\/\/www.bing.com\/search?q=VsroljonALLadBlottereketonline&amp;qs=n&amp;form=QBRE&amp;sp=-1&amp;lq=0&amp;pq=vsroljonalladblottereketonline&amp;sc=0-36&amp;sk=&amp;cvid=9833D2535EDF4FDBBDE7B7FF9BCA7B72&amp;ghsh=0&amp;ghacc=0&amp;ghpl=\">AL-LAD<\/a> egy pszichoakt\u00edv \u201etripet\u201d hoz l\u00e9tre, amely felt\u0171n\u0151en hasonl\u00edt az LSD-\u00e9lm\u00e9nyhez.<\/p>\n<p>Az AL-LAD az Egyes\u00fclt Kir\u00e1lys\u00e1gban \u00e9s \u00cdrorsz\u00e1gban v\u00e1lt n\u00e9pszer\u0171v\u00e9 a szabadid\u0151s felhaszn\u00e1l\u00e1s ter\u00e9n. Alexander Shulgin 1997-es TIHKAL (Triptaminok, amelyeket ismertem \u00e9s szerettem) c\u00edm\u0171 k\u00f6nyv\u00e9ben hivatkozott r\u00e1. K\u00f6vetkez\u00e9sk\u00e9ppen a gy\u00f3gyszer h\u00edrneve nemzetk\u00f6zi szinten b\u0151v\u00fclt. Napjainkban vil\u00e1gszerte, \u00edgy az Egyes\u00fclt \u00c1llamokban is k\u00eds\u00e9rleteznek a gy\u00f3gyszerrel.<\/p>\n<p>Nem vil\u00e1gos, hogy pontosan mi <a href=\"https:\/\/www.google.com\/search?q=Buy+AL+Lad+Blotters+Online&amp;num=10&amp;sca_esv=1a2a07081c7891bb&amp;rlz=1C1RXQR_enIN1098IN1098&amp;sxsrf=AHTn8zrQ09rbT77U3-bBTxxLn2TehM5CkA%3A1741410493205&amp;ei=vdDLZ7KSDKadseMPzIXs4AI&amp;ved=0ahUKEwjy5OvO2_mLAxWmTmwGHcwCGywQ4dUDCBI&amp;uact=5&amp;oq=Buy+AL+Lad+Blotters+Online&amp;gs_lp=Egxnd3Mtd2l6LXNlcnAiGkJ1eSBBTCBMYWQgQmxvdHRlcnMgT25saW5lMgUQIRigATIFECEYoAEyBRAhGKABSLoHUJQDWJQDcAJ4AJABAJgBwwGgAcMBqgEDMC4xuAEDyAEA-AEC-AEBmAIDoALVAcICDhAAGIAEGLADGIYDGIoFmAMAiAYBkAYBkgcFMi4wLjGgB-0C&amp;sclient=gws-wiz-serp\">AL-LAD\u2019s<\/a> jogi \u00e1llapota az. Az Egyes\u00fclt \u00c1llamok sz\u00f6vets\u00e9gi korm\u00e1nya nem k\u00edv\u00e1nja szab\u00e1lyozni. Mivel azonban ez az LSD anal\u00f3gja, a Sz\u00f6vets\u00e9gi anal\u00f3g t\u00f6rv\u00e9ny \u00e9rtelm\u00e9ben b\u00fcntet\u0151elj\u00e1r\u00e1s indulhat ellene, ha eladja, vagy azzal a sz\u00e1nd\u00e9kkal viszi fel, hogy m\u00e1sokon haszn\u00e1lja fel. <a href=\"https:\/\/legitgrams.com\/hu\/\">LegitGrams<\/a><\/p>\n<p>Az AL-LAD \u00e9lm\u00e9nyek a legt\u00f6bb szempontb\u00f3l hasonl\u00f3ak az LSD-utakhoz. A felhaszn\u00e1l\u00f3k gyakran haszn\u00e1lnak itat\u00f3s lapokat a gy\u00f3gyszer sz\u00e1jon \u00e1t t\u00f6rt\u00e9n\u0151 bev\u00e9tel\u00e9hez. Ennek eredm\u00e9nyek\u00e9nt a hat\u00e1sok gyakran 20-60 perccel a fogyaszt\u00e1s ut\u00e1n jelentkeznek. A felhaszn\u00e1l\u00f3k a k\u00f6vetkez\u0151ket tapasztalj\u00e1k:<\/p>\n<p>Fokozott vitalit\u00e1s vagy izgalom, felvillanyoz\u00e1s, bizserg\u00e9s vagy zsibbad\u00e1s a v\u00e9gtagokban, fokozott \u00e9bers\u00e9g \u00e9s vizu\u00e1lis torz\u00edt\u00e1sok ill\u00fazi\u00f3i.<\/p>\n<p>The use of <a href=\"https:\/\/duckduckgo.com\/?q=Vsroljon+AL+Lad+Blottereket+online&amp;t=h_&amp;ia=web\">AL-LAD<\/a> a k\u00f6vetkez\u0151 k\u00e1ros hat\u00e1sokat okozhatja: k\u00e9ptelens\u00e9g \u00f6sszpontos\u00edtani vagy tiszt\u00e1n gondolkodni, fokozott pulzussz\u00e1m testh\u0151m\u00e9rs\u00e9klet-v\u00e1ltoz\u00e1sok h\u00e1ny\u00e1sban negat\u00edv gondolati mint\u00e1k \u00e9s ill\u00fazi\u00f3k \u00e9rsz\u0171k\u00fclet vagy az erek \u00f6sszeh\u00faz\u00f3d\u00e1sa g\u00f6rcsrohamok<\/p>\n<p>Az LSD a legt\u00f6bbet kutatott pszichedelikus szerek k\u00f6z\u00e9 tartozik. Ennek ellen\u00e9re az AL-LAD-ot nem sok alapos tudom\u00e1nyos vizsg\u00e1lat t\u00e1rgya, annak ellen\u00e9re, hogy \u201ekutat\u00e1si gy\u00f3gyszerk\u00e9nt\u201d emlegetik. Ez arra utal, hogy a r\u00f6vid t\u00e1v\u00fa hat\u00e1sok list\u00e1ja nem lehet \u00e1tfog\u00f3. S\u0151t, a gy\u00f3gyszer hossz\u00fa t\u00e1v\u00fa k\u00f6vetkezm\u00e9nyeir\u0151l kev\u00e9s vagy egy\u00e1ltal\u00e1n nem k\u00e9sz\u00fclt tanulm\u00e1ny.<\/p>\n<p>A hallucinog\u00e9nnel val\u00f3 vissza\u00e9l\u00e9s huzamosabb ideig sz\u00e1mos k\u00e1ros mell\u00e9khat\u00e1ssal j\u00e1rhat. A hallucinog\u00e9n perzisztens \u00e9szlel\u00e9si zavar (HPPD) olyan \u00e1llapot, amely l\u00e1t\u00e1si torzul\u00e1sok vagy hallucin\u00e1ci\u00f3k hirtelen felvillan\u00e1s\u00e1t okozza. Kimutatt\u00e1k, hogy a hallucinog\u00e9nt haszn\u00e1l\u00f3k nagy sz\u00e1ma, k\u00f6zt\u00fck azok is, akik DMT-t, LSD-t \u00e9s gomb\u00e1t szedtek, tapasztalj\u00e1k ezt a kr\u00f3nikus betegs\u00e9get.<\/p>\n<h3>Szerezzen megfizethet\u0151, kiv\u00e1l\u00f3 min\u0151s\u00e9g\u0171 AL-LAD blottereket online<\/h3>\n<p>V\u00e1s\u00e1roljon pr\u00e9mium AL-LAD blottereket online kedvezm\u00e9nnyel \u2013 V\u00e1s\u00e1roljon megfizethet\u0151 blottereket, Pr\u00e9mium AL-LAD blottereket, Online AL-LAD blottereket, Hol v\u00e1s\u00e1rolhatok kiv\u00e1l\u00f3 min\u0151s\u00e9g\u0171 AL-LAD blottereket? Hol tal\u00e1lok olcs\u00f3n elad\u00f3 AL-LAD blottereket? Hol v\u00e1s\u00e1rolhatok online kiv\u00e1l\u00f3 min\u0151s\u00e9g\u0171 AL-LAD blottereket? Sz\u00e1ll\u00edt\u00f3k, biztons\u00e1gos sz\u00e1ll\u00edt\u00e1s \u00e9s kedvez\u0151 \u00e1r\u00fa, pr\u00e9mium AL-LAD blotterek elad\u00f3k az USA-ban, Kanad\u00e1ban \u00e9s az Egyes\u00fclt Kir\u00e1lys\u00e1gban. Leg\u00e1lis min\u0151s\u00e9gi AL-LAD blottereket olcs\u00f3n v\u00e1s\u00e1rolni az Egyes\u00fclt \u00c1llamokban? Hogyan v\u00e1s\u00e1rolhatok olcs\u00f3n min\u0151s\u00e9gi AL-LAD blottereket? Kanad\u00e1ban szabad ezeket megv\u00e1s\u00e1rolni?<\/p>","protected":false},"excerpt":{"rendered":"<p>Cheap Al Ld Blotters for Sale Get 150mcg of premium AL-LAD blotters online at a discounted price. AL-LAD: What Is It? 6-allyl-6-norLSD, also known as AL-LAD, is a psychedelic drug that is similar to lysergic acid diethylamide (LSD). When it was first synthesized in 1976, it gained favor as a remedy in the markets for &hellip;<\/p>\n<p class=\"read-more\"> <a class=\"\" href=\"https:\/\/legitgrams.com\/hu\/termek\/al-lad-blotters\/\"> <span class=\"screen-reader-text\">V\u00e1s\u00e1roljon AL Lad Blottereket online<\/span> Olvass tov\u00e1bb \"<\/a><\/p>","protected":false},"featured_media":5186,"comment_status":"open","ping_status":"closed","template":"","meta":{"_uag_custom_page_level_css":"","site-sidebar-layout":"default","site-content-layout":"default","ast-global-header-display":"","ast-main-header-display":"","ast-hfb-above-header-display":"","ast-hfb-below-header-display":"","ast-hfb-mobile-header-display":"","site-post-title":"","ast-breadcrumbs-content":"","ast-featured-img":"","footer-sml-layout":"","theme-transparent-header-meta":"default","adv-header-id-meta":"","stick-header-meta":"default","header-above-stick-meta":"","header-main-stick-meta":"","header-below-stick-meta":"","_joinchat":[]},"product_brand":[],"product_cat":[595],"product_tag":[2214,2218,2217,2225,2216,2228,2235,2236,2234,2226,2231,2233,2223,617,2215,2230,2227,2222,2220,2232,2229,625,2221,2224,2219],"class_list":{"0":"post-4211","1":"product","2":"type-product","3":"status-publish","4":"has-post-thumbnail","6":"product_cat-psychedelic-drugs","7":"product_tag-al-lad-blotters","8":"product_tag-al-lad-blotters-al-lad-blotters-supplier","9":"product_tag-al-lad-blotters-for-sale","10":"product_tag-al-lad-blotters-legally","11":"product_tag-al-lad-blotters-online","12":"product_tag-al-lad-blotters-store","13":"product_tag-al-lad-blotters-use","14":"product_tag-al-lad-blotters-wiki","15":"product_tag-al-lad-blotters-worldwide","16":"product_tag-al-lad-blottersprice","17":"product_tag-al-lad-blotterss","18":"product_tag-best-cheap-price-al-lad-blotters","19":"product_tag-best-place-to-buy-al-lad-blotters","20":"product_tag-bulk-online","21":"product_tag-buy-al-lad-blotters","22":"product_tag-cheap-al-lad-blotters","23":"product_tag-high-quality-al-lad-blotters","24":"product_tag-how-to-buy-al-lad-blotters","25":"product_tag-order-al-lad-blotters","26":"product_tag-purcharse-al-lad-blotters","27":"product_tag-shop-al-lad-blotters","28":"product_tag-top-quality","29":"product_tag-where-to-buy-al-lad-blotters","30":"product_tag-where-to-order-al-lad-blotters","31":"product_tag-wholesale-al-lad-blotters","32":"desktop-align-left","33":"tablet-align-left","34":"mobile-align-left","35":"ast-product-gallery-layout-horizontal","36":"ast-product-gallery-with-no-image","37":"ast-product-single-variable","38":"ast-product-tabs-layout-horizontal","39":"ast-qv-on-image","41":"first","42":"instock","43":"shipping-taxable","44":"purchasable","45":"product-type-variable"},"yoast_head":"<!-- This site is optimized with the Yoast SEO plugin v25.9 - https:\/\/yoast.com\/wordpress\/plugins\/seo\/ -->\n<title>AL Lad Blotters for Sale - Buy AL Lad Blotters Online | LegitGrams<\/title>\n<meta name=\"description\" content=\"At our LegitGrams online store, we have AL Lad Blotters for sale. You can easily buy AL Lad Blotters online of top quality from us available at the best prices. Order now!\" \/>\n<meta name=\"robots\" content=\"index, follow, max-snippet:-1, max-image-preview:large, max-video-preview:-1\" \/>\n<link rel=\"canonical\" href=\"https:\/\/legitgrams.com\/hu\/termek\/al-lad-blotters\/\" \/>\n<meta property=\"og:locale\" content=\"hu_HU\" \/>\n<meta property=\"og:type\" content=\"article\" \/>\n<meta property=\"og:title\" content=\"AL Lad Blotters for Sale - Buy AL Lad Blotters Online | LegitGrams\" \/>\n<meta property=\"og:description\" content=\"At our LegitGrams online store, we have AL Lad Blotters for sale. You can easily buy AL Lad Blotters online of top quality from us available at the best prices. Order now!\" \/>\n<meta property=\"og:url\" content=\"https:\/\/legitgrams.com\/hu\/termek\/al-lad-blotters\/\" \/>\n<meta property=\"og:site_name\" content=\"Legit Grams\" \/>\n<meta property=\"article:modified_time\" content=\"2025-04-03T12:30:56+00:00\" \/>\n<meta property=\"og:image\" content=\"https:\/\/legitgrams.com\/wp-content\/uploads\/2024\/09\/Buy-Quality-AL-LAD-blotters-Cheap-Online.jpg\" \/>\n\t<meta property=\"og:image:width\" content=\"600\" \/>\n\t<meta property=\"og:image:height\" content=\"600\" \/>\n\t<meta property=\"og:image:type\" content=\"image\/jpeg\" \/>\n<meta name=\"twitter:card\" content=\"summary_large_image\" \/>\n<meta name=\"twitter:label1\" content=\"Becs\u00fclt olvas\u00e1si id\u0151\" \/>\n\t<meta name=\"twitter:data1\" content=\"3 perc\" \/>\n<script type=\"application\/ld+json\" class=\"yoast-schema-graph\">{\"@context\":\"https:\/\/schema.org\",\"@graph\":[{\"@type\":\"WebPage\",\"@id\":\"https:\/\/legitgrams.com\/product\/al-lad-blotters\/\",\"url\":\"https:\/\/legitgrams.com\/product\/al-lad-blotters\/\",\"name\":\"AL Lad Blotters for Sale - Buy AL Lad Blotters Online | LegitGrams\",\"isPartOf\":{\"@id\":\"https:\/\/legitgrams.com\/#website\"},\"primaryImageOfPage\":{\"@id\":\"https:\/\/legitgrams.com\/product\/al-lad-blotters\/#primaryimage\"},\"image\":{\"@id\":\"https:\/\/legitgrams.com\/product\/al-lad-blotters\/#primaryimage\"},\"thumbnailUrl\":\"https:\/\/legitgrams.com\/wp-content\/uploads\/2024\/09\/Buy-Quality-AL-LAD-blotters-Cheap-Online.jpg\",\"datePublished\":\"2024-09-22T05:22:44+00:00\",\"dateModified\":\"2025-04-03T12:30:56+00:00\",\"description\":\"At our LegitGrams online store, we have AL Lad Blotters for sale. You can easily buy AL Lad Blotters online of top quality from us available at the best prices. Order now!\",\"breadcrumb\":{\"@id\":\"https:\/\/legitgrams.com\/product\/al-lad-blotters\/#breadcrumb\"},\"inLanguage\":\"hu\",\"potentialAction\":[{\"@type\":\"ReadAction\",\"target\":[\"https:\/\/legitgrams.com\/product\/al-lad-blotters\/\"]}]},{\"@type\":\"ImageObject\",\"inLanguage\":\"hu\",\"@id\":\"https:\/\/legitgrams.com\/product\/al-lad-blotters\/#primaryimage\",\"url\":\"https:\/\/legitgrams.com\/wp-content\/uploads\/2024\/09\/Buy-Quality-AL-LAD-blotters-Cheap-Online.jpg\",\"contentUrl\":\"https:\/\/legitgrams.com\/wp-content\/uploads\/2024\/09\/Buy-Quality-AL-LAD-blotters-Cheap-Online.jpg\",\"width\":600,\"height\":600,\"caption\":\"Al Ld Blotters Cheap for Sale\"},{\"@type\":\"BreadcrumbList\",\"@id\":\"https:\/\/legitgrams.com\/product\/al-lad-blotters\/#breadcrumb\",\"itemListElement\":[{\"@type\":\"ListItem\",\"position\":1,\"name\":\"Home\",\"item\":\"https:\/\/legitgrams.com\/\"},{\"@type\":\"ListItem\",\"position\":2,\"name\":\"Shop\",\"item\":\"https:\/\/legitgrams.com\/shop\/\"},{\"@type\":\"ListItem\",\"position\":3,\"name\":\"Buy AL Lad Blotters Online\"}]},{\"@type\":\"WebSite\",\"@id\":\"https:\/\/legitgrams.com\/#website\",\"url\":\"https:\/\/legitgrams.com\/\",\"name\":\"Legit Grams\",\"description\":\"My WordPress Blog\",\"publisher\":{\"@id\":\"https:\/\/legitgrams.com\/#organization\"},\"potentialAction\":[{\"@type\":\"SearchAction\",\"target\":{\"@type\":\"EntryPoint\",\"urlTemplate\":\"https:\/\/legitgrams.com\/?s={search_term_string}\"},\"query-input\":{\"@type\":\"PropertyValueSpecification\",\"valueRequired\":true,\"valueName\":\"search_term_string\"}}],\"inLanguage\":\"hu\"},{\"@type\":\"Organization\",\"@id\":\"https:\/\/legitgrams.com\/#organization\",\"name\":\"Legit Grams\",\"url\":\"https:\/\/legitgrams.com\/\",\"logo\":{\"@type\":\"ImageObject\",\"inLanguage\":\"hu\",\"@id\":\"https:\/\/legitgrams.com\/#\/schema\/logo\/image\/\",\"url\":\"https:\/\/legitgrams.com\/wp-content\/uploads\/2024\/09\/main-logo.png\",\"contentUrl\":\"https:\/\/legitgrams.com\/wp-content\/uploads\/2024\/09\/main-logo.png\",\"width\":270,\"height\":75,\"caption\":\"Legit Grams\"},\"image\":{\"@id\":\"https:\/\/legitgrams.com\/#\/schema\/logo\/image\/\"}}]}<\/script>\n<!-- \/ Yoast SEO plugin. -->","yoast_head_json":{"title":"AL Lad Blotters elad\u00f3 - AL Lad Blotters online v\u00e1s\u00e1rl\u00e1s | LegitGrams","description":"LegitGrams online \u00e1ruh\u00e1zunkban AL Lad Blotters elad\u00f3. K\u00f6nnyed\u00e9n v\u00e1s\u00e1rolhat AL Lad Blotters online kiv\u00e1l\u00f3 min\u0151s\u00e9g\u0171 t\u0151l\u00fcnk el\u00e9rhet\u0151 a legjobb \u00e1ron. Rendelje meg most!","robots":{"index":"index","follow":"follow","max-snippet":"max-snippet:-1","max-image-preview":"max-image-preview:large","max-video-preview":"max-video-preview:-1"},"canonical":"https:\/\/legitgrams.com\/hu\/termek\/al-lad-blotters\/","og_locale":"hu_HU","og_type":"article","og_title":"AL Lad Blotters for Sale - Buy AL Lad Blotters Online | LegitGrams","og_description":"At our LegitGrams online store, we have AL Lad Blotters for sale. You can easily buy AL Lad Blotters online of top quality from us available at the best prices. Order now!","og_url":"https:\/\/legitgrams.com\/hu\/termek\/al-lad-blotters\/","og_site_name":"Legit Grams","article_modified_time":"2025-04-03T12:30:56+00:00","og_image":[{"width":600,"height":600,"url":"https:\/\/legitgrams.com\/wp-content\/uploads\/2024\/09\/Buy-Quality-AL-LAD-blotters-Cheap-Online.jpg","type":"image\/jpeg"}],"twitter_card":"summary_large_image","twitter_misc":{"Becs\u00fclt olvas\u00e1si id\u0151":"3 perc"},"schema":{"@context":"https:\/\/schema.org","@graph":[{"@type":"WebPage","@id":"https:\/\/legitgrams.com\/product\/al-lad-blotters\/","url":"https:\/\/legitgrams.com\/product\/al-lad-blotters\/","name":"AL Lad Blotters elad\u00f3 - AL Lad Blotters online v\u00e1s\u00e1rl\u00e1s | LegitGrams","isPartOf":{"@id":"https:\/\/legitgrams.com\/#website"},"primaryImageOfPage":{"@id":"https:\/\/legitgrams.com\/product\/al-lad-blotters\/#primaryimage"},"image":{"@id":"https:\/\/legitgrams.com\/product\/al-lad-blotters\/#primaryimage"},"thumbnailUrl":"https:\/\/legitgrams.com\/wp-content\/uploads\/2024\/09\/Buy-Quality-AL-LAD-blotters-Cheap-Online.jpg","datePublished":"2024-09-22T05:22:44+00:00","dateModified":"2025-04-03T12:30:56+00:00","description":"LegitGrams online \u00e1ruh\u00e1zunkban AL Lad Blotters elad\u00f3. K\u00f6nnyed\u00e9n v\u00e1s\u00e1rolhat AL Lad Blotters online kiv\u00e1l\u00f3 min\u0151s\u00e9g\u0171 t\u0151l\u00fcnk el\u00e9rhet\u0151 a legjobb \u00e1ron. Rendelje meg most!","breadcrumb":{"@id":"https:\/\/legitgrams.com\/product\/al-lad-blotters\/#breadcrumb"},"inLanguage":"hu","potentialAction":[{"@type":"ReadAction","target":["https:\/\/legitgrams.com\/product\/al-lad-blotters\/"]}]},{"@type":"ImageObject","inLanguage":"hu","@id":"https:\/\/legitgrams.com\/product\/al-lad-blotters\/#primaryimage","url":"https:\/\/legitgrams.com\/wp-content\/uploads\/2024\/09\/Buy-Quality-AL-LAD-blotters-Cheap-Online.jpg","contentUrl":"https:\/\/legitgrams.com\/wp-content\/uploads\/2024\/09\/Buy-Quality-AL-LAD-blotters-Cheap-Online.jpg","width":600,"height":600,"caption":"Al Ld Blotters Cheap for Sale"},{"@type":"BreadcrumbList","@id":"https:\/\/legitgrams.com\/product\/al-lad-blotters\/#breadcrumb","itemListElement":[{"@type":"ListItem","position":1,"name":"Home","item":"https:\/\/legitgrams.com\/"},{"@type":"ListItem","position":2,"name":"Shop","item":"https:\/\/legitgrams.com\/shop\/"},{"@type":"ListItem","position":3,"name":"Buy AL Lad Blotters Online"}]},{"@type":"WebSite","@id":"https:\/\/legitgrams.com\/#website","url":"https:\/\/legitgrams.com\/","name":"Legit Grams","description":"Az \u00e9n WordPress blogom","publisher":{"@id":"https:\/\/legitgrams.com\/#organization"},"potentialAction":[{"@type":"SearchAction","target":{"@type":"EntryPoint","urlTemplate":"https:\/\/legitgrams.com\/?s={search_term_string}"},"query-input":{"@type":"PropertyValueSpecification","valueRequired":true,"valueName":"search_term_string"}}],"inLanguage":"hu"},{"@type":"Organization","@id":"https:\/\/legitgrams.com\/#organization","name":"Legit Grams","url":"https:\/\/legitgrams.com\/","logo":{"@type":"ImageObject","inLanguage":"hu","@id":"https:\/\/legitgrams.com\/#\/schema\/logo\/image\/","url":"https:\/\/legitgrams.com\/wp-content\/uploads\/2024\/09\/main-logo.png","contentUrl":"https:\/\/legitgrams.com\/wp-content\/uploads\/2024\/09\/main-logo.png","width":270,"height":75,"caption":"Legit Grams"},"image":{"@id":"https:\/\/legitgrams.com\/#\/schema\/logo\/image\/"}}]}},"uagb_featured_image_src":{"full":["https:\/\/legitgrams.com\/wp-content\/uploads\/2024\/09\/Buy-Quality-AL-LAD-blotters-Cheap-Online.jpg",600,600,false],"thumbnail":["https:\/\/legitgrams.com\/wp-content\/uploads\/2024\/09\/Buy-Quality-AL-LAD-blotters-Cheap-Online-150x150.jpg",150,150,true],"medium":["https:\/\/legitgrams.com\/wp-content\/uploads\/2024\/09\/Buy-Quality-AL-LAD-blotters-Cheap-Online-300x300.jpg",300,300,true],"medium_large":["https:\/\/legitgrams.com\/wp-content\/uploads\/2024\/09\/Buy-Quality-AL-LAD-blotters-Cheap-Online.jpg",600,600,false],"large":["https:\/\/legitgrams.com\/wp-content\/uploads\/2024\/09\/Buy-Quality-AL-LAD-blotters-Cheap-Online.jpg",600,600,false],"1536x1536":["https:\/\/legitgrams.com\/wp-content\/uploads\/2024\/09\/Buy-Quality-AL-LAD-blotters-Cheap-Online.jpg",600,600,false],"2048x2048":["https:\/\/legitgrams.com\/wp-content\/uploads\/2024\/09\/Buy-Quality-AL-LAD-blotters-Cheap-Online.jpg",600,600,false],"trp-custom-language-flag":["https:\/\/legitgrams.com\/wp-content\/uploads\/2024\/09\/Buy-Quality-AL-LAD-blotters-Cheap-Online-12x12.jpg",12,12,true],"woocommerce_thumbnail":["https:\/\/legitgrams.com\/wp-content\/uploads\/2024\/09\/Buy-Quality-AL-LAD-blotters-Cheap-Online-300x300.jpg",300,300,true],"woocommerce_single":["https:\/\/legitgrams.com\/wp-content\/uploads\/2024\/09\/Buy-Quality-AL-LAD-blotters-Cheap-Online.jpg",600,600,false],"woocommerce_gallery_thumbnail":["https:\/\/legitgrams.com\/wp-content\/uploads\/2024\/09\/Buy-Quality-AL-LAD-blotters-Cheap-Online-100x100.jpg",100,100,true]},"uagb_author_info":{"display_name":"cokeblog18","author_link":"https:\/\/legitgrams.com\/hu\/author\/"},"uagb_comment_info":0,"uagb_excerpt":"Cheap Al Ld Blotters for Sale Get 150mcg of premium AL-LAD blotters online at a discounted price. AL-LAD: What Is It? 6-allyl-6-norLSD, also known as AL-LAD, is a psychedelic drug that is similar to lysergic acid diethylamide (LSD). When it was first synthesized in 1976, it gained favor as a remedy in the markets for&hellip;","_links":{"self":[{"href":"https:\/\/legitgrams.com\/hu\/wp-json\/wp\/v2\/product\/4211","targetHints":{"allow":["GET"]}}],"collection":[{"href":"https:\/\/legitgrams.com\/hu\/wp-json\/wp\/v2\/product"}],"about":[{"href":"https:\/\/legitgrams.com\/hu\/wp-json\/wp\/v2\/types\/product"}],"replies":[{"embeddable":true,"href":"https:\/\/legitgrams.com\/hu\/wp-json\/wp\/v2\/comments?post=4211"}],"wp:featuredmedia":[{"embeddable":true,"href":"https:\/\/legitgrams.com\/hu\/wp-json\/wp\/v2\/media\/5186"}],"wp:attachment":[{"href":"https:\/\/legitgrams.com\/hu\/wp-json\/wp\/v2\/media?parent=4211"}],"wp:term":[{"taxonomy":"product_brand","embeddable":true,"href":"https:\/\/legitgrams.com\/hu\/wp-json\/wp\/v2\/product_brand?post=4211"},{"taxonomy":"product_cat","embeddable":true,"href":"https:\/\/legitgrams.com\/hu\/wp-json\/wp\/v2\/product_cat?post=4211"},{"taxonomy":"product_tag","embeddable":true,"href":"https:\/\/legitgrams.com\/hu\/wp-json\/wp\/v2\/product_tag?post=4211"}],"curies":[{"name":"wp","href":"https:\/\/api.w.org\/{rel}","templated":true}]}}